{"id":17474,"date":"2021-12-15T16:03:39","date_gmt":"2021-12-15T16:03:39","guid":{"rendered":"https:\/\/idecesos.com\/seguros\/companias\/caja-laboral\/precio\/"},"modified":"2022-03-10T10:32:12","modified_gmt":"2022-03-10T10:32:12","slug":"precio","status":"publish","type":"page","link":"https:\/\/idecesos.com\/seguros\/companias\/caja-laboral\/precio\/","title":{"rendered":"\u00bfCu\u00e1nto cuesta el seguro de decesos Caja Laboral?"},"content":{"rendered":"<div id=\"ez-toc-container\" class=\"ez-toc-v2_0_82_2 ez-toc-wrap-center counter-hierarchy ez-toc-counter ez-toc-custom ez-toc-container-direction\">\n<div class=\"ez-toc-title-container\">\n<p class=\"ez-toc-title\" style=\"cursor:inherit\">Tabla de Contenido<\/p>\n<span class=\"ez-toc-title-toggle\"><a href=\"#\" class=\"ez-toc-pull-right ez-toc-btn ez-toc-btn-xs ez-toc-btn-default ez-toc-toggle\" aria-label=\"Alternar tabla de contenidos\"><span class=\"ez-toc-js-icon-con\"><span class=\"\"><span class=\"eztoc-hide\" style=\"display:none;\">Toggle<\/span><span class=\"ez-toc-icon-toggle-span\"><svg style=\"fill: #db6415;color:#db6415\" xmlns=\"http:\/\/www.w3.org\/2000\/svg\" class=\"list-377408\" width=\"20px\" height=\"20px\" viewBox=\"0 0 24 24\" fill=\"none\"><path d=\"M6 6H4v2h2V6zm14 0H8v2h12V6zM4 11h2v2H4v-2zm16 0H8v2h12v-2zM4 16h2v2H4v-2zm16 0H8v2h12v-2z\" fill=\"currentColor\"><\/path><\/svg><svg style=\"fill: #db6415;color:#db6415\" class=\"arrow-unsorted-368013\" xmlns=\"http:\/\/www.w3.org\/2000\/svg\" width=\"10px\" height=\"10px\" viewBox=\"0 0 24 24\" version=\"1.2\" baseProfile=\"tiny\"><path d=\"M18.2 9.3l-6.2-6.3-6.2 6.3c-.2.2-.3.4-.3.7s.1.5.3.7c.2.2.4.3.7.3h11c.3 0 .5-.1.7-.3.2-.2.3-.5.3-.7s-.1-.5-.3-.7zM5.8 14.7l6.2 6.3 6.2-6.3c.2-.2.3-.5.3-.7s-.1-.5-.3-.7c-.2-.2-.4-.3-.7-.3h-11c-.3 0-.5.1-.7.3-.2.2-.3.5-.3.7s.1.5.3.7z\"\/><\/svg><\/span><\/span><\/span><\/a><\/span><\/div>\n<nav><ul class='ez-toc-list ez-toc-list-level-1 ' ><li class='ez-toc-page-1 ez-toc-heading-level-2'><a class=\"ez-toc-link ez-toc-heading-1\" href=\"https:\/\/idecesos.com\/seguros\/companias\/caja-laboral\/precio\/#Calcular_precio_seguro_de_decesos_Caja_Laboral\" >Calcular precio seguro de decesos Caja Laboral<\/a><\/li><li class='ez-toc-page-1 ez-toc-heading-level-2'><a class=\"ez-toc-link ez-toc-heading-2\" href=\"https:\/\/idecesos.com\/seguros\/companias\/caja-laboral\/precio\/#Tabla_comparativa_de_precios_Caja_Laboral\" >Tabla comparativa de precios Caja Laboral<\/a><ul class='ez-toc-list-level-3' ><li class='ez-toc-heading-level-3'><a class=\"ez-toc-link ez-toc-heading-3\" href=\"https:\/\/idecesos.com\/seguros\/companias\/caja-laboral\/precio\/#%C2%BFCual_es_la_mejor_tarifa_de_seguros_de_Caja_Laboral\" >\u00bfCu\u00e1l es la mejor tarifa de seguros de Caja Laboral ?<\/a><\/li><li class='ez-toc-page-1 ez-toc-heading-level-3'><a class=\"ez-toc-link ez-toc-heading-4\" href=\"https:\/\/idecesos.com\/seguros\/companias\/caja-laboral\/precio\/#%C2%BFPuede_aumentar_precio_mensual_de_los_seguros_de_Caja_Laboral\" >\u00bfPuede aumentar precio mensual de los seguros de Caja Laboral ?<\/a><\/li><li class='ez-toc-page-1 ez-toc-heading-level-3'><a class=\"ez-toc-link ez-toc-heading-5\" href=\"https:\/\/idecesos.com\/seguros\/companias\/caja-laboral\/precio\/#%C2%BFEl_precio_de_seguros_de_decesos_Caja_Laboral_sube_con_la_edad\" >\u00bfEl precio de seguros de decesos Caja Laboral sube con la edad?<\/a><\/li><li class='ez-toc-page-1 ez-toc-heading-level-3'><a class=\"ez-toc-link ez-toc-heading-6\" href=\"https:\/\/idecesos.com\/seguros\/companias\/caja-laboral\/precio\/#Paginas_relacionadas\" >P\u00e1ginas relacionadas<\/a><\/li><\/ul><\/li><\/ul><\/nav><\/div>\n<p><br \/>\nEn el sector de los seguros de decesos hay muchas aseguradoras, coberturas y precios distintos entre aqu\u00e9llos que poder equiparar. Es importante estar informado de las diferentes compa\u00f1\u00edas y productos antes de decantarse por una. No se preocupe. iDecesos ha trabajado por usted para facilitarle cada uno de los precios y diferentes modalidades de primas que existen en los seguros de decesos para que en cuesti\u00f3n de minutos puede saber cu\u00e1l es el tipo de seguro que necesita y se amolda a sus necesidades.<\/p>\n<div class=\"colorf\"><div class=\"container clearfix\"><div class=\"col-md-7\">\n<h2><span class=\"ez-toc-section\" id=\"Calcular_precio_seguro_de_decesos_Caja_Laboral\"><\/span>Calcular precio seguro de decesos Caja Laboral<span class=\"ez-toc-section-end\"><\/span><\/h2>\n<p>Caja Laboral calcula a su medida y mirando la coyuntura en la que se encuentre la tarifa id\u00f3nea para . Con un proceso personalizado, siguiendo unos pasos muy concretos y de manera exhaustiva, sus profesionales se hacen cargo de ponerlo todo en regla acomod\u00e1ndose a sus necesidades. Es importante adelantarse a lo que pueda acontecer, estando prevenido. Con Caja Laboral podr\u00e1s saber el c\u00e1lcula del precio de tu p\u00f3liza en menos de un minuto. Cuentas con la herramienta m\u00e1s f\u00e1cil que puede existir a d\u00eda de hoy en iDecesos con solo rellenar los datos m\u00e1s esenciales obtendr\u00e1s tu tarifa en cuesti\u00f3n de segundos adem\u00e1s de ello vas a poder visualizar todas las ventajas como el presupuesto que contiene cada una de la p\u00f3liza. Tan veloz y sencillo, nunca lo hab\u00edas tenido tan f\u00e1cil. Adem\u00e1s, no quedas comprometido en nada y vas a poder realizar este proceso las veces que precises completamente sin costo.<br \/>\n<\/div><\/div><\/div><\/p>\n<h2><span class=\"ez-toc-section\" id=\"Tabla_comparativa_de_precios_Caja_Laboral\"><\/span>Tabla comparativa de precios Caja Laboral<span class=\"ez-toc-section-end\"><\/span><\/h2>\n<p><div class=\"cabecera_tabla_precio\"><table class=\"table table-striped\"><thead><tr><th class=\"nosepara centrado\">Tipo<\/th><th class=\"nosepara centrado nojustificado\">Precio Desde<\/th><th class=\"nosepara dcha\"><\/th><\/tr><\/thead><tbody><tr class=\"fila_tabla_precio\"><td class=\"nosepara izq\">Precio Seguro Decesos Caja Laboral<\/td><td class=\"nosepara centro\">1,50 \u20ac\/mes<\/td><td class=\"nosepara derecha\">\t\t\t\t\t\n\t\t\t\t\t\t<span class=\"\" style=\"cursor:pointer\" data-bs-toggle=\"modal\" data-bs-target=\"#comparadorModal\">Calcular<\/span>\t\t\t\t\n\t\t\t\t\t\n\t\t\t\t<\/td><\/tr><\/div><tr class=\"fila_tabla_precio\"><td class=\"nosepara izq\">Precio Prima \u00danica Caja Laboral<\/td><td class=\"nosepara centro\">2325 \u20ac<\/td><td class=\"nosepara derecha\">\t\t\t\t\t\n\t\t\t\t\t\t<span class=\"\" style=\"cursor:pointer\" data-bs-toggle=\"modal\" data-bs-target=\"#comparadorModal\">Calcular<\/span>\t\t\t\t\n\t\t\t\t\t\n\t\t\t\t<\/td><\/tr><\/div><tr class=\"fila_tabla_precio\"><td class=\"nosepara izq\">Precio Prima Natural Caja Laboral<\/td><td class=\"nosepara centro\">1,47 \u20ac\/mes<\/td><td class=\"nosepara derecha\">\t\t\t\t\t\n\t\t\t\t\t\t<span class=\"\" style=\"cursor:pointer\" data-bs-toggle=\"modal\" data-bs-target=\"#comparadorModal\">Calcular<\/span>\t\t\t\t\n\t\t\t\t\t\n\t\t\t\t<\/td><\/tr><\/div><tr class=\"fila_tabla_precio\"><td class=\"nosepara izq\">Precio Prima Nivelada Caja Laboral<\/td><td class=\"nosepara centro\">1,64 \u20ac\/mes<\/td><td class=\"nosepara derecha\">\t\t\t\t\t\n\t\t\t\t\t\t<span class=\"\" style=\"cursor:pointer\" data-bs-toggle=\"modal\" data-bs-target=\"#comparadorModal\">Calcular<\/span>\t\t\t\t\n\t\t\t\t\t\n\t\t\t\t<\/td><\/tr><\/div><tr class=\"fila_tabla_precio\"><td class=\"nosepara izq\">Precio Prima Mixta Caja Laboral<\/td><td class=\"nosepara centro\">1,47 \u20ac\/mes<\/td><td class=\"nosepara derecha\">\t\t\t\t\t\n\t\t\t\t\t\t<span class=\"\" style=\"cursor:pointer\" data-bs-toggle=\"modal\" data-bs-target=\"#comparadorModal\">Calcular<\/span>\t\t\t\t\n\t\t\t\t\t\n\t\t\t\t<\/td><\/tr><\/div><tr class=\"fila_tabla_precio\"><td class=\"nosepara izq\">Precio Prima Seminatural Caja Laboral<\/td><td class=\"nosepara centro\">1,32 \u20ac\/mes<\/td><td class=\"nosepara derecha\">\t\t\t\t\t\n\t\t\t\t\t\t<span class=\"\" style=\"cursor:pointer\" data-bs-toggle=\"modal\" data-bs-target=\"#comparadorModal\">Calcular<\/span>\t\t\t\t\n\t\t\t\t\t\n\t\t\t\t<\/td><\/tr><\/div><tr class=\"fila_tabla_precio\"><td class=\"nosepara izq\">Precio con Repatriaci\u00f3n Caja Laboral<\/td><td class=\"nosepara centro\">0,88 \u20ac a la cuota<\/td><td class=\"nosepara derecha\">\t\t\t\t\t\n\t\t\t\t\t\t<span class=\"\" style=\"cursor:pointer\" data-bs-toggle=\"modal\" data-bs-target=\"#comparadorModal\">Calcular<\/span>\t\t\t\t\n\t\t\t\t\t\n\t\t\t\t<\/td><\/tr><\/div><tr class=\"fila_tabla_precio\"><td class=\"nosepara izq\">Precio Seguro Defunci\u00f3n Caja Laboral<\/td><td class=\"nosepara centro\">1,59 \u20ac\/mes<\/td><td class=\"nosepara derecha\">\t\t\t\t\t\n\t\t\t\t\t\t<span class=\"\" style=\"cursor:pointer\" data-bs-toggle=\"modal\" data-bs-target=\"#comparadorModal\">Calcular<\/span>\t\t\t\t\n\t\t\t\t\t\n\t\t\t\t<\/td><\/tr><\/div><tr class=\"fila_tabla_precio\"><td class=\"nosepara izq\">Precio Seguro Fallecimiento Caja Laboral<\/td><td class=\"nosepara centro\">1,63 \u20ac\/mes<\/td><td class=\"nosepara derecha\">\t\t\t\t\t\n\t\t\t\t\t\t<span class=\"\" style=\"cursor:pointer\" data-bs-toggle=\"modal\" data-bs-target=\"#comparadorModal\">Calcular<\/span>\t\t\t\t\n\t\t\t\t\t\n\t\t\t\t<\/td><\/tr><\/div><tr class=\"fila_tabla_precio\"><td class=\"nosepara izq\">Precio Seguro Muertos Caja Laboral<\/td><td class=\"nosepara centro\">1,62 \u20ac\/mes<\/td><td class=\"nosepara derecha\">\t\t\t\t\t\n\t\t\t\t\t\t<span class=\"\" style=\"cursor:pointer\" data-bs-toggle=\"modal\" data-bs-target=\"#comparadorModal\">Calcular<\/span>\t\t\t\t\n\t\t\t\t\t\n\t\t\t\t<\/td><\/tr><\/div><tr class=\"fila_tabla_precio\"><td class=\"nosepara izq\">Precio Asistencia Familiar Caja Laboral<\/td><td class=\"nosepara centro\">1,52 \u20ac\/mes<\/td><td class=\"nosepara derecha\">\t\t\t\t\t\n\t\t\t\t\t\t<span class=\"\" style=\"cursor:pointer\" data-bs-toggle=\"modal\" data-bs-target=\"#comparadorModal\">Calcular<\/span>\t\t\t\t\n\t\t\t\t\t\n\t\t\t\t<\/td><\/tr><\/div><\/tbody><\/table><\/div><\/p>\n<p>Queremos ayudarte a hallar tu p\u00f3liza perfecta y por este motivo te ponemos a tu disposici\u00f3n todos y cada uno de los detalles de los precios estimados sobre el seguro de decesos de Caja Laboral. No solo asegura el cubrimiento del sepelio, Caja Laboral cuenta con una extensa gamas de coberturas adicionales que te van a ayudar a pasar ese duro instante que es la p\u00e9rdida de un familiar. Gracias a nuestros servicios podr\u00e1 vivir apacible pensado que todo est\u00e1 en buenas manos y que su familia estar\u00e1 asesorada por de las mejores empresas de seguros de decesos. Con este g\u00e9nero de p\u00f3liza tendr\u00e1s un respaldo el resto de su vida y sus seres queridos podr\u00e1n estar apacibles en todo instante ya que nos encargaremos de todo. Caja Laboral tu aseguradora de confianza a fin de que de vida puedas gozar de todos las coberturas que contiene tu seguro, con unas calidades perfectas.<br \/>\n<div class=\"colorf\"><div class=\"container clearfix\"><div class=\"col-md-7\"><\/p>\n<h3><span class=\"ez-toc-section\" id=\"%C2%BFCual_es_la_mejor_tarifa_de_seguros_de_Caja_Laboral\"><\/span>\u00bfCu\u00e1l es la mejor tarifa de seguros de Caja Laboral ?<span class=\"ez-toc-section-end\"><\/span><\/h3>\n<p>Ya lo sabes, gracias al trabajo de iDecesos hallar la mejor tarifa de seguro de decesos de Caja Laboral es sencill\u00edsimo. Los seguros de decesos son de las p\u00f3lizas donde podemos localizar una mayor diversidad de coberturas adicionales puesto que las aseguradoras han buscado la forma de diferenciarse de la competencia.<br \/>\n<\/div><\/div><\/div><\/p>\n<h3><span class=\"ez-toc-section\" id=\"%C2%BFPuede_aumentar_precio_mensual_de_los_seguros_de_Caja_Laboral\"><\/span>\u00bfPuede aumentar precio mensual de los seguros de Caja Laboral ?<span class=\"ez-toc-section-end\"><\/span><\/h3>\n<p>Los diferentes g\u00e9neros de prima de Caja Laboral hacen que tus necesidades est\u00e9n cubiertas y que puedas elegir la que mejor se amolde a ti, en Espa\u00f1a, 9 de cada 10 asegurados de Decesos se han suscrito a un Seguro de Prima Nivelada, por todo ello, a continuaci\u00f3n, le mostramos los diferentes tipos de primas. \u2022 Prima \u00danica: Esta prima cubre el sepelio de las personas que han superado la edad de jubilaci\u00f3n o que tienen una enfermedad grave y solo debe hacer una sola aportaci\u00f3n en el pago. Esta clase de primas acostumbran a ser contratadas por personas mayores que nunca han contratado un seguro. Lo que pague desde su edad de jubilaci\u00f3n se mantendr\u00e1 y no variar\u00e1. Esta prima se identifica por ser incesante aunque puede padecer alguno que otro cambio en sus pagos por la actualizaci\u00f3n de los capitales asegurados.<br \/>\n<strong>\u2022 Prima Natural:<\/strong> El pago esta prima se actualiza anualmente, el c\u00e1lculo del pago de estas p\u00f3lizas se calcula por los a\u00f1os que tiene en ese momento y lo equiparan con el aumento de fallecimiento que pueda tener con el paso de los a\u00f1os, es por esto que, de a\u00f1o en a\u00f1o va subiendo el precio de esta prima de forma paulatina.<\/p>\n<p><strong>\u2022 Prima Mixta:<\/strong> Esta prima combina la Prima Nivelada y la Natural con la singularidad de que es m\u00e1s equilibrada.<\/p>\n<p>Con independencia del tipo de prima de decesos que elija, usted va a poder flexibilizar su cuota todo cuanto desee pues le ofrecemos todas las facilidades posibles a fin de que le sea lo m\u00e1s liviano posible el hacerse cargo del recibo y que no le suponga ning\u00fan esfuerzo dejar todo previsto a sus familiares.<br \/>\n<div class=\"colorf\"><div class=\"container clearfix\"><div class=\"col-md-7\"><\/p>\n<h3><span class=\"ez-toc-section\" id=\"%C2%BFEl_precio_de_seguros_de_decesos_Caja_Laboral_sube_con_la_edad\"><\/span>\u00bfEl precio de seguros de decesos Caja Laboral sube con la edad?<span class=\"ez-toc-section-end\"><\/span><\/h3>\n<p>Despreoc\u00fapate, Caja Laboral no va a subir las tarifas por la edad del asegurado. Estese apacible, aunque puede que su p\u00f3liza pueda aumentar, no es frecuente que esto ocurra, con lo que puede dejar de preocuparse por ello. Puesto que en el instante de que se realiza una p\u00f3liza lo primero que se hace es en referencia a la edad de la persona asegurada. Las distintas modalidades que cuenta Caja Laboral son prima nivelada, prima natural, mixta, seminatural y \u00fanica. Ha de tener en cuenta que realizar un contrato de seguro de decesos no cuenta con una edad limitada. No tengas dudas, ha llegado el instante de contratar tu seguro de decesos con Caja Laboral.<br \/>\n<\/div><\/div><\/div><\/p>\n<h3><span class=\"ez-toc-section\" id=\"Paginas_relacionadas\"><\/span>P\u00e1ginas relacionadas<span class=\"ez-toc-section-end\"><\/span><\/h3><div class=\"enlazado\"><ul> <li><a href=\"https:\/\/idecesos.com\/seguros\/companias\/caja-laboral\/opiniones\/\">Opiniones Caja Laboral<\/a><\/li> <li><a href=\"https:\/\/idecesos.com\/seguros\/companias\/caja-laboral\/precio\/\">Precio seguro Caja Laboral<\/a><\/li> <li><a href=\"https:\/\/idecesos.com\/seguros\/companias\/caja-laboral\/prima-mixta\/\">Caja Laboral Prima Mixta<\/a><\/li> <li><a href=\"https:\/\/idecesos.com\/seguros\/companias\/caja-laboral\/prima-natural\/\">Caja Laboral Prima Natural<\/a><\/li> <li><a href=\"https:\/\/idecesos.com\/seguros\/companias\/caja-laboral\/prima-nivelada\/\">Caja Laboral Prima Nivelada<\/a><\/li> <li><a href=\"https:\/\/idecesos.com\/seguros\/companias\/caja-laboral\/prima-unica\/\">Caja Laboral Prima \u00danica<\/a><\/li> <li><a href=\"https:\/\/idecesos.com\/seguros\/companias\/caja-laboral\/repatriacion\/\">Caja Laboral Repatriaci\u00f3n<\/a><\/li> <li><a href=\"https:\/\/idecesos.com\/seguros\/companias\/caja-laboral\/telefono\/\">Tel\u00e9fono Gratuito Caja Laboral<\/a><\/li><\/ul><\/div>\n<p>&nbsp;<\/p>\n","protected":false},"excerpt":{"rendered":"<p>En el sector de los seguros de decesos hay muchas aseguradoras, coberturas y precios distintos entre aqu\u00e9llos que poder equiparar. Es importante estar informado de las diferentes compa\u00f1\u00edas y productos antes de decantarse por una. No se preocupe. iDecesos ha trabajado por usted para facilitarle cada uno de los precios y diferentes modalidades de primas&hellip; <\/p>\n","protected":false},"author":1,"featured_media":17475,"parent":593,"menu_order":0,"comment_status":"closed","ping_status":"closed","template":"single.php","meta":{"footnotes":""},"class_list":["post-17474","page","type-page","status-publish","has-post-thumbnail","hentry"],"yoast_head":"<!-- This site is optimized with the Yoast SEO plugin v27.3 - https:\/\/yoast.com\/product\/yoast-seo-wordpress\/ -->\n<title>Precio Seguro Decesos Caja Laboral \u25b7DTO 25% I Oferta 2026<\/title>\n<meta name=\"description\" content=\"Calcular aqu\u00ed\u3010precio seguro de decesos Caja Laboral\u3011Tarifas, oferta y descuento de seguro defunci\u00f3n Caja Laboral 2026 \u2611\ufe0fiDecesos\u00ae N\u00ba1 en ahorro\" \/>\n<meta name=\"robots\" content=\"index, follow, max-snippet:-1, max-image-preview:large, max-video-preview:-1\" \/>\n<link rel=\"canonical\" href=\"https:\/\/idecesos.com\/seguros\/companias\/caja-laboral\/precio\/\" \/>\n<meta property=\"og:locale\" content=\"es_ES\" \/>\n<meta property=\"og:type\" content=\"article\" \/>\n<meta property=\"og:title\" content=\"Precio Seguro Decesos Caja Laboral \u25b7DTO 25% I Oferta 2026\" \/>\n<meta property=\"og:description\" content=\"Calcular aqu\u00ed\u3010precio seguro de decesos Caja Laboral\u3011Tarifas, oferta y descuento de seguro defunci\u00f3n Caja Laboral 2026 \u2611\ufe0fiDecesos\u00ae N\u00ba1 en ahorro\" \/>\n<meta property=\"og:url\" content=\"https:\/\/idecesos.com\/seguros\/companias\/caja-laboral\/precio\/\" \/>\n<meta property=\"article:modified_time\" content=\"2022-03-10T10:32:12+00:00\" \/>\n<meta property=\"og:image\" content=\"https:\/\/idecesos.com\/seguros\/wp-content\/uploads\/2021\/12\/precio-2.jpg-79.jpeg\" \/>\n\t<meta property=\"og:image:width\" content=\"1500\" \/>\n\t<meta property=\"og:image:height\" content=\"559\" \/>\n\t<meta property=\"og:image:type\" content=\"image\/jpeg\" \/>\n<meta name=\"twitter:card\" content=\"summary_large_image\" \/>\n<meta name=\"twitter:label1\" content=\"Tiempo de lectura\" \/>\n\t<meta name=\"twitter:data1\" content=\"75 minutos\" \/>\n<script type=\"application\/ld+json\" class=\"yoast-schema-graph\">{\"@context\":\"https:\\\/\\\/schema.org\",\"@graph\":[{\"@type\":\"WebPage\",\"@id\":\"https:\\\/\\\/idecesos.com\\\/seguros\\\/companias\\\/caja-laboral\\\/precio\\\/\",\"url\":\"https:\\\/\\\/idecesos.com\\\/seguros\\\/companias\\\/caja-laboral\\\/precio\\\/\",\"name\":\"Precio Seguro Decesos Caja Laboral \u25b7DTO 25% I Oferta 2026\",\"isPartOf\":{\"@id\":\"https:\\\/\\\/idecesos.com\\\/seguros\\\/#website\"},\"primaryImageOfPage\":{\"@id\":\"https:\\\/\\\/idecesos.com\\\/seguros\\\/companias\\\/caja-laboral\\\/precio\\\/#primaryimage\"},\"image\":{\"@id\":\"https:\\\/\\\/idecesos.com\\\/seguros\\\/companias\\\/caja-laboral\\\/precio\\\/#primaryimage\"},\"thumbnailUrl\":\"https:\\\/\\\/idecesos.com\\\/seguros\\\/wp-content\\\/uploads\\\/2021\\\/12\\\/precio-2.jpg-79.jpeg\",\"datePublished\":\"2021-12-15T16:03:39+00:00\",\"dateModified\":\"2022-03-10T10:32:12+00:00\",\"description\":\"Calcular aqu\u00ed\u3010precio seguro de decesos Caja Laboral\u3011Tarifas, oferta y descuento de seguro defunci\u00f3n Caja Laboral 2026 \u2611\ufe0fiDecesos\u00ae N\u00ba1 en ahorro\",\"breadcrumb\":{\"@id\":\"https:\\\/\\\/idecesos.com\\\/seguros\\\/companias\\\/caja-laboral\\\/precio\\\/#breadcrumb\"},\"inLanguage\":\"es\",\"potentialAction\":[{\"@type\":\"ReadAction\",\"target\":[\"https:\\\/\\\/idecesos.com\\\/seguros\\\/companias\\\/caja-laboral\\\/precio\\\/\"]}]},{\"@type\":\"ImageObject\",\"inLanguage\":\"es\",\"@id\":\"https:\\\/\\\/idecesos.com\\\/seguros\\\/companias\\\/caja-laboral\\\/precio\\\/#primaryimage\",\"url\":\"https:\\\/\\\/idecesos.com\\\/seguros\\\/wp-content\\\/uploads\\\/2021\\\/12\\\/precio-2.jpg-79.jpeg\",\"contentUrl\":\"https:\\\/\\\/idecesos.com\\\/seguros\\\/wp-content\\\/uploads\\\/2021\\\/12\\\/precio-2.jpg-79.jpeg\",\"width\":1500,\"height\":559,\"caption\":\"Precio Caja Laboral\"},{\"@type\":\"BreadcrumbList\",\"@id\":\"https:\\\/\\\/idecesos.com\\\/seguros\\\/companias\\\/caja-laboral\\\/precio\\\/#breadcrumb\",\"itemListElement\":[{\"@type\":\"ListItem\",\"position\":1,\"name\":\"Portada\",\"item\":\"https:\\\/\\\/idecesos.com\\\/seguros\\\/\"},{\"@type\":\"ListItem\",\"position\":2,\"name\":\"Compa\u00f1\u00edas de Seguros de Decesos en Espa\u00f1a\",\"item\":\"https:\\\/\\\/idecesos.com\\\/seguros\\\/companias\\\/\"},{\"@type\":\"ListItem\",\"position\":3,\"name\":\"Seguro de decesos Caja Laboral\",\"item\":\"https:\\\/\\\/idecesos.com\\\/seguros\\\/companias\\\/caja-laboral\\\/\"},{\"@type\":\"ListItem\",\"position\":4,\"name\":\"\u00bfCu\u00e1nto cuesta el seguro de decesos Caja Laboral?\"}]},{\"@type\":\"WebSite\",\"@id\":\"https:\\\/\\\/idecesos.com\\\/seguros\\\/#website\",\"url\":\"https:\\\/\\\/idecesos.com\\\/seguros\\\/\",\"name\":\"\",\"description\":\"\",\"potentialAction\":[{\"@type\":\"SearchAction\",\"target\":{\"@type\":\"EntryPoint\",\"urlTemplate\":\"https:\\\/\\\/idecesos.com\\\/seguros\\\/?s={search_term_string}\"},\"query-input\":{\"@type\":\"PropertyValueSpecification\",\"valueRequired\":true,\"valueName\":\"search_term_string\"}}],\"inLanguage\":\"es\"}]}<\/script>\n<!-- \/ Yoast SEO plugin. -->","yoast_head_json":{"title":"Precio Seguro Decesos Caja Laboral \u25b7DTO 25% I Oferta 2026","description":"Calcular aqu\u00ed\u3010precio seguro de decesos Caja Laboral\u3011Tarifas, oferta y descuento de seguro defunci\u00f3n Caja Laboral 2026 \u2611\ufe0fiDecesos\u00ae N\u00ba1 en ahorro","robots":{"index":"index","follow":"follow","max-snippet":"max-snippet:-1","max-image-preview":"max-image-preview:large","max-video-preview":"max-video-preview:-1"},"canonical":"https:\/\/idecesos.com\/seguros\/companias\/caja-laboral\/precio\/","og_locale":"es_ES","og_type":"article","og_title":"Precio Seguro Decesos Caja Laboral \u25b7DTO 25% I Oferta 2026","og_description":"Calcular aqu\u00ed\u3010precio seguro de decesos Caja Laboral\u3011Tarifas, oferta y descuento de seguro defunci\u00f3n Caja Laboral 2026 \u2611\ufe0fiDecesos\u00ae N\u00ba1 en ahorro","og_url":"https:\/\/idecesos.com\/seguros\/companias\/caja-laboral\/precio\/","article_modified_time":"2022-03-10T10:32:12+00:00","og_image":[{"width":1500,"height":559,"url":"https:\/\/idecesos.com\/seguros\/wp-content\/uploads\/2021\/12\/precio-2.jpg-79.jpeg","type":"image\/jpeg"}],"twitter_card":"summary_large_image","twitter_misc":{"Tiempo de lectura":"75 minutos"},"schema":{"@context":"https:\/\/schema.org","@graph":[{"@type":"WebPage","@id":"https:\/\/idecesos.com\/seguros\/companias\/caja-laboral\/precio\/","url":"https:\/\/idecesos.com\/seguros\/companias\/caja-laboral\/precio\/","name":"Precio Seguro Decesos Caja Laboral \u25b7DTO 25% I Oferta 2026","isPartOf":{"@id":"https:\/\/idecesos.com\/seguros\/#website"},"primaryImageOfPage":{"@id":"https:\/\/idecesos.com\/seguros\/companias\/caja-laboral\/precio\/#primaryimage"},"image":{"@id":"https:\/\/idecesos.com\/seguros\/companias\/caja-laboral\/precio\/#primaryimage"},"thumbnailUrl":"https:\/\/idecesos.com\/seguros\/wp-content\/uploads\/2021\/12\/precio-2.jpg-79.jpeg","datePublished":"2021-12-15T16:03:39+00:00","dateModified":"2022-03-10T10:32:12+00:00","description":"Calcular aqu\u00ed\u3010precio seguro de decesos Caja Laboral\u3011Tarifas, oferta y descuento de seguro defunci\u00f3n Caja Laboral 2026 \u2611\ufe0fiDecesos\u00ae N\u00ba1 en ahorro","breadcrumb":{"@id":"https:\/\/idecesos.com\/seguros\/companias\/caja-laboral\/precio\/#breadcrumb"},"inLanguage":"es","potentialAction":[{"@type":"ReadAction","target":["https:\/\/idecesos.com\/seguros\/companias\/caja-laboral\/precio\/"]}]},{"@type":"ImageObject","inLanguage":"es","@id":"https:\/\/idecesos.com\/seguros\/companias\/caja-laboral\/precio\/#primaryimage","url":"https:\/\/idecesos.com\/seguros\/wp-content\/uploads\/2021\/12\/precio-2.jpg-79.jpeg","contentUrl":"https:\/\/idecesos.com\/seguros\/wp-content\/uploads\/2021\/12\/precio-2.jpg-79.jpeg","width":1500,"height":559,"caption":"Precio Caja Laboral"},{"@type":"BreadcrumbList","@id":"https:\/\/idecesos.com\/seguros\/companias\/caja-laboral\/precio\/#breadcrumb","itemListElement":[{"@type":"ListItem","position":1,"name":"Portada","item":"https:\/\/idecesos.com\/seguros\/"},{"@type":"ListItem","position":2,"name":"Compa\u00f1\u00edas de Seguros de Decesos en Espa\u00f1a","item":"https:\/\/idecesos.com\/seguros\/companias\/"},{"@type":"ListItem","position":3,"name":"Seguro de decesos Caja Laboral","item":"https:\/\/idecesos.com\/seguros\/companias\/caja-laboral\/"},{"@type":"ListItem","position":4,"name":"\u00bfCu\u00e1nto cuesta el seguro de decesos Caja Laboral?"}]},{"@type":"WebSite","@id":"https:\/\/idecesos.com\/seguros\/#website","url":"https:\/\/idecesos.com\/seguros\/","name":"","description":"","potentialAction":[{"@type":"SearchAction","target":{"@type":"EntryPoint","urlTemplate":"https:\/\/idecesos.com\/seguros\/?s={search_term_string}"},"query-input":{"@type":"PropertyValueSpecification","valueRequired":true,"valueName":"search_term_string"}}],"inLanguage":"es"}]}},"_links":{"self":[{"href":"https:\/\/idecesos.com\/seguros\/wp-json\/wp\/v2\/pages\/17474","targetHints":{"allow":["GET"]}}],"collection":[{"href":"https:\/\/idecesos.com\/seguros\/wp-json\/wp\/v2\/pages"}],"about":[{"href":"https:\/\/idecesos.com\/seguros\/wp-json\/wp\/v2\/types\/page"}],"author":[{"embeddable":true,"href":"https:\/\/idecesos.com\/seguros\/wp-json\/wp\/v2\/users\/1"}],"replies":[{"embeddable":true,"href":"https:\/\/idecesos.com\/seguros\/wp-json\/wp\/v2\/comments?post=17474"}],"version-history":[{"count":3,"href":"https:\/\/idecesos.com\/seguros\/wp-json\/wp\/v2\/pages\/17474\/revisions"}],"predecessor-version":[{"id":20069,"href":"https:\/\/idecesos.com\/seguros\/wp-json\/wp\/v2\/pages\/17474\/revisions\/20069"}],"up":[{"embeddable":true,"href":"https:\/\/idecesos.com\/seguros\/wp-json\/wp\/v2\/pages\/593"}],"wp:featuredmedia":[{"embeddable":true,"href":"https:\/\/idecesos.com\/seguros\/wp-json\/wp\/v2\/media\/17475"}],"wp:attachment":[{"href":"https:\/\/idecesos.com\/seguros\/wp-json\/wp\/v2\/media?parent=17474"}],"curies":[{"name":"wp","href":"https:\/\/api.w.org\/{rel}","templated":true}]}}