{"id":17480,"date":"2021-12-15T16:03:41","date_gmt":"2021-12-15T16:03:41","guid":{"rendered":"https:\/\/idecesos.com\/seguros\/companias\/ges\/precio\/"},"modified":"2022-03-10T11:01:12","modified_gmt":"2022-03-10T11:01:12","slug":"precio","status":"publish","type":"page","link":"https:\/\/idecesos.com\/seguros\/companias\/ges\/precio\/","title":{"rendered":"\u00bfCu\u00e1nto cuesta el seguro de decesos GES?"},"content":{"rendered":"<div id=\"ez-toc-container\" class=\"ez-toc-v2_0_82_2 ez-toc-wrap-center counter-hierarchy ez-toc-counter ez-toc-custom ez-toc-container-direction\">\n<div class=\"ez-toc-title-container\">\n<p class=\"ez-toc-title\" style=\"cursor:inherit\">Tabla de Contenido<\/p>\n<span class=\"ez-toc-title-toggle\"><a href=\"#\" class=\"ez-toc-pull-right ez-toc-btn ez-toc-btn-xs ez-toc-btn-default ez-toc-toggle\" aria-label=\"Alternar tabla de contenidos\"><span class=\"ez-toc-js-icon-con\"><span class=\"\"><span class=\"eztoc-hide\" style=\"display:none;\">Toggle<\/span><span class=\"ez-toc-icon-toggle-span\"><svg style=\"fill: #db6415;color:#db6415\" xmlns=\"http:\/\/www.w3.org\/2000\/svg\" class=\"list-377408\" width=\"20px\" height=\"20px\" viewBox=\"0 0 24 24\" fill=\"none\"><path d=\"M6 6H4v2h2V6zm14 0H8v2h12V6zM4 11h2v2H4v-2zm16 0H8v2h12v-2zM4 16h2v2H4v-2zm16 0H8v2h12v-2z\" fill=\"currentColor\"><\/path><\/svg><svg style=\"fill: #db6415;color:#db6415\" class=\"arrow-unsorted-368013\" xmlns=\"http:\/\/www.w3.org\/2000\/svg\" width=\"10px\" height=\"10px\" viewBox=\"0 0 24 24\" version=\"1.2\" baseProfile=\"tiny\"><path d=\"M18.2 9.3l-6.2-6.3-6.2 6.3c-.2.2-.3.4-.3.7s.1.5.3.7c.2.2.4.3.7.3h11c.3 0 .5-.1.7-.3.2-.2.3-.5.3-.7s-.1-.5-.3-.7zM5.8 14.7l6.2 6.3 6.2-6.3c.2-.2.3-.5.3-.7s-.1-.5-.3-.7c-.2-.2-.4-.3-.7-.3h-11c-.3 0-.5.1-.7.3-.2.2-.3.5-.3.7s.1.5.3.7z\"\/><\/svg><\/span><\/span><\/span><\/a><\/span><\/div>\n<nav><ul class='ez-toc-list ez-toc-list-level-1 ' ><li class='ez-toc-page-1 ez-toc-heading-level-2'><a class=\"ez-toc-link ez-toc-heading-1\" href=\"https:\/\/idecesos.com\/seguros\/companias\/ges\/precio\/#Calcular_precio_seguro_de_decesos_GES\" >Calcular precio seguro de decesos GES<\/a><\/li><li class='ez-toc-page-1 ez-toc-heading-level-2'><a class=\"ez-toc-link ez-toc-heading-2\" href=\"https:\/\/idecesos.com\/seguros\/companias\/ges\/precio\/#Tabla_comparativa_de_precios_GES\" >Tabla comparativa de precios GES<\/a><ul class='ez-toc-list-level-3' ><li class='ez-toc-heading-level-3'><a class=\"ez-toc-link ez-toc-heading-3\" href=\"https:\/\/idecesos.com\/seguros\/companias\/ges\/precio\/#%C2%BFCual_es_la_mejor_tarifa_de_seguros_de_GES\" >\u00bfCu\u00e1l es la mejor tarifa de seguros de GES ?<\/a><\/li><li class='ez-toc-page-1 ez-toc-heading-level-3'><a class=\"ez-toc-link ez-toc-heading-4\" href=\"https:\/\/idecesos.com\/seguros\/companias\/ges\/precio\/#%C2%BFPuede_aumentar_precio_mensual_de_los_seguros_de_GES\" >\u00bfPuede aumentar precio mensual de los seguros de GES ?<\/a><\/li><li class='ez-toc-page-1 ez-toc-heading-level-3'><a class=\"ez-toc-link ez-toc-heading-5\" href=\"https:\/\/idecesos.com\/seguros\/companias\/ges\/precio\/#%C2%BFEl_precio_de_seguros_de_decesos_GES_sube_con_la_edad\" >\u00bfEl precio de seguros de decesos GES sube con la edad?<\/a><\/li><li class='ez-toc-page-1 ez-toc-heading-level-3'><a class=\"ez-toc-link ez-toc-heading-6\" href=\"https:\/\/idecesos.com\/seguros\/companias\/ges\/precio\/#Paginas_relacionadas\" >P\u00e1ginas relacionadas<\/a><\/li><\/ul><\/li><\/ul><\/nav><\/div>\n<p><br \/>\nGES cuenta con m\u00e1s de 20 mil personas que depositan su confianza en el seguro de decesos GES. Hay determinados periodos donde se encargan de compensar la tarifa del seguro de decesos, para una mayor serenidad en sus asegurados para que prosigan contando con las coberturas m\u00e1s amplias en el momento del sepelio. Eminentemente se fundamentan en efectuar una investigaci\u00f3n de la persona que vaya a efectuar la p\u00f3liza, de manera que resultara variante en todas y cada una de las p\u00f3lizas depender\u00e1 de la contrataci\u00f3n de la p\u00f3liza podr\u00eda resultar variable o constante en el tiempo. Para determinar con exactitud la tarifa de la p\u00f3liza para el asegurado se va a llevar de forma muy pormenorizada y estudiando diferentes circunstancias. GES se ha encargado de solventar y facilitar que sus tarifas de seguro de decesos no sea uno de los primordiales motivos por los que no se adquiera la p\u00f3liza, GES solo asegura que todos puedan contar con un seguro de decesos. Es la compa\u00f1\u00eda aseguradora que se ocupar\u00e1 de que el precio de tu p\u00f3liza se adapte a ti.<\/p>\n<div class=\"colorf\"><div class=\"container clearfix\"><div class=\"col-md-7\">\n<h2><span class=\"ez-toc-section\" id=\"Calcular_precio_seguro_de_decesos_GES\"><\/span>Calcular precio seguro de decesos GES<span class=\"ez-toc-section-end\"><\/span><\/h2>\n<p>Es muy f\u00e1cil. Gracias a iDecesos calcular el precio de su seguro de decesos no le costar\u00e1 nada. Rellene los campos que le solicitamos y nos encargaremos de filtrar los mejores resultados que mejor se amolden a usted. Contratar una p\u00f3liza de decesos tiene muchos beneficios si lo hace con GES.<\/p>\n<p>Primeramente la tranquilidad que te ofrece a ti y a tu familia. Por otra parte, su profesionalidad. No se preocupe, GES le facilitar\u00e1 todos los tr\u00e1mites y van a estar a su lado en ese duro instante que es la p\u00e9rdida de un ser querido.<br \/>\n<\/div><\/div><\/div><\/p>\n<h2><span class=\"ez-toc-section\" id=\"Tabla_comparativa_de_precios_GES\"><\/span>Tabla comparativa de precios GES<span class=\"ez-toc-section-end\"><\/span><\/h2>\n<p><div class=\"cabecera_tabla_precio\"><table class=\"table table-striped\"><thead><tr><th class=\"nosepara centrado\">Tipo<\/th><th class=\"nosepara centrado nojustificado\">Precio Desde<\/th><th class=\"nosepara dcha\"><\/th><\/tr><\/thead><tbody><tr class=\"fila_tabla_precio\"><td class=\"nosepara izq\">Precio Seguro Decesos GES<\/td><td class=\"nosepara centro\">1,57 \u20ac\/mes<\/td><td class=\"nosepara derecha\">\t\t\t\t\t\n\t\t\t\t\t\t<span class=\"\" style=\"cursor:pointer\" data-bs-toggle=\"modal\" data-bs-target=\"#comparadorModal\">Calcular<\/span>\t\t\t\t\n\t\t\t\t\t\n\t\t\t\t<\/td><\/tr><\/div><tr class=\"fila_tabla_precio\"><td class=\"nosepara izq\">Precio Prima \u00danica GES<\/td><td class=\"nosepara centro\">2410 \u20ac<\/td><td class=\"nosepara derecha\">\t\t\t\t\t\n\t\t\t\t\t\t<span class=\"\" style=\"cursor:pointer\" data-bs-toggle=\"modal\" data-bs-target=\"#comparadorModal\">Calcular<\/span>\t\t\t\t\n\t\t\t\t\t\n\t\t\t\t<\/td><\/tr><\/div><tr class=\"fila_tabla_precio\"><td class=\"nosepara izq\">Precio Prima Natural GES<\/td><td class=\"nosepara centro\">1,18 \u20ac\/mes<\/td><td class=\"nosepara derecha\">\t\t\t\t\t\n\t\t\t\t\t\t<span class=\"\" style=\"cursor:pointer\" data-bs-toggle=\"modal\" data-bs-target=\"#comparadorModal\">Calcular<\/span>\t\t\t\t\n\t\t\t\t\t\n\t\t\t\t<\/td><\/tr><\/div><tr class=\"fila_tabla_precio\"><td class=\"nosepara izq\">Precio Prima Nivelada GES<\/td><td class=\"nosepara centro\">1,59 \u20ac\/mes<\/td><td class=\"nosepara derecha\">\t\t\t\t\t\n\t\t\t\t\t\t<span class=\"\" style=\"cursor:pointer\" data-bs-toggle=\"modal\" data-bs-target=\"#comparadorModal\">Calcular<\/span>\t\t\t\t\n\t\t\t\t\t\n\t\t\t\t<\/td><\/tr><\/div><tr class=\"fila_tabla_precio\"><td class=\"nosepara izq\">Precio Prima Mixta GES<\/td><td class=\"nosepara centro\">1,34 \u20ac\/mes<\/td><td class=\"nosepara derecha\">\t\t\t\t\t\n\t\t\t\t\t\t<span class=\"\" style=\"cursor:pointer\" data-bs-toggle=\"modal\" data-bs-target=\"#comparadorModal\">Calcular<\/span>\t\t\t\t\n\t\t\t\t\t\n\t\t\t\t<\/td><\/tr><\/div><tr class=\"fila_tabla_precio\"><td class=\"nosepara izq\">Precio Prima Seminatural GES<\/td><td class=\"nosepara centro\">1,53 \u20ac\/mes<\/td><td class=\"nosepara derecha\">\t\t\t\t\t\n\t\t\t\t\t\t<span class=\"\" style=\"cursor:pointer\" data-bs-toggle=\"modal\" data-bs-target=\"#comparadorModal\">Calcular<\/span>\t\t\t\t\n\t\t\t\t\t\n\t\t\t\t<\/td><\/tr><\/div><tr class=\"fila_tabla_precio\"><td class=\"nosepara izq\">Precio con Repatriaci\u00f3n GES<\/td><td class=\"nosepara centro\">0,88 \u20ac a la cuota<\/td><td class=\"nosepara derecha\">\t\t\t\t\t\n\t\t\t\t\t\t<span class=\"\" style=\"cursor:pointer\" data-bs-toggle=\"modal\" data-bs-target=\"#comparadorModal\">Calcular<\/span>\t\t\t\t\n\t\t\t\t\t\n\t\t\t\t<\/td><\/tr><\/div><tr class=\"fila_tabla_precio\"><td class=\"nosepara izq\">Precio Seguro Defunci\u00f3n GES<\/td><td class=\"nosepara centro\">1,56 \u20ac\/mes<\/td><td class=\"nosepara derecha\">\t\t\t\t\t\n\t\t\t\t\t\t<span class=\"\" style=\"cursor:pointer\" data-bs-toggle=\"modal\" data-bs-target=\"#comparadorModal\">Calcular<\/span>\t\t\t\t\n\t\t\t\t\t\n\t\t\t\t<\/td><\/tr><\/div><tr class=\"fila_tabla_precio\"><td class=\"nosepara izq\">Precio Seguro Fallecimiento GES<\/td><td class=\"nosepara centro\">1,45 \u20ac\/mes<\/td><td class=\"nosepara derecha\">\t\t\t\t\t\n\t\t\t\t\t\t<span class=\"\" style=\"cursor:pointer\" data-bs-toggle=\"modal\" data-bs-target=\"#comparadorModal\">Calcular<\/span>\t\t\t\t\n\t\t\t\t\t\n\t\t\t\t<\/td><\/tr><\/div><tr class=\"fila_tabla_precio\"><td class=\"nosepara izq\">Precio Seguro Muertos GES<\/td><td class=\"nosepara centro\">1,65 \u20ac\/mes<\/td><td class=\"nosepara derecha\">\t\t\t\t\t\n\t\t\t\t\t\t<span class=\"\" style=\"cursor:pointer\" data-bs-toggle=\"modal\" data-bs-target=\"#comparadorModal\">Calcular<\/span>\t\t\t\t\n\t\t\t\t\t\n\t\t\t\t<\/td><\/tr><\/div><tr class=\"fila_tabla_precio\"><td class=\"nosepara izq\">Precio Asistencia Familiar GES<\/td><td class=\"nosepara centro\">1,60 \u20ac\/mes<\/td><td class=\"nosepara derecha\">\t\t\t\t\t\n\t\t\t\t\t\t<span class=\"\" style=\"cursor:pointer\" data-bs-toggle=\"modal\" data-bs-target=\"#comparadorModal\">Calcular<\/span>\t\t\t\t\n\t\t\t\t\t\n\t\t\t\t<\/td><\/tr><\/div><\/tbody><\/table><\/div><\/p>\n<p>Ahora te mostramos con detalles los precios estimados de todas las diferentes p\u00f3lizas de GES facilitandote todo el proceso de elecci\u00f3n que suele ser realmente lioso. Por este motivo, iDecesos te ayuda en su elecci\u00f3n. No solo asegura el cubrimiento del sepelio al completo, asegura a sus clientes las mejores coberturas que va a poder encontrar en todo el mercado espa\u00f1ol. Le ayudamos a y a su familia en tanto que aseguramos su calma y los gatos de su sepelio a fin de que su familia tambi\u00e9n pueda estar tranquila. Este tipo de p\u00f3liza es un seguro para que su familia pueda estar tranquila en el momento que ocurra cualquier cosa puesto que nuestros agentes especialistas se encargar\u00e1 de todo. GES es la compa\u00f1\u00eda de seguros id\u00f3nea para que puedas estar tranquilo. Adem\u00e1s sus diferentes coberturas se adaptar\u00e1n a tus necesidades con un servicio genial.<br \/>\n<div class=\"colorf\"><div class=\"container clearfix\"><div class=\"col-md-7\"><\/p>\n<h3><span class=\"ez-toc-section\" id=\"%C2%BFCual_es_la_mejor_tarifa_de_seguros_de_GES\"><\/span>\u00bfCu\u00e1l es la mejor tarifa de seguros de GES ?<span class=\"ez-toc-section-end\"><\/span><\/h3>\n<p>GES tiene uno de los mejores seguros de decesos del mercado actual gracias a su gran pluralidad de coberturas y p\u00f3lizas con diferentes modalidades de pagos. GES se ocupar\u00e1 de que todos se adapte a las circunstancias de cada uno de sus asegurados y que cuenten con las mejores coberturas y servicios. Di adi\u00f3s a los cefaleas superfluos. GES te ofrece todas y cada una de las garant\u00edas en todos y cada cl\u00e1usula para que no debas preocuparte por nada.<br \/>\n<\/div><\/div><\/div><\/p>\n<h3><span class=\"ez-toc-section\" id=\"%C2%BFPuede_aumentar_precio_mensual_de_los_seguros_de_GES\"><\/span>\u00bfPuede aumentar precio mensual de los seguros de GES ?<span class=\"ez-toc-section-end\"><\/span><\/h3>\n<p>En GES existen todas y cada una y cada uno de los modelos de primas que cubren con m\u00e1xima competitividad de tarifa indiferentemente la edad que tengan los clientes del servicio. De los veintidos millones de asegurados en espa\u00f1a que tienen un seguro de decesos un alto porcentaje gozan de un g\u00e9nero de prima nivelada, al tener una previsi\u00f3n de costos llegado al vencimiento controlada al no subir la tarifa, en consecuencia te enviaremos todas la tipolog\u00edas de primas que hay y que cada una de ellas est\u00e1 esmeradamente desarrollada para cada uno de los tramos de edad que existen<\/p>\n<p><strong>\u2022 Prima \u00danica o bien en un solo pago:<\/strong> es una modalidad de prima para personas mayores que ya no pueden abonar una prima fraccionada y que la aseguradora le ofrece estos clientes la calma de dejar todo previsto para cuando ellos falten y encima a un precio altamente competitivo respecto a negociar directamente con una funeraria en el instante de la muerte los familiares, por un lado se gana calma y por otra se ahorra.<\/p>\n<p><strong>\u2022 <\/strong><strong>Prima Natural:<\/strong> es un tipo de p\u00f3liza de seguro de decesos que su precio depende de la edad y no para de medrar la prima en todos y cada renovaci\u00f3n debido a que est\u00e1 relacionada directamente a la edad actuarial en todos y cada momento de los asegurados, si eres joven y no te importa estar al pendiente de las subidas que te imputan las compa\u00f1\u00edas pueden abonar un seguro de los muertos barato, pero si tienes poca edad y no deseas estar pendiente de la subidas y elegir una modalidad equilibrada en precio pero con subidas contenidas esta clase de prima no es el tuyo. <strong>\u2022 Prima mixta:<\/strong> es el tipo de prima combinado entre la prima constante y la prima creciente, la tarifa suele ser natural hasta una edad media (entre los sesenta y los setenta y cinco a\u00f1os) y desde esta se queda estable, para darle una calma financiera cuando somos pensionista, es decir, ning\u00fan imprevisto de costes para cuando no tenemos entrada de ingresos, adem\u00e1s es la prima m\u00e1s equilibrada en tarifa y prestaciones de servicios de asistencia funeraria. Podr\u00e1s partir el recibo de la prima y que te pasen el seguro por el banco en 12 veces, cuatro veces, dos veces o una vez al a\u00f1o. Nuestro usuario siempre y en todo momento tiene la libre elecci\u00f3n de de qu\u00e9 forma abonar el seguro de decesos que ha seleccionado en iDecesos y ofrecemos nuestros aconsejes para que de esta forma sea.<br \/>\n<div class=\"colorf\"><div class=\"container clearfix\"><div class=\"col-md-7\"><\/p>\n<h3><span class=\"ez-toc-section\" id=\"%C2%BFEl_precio_de_seguros_de_decesos_GES_sube_con_la_edad\"><\/span>\u00bfEl precio de seguros de decesos GES sube con la edad?<span class=\"ez-toc-section-end\"><\/span><\/h3>\n<p>\u00bfNo has parado de buscar coberturas y p\u00f3lizas de decesos que satisfagan que se ajusten a tus necesidades? GES es la n\u00famero en seguro de decesos de prima \u00fanica con las mejores posibilidades y con el costo m\u00e1s ajustado del mercado, adem\u00e1s sus servicio de asistencia es uno de los m\u00e1s reconocidos por los expertos y ha sido premiada con las mejores puntuaciones en las encuestas de calidad por los familiares de los clientes del servicio. Pueden existir fluctuaciones m\u00ednimos en las primas debido a la subida de precios de los elementos y servicios que componen la gesti\u00f3n completa del sepelio, y es vital efectuar esta subida para que llegado el momento del siniestro los familiares no tengan que abonar nada. Lo que pague depender\u00e1 de los servicios contratados y de las coberturas extras que desee incluir. Tambi\u00e9n tiene total libertad de abonar la cuota de su p\u00f3liza de decesos fraccionando en las cuotas que le parezca m\u00e1s simple de aceptar. En Decesos todo lo resultar\u00e1 m\u00e1s f\u00e1cil, podr\u00e1 equiparar todos los tipos de primas, coberturas, condiciones generales, ofertas, compa\u00f1\u00edas en un mismo panel, simple y r\u00e1pido, jam\u00e1s hab\u00eda sido tan simple contratar y ahorrar a la vez. Contratando con GES est\u00e1 dejando todo resuelto a sus familiares, allegados y herederos de que cuando llegue su fallecimiento ellos no van a tener ninguna preocupaci\u00f3n econ\u00f3mica ni de organizaci\u00f3n de su entierro.<br \/>\n<\/div><\/div><\/div><\/p>\n<h3><span class=\"ez-toc-section\" id=\"Paginas_relacionadas\"><\/span>P\u00e1ginas relacionadas<span class=\"ez-toc-section-end\"><\/span><\/h3><div class=\"enlazado\"><ul> <li><a href=\"https:\/\/idecesos.com\/seguros\/companias\/ges\/opiniones\/\">Opiniones GES<\/a><\/li> <li><a href=\"https:\/\/idecesos.com\/seguros\/companias\/ges\/precio\/\">Precio seguro GES<\/a><\/li> <li><a href=\"https:\/\/idecesos.com\/seguros\/companias\/ges\/prima-mixta\/\">GES Prima Mixta<\/a><\/li> <li><a href=\"https:\/\/idecesos.com\/seguros\/companias\/ges\/prima-natural\/\">GES Prima Natural<\/a><\/li> <li><a href=\"https:\/\/idecesos.com\/seguros\/companias\/ges\/prima-nivelada\/\">GES Prima Nivelada<\/a><\/li> <li><a href=\"https:\/\/idecesos.com\/seguros\/companias\/ges\/prima-unica\/\">GES Prima \u00danica<\/a><\/li> <li><a href=\"https:\/\/idecesos.com\/seguros\/companias\/ges\/repatriacion\/\">GES Repatriaci\u00f3n<\/a><\/li> <li><a href=\"https:\/\/idecesos.com\/seguros\/companias\/ges\/telefono\/\">Tel\u00e9fono Gratuito GES<\/a><\/li><\/ul><\/div>\n","protected":false},"excerpt":{"rendered":"<p>GES cuenta con m\u00e1s de 20 mil personas que depositan su confianza en el seguro de decesos GES. Hay determinados periodos donde se encargan de compensar la tarifa del seguro de decesos, para una mayor serenidad en sus asegurados para que prosigan contando con las coberturas m\u00e1s amplias en el momento del sepelio. Eminentemente se&hellip; <\/p>\n","protected":false},"author":1,"featured_media":17481,"parent":648,"menu_order":0,"comment_status":"closed","ping_status":"closed","template":"single.php","meta":{"footnotes":""},"class_list":["post-17480","page","type-page","status-publish","has-post-thumbnail","hentry"],"yoast_head":"<!-- This site is optimized with the Yoast SEO plugin v27.3 - https:\/\/yoast.com\/product\/yoast-seo-wordpress\/ -->\n<title>Precio Seguro Decesos GES \u25b7DTO 25% I Oferta 2026<\/title>\n<meta name=\"description\" content=\"Calcular aqu\u00ed\u3010precio seguro de decesos GES\u3011Tarifas, oferta y descuento de seguro defunci\u00f3n GES 2026 \u2611\ufe0fiDecesos\u00ae N\u00ba1 en ahorro\" \/>\n<meta name=\"robots\" content=\"index, follow, max-snippet:-1, max-image-preview:large, max-video-preview:-1\" \/>\n<link rel=\"canonical\" href=\"https:\/\/idecesos.com\/seguros\/companias\/ges\/precio\/\" \/>\n<meta property=\"og:locale\" content=\"es_ES\" \/>\n<meta property=\"og:type\" content=\"article\" \/>\n<meta property=\"og:title\" content=\"Precio Seguro Decesos GES \u25b7DTO 25% I Oferta 2026\" \/>\n<meta property=\"og:description\" content=\"Calcular aqu\u00ed\u3010precio seguro de decesos GES\u3011Tarifas, oferta y descuento de seguro defunci\u00f3n GES 2026 \u2611\ufe0fiDecesos\u00ae N\u00ba1 en ahorro\" \/>\n<meta property=\"og:url\" content=\"https:\/\/idecesos.com\/seguros\/companias\/ges\/precio\/\" \/>\n<meta property=\"article:modified_time\" content=\"2022-03-10T11:01:12+00:00\" \/>\n<meta property=\"og:image\" content=\"https:\/\/idecesos.com\/seguros\/wp-content\/uploads\/2021\/12\/precio-2.jpg-82.jpeg\" \/>\n\t<meta property=\"og:image:width\" content=\"1500\" \/>\n\t<meta property=\"og:image:height\" content=\"559\" \/>\n\t<meta property=\"og:image:type\" content=\"image\/jpeg\" \/>\n<meta name=\"twitter:card\" content=\"summary_large_image\" \/>\n<meta name=\"twitter:label1\" content=\"Tiempo de lectura\" \/>\n\t<meta name=\"twitter:data1\" content=\"75 minutos\" \/>\n<script type=\"application\/ld+json\" class=\"yoast-schema-graph\">{\"@context\":\"https:\\\/\\\/schema.org\",\"@graph\":[{\"@type\":\"WebPage\",\"@id\":\"https:\\\/\\\/idecesos.com\\\/seguros\\\/companias\\\/ges\\\/precio\\\/\",\"url\":\"https:\\\/\\\/idecesos.com\\\/seguros\\\/companias\\\/ges\\\/precio\\\/\",\"name\":\"Precio Seguro Decesos GES \u25b7DTO 25% I Oferta 2026\",\"isPartOf\":{\"@id\":\"https:\\\/\\\/idecesos.com\\\/seguros\\\/#website\"},\"primaryImageOfPage\":{\"@id\":\"https:\\\/\\\/idecesos.com\\\/seguros\\\/companias\\\/ges\\\/precio\\\/#primaryimage\"},\"image\":{\"@id\":\"https:\\\/\\\/idecesos.com\\\/seguros\\\/companias\\\/ges\\\/precio\\\/#primaryimage\"},\"thumbnailUrl\":\"https:\\\/\\\/idecesos.com\\\/seguros\\\/wp-content\\\/uploads\\\/2021\\\/12\\\/precio-2.jpg-82.jpeg\",\"datePublished\":\"2021-12-15T16:03:41+00:00\",\"dateModified\":\"2022-03-10T11:01:12+00:00\",\"description\":\"Calcular aqu\u00ed\u3010precio seguro de decesos GES\u3011Tarifas, oferta y descuento de seguro defunci\u00f3n GES 2026 \u2611\ufe0fiDecesos\u00ae N\u00ba1 en ahorro\",\"breadcrumb\":{\"@id\":\"https:\\\/\\\/idecesos.com\\\/seguros\\\/companias\\\/ges\\\/precio\\\/#breadcrumb\"},\"inLanguage\":\"es\",\"potentialAction\":[{\"@type\":\"ReadAction\",\"target\":[\"https:\\\/\\\/idecesos.com\\\/seguros\\\/companias\\\/ges\\\/precio\\\/\"]}]},{\"@type\":\"ImageObject\",\"inLanguage\":\"es\",\"@id\":\"https:\\\/\\\/idecesos.com\\\/seguros\\\/companias\\\/ges\\\/precio\\\/#primaryimage\",\"url\":\"https:\\\/\\\/idecesos.com\\\/seguros\\\/wp-content\\\/uploads\\\/2021\\\/12\\\/precio-2.jpg-82.jpeg\",\"contentUrl\":\"https:\\\/\\\/idecesos.com\\\/seguros\\\/wp-content\\\/uploads\\\/2021\\\/12\\\/precio-2.jpg-82.jpeg\",\"width\":1500,\"height\":559,\"caption\":\"Precio GES\"},{\"@type\":\"BreadcrumbList\",\"@id\":\"https:\\\/\\\/idecesos.com\\\/seguros\\\/companias\\\/ges\\\/precio\\\/#breadcrumb\",\"itemListElement\":[{\"@type\":\"ListItem\",\"position\":1,\"name\":\"Portada\",\"item\":\"https:\\\/\\\/idecesos.com\\\/seguros\\\/\"},{\"@type\":\"ListItem\",\"position\":2,\"name\":\"Compa\u00f1\u00edas de Seguros de Decesos en Espa\u00f1a\",\"item\":\"https:\\\/\\\/idecesos.com\\\/seguros\\\/companias\\\/\"},{\"@type\":\"ListItem\",\"position\":3,\"name\":\"Seguro de decesos GES\",\"item\":\"https:\\\/\\\/idecesos.com\\\/seguros\\\/companias\\\/ges\\\/\"},{\"@type\":\"ListItem\",\"position\":4,\"name\":\"\u00bfCu\u00e1nto cuesta el seguro de decesos GES?\"}]},{\"@type\":\"WebSite\",\"@id\":\"https:\\\/\\\/idecesos.com\\\/seguros\\\/#website\",\"url\":\"https:\\\/\\\/idecesos.com\\\/seguros\\\/\",\"name\":\"\",\"description\":\"\",\"potentialAction\":[{\"@type\":\"SearchAction\",\"target\":{\"@type\":\"EntryPoint\",\"urlTemplate\":\"https:\\\/\\\/idecesos.com\\\/seguros\\\/?s={search_term_string}\"},\"query-input\":{\"@type\":\"PropertyValueSpecification\",\"valueRequired\":true,\"valueName\":\"search_term_string\"}}],\"inLanguage\":\"es\"}]}<\/script>\n<!-- \/ Yoast SEO plugin. -->","yoast_head_json":{"title":"Precio Seguro Decesos GES \u25b7DTO 25% I Oferta 2026","description":"Calcular aqu\u00ed\u3010precio seguro de decesos GES\u3011Tarifas, oferta y descuento de seguro defunci\u00f3n GES 2026 \u2611\ufe0fiDecesos\u00ae N\u00ba1 en ahorro","robots":{"index":"index","follow":"follow","max-snippet":"max-snippet:-1","max-image-preview":"max-image-preview:large","max-video-preview":"max-video-preview:-1"},"canonical":"https:\/\/idecesos.com\/seguros\/companias\/ges\/precio\/","og_locale":"es_ES","og_type":"article","og_title":"Precio Seguro Decesos GES \u25b7DTO 25% I Oferta 2026","og_description":"Calcular aqu\u00ed\u3010precio seguro de decesos GES\u3011Tarifas, oferta y descuento de seguro defunci\u00f3n GES 2026 \u2611\ufe0fiDecesos\u00ae N\u00ba1 en ahorro","og_url":"https:\/\/idecesos.com\/seguros\/companias\/ges\/precio\/","article_modified_time":"2022-03-10T11:01:12+00:00","og_image":[{"width":1500,"height":559,"url":"https:\/\/idecesos.com\/seguros\/wp-content\/uploads\/2021\/12\/precio-2.jpg-82.jpeg","type":"image\/jpeg"}],"twitter_card":"summary_large_image","twitter_misc":{"Tiempo de lectura":"75 minutos"},"schema":{"@context":"https:\/\/schema.org","@graph":[{"@type":"WebPage","@id":"https:\/\/idecesos.com\/seguros\/companias\/ges\/precio\/","url":"https:\/\/idecesos.com\/seguros\/companias\/ges\/precio\/","name":"Precio Seguro Decesos GES \u25b7DTO 25% I Oferta 2026","isPartOf":{"@id":"https:\/\/idecesos.com\/seguros\/#website"},"primaryImageOfPage":{"@id":"https:\/\/idecesos.com\/seguros\/companias\/ges\/precio\/#primaryimage"},"image":{"@id":"https:\/\/idecesos.com\/seguros\/companias\/ges\/precio\/#primaryimage"},"thumbnailUrl":"https:\/\/idecesos.com\/seguros\/wp-content\/uploads\/2021\/12\/precio-2.jpg-82.jpeg","datePublished":"2021-12-15T16:03:41+00:00","dateModified":"2022-03-10T11:01:12+00:00","description":"Calcular aqu\u00ed\u3010precio seguro de decesos GES\u3011Tarifas, oferta y descuento de seguro defunci\u00f3n GES 2026 \u2611\ufe0fiDecesos\u00ae N\u00ba1 en ahorro","breadcrumb":{"@id":"https:\/\/idecesos.com\/seguros\/companias\/ges\/precio\/#breadcrumb"},"inLanguage":"es","potentialAction":[{"@type":"ReadAction","target":["https:\/\/idecesos.com\/seguros\/companias\/ges\/precio\/"]}]},{"@type":"ImageObject","inLanguage":"es","@id":"https:\/\/idecesos.com\/seguros\/companias\/ges\/precio\/#primaryimage","url":"https:\/\/idecesos.com\/seguros\/wp-content\/uploads\/2021\/12\/precio-2.jpg-82.jpeg","contentUrl":"https:\/\/idecesos.com\/seguros\/wp-content\/uploads\/2021\/12\/precio-2.jpg-82.jpeg","width":1500,"height":559,"caption":"Precio GES"},{"@type":"BreadcrumbList","@id":"https:\/\/idecesos.com\/seguros\/companias\/ges\/precio\/#breadcrumb","itemListElement":[{"@type":"ListItem","position":1,"name":"Portada","item":"https:\/\/idecesos.com\/seguros\/"},{"@type":"ListItem","position":2,"name":"Compa\u00f1\u00edas de Seguros de Decesos en Espa\u00f1a","item":"https:\/\/idecesos.com\/seguros\/companias\/"},{"@type":"ListItem","position":3,"name":"Seguro de decesos GES","item":"https:\/\/idecesos.com\/seguros\/companias\/ges\/"},{"@type":"ListItem","position":4,"name":"\u00bfCu\u00e1nto cuesta el seguro de decesos GES?"}]},{"@type":"WebSite","@id":"https:\/\/idecesos.com\/seguros\/#website","url":"https:\/\/idecesos.com\/seguros\/","name":"","description":"","potentialAction":[{"@type":"SearchAction","target":{"@type":"EntryPoint","urlTemplate":"https:\/\/idecesos.com\/seguros\/?s={search_term_string}"},"query-input":{"@type":"PropertyValueSpecification","valueRequired":true,"valueName":"search_term_string"}}],"inLanguage":"es"}]}},"_links":{"self":[{"href":"https:\/\/idecesos.com\/seguros\/wp-json\/wp\/v2\/pages\/17480","targetHints":{"allow":["GET"]}}],"collection":[{"href":"https:\/\/idecesos.com\/seguros\/wp-json\/wp\/v2\/pages"}],"about":[{"href":"https:\/\/idecesos.com\/seguros\/wp-json\/wp\/v2\/types\/page"}],"author":[{"embeddable":true,"href":"https:\/\/idecesos.com\/seguros\/wp-json\/wp\/v2\/users\/1"}],"replies":[{"embeddable":true,"href":"https:\/\/idecesos.com\/seguros\/wp-json\/wp\/v2\/comments?post=17480"}],"version-history":[{"count":3,"href":"https:\/\/idecesos.com\/seguros\/wp-json\/wp\/v2\/pages\/17480\/revisions"}],"predecessor-version":[{"id":20097,"href":"https:\/\/idecesos.com\/seguros\/wp-json\/wp\/v2\/pages\/17480\/revisions\/20097"}],"up":[{"embeddable":true,"href":"https:\/\/idecesos.com\/seguros\/wp-json\/wp\/v2\/pages\/648"}],"wp:featuredmedia":[{"embeddable":true,"href":"https:\/\/idecesos.com\/seguros\/wp-json\/wp\/v2\/media\/17481"}],"wp:attachment":[{"href":"https:\/\/idecesos.com\/seguros\/wp-json\/wp\/v2\/media?parent=17480"}],"curies":[{"name":"wp","href":"https:\/\/api.w.org\/{rel}","templated":true}]}}