{"id":17482,"date":"2021-12-15T16:03:42","date_gmt":"2021-12-15T16:03:42","guid":{"rendered":"https:\/\/idecesos.com\/seguros\/companias\/groupama\/precio\/"},"modified":"2022-03-10T11:02:46","modified_gmt":"2022-03-10T11:02:46","slug":"precio","status":"publish","type":"page","link":"https:\/\/idecesos.com\/seguros\/companias\/groupama\/precio\/","title":{"rendered":"\u00bfCu\u00e1nto cuesta el seguro de decesos Groupama?"},"content":{"rendered":"<div id=\"ez-toc-container\" class=\"ez-toc-v2_0_82_2 ez-toc-wrap-center counter-hierarchy ez-toc-counter ez-toc-custom ez-toc-container-direction\">\n<div class=\"ez-toc-title-container\">\n<p class=\"ez-toc-title\" style=\"cursor:inherit\">Tabla de Contenido<\/p>\n<span class=\"ez-toc-title-toggle\"><a href=\"#\" class=\"ez-toc-pull-right ez-toc-btn ez-toc-btn-xs ez-toc-btn-default ez-toc-toggle\" aria-label=\"Alternar tabla de contenidos\"><span class=\"ez-toc-js-icon-con\"><span class=\"\"><span class=\"eztoc-hide\" style=\"display:none;\">Toggle<\/span><span class=\"ez-toc-icon-toggle-span\"><svg style=\"fill: #db6415;color:#db6415\" xmlns=\"http:\/\/www.w3.org\/2000\/svg\" class=\"list-377408\" width=\"20px\" height=\"20px\" viewBox=\"0 0 24 24\" fill=\"none\"><path d=\"M6 6H4v2h2V6zm14 0H8v2h12V6zM4 11h2v2H4v-2zm16 0H8v2h12v-2zM4 16h2v2H4v-2zm16 0H8v2h12v-2z\" fill=\"currentColor\"><\/path><\/svg><svg style=\"fill: #db6415;color:#db6415\" class=\"arrow-unsorted-368013\" xmlns=\"http:\/\/www.w3.org\/2000\/svg\" width=\"10px\" height=\"10px\" viewBox=\"0 0 24 24\" version=\"1.2\" baseProfile=\"tiny\"><path d=\"M18.2 9.3l-6.2-6.3-6.2 6.3c-.2.2-.3.4-.3.7s.1.5.3.7c.2.2.4.3.7.3h11c.3 0 .5-.1.7-.3.2-.2.3-.5.3-.7s-.1-.5-.3-.7zM5.8 14.7l6.2 6.3 6.2-6.3c.2-.2.3-.5.3-.7s-.1-.5-.3-.7c-.2-.2-.4-.3-.7-.3h-11c-.3 0-.5.1-.7.3-.2.2-.3.5-.3.7s.1.5.3.7z\"\/><\/svg><\/span><\/span><\/span><\/a><\/span><\/div>\n<nav><ul class='ez-toc-list ez-toc-list-level-1 ' ><li class='ez-toc-page-1 ez-toc-heading-level-2'><a class=\"ez-toc-link ez-toc-heading-1\" href=\"https:\/\/idecesos.com\/seguros\/companias\/groupama\/precio\/#Calcular_precio_seguro_de_decesos_Groupama\" >Calcular precio seguro de decesos Groupama<\/a><\/li><li class='ez-toc-page-1 ez-toc-heading-level-2'><a class=\"ez-toc-link ez-toc-heading-2\" href=\"https:\/\/idecesos.com\/seguros\/companias\/groupama\/precio\/#Tabla_comparativa_de_precios_Groupama\" >Tabla comparativa de precios Groupama<\/a><ul class='ez-toc-list-level-3' ><li class='ez-toc-heading-level-3'><a class=\"ez-toc-link ez-toc-heading-3\" href=\"https:\/\/idecesos.com\/seguros\/companias\/groupama\/precio\/#%C2%BFCual_es_la_mejor_tarifa_de_seguros_de_Groupama\" >\u00bfCu\u00e1l es la mejor tarifa de seguros de Groupama ?<\/a><\/li><li class='ez-toc-page-1 ez-toc-heading-level-3'><a class=\"ez-toc-link ez-toc-heading-4\" href=\"https:\/\/idecesos.com\/seguros\/companias\/groupama\/precio\/#%C2%BFPuede_aumentar_precio_mensual_de_los_seguros_de_Groupama\" >\u00bfPuede aumentar precio mensual de los seguros de Groupama ?<\/a><\/li><li class='ez-toc-page-1 ez-toc-heading-level-3'><a class=\"ez-toc-link ez-toc-heading-5\" href=\"https:\/\/idecesos.com\/seguros\/companias\/groupama\/precio\/#%C2%BFEl_precio_de_seguros_de_decesos_Groupama_sube_con_la_edad\" >\u00bfEl precio de seguros de decesos Groupama sube con la edad?<\/a><\/li><li class='ez-toc-page-1 ez-toc-heading-level-3'><a class=\"ez-toc-link ez-toc-heading-6\" href=\"https:\/\/idecesos.com\/seguros\/companias\/groupama\/precio\/#Paginas_relacionadas\" >P\u00e1ginas relacionadas<\/a><\/li><\/ul><\/li><\/ul><\/nav><\/div>\n<p><br \/>\nEn el sector de los seguros de decesos existen muchas compa\u00f1\u00edas de seguros, coberturas y precios distintos entre los que poder cotejar. Es importante estar informado de las distintas compa\u00f1\u00edas y productos antes de decantarse por una. Merced a iDecesos no se deber\u00e1 preocupar por eso por el hecho de que le mostraremos ahora cada uno de ellos de los precios y las distintas modalidades de primas que existen en el seguro de decesos para que en un simple vistazo pueda determinar cu\u00e1l es el tipo de seguro que m\u00e1s le resulta interesante y pueda seleccionar el que mejor se amolde a sus necesidades.<\/p>\n<div class=\"colorf\"><div class=\"container clearfix\"><div class=\"col-md-7\">\n<h2><span class=\"ez-toc-section\" id=\"Calcular_precio_seguro_de_decesos_Groupama\"><\/span>Calcular precio seguro de decesos Groupama<span class=\"ez-toc-section-end\"><\/span><\/h2>\n<p>Groupama calcula a su medida y mirando la coyuntura en la que se halle la tarifa id\u00f3nea para . Con un proceso adaptado, siguiendo unos pasos muy concretos y de manera pormenorizada, sus profesionales se hacen cargo de ponerlo todo en regla acomod\u00e1ndose a sus necesidades. Es mejor estar prevenido y cubrirse en salud por lo que pueda ocurrir en un futuro. Groupama te asegura el c\u00e1lculo del precio de tu p\u00f3liza en menos de un minuto conocer\u00e1s la tarifa de seguro de decesos. Nosotros te ofrecemos la herramienta m\u00e1s f\u00e1cil del mercado a fin de que encuentres tu tarifa perfecta. Con solo rellenar los datos que te pedimos, iDecesos hace una b\u00fasqueda pormenorizada entre todos los seguros para darte la tarifa que mejor se amolde a ti. Adem\u00e1s, podr\u00e1s ver todas y cada una las ventajas que tiene de manera sencilla. Simple, \u00bfcierto?? \u00a1A qu\u00e9 est\u00e1s aguardando!Deja de preocuparte, puedes realizar este proceso todas las veces que necesites absolutamente sin costo.<br \/>\n<\/div><\/div><\/div><\/p>\n<h2><span class=\"ez-toc-section\" id=\"Tabla_comparativa_de_precios_Groupama\"><\/span>Tabla comparativa de precios Groupama<span class=\"ez-toc-section-end\"><\/span><\/h2>\n<p><div class=\"cabecera_tabla_precio\"><table class=\"table table-striped\"><thead><tr><th class=\"nosepara centrado\">Tipo<\/th><th class=\"nosepara centrado nojustificado\">Precio Desde<\/th><th class=\"nosepara dcha\"><\/th><\/tr><\/thead><tbody><tr class=\"fila_tabla_precio\"><td class=\"nosepara izq\">Precio Seguro Decesos Groupama<\/td><td class=\"nosepara centro\">1,68 \u20ac\/mes<\/td><td class=\"nosepara derecha\">\t\t\t\t\t\n\t\t\t\t\t\t<span class=\"\" style=\"cursor:pointer\" data-bs-toggle=\"modal\" data-bs-target=\"#comparadorModal\">Calcular<\/span>\t\t\t\t\n\t\t\t\t\t\n\t\t\t\t<\/td><\/tr><\/div><tr class=\"fila_tabla_precio\"><td class=\"nosepara izq\">Precio Prima \u00danica Groupama<\/td><td class=\"nosepara centro\">2415 \u20ac<\/td><td class=\"nosepara derecha\">\t\t\t\t\t\n\t\t\t\t\t\t<span class=\"\" style=\"cursor:pointer\" data-bs-toggle=\"modal\" data-bs-target=\"#comparadorModal\">Calcular<\/span>\t\t\t\t\n\t\t\t\t\t\n\t\t\t\t<\/td><\/tr><\/div><tr class=\"fila_tabla_precio\"><td class=\"nosepara izq\">Precio Prima Natural Groupama<\/td><td class=\"nosepara centro\">1,24 \u20ac\/mes<\/td><td class=\"nosepara derecha\">\t\t\t\t\t\n\t\t\t\t\t\t<span class=\"\" style=\"cursor:pointer\" data-bs-toggle=\"modal\" data-bs-target=\"#comparadorModal\">Calcular<\/span>\t\t\t\t\n\t\t\t\t\t\n\t\t\t\t<\/td><\/tr><\/div><tr class=\"fila_tabla_precio\"><td class=\"nosepara izq\">Precio Prima Nivelada Groupama<\/td><td class=\"nosepara centro\">1,63 \u20ac\/mes<\/td><td class=\"nosepara derecha\">\t\t\t\t\t\n\t\t\t\t\t\t<span class=\"\" style=\"cursor:pointer\" data-bs-toggle=\"modal\" data-bs-target=\"#comparadorModal\">Calcular<\/span>\t\t\t\t\n\t\t\t\t\t\n\t\t\t\t<\/td><\/tr><\/div><tr class=\"fila_tabla_precio\"><td class=\"nosepara izq\">Precio Prima Mixta Groupama<\/td><td class=\"nosepara centro\">1,31 \u20ac\/mes<\/td><td class=\"nosepara derecha\">\t\t\t\t\t\n\t\t\t\t\t\t<span class=\"\" style=\"cursor:pointer\" data-bs-toggle=\"modal\" data-bs-target=\"#comparadorModal\">Calcular<\/span>\t\t\t\t\n\t\t\t\t\t\n\t\t\t\t<\/td><\/tr><\/div><tr class=\"fila_tabla_precio\"><td class=\"nosepara izq\">Precio Prima Seminatural Groupama<\/td><td class=\"nosepara centro\">1,38 \u20ac\/mes<\/td><td class=\"nosepara derecha\">\t\t\t\t\t\n\t\t\t\t\t\t<span class=\"\" style=\"cursor:pointer\" data-bs-toggle=\"modal\" data-bs-target=\"#comparadorModal\">Calcular<\/span>\t\t\t\t\n\t\t\t\t\t\n\t\t\t\t<\/td><\/tr><\/div><tr class=\"fila_tabla_precio\"><td class=\"nosepara izq\">Precio con Repatriaci\u00f3n Groupama<\/td><td class=\"nosepara centro\">0,77 \u20ac a la cuota<\/td><td class=\"nosepara derecha\">\t\t\t\t\t\n\t\t\t\t\t\t<span class=\"\" style=\"cursor:pointer\" data-bs-toggle=\"modal\" data-bs-target=\"#comparadorModal\">Calcular<\/span>\t\t\t\t\n\t\t\t\t\t\n\t\t\t\t<\/td><\/tr><\/div><tr class=\"fila_tabla_precio\"><td class=\"nosepara izq\">Precio Seguro Defunci\u00f3n Groupama<\/td><td class=\"nosepara centro\">1,52 \u20ac\/mes<\/td><td class=\"nosepara derecha\">\t\t\t\t\t\n\t\t\t\t\t\t<span class=\"\" style=\"cursor:pointer\" data-bs-toggle=\"modal\" data-bs-target=\"#comparadorModal\">Calcular<\/span>\t\t\t\t\n\t\t\t\t\t\n\t\t\t\t<\/td><\/tr><\/div><tr class=\"fila_tabla_precio\"><td class=\"nosepara izq\">Precio Seguro Fallecimiento Groupama<\/td><td class=\"nosepara centro\">1,42 \u20ac\/mes<\/td><td class=\"nosepara derecha\">\t\t\t\t\t\n\t\t\t\t\t\t<span class=\"\" style=\"cursor:pointer\" data-bs-toggle=\"modal\" data-bs-target=\"#comparadorModal\">Calcular<\/span>\t\t\t\t\n\t\t\t\t\t\n\t\t\t\t<\/td><\/tr><\/div><tr class=\"fila_tabla_precio\"><td class=\"nosepara izq\">Precio Seguro Muertos Groupama<\/td><td class=\"nosepara centro\">1,57 \u20ac\/mes<\/td><td class=\"nosepara derecha\">\t\t\t\t\t\n\t\t\t\t\t\t<span class=\"\" style=\"cursor:pointer\" data-bs-toggle=\"modal\" data-bs-target=\"#comparadorModal\">Calcular<\/span>\t\t\t\t\n\t\t\t\t\t\n\t\t\t\t<\/td><\/tr><\/div><tr class=\"fila_tabla_precio\"><td class=\"nosepara izq\">Precio Asistencia Familiar Groupama<\/td><td class=\"nosepara centro\">1,53 \u20ac\/mes<\/td><td class=\"nosepara derecha\">\t\t\t\t\t\n\t\t\t\t\t\t<span class=\"\" style=\"cursor:pointer\" data-bs-toggle=\"modal\" data-bs-target=\"#comparadorModal\">Calcular<\/span>\t\t\t\t\n\t\t\t\t\t\n\t\t\t\t<\/td><\/tr><\/div><\/tbody><\/table><\/div><\/p>\n<p>Queremos facilitarte este proceso que algunas veces suele ser un poco engorroso, ahora vas a poder ver detalladamente el precio estimado cada uno de ellos de las pr\u00f3ximas p\u00f3lizas que cuenta Groupama. No solo asegura el cubrimiento del sepelio al completo, asegura a sus clientes del servicio las mejores coberturas que podr\u00e1 localizar en todo el mercado de Espa\u00f1a. Con todo esto no aseguras solo su tranquilidad sino tambi\u00e9n ayudas a sus familiares a hacer frente a los gastos de su fallecimiento. Este g\u00e9nero de p\u00f3liza es un seguro para que su familia pueda estar apacible en el momento que ocurra cualquier cosa en tanto que nuestros agentes expertos se ocupar\u00e1 de todo. Con los servicios que te ofrece Groupama y sus grandes precios podr\u00e1 estar tranquilo, sabiendo que deja todo en las manos de grandes especialistas del \u00e1mbito.<br \/>\n<div class=\"colorf\"><div class=\"container clearfix\"><div class=\"col-md-7\"><\/p>\n<h3><span class=\"ez-toc-section\" id=\"%C2%BFCual_es_la_mejor_tarifa_de_seguros_de_Groupama\"><\/span>\u00bfCu\u00e1l es la mejor tarifa de seguros de Groupama ?<span class=\"ez-toc-section-end\"><\/span><\/h3>\n<p>Ya lo sabes, gracias al trabajo de iDecesos localizar la mejor tarifa de seguro de decesos de Groupama es muy sencillo. Las p\u00f3lizas son el factor m\u00e1s diverso cuando coberturas auxiliares ya que las empresas de seguros han buscado la manera de distinguirse del resto de seguros de decesos.<br \/>\n<\/div><\/div><\/div><\/p>\n<h3><span class=\"ez-toc-section\" id=\"%C2%BFPuede_aumentar_precio_mensual_de_los_seguros_de_Groupama\"><\/span>\u00bfPuede aumentar precio mensual de los seguros de Groupama ?<span class=\"ez-toc-section-end\"><\/span><\/h3>\n<p>A continuaci\u00f3n le explicamos los diferentes tipos de primas que existen. Groupama tiene una enorme pluralidad a fin de que puedas escoger la que m\u00e1s se amolde a tus necesidades. En Espa\u00f1a, nueve de cada 10 asegurados en decesos se ha suscrito a un seguro con prima nivelada.<\/p>\n<p><strong>\u2022 Prima \u00danica:<\/strong> Con una sola aportaci\u00f3n en el pago, esta prima cubre el sepelio de personas que han superado la edad de jubilaci\u00f3n y la existencia de una enfermedad grave, este g\u00e9nero de primas acostumbra a ser contratado por personas de avanzada edad que nunca han contratado un seguro<\/p>\n<p><strong>\u2022 Prima Nivelada:<\/strong> Esta prima es conteste y no tiene subidas en su pago anual, el precio que pague en los primeros a\u00f1os ser\u00e1 mayor si lo compara con otro g\u00e9nero de modalidades. No se preocupe, lo que pagu\u00e9 tras la edad de jubilaci\u00f3n no cambiar\u00e1. Si bien esta prima puede padecer alg\u00fan cambio en sus pagos por la actualizaci\u00f3n de los capitales asegurados.<br \/>\n<strong>\u2022 Prima Natural:<\/strong> El pago esta prima se actualiza anualmente, el c\u00e1lculo del pago de estas p\u00f3lizas se calcula por los a\u00f1os que tiene usted en ese instante y lo comparan con el aumento de fallecimiento que pueda tener con el paso de los a\u00f1os, es por esto que, todos los a\u00f1os va subiendo el precio de esta prima de forma paulatina.<\/p>\n<p><strong>\u2022 Prima Mixta:<\/strong> Esta clase de prima es la uni\u00f3n entre la Prima Nivelada y Prima Natural y re\u00fane lo mejor de ambas.<\/p>\n<p>Da igual la modalidad de prima que elija, que va a poder fraccionar el pago a lo que m\u00e1s le interese, o sea, si desea pagarlo mes a mes, cada 3 meses, cada 6 meses, todos los a\u00f1os o en una sola vez y esto no ver\u00e1 perjudicado a ninguna de las coberturas contratadas y con las tarifas m\u00e1s econ\u00f3micas posibles.<br \/>\n<div class=\"colorf\"><div class=\"container clearfix\"><div class=\"col-md-7\"><\/p>\n<h3><span class=\"ez-toc-section\" id=\"%C2%BFEl_precio_de_seguros_de_decesos_Groupama_sube_con_la_edad\"><\/span>\u00bfEl precio de seguros de decesos Groupama sube con la edad?<span class=\"ez-toc-section-end\"><\/span><\/h3>\n<p>\u00bfEst\u00e1s en busca activa de qu\u00e9 garant\u00edas necesitas y precios para tu seguro de decesos? Groupama es tu soluci\u00f3n sin duda, estar\u00e1s acertando de pleno si contratas tu seguro de decesos de prima \u00fanica porque es una compa\u00f1\u00edas de primer nivel, que responder\u00e1 con total solvencia en el instante del siniestro y encima es de las p\u00f3lizas m\u00e1s asequibles de Espa\u00f1a, esto no desea decir que su servicio de asistencia sea malo, sino que la compa\u00f1\u00eda ha ce\u00f1ido al m\u00e1ximo sus costes de estructura para ser lo m\u00e1s competitivos posibles, no lo pienses m\u00e1s y contrata. Pueden existir fluctuaciones m\u00ednimos en las primas debido a la subida de precios de los elementos y servicios que componen la gesti\u00f3n completa del sepelio, y es esencial efectuar esta subida para que llegado el momento del siniestro los familiares no tengan que abonar nada. Lo que pague va a depender de los servicios contratados y de las coberturas extras que quiera incluir. Adem\u00e1s de esto puede abonar el recibo de su prima de decesos de la manera m\u00e1s flexible que le resulte. Con Decesos miles y miles de clientes se han beneficiado del servicio gratis de nuestro comparador y asesores altamente especializados a fin de que le ayuden a escoger el tipo de prima, cobertura, y precio que m\u00e1s se amolde a su perfil con las empresas de seguros m\u00e1s renovadoras y s\u00f3lidas de Espa\u00f1a. De este modo podr\u00e1 olvidarse de sus preocupaciones depositando su confianza en la profesionalidad y seguridad que Groupama tienes a sus espaldas.<\/p>\n<\/div><\/div><\/div>\n<h3><span class=\"ez-toc-section\" id=\"Paginas_relacionadas\"><\/span>P\u00e1ginas relacionadas<span class=\"ez-toc-section-end\"><\/span><\/h3><div class=\"enlazado\"><ul> <li><a href=\"https:\/\/idecesos.com\/seguros\/companias\/groupama\/opiniones\/\">Opiniones Groupama<\/a><\/li> <li><a href=\"https:\/\/idecesos.com\/seguros\/companias\/groupama\/precio\/\">Precio seguro Groupama<\/a><\/li> <li><a href=\"https:\/\/idecesos.com\/seguros\/companias\/groupama\/prima-mixta\/\">Groupama Prima Mixta<\/a><\/li> <li><a href=\"https:\/\/idecesos.com\/seguros\/companias\/groupama\/prima-natural\/\">Groupama Prima Natural<\/a><\/li> <li><a href=\"https:\/\/idecesos.com\/seguros\/companias\/groupama\/prima-nivelada\/\">Groupama Prima Nivelada<\/a><\/li> <li><a href=\"https:\/\/idecesos.com\/seguros\/companias\/groupama\/prima-unica\/\">Groupama Prima \u00danica<\/a><\/li> <li><a href=\"https:\/\/idecesos.com\/seguros\/companias\/groupama\/repatriacion\/\">Groupama Repatriaci\u00f3n<\/a><\/li> <li><a href=\"https:\/\/idecesos.com\/seguros\/companias\/groupama\/telefono\/\">Tel\u00e9fono Gratuito Groupama<\/a><\/li><\/ul><\/div>\n","protected":false},"excerpt":{"rendered":"<p>En el sector de los seguros de decesos existen muchas compa\u00f1\u00edas de seguros, coberturas y precios distintos entre los que poder cotejar. Es importante estar informado de las distintas compa\u00f1\u00edas y productos antes de decantarse por una. Merced a iDecesos no se deber\u00e1 preocupar por eso por el hecho de que le mostraremos ahora cada&hellip; <\/p>\n","protected":false},"author":1,"featured_media":17483,"parent":650,"menu_order":0,"comment_status":"closed","ping_status":"closed","template":"single.php","meta":{"footnotes":""},"class_list":["post-17482","page","type-page","status-publish","has-post-thumbnail","hentry"],"yoast_head":"<!-- This site is optimized with the Yoast SEO plugin v27.3 - https:\/\/yoast.com\/product\/yoast-seo-wordpress\/ -->\n<title>Precio Seguro Decesos Groupama \u25b7DTO 25% I Oferta 2026<\/title>\n<meta name=\"description\" content=\"Calcular aqu\u00ed\u3010precio seguro de decesos Groupama\u3011Tarifas, oferta y descuento de seguro defunci\u00f3n Groupama 2026 \u2611\ufe0fiDecesos\u00ae N\u00ba1 en ahorro\" \/>\n<meta name=\"robots\" content=\"index, follow, max-snippet:-1, max-image-preview:large, max-video-preview:-1\" \/>\n<link rel=\"canonical\" href=\"https:\/\/idecesos.com\/seguros\/companias\/groupama\/precio\/\" \/>\n<meta property=\"og:locale\" content=\"es_ES\" \/>\n<meta property=\"og:type\" content=\"article\" \/>\n<meta property=\"og:title\" content=\"Precio Seguro Decesos Groupama \u25b7DTO 25% I Oferta 2026\" \/>\n<meta property=\"og:description\" content=\"Calcular aqu\u00ed\u3010precio seguro de decesos Groupama\u3011Tarifas, oferta y descuento de seguro defunci\u00f3n Groupama 2026 \u2611\ufe0fiDecesos\u00ae N\u00ba1 en ahorro\" \/>\n<meta property=\"og:url\" content=\"https:\/\/idecesos.com\/seguros\/companias\/groupama\/precio\/\" \/>\n<meta property=\"article:modified_time\" content=\"2022-03-10T11:02:46+00:00\" \/>\n<meta property=\"og:image\" content=\"https:\/\/idecesos.com\/seguros\/wp-content\/uploads\/2021\/12\/precio-2.jpg-83.jpeg\" \/>\n\t<meta property=\"og:image:width\" content=\"1500\" \/>\n\t<meta property=\"og:image:height\" content=\"559\" \/>\n\t<meta property=\"og:image:type\" content=\"image\/jpeg\" \/>\n<meta name=\"twitter:card\" content=\"summary_large_image\" \/>\n<meta name=\"twitter:label1\" content=\"Tiempo de lectura\" \/>\n\t<meta name=\"twitter:data1\" content=\"75 minutos\" \/>\n<script type=\"application\/ld+json\" class=\"yoast-schema-graph\">{\"@context\":\"https:\\\/\\\/schema.org\",\"@graph\":[{\"@type\":\"WebPage\",\"@id\":\"https:\\\/\\\/idecesos.com\\\/seguros\\\/companias\\\/groupama\\\/precio\\\/\",\"url\":\"https:\\\/\\\/idecesos.com\\\/seguros\\\/companias\\\/groupama\\\/precio\\\/\",\"name\":\"Precio Seguro Decesos Groupama \u25b7DTO 25% I Oferta 2026\",\"isPartOf\":{\"@id\":\"https:\\\/\\\/idecesos.com\\\/seguros\\\/#website\"},\"primaryImageOfPage\":{\"@id\":\"https:\\\/\\\/idecesos.com\\\/seguros\\\/companias\\\/groupama\\\/precio\\\/#primaryimage\"},\"image\":{\"@id\":\"https:\\\/\\\/idecesos.com\\\/seguros\\\/companias\\\/groupama\\\/precio\\\/#primaryimage\"},\"thumbnailUrl\":\"https:\\\/\\\/idecesos.com\\\/seguros\\\/wp-content\\\/uploads\\\/2021\\\/12\\\/precio-2.jpg-83.jpeg\",\"datePublished\":\"2021-12-15T16:03:42+00:00\",\"dateModified\":\"2022-03-10T11:02:46+00:00\",\"description\":\"Calcular aqu\u00ed\u3010precio seguro de decesos Groupama\u3011Tarifas, oferta y descuento de seguro defunci\u00f3n Groupama 2026 \u2611\ufe0fiDecesos\u00ae N\u00ba1 en ahorro\",\"breadcrumb\":{\"@id\":\"https:\\\/\\\/idecesos.com\\\/seguros\\\/companias\\\/groupama\\\/precio\\\/#breadcrumb\"},\"inLanguage\":\"es\",\"potentialAction\":[{\"@type\":\"ReadAction\",\"target\":[\"https:\\\/\\\/idecesos.com\\\/seguros\\\/companias\\\/groupama\\\/precio\\\/\"]}]},{\"@type\":\"ImageObject\",\"inLanguage\":\"es\",\"@id\":\"https:\\\/\\\/idecesos.com\\\/seguros\\\/companias\\\/groupama\\\/precio\\\/#primaryimage\",\"url\":\"https:\\\/\\\/idecesos.com\\\/seguros\\\/wp-content\\\/uploads\\\/2021\\\/12\\\/precio-2.jpg-83.jpeg\",\"contentUrl\":\"https:\\\/\\\/idecesos.com\\\/seguros\\\/wp-content\\\/uploads\\\/2021\\\/12\\\/precio-2.jpg-83.jpeg\",\"width\":1500,\"height\":559,\"caption\":\"Precio Groupama\"},{\"@type\":\"BreadcrumbList\",\"@id\":\"https:\\\/\\\/idecesos.com\\\/seguros\\\/companias\\\/groupama\\\/precio\\\/#breadcrumb\",\"itemListElement\":[{\"@type\":\"ListItem\",\"position\":1,\"name\":\"Portada\",\"item\":\"https:\\\/\\\/idecesos.com\\\/seguros\\\/\"},{\"@type\":\"ListItem\",\"position\":2,\"name\":\"Compa\u00f1\u00edas de Seguros de Decesos en Espa\u00f1a\",\"item\":\"https:\\\/\\\/idecesos.com\\\/seguros\\\/companias\\\/\"},{\"@type\":\"ListItem\",\"position\":3,\"name\":\"Seguro de decesos Groupama\",\"item\":\"https:\\\/\\\/idecesos.com\\\/seguros\\\/companias\\\/groupama\\\/\"},{\"@type\":\"ListItem\",\"position\":4,\"name\":\"\u00bfCu\u00e1nto cuesta el seguro de decesos Groupama?\"}]},{\"@type\":\"WebSite\",\"@id\":\"https:\\\/\\\/idecesos.com\\\/seguros\\\/#website\",\"url\":\"https:\\\/\\\/idecesos.com\\\/seguros\\\/\",\"name\":\"\",\"description\":\"\",\"potentialAction\":[{\"@type\":\"SearchAction\",\"target\":{\"@type\":\"EntryPoint\",\"urlTemplate\":\"https:\\\/\\\/idecesos.com\\\/seguros\\\/?s={search_term_string}\"},\"query-input\":{\"@type\":\"PropertyValueSpecification\",\"valueRequired\":true,\"valueName\":\"search_term_string\"}}],\"inLanguage\":\"es\"}]}<\/script>\n<!-- \/ Yoast SEO plugin. -->","yoast_head_json":{"title":"Precio Seguro Decesos Groupama \u25b7DTO 25% I Oferta 2026","description":"Calcular aqu\u00ed\u3010precio seguro de decesos Groupama\u3011Tarifas, oferta y descuento de seguro defunci\u00f3n Groupama 2026 \u2611\ufe0fiDecesos\u00ae N\u00ba1 en ahorro","robots":{"index":"index","follow":"follow","max-snippet":"max-snippet:-1","max-image-preview":"max-image-preview:large","max-video-preview":"max-video-preview:-1"},"canonical":"https:\/\/idecesos.com\/seguros\/companias\/groupama\/precio\/","og_locale":"es_ES","og_type":"article","og_title":"Precio Seguro Decesos Groupama \u25b7DTO 25% I Oferta 2026","og_description":"Calcular aqu\u00ed\u3010precio seguro de decesos Groupama\u3011Tarifas, oferta y descuento de seguro defunci\u00f3n Groupama 2026 \u2611\ufe0fiDecesos\u00ae N\u00ba1 en ahorro","og_url":"https:\/\/idecesos.com\/seguros\/companias\/groupama\/precio\/","article_modified_time":"2022-03-10T11:02:46+00:00","og_image":[{"width":1500,"height":559,"url":"https:\/\/idecesos.com\/seguros\/wp-content\/uploads\/2021\/12\/precio-2.jpg-83.jpeg","type":"image\/jpeg"}],"twitter_card":"summary_large_image","twitter_misc":{"Tiempo de lectura":"75 minutos"},"schema":{"@context":"https:\/\/schema.org","@graph":[{"@type":"WebPage","@id":"https:\/\/idecesos.com\/seguros\/companias\/groupama\/precio\/","url":"https:\/\/idecesos.com\/seguros\/companias\/groupama\/precio\/","name":"Precio Seguro Decesos Groupama \u25b7DTO 25% I Oferta 2026","isPartOf":{"@id":"https:\/\/idecesos.com\/seguros\/#website"},"primaryImageOfPage":{"@id":"https:\/\/idecesos.com\/seguros\/companias\/groupama\/precio\/#primaryimage"},"image":{"@id":"https:\/\/idecesos.com\/seguros\/companias\/groupama\/precio\/#primaryimage"},"thumbnailUrl":"https:\/\/idecesos.com\/seguros\/wp-content\/uploads\/2021\/12\/precio-2.jpg-83.jpeg","datePublished":"2021-12-15T16:03:42+00:00","dateModified":"2022-03-10T11:02:46+00:00","description":"Calcular aqu\u00ed\u3010precio seguro de decesos Groupama\u3011Tarifas, oferta y descuento de seguro defunci\u00f3n Groupama 2026 \u2611\ufe0fiDecesos\u00ae N\u00ba1 en ahorro","breadcrumb":{"@id":"https:\/\/idecesos.com\/seguros\/companias\/groupama\/precio\/#breadcrumb"},"inLanguage":"es","potentialAction":[{"@type":"ReadAction","target":["https:\/\/idecesos.com\/seguros\/companias\/groupama\/precio\/"]}]},{"@type":"ImageObject","inLanguage":"es","@id":"https:\/\/idecesos.com\/seguros\/companias\/groupama\/precio\/#primaryimage","url":"https:\/\/idecesos.com\/seguros\/wp-content\/uploads\/2021\/12\/precio-2.jpg-83.jpeg","contentUrl":"https:\/\/idecesos.com\/seguros\/wp-content\/uploads\/2021\/12\/precio-2.jpg-83.jpeg","width":1500,"height":559,"caption":"Precio Groupama"},{"@type":"BreadcrumbList","@id":"https:\/\/idecesos.com\/seguros\/companias\/groupama\/precio\/#breadcrumb","itemListElement":[{"@type":"ListItem","position":1,"name":"Portada","item":"https:\/\/idecesos.com\/seguros\/"},{"@type":"ListItem","position":2,"name":"Compa\u00f1\u00edas de Seguros de Decesos en Espa\u00f1a","item":"https:\/\/idecesos.com\/seguros\/companias\/"},{"@type":"ListItem","position":3,"name":"Seguro de decesos Groupama","item":"https:\/\/idecesos.com\/seguros\/companias\/groupama\/"},{"@type":"ListItem","position":4,"name":"\u00bfCu\u00e1nto cuesta el seguro de decesos Groupama?"}]},{"@type":"WebSite","@id":"https:\/\/idecesos.com\/seguros\/#website","url":"https:\/\/idecesos.com\/seguros\/","name":"","description":"","potentialAction":[{"@type":"SearchAction","target":{"@type":"EntryPoint","urlTemplate":"https:\/\/idecesos.com\/seguros\/?s={search_term_string}"},"query-input":{"@type":"PropertyValueSpecification","valueRequired":true,"valueName":"search_term_string"}}],"inLanguage":"es"}]}},"_links":{"self":[{"href":"https:\/\/idecesos.com\/seguros\/wp-json\/wp\/v2\/pages\/17482","targetHints":{"allow":["GET"]}}],"collection":[{"href":"https:\/\/idecesos.com\/seguros\/wp-json\/wp\/v2\/pages"}],"about":[{"href":"https:\/\/idecesos.com\/seguros\/wp-json\/wp\/v2\/types\/page"}],"author":[{"embeddable":true,"href":"https:\/\/idecesos.com\/seguros\/wp-json\/wp\/v2\/users\/1"}],"replies":[{"embeddable":true,"href":"https:\/\/idecesos.com\/seguros\/wp-json\/wp\/v2\/comments?post=17482"}],"version-history":[{"count":3,"href":"https:\/\/idecesos.com\/seguros\/wp-json\/wp\/v2\/pages\/17482\/revisions"}],"predecessor-version":[{"id":20101,"href":"https:\/\/idecesos.com\/seguros\/wp-json\/wp\/v2\/pages\/17482\/revisions\/20101"}],"up":[{"embeddable":true,"href":"https:\/\/idecesos.com\/seguros\/wp-json\/wp\/v2\/pages\/650"}],"wp:featuredmedia":[{"embeddable":true,"href":"https:\/\/idecesos.com\/seguros\/wp-json\/wp\/v2\/media\/17483"}],"wp:attachment":[{"href":"https:\/\/idecesos.com\/seguros\/wp-json\/wp\/v2\/media?parent=17482"}],"curies":[{"name":"wp","href":"https:\/\/api.w.org\/{rel}","templated":true}]}}