{"id":17484,"date":"2021-12-15T16:03:42","date_gmt":"2021-12-15T16:03:42","guid":{"rendered":"https:\/\/idecesos.com\/seguros\/companias\/nuez\/precio\/"},"modified":"2022-03-10T11:24:47","modified_gmt":"2022-03-10T11:24:47","slug":"precio","status":"publish","type":"page","link":"https:\/\/idecesos.com\/seguros\/companias\/nuez\/precio\/","title":{"rendered":"\u00bfCu\u00e1nto cuesta el seguro de decesos Nuez?"},"content":{"rendered":"<div id=\"ez-toc-container\" class=\"ez-toc-v2_0_82_2 ez-toc-wrap-center counter-hierarchy ez-toc-counter ez-toc-custom ez-toc-container-direction\">\n<div class=\"ez-toc-title-container\">\n<p class=\"ez-toc-title\" style=\"cursor:inherit\">Tabla de Contenido<\/p>\n<span class=\"ez-toc-title-toggle\"><a href=\"#\" class=\"ez-toc-pull-right ez-toc-btn ez-toc-btn-xs ez-toc-btn-default ez-toc-toggle\" aria-label=\"Alternar tabla de contenidos\"><span class=\"ez-toc-js-icon-con\"><span class=\"\"><span class=\"eztoc-hide\" style=\"display:none;\">Toggle<\/span><span class=\"ez-toc-icon-toggle-span\"><svg style=\"fill: #db6415;color:#db6415\" xmlns=\"http:\/\/www.w3.org\/2000\/svg\" class=\"list-377408\" width=\"20px\" height=\"20px\" viewBox=\"0 0 24 24\" fill=\"none\"><path d=\"M6 6H4v2h2V6zm14 0H8v2h12V6zM4 11h2v2H4v-2zm16 0H8v2h12v-2zM4 16h2v2H4v-2zm16 0H8v2h12v-2z\" fill=\"currentColor\"><\/path><\/svg><svg style=\"fill: #db6415;color:#db6415\" class=\"arrow-unsorted-368013\" xmlns=\"http:\/\/www.w3.org\/2000\/svg\" width=\"10px\" height=\"10px\" viewBox=\"0 0 24 24\" version=\"1.2\" baseProfile=\"tiny\"><path d=\"M18.2 9.3l-6.2-6.3-6.2 6.3c-.2.2-.3.4-.3.7s.1.5.3.7c.2.2.4.3.7.3h11c.3 0 .5-.1.7-.3.2-.2.3-.5.3-.7s-.1-.5-.3-.7zM5.8 14.7l6.2 6.3 6.2-6.3c.2-.2.3-.5.3-.7s-.1-.5-.3-.7c-.2-.2-.4-.3-.7-.3h-11c-.3 0-.5.1-.7.3-.2.2-.3.5-.3.7s.1.5.3.7z\"\/><\/svg><\/span><\/span><\/span><\/a><\/span><\/div>\n<nav><ul class='ez-toc-list ez-toc-list-level-1 ' ><li class='ez-toc-page-1 ez-toc-heading-level-2'><a class=\"ez-toc-link ez-toc-heading-1\" href=\"https:\/\/idecesos.com\/seguros\/companias\/nuez\/precio\/#Calcular_precio_seguro_de_decesos_Nuez\" >Calcular precio seguro de decesos Nuez<\/a><\/li><li class='ez-toc-page-1 ez-toc-heading-level-2'><a class=\"ez-toc-link ez-toc-heading-2\" href=\"https:\/\/idecesos.com\/seguros\/companias\/nuez\/precio\/#Tabla_comparativa_de_precios_Nuez\" >Tabla comparativa de precios Nuez<\/a><ul class='ez-toc-list-level-3' ><li class='ez-toc-heading-level-3'><a class=\"ez-toc-link ez-toc-heading-3\" href=\"https:\/\/idecesos.com\/seguros\/companias\/nuez\/precio\/#%C2%BFCual_es_la_mejor_tarifa_de_seguros_de_Nuez\" >\u00bfCu\u00e1l es la mejor tarifa de seguros de Nuez ?<\/a><\/li><li class='ez-toc-page-1 ez-toc-heading-level-3'><a class=\"ez-toc-link ez-toc-heading-4\" href=\"https:\/\/idecesos.com\/seguros\/companias\/nuez\/precio\/#%C2%BFPuede_aumentar_precio_mensual_de_los_seguros_de_Nuez\" >\u00bfPuede aumentar precio mensual de los seguros de Nuez ?<\/a><\/li><li class='ez-toc-page-1 ez-toc-heading-level-3'><a class=\"ez-toc-link ez-toc-heading-5\" href=\"https:\/\/idecesos.com\/seguros\/companias\/nuez\/precio\/#%C2%BFEl_precio_de_seguros_de_decesos_Nuez_sube_con_la_edad\" >\u00bfEl precio de seguros de decesos Nuez sube con la edad?<\/a><\/li><li class='ez-toc-page-1 ez-toc-heading-level-3'><a class=\"ez-toc-link ez-toc-heading-6\" href=\"https:\/\/idecesos.com\/seguros\/companias\/nuez\/precio\/#Paginas_relacionadas\" >P\u00e1ginas relacionadas<\/a><\/li><\/ul><\/li><\/ul><\/nav><\/div>\n<p><br \/>\nAdem\u00e1s de contar con sus clientes del servicio de toda la vida, los asegurados les siguen eligiendo por ser una enorme Nuez. Hay ciertos periodos donde se encargan de equilibrar la tarifa del seguro de decesos, para una mayor serenidad en sus asegurados a fin de que prosigan contando con las coberturas m\u00e1s amplias en el instante del sepelio. Gestionando de diferente manera el estudio del asegurado, se determina la p\u00f3liza, con lo que puede ser constante o no a lo largo del tiempo. Por ello que en la contrataci\u00f3n va a venir de forma m\u00e1s definida. Para determinar con exactitud la tarifa de la p\u00f3liza para el asegurado se llevar\u00e1 de manera muy exhaustiva y estudiando diferentes circunstancias. Si bien en estos \u00faltimos a\u00f1os la Nuez ha ido amoldando sus tarifas con la finalidad de que los precios sean m\u00e1s equilibrados, que no sea una barrera al instante de apreciar contratar un seguro de decesos con Nuez. Lo que importa es que la compa\u00f1\u00eda de seguros llevar\u00e1 a cabo la regulaci\u00f3n de su precio adapt\u00e1ndose en todo momento a ti.<\/p>\n<div class=\"colorf\"><div class=\"container clearfix\"><div class=\"col-md-7\">\n<h2><span class=\"ez-toc-section\" id=\"Calcular_precio_seguro_de_decesos_Nuez\"><\/span>Calcular precio seguro de decesos Nuez<span class=\"ez-toc-section-end\"><\/span><\/h2>\n<p>Tras examinar todo el proceso que con lleva para obtener un c\u00e1lculo exacto, teniendo en cuenta los distintos factores que forman la p\u00f3liza de Nuez. Lo que calculas aparte del dinero es el valor a\u00f1adido a tu ser querido que pueda tener serenidad. Nuez es tu compa\u00f1\u00eda de seguros id\u00f3nea para detallar los precios de la p\u00f3liza que buscas. La existencia de iDecesos nace para ponerte todo m\u00e1s simple que en cuesti\u00f3n de segundos obtengas los resultados de las comparaciones de las diferentes p\u00f3lizas de Nuez aparte de eso consiguiendo ver en detalle sus tarifas y sus coberturas.<br \/>\n<\/div><\/div><\/div><\/p>\n<h2><span class=\"ez-toc-section\" id=\"Tabla_comparativa_de_precios_Nuez\"><\/span>Tabla comparativa de precios Nuez<span class=\"ez-toc-section-end\"><\/span><\/h2>\n<p><div class=\"cabecera_tabla_precio\"><table class=\"table table-striped\"><thead><tr><th class=\"nosepara centrado\">Tipo<\/th><th class=\"nosepara centrado nojustificado\">Precio Desde<\/th><th class=\"nosepara dcha\"><\/th><\/tr><\/thead><tbody><tr class=\"fila_tabla_precio\"><td class=\"nosepara izq\">Precio Seguro Decesos Nuez<\/td><td class=\"nosepara centro\">1,62 \u20ac\/mes<\/td><td class=\"nosepara derecha\">\t\t\t\t\t\n\t\t\t\t\t\t<span class=\"\" style=\"cursor:pointer\" data-bs-toggle=\"modal\" data-bs-target=\"#comparadorModal\">Calcular<\/span>\t\t\t\t\n\t\t\t\t\t\n\t\t\t\t<\/td><\/tr><\/div><tr class=\"fila_tabla_precio\"><td class=\"nosepara izq\">Precio Prima \u00danica Nuez<\/td><td class=\"nosepara centro\">2325 \u20ac<\/td><td class=\"nosepara derecha\">\t\t\t\t\t\n\t\t\t\t\t\t<span class=\"\" style=\"cursor:pointer\" data-bs-toggle=\"modal\" data-bs-target=\"#comparadorModal\">Calcular<\/span>\t\t\t\t\n\t\t\t\t\t\n\t\t\t\t<\/td><\/tr><\/div><tr class=\"fila_tabla_precio\"><td class=\"nosepara izq\">Precio Prima Natural Nuez<\/td><td class=\"nosepara centro\">1,28 \u20ac\/mes<\/td><td class=\"nosepara derecha\">\t\t\t\t\t\n\t\t\t\t\t\t<span class=\"\" style=\"cursor:pointer\" data-bs-toggle=\"modal\" data-bs-target=\"#comparadorModal\">Calcular<\/span>\t\t\t\t\n\t\t\t\t\t\n\t\t\t\t<\/td><\/tr><\/div><tr class=\"fila_tabla_precio\"><td class=\"nosepara izq\">Precio Prima Nivelada Nuez<\/td><td class=\"nosepara centro\">1,69 \u20ac\/mes<\/td><td class=\"nosepara derecha\">\t\t\t\t\t\n\t\t\t\t\t\t<span class=\"\" style=\"cursor:pointer\" data-bs-toggle=\"modal\" data-bs-target=\"#comparadorModal\">Calcular<\/span>\t\t\t\t\n\t\t\t\t\t\n\t\t\t\t<\/td><\/tr><\/div><tr class=\"fila_tabla_precio\"><td class=\"nosepara izq\">Precio Prima Mixta Nuez<\/td><td class=\"nosepara centro\">1,32 \u20ac\/mes<\/td><td class=\"nosepara derecha\">\t\t\t\t\t\n\t\t\t\t\t\t<span class=\"\" style=\"cursor:pointer\" data-bs-toggle=\"modal\" data-bs-target=\"#comparadorModal\">Calcular<\/span>\t\t\t\t\n\t\t\t\t\t\n\t\t\t\t<\/td><\/tr><\/div><tr class=\"fila_tabla_precio\"><td class=\"nosepara izq\">Precio Prima Seminatural Nuez<\/td><td class=\"nosepara centro\">1,32 \u20ac\/mes<\/td><td class=\"nosepara derecha\">\t\t\t\t\t\n\t\t\t\t\t\t<span class=\"\" style=\"cursor:pointer\" data-bs-toggle=\"modal\" data-bs-target=\"#comparadorModal\">Calcular<\/span>\t\t\t\t\n\t\t\t\t\t\n\t\t\t\t<\/td><\/tr><\/div><tr class=\"fila_tabla_precio\"><td class=\"nosepara izq\">Precio con Repatriaci\u00f3n Nuez<\/td><td class=\"nosepara centro\">0,83 \u20ac a la cuota<\/td><td class=\"nosepara derecha\">\t\t\t\t\t\n\t\t\t\t\t\t<span class=\"\" style=\"cursor:pointer\" data-bs-toggle=\"modal\" data-bs-target=\"#comparadorModal\">Calcular<\/span>\t\t\t\t\n\t\t\t\t\t\n\t\t\t\t<\/td><\/tr><\/div><tr class=\"fila_tabla_precio\"><td class=\"nosepara izq\">Precio Seguro Defunci\u00f3n Nuez<\/td><td class=\"nosepara centro\">1,58 \u20ac\/mes<\/td><td class=\"nosepara derecha\">\t\t\t\t\t\n\t\t\t\t\t\t<span class=\"\" style=\"cursor:pointer\" data-bs-toggle=\"modal\" data-bs-target=\"#comparadorModal\">Calcular<\/span>\t\t\t\t\n\t\t\t\t\t\n\t\t\t\t<\/td><\/tr><\/div><tr class=\"fila_tabla_precio\"><td class=\"nosepara izq\">Precio Seguro Fallecimiento Nuez<\/td><td class=\"nosepara centro\">1,44 \u20ac\/mes<\/td><td class=\"nosepara derecha\">\t\t\t\t\t\n\t\t\t\t\t\t<span class=\"\" style=\"cursor:pointer\" data-bs-toggle=\"modal\" data-bs-target=\"#comparadorModal\">Calcular<\/span>\t\t\t\t\n\t\t\t\t\t\n\t\t\t\t<\/td><\/tr><\/div><tr class=\"fila_tabla_precio\"><td class=\"nosepara izq\">Precio Seguro Muertos Nuez<\/td><td class=\"nosepara centro\">1,66 \u20ac\/mes<\/td><td class=\"nosepara derecha\">\t\t\t\t\t\n\t\t\t\t\t\t<span class=\"\" style=\"cursor:pointer\" data-bs-toggle=\"modal\" data-bs-target=\"#comparadorModal\">Calcular<\/span>\t\t\t\t\n\t\t\t\t\t\n\t\t\t\t<\/td><\/tr><\/div><tr class=\"fila_tabla_precio\"><td class=\"nosepara izq\">Precio Asistencia Familiar Nuez<\/td><td class=\"nosepara centro\">1,58 \u20ac\/mes<\/td><td class=\"nosepara derecha\">\t\t\t\t\t\n\t\t\t\t\t\t<span class=\"\" style=\"cursor:pointer\" data-bs-toggle=\"modal\" data-bs-target=\"#comparadorModal\">Calcular<\/span>\t\t\t\t\n\t\t\t\t\t\n\t\t\t\t<\/td><\/tr><\/div><\/tbody><\/table><\/div><\/p>\n<p>Pr\u00f3ximamente te vamos a mostrar una disertaci\u00f3n con los precios y primas del seguro de decesos de Nuez m\u00e1s econ\u00f3micos y actualizados en tiempo real. Estas primas han sido creadas pensando en sus intereses y necesidades para que pueda seleccionar la que mejor se adapte a . Todos los precios que os mostramos son de las amplia tipolog\u00eda de primas que le oferta la Nuez.<br \/>\n<div class=\"colorf\"><div class=\"container clearfix\"><div class=\"col-md-7\"><\/p>\n<h3><span class=\"ez-toc-section\" id=\"%C2%BFCual_es_la_mejor_tarifa_de_seguros_de_Nuez\"><\/span>\u00bfCu\u00e1l es la mejor tarifa de seguros de Nuez ?<span class=\"ez-toc-section-end\"><\/span><\/h3>\n<p>Nuez tiene uno de los mejores seguros de decesos del mercado actual merced a su gran pluralidad de coberturas y p\u00f3lizas con diferentes modalidades de pagos. Nuez se adaptar\u00e1 a las circunstancias de cada asegurado d\u00e1ndole las mejores coberturas para cada caso. Puedes estar tranquilo, Nuez incluye unas garant\u00edas en todas y cada una de sus cl\u00e1usulas para que no te debas preocupar por nada.<br \/>\n<\/div><\/div><\/div><\/p>\n<h3><span class=\"ez-toc-section\" id=\"%C2%BFPuede_aumentar_precio_mensual_de_los_seguros_de_Nuez\"><\/span>\u00bfPuede aumentar precio mensual de los seguros de Nuez ?<span class=\"ez-toc-section-end\"><\/span><\/h3>\n<p>Hay muchos g\u00e9neros de prima que Nuez ha concebido para ti y para que puedas escoger la que mejor se amolde a sus necesidades. En Espa\u00f1a, nueve de cada 10 personas que han contratado un seguro de decesos se han subscrito a la prima nivelada. Ahora le mostramos los diferentes g\u00e9neros de primas. \u2022 Prima \u00danica: Esta prima cubre el sepelio de las personas que han superado la edad de jubilaci\u00f3n o que tienen una enfermedad grave y solo debe hacer una sola aportaci\u00f3n en el pago. Este g\u00e9nero de primas acostumbran a ser contratadas por personas mayores que nunca han contratado un seguro. A partir de la edad de jubilaci\u00f3n el pago de esta prima se mantendr\u00e1 y no cambiar\u00e1. Si bien puede padecer alg\u00fan cambio en sus pagos por la actualizaci\u00f3n de los capitales asegurados si bien se identifica por ser constante. <strong>\u2022 Prima Natural:<\/strong> El pago de esta prima se actualiza todos los a\u00f1os. Su precio va subiendo con el paso del tiempo paulatinamente en tanto que su precio se calcula con los a\u00f1os que tiene en el instante de su contrataci\u00f3n y lo van equiparando con el incremento de fallecimiento que pueda tener con el paso de los a\u00f1os.<\/p>\n<p><strong>\u2022 Prima Mixta:<\/strong> Esta prima combina las modalidades de Prima Nivelada y Prima Natural haciendo un mix de ambas, por un lado, la prima mixta se va recalculando como la prima natural, dependiendo del peligro de fallecimiento que pueda tener el asegurado dependiendo de sus a\u00f1os, sin embargo, superados los 60 a\u00f1os esta prima incorpora una nivelaci\u00f3n de precios que quedar\u00e1 incesante como en la prima nivelada.<\/p>\n<p>Independientemente del g\u00e9nero de prima de decesos que escoja, va a poder flexibilizar su cuota todo cuanto quiera pues le ofrecemos todas y cada una de las comodidades posibles a fin de que le sea lo m\u00e1s liviano posible el hacerse cargo del recibo y que no le suponga ning\u00fan esfuerzo dejar todo previsto a sus familiares.<br \/>\n<div class=\"colorf\"><div class=\"container clearfix\"><div class=\"col-md-7\"><\/p>\n<h3><span class=\"ez-toc-section\" id=\"%C2%BFEl_precio_de_seguros_de_decesos_Nuez_sube_con_la_edad\"><\/span>\u00bfEl precio de seguros de decesos Nuez sube con la edad?<span class=\"ez-toc-section-end\"><\/span><\/h3>\n<p>\u00bfA\u00fan no sabe que plan escoger? Nuez le ofrece un seguro de decesos de Prima \u00danica que le dar\u00e1 todo lo que usted ha estado buscando: tranquilidad y buenos servicios. Los profesionales del servicio de asistencia de la aseguradora se van a hacer cargo de de todos y cada uno de los tr\u00e1mites desde el momento en que los familiares llamen al tel\u00e9fono de asistencia, pasando por todos y cada uno de los tr\u00e1mites legales, hasta el momento en que el el finado es enterrado o incinerado. Adem\u00e1s, si hay una inflaci\u00f3n en los materiales, costos de personal y para que no quede en infraseguros los asegurados se efectuar\u00e1 una actualizaci\u00f3n de capitales que le afectar\u00e1 en el precio de la prima liger\u00edsimamente para que llegado el siniestro no falte capital para su tr\u00e1mite. En iDecesos le ofrecemos las m\u00e1ximas garant\u00edas de que va a encontrar el seguro de decesos m\u00e1s conveniente a su perfil, pero encima sin que se deba preocupar de nada, adem\u00e1s gozamos de las mejores empresas de seguros, las tarifas m\u00e1s asequibles con cada una de ellas, ofertas continuas y todos los modelos de primas que existen, como con la m\u00e1xima flexibilidad de pago posible. El resultado de todo, es una tranquilidad en nuestros clientes del servicio de que han dejado todo resuelto con una compa\u00f1\u00eda de seguros de m\u00e1xima solvencia y enormemente experta en seguro de los fallecidos. Nuez le ofrece profesionalidad y grandes coberturas que cubrir\u00e1n todo lo que necesite.<\/p>\n<\/div><\/div><\/div>\n<h3><span class=\"ez-toc-section\" id=\"Paginas_relacionadas\"><\/span>P\u00e1ginas relacionadas<span class=\"ez-toc-section-end\"><\/span><\/h3><div class=\"enlazado\"><ul> <li><a href=\"https:\/\/idecesos.com\/seguros\/companias\/nuez\/opiniones\/\">Opiniones Nuez<\/a><\/li> <li><a href=\"https:\/\/idecesos.com\/seguros\/companias\/nuez\/precio\/\">Precio seguro Nuez<\/a><\/li> <li><a href=\"https:\/\/idecesos.com\/seguros\/companias\/nuez\/prima-mixta\/\">Nuez Prima Mixta<\/a><\/li> <li><a href=\"https:\/\/idecesos.com\/seguros\/companias\/nuez\/prima-natural\/\">Nuez Prima Natural<\/a><\/li> <li><a href=\"https:\/\/idecesos.com\/seguros\/companias\/nuez\/prima-nivelada\/\">Nuez Prima Nivelada<\/a><\/li> <li><a href=\"https:\/\/idecesos.com\/seguros\/companias\/nuez\/prima-unica\/\">Nuez Prima \u00danica<\/a><\/li> <li><a href=\"https:\/\/idecesos.com\/seguros\/companias\/nuez\/repatriacion\/\">Nuez Repatriaci\u00f3n<\/a><\/li> <li><a href=\"https:\/\/idecesos.com\/seguros\/companias\/nuez\/telefono\/\">Tel\u00e9fono Gratuito Nuez<\/a><\/li><\/ul><\/div>\n","protected":false},"excerpt":{"rendered":"<p>Adem\u00e1s de contar con sus clientes del servicio de toda la vida, los asegurados les siguen eligiendo por ser una enorme Nuez. Hay ciertos periodos donde se encargan de equilibrar la tarifa del seguro de decesos, para una mayor serenidad en sus asegurados a fin de que prosigan contando con las coberturas m\u00e1s amplias en&hellip; <\/p>\n","protected":false},"author":1,"featured_media":17485,"parent":775,"menu_order":0,"comment_status":"closed","ping_status":"closed","template":"single.php","meta":{"footnotes":""},"class_list":["post-17484","page","type-page","status-publish","has-post-thumbnail","hentry"],"yoast_head":"<!-- This site is optimized with the Yoast SEO plugin v27.3 - https:\/\/yoast.com\/product\/yoast-seo-wordpress\/ -->\n<title>Precio Seguro Decesos Nuez \u25b7DTO 25% I Oferta 2026<\/title>\n<meta name=\"description\" content=\"Calcular aqu\u00ed\u3010precio seguro de decesos Nuez\u3011Tarifas, oferta y descuento de seguro defunci\u00f3n Nuez 2026 \u2611\ufe0fiDecesos\u00ae N\u00ba1 en ahorro\" \/>\n<meta name=\"robots\" content=\"index, follow, max-snippet:-1, max-image-preview:large, max-video-preview:-1\" \/>\n<link rel=\"canonical\" href=\"https:\/\/idecesos.com\/seguros\/companias\/nuez\/precio\/\" \/>\n<meta property=\"og:locale\" content=\"es_ES\" \/>\n<meta property=\"og:type\" content=\"article\" \/>\n<meta property=\"og:title\" content=\"Precio Seguro Decesos Nuez \u25b7DTO 25% I Oferta 2026\" \/>\n<meta property=\"og:description\" content=\"Calcular aqu\u00ed\u3010precio seguro de decesos Nuez\u3011Tarifas, oferta y descuento de seguro defunci\u00f3n Nuez 2026 \u2611\ufe0fiDecesos\u00ae N\u00ba1 en ahorro\" \/>\n<meta property=\"og:url\" content=\"https:\/\/idecesos.com\/seguros\/companias\/nuez\/precio\/\" \/>\n<meta property=\"article:modified_time\" content=\"2022-03-10T11:24:47+00:00\" \/>\n<meta property=\"og:image\" content=\"https:\/\/idecesos.com\/seguros\/wp-content\/uploads\/2021\/12\/precio-2.jpg-84.jpeg\" \/>\n\t<meta property=\"og:image:width\" content=\"1500\" \/>\n\t<meta property=\"og:image:height\" content=\"559\" \/>\n\t<meta property=\"og:image:type\" content=\"image\/jpeg\" \/>\n<meta name=\"twitter:card\" content=\"summary_large_image\" \/>\n<meta name=\"twitter:label1\" content=\"Tiempo de lectura\" \/>\n\t<meta name=\"twitter:data1\" content=\"75 minutos\" \/>\n<script type=\"application\/ld+json\" class=\"yoast-schema-graph\">{\"@context\":\"https:\\\/\\\/schema.org\",\"@graph\":[{\"@type\":\"WebPage\",\"@id\":\"https:\\\/\\\/idecesos.com\\\/seguros\\\/companias\\\/nuez\\\/precio\\\/\",\"url\":\"https:\\\/\\\/idecesos.com\\\/seguros\\\/companias\\\/nuez\\\/precio\\\/\",\"name\":\"Precio Seguro Decesos Nuez \u25b7DTO 25% I Oferta 2026\",\"isPartOf\":{\"@id\":\"https:\\\/\\\/idecesos.com\\\/seguros\\\/#website\"},\"primaryImageOfPage\":{\"@id\":\"https:\\\/\\\/idecesos.com\\\/seguros\\\/companias\\\/nuez\\\/precio\\\/#primaryimage\"},\"image\":{\"@id\":\"https:\\\/\\\/idecesos.com\\\/seguros\\\/companias\\\/nuez\\\/precio\\\/#primaryimage\"},\"thumbnailUrl\":\"https:\\\/\\\/idecesos.com\\\/seguros\\\/wp-content\\\/uploads\\\/2021\\\/12\\\/precio-2.jpg-84.jpeg\",\"datePublished\":\"2021-12-15T16:03:42+00:00\",\"dateModified\":\"2022-03-10T11:24:47+00:00\",\"description\":\"Calcular aqu\u00ed\u3010precio seguro de decesos Nuez\u3011Tarifas, oferta y descuento de seguro defunci\u00f3n Nuez 2026 \u2611\ufe0fiDecesos\u00ae N\u00ba1 en ahorro\",\"breadcrumb\":{\"@id\":\"https:\\\/\\\/idecesos.com\\\/seguros\\\/companias\\\/nuez\\\/precio\\\/#breadcrumb\"},\"inLanguage\":\"es\",\"potentialAction\":[{\"@type\":\"ReadAction\",\"target\":[\"https:\\\/\\\/idecesos.com\\\/seguros\\\/companias\\\/nuez\\\/precio\\\/\"]}]},{\"@type\":\"ImageObject\",\"inLanguage\":\"es\",\"@id\":\"https:\\\/\\\/idecesos.com\\\/seguros\\\/companias\\\/nuez\\\/precio\\\/#primaryimage\",\"url\":\"https:\\\/\\\/idecesos.com\\\/seguros\\\/wp-content\\\/uploads\\\/2021\\\/12\\\/precio-2.jpg-84.jpeg\",\"contentUrl\":\"https:\\\/\\\/idecesos.com\\\/seguros\\\/wp-content\\\/uploads\\\/2021\\\/12\\\/precio-2.jpg-84.jpeg\",\"width\":1500,\"height\":559,\"caption\":\"Precio Nuez\"},{\"@type\":\"BreadcrumbList\",\"@id\":\"https:\\\/\\\/idecesos.com\\\/seguros\\\/companias\\\/nuez\\\/precio\\\/#breadcrumb\",\"itemListElement\":[{\"@type\":\"ListItem\",\"position\":1,\"name\":\"Portada\",\"item\":\"https:\\\/\\\/idecesos.com\\\/seguros\\\/\"},{\"@type\":\"ListItem\",\"position\":2,\"name\":\"Compa\u00f1\u00edas de Seguros de Decesos en Espa\u00f1a\",\"item\":\"https:\\\/\\\/idecesos.com\\\/seguros\\\/companias\\\/\"},{\"@type\":\"ListItem\",\"position\":3,\"name\":\"Seguro de decesos Nuez\",\"item\":\"https:\\\/\\\/idecesos.com\\\/seguros\\\/companias\\\/nuez\\\/\"},{\"@type\":\"ListItem\",\"position\":4,\"name\":\"\u00bfCu\u00e1nto cuesta el seguro de decesos Nuez?\"}]},{\"@type\":\"WebSite\",\"@id\":\"https:\\\/\\\/idecesos.com\\\/seguros\\\/#website\",\"url\":\"https:\\\/\\\/idecesos.com\\\/seguros\\\/\",\"name\":\"\",\"description\":\"\",\"potentialAction\":[{\"@type\":\"SearchAction\",\"target\":{\"@type\":\"EntryPoint\",\"urlTemplate\":\"https:\\\/\\\/idecesos.com\\\/seguros\\\/?s={search_term_string}\"},\"query-input\":{\"@type\":\"PropertyValueSpecification\",\"valueRequired\":true,\"valueName\":\"search_term_string\"}}],\"inLanguage\":\"es\"}]}<\/script>\n<!-- \/ Yoast SEO plugin. -->","yoast_head_json":{"title":"Precio Seguro Decesos Nuez \u25b7DTO 25% I Oferta 2026","description":"Calcular aqu\u00ed\u3010precio seguro de decesos Nuez\u3011Tarifas, oferta y descuento de seguro defunci\u00f3n Nuez 2026 \u2611\ufe0fiDecesos\u00ae N\u00ba1 en ahorro","robots":{"index":"index","follow":"follow","max-snippet":"max-snippet:-1","max-image-preview":"max-image-preview:large","max-video-preview":"max-video-preview:-1"},"canonical":"https:\/\/idecesos.com\/seguros\/companias\/nuez\/precio\/","og_locale":"es_ES","og_type":"article","og_title":"Precio Seguro Decesos Nuez \u25b7DTO 25% I Oferta 2026","og_description":"Calcular aqu\u00ed\u3010precio seguro de decesos Nuez\u3011Tarifas, oferta y descuento de seguro defunci\u00f3n Nuez 2026 \u2611\ufe0fiDecesos\u00ae N\u00ba1 en ahorro","og_url":"https:\/\/idecesos.com\/seguros\/companias\/nuez\/precio\/","article_modified_time":"2022-03-10T11:24:47+00:00","og_image":[{"width":1500,"height":559,"url":"https:\/\/idecesos.com\/seguros\/wp-content\/uploads\/2021\/12\/precio-2.jpg-84.jpeg","type":"image\/jpeg"}],"twitter_card":"summary_large_image","twitter_misc":{"Tiempo de lectura":"75 minutos"},"schema":{"@context":"https:\/\/schema.org","@graph":[{"@type":"WebPage","@id":"https:\/\/idecesos.com\/seguros\/companias\/nuez\/precio\/","url":"https:\/\/idecesos.com\/seguros\/companias\/nuez\/precio\/","name":"Precio Seguro Decesos Nuez \u25b7DTO 25% I Oferta 2026","isPartOf":{"@id":"https:\/\/idecesos.com\/seguros\/#website"},"primaryImageOfPage":{"@id":"https:\/\/idecesos.com\/seguros\/companias\/nuez\/precio\/#primaryimage"},"image":{"@id":"https:\/\/idecesos.com\/seguros\/companias\/nuez\/precio\/#primaryimage"},"thumbnailUrl":"https:\/\/idecesos.com\/seguros\/wp-content\/uploads\/2021\/12\/precio-2.jpg-84.jpeg","datePublished":"2021-12-15T16:03:42+00:00","dateModified":"2022-03-10T11:24:47+00:00","description":"Calcular aqu\u00ed\u3010precio seguro de decesos Nuez\u3011Tarifas, oferta y descuento de seguro defunci\u00f3n Nuez 2026 \u2611\ufe0fiDecesos\u00ae N\u00ba1 en ahorro","breadcrumb":{"@id":"https:\/\/idecesos.com\/seguros\/companias\/nuez\/precio\/#breadcrumb"},"inLanguage":"es","potentialAction":[{"@type":"ReadAction","target":["https:\/\/idecesos.com\/seguros\/companias\/nuez\/precio\/"]}]},{"@type":"ImageObject","inLanguage":"es","@id":"https:\/\/idecesos.com\/seguros\/companias\/nuez\/precio\/#primaryimage","url":"https:\/\/idecesos.com\/seguros\/wp-content\/uploads\/2021\/12\/precio-2.jpg-84.jpeg","contentUrl":"https:\/\/idecesos.com\/seguros\/wp-content\/uploads\/2021\/12\/precio-2.jpg-84.jpeg","width":1500,"height":559,"caption":"Precio Nuez"},{"@type":"BreadcrumbList","@id":"https:\/\/idecesos.com\/seguros\/companias\/nuez\/precio\/#breadcrumb","itemListElement":[{"@type":"ListItem","position":1,"name":"Portada","item":"https:\/\/idecesos.com\/seguros\/"},{"@type":"ListItem","position":2,"name":"Compa\u00f1\u00edas de Seguros de Decesos en Espa\u00f1a","item":"https:\/\/idecesos.com\/seguros\/companias\/"},{"@type":"ListItem","position":3,"name":"Seguro de decesos Nuez","item":"https:\/\/idecesos.com\/seguros\/companias\/nuez\/"},{"@type":"ListItem","position":4,"name":"\u00bfCu\u00e1nto cuesta el seguro de decesos Nuez?"}]},{"@type":"WebSite","@id":"https:\/\/idecesos.com\/seguros\/#website","url":"https:\/\/idecesos.com\/seguros\/","name":"","description":"","potentialAction":[{"@type":"SearchAction","target":{"@type":"EntryPoint","urlTemplate":"https:\/\/idecesos.com\/seguros\/?s={search_term_string}"},"query-input":{"@type":"PropertyValueSpecification","valueRequired":true,"valueName":"search_term_string"}}],"inLanguage":"es"}]}},"_links":{"self":[{"href":"https:\/\/idecesos.com\/seguros\/wp-json\/wp\/v2\/pages\/17484","targetHints":{"allow":["GET"]}}],"collection":[{"href":"https:\/\/idecesos.com\/seguros\/wp-json\/wp\/v2\/pages"}],"about":[{"href":"https:\/\/idecesos.com\/seguros\/wp-json\/wp\/v2\/types\/page"}],"author":[{"embeddable":true,"href":"https:\/\/idecesos.com\/seguros\/wp-json\/wp\/v2\/users\/1"}],"replies":[{"embeddable":true,"href":"https:\/\/idecesos.com\/seguros\/wp-json\/wp\/v2\/comments?post=17484"}],"version-history":[{"count":3,"href":"https:\/\/idecesos.com\/seguros\/wp-json\/wp\/v2\/pages\/17484\/revisions"}],"predecessor-version":[{"id":20127,"href":"https:\/\/idecesos.com\/seguros\/wp-json\/wp\/v2\/pages\/17484\/revisions\/20127"}],"up":[{"embeddable":true,"href":"https:\/\/idecesos.com\/seguros\/wp-json\/wp\/v2\/pages\/775"}],"wp:featuredmedia":[{"embeddable":true,"href":"https:\/\/idecesos.com\/seguros\/wp-json\/wp\/v2\/media\/17485"}],"wp:attachment":[{"href":"https:\/\/idecesos.com\/seguros\/wp-json\/wp\/v2\/media?parent=17484"}],"curies":[{"name":"wp","href":"https:\/\/api.w.org\/{rel}","templated":true}]}}