{"id":17492,"date":"2021-12-15T16:03:46","date_gmt":"2021-12-15T16:03:46","guid":{"rendered":"https:\/\/idecesos.com\/seguros\/companias\/rga\/precio\/"},"modified":"2022-03-10T08:54:21","modified_gmt":"2022-03-10T08:54:21","slug":"precio","status":"publish","type":"page","link":"https:\/\/idecesos.com\/seguros\/companias\/rga\/precio\/","title":{"rendered":"\u00bfCu\u00e1nto cuesta el seguro de decesos RGA?"},"content":{"rendered":"<div id=\"ez-toc-container\" class=\"ez-toc-v2_0_82_2 ez-toc-wrap-center counter-hierarchy ez-toc-counter ez-toc-custom ez-toc-container-direction\">\n<div class=\"ez-toc-title-container\">\n<p class=\"ez-toc-title\" style=\"cursor:inherit\">Tabla de Contenido<\/p>\n<span class=\"ez-toc-title-toggle\"><a href=\"#\" class=\"ez-toc-pull-right ez-toc-btn ez-toc-btn-xs ez-toc-btn-default ez-toc-toggle\" aria-label=\"Alternar tabla de contenidos\"><span class=\"ez-toc-js-icon-con\"><span class=\"\"><span class=\"eztoc-hide\" style=\"display:none;\">Toggle<\/span><span class=\"ez-toc-icon-toggle-span\"><svg style=\"fill: #db6415;color:#db6415\" xmlns=\"http:\/\/www.w3.org\/2000\/svg\" class=\"list-377408\" width=\"20px\" height=\"20px\" viewBox=\"0 0 24 24\" fill=\"none\"><path d=\"M6 6H4v2h2V6zm14 0H8v2h12V6zM4 11h2v2H4v-2zm16 0H8v2h12v-2zM4 16h2v2H4v-2zm16 0H8v2h12v-2z\" fill=\"currentColor\"><\/path><\/svg><svg style=\"fill: #db6415;color:#db6415\" class=\"arrow-unsorted-368013\" xmlns=\"http:\/\/www.w3.org\/2000\/svg\" width=\"10px\" height=\"10px\" viewBox=\"0 0 24 24\" version=\"1.2\" baseProfile=\"tiny\"><path d=\"M18.2 9.3l-6.2-6.3-6.2 6.3c-.2.2-.3.4-.3.7s.1.5.3.7c.2.2.4.3.7.3h11c.3 0 .5-.1.7-.3.2-.2.3-.5.3-.7s-.1-.5-.3-.7zM5.8 14.7l6.2 6.3 6.2-6.3c.2-.2.3-.5.3-.7s-.1-.5-.3-.7c-.2-.2-.4-.3-.7-.3h-11c-.3 0-.5.1-.7.3-.2.2-.3.5-.3.7s.1.5.3.7z\"\/><\/svg><\/span><\/span><\/span><\/a><\/span><\/div>\n<nav><ul class='ez-toc-list ez-toc-list-level-1 ' ><li class='ez-toc-page-1 ez-toc-heading-level-2'><a class=\"ez-toc-link ez-toc-heading-1\" href=\"https:\/\/idecesos.com\/seguros\/companias\/rga\/precio\/#Calcular_precio_seguro_de_decesos_RGA\" >Calcular precio seguro de decesos RGA<\/a><\/li><li class='ez-toc-page-1 ez-toc-heading-level-2'><a class=\"ez-toc-link ez-toc-heading-2\" href=\"https:\/\/idecesos.com\/seguros\/companias\/rga\/precio\/#Tabla_comparativa_de_precios_RGA\" >Tabla comparativa de precios RGA<\/a><ul class='ez-toc-list-level-3' ><li class='ez-toc-heading-level-3'><a class=\"ez-toc-link ez-toc-heading-3\" href=\"https:\/\/idecesos.com\/seguros\/companias\/rga\/precio\/#%C2%BFCual_es_la_mejor_tarifa_de_seguros_de_RGA\" >\u00bfCu\u00e1l es la mejor tarifa de seguros de RGA ?<\/a><\/li><li class='ez-toc-page-1 ez-toc-heading-level-3'><a class=\"ez-toc-link ez-toc-heading-4\" href=\"https:\/\/idecesos.com\/seguros\/companias\/rga\/precio\/#%C2%BFPuede_aumentar_precio_mensual_de_los_seguros_de_RGA\" >\u00bfPuede aumentar precio mensual de los seguros de RGA ?<\/a><\/li><li class='ez-toc-page-1 ez-toc-heading-level-3'><a class=\"ez-toc-link ez-toc-heading-5\" href=\"https:\/\/idecesos.com\/seguros\/companias\/rga\/precio\/#%C2%BFEl_precio_de_seguros_de_decesos_RGA_sube_con_la_edad\" >\u00bfEl precio de seguros de decesos RGA sube con la edad?<\/a><\/li><li class='ez-toc-page-1 ez-toc-heading-level-3'><a class=\"ez-toc-link ez-toc-heading-6\" href=\"https:\/\/idecesos.com\/seguros\/companias\/rga\/precio\/#Paginas_relacionadas\" >P\u00e1ginas relacionadas<\/a><\/li><\/ul><\/li><\/ul><\/nav><\/div>\n<p><br \/>\nEl sector de los seguros de decesos es muy amplio. Existen muchas compa\u00f1\u00edas aseguradoras, coberturas y precios diferentes entre aqu\u00e9llos que optar. Es necesario ya antes de decidir por qu\u00e9 raz\u00f3n producto o bien compa\u00f1\u00eda escoger, estar informado de las diferentes tarifas que ofrecen. Merced a iDecesos no se deber\u00e1 preocupar de ah\u00ed que por el hecho de que le mostraremos ahora cada uno de los precios y las distintas modalidades de primas que existen en el seguro de decesos a fin de que en un simple vistazo pueda determinar cu\u00e1l es el g\u00e9nero de seguro que m\u00e1s le interesa y pueda seleccionar el que mejor se amolde a sus necesidades.<\/p>\n<div class=\"colorf\"><div class=\"container clearfix\"><div class=\"col-md-7\">\n<h2><span class=\"ez-toc-section\" id=\"Calcular_precio_seguro_de_decesos_RGA\"><\/span>Calcular precio seguro de decesos RGA<span class=\"ez-toc-section-end\"><\/span><\/h2>\n<p>Tras analizar todo el proceso que con lleva para obtener un c\u00e1lculo preciso, teniendo presente los diferentes factores que forman la p\u00f3liza de RGA. Finalizando el c\u00e1lculo de la tarifa, lo que aseguras es que tus seres queridos puedan estar con calma. RGA es tu empresa de seguros perfecta para precisar los precios de la p\u00f3liza que est\u00e1s buscando. Cuentas con otras de las ventajas m\u00e1s revolucionarias de herramienta que hallar\u00e1s en el mercado, con iDecesos logras ver diferentes comparativas de precios a tiempo real en el momento que le des al bot\u00f3n, con lo que tambi\u00e9n dar\u00e1s con las principales claves de cada una de sus ventajas de cada una de las p\u00f3lizas de RGA incluyendo sus coberturas.<br \/>\n<\/div><\/div><\/div><\/p>\n<h2><span class=\"ez-toc-section\" id=\"Tabla_comparativa_de_precios_RGA\"><\/span>Tabla comparativa de precios RGA<span class=\"ez-toc-section-end\"><\/span><\/h2>\n<p><div class=\"cabecera_tabla_precio\"><table class=\"table table-striped\"><thead><tr><th class=\"nosepara centrado\">Tipo<\/th><th class=\"nosepara centrado nojustificado\">Precio Desde<\/th><th class=\"nosepara dcha\"><\/th><\/tr><\/thead><tbody><tr class=\"fila_tabla_precio\"><td class=\"nosepara izq\">Precio Seguro Decesos RGA<\/td><td class=\"nosepara centro\">1,43 \u20ac\/mes<\/td><td class=\"nosepara derecha\">\t\t\t\t\t\n\t\t\t\t\t\t<span class=\"\" style=\"cursor:pointer\" data-bs-toggle=\"modal\" data-bs-target=\"#comparadorModal\">Calcular<\/span>\t\t\t\t\n\t\t\t\t\t\n\t\t\t\t<\/td><\/tr><\/div><tr class=\"fila_tabla_precio\"><td class=\"nosepara izq\">Precio Prima \u00danica RGA<\/td><td class=\"nosepara centro\">2395 \u20ac<\/td><td class=\"nosepara derecha\">\t\t\t\t\t\n\t\t\t\t\t\t<span class=\"\" style=\"cursor:pointer\" data-bs-toggle=\"modal\" data-bs-target=\"#comparadorModal\">Calcular<\/span>\t\t\t\t\n\t\t\t\t\t\n\t\t\t\t<\/td><\/tr><\/div><tr class=\"fila_tabla_precio\"><td class=\"nosepara izq\">Precio Prima Natural RGA<\/td><td class=\"nosepara centro\">1,38 \u20ac\/mes<\/td><td class=\"nosepara derecha\">\t\t\t\t\t\n\t\t\t\t\t\t<span class=\"\" style=\"cursor:pointer\" data-bs-toggle=\"modal\" data-bs-target=\"#comparadorModal\">Calcular<\/span>\t\t\t\t\n\t\t\t\t\t\n\t\t\t\t<\/td><\/tr><\/div><tr class=\"fila_tabla_precio\"><td class=\"nosepara izq\">Precio Prima Nivelada RGA<\/td><td class=\"nosepara centro\">1,66 \u20ac\/mes<\/td><td class=\"nosepara derecha\">\t\t\t\t\t\n\t\t\t\t\t\t<span class=\"\" style=\"cursor:pointer\" data-bs-toggle=\"modal\" data-bs-target=\"#comparadorModal\">Calcular<\/span>\t\t\t\t\n\t\t\t\t\t\n\t\t\t\t<\/td><\/tr><\/div><tr class=\"fila_tabla_precio\"><td class=\"nosepara izq\">Precio Prima Mixta RGA<\/td><td class=\"nosepara centro\">1,47 \u20ac\/mes<\/td><td class=\"nosepara derecha\">\t\t\t\t\t\n\t\t\t\t\t\t<span class=\"\" style=\"cursor:pointer\" data-bs-toggle=\"modal\" data-bs-target=\"#comparadorModal\">Calcular<\/span>\t\t\t\t\n\t\t\t\t\t\n\t\t\t\t<\/td><\/tr><\/div><tr class=\"fila_tabla_precio\"><td class=\"nosepara izq\">Precio Prima Seminatural RGA<\/td><td class=\"nosepara centro\">1,44 \u20ac\/mes<\/td><td class=\"nosepara derecha\">\t\t\t\t\t\n\t\t\t\t\t\t<span class=\"\" style=\"cursor:pointer\" data-bs-toggle=\"modal\" data-bs-target=\"#comparadorModal\">Calcular<\/span>\t\t\t\t\n\t\t\t\t\t\n\t\t\t\t<\/td><\/tr><\/div><tr class=\"fila_tabla_precio\"><td class=\"nosepara izq\">Precio con Repatriaci\u00f3n RGA<\/td><td class=\"nosepara centro\">0,85 \u20ac a la cuota<\/td><td class=\"nosepara derecha\">\t\t\t\t\t\n\t\t\t\t\t\t<span class=\"\" style=\"cursor:pointer\" data-bs-toggle=\"modal\" data-bs-target=\"#comparadorModal\">Calcular<\/span>\t\t\t\t\n\t\t\t\t\t\n\t\t\t\t<\/td><\/tr><\/div><tr class=\"fila_tabla_precio\"><td class=\"nosepara izq\">Precio Seguro Defunci\u00f3n RGA<\/td><td class=\"nosepara centro\">1,41 \u20ac\/mes<\/td><td class=\"nosepara derecha\">\t\t\t\t\t\n\t\t\t\t\t\t<span class=\"\" style=\"cursor:pointer\" data-bs-toggle=\"modal\" data-bs-target=\"#comparadorModal\">Calcular<\/span>\t\t\t\t\n\t\t\t\t\t\n\t\t\t\t<\/td><\/tr><\/div><tr class=\"fila_tabla_precio\"><td class=\"nosepara izq\">Precio Seguro Fallecimiento RGA<\/td><td class=\"nosepara centro\">1,48 \u20ac\/mes<\/td><td class=\"nosepara derecha\">\t\t\t\t\t\n\t\t\t\t\t\t<span class=\"\" style=\"cursor:pointer\" data-bs-toggle=\"modal\" data-bs-target=\"#comparadorModal\">Calcular<\/span>\t\t\t\t\n\t\t\t\t\t\n\t\t\t\t<\/td><\/tr><\/div><tr class=\"fila_tabla_precio\"><td class=\"nosepara izq\">Precio Seguro Muertos RGA<\/td><td class=\"nosepara centro\">1,62 \u20ac\/mes<\/td><td class=\"nosepara derecha\">\t\t\t\t\t\n\t\t\t\t\t\t<span class=\"\" style=\"cursor:pointer\" data-bs-toggle=\"modal\" data-bs-target=\"#comparadorModal\">Calcular<\/span>\t\t\t\t\n\t\t\t\t\t\n\t\t\t\t<\/td><\/tr><\/div><tr class=\"fila_tabla_precio\"><td class=\"nosepara izq\">Precio Asistencia Familiar RGA<\/td><td class=\"nosepara centro\">1,57 \u20ac\/mes<\/td><td class=\"nosepara derecha\">\t\t\t\t\t\n\t\t\t\t\t\t<span class=\"\" style=\"cursor:pointer\" data-bs-toggle=\"modal\" data-bs-target=\"#comparadorModal\">Calcular<\/span>\t\t\t\t\n\t\t\t\t\t\n\t\t\t\t<\/td><\/tr><\/div><\/tbody><\/table><\/div><\/p>\n<p>Comania te lo quiere poner considerablemente m\u00e1s f\u00e1cil con esta tabla comparativa podr\u00e1s visualizarlo las distintas tarifas que cuenta cada p\u00f3liza. RGA asegura que quede todo cubierto en el sepelio y no tengas que preocuparte de nada tanto t\u00fa como tus familiares, donde no te salva absolutamente nadie de la muerte ni de los obst\u00e1culos, te tienes a ti mismo para poder asegurar tu tranquilidad en el instante del \u00f3bito. Tienes que tener en consideraci\u00f3n que hoy pueda estar todo bien mas ma\u00f1ana no y t\u00fa eres el encargado de cambiar eso. No pierdas el tiempo y contrata ya el seguro de decesos de RGA.<br \/>\n<div class=\"colorf\"><div class=\"container clearfix\"><div class=\"col-md-7\"><\/p>\n<h3><span class=\"ez-toc-section\" id=\"%C2%BFCual_es_la_mejor_tarifa_de_seguros_de_RGA\"><\/span>\u00bfCu\u00e1l es la mejor tarifa de seguros de RGA ?<span class=\"ez-toc-section-end\"><\/span><\/h3>\n<p>No busque m\u00e1s, con la oferta de RGA obtendr\u00e1 todo cuanto busca. Las coberturas a\u00f1adidas m\u00e1s esenciales y m\u00e1s diferenciadoras del mercado las goza las distintas compa\u00f1\u00edas aseguradoras de forma particular las p\u00f3lizas de seguro de decesos que ofertamos en nuestro portfolio de seguro de defunci\u00f3n. Nosotros, iDecesos vamos a buscar por ti, entre las mejores ofertas y descuentos del mercado de seguros en Espa\u00f1a y te asesoraremos para que aciertes con la opci\u00f3n que elijas.<br \/>\n<\/div><\/div><\/div><\/p>\n<h3><span class=\"ez-toc-section\" id=\"%C2%BFPuede_aumentar_precio_mensual_de_los_seguros_de_RGA\"><\/span>\u00bfPuede aumentar precio mensual de los seguros de RGA ?<span class=\"ez-toc-section-end\"><\/span><\/h3>\n<p>Los diferentes g\u00e9neros de prima de RGA hacen que tus necesidades est\u00e9n cubiertas y que puedas seleccionar la que mejor se amolde a ti, en Espa\u00f1a, nueve de cada 10 asegurados de Decesos se han suscrito a un Seguro de Prima Nivelada, por todo esto, ahora, le mostramos los diferentes g\u00e9neros de primas. \u2022 Prima \u00danica: Esta prima cubre el sepelio de las personas que han superado la edad de jubilaci\u00f3n o que tienen una enfermedad grave y solo tiene que hacer una sola aportaci\u00f3n en el pago. Esta clase de primas suelen ser contratadas por personas mayores que jam\u00e1s han contratado un seguro. No se preocupe, lo que pagu\u00e9 tras la edad de jubilaci\u00f3n no variar\u00e1. Aunque esta prima puede padecer alg\u00fan cambio en sus pagos por la actualizaci\u00f3n de los capitales asegurados.<br \/>\n<strong>\u2022 Prima Natural:<\/strong> El pago esta prima se actualiza anualmente, el c\u00e1lculo del pago de estas p\u00f3lizas se calcula por los a\u00f1os que tiene usted en ese momento y lo equiparan con el incremento de fallecimiento que pueda tener con el paso del tiempo, es precisamente por esto que, cada a\u00f1o va subiendo el precio de esta prima de forma paulatina.<\/p>\n<p><strong>\u2022 Prima Mixta:<\/strong> Esta prima combina las modalidades de Prima Nivelada y Prima Natural haciendo un mix de las dos, por una parte, la prima mixta se marcha recalculando como la prima natural, dependiendo del riesgo de fallecimiento que pueda tener el asegurado en dependencia de sus a\u00f1os, no obstante, superados los sesenta a\u00f1os esta prima incorpora una nivelaci\u00f3n de precios que va a quedar constante de la misma manera que en la prima nivelada.<\/p>\n<p>Da lo mismo la modalidad de prima que elija, que podr\u00e1 fraccionar el pago a lo que m\u00e1s le interese, o sea, si quiere pagarlo mes a mes, cada tres meses, cada seis meses, cada a\u00f1o o bien en una sola vez y esto no ver\u00e1 afectado a ninguna de las coberturas contratadas y con las tarifas m\u00e1s asequibles posibles.<br \/>\n<div class=\"colorf\"><div class=\"container clearfix\"><div class=\"col-md-7\"><\/p>\n<h3><span class=\"ez-toc-section\" id=\"%C2%BFEl_precio_de_seguros_de_decesos_RGA_sube_con_la_edad\"><\/span>\u00bfEl precio de seguros de decesos RGA sube con la edad?<span class=\"ez-toc-section-end\"><\/span><\/h3>\n<p>\u00bfNo sabe qu\u00e9 opci\u00f3n escoger? RGA tiene uno de los los mejores productos de prima \u00fanica de Espa\u00f1a, con garant\u00edas excepcionales, servicio de asistencia funeraria muy reconocido y a un coste muy asequible. Ning\u00fan heredero se deber\u00e1 preocupar por ninguna gesti\u00f3n o bien pago en lo tocante al servicio de sepelio, en tanto que todo ser\u00e1 resuelto por el equipo del servicio especialista de asistencia de la compa\u00f1\u00eda, para que estos puedan velar el cuerpo y puedan decir si \u00faltimo adi\u00f3s a su ser querido. Adem\u00e1s, como hemos citado a veces anteriores, los seguros de decesos vienen a cubrir el servicio de sepelio completo, con sus elementos como son el turismo mortuorio, flores, tanatorio, acto religioso, ata\u00fad, cremaci\u00f3n, entierro, adecuaci\u00f3n del cad\u00e1ver, velatorio, actos administrativos entre otros, mas si estos debido al incremento de precios de materiales, comburente, ipc, salarios se disparan vamos a deber regularizar el la prima mas no se preocupe porque casi no lo va a notar y de este modo va a estar a la perfecci\u00f3n asegurado el servicio de decesos. iDecesos comparador de seguro de decesos l\u00edder en ahorro, nuestro eslogan nos delata, somos especialistas en lo que hacemos los seguros de defunci\u00f3n, adem\u00e1s de esto trabajamos con las empresas de seguros m\u00e1s reconocidas e innovadoras de Espa\u00f1a, asimismo son las m\u00e1s competitivas en precio, todas han pasado un pormenorizado estudio de sus coberturas y tarifas por nuestro departamento t\u00e9cnico, y re\u00fanen los m\u00e1s altos niveles de puntuaci\u00f3n, como dejan que se paguen sus primas a gusto de nuestro usuario, esto es, mensual, trimestral, semestral, anual o bien en un \u00fanico pago. De este modo, nuestros clientes del servicio se pueden olvidar de cualquier tr\u00e1mite relacionado con su porvenir sepelio pues al solicitar la contrataci\u00f3n a trav\u00e9s nuestra con una compa\u00f1\u00eda que comparamos es hom\u00f3nimo de garant\u00eda. RGA le da una confiabilidad plena del servicio de decesos, con unas coberturas b\u00e1sicas y a\u00f1adidas que re\u00fanen todo los requisitos para la satisfacci\u00f3n plena de nuestros clientes del servicio.<br \/>\n<\/div><\/div><\/div><\/p>\n<h3><span class=\"ez-toc-section\" id=\"Paginas_relacionadas\"><\/span>P\u00e1ginas relacionadas<span class=\"ez-toc-section-end\"><\/span><\/h3><div class=\"enlazado\"><ul> <li><a href=\"https:\/\/idecesos.com\/seguros\/companias\/caja-rural\/coberturas\/\">Coberturas Seguro de Decesos Caja Rural<\/a><\/li> <li><a href=\"https:\/\/idecesos.com\/seguros\/companias\/caja-rural\/opiniones\/\">Opiniones Caja Rural<\/a><\/li> <li><a href=\"https:\/\/idecesos.com\/seguros\/companias\/caja-rural\/precio\/\">Precio seguro Caja Rural<\/a><\/li> <li><a href=\"https:\/\/idecesos.com\/seguros\/companias\/caja-rural\/prima-mixta\/\">Caja Rural Prima Mixta<\/a><\/li> <li><a href=\"https:\/\/idecesos.com\/seguros\/companias\/caja-rural\/prima-natural\/\">Caja Rural Prima Natural<\/a><\/li> <li><a href=\"https:\/\/idecesos.com\/seguros\/companias\/caja-rural\/prima-nivelada\/\">Caja Rural Prima Nivelada<\/a><\/li> <li><a href=\"https:\/\/idecesos.com\/seguros\/companias\/caja-rural\/prima-unica\/\">Caja Rural Prima \u00danica<\/a><\/li> <li><a href=\"https:\/\/idecesos.com\/seguros\/companias\/caja-rural\/repatriacion\/\">Caja Rural Repatriaci\u00f3n<\/a><\/li> <li><a href=\"https:\/\/idecesos.com\/seguros\/companias\/caja-rural\/telefono\/\">Tel\u00e9fono Gratuito Caja Rural<\/a><\/li><\/ul><\/div>\n","protected":false},"excerpt":{"rendered":"<p>El sector de los seguros de decesos es muy amplio. Existen muchas compa\u00f1\u00edas aseguradoras, coberturas y precios diferentes entre aqu\u00e9llos que optar. Es necesario ya antes de decidir por qu\u00e9 raz\u00f3n producto o bien compa\u00f1\u00eda escoger, estar informado de las diferentes tarifas que ofrecen. Merced a iDecesos no se deber\u00e1 preocupar de ah\u00ed que por&hellip; <\/p>\n","protected":false},"author":1,"featured_media":17493,"parent":5993,"menu_order":0,"comment_status":"closed","ping_status":"closed","template":"single.php","meta":{"footnotes":""},"class_list":["post-17492","page","type-page","status-publish","has-post-thumbnail","hentry"],"yoast_head":"<!-- This site is optimized with the Yoast SEO plugin v27.5 - https:\/\/yoast.com\/product\/yoast-seo-wordpress\/ -->\n<title>Precio Seguro Decesos RGA \u25b7DTO 25% I Oferta 2026<\/title>\n<meta name=\"description\" content=\"Calcular aqu\u00ed\u3010precio seguro de decesos RGA\u3011Tarifas, oferta y descuento de seguro defunci\u00f3n RGA 2026 \u2611\ufe0fiDecesos\u00ae N\u00ba1 en ahorro\" \/>\n<meta name=\"robots\" content=\"index, follow, max-snippet:-1, max-image-preview:large, max-video-preview:-1\" \/>\n<link rel=\"canonical\" href=\"https:\/\/idecesos.com\/seguros\/companias\/rga\/precio\/\" \/>\n<meta property=\"og:locale\" content=\"es_ES\" \/>\n<meta property=\"og:type\" content=\"article\" \/>\n<meta property=\"og:title\" content=\"Precio Seguro Decesos RGA \u25b7DTO 25% I Oferta 2026\" \/>\n<meta property=\"og:description\" content=\"Calcular aqu\u00ed\u3010precio seguro de decesos RGA\u3011Tarifas, oferta y descuento de seguro defunci\u00f3n RGA 2026 \u2611\ufe0fiDecesos\u00ae N\u00ba1 en ahorro\" \/>\n<meta property=\"og:url\" content=\"https:\/\/idecesos.com\/seguros\/companias\/rga\/precio\/\" \/>\n<meta property=\"article:modified_time\" content=\"2022-03-10T08:54:21+00:00\" \/>\n<meta property=\"og:image\" content=\"https:\/\/idecesos.com\/seguros\/wp-content\/uploads\/2021\/12\/precio-2.jpg-88.jpeg\" \/>\n\t<meta property=\"og:image:width\" content=\"1500\" \/>\n\t<meta property=\"og:image:height\" content=\"559\" \/>\n\t<meta property=\"og:image:type\" content=\"image\/jpeg\" \/>\n<meta name=\"twitter:card\" content=\"summary_large_image\" \/>\n<meta name=\"twitter:label1\" content=\"Tiempo de lectura\" \/>\n\t<meta name=\"twitter:data1\" content=\"75 minutos\" \/>\n<script type=\"application\/ld+json\" class=\"yoast-schema-graph\">{\"@context\":\"https:\\\/\\\/schema.org\",\"@graph\":[{\"@type\":\"WebPage\",\"@id\":\"https:\\\/\\\/idecesos.com\\\/seguros\\\/companias\\\/rga\\\/precio\\\/\",\"url\":\"https:\\\/\\\/idecesos.com\\\/seguros\\\/companias\\\/rga\\\/precio\\\/\",\"name\":\"Precio Seguro Decesos RGA \u25b7DTO 25% I Oferta 2026\",\"isPartOf\":{\"@id\":\"https:\\\/\\\/idecesos.com\\\/seguros\\\/#website\"},\"primaryImageOfPage\":{\"@id\":\"https:\\\/\\\/idecesos.com\\\/seguros\\\/companias\\\/rga\\\/precio\\\/#primaryimage\"},\"image\":{\"@id\":\"https:\\\/\\\/idecesos.com\\\/seguros\\\/companias\\\/rga\\\/precio\\\/#primaryimage\"},\"thumbnailUrl\":\"https:\\\/\\\/idecesos.com\\\/seguros\\\/wp-content\\\/uploads\\\/2021\\\/12\\\/precio-2.jpg-88.jpeg\",\"datePublished\":\"2021-12-15T16:03:46+00:00\",\"dateModified\":\"2022-03-10T08:54:21+00:00\",\"description\":\"Calcular aqu\u00ed\u3010precio seguro de decesos RGA\u3011Tarifas, oferta y descuento de seguro defunci\u00f3n RGA 2026 \u2611\ufe0fiDecesos\u00ae N\u00ba1 en ahorro\",\"breadcrumb\":{\"@id\":\"https:\\\/\\\/idecesos.com\\\/seguros\\\/companias\\\/rga\\\/precio\\\/#breadcrumb\"},\"inLanguage\":\"es\",\"potentialAction\":[{\"@type\":\"ReadAction\",\"target\":[\"https:\\\/\\\/idecesos.com\\\/seguros\\\/companias\\\/rga\\\/precio\\\/\"]}]},{\"@type\":\"ImageObject\",\"inLanguage\":\"es\",\"@id\":\"https:\\\/\\\/idecesos.com\\\/seguros\\\/companias\\\/rga\\\/precio\\\/#primaryimage\",\"url\":\"https:\\\/\\\/idecesos.com\\\/seguros\\\/wp-content\\\/uploads\\\/2021\\\/12\\\/precio-2.jpg-88.jpeg\",\"contentUrl\":\"https:\\\/\\\/idecesos.com\\\/seguros\\\/wp-content\\\/uploads\\\/2021\\\/12\\\/precio-2.jpg-88.jpeg\",\"width\":1500,\"height\":559,\"caption\":\"Precio RGA\"},{\"@type\":\"BreadcrumbList\",\"@id\":\"https:\\\/\\\/idecesos.com\\\/seguros\\\/companias\\\/rga\\\/precio\\\/#breadcrumb\",\"itemListElement\":[{\"@type\":\"ListItem\",\"position\":1,\"name\":\"Portada\",\"item\":\"https:\\\/\\\/idecesos.com\\\/seguros\\\/\"},{\"@type\":\"ListItem\",\"position\":2,\"name\":\"Compa\u00f1\u00edas de Seguros de Decesos en Espa\u00f1a\",\"item\":\"https:\\\/\\\/idecesos.com\\\/seguros\\\/companias\\\/\"},{\"@type\":\"ListItem\",\"position\":3,\"name\":\"Seguro de Decesos RGA\",\"item\":\"https:\\\/\\\/idecesos.com\\\/seguros\\\/companias\\\/rga\\\/\"},{\"@type\":\"ListItem\",\"position\":4,\"name\":\"\u00bfCu\u00e1nto cuesta el seguro de decesos RGA?\"}]},{\"@type\":\"WebSite\",\"@id\":\"https:\\\/\\\/idecesos.com\\\/seguros\\\/#website\",\"url\":\"https:\\\/\\\/idecesos.com\\\/seguros\\\/\",\"name\":\"\",\"description\":\"\",\"potentialAction\":[{\"@type\":\"SearchAction\",\"target\":{\"@type\":\"EntryPoint\",\"urlTemplate\":\"https:\\\/\\\/idecesos.com\\\/seguros\\\/?s={search_term_string}\"},\"query-input\":{\"@type\":\"PropertyValueSpecification\",\"valueRequired\":true,\"valueName\":\"search_term_string\"}}],\"inLanguage\":\"es\"}]}<\/script>\n<!-- \/ Yoast SEO plugin. -->","yoast_head_json":{"title":"Precio Seguro Decesos RGA \u25b7DTO 25% I Oferta 2026","description":"Calcular aqu\u00ed\u3010precio seguro de decesos RGA\u3011Tarifas, oferta y descuento de seguro defunci\u00f3n RGA 2026 \u2611\ufe0fiDecesos\u00ae N\u00ba1 en ahorro","robots":{"index":"index","follow":"follow","max-snippet":"max-snippet:-1","max-image-preview":"max-image-preview:large","max-video-preview":"max-video-preview:-1"},"canonical":"https:\/\/idecesos.com\/seguros\/companias\/rga\/precio\/","og_locale":"es_ES","og_type":"article","og_title":"Precio Seguro Decesos RGA \u25b7DTO 25% I Oferta 2026","og_description":"Calcular aqu\u00ed\u3010precio seguro de decesos RGA\u3011Tarifas, oferta y descuento de seguro defunci\u00f3n RGA 2026 \u2611\ufe0fiDecesos\u00ae N\u00ba1 en ahorro","og_url":"https:\/\/idecesos.com\/seguros\/companias\/rga\/precio\/","article_modified_time":"2022-03-10T08:54:21+00:00","og_image":[{"width":1500,"height":559,"url":"https:\/\/idecesos.com\/seguros\/wp-content\/uploads\/2021\/12\/precio-2.jpg-88.jpeg","type":"image\/jpeg"}],"twitter_card":"summary_large_image","twitter_misc":{"Tiempo de lectura":"75 minutos"},"schema":{"@context":"https:\/\/schema.org","@graph":[{"@type":"WebPage","@id":"https:\/\/idecesos.com\/seguros\/companias\/rga\/precio\/","url":"https:\/\/idecesos.com\/seguros\/companias\/rga\/precio\/","name":"Precio Seguro Decesos RGA \u25b7DTO 25% I Oferta 2026","isPartOf":{"@id":"https:\/\/idecesos.com\/seguros\/#website"},"primaryImageOfPage":{"@id":"https:\/\/idecesos.com\/seguros\/companias\/rga\/precio\/#primaryimage"},"image":{"@id":"https:\/\/idecesos.com\/seguros\/companias\/rga\/precio\/#primaryimage"},"thumbnailUrl":"https:\/\/idecesos.com\/seguros\/wp-content\/uploads\/2021\/12\/precio-2.jpg-88.jpeg","datePublished":"2021-12-15T16:03:46+00:00","dateModified":"2022-03-10T08:54:21+00:00","description":"Calcular aqu\u00ed\u3010precio seguro de decesos RGA\u3011Tarifas, oferta y descuento de seguro defunci\u00f3n RGA 2026 \u2611\ufe0fiDecesos\u00ae N\u00ba1 en ahorro","breadcrumb":{"@id":"https:\/\/idecesos.com\/seguros\/companias\/rga\/precio\/#breadcrumb"},"inLanguage":"es","potentialAction":[{"@type":"ReadAction","target":["https:\/\/idecesos.com\/seguros\/companias\/rga\/precio\/"]}]},{"@type":"ImageObject","inLanguage":"es","@id":"https:\/\/idecesos.com\/seguros\/companias\/rga\/precio\/#primaryimage","url":"https:\/\/idecesos.com\/seguros\/wp-content\/uploads\/2021\/12\/precio-2.jpg-88.jpeg","contentUrl":"https:\/\/idecesos.com\/seguros\/wp-content\/uploads\/2021\/12\/precio-2.jpg-88.jpeg","width":1500,"height":559,"caption":"Precio RGA"},{"@type":"BreadcrumbList","@id":"https:\/\/idecesos.com\/seguros\/companias\/rga\/precio\/#breadcrumb","itemListElement":[{"@type":"ListItem","position":1,"name":"Portada","item":"https:\/\/idecesos.com\/seguros\/"},{"@type":"ListItem","position":2,"name":"Compa\u00f1\u00edas de Seguros de Decesos en Espa\u00f1a","item":"https:\/\/idecesos.com\/seguros\/companias\/"},{"@type":"ListItem","position":3,"name":"Seguro de Decesos RGA","item":"https:\/\/idecesos.com\/seguros\/companias\/rga\/"},{"@type":"ListItem","position":4,"name":"\u00bfCu\u00e1nto cuesta el seguro de decesos RGA?"}]},{"@type":"WebSite","@id":"https:\/\/idecesos.com\/seguros\/#website","url":"https:\/\/idecesos.com\/seguros\/","name":"","description":"","potentialAction":[{"@type":"SearchAction","target":{"@type":"EntryPoint","urlTemplate":"https:\/\/idecesos.com\/seguros\/?s={search_term_string}"},"query-input":{"@type":"PropertyValueSpecification","valueRequired":true,"valueName":"search_term_string"}}],"inLanguage":"es"}]}},"_links":{"self":[{"href":"https:\/\/idecesos.com\/seguros\/wp-json\/wp\/v2\/pages\/17492","targetHints":{"allow":["GET"]}}],"collection":[{"href":"https:\/\/idecesos.com\/seguros\/wp-json\/wp\/v2\/pages"}],"about":[{"href":"https:\/\/idecesos.com\/seguros\/wp-json\/wp\/v2\/types\/page"}],"author":[{"embeddable":true,"href":"https:\/\/idecesos.com\/seguros\/wp-json\/wp\/v2\/users\/1"}],"replies":[{"embeddable":true,"href":"https:\/\/idecesos.com\/seguros\/wp-json\/wp\/v2\/comments?post=17492"}],"version-history":[{"count":3,"href":"https:\/\/idecesos.com\/seguros\/wp-json\/wp\/v2\/pages\/17492\/revisions"}],"predecessor-version":[{"id":20006,"href":"https:\/\/idecesos.com\/seguros\/wp-json\/wp\/v2\/pages\/17492\/revisions\/20006"}],"up":[{"embeddable":true,"href":"https:\/\/idecesos.com\/seguros\/wp-json\/wp\/v2\/pages\/5993"}],"wp:featuredmedia":[{"embeddable":true,"href":"https:\/\/idecesos.com\/seguros\/wp-json\/wp\/v2\/media\/17493"}],"wp:attachment":[{"href":"https:\/\/idecesos.com\/seguros\/wp-json\/wp\/v2\/media?parent=17492"}],"curies":[{"name":"wp","href":"https:\/\/api.w.org\/{rel}","templated":true}]}}