{"id":17518,"date":"2021-12-15T16:03:56","date_gmt":"2021-12-15T16:03:56","guid":{"rendered":"https:\/\/idecesos.com\/seguros\/companias\/mgc\/precio\/"},"modified":"2022-03-10T12:08:52","modified_gmt":"2022-03-10T12:08:52","slug":"precio","status":"publish","type":"page","link":"https:\/\/idecesos.com\/seguros\/companias\/mgc\/precio\/","title":{"rendered":"\u00bfCu\u00e1nto cuesta el seguro de decesos MGC?"},"content":{"rendered":"<div id=\"ez-toc-container\" class=\"ez-toc-v2_0_82_2 ez-toc-wrap-center counter-hierarchy ez-toc-counter ez-toc-custom ez-toc-container-direction\">\n<div class=\"ez-toc-title-container\">\n<p class=\"ez-toc-title\" style=\"cursor:inherit\">Tabla de Contenido<\/p>\n<span class=\"ez-toc-title-toggle\"><a href=\"#\" class=\"ez-toc-pull-right ez-toc-btn ez-toc-btn-xs ez-toc-btn-default ez-toc-toggle\" aria-label=\"Alternar tabla de contenidos\"><span class=\"ez-toc-js-icon-con\"><span class=\"\"><span class=\"eztoc-hide\" style=\"display:none;\">Toggle<\/span><span class=\"ez-toc-icon-toggle-span\"><svg style=\"fill: #db6415;color:#db6415\" xmlns=\"http:\/\/www.w3.org\/2000\/svg\" class=\"list-377408\" width=\"20px\" height=\"20px\" viewBox=\"0 0 24 24\" fill=\"none\"><path d=\"M6 6H4v2h2V6zm14 0H8v2h12V6zM4 11h2v2H4v-2zm16 0H8v2h12v-2zM4 16h2v2H4v-2zm16 0H8v2h12v-2z\" fill=\"currentColor\"><\/path><\/svg><svg style=\"fill: #db6415;color:#db6415\" class=\"arrow-unsorted-368013\" xmlns=\"http:\/\/www.w3.org\/2000\/svg\" width=\"10px\" height=\"10px\" viewBox=\"0 0 24 24\" version=\"1.2\" baseProfile=\"tiny\"><path d=\"M18.2 9.3l-6.2-6.3-6.2 6.3c-.2.2-.3.4-.3.7s.1.5.3.7c.2.2.4.3.7.3h11c.3 0 .5-.1.7-.3.2-.2.3-.5.3-.7s-.1-.5-.3-.7zM5.8 14.7l6.2 6.3 6.2-6.3c.2-.2.3-.5.3-.7s-.1-.5-.3-.7c-.2-.2-.4-.3-.7-.3h-11c-.3 0-.5.1-.7.3-.2.2-.3.5-.3.7s.1.5.3.7z\"\/><\/svg><\/span><\/span><\/span><\/a><\/span><\/div>\n<nav><ul class='ez-toc-list ez-toc-list-level-1 ' ><li class='ez-toc-page-1 ez-toc-heading-level-2'><a class=\"ez-toc-link ez-toc-heading-1\" href=\"https:\/\/idecesos.com\/seguros\/companias\/mgc\/precio\/#Calcular_precio_seguro_de_decesos_MGC\" >Calcular precio seguro de decesos MGC<\/a><\/li><li class='ez-toc-page-1 ez-toc-heading-level-2'><a class=\"ez-toc-link ez-toc-heading-2\" href=\"https:\/\/idecesos.com\/seguros\/companias\/mgc\/precio\/#Tabla_comparativa_de_precios_MGC\" >Tabla comparativa de precios MGC<\/a><ul class='ez-toc-list-level-3' ><li class='ez-toc-heading-level-3'><a class=\"ez-toc-link ez-toc-heading-3\" href=\"https:\/\/idecesos.com\/seguros\/companias\/mgc\/precio\/#%C2%BFCual_es_la_mejor_tarifa_de_seguros_de_MGC\" >\u00bfCu\u00e1l es la mejor tarifa de seguros de MGC ?<\/a><\/li><li class='ez-toc-page-1 ez-toc-heading-level-3'><a class=\"ez-toc-link ez-toc-heading-4\" href=\"https:\/\/idecesos.com\/seguros\/companias\/mgc\/precio\/#%C2%BFPuede_aumentar_precio_mensual_de_los_seguros_de_MGC\" >\u00bfPuede aumentar precio mensual de los seguros de MGC ?<\/a><\/li><li class='ez-toc-page-1 ez-toc-heading-level-3'><a class=\"ez-toc-link ez-toc-heading-5\" href=\"https:\/\/idecesos.com\/seguros\/companias\/mgc\/precio\/#%C2%BFEl_precio_de_seguros_de_decesos_MGC_sube_con_la_edad\" >\u00bfEl precio de seguros de decesos MGC sube con la edad?<\/a><\/li><li class='ez-toc-page-1 ez-toc-heading-level-3'><a class=\"ez-toc-link ez-toc-heading-6\" href=\"https:\/\/idecesos.com\/seguros\/companias\/mgc\/precio\/#Paginas_relacionadas\" >P\u00e1ginas relacionadas<\/a><\/li><\/ul><\/li><\/ul><\/nav><\/div>\n<p><br \/>\nMGC ha logrado que sus clientes del servicio conf\u00eden de manera plena en la compa\u00f1\u00eda aseguradora con un m\u00e1s de un 100 por cien . Existen temporadas en las cuales la compa\u00f1\u00eda aseguradora se pone en marcha para ajustar los precios del seguro, facilitando as\u00ed al asegurado una tranquilidad de que contar\u00e1 con el sepelio cubierto. Gestionando de diferente manera el estudio del asegurado, se determina la p\u00f3liza, con lo que puede ser incesante o bien no a lo largo del tiempo. Por esta raz\u00f3n que en la contrataci\u00f3n vendr\u00e1 de forma m\u00e1s definida. Se tendr\u00e1 presente diferentes factores para realizar de manera exhaustiva un c\u00e1lculo adecuado al asegurado. Aunque en estos \u00faltimos a\u00f1os la MGC ha ido amoldando sus tarifas con la finalidad de que los precios sean m\u00e1s equilibrados, que no sea una barrera al momento de querer contratar un seguro de decesos con MGC. Tu no tendr\u00e1s que preocuparte por nada, la empresa de seguros consiguiera adaptar su tarifa a ti de forma adaptada.<\/p>\n<div class=\"colorf\"><div class=\"container clearfix\"><div class=\"col-md-7\">\n<h2><span class=\"ez-toc-section\" id=\"Calcular_precio_seguro_de_decesos_MGC\"><\/span>Calcular precio seguro de decesos MGC<span class=\"ez-toc-section-end\"><\/span><\/h2>\n<p>Tras examinar todo el proceso que con lleva para conseguir un c\u00e1lculo exacto, teniendo presente los distintos factores que constituyen la p\u00f3liza de MGC. Finalizando el c\u00e1lculo de la tarifa, lo que aseguras es que tus seres queridos puedan estar con tranquilidad. MGC es la compa\u00f1\u00eda aseguradora que todos recomiendan por sus diferentes tarifas con una coberturas ampl\u00edsimas. Existen diferentes modalidades para poder obtener la informaci\u00f3n que buscas, sin embargo con la ayuda de iDecesos en cuesti\u00f3n de segundos tendr\u00e1s la referencia de cada una de sus p\u00f3lizas de forma m\u00e1s detallada tan simple como dando un clic, viendo de manera m\u00e1s pormenorizada sus seguros de MGC .<br \/>\n<\/div><\/div><\/div><\/p>\n<h2><span class=\"ez-toc-section\" id=\"Tabla_comparativa_de_precios_MGC\"><\/span>Tabla comparativa de precios MGC<span class=\"ez-toc-section-end\"><\/span><\/h2>\n<p><div class=\"cabecera_tabla_precio\"><table class=\"table table-striped\"><thead><tr><th class=\"nosepara centrado\">Tipo<\/th><th class=\"nosepara centrado nojustificado\">Precio Desde<\/th><th class=\"nosepara dcha\"><\/th><\/tr><\/thead><tbody><tr class=\"fila_tabla_precio\"><td class=\"nosepara izq\">Precio Seguro Decesos MGC<\/td><td class=\"nosepara centro\">1,66 \u20ac\/mes<\/td><td class=\"nosepara derecha\">\t\t\t\t\t\n\t\t\t\t\t\t<span class=\"\" style=\"cursor:pointer\" data-bs-toggle=\"modal\" data-bs-target=\"#comparadorModal\">Calcular<\/span>\t\t\t\t\n\t\t\t\t\t\n\t\t\t\t<\/td><\/tr><\/div><tr class=\"fila_tabla_precio\"><td class=\"nosepara izq\">Precio Prima \u00danica MGC<\/td><td class=\"nosepara centro\">2315 \u20ac<\/td><td class=\"nosepara derecha\">\t\t\t\t\t\n\t\t\t\t\t\t<span class=\"\" style=\"cursor:pointer\" data-bs-toggle=\"modal\" data-bs-target=\"#comparadorModal\">Calcular<\/span>\t\t\t\t\n\t\t\t\t\t\n\t\t\t\t<\/td><\/tr><\/div><tr class=\"fila_tabla_precio\"><td class=\"nosepara izq\">Precio Prima Natural MGC<\/td><td class=\"nosepara centro\">1,40 \u20ac\/mes<\/td><td class=\"nosepara derecha\">\t\t\t\t\t\n\t\t\t\t\t\t<span class=\"\" style=\"cursor:pointer\" data-bs-toggle=\"modal\" data-bs-target=\"#comparadorModal\">Calcular<\/span>\t\t\t\t\n\t\t\t\t\t\n\t\t\t\t<\/td><\/tr><\/div><tr class=\"fila_tabla_precio\"><td class=\"nosepara izq\">Precio Prima Nivelada MGC<\/td><td class=\"nosepara centro\">1,76 \u20ac\/mes<\/td><td class=\"nosepara derecha\">\t\t\t\t\t\n\t\t\t\t\t\t<span class=\"\" style=\"cursor:pointer\" data-bs-toggle=\"modal\" data-bs-target=\"#comparadorModal\">Calcular<\/span>\t\t\t\t\n\t\t\t\t\t\n\t\t\t\t<\/td><\/tr><\/div><tr class=\"fila_tabla_precio\"><td class=\"nosepara izq\">Precio Prima Mixta MGC<\/td><td class=\"nosepara centro\">1,26 \u20ac\/mes<\/td><td class=\"nosepara derecha\">\t\t\t\t\t\n\t\t\t\t\t\t<span class=\"\" style=\"cursor:pointer\" data-bs-toggle=\"modal\" data-bs-target=\"#comparadorModal\">Calcular<\/span>\t\t\t\t\n\t\t\t\t\t\n\t\t\t\t<\/td><\/tr><\/div><tr class=\"fila_tabla_precio\"><td class=\"nosepara izq\">Precio Prima Seminatural MGC<\/td><td class=\"nosepara centro\">1,47 \u20ac\/mes<\/td><td class=\"nosepara derecha\">\t\t\t\t\t\n\t\t\t\t\t\t<span class=\"\" style=\"cursor:pointer\" data-bs-toggle=\"modal\" data-bs-target=\"#comparadorModal\">Calcular<\/span>\t\t\t\t\n\t\t\t\t\t\n\t\t\t\t<\/td><\/tr><\/div><tr class=\"fila_tabla_precio\"><td class=\"nosepara izq\">Precio con Repatriaci\u00f3n MGC<\/td><td class=\"nosepara centro\">0,92 \u20ac a la cuota<\/td><td class=\"nosepara derecha\">\t\t\t\t\t\n\t\t\t\t\t\t<span class=\"\" style=\"cursor:pointer\" data-bs-toggle=\"modal\" data-bs-target=\"#comparadorModal\">Calcular<\/span>\t\t\t\t\n\t\t\t\t\t\n\t\t\t\t<\/td><\/tr><\/div><tr class=\"fila_tabla_precio\"><td class=\"nosepara izq\">Precio Seguro Defunci\u00f3n MGC<\/td><td class=\"nosepara centro\">1,43 \u20ac\/mes<\/td><td class=\"nosepara derecha\">\t\t\t\t\t\n\t\t\t\t\t\t<span class=\"\" style=\"cursor:pointer\" data-bs-toggle=\"modal\" data-bs-target=\"#comparadorModal\">Calcular<\/span>\t\t\t\t\n\t\t\t\t\t\n\t\t\t\t<\/td><\/tr><\/div><tr class=\"fila_tabla_precio\"><td class=\"nosepara izq\">Precio Seguro Fallecimiento MGC<\/td><td class=\"nosepara centro\">1,47 \u20ac\/mes<\/td><td class=\"nosepara derecha\">\t\t\t\t\t\n\t\t\t\t\t\t<span class=\"\" style=\"cursor:pointer\" data-bs-toggle=\"modal\" data-bs-target=\"#comparadorModal\">Calcular<\/span>\t\t\t\t\n\t\t\t\t\t\n\t\t\t\t<\/td><\/tr><\/div><tr class=\"fila_tabla_precio\"><td class=\"nosepara izq\">Precio Seguro Muertos MGC<\/td><td class=\"nosepara centro\">1,65 \u20ac\/mes<\/td><td class=\"nosepara derecha\">\t\t\t\t\t\n\t\t\t\t\t\t<span class=\"\" style=\"cursor:pointer\" data-bs-toggle=\"modal\" data-bs-target=\"#comparadorModal\">Calcular<\/span>\t\t\t\t\n\t\t\t\t\t\n\t\t\t\t<\/td><\/tr><\/div><tr class=\"fila_tabla_precio\"><td class=\"nosepara izq\">Precio Asistencia Familiar MGC<\/td><td class=\"nosepara centro\">1,65 \u20ac\/mes<\/td><td class=\"nosepara derecha\">\t\t\t\t\t\n\t\t\t\t\t\t<span class=\"\" style=\"cursor:pointer\" data-bs-toggle=\"modal\" data-bs-target=\"#comparadorModal\">Calcular<\/span>\t\t\t\t\n\t\t\t\t\t\n\t\t\t\t<\/td><\/tr><\/div><\/tbody><\/table><\/div><\/p>\n<p>Ahora pasaremos a mostrarle una tabla con todas las tarifas de las diferentes primas que brinda el seguro de decesos de MGC. Los mejores t\u00e9cnicos actuariales de la compa\u00f1\u00eda aseguradora han dise\u00f1ado con mimo y tenacidad las primas para que los asegurados disfruten de un producto barato y completo. Este es un panel de precios que le ofrece la MGC de todos los modelos de primas con ofertas y descuentos incluidos.<br \/>\n<div class=\"colorf\"><div class=\"container clearfix\"><div class=\"col-md-7\"><\/p>\n<h3><span class=\"ez-toc-section\" id=\"%C2%BFCual_es_la_mejor_tarifa_de_seguros_de_MGC\"><\/span>\u00bfCu\u00e1l es la mejor tarifa de seguros de MGC ?<span class=\"ez-toc-section-end\"><\/span><\/h3>\n<p>El seguro de decesos MGC se diferencia en el mercado de las compa\u00f1\u00edas aseguradoras por tener una enorme pluralidad en cuesti\u00f3n de las tarifas de sus diferentes p\u00f3lizas con diferentes modalidades de pagos. MGC hace que siempre y en todo momento se adapte a las circunstancias de cada uno de ellos de sus asegurados y que cuente con las mejores coberturas. No tienes que tener dolores de cabeza superfluos ya que MGC incluye garant\u00edas en todas y cada una de sus cl\u00e1usulas.<br \/>\n<\/div><\/div><\/div><\/p>\n<h3><span class=\"ez-toc-section\" id=\"%C2%BFPuede_aumentar_precio_mensual_de_los_seguros_de_MGC\"><\/span>\u00bfPuede aumentar precio mensual de los seguros de MGC ?<span class=\"ez-toc-section-end\"><\/span><\/h3>\n<p>Hay cosas que merece la pena hacer antes que ocurra algo inesperado, por ello es importante efectuar un seguro de decesos con MGC. Puede que el precio de su p\u00f3liza aumente mas no se preocupe, todo quedar\u00e1 expuesto en su contrato a fin de que no tenga ning\u00fan susto. No es frecuente que haya una subida en el precio de su p\u00f3liza mas si es de este modo, la compa\u00f1\u00eda no tiene la obligaci\u00f3n de avisarle. MGC es de las compa\u00f1\u00edas de seguros que cuenta con unas cl\u00e1usulas muy concretas por lo que no tendr\u00e1s ning\u00fan problema en ninguna ocasi\u00f3n.<br \/>\n<div class=\"colorf\"><div class=\"container clearfix\"><div class=\"col-md-7\"><\/p>\n<h3><span class=\"ez-toc-section\" id=\"%C2%BFEl_precio_de_seguros_de_decesos_MGC_sube_con_la_edad\"><\/span>\u00bfEl precio de seguros de decesos MGC sube con la edad?<span class=\"ez-toc-section-end\"><\/span><\/h3>\n<p>\u00bfProsigues rastreando coberturas y precios por todas las compa\u00f1\u00edas aseguradoras de decesos? No rastrees m\u00e1s, MGC te oferta un seguro de decesos de prima \u00fanica inusual con las garant\u00edas m\u00e1s completas y la tarifa m\u00e1s competitiva del mercado, su servicio de asistencia ha sido premiado en innumerables ocasiones, por su calidad y podr\u00e1s dejar garantizado y todo resuelto a tus familiares. Lo m\u00e1s probable que en un horizonte temporal cambien las primas al alza para estar adecuadamente asegurados nuestros clientes del servicio, esto es debido a la inflaci\u00f3n de los de los costes asociados al servicio de decesos en cada municipio y es prioritario desarrollar esa subida de tarifa a fin de que en el momento de la muerte los allegados no tengan que incurrir en un costo no contemplado para poder enterrar a su ser querido. Es de forma directa proporcional el coste de la prima a las coberturas a\u00f1adidas que contrate y g\u00e9nero de prima que escoja. Asimismo puede fraccionar el pago anual de la prima si le resulta m\u00e1s c\u00f3modo.<\/p>\n<p>Con iDecesos puede estudiar todas y cada una de las modalidades que le hemos ido desarrollando y va a poder buscar la que m\u00e1s le interese para contar con un buen seguro de decesos que se amolde a todo cuanto busca. En MGC todos sus clientes tienen la tranquilidad de que la solvencia de sus servicio de asistencia de sepelio va a resguardar los intereses de sus familiares.<br \/>\n<\/div><\/div><\/div><\/p>\n<h3><span class=\"ez-toc-section\" id=\"Paginas_relacionadas\"><\/span>P\u00e1ginas relacionadas<span class=\"ez-toc-section-end\"><\/span><\/h3><div class=\"enlazado\"><ul> <li><a href=\"https:\/\/idecesos.com\/seguros\/companias\/mgc\/opiniones\/\">Opiniones MGC<\/a><\/li> <li><a href=\"https:\/\/idecesos.com\/seguros\/companias\/mgc\/precio\/\">Precio seguro MGC<\/a><\/li> <li><a href=\"https:\/\/idecesos.com\/seguros\/companias\/mgc\/prima-mixta\/\">MGC Prima Mixta<\/a><\/li> <li><a href=\"https:\/\/idecesos.com\/seguros\/companias\/mgc\/prima-natural\/\">MGC Prima Natural<\/a><\/li> <li><a href=\"https:\/\/idecesos.com\/seguros\/companias\/mgc\/prima-nivelada\/\">MGC Prima Nivelada<\/a><\/li> <li><a href=\"https:\/\/idecesos.com\/seguros\/companias\/mgc\/prima-unica\/\">MGC Prima \u00danica<\/a><\/li> <li><a href=\"https:\/\/idecesos.com\/seguros\/companias\/mgc\/repatriacion\/\">MGC Repatriaci\u00f3n<\/a><\/li> <li><a href=\"https:\/\/idecesos.com\/seguros\/companias\/mgc\/telefono\/\">Tel\u00e9fono Gratuito MGC<\/a><\/li><\/ul><\/div>\n","protected":false},"excerpt":{"rendered":"<p>MGC ha logrado que sus clientes del servicio conf\u00eden de manera plena en la compa\u00f1\u00eda aseguradora con un m\u00e1s de un 100 por cien . Existen temporadas en las cuales la compa\u00f1\u00eda aseguradora se pone en marcha para ajustar los precios del seguro, facilitando as\u00ed al asegurado una tranquilidad de que contar\u00e1 con el sepelio&hellip; <\/p>\n","protected":false},"author":1,"featured_media":17519,"parent":9472,"menu_order":0,"comment_status":"closed","ping_status":"closed","template":"single.php","meta":{"footnotes":""},"class_list":["post-17518","page","type-page","status-publish","has-post-thumbnail","hentry"],"yoast_head":"<!-- This site is optimized with the Yoast SEO plugin v27.5 - https:\/\/yoast.com\/product\/yoast-seo-wordpress\/ -->\n<title>Precio Seguro Decesos MGC \u25b7DTO 25% I Oferta 2026<\/title>\n<meta name=\"description\" content=\"Calcular aqu\u00ed\u3010precio seguro de decesos MGC\u3011Tarifas, oferta y descuento de seguro defunci\u00f3n MGC 2026 \u2611\ufe0fiDecesos\u00ae N\u00ba1 en ahorro\" \/>\n<meta name=\"robots\" content=\"index, follow, max-snippet:-1, max-image-preview:large, max-video-preview:-1\" \/>\n<link rel=\"canonical\" href=\"https:\/\/idecesos.com\/seguros\/companias\/mgc\/precio\/\" \/>\n<meta property=\"og:locale\" content=\"es_ES\" \/>\n<meta property=\"og:type\" content=\"article\" \/>\n<meta property=\"og:title\" content=\"Precio Seguro Decesos MGC \u25b7DTO 25% I Oferta 2026\" \/>\n<meta property=\"og:description\" content=\"Calcular aqu\u00ed\u3010precio seguro de decesos MGC\u3011Tarifas, oferta y descuento de seguro defunci\u00f3n MGC 2026 \u2611\ufe0fiDecesos\u00ae N\u00ba1 en ahorro\" \/>\n<meta property=\"og:url\" content=\"https:\/\/idecesos.com\/seguros\/companias\/mgc\/precio\/\" \/>\n<meta property=\"article:modified_time\" content=\"2022-03-10T12:08:52+00:00\" \/>\n<meta property=\"og:image\" content=\"https:\/\/idecesos.com\/seguros\/wp-content\/uploads\/2021\/12\/precio-2.jpg-101.jpeg\" \/>\n\t<meta property=\"og:image:width\" content=\"1500\" \/>\n\t<meta property=\"og:image:height\" content=\"559\" \/>\n\t<meta property=\"og:image:type\" content=\"image\/jpeg\" \/>\n<meta name=\"twitter:card\" content=\"summary_large_image\" \/>\n<meta name=\"twitter:label1\" content=\"Tiempo de lectura\" \/>\n\t<meta name=\"twitter:data1\" content=\"75 minutos\" \/>\n<script type=\"application\/ld+json\" class=\"yoast-schema-graph\">{\"@context\":\"https:\\\/\\\/schema.org\",\"@graph\":[{\"@type\":\"WebPage\",\"@id\":\"https:\\\/\\\/idecesos.com\\\/seguros\\\/companias\\\/mgc\\\/precio\\\/\",\"url\":\"https:\\\/\\\/idecesos.com\\\/seguros\\\/companias\\\/mgc\\\/precio\\\/\",\"name\":\"Precio Seguro Decesos MGC \u25b7DTO 25% I Oferta 2026\",\"isPartOf\":{\"@id\":\"https:\\\/\\\/idecesos.com\\\/seguros\\\/#website\"},\"primaryImageOfPage\":{\"@id\":\"https:\\\/\\\/idecesos.com\\\/seguros\\\/companias\\\/mgc\\\/precio\\\/#primaryimage\"},\"image\":{\"@id\":\"https:\\\/\\\/idecesos.com\\\/seguros\\\/companias\\\/mgc\\\/precio\\\/#primaryimage\"},\"thumbnailUrl\":\"https:\\\/\\\/idecesos.com\\\/seguros\\\/wp-content\\\/uploads\\\/2021\\\/12\\\/precio-2.jpg-101.jpeg\",\"datePublished\":\"2021-12-15T16:03:56+00:00\",\"dateModified\":\"2022-03-10T12:08:52+00:00\",\"description\":\"Calcular aqu\u00ed\u3010precio seguro de decesos MGC\u3011Tarifas, oferta y descuento de seguro defunci\u00f3n MGC 2026 \u2611\ufe0fiDecesos\u00ae N\u00ba1 en ahorro\",\"breadcrumb\":{\"@id\":\"https:\\\/\\\/idecesos.com\\\/seguros\\\/companias\\\/mgc\\\/precio\\\/#breadcrumb\"},\"inLanguage\":\"es\",\"potentialAction\":[{\"@type\":\"ReadAction\",\"target\":[\"https:\\\/\\\/idecesos.com\\\/seguros\\\/companias\\\/mgc\\\/precio\\\/\"]}]},{\"@type\":\"ImageObject\",\"inLanguage\":\"es\",\"@id\":\"https:\\\/\\\/idecesos.com\\\/seguros\\\/companias\\\/mgc\\\/precio\\\/#primaryimage\",\"url\":\"https:\\\/\\\/idecesos.com\\\/seguros\\\/wp-content\\\/uploads\\\/2021\\\/12\\\/precio-2.jpg-101.jpeg\",\"contentUrl\":\"https:\\\/\\\/idecesos.com\\\/seguros\\\/wp-content\\\/uploads\\\/2021\\\/12\\\/precio-2.jpg-101.jpeg\",\"width\":1500,\"height\":559,\"caption\":\"Precio MGC\"},{\"@type\":\"BreadcrumbList\",\"@id\":\"https:\\\/\\\/idecesos.com\\\/seguros\\\/companias\\\/mgc\\\/precio\\\/#breadcrumb\",\"itemListElement\":[{\"@type\":\"ListItem\",\"position\":1,\"name\":\"Portada\",\"item\":\"https:\\\/\\\/idecesos.com\\\/seguros\\\/\"},{\"@type\":\"ListItem\",\"position\":2,\"name\":\"Compa\u00f1\u00edas de Seguros de Decesos en Espa\u00f1a\",\"item\":\"https:\\\/\\\/idecesos.com\\\/seguros\\\/companias\\\/\"},{\"@type\":\"ListItem\",\"position\":3,\"name\":\"Seguros de decesos MGC\",\"item\":\"https:\\\/\\\/idecesos.com\\\/seguros\\\/companias\\\/mgc\\\/\"},{\"@type\":\"ListItem\",\"position\":4,\"name\":\"\u00bfCu\u00e1nto cuesta el seguro de decesos MGC?\"}]},{\"@type\":\"WebSite\",\"@id\":\"https:\\\/\\\/idecesos.com\\\/seguros\\\/#website\",\"url\":\"https:\\\/\\\/idecesos.com\\\/seguros\\\/\",\"name\":\"\",\"description\":\"\",\"potentialAction\":[{\"@type\":\"SearchAction\",\"target\":{\"@type\":\"EntryPoint\",\"urlTemplate\":\"https:\\\/\\\/idecesos.com\\\/seguros\\\/?s={search_term_string}\"},\"query-input\":{\"@type\":\"PropertyValueSpecification\",\"valueRequired\":true,\"valueName\":\"search_term_string\"}}],\"inLanguage\":\"es\"}]}<\/script>\n<!-- \/ Yoast SEO plugin. -->","yoast_head_json":{"title":"Precio Seguro Decesos MGC \u25b7DTO 25% I Oferta 2026","description":"Calcular aqu\u00ed\u3010precio seguro de decesos MGC\u3011Tarifas, oferta y descuento de seguro defunci\u00f3n MGC 2026 \u2611\ufe0fiDecesos\u00ae N\u00ba1 en ahorro","robots":{"index":"index","follow":"follow","max-snippet":"max-snippet:-1","max-image-preview":"max-image-preview:large","max-video-preview":"max-video-preview:-1"},"canonical":"https:\/\/idecesos.com\/seguros\/companias\/mgc\/precio\/","og_locale":"es_ES","og_type":"article","og_title":"Precio Seguro Decesos MGC \u25b7DTO 25% I Oferta 2026","og_description":"Calcular aqu\u00ed\u3010precio seguro de decesos MGC\u3011Tarifas, oferta y descuento de seguro defunci\u00f3n MGC 2026 \u2611\ufe0fiDecesos\u00ae N\u00ba1 en ahorro","og_url":"https:\/\/idecesos.com\/seguros\/companias\/mgc\/precio\/","article_modified_time":"2022-03-10T12:08:52+00:00","og_image":[{"width":1500,"height":559,"url":"https:\/\/idecesos.com\/seguros\/wp-content\/uploads\/2021\/12\/precio-2.jpg-101.jpeg","type":"image\/jpeg"}],"twitter_card":"summary_large_image","twitter_misc":{"Tiempo de lectura":"75 minutos"},"schema":{"@context":"https:\/\/schema.org","@graph":[{"@type":"WebPage","@id":"https:\/\/idecesos.com\/seguros\/companias\/mgc\/precio\/","url":"https:\/\/idecesos.com\/seguros\/companias\/mgc\/precio\/","name":"Precio Seguro Decesos MGC \u25b7DTO 25% I Oferta 2026","isPartOf":{"@id":"https:\/\/idecesos.com\/seguros\/#website"},"primaryImageOfPage":{"@id":"https:\/\/idecesos.com\/seguros\/companias\/mgc\/precio\/#primaryimage"},"image":{"@id":"https:\/\/idecesos.com\/seguros\/companias\/mgc\/precio\/#primaryimage"},"thumbnailUrl":"https:\/\/idecesos.com\/seguros\/wp-content\/uploads\/2021\/12\/precio-2.jpg-101.jpeg","datePublished":"2021-12-15T16:03:56+00:00","dateModified":"2022-03-10T12:08:52+00:00","description":"Calcular aqu\u00ed\u3010precio seguro de decesos MGC\u3011Tarifas, oferta y descuento de seguro defunci\u00f3n MGC 2026 \u2611\ufe0fiDecesos\u00ae N\u00ba1 en ahorro","breadcrumb":{"@id":"https:\/\/idecesos.com\/seguros\/companias\/mgc\/precio\/#breadcrumb"},"inLanguage":"es","potentialAction":[{"@type":"ReadAction","target":["https:\/\/idecesos.com\/seguros\/companias\/mgc\/precio\/"]}]},{"@type":"ImageObject","inLanguage":"es","@id":"https:\/\/idecesos.com\/seguros\/companias\/mgc\/precio\/#primaryimage","url":"https:\/\/idecesos.com\/seguros\/wp-content\/uploads\/2021\/12\/precio-2.jpg-101.jpeg","contentUrl":"https:\/\/idecesos.com\/seguros\/wp-content\/uploads\/2021\/12\/precio-2.jpg-101.jpeg","width":1500,"height":559,"caption":"Precio MGC"},{"@type":"BreadcrumbList","@id":"https:\/\/idecesos.com\/seguros\/companias\/mgc\/precio\/#breadcrumb","itemListElement":[{"@type":"ListItem","position":1,"name":"Portada","item":"https:\/\/idecesos.com\/seguros\/"},{"@type":"ListItem","position":2,"name":"Compa\u00f1\u00edas de Seguros de Decesos en Espa\u00f1a","item":"https:\/\/idecesos.com\/seguros\/companias\/"},{"@type":"ListItem","position":3,"name":"Seguros de decesos MGC","item":"https:\/\/idecesos.com\/seguros\/companias\/mgc\/"},{"@type":"ListItem","position":4,"name":"\u00bfCu\u00e1nto cuesta el seguro de decesos MGC?"}]},{"@type":"WebSite","@id":"https:\/\/idecesos.com\/seguros\/#website","url":"https:\/\/idecesos.com\/seguros\/","name":"","description":"","potentialAction":[{"@type":"SearchAction","target":{"@type":"EntryPoint","urlTemplate":"https:\/\/idecesos.com\/seguros\/?s={search_term_string}"},"query-input":{"@type":"PropertyValueSpecification","valueRequired":true,"valueName":"search_term_string"}}],"inLanguage":"es"}]}},"_links":{"self":[{"href":"https:\/\/idecesos.com\/seguros\/wp-json\/wp\/v2\/pages\/17518","targetHints":{"allow":["GET"]}}],"collection":[{"href":"https:\/\/idecesos.com\/seguros\/wp-json\/wp\/v2\/pages"}],"about":[{"href":"https:\/\/idecesos.com\/seguros\/wp-json\/wp\/v2\/types\/page"}],"author":[{"embeddable":true,"href":"https:\/\/idecesos.com\/seguros\/wp-json\/wp\/v2\/users\/1"}],"replies":[{"embeddable":true,"href":"https:\/\/idecesos.com\/seguros\/wp-json\/wp\/v2\/comments?post=17518"}],"version-history":[{"count":2,"href":"https:\/\/idecesos.com\/seguros\/wp-json\/wp\/v2\/pages\/17518\/revisions"}],"predecessor-version":[{"id":20170,"href":"https:\/\/idecesos.com\/seguros\/wp-json\/wp\/v2\/pages\/17518\/revisions\/20170"}],"up":[{"embeddable":true,"href":"https:\/\/idecesos.com\/seguros\/wp-json\/wp\/v2\/pages\/9472"}],"wp:featuredmedia":[{"embeddable":true,"href":"https:\/\/idecesos.com\/seguros\/wp-json\/wp\/v2\/media\/17519"}],"wp:attachment":[{"href":"https:\/\/idecesos.com\/seguros\/wp-json\/wp\/v2\/media?parent=17518"}],"curies":[{"name":"wp","href":"https:\/\/api.w.org\/{rel}","templated":true}]}}