{"id":17520,"date":"2021-12-15T16:03:57","date_gmt":"2021-12-15T16:03:57","guid":{"rendered":"https:\/\/idecesos.com\/seguros\/companias\/la-paz\/precio\/"},"modified":"2022-03-10T12:09:55","modified_gmt":"2022-03-10T12:09:55","slug":"precio","status":"publish","type":"page","link":"https:\/\/idecesos.com\/seguros\/companias\/la-paz\/precio\/","title":{"rendered":"\u00bfCu\u00e1nto cuesta el seguro de decesos La Paz?"},"content":{"rendered":"<div id=\"ez-toc-container\" class=\"ez-toc-v2_0_82_2 ez-toc-wrap-center counter-hierarchy ez-toc-counter ez-toc-custom ez-toc-container-direction\">\n<div class=\"ez-toc-title-container\">\n<p class=\"ez-toc-title\" style=\"cursor:inherit\">Tabla de Contenido<\/p>\n<span class=\"ez-toc-title-toggle\"><a href=\"#\" class=\"ez-toc-pull-right ez-toc-btn ez-toc-btn-xs ez-toc-btn-default ez-toc-toggle\" aria-label=\"Alternar tabla de contenidos\"><span class=\"ez-toc-js-icon-con\"><span class=\"\"><span class=\"eztoc-hide\" style=\"display:none;\">Toggle<\/span><span class=\"ez-toc-icon-toggle-span\"><svg style=\"fill: #db6415;color:#db6415\" xmlns=\"http:\/\/www.w3.org\/2000\/svg\" class=\"list-377408\" width=\"20px\" height=\"20px\" viewBox=\"0 0 24 24\" fill=\"none\"><path d=\"M6 6H4v2h2V6zm14 0H8v2h12V6zM4 11h2v2H4v-2zm16 0H8v2h12v-2zM4 16h2v2H4v-2zm16 0H8v2h12v-2z\" fill=\"currentColor\"><\/path><\/svg><svg style=\"fill: #db6415;color:#db6415\" class=\"arrow-unsorted-368013\" xmlns=\"http:\/\/www.w3.org\/2000\/svg\" width=\"10px\" height=\"10px\" viewBox=\"0 0 24 24\" version=\"1.2\" baseProfile=\"tiny\"><path d=\"M18.2 9.3l-6.2-6.3-6.2 6.3c-.2.2-.3.4-.3.7s.1.5.3.7c.2.2.4.3.7.3h11c.3 0 .5-.1.7-.3.2-.2.3-.5.3-.7s-.1-.5-.3-.7zM5.8 14.7l6.2 6.3 6.2-6.3c.2-.2.3-.5.3-.7s-.1-.5-.3-.7c-.2-.2-.4-.3-.7-.3h-11c-.3 0-.5.1-.7.3-.2.2-.3.5-.3.7s.1.5.3.7z\"\/><\/svg><\/span><\/span><\/span><\/a><\/span><\/div>\n<nav><ul class='ez-toc-list ez-toc-list-level-1 ' ><li class='ez-toc-page-1 ez-toc-heading-level-2'><a class=\"ez-toc-link ez-toc-heading-1\" href=\"https:\/\/idecesos.com\/seguros\/companias\/la-paz\/precio\/#Calcular_precio_seguro_de_decesos_La_Paz\" >Calcular precio seguro de decesos La Paz<\/a><\/li><li class='ez-toc-page-1 ez-toc-heading-level-2'><a class=\"ez-toc-link ez-toc-heading-2\" href=\"https:\/\/idecesos.com\/seguros\/companias\/la-paz\/precio\/#Tabla_comparativa_de_precios_La_Paz\" >Tabla comparativa de precios La Paz<\/a><ul class='ez-toc-list-level-3' ><li class='ez-toc-heading-level-3'><a class=\"ez-toc-link ez-toc-heading-3\" href=\"https:\/\/idecesos.com\/seguros\/companias\/la-paz\/precio\/#%C2%BFCual_es_la_mejor_tarifa_de_seguros_de_La_Paz\" >\u00bfCu\u00e1l es la mejor tarifa de seguros de La Paz ?<\/a><\/li><li class='ez-toc-page-1 ez-toc-heading-level-3'><a class=\"ez-toc-link ez-toc-heading-4\" href=\"https:\/\/idecesos.com\/seguros\/companias\/la-paz\/precio\/#%C2%BFPuede_aumentar_precio_mensual_de_los_seguros_de_La_Paz\" >\u00bfPuede aumentar precio mensual de los seguros de La Paz ?<\/a><\/li><li class='ez-toc-page-1 ez-toc-heading-level-3'><a class=\"ez-toc-link ez-toc-heading-5\" href=\"https:\/\/idecesos.com\/seguros\/companias\/la-paz\/precio\/#%C2%BFEl_precio_de_seguros_de_decesos_La_Paz_sube_con_la_edad\" >\u00bfEl precio de seguros de decesos La Paz sube con la edad?<\/a><\/li><li class='ez-toc-page-1 ez-toc-heading-level-3'><a class=\"ez-toc-link ez-toc-heading-6\" href=\"https:\/\/idecesos.com\/seguros\/companias\/la-paz\/precio\/#Paginas_relacionadas\" >P\u00e1ginas relacionadas<\/a><\/li><\/ul><\/li><\/ul><\/nav><\/div>\n<p><br \/>\nDurante la vida, en el \u00fanico sitio en el que no nos podemos respaldar a nosotros mismos es en la muerte. Estate tranquilo. La Paz se ocupar\u00e1 de darte toda la tranquilidad que precisas a ti y a tus seres queridos para que todo est\u00e9 bajo control en el momento del \u00f3bito. Dicen que hay fallecidos que te ense\u00f1an a vivir \u00bfEs de esta forma o solo queda el consuelo de pensarlo? La Paz queda avalado por sus asegurados de m\u00e1s de treinta mil personas que aseguran que desde el instante en que cuentan con la compa\u00f1\u00eda han logrado sentirse m\u00e1s aliviados sabiendo que dejan todo en sus manos. El precio de la prima de un seguro de decesos puede variar en las coberturas de cada una de sus p\u00f3lizas. Acostumbran a tener en cuenta diferentes factores como la edad del asegurado o el lugar donde reside. En general si incluye m\u00e1s coberturas el precio podr\u00eda ascender en el precio final. La Paz te ofrece sus mejores p\u00f3lizas donde la calidad y el precio van de la mano ofertando a sus clientes la mayor comodidad adapt\u00e1ndose a ellos.<\/p>\n<div class=\"colorf\"><div class=\"container clearfix\"><div class=\"col-md-7\">\n<h2><span class=\"ez-toc-section\" id=\"Calcular_precio_seguro_de_decesos_La_Paz\"><\/span>Calcular precio seguro de decesos La Paz<span class=\"ez-toc-section-end\"><\/span><\/h2>\n<p>En un momento te ofreceremos el precio m\u00e1s barato del seguro de decesos que est\u00e1s buscando con nuestro buscador que lo hace todo m\u00e1s simple, con tan solo le des al bot\u00f3n de calcular. Esencialmente debes completar cuatro campos y en unos momentos nuestro motor de b\u00fasqueda le indicar\u00e1 las tarifas de las aseguradoras m\u00e1s competitivas del mercado seg\u00fan su perfil, simple y veloz. La Paz est\u00e1 compuesta por unos empleados enormemente comprometidos con la satisfacci\u00f3n del cliente cuando se produzca un fallecimiento y que se eval\u00fae a posteriori el servicio de asistencia con las mejores puntuaciones. Por lo tanto, La Paz oferta un seguro de muertos con las garant\u00edas m\u00e1s completas del mercado,adem\u00e1s es ofrecida por los mejores asesores que facilitan todos y cada uno de los servicios de asistencia con el mayor rigor del sector, es por todo esto que los clientes salen satisfechos por el precio y totalmente persuadidos de haber atinado.<br \/>\n<\/div><\/div><\/div><\/p>\n<h2><span class=\"ez-toc-section\" id=\"Tabla_comparativa_de_precios_La_Paz\"><\/span>Tabla comparativa de precios La Paz<span class=\"ez-toc-section-end\"><\/span><\/h2>\n<p><div class=\"cabecera_tabla_precio\"><table class=\"table table-striped\"><thead><tr><th class=\"nosepara centrado\">Tipo<\/th><th class=\"nosepara centrado nojustificado\">Precio Desde<\/th><th class=\"nosepara dcha\"><\/th><\/tr><\/thead><tbody><tr class=\"fila_tabla_precio\"><td class=\"nosepara izq\">Precio Seguro Decesos La Paz<\/td><td class=\"nosepara centro\">1,51 \u20ac\/mes<\/td><td class=\"nosepara derecha\">\t\t\t\t\t\n\t\t\t\t\t\t<span class=\"\" style=\"cursor:pointer\" data-bs-toggle=\"modal\" data-bs-target=\"#comparadorModal\">Calcular<\/span>\t\t\t\t\n\t\t\t\t\t\n\t\t\t\t<\/td><\/tr><\/div><tr class=\"fila_tabla_precio\"><td class=\"nosepara izq\">Precio Prima \u00danica La Paz<\/td><td class=\"nosepara centro\">2395 \u20ac<\/td><td class=\"nosepara derecha\">\t\t\t\t\t\n\t\t\t\t\t\t<span class=\"\" style=\"cursor:pointer\" data-bs-toggle=\"modal\" data-bs-target=\"#comparadorModal\">Calcular<\/span>\t\t\t\t\n\t\t\t\t\t\n\t\t\t\t<\/td><\/tr><\/div><tr class=\"fila_tabla_precio\"><td class=\"nosepara izq\">Precio Prima Natural La Paz<\/td><td class=\"nosepara centro\">1,43 \u20ac\/mes<\/td><td class=\"nosepara derecha\">\t\t\t\t\t\n\t\t\t\t\t\t<span class=\"\" style=\"cursor:pointer\" data-bs-toggle=\"modal\" data-bs-target=\"#comparadorModal\">Calcular<\/span>\t\t\t\t\n\t\t\t\t\t\n\t\t\t\t<\/td><\/tr><\/div><tr class=\"fila_tabla_precio\"><td class=\"nosepara izq\">Precio Prima Nivelada La Paz<\/td><td class=\"nosepara centro\">1,54 \u20ac\/mes<\/td><td class=\"nosepara derecha\">\t\t\t\t\t\n\t\t\t\t\t\t<span class=\"\" style=\"cursor:pointer\" data-bs-toggle=\"modal\" data-bs-target=\"#comparadorModal\">Calcular<\/span>\t\t\t\t\n\t\t\t\t\t\n\t\t\t\t<\/td><\/tr><\/div><tr class=\"fila_tabla_precio\"><td class=\"nosepara izq\">Precio Prima Mixta La Paz<\/td><td class=\"nosepara centro\">1,49 \u20ac\/mes<\/td><td class=\"nosepara derecha\">\t\t\t\t\t\n\t\t\t\t\t\t<span class=\"\" style=\"cursor:pointer\" data-bs-toggle=\"modal\" data-bs-target=\"#comparadorModal\">Calcular<\/span>\t\t\t\t\n\t\t\t\t\t\n\t\t\t\t<\/td><\/tr><\/div><tr class=\"fila_tabla_precio\"><td class=\"nosepara izq\">Precio Prima Seminatural La Paz<\/td><td class=\"nosepara centro\">1,40 \u20ac\/mes<\/td><td class=\"nosepara derecha\">\t\t\t\t\t\n\t\t\t\t\t\t<span class=\"\" style=\"cursor:pointer\" data-bs-toggle=\"modal\" data-bs-target=\"#comparadorModal\">Calcular<\/span>\t\t\t\t\n\t\t\t\t\t\n\t\t\t\t<\/td><\/tr><\/div><tr class=\"fila_tabla_precio\"><td class=\"nosepara izq\">Precio con Repatriaci\u00f3n La Paz<\/td><td class=\"nosepara centro\">0,98 \u20ac a la cuota<\/td><td class=\"nosepara derecha\">\t\t\t\t\t\n\t\t\t\t\t\t<span class=\"\" style=\"cursor:pointer\" data-bs-toggle=\"modal\" data-bs-target=\"#comparadorModal\">Calcular<\/span>\t\t\t\t\n\t\t\t\t\t\n\t\t\t\t<\/td><\/tr><\/div><tr class=\"fila_tabla_precio\"><td class=\"nosepara izq\">Precio Seguro Defunci\u00f3n La Paz<\/td><td class=\"nosepara centro\">1,39 \u20ac\/mes<\/td><td class=\"nosepara derecha\">\t\t\t\t\t\n\t\t\t\t\t\t<span class=\"\" style=\"cursor:pointer\" data-bs-toggle=\"modal\" data-bs-target=\"#comparadorModal\">Calcular<\/span>\t\t\t\t\n\t\t\t\t\t\n\t\t\t\t<\/td><\/tr><\/div><tr class=\"fila_tabla_precio\"><td class=\"nosepara izq\">Precio Seguro Fallecimiento La Paz<\/td><td class=\"nosepara centro\">1,48 \u20ac\/mes<\/td><td class=\"nosepara derecha\">\t\t\t\t\t\n\t\t\t\t\t\t<span class=\"\" style=\"cursor:pointer\" data-bs-toggle=\"modal\" data-bs-target=\"#comparadorModal\">Calcular<\/span>\t\t\t\t\n\t\t\t\t\t\n\t\t\t\t<\/td><\/tr><\/div><tr class=\"fila_tabla_precio\"><td class=\"nosepara izq\">Precio Seguro Muertos La Paz<\/td><td class=\"nosepara centro\">1,50 \u20ac\/mes<\/td><td class=\"nosepara derecha\">\t\t\t\t\t\n\t\t\t\t\t\t<span class=\"\" style=\"cursor:pointer\" data-bs-toggle=\"modal\" data-bs-target=\"#comparadorModal\">Calcular<\/span>\t\t\t\t\n\t\t\t\t\t\n\t\t\t\t<\/td><\/tr><\/div><tr class=\"fila_tabla_precio\"><td class=\"nosepara izq\">Precio Asistencia Familiar La Paz<\/td><td class=\"nosepara centro\">1,69 \u20ac\/mes<\/td><td class=\"nosepara derecha\">\t\t\t\t\t\n\t\t\t\t\t\t<span class=\"\" style=\"cursor:pointer\" data-bs-toggle=\"modal\" data-bs-target=\"#comparadorModal\">Calcular<\/span>\t\t\t\t\n\t\t\t\t\t\n\t\t\t\t<\/td><\/tr><\/div><\/tbody><\/table><\/div><\/p>\n<p>La Paz quiere facilitarte todo. Con esta tabla comparativa podr\u00e1s ver las distintas tarifas de cada p\u00f3liza que te ofrecen. La Paz te todo considerablemente m\u00e1s simple. No tienes de qu\u00e9 preocuparte, ellos se encargaran de todo, cubriendo el sepelio y todo cuanto este engloba a fin de que sus familiares puedan estar sosegados en ese duro instante de sus vidas. Tienes que tomar en consideraci\u00f3n que hoy pueda estar todo bien pero ma\u00f1ana no y t\u00fa eres el encargado de mudar eso. No es el momento de que pierdas tu tiempo y cuenta con tu seguro de decesos de La Paz.<br \/>\n<div class=\"colorf\"><div class=\"container clearfix\"><div class=\"col-md-7\"><\/p>\n<h3><span class=\"ez-toc-section\" id=\"%C2%BFCual_es_la_mejor_tarifa_de_seguros_de_La_Paz\"><\/span>\u00bfCu\u00e1l es la mejor tarifa de seguros de La Paz ?<span class=\"ez-toc-section-end\"><\/span><\/h3>\n<p>Tiene delante la soluci\u00f3n a sus exigencias para un seguro de defunci\u00f3n con La PazLas coberturas a\u00f1adidas m\u00e1s importantes y m\u00e1s diferenciadoras del mercado las goza las distintas empresas de seguros de forma particular las p\u00f3lizas de seguro de decesos que ofertamos en nuestro porfolio de seguro de defunci\u00f3n. iDecesos te elegir\u00e1 con todas y cada una de las garant\u00edas la mejor p\u00f3liza al ser el comparador l\u00edder y especialista en seguro de decesos en Espa\u00f1a, asimismo se ajustar\u00e1 a tus necesidades en todo momento.<br \/>\n<\/div><\/div><\/div><\/p>\n<h3><span class=\"ez-toc-section\" id=\"%C2%BFPuede_aumentar_precio_mensual_de_los_seguros_de_La_Paz\"><\/span>\u00bfPuede aumentar precio mensual de los seguros de La Paz ?<span class=\"ez-toc-section-end\"><\/span><\/h3>\n<p>Va a depender de la prima de La Paz se debe tomar en consideraci\u00f3n de que si ocurre alg\u00fan incremento en la tarifa va a quedar recogida en el contrato del asegurado. Aunque hay casos en los que la compa\u00f1\u00eda de seguros no est\u00e1 obligada a informar. No se preocupe, puede estar tranquilo con La Paz. Puedes tener total confianza en La Paz puesto que est\u00e1 posicionada como una de las compa\u00f1\u00edas de seguros m\u00e1s transparentes del mercado de Espa\u00f1a. La Paz sabe lo que necesitas y va a tener asegurado a su ser querido.<br \/>\n<div class=\"colorf\"><div class=\"container clearfix\"><div class=\"col-md-7\"><\/p>\n<h3><span class=\"ez-toc-section\" id=\"%C2%BFEl_precio_de_seguros_de_decesos_La_Paz_sube_con_la_edad\"><\/span>\u00bfEl precio de seguros de decesos La Paz sube con la edad?<span class=\"ez-toc-section-end\"><\/span><\/h3>\n<p>\u00bfProsigues rastreando coberturas y precios por todas y cada una de las compa\u00f1\u00edas aseguradoras de decesos? No rastrees m\u00e1s, La Paz te oferta un seguro de decesos de prima \u00fanica excepcional con las garant\u00edas m\u00e1s completas y la tarifa m\u00e1s competitiva del mercado, su servicio de asistencia ha sido premiado en incontables ocasiones, por su calidad y podr\u00e1s dejar garantizado y todo resuelto a tus familiares. Lo m\u00e1s probable que en un horizonte temporal cambien las primas al alza para estar adecuadamente asegurados nuestros clientes, esto se debe a la inflaci\u00f3n de los de los costos asociados al servicio de decesos en todos y cada municipio y es prioritario desarrollar esa subida de tarifa para que en el instante de la muerte los allegados no deban incurrir en un costo no contemplado para poder sepultar a su ser querido. Si contrata un seguro con todas las coberturas a\u00f1adidas que existan en sus condiciones generales y con los l\u00edmites m\u00e1ximos, estos afectar\u00e1n de forma directa a la tarifa de la prima. Tiene la posibilidad de dividir el pago de la manera que le sea m\u00e1s conveniente a su econom\u00eda.<\/p>\n<p>Con iDecesos puede estudiar todas y cada una de las modalidades que le hemos ido desarrollando y podr\u00e1 buscar la que m\u00e1s le interese para contar con un buen seguro de decesos que se amolde a todo cuanto busca. Contratando con La Paz deja todo resuelto a sus familiares, allegados y herederos de que cuando llegue su fallecimiento no tendr\u00e1n ninguna preocupaci\u00f3n econ\u00f3mica ni de organizaci\u00f3n de su entierro.<br \/>\n<\/div><\/div><\/div><\/p>\n<h3><span class=\"ez-toc-section\" id=\"Paginas_relacionadas\"><\/span>P\u00e1ginas relacionadas<span class=\"ez-toc-section-end\"><\/span><\/h3><div class=\"enlazado\"><ul> <li><a href=\"https:\/\/idecesos.com\/seguros\/companias\/la-paz\/opiniones\/\">Opiniones La Paz<\/a><\/li> <li><a href=\"https:\/\/idecesos.com\/seguros\/companias\/la-paz\/precio\/\">Precio seguro La Paz<\/a><\/li> <li><a href=\"https:\/\/idecesos.com\/seguros\/companias\/la-paz\/prima-mixta\/\">La Paz Prima Mixta<\/a><\/li> <li><a href=\"https:\/\/idecesos.com\/seguros\/companias\/la-paz\/prima-natural\/\">La Paz Prima Natural<\/a><\/li> <li><a href=\"https:\/\/idecesos.com\/seguros\/companias\/la-paz\/prima-nivelada\/\">La Paz Prima Nivelada<\/a><\/li> <li><a href=\"https:\/\/idecesos.com\/seguros\/companias\/la-paz\/prima-unica\/\">La Paz Prima \u00danica<\/a><\/li> <li><a href=\"https:\/\/idecesos.com\/seguros\/companias\/la-paz\/repatriacion\/\">La Paz Repatriaci\u00f3n<\/a><\/li> <li><a href=\"https:\/\/idecesos.com\/seguros\/companias\/la-paz\/telefono\/\">Tel\u00e9fono Gratuito La Paz<\/a><\/li><\/ul><\/div>\n","protected":false},"excerpt":{"rendered":"<p>Durante la vida, en el \u00fanico sitio en el que no nos podemos respaldar a nosotros mismos es en la muerte. Estate tranquilo. La Paz se ocupar\u00e1 de darte toda la tranquilidad que precisas a ti y a tus seres queridos para que todo est\u00e9 bajo control en el momento del \u00f3bito. Dicen que hay&hellip; <\/p>\n","protected":false},"author":1,"featured_media":17521,"parent":9475,"menu_order":0,"comment_status":"closed","ping_status":"closed","template":"single.php","meta":{"footnotes":""},"class_list":["post-17520","page","type-page","status-publish","has-post-thumbnail","hentry"],"yoast_head":"<!-- This site is optimized with the Yoast SEO plugin v27.5 - https:\/\/yoast.com\/product\/yoast-seo-wordpress\/ -->\n<title>Precio Seguro Decesos La Paz \u25b7DTO 25% I Oferta 2026<\/title>\n<meta name=\"description\" content=\"Calcular aqu\u00ed\u3010precio seguro de decesos La Paz\u3011Tarifas, oferta y descuento de seguro defunci\u00f3n La Paz 2026 \u2611\ufe0fiDecesos\u00ae N\u00ba1 en ahorro\" \/>\n<meta name=\"robots\" content=\"index, follow, max-snippet:-1, max-image-preview:large, max-video-preview:-1\" \/>\n<link rel=\"canonical\" href=\"https:\/\/idecesos.com\/seguros\/companias\/la-paz\/precio\/\" \/>\n<meta property=\"og:locale\" content=\"es_ES\" \/>\n<meta property=\"og:type\" content=\"article\" \/>\n<meta property=\"og:title\" content=\"Precio Seguro Decesos La Paz \u25b7DTO 25% I Oferta 2026\" \/>\n<meta property=\"og:description\" content=\"Calcular aqu\u00ed\u3010precio seguro de decesos La Paz\u3011Tarifas, oferta y descuento de seguro defunci\u00f3n La Paz 2026 \u2611\ufe0fiDecesos\u00ae N\u00ba1 en ahorro\" \/>\n<meta property=\"og:url\" content=\"https:\/\/idecesos.com\/seguros\/companias\/la-paz\/precio\/\" \/>\n<meta property=\"article:modified_time\" content=\"2022-03-10T12:09:55+00:00\" \/>\n<meta property=\"og:image\" content=\"https:\/\/idecesos.com\/seguros\/wp-content\/uploads\/2021\/12\/precio-2.jpg-102.jpeg\" \/>\n\t<meta property=\"og:image:width\" content=\"1500\" \/>\n\t<meta property=\"og:image:height\" content=\"559\" \/>\n\t<meta property=\"og:image:type\" content=\"image\/jpeg\" \/>\n<meta name=\"twitter:card\" content=\"summary_large_image\" \/>\n<meta name=\"twitter:label1\" content=\"Tiempo de lectura\" \/>\n\t<meta name=\"twitter:data1\" content=\"75 minutos\" \/>\n<script type=\"application\/ld+json\" class=\"yoast-schema-graph\">{\"@context\":\"https:\\\/\\\/schema.org\",\"@graph\":[{\"@type\":\"WebPage\",\"@id\":\"https:\\\/\\\/idecesos.com\\\/seguros\\\/companias\\\/la-paz\\\/precio\\\/\",\"url\":\"https:\\\/\\\/idecesos.com\\\/seguros\\\/companias\\\/la-paz\\\/precio\\\/\",\"name\":\"Precio Seguro Decesos La Paz \u25b7DTO 25% I Oferta 2026\",\"isPartOf\":{\"@id\":\"https:\\\/\\\/idecesos.com\\\/seguros\\\/#website\"},\"primaryImageOfPage\":{\"@id\":\"https:\\\/\\\/idecesos.com\\\/seguros\\\/companias\\\/la-paz\\\/precio\\\/#primaryimage\"},\"image\":{\"@id\":\"https:\\\/\\\/idecesos.com\\\/seguros\\\/companias\\\/la-paz\\\/precio\\\/#primaryimage\"},\"thumbnailUrl\":\"https:\\\/\\\/idecesos.com\\\/seguros\\\/wp-content\\\/uploads\\\/2021\\\/12\\\/precio-2.jpg-102.jpeg\",\"datePublished\":\"2021-12-15T16:03:57+00:00\",\"dateModified\":\"2022-03-10T12:09:55+00:00\",\"description\":\"Calcular aqu\u00ed\u3010precio seguro de decesos La Paz\u3011Tarifas, oferta y descuento de seguro defunci\u00f3n La Paz 2026 \u2611\ufe0fiDecesos\u00ae N\u00ba1 en ahorro\",\"breadcrumb\":{\"@id\":\"https:\\\/\\\/idecesos.com\\\/seguros\\\/companias\\\/la-paz\\\/precio\\\/#breadcrumb\"},\"inLanguage\":\"es\",\"potentialAction\":[{\"@type\":\"ReadAction\",\"target\":[\"https:\\\/\\\/idecesos.com\\\/seguros\\\/companias\\\/la-paz\\\/precio\\\/\"]}]},{\"@type\":\"ImageObject\",\"inLanguage\":\"es\",\"@id\":\"https:\\\/\\\/idecesos.com\\\/seguros\\\/companias\\\/la-paz\\\/precio\\\/#primaryimage\",\"url\":\"https:\\\/\\\/idecesos.com\\\/seguros\\\/wp-content\\\/uploads\\\/2021\\\/12\\\/precio-2.jpg-102.jpeg\",\"contentUrl\":\"https:\\\/\\\/idecesos.com\\\/seguros\\\/wp-content\\\/uploads\\\/2021\\\/12\\\/precio-2.jpg-102.jpeg\",\"width\":1500,\"height\":559,\"caption\":\"Precio La Paz\"},{\"@type\":\"BreadcrumbList\",\"@id\":\"https:\\\/\\\/idecesos.com\\\/seguros\\\/companias\\\/la-paz\\\/precio\\\/#breadcrumb\",\"itemListElement\":[{\"@type\":\"ListItem\",\"position\":1,\"name\":\"Portada\",\"item\":\"https:\\\/\\\/idecesos.com\\\/seguros\\\/\"},{\"@type\":\"ListItem\",\"position\":2,\"name\":\"Compa\u00f1\u00edas de Seguros de Decesos en Espa\u00f1a\",\"item\":\"https:\\\/\\\/idecesos.com\\\/seguros\\\/companias\\\/\"},{\"@type\":\"ListItem\",\"position\":3,\"name\":\"Seguros de decesos La Paz\",\"item\":\"https:\\\/\\\/idecesos.com\\\/seguros\\\/companias\\\/la-paz\\\/\"},{\"@type\":\"ListItem\",\"position\":4,\"name\":\"\u00bfCu\u00e1nto cuesta el seguro de decesos La Paz?\"}]},{\"@type\":\"WebSite\",\"@id\":\"https:\\\/\\\/idecesos.com\\\/seguros\\\/#website\",\"url\":\"https:\\\/\\\/idecesos.com\\\/seguros\\\/\",\"name\":\"\",\"description\":\"\",\"potentialAction\":[{\"@type\":\"SearchAction\",\"target\":{\"@type\":\"EntryPoint\",\"urlTemplate\":\"https:\\\/\\\/idecesos.com\\\/seguros\\\/?s={search_term_string}\"},\"query-input\":{\"@type\":\"PropertyValueSpecification\",\"valueRequired\":true,\"valueName\":\"search_term_string\"}}],\"inLanguage\":\"es\"}]}<\/script>\n<!-- \/ Yoast SEO plugin. -->","yoast_head_json":{"title":"Precio Seguro Decesos La Paz \u25b7DTO 25% I Oferta 2026","description":"Calcular aqu\u00ed\u3010precio seguro de decesos La Paz\u3011Tarifas, oferta y descuento de seguro defunci\u00f3n La Paz 2026 \u2611\ufe0fiDecesos\u00ae N\u00ba1 en ahorro","robots":{"index":"index","follow":"follow","max-snippet":"max-snippet:-1","max-image-preview":"max-image-preview:large","max-video-preview":"max-video-preview:-1"},"canonical":"https:\/\/idecesos.com\/seguros\/companias\/la-paz\/precio\/","og_locale":"es_ES","og_type":"article","og_title":"Precio Seguro Decesos La Paz \u25b7DTO 25% I Oferta 2026","og_description":"Calcular aqu\u00ed\u3010precio seguro de decesos La Paz\u3011Tarifas, oferta y descuento de seguro defunci\u00f3n La Paz 2026 \u2611\ufe0fiDecesos\u00ae N\u00ba1 en ahorro","og_url":"https:\/\/idecesos.com\/seguros\/companias\/la-paz\/precio\/","article_modified_time":"2022-03-10T12:09:55+00:00","og_image":[{"width":1500,"height":559,"url":"https:\/\/idecesos.com\/seguros\/wp-content\/uploads\/2021\/12\/precio-2.jpg-102.jpeg","type":"image\/jpeg"}],"twitter_card":"summary_large_image","twitter_misc":{"Tiempo de lectura":"75 minutos"},"schema":{"@context":"https:\/\/schema.org","@graph":[{"@type":"WebPage","@id":"https:\/\/idecesos.com\/seguros\/companias\/la-paz\/precio\/","url":"https:\/\/idecesos.com\/seguros\/companias\/la-paz\/precio\/","name":"Precio Seguro Decesos La Paz \u25b7DTO 25% I Oferta 2026","isPartOf":{"@id":"https:\/\/idecesos.com\/seguros\/#website"},"primaryImageOfPage":{"@id":"https:\/\/idecesos.com\/seguros\/companias\/la-paz\/precio\/#primaryimage"},"image":{"@id":"https:\/\/idecesos.com\/seguros\/companias\/la-paz\/precio\/#primaryimage"},"thumbnailUrl":"https:\/\/idecesos.com\/seguros\/wp-content\/uploads\/2021\/12\/precio-2.jpg-102.jpeg","datePublished":"2021-12-15T16:03:57+00:00","dateModified":"2022-03-10T12:09:55+00:00","description":"Calcular aqu\u00ed\u3010precio seguro de decesos La Paz\u3011Tarifas, oferta y descuento de seguro defunci\u00f3n La Paz 2026 \u2611\ufe0fiDecesos\u00ae N\u00ba1 en ahorro","breadcrumb":{"@id":"https:\/\/idecesos.com\/seguros\/companias\/la-paz\/precio\/#breadcrumb"},"inLanguage":"es","potentialAction":[{"@type":"ReadAction","target":["https:\/\/idecesos.com\/seguros\/companias\/la-paz\/precio\/"]}]},{"@type":"ImageObject","inLanguage":"es","@id":"https:\/\/idecesos.com\/seguros\/companias\/la-paz\/precio\/#primaryimage","url":"https:\/\/idecesos.com\/seguros\/wp-content\/uploads\/2021\/12\/precio-2.jpg-102.jpeg","contentUrl":"https:\/\/idecesos.com\/seguros\/wp-content\/uploads\/2021\/12\/precio-2.jpg-102.jpeg","width":1500,"height":559,"caption":"Precio La Paz"},{"@type":"BreadcrumbList","@id":"https:\/\/idecesos.com\/seguros\/companias\/la-paz\/precio\/#breadcrumb","itemListElement":[{"@type":"ListItem","position":1,"name":"Portada","item":"https:\/\/idecesos.com\/seguros\/"},{"@type":"ListItem","position":2,"name":"Compa\u00f1\u00edas de Seguros de Decesos en Espa\u00f1a","item":"https:\/\/idecesos.com\/seguros\/companias\/"},{"@type":"ListItem","position":3,"name":"Seguros de decesos La Paz","item":"https:\/\/idecesos.com\/seguros\/companias\/la-paz\/"},{"@type":"ListItem","position":4,"name":"\u00bfCu\u00e1nto cuesta el seguro de decesos La Paz?"}]},{"@type":"WebSite","@id":"https:\/\/idecesos.com\/seguros\/#website","url":"https:\/\/idecesos.com\/seguros\/","name":"","description":"","potentialAction":[{"@type":"SearchAction","target":{"@type":"EntryPoint","urlTemplate":"https:\/\/idecesos.com\/seguros\/?s={search_term_string}"},"query-input":{"@type":"PropertyValueSpecification","valueRequired":true,"valueName":"search_term_string"}}],"inLanguage":"es"}]}},"_links":{"self":[{"href":"https:\/\/idecesos.com\/seguros\/wp-json\/wp\/v2\/pages\/17520","targetHints":{"allow":["GET"]}}],"collection":[{"href":"https:\/\/idecesos.com\/seguros\/wp-json\/wp\/v2\/pages"}],"about":[{"href":"https:\/\/idecesos.com\/seguros\/wp-json\/wp\/v2\/types\/page"}],"author":[{"embeddable":true,"href":"https:\/\/idecesos.com\/seguros\/wp-json\/wp\/v2\/users\/1"}],"replies":[{"embeddable":true,"href":"https:\/\/idecesos.com\/seguros\/wp-json\/wp\/v2\/comments?post=17520"}],"version-history":[{"count":3,"href":"https:\/\/idecesos.com\/seguros\/wp-json\/wp\/v2\/pages\/17520\/revisions"}],"predecessor-version":[{"id":20171,"href":"https:\/\/idecesos.com\/seguros\/wp-json\/wp\/v2\/pages\/17520\/revisions\/20171"}],"up":[{"embeddable":true,"href":"https:\/\/idecesos.com\/seguros\/wp-json\/wp\/v2\/pages\/9475"}],"wp:featuredmedia":[{"embeddable":true,"href":"https:\/\/idecesos.com\/seguros\/wp-json\/wp\/v2\/media\/17521"}],"wp:attachment":[{"href":"https:\/\/idecesos.com\/seguros\/wp-json\/wp\/v2\/media?parent=17520"}],"curies":[{"name":"wp","href":"https:\/\/api.w.org\/{rel}","templated":true}]}}