{"id":17528,"date":"2021-12-15T16:04:00","date_gmt":"2021-12-15T16:04:00","guid":{"rendered":"https:\/\/idecesos.com\/seguros\/precio\/"},"modified":"2022-03-10T12:13:24","modified_gmt":"2022-03-10T12:13:24","slug":"precio","status":"publish","type":"page","link":"https:\/\/idecesos.com\/seguros\/companias\/mutua-terrassa\/precio\/","title":{"rendered":"\u00bfCu\u00e1nto cuesta el seguro de decesos Mutua Terrassa?"},"content":{"rendered":"<div id=\"ez-toc-container\" class=\"ez-toc-v2_0_82_2 ez-toc-wrap-center counter-hierarchy ez-toc-counter ez-toc-custom ez-toc-container-direction\">\n<div class=\"ez-toc-title-container\">\n<p class=\"ez-toc-title\" style=\"cursor:inherit\">Tabla de Contenido<\/p>\n<span class=\"ez-toc-title-toggle\"><a href=\"#\" class=\"ez-toc-pull-right ez-toc-btn ez-toc-btn-xs ez-toc-btn-default ez-toc-toggle\" aria-label=\"Alternar tabla de contenidos\"><span class=\"ez-toc-js-icon-con\"><span class=\"\"><span class=\"eztoc-hide\" style=\"display:none;\">Toggle<\/span><span class=\"ez-toc-icon-toggle-span\"><svg style=\"fill: #db6415;color:#db6415\" xmlns=\"http:\/\/www.w3.org\/2000\/svg\" class=\"list-377408\" width=\"20px\" height=\"20px\" viewBox=\"0 0 24 24\" fill=\"none\"><path d=\"M6 6H4v2h2V6zm14 0H8v2h12V6zM4 11h2v2H4v-2zm16 0H8v2h12v-2zM4 16h2v2H4v-2zm16 0H8v2h12v-2z\" fill=\"currentColor\"><\/path><\/svg><svg style=\"fill: #db6415;color:#db6415\" class=\"arrow-unsorted-368013\" xmlns=\"http:\/\/www.w3.org\/2000\/svg\" width=\"10px\" height=\"10px\" viewBox=\"0 0 24 24\" version=\"1.2\" baseProfile=\"tiny\"><path d=\"M18.2 9.3l-6.2-6.3-6.2 6.3c-.2.2-.3.4-.3.7s.1.5.3.7c.2.2.4.3.7.3h11c.3 0 .5-.1.7-.3.2-.2.3-.5.3-.7s-.1-.5-.3-.7zM5.8 14.7l6.2 6.3 6.2-6.3c.2-.2.3-.5.3-.7s-.1-.5-.3-.7c-.2-.2-.4-.3-.7-.3h-11c-.3 0-.5.1-.7.3-.2.2-.3.5-.3.7s.1.5.3.7z\"\/><\/svg><\/span><\/span><\/span><\/a><\/span><\/div>\n<nav><ul class='ez-toc-list ez-toc-list-level-1 ' ><li class='ez-toc-page-1 ez-toc-heading-level-2'><a class=\"ez-toc-link ez-toc-heading-1\" href=\"https:\/\/idecesos.com\/seguros\/companias\/mutua-terrassa\/precio\/#Calcular_precio_seguro_de_decesos_Mutua_Terrassa\" >Calcular precio seguro de decesos Mutua Terrassa<\/a><\/li><li class='ez-toc-page-1 ez-toc-heading-level-2'><a class=\"ez-toc-link ez-toc-heading-2\" href=\"https:\/\/idecesos.com\/seguros\/companias\/mutua-terrassa\/precio\/#Tabla_comparativa_de_precios_Mutua_Terrassa\" >Tabla comparativa de precios Mutua Terrassa<\/a><ul class='ez-toc-list-level-3' ><li class='ez-toc-heading-level-3'><a class=\"ez-toc-link ez-toc-heading-3\" href=\"https:\/\/idecesos.com\/seguros\/companias\/mutua-terrassa\/precio\/#%C2%BFCual_es_la_mejor_tarifa_de_seguros_de_Mutua_Terrassa\" >\u00bfCu\u00e1l es la mejor tarifa de seguros de Mutua Terrassa ?<\/a><\/li><li class='ez-toc-page-1 ez-toc-heading-level-3'><a class=\"ez-toc-link ez-toc-heading-4\" href=\"https:\/\/idecesos.com\/seguros\/companias\/mutua-terrassa\/precio\/#%C2%BFPuede_aumentar_precio_mensual_de_los_seguros_de_Mutua_Terrassa\" >\u00bfPuede aumentar precio mensual de los seguros de Mutua Terrassa ?<\/a><\/li><li class='ez-toc-page-1 ez-toc-heading-level-3'><a class=\"ez-toc-link ez-toc-heading-5\" href=\"https:\/\/idecesos.com\/seguros\/companias\/mutua-terrassa\/precio\/#%C2%BFEl_precio_de_seguros_de_decesos_Mutua_Terrassa_sube_con_la_edad\" >\u00bfEl precio de seguros de decesos Mutua Terrassa sube con la edad?<\/a><\/li><li class='ez-toc-page-1 ez-toc-heading-level-3'><a class=\"ez-toc-link ez-toc-heading-6\" href=\"https:\/\/idecesos.com\/seguros\/companias\/mutua-terrassa\/precio\/#Paginas_relacionadas\" >P\u00e1ginas relacionadas<\/a><\/li><\/ul><\/li><\/ul><\/nav><\/div>\n<p><br \/>\nLa muerte es el \u00fanico momento en el que a lo largo de toda tu vida no te puedes ayudar a ti. Estate tranquilo. Mutua Terrassa se ocupar\u00e1 de darte toda la tranquilidad que necesitas a ti y a tus seres queridos para que todo est\u00e9 bajo control en el instante del \u00f3bito. Mutua Terrassa cuenta con m\u00e1s de treinta mil asegurados que desde el instante en que cuentan con sus servicios viven m\u00e1s aliviados sabiendo que dejan todo a cargo de los mejores profesionales del campo decesos. El precio de la prima de un seguro de decesos puede variar en dependencia de muchos factores. Uno de ellos pueden ser las diferentes coberturas que elijas, la edad del asegurado o el lugar de vivienda de este. Si incluye m\u00e1s coberturas a su seguro, por normal general, el precio final aumentar\u00e1. Mutua Terrassa apuesta por ofrecerte la mejor calidad y precios con sus p\u00f3lizas dando a sus clientes del servicio una personalizaci\u00f3n casi exacta con sus necesidades.<\/p>\n<div class=\"colorf\"><div class=\"container clearfix\"><div class=\"col-md-7\">\n<h2><span class=\"ez-toc-section\" id=\"Calcular_precio_seguro_de_decesos_Mutua_Terrassa\"><\/span>Calcular precio seguro de decesos Mutua Terrassa<span class=\"ez-toc-section-end\"><\/span><\/h2>\n<p>Con nuestros servicios calcular el precio de su seguro de decesos es m\u00e1s f\u00e1cil. Esencialmente debes llenar cuatro campos y en unos momentos nuestro motor de busca le indicar\u00e1 las tarifas de las aseguradoras m\u00e1s competitivas del mercado conforme su perfil, simple y veloz. Mutua Terrassa es una de las entidades empresas de seguros mejor listas para dar un servicio de asistencia de gesti\u00f3n completa de defunci\u00f3n a nivel nacional, asimismo, est\u00e1 formada por una plantilla con profesionales de m\u00e1ximo nivel para poder realizarlo. Por tanto, Mutua Terrassa oferta un seguro de muertos con las garant\u00edas m\u00e1s completas del mercado,adem\u00e1s es ofrecida por los mejores aconsejes que facilitan todos y cada uno de los servicios de asistencia con el mayor rigor del \u00e1mbito, es por todo ello que los clientes del servicio salen satisfechos por el precio y absolutamente convencidos de haber atinado.<br \/>\n<\/div><\/div><\/div><\/p>\n<h2><span class=\"ez-toc-section\" id=\"Tabla_comparativa_de_precios_Mutua_Terrassa\"><\/span>Tabla comparativa de precios Mutua Terrassa<span class=\"ez-toc-section-end\"><\/span><\/h2>\n<p><div class=\"cabecera_tabla_precio\"><table class=\"table table-striped\"><thead><tr><th class=\"nosepara centrado\">Tipo<\/th><th class=\"nosepara centrado nojustificado\">Precio Desde<\/th><th class=\"nosepara dcha\"><\/th><\/tr><\/thead><tbody><br \/>\n<tr class=\"fila_tabla_precio\"><td class=\"nosepara izq\">Precio Seguro Decesos Mutua Terrassa<\/td><td class=\"nosepara centro\">1,53 \u20ac\/mes<\/td><td class=\"nosepara derecha\">\t\t\t\t\t\n\t\t\t\t\t\t<span class=\"\" style=\"cursor:pointer\" data-bs-toggle=\"modal\" data-bs-target=\"#comparadorModal\">Calcular<\/span>\t\t\t\t\n\t\t\t\t\t\n\t\t\t\t<\/td><\/tr><\/div><br \/>\n<tr class=\"fila_tabla_precio\"><td class=\"nosepara izq\">Precio Prima \u00danica Mutua Terrassa<\/td><td class=\"nosepara centro\">2375 \u20ac<\/td><td class=\"nosepara derecha\">\t\t\t\t\t\n\t\t\t\t\t\t<span class=\"\" style=\"cursor:pointer\" data-bs-toggle=\"modal\" data-bs-target=\"#comparadorModal\">Calcular<\/span>\t\t\t\t\n\t\t\t\t\t\n\t\t\t\t<\/td><\/tr><\/div><br \/>\n<tr class=\"fila_tabla_precio\"><td class=\"nosepara izq\">Precio Prima Natural Mutua Terrassa<\/td><td class=\"nosepara centro\">1,38 \u20ac\/mes<\/td><td class=\"nosepara derecha\">\t\t\t\t\t\n\t\t\t\t\t\t<span class=\"\" style=\"cursor:pointer\" data-bs-toggle=\"modal\" data-bs-target=\"#comparadorModal\">Calcular<\/span>\t\t\t\t\n\t\t\t\t\t\n\t\t\t\t<\/td><\/tr><\/div><br \/>\n<tr class=\"fila_tabla_precio\"><td class=\"nosepara izq\">Precio Prima Nivelada Mutua Terrassa<\/td><td class=\"nosepara centro\">1,64 \u20ac\/mes<\/td><td class=\"nosepara derecha\">\t\t\t\t\t\n\t\t\t\t\t\t<span class=\"\" style=\"cursor:pointer\" data-bs-toggle=\"modal\" data-bs-target=\"#comparadorModal\">Calcular<\/span>\t\t\t\t\n\t\t\t\t\t\n\t\t\t\t<\/td><\/tr><\/div><br \/>\n<tr class=\"fila_tabla_precio\"><td class=\"nosepara izq\">Precio Prima Mixta Mutua Terrassa<\/td><td class=\"nosepara centro\">1,30 \u20ac\/mes<\/td><td class=\"nosepara derecha\">\t\t\t\t\t\n\t\t\t\t\t\t<span class=\"\" style=\"cursor:pointer\" data-bs-toggle=\"modal\" data-bs-target=\"#comparadorModal\">Calcular<\/span>\t\t\t\t\n\t\t\t\t\t\n\t\t\t\t<\/td><\/tr><\/div><br \/>\n<tr class=\"fila_tabla_precio\"><td class=\"nosepara izq\">Precio Prima Seminatural Mutua Terrassa<\/td><td class=\"nosepara centro\">1,42 \u20ac\/mes<\/td><td class=\"nosepara derecha\">\t\t\t\t\t\n\t\t\t\t\t\t<span class=\"\" style=\"cursor:pointer\" data-bs-toggle=\"modal\" data-bs-target=\"#comparadorModal\">Calcular<\/span>\t\t\t\t\n\t\t\t\t\t\n\t\t\t\t<\/td><\/tr><\/div><br \/>\n<tr class=\"fila_tabla_precio\"><td class=\"nosepara izq\">Precio con Repatriaci\u00f3n Mutua Terrassa<\/td><td class=\"nosepara centro\">0,90 \u20ac a la cuota<\/td><td class=\"nosepara derecha\">\t\t\t\t\t\n\t\t\t\t\t\t<span class=\"\" style=\"cursor:pointer\" data-bs-toggle=\"modal\" data-bs-target=\"#comparadorModal\">Calcular<\/span>\t\t\t\t\n\t\t\t\t\t\n\t\t\t\t<\/td><\/tr><\/div><br \/>\n<tr class=\"fila_tabla_precio\"><td class=\"nosepara izq\">Precio Seguro Defunci\u00f3n Mutua Terrassa<\/td><td class=\"nosepara centro\">1,56 \u20ac\/mes<\/td><td class=\"nosepara derecha\">\t\t\t\t\t\n\t\t\t\t\t\t<span class=\"\" style=\"cursor:pointer\" data-bs-toggle=\"modal\" data-bs-target=\"#comparadorModal\">Calcular<\/span>\t\t\t\t\n\t\t\t\t\t\n\t\t\t\t<\/td><\/tr><\/div><br \/>\n<tr class=\"fila_tabla_precio\"><td class=\"nosepara izq\">Precio Seguro Fallecimiento Mutua Terrassa<\/td><td class=\"nosepara centro\">1,41 \u20ac\/mes<\/td><td class=\"nosepara derecha\">\t\t\t\t\t\n\t\t\t\t\t\t<span class=\"\" style=\"cursor:pointer\" data-bs-toggle=\"modal\" data-bs-target=\"#comparadorModal\">Calcular<\/span>\t\t\t\t\n\t\t\t\t\t\n\t\t\t\t<\/td><\/tr><\/div><br \/>\n<tr class=\"fila_tabla_precio\"><td class=\"nosepara izq\">Precio Seguro Muertos Mutua Terrassa<\/td><td class=\"nosepara centro\">1,42 \u20ac\/mes<\/td><td class=\"nosepara derecha\">\t\t\t\t\t\n\t\t\t\t\t\t<span class=\"\" style=\"cursor:pointer\" data-bs-toggle=\"modal\" data-bs-target=\"#comparadorModal\">Calcular<\/span>\t\t\t\t\n\t\t\t\t\t\n\t\t\t\t<\/td><\/tr><\/div><br \/>\n<tr class=\"fila_tabla_precio\"><td class=\"nosepara izq\">Precio Asistencia Familiar Mutua Terrassa<\/td><td class=\"nosepara centro\">1,55 \u20ac\/mes<\/td><td class=\"nosepara derecha\">\t\t\t\t\t\n\t\t\t\t\t\t<span class=\"\" style=\"cursor:pointer\" data-bs-toggle=\"modal\" data-bs-target=\"#comparadorModal\">Calcular<\/span>\t\t\t\t\n\t\t\t\t\t\n\t\t\t\t<\/td><\/tr><\/div><br \/>\n<\/tbody><\/table><\/div><\/p>\n<p>Pr\u00f3ximamente te mostraremos una disertaci\u00f3n con los precios y primas del seguro de decesos de Mutua Terrassa m\u00e1s asequibles y actualizados en tiempo real. Estos tipos de primas son las m\u00e1s equilibradas que se pueden conseguir para que disfrute de una p\u00f3liza que se ajuste al mil\u00edmetro a sus necesidades con las m\u00e1ximas garant\u00edas. Aqu\u00ed los precios de las diferentes modalidades de primas que le ofrece la Mutua Terrassa.<br \/>\n<div class=\"colorf\"><div class=\"container clearfix\"><div class=\"col-md-7\"><\/p>\n<h3><span class=\"ez-toc-section\" id=\"%C2%BFCual_es_la_mejor_tarifa_de_seguros_de_Mutua_Terrassa\"><\/span>\u00bfCu\u00e1l es la mejor tarifa de seguros de Mutua Terrassa ?<span class=\"ez-toc-section-end\"><\/span><\/h3>\n<p>Mutua Terrassa tiene uno de los mejores seguros de decesos del mercado actual merced a su gran pluralidad de coberturas y p\u00f3lizas con diferentes modalidades de pagos. Mutua Terrassa se amoldar\u00e1 a las circunstancias de cada asegurado d\u00e1ndole las mejores coberturas para cada caso. No debes tener dolores de cabeza innecesarios en tanto que Mutua Terrassa incluye garant\u00edas en todas y cada una de sus cl\u00e1usulas.<br \/>\n<\/div><\/div><\/div><\/p>\n<h3><span class=\"ez-toc-section\" id=\"%C2%BFPuede_aumentar_precio_mensual_de_los_seguros_de_Mutua_Terrassa\"><\/span>\u00bfPuede aumentar precio mensual de los seguros de Mutua Terrassa ?<span class=\"ez-toc-section-end\"><\/span><\/h3>\n<p>En Espa\u00f1a, nueve de cada diez asegurados se han subscrito a un seguro de decesos con prima nivelada. Pero no es solo eso, Mutua Terrassa tiene m\u00faltiples tipos de prima para que puedas seleccionar la que m\u00e1s se amolde a t\u00ed y todas tus necesidades queden cubiertas. Es por esto, que a continuaci\u00f3n, le vamos a mostrar todos los tipos de primas que existen. \u2022 Prima \u00danica: Esta prima cubre el sepelio de las personas que han superado la edad de jubilaci\u00f3n o que tienen una enfermedad grave y solo tiene que hacer una \u00fanica aportaci\u00f3n en el pago. Este g\u00e9nero de primas suelen ser contratadas por personas mayores que jam\u00e1s han contratado un seguro. Lo que pague desde su edad de jubilaci\u00f3n se sostendr\u00e1 y no cambiar\u00e1. Esta prima se caracteriza por ser constante si bien puede sufrir alguno que otro cambio en sus pagos por la actualizaci\u00f3n de los capitales asegurados. <strong>\u2022 Prima Natural:<\/strong> El pago de esta prima se actualiza todos los a\u00f1os. Su precio va subiendo con el paso del tiempo poco a poco en tanto que su precio se calcula con los a\u00f1os que tiene en el instante de su contrataci\u00f3n y lo van equiparando con el aumento de fallecimiento que pueda tener con el paso del tiempo.<\/p>\n<p><strong>\u2022 Prima Mixta:<\/strong> Esta prima es una combinaci\u00f3n de la Prima Nivelada y la Prima Natural.<\/p>\n<p>Da igual la modalidad de prima que escoja, que va a poder fraccionar el pago a lo que m\u00e1s le interese, esto es, si desea pagarlo mes a mes, cada 3 meses, cada 6 meses, todos los a\u00f1os o bien en una sola vez y esto no va a ver perjudicado a ninguna de las coberturas contratadas y con las tarifas m\u00e1s econ\u00f3micas posibles.<br \/>\n<div class=\"colorf\"><div class=\"container clearfix\"><div class=\"col-md-7\"><\/p>\n<h3><span class=\"ez-toc-section\" id=\"%C2%BFEl_precio_de_seguros_de_decesos_Mutua_Terrassa_sube_con_la_edad\"><\/span>\u00bfEl precio de seguros de decesos Mutua Terrassa sube con la edad?<span class=\"ez-toc-section-end\"><\/span><\/h3>\n<p>Deja de preocuparte, Mutua Terrassa no subir\u00e1 las tarifas por la edad del asegurado. Estese sosegado, si bien puede que su p\u00f3liza pueda aumentar, no es frecuente que esto ocurra, por lo que puede dejar de preocuparse por ello. Ya que, en el momento de contratar su p\u00f3liza se hace referencia a la edad de la persona asegurada. Mutua Terrassa tiene diferentes modalidades que son la prima nivelada, prima natural, prima mixta, prima seminatural y prima \u00fanica. Donde las coberturas que da la aseguradora son m\u00e1s valoradas por cada uno de ellos de sus clientes del servicio, debes de tener en cuenta que efectuar un contrato de seguro de decesos no cuenta con una edad limitada. Deja de darle vueltas, es el momento de contratar tu seguro de decesos con Mutua Terrassa.<br \/>\n<\/div><\/div><\/div><\/p>\n<h3><span class=\"ez-toc-section\" id=\"Paginas_relacionadas\"><\/span>P\u00e1ginas relacionadas<span class=\"ez-toc-section-end\"><\/span><\/h3><div class=\"enlazado\"><ul> <li><a href=\"https:\/\/idecesos.com\/seguros\/companias\/mutua-terrassa\/opiniones\/\">Opiniones Mutua Terrassa<\/a><\/li> <li><a href=\"https:\/\/idecesos.com\/seguros\/companias\/mutua-terrassa\/prima-mixta\/\">Mutua Terrassa Prima Mixta<\/a><\/li> <li><a href=\"https:\/\/idecesos.com\/seguros\/companias\/mutua-terrassa\/prima-natural\/\">Mutua Terrassa Prima Natural<\/a><\/li> <li><a href=\"https:\/\/idecesos.com\/seguros\/companias\/mutua-terrassa\/prima-nivelada\/\">Mutua Terrassa Prima Nivelada<\/a><\/li> <li><a href=\"https:\/\/idecesos.com\/seguros\/companias\/mutua-terrassa\/prima-unica\/\">Mutua Terrassa Prima \u00danica<\/a><\/li> <li><a href=\"https:\/\/idecesos.com\/seguros\/companias\/mutua-terrassa\/repatriacion\/\">Mutua Terrassa Repatriaci\u00f3n<\/a><\/li> <li><a href=\"https:\/\/idecesos.com\/seguros\/companias\/mutua-terrassa\/telefono\/\">Tel\u00e9fono Gratuito Helvetia<\/a><\/li><\/ul><\/div>\n","protected":false},"excerpt":{"rendered":"<p>La muerte es el \u00fanico momento en el que a lo largo de toda tu vida no te puedes ayudar a ti. Estate tranquilo. Mutua Terrassa se ocupar\u00e1 de darte toda la tranquilidad que necesitas a ti y a tus seres queridos para que todo est\u00e9 bajo control en el instante del \u00f3bito. Mutua Terrassa&hellip; <\/p>\n","protected":false},"author":1,"featured_media":17529,"parent":10900,"menu_order":0,"comment_status":"closed","ping_status":"closed","template":"single.php","meta":{"footnotes":""},"class_list":["post-17528","page","type-page","status-publish","has-post-thumbnail","hentry"],"yoast_head":"<!-- This site is optimized with the Yoast SEO plugin v27.3 - https:\/\/yoast.com\/product\/yoast-seo-wordpress\/ -->\n<title>Precio Seguro Decesos Mutua Terrassa \u25b7DTO 25% I Oferta 2026<\/title>\n<meta name=\"description\" content=\"Calcular aqu\u00ed\u3010precio seguro de decesos Mutua Terrassa\u3011Tarifas, oferta y descuento de seguro defunci\u00f3n Mutua Terrassa 2026 \u2611\ufe0fiDecesos\u00ae N\u00ba1 en ahorro\" \/>\n<meta name=\"robots\" content=\"index, follow, max-snippet:-1, max-image-preview:large, max-video-preview:-1\" \/>\n<link rel=\"canonical\" href=\"https:\/\/idecesos.com\/seguros\/companias\/mutua-terrassa\/precio\/\" \/>\n<meta property=\"og:locale\" content=\"es_ES\" \/>\n<meta property=\"og:type\" content=\"article\" \/>\n<meta property=\"og:title\" content=\"Precio Seguro Decesos Mutua Terrassa \u25b7DTO 25% I Oferta 2026\" \/>\n<meta property=\"og:description\" content=\"Calcular aqu\u00ed\u3010precio seguro de decesos Mutua Terrassa\u3011Tarifas, oferta y descuento de seguro defunci\u00f3n Mutua Terrassa 2026 \u2611\ufe0fiDecesos\u00ae N\u00ba1 en ahorro\" \/>\n<meta property=\"og:url\" content=\"https:\/\/idecesos.com\/seguros\/companias\/mutua-terrassa\/precio\/\" \/>\n<meta property=\"article:modified_time\" content=\"2022-03-10T12:13:24+00:00\" \/>\n<meta property=\"og:image\" content=\"https:\/\/idecesos.com\/seguros\/wp-content\/uploads\/2021\/12\/precio-2.jpg-106.jpeg\" \/>\n\t<meta property=\"og:image:width\" content=\"1500\" \/>\n\t<meta property=\"og:image:height\" content=\"559\" \/>\n\t<meta property=\"og:image:type\" content=\"image\/jpeg\" \/>\n<meta name=\"twitter:card\" content=\"summary_large_image\" \/>\n<meta name=\"twitter:label1\" content=\"Tiempo de lectura\" \/>\n\t<meta name=\"twitter:data1\" content=\"75 minutos\" \/>\n<script type=\"application\/ld+json\" class=\"yoast-schema-graph\">{\"@context\":\"https:\\\/\\\/schema.org\",\"@graph\":[{\"@type\":\"WebPage\",\"@id\":\"https:\\\/\\\/idecesos.com\\\/seguros\\\/companias\\\/mutua-terrassa\\\/precio\\\/\",\"url\":\"https:\\\/\\\/idecesos.com\\\/seguros\\\/companias\\\/mutua-terrassa\\\/precio\\\/\",\"name\":\"Precio Seguro Decesos Mutua Terrassa \u25b7DTO 25% I Oferta 2026\",\"isPartOf\":{\"@id\":\"https:\\\/\\\/idecesos.com\\\/seguros\\\/#website\"},\"primaryImageOfPage\":{\"@id\":\"https:\\\/\\\/idecesos.com\\\/seguros\\\/companias\\\/mutua-terrassa\\\/precio\\\/#primaryimage\"},\"image\":{\"@id\":\"https:\\\/\\\/idecesos.com\\\/seguros\\\/companias\\\/mutua-terrassa\\\/precio\\\/#primaryimage\"},\"thumbnailUrl\":\"https:\\\/\\\/idecesos.com\\\/seguros\\\/wp-content\\\/uploads\\\/2021\\\/12\\\/precio-2.jpg-106.jpeg\",\"datePublished\":\"2021-12-15T16:04:00+00:00\",\"dateModified\":\"2022-03-10T12:13:24+00:00\",\"description\":\"Calcular aqu\u00ed\u3010precio seguro de decesos Mutua Terrassa\u3011Tarifas, oferta y descuento de seguro defunci\u00f3n Mutua Terrassa 2026 \u2611\ufe0fiDecesos\u00ae N\u00ba1 en ahorro\",\"breadcrumb\":{\"@id\":\"https:\\\/\\\/idecesos.com\\\/seguros\\\/companias\\\/mutua-terrassa\\\/precio\\\/#breadcrumb\"},\"inLanguage\":\"es\",\"potentialAction\":[{\"@type\":\"ReadAction\",\"target\":[\"https:\\\/\\\/idecesos.com\\\/seguros\\\/companias\\\/mutua-terrassa\\\/precio\\\/\"]}]},{\"@type\":\"ImageObject\",\"inLanguage\":\"es\",\"@id\":\"https:\\\/\\\/idecesos.com\\\/seguros\\\/companias\\\/mutua-terrassa\\\/precio\\\/#primaryimage\",\"url\":\"https:\\\/\\\/idecesos.com\\\/seguros\\\/wp-content\\\/uploads\\\/2021\\\/12\\\/precio-2.jpg-106.jpeg\",\"contentUrl\":\"https:\\\/\\\/idecesos.com\\\/seguros\\\/wp-content\\\/uploads\\\/2021\\\/12\\\/precio-2.jpg-106.jpeg\",\"width\":1500,\"height\":559,\"caption\":\"Precio Mutua Terrassa\"},{\"@type\":\"BreadcrumbList\",\"@id\":\"https:\\\/\\\/idecesos.com\\\/seguros\\\/companias\\\/mutua-terrassa\\\/precio\\\/#breadcrumb\",\"itemListElement\":[{\"@type\":\"ListItem\",\"position\":1,\"name\":\"Portada\",\"item\":\"https:\\\/\\\/idecesos.com\\\/seguros\\\/\"},{\"@type\":\"ListItem\",\"position\":2,\"name\":\"Compa\u00f1\u00edas de Seguros de Decesos en Espa\u00f1a\",\"item\":\"https:\\\/\\\/idecesos.com\\\/seguros\\\/companias\\\/\"},{\"@type\":\"ListItem\",\"position\":3,\"name\":\"Seguros de decesos Mutua Terrassa\",\"item\":\"https:\\\/\\\/idecesos.com\\\/seguros\\\/companias\\\/mutua-terrassa\\\/\"},{\"@type\":\"ListItem\",\"position\":4,\"name\":\"\u00bfCu\u00e1nto cuesta el seguro de decesos Mutua Terrassa?\"}]},{\"@type\":\"WebSite\",\"@id\":\"https:\\\/\\\/idecesos.com\\\/seguros\\\/#website\",\"url\":\"https:\\\/\\\/idecesos.com\\\/seguros\\\/\",\"name\":\"\",\"description\":\"\",\"potentialAction\":[{\"@type\":\"SearchAction\",\"target\":{\"@type\":\"EntryPoint\",\"urlTemplate\":\"https:\\\/\\\/idecesos.com\\\/seguros\\\/?s={search_term_string}\"},\"query-input\":{\"@type\":\"PropertyValueSpecification\",\"valueRequired\":true,\"valueName\":\"search_term_string\"}}],\"inLanguage\":\"es\"}]}<\/script>\n<!-- \/ Yoast SEO plugin. -->","yoast_head_json":{"title":"Precio Seguro Decesos Mutua Terrassa \u25b7DTO 25% I Oferta 2026","description":"Calcular aqu\u00ed\u3010precio seguro de decesos Mutua Terrassa\u3011Tarifas, oferta y descuento de seguro defunci\u00f3n Mutua Terrassa 2026 \u2611\ufe0fiDecesos\u00ae N\u00ba1 en ahorro","robots":{"index":"index","follow":"follow","max-snippet":"max-snippet:-1","max-image-preview":"max-image-preview:large","max-video-preview":"max-video-preview:-1"},"canonical":"https:\/\/idecesos.com\/seguros\/companias\/mutua-terrassa\/precio\/","og_locale":"es_ES","og_type":"article","og_title":"Precio Seguro Decesos Mutua Terrassa \u25b7DTO 25% I Oferta 2026","og_description":"Calcular aqu\u00ed\u3010precio seguro de decesos Mutua Terrassa\u3011Tarifas, oferta y descuento de seguro defunci\u00f3n Mutua Terrassa 2026 \u2611\ufe0fiDecesos\u00ae N\u00ba1 en ahorro","og_url":"https:\/\/idecesos.com\/seguros\/companias\/mutua-terrassa\/precio\/","article_modified_time":"2022-03-10T12:13:24+00:00","og_image":[{"width":1500,"height":559,"url":"https:\/\/idecesos.com\/seguros\/wp-content\/uploads\/2021\/12\/precio-2.jpg-106.jpeg","type":"image\/jpeg"}],"twitter_card":"summary_large_image","twitter_misc":{"Tiempo de lectura":"75 minutos"},"schema":{"@context":"https:\/\/schema.org","@graph":[{"@type":"WebPage","@id":"https:\/\/idecesos.com\/seguros\/companias\/mutua-terrassa\/precio\/","url":"https:\/\/idecesos.com\/seguros\/companias\/mutua-terrassa\/precio\/","name":"Precio Seguro Decesos Mutua Terrassa \u25b7DTO 25% I Oferta 2026","isPartOf":{"@id":"https:\/\/idecesos.com\/seguros\/#website"},"primaryImageOfPage":{"@id":"https:\/\/idecesos.com\/seguros\/companias\/mutua-terrassa\/precio\/#primaryimage"},"image":{"@id":"https:\/\/idecesos.com\/seguros\/companias\/mutua-terrassa\/precio\/#primaryimage"},"thumbnailUrl":"https:\/\/idecesos.com\/seguros\/wp-content\/uploads\/2021\/12\/precio-2.jpg-106.jpeg","datePublished":"2021-12-15T16:04:00+00:00","dateModified":"2022-03-10T12:13:24+00:00","description":"Calcular aqu\u00ed\u3010precio seguro de decesos Mutua Terrassa\u3011Tarifas, oferta y descuento de seguro defunci\u00f3n Mutua Terrassa 2026 \u2611\ufe0fiDecesos\u00ae N\u00ba1 en ahorro","breadcrumb":{"@id":"https:\/\/idecesos.com\/seguros\/companias\/mutua-terrassa\/precio\/#breadcrumb"},"inLanguage":"es","potentialAction":[{"@type":"ReadAction","target":["https:\/\/idecesos.com\/seguros\/companias\/mutua-terrassa\/precio\/"]}]},{"@type":"ImageObject","inLanguage":"es","@id":"https:\/\/idecesos.com\/seguros\/companias\/mutua-terrassa\/precio\/#primaryimage","url":"https:\/\/idecesos.com\/seguros\/wp-content\/uploads\/2021\/12\/precio-2.jpg-106.jpeg","contentUrl":"https:\/\/idecesos.com\/seguros\/wp-content\/uploads\/2021\/12\/precio-2.jpg-106.jpeg","width":1500,"height":559,"caption":"Precio Mutua Terrassa"},{"@type":"BreadcrumbList","@id":"https:\/\/idecesos.com\/seguros\/companias\/mutua-terrassa\/precio\/#breadcrumb","itemListElement":[{"@type":"ListItem","position":1,"name":"Portada","item":"https:\/\/idecesos.com\/seguros\/"},{"@type":"ListItem","position":2,"name":"Compa\u00f1\u00edas de Seguros de Decesos en Espa\u00f1a","item":"https:\/\/idecesos.com\/seguros\/companias\/"},{"@type":"ListItem","position":3,"name":"Seguros de decesos Mutua Terrassa","item":"https:\/\/idecesos.com\/seguros\/companias\/mutua-terrassa\/"},{"@type":"ListItem","position":4,"name":"\u00bfCu\u00e1nto cuesta el seguro de decesos Mutua Terrassa?"}]},{"@type":"WebSite","@id":"https:\/\/idecesos.com\/seguros\/#website","url":"https:\/\/idecesos.com\/seguros\/","name":"","description":"","potentialAction":[{"@type":"SearchAction","target":{"@type":"EntryPoint","urlTemplate":"https:\/\/idecesos.com\/seguros\/?s={search_term_string}"},"query-input":{"@type":"PropertyValueSpecification","valueRequired":true,"valueName":"search_term_string"}}],"inLanguage":"es"}]}},"_links":{"self":[{"href":"https:\/\/idecesos.com\/seguros\/wp-json\/wp\/v2\/pages\/17528","targetHints":{"allow":["GET"]}}],"collection":[{"href":"https:\/\/idecesos.com\/seguros\/wp-json\/wp\/v2\/pages"}],"about":[{"href":"https:\/\/idecesos.com\/seguros\/wp-json\/wp\/v2\/types\/page"}],"author":[{"embeddable":true,"href":"https:\/\/idecesos.com\/seguros\/wp-json\/wp\/v2\/users\/1"}],"replies":[{"embeddable":true,"href":"https:\/\/idecesos.com\/seguros\/wp-json\/wp\/v2\/comments?post=17528"}],"version-history":[{"count":3,"href":"https:\/\/idecesos.com\/seguros\/wp-json\/wp\/v2\/pages\/17528\/revisions"}],"predecessor-version":[{"id":20179,"href":"https:\/\/idecesos.com\/seguros\/wp-json\/wp\/v2\/pages\/17528\/revisions\/20179"}],"up":[{"embeddable":true,"href":"https:\/\/idecesos.com\/seguros\/wp-json\/wp\/v2\/pages\/10900"}],"wp:featuredmedia":[{"embeddable":true,"href":"https:\/\/idecesos.com\/seguros\/wp-json\/wp\/v2\/media\/17529"}],"wp:attachment":[{"href":"https:\/\/idecesos.com\/seguros\/wp-json\/wp\/v2\/media?parent=17528"}],"curies":[{"name":"wp","href":"https:\/\/api.w.org\/{rel}","templated":true}]}}