{"id":17532,"date":"2021-12-15T16:04:02","date_gmt":"2021-12-15T16:04:02","guid":{"rendered":"https:\/\/idecesos.com\/seguros\/companias\/sanen-mutua\/precio\/"},"modified":"2022-03-10T12:15:15","modified_gmt":"2022-03-10T12:15:15","slug":"precio","status":"publish","type":"page","link":"https:\/\/idecesos.com\/seguros\/companias\/sanen-mutua\/precio\/","title":{"rendered":"\u00bfCu\u00e1nto cuesta el seguro de decesos Sanen Mutua?"},"content":{"rendered":"<div id=\"ez-toc-container\" class=\"ez-toc-v2_0_82_2 ez-toc-wrap-center counter-hierarchy ez-toc-counter ez-toc-custom ez-toc-container-direction\">\n<div class=\"ez-toc-title-container\">\n<p class=\"ez-toc-title\" style=\"cursor:inherit\">Tabla de Contenido<\/p>\n<span class=\"ez-toc-title-toggle\"><a href=\"#\" class=\"ez-toc-pull-right ez-toc-btn ez-toc-btn-xs ez-toc-btn-default ez-toc-toggle\" aria-label=\"Alternar tabla de contenidos\"><span class=\"ez-toc-js-icon-con\"><span class=\"\"><span class=\"eztoc-hide\" style=\"display:none;\">Toggle<\/span><span class=\"ez-toc-icon-toggle-span\"><svg style=\"fill: #db6415;color:#db6415\" xmlns=\"http:\/\/www.w3.org\/2000\/svg\" class=\"list-377408\" width=\"20px\" height=\"20px\" viewBox=\"0 0 24 24\" fill=\"none\"><path d=\"M6 6H4v2h2V6zm14 0H8v2h12V6zM4 11h2v2H4v-2zm16 0H8v2h12v-2zM4 16h2v2H4v-2zm16 0H8v2h12v-2z\" fill=\"currentColor\"><\/path><\/svg><svg style=\"fill: #db6415;color:#db6415\" class=\"arrow-unsorted-368013\" xmlns=\"http:\/\/www.w3.org\/2000\/svg\" width=\"10px\" height=\"10px\" viewBox=\"0 0 24 24\" version=\"1.2\" baseProfile=\"tiny\"><path d=\"M18.2 9.3l-6.2-6.3-6.2 6.3c-.2.2-.3.4-.3.7s.1.5.3.7c.2.2.4.3.7.3h11c.3 0 .5-.1.7-.3.2-.2.3-.5.3-.7s-.1-.5-.3-.7zM5.8 14.7l6.2 6.3 6.2-6.3c.2-.2.3-.5.3-.7s-.1-.5-.3-.7c-.2-.2-.4-.3-.7-.3h-11c-.3 0-.5.1-.7.3-.2.2-.3.5-.3.7s.1.5.3.7z\"\/><\/svg><\/span><\/span><\/span><\/a><\/span><\/div>\n<nav><ul class='ez-toc-list ez-toc-list-level-1 ' ><li class='ez-toc-page-1 ez-toc-heading-level-2'><a class=\"ez-toc-link ez-toc-heading-1\" href=\"https:\/\/idecesos.com\/seguros\/companias\/sanen-mutua\/precio\/#Calcular_precio_seguro_de_decesos_Sanen_Mutua\" >Calcular precio seguro de decesos Sanen Mutua<\/a><\/li><li class='ez-toc-page-1 ez-toc-heading-level-2'><a class=\"ez-toc-link ez-toc-heading-2\" href=\"https:\/\/idecesos.com\/seguros\/companias\/sanen-mutua\/precio\/#Tabla_comparativa_de_precios_Sanen_Mutua\" >Tabla comparativa de precios Sanen Mutua<\/a><ul class='ez-toc-list-level-3' ><li class='ez-toc-heading-level-3'><a class=\"ez-toc-link ez-toc-heading-3\" href=\"https:\/\/idecesos.com\/seguros\/companias\/sanen-mutua\/precio\/#%C2%BFCual_es_la_mejor_tarifa_de_seguros_de_Sanen_Mutua\" >\u00bfCu\u00e1l es la mejor tarifa de seguros de Sanen Mutua ?<\/a><\/li><li class='ez-toc-page-1 ez-toc-heading-level-3'><a class=\"ez-toc-link ez-toc-heading-4\" href=\"https:\/\/idecesos.com\/seguros\/companias\/sanen-mutua\/precio\/#%C2%BFPuede_aumentar_precio_mensual_de_los_seguros_de_Sanen_Mutua\" >\u00bfPuede aumentar precio mensual de los seguros de Sanen Mutua ?<\/a><\/li><li class='ez-toc-page-1 ez-toc-heading-level-3'><a class=\"ez-toc-link ez-toc-heading-5\" href=\"https:\/\/idecesos.com\/seguros\/companias\/sanen-mutua\/precio\/#%C2%BFEl_precio_de_seguros_de_decesos_Sanen_Mutua_sube_con_la_edad\" >\u00bfEl precio de seguros de decesos Sanen Mutua sube con la edad?<\/a><\/li><li class='ez-toc-page-1 ez-toc-heading-level-3'><a class=\"ez-toc-link ez-toc-heading-6\" href=\"https:\/\/idecesos.com\/seguros\/companias\/sanen-mutua\/precio\/#Paginas_relacionadas\" >P\u00e1ginas relacionadas<\/a><\/li><\/ul><\/li><\/ul><\/nav><\/div>\n<p><br \/>\nEl \u00e1mbito de los seguros de decesos es muy amplio. Hay muchas aseguradoras, coberturas y precios diferentes entre los que optar. Es preciso antes de decidir por qu\u00e9 producto o compa\u00f1\u00eda elegir, estar informado de las distintas tarifas que ofrecen. Merced a iDecesos no se tendr\u00e1 que preocupar por eso por el hecho de que le mostraremos a continuaci\u00f3n cada uno de ellos de los precios y las diferentes modalidades de primas que existen en el seguro de decesos a fin de que en un simple vistazo pueda determinar cu\u00e1l es el tipo de seguro que m\u00e1s le interesa y pueda escoger el que mejor se amolde a sus necesidades.<\/p>\n<div class=\"colorf\"><div class=\"container clearfix\"><div class=\"col-md-7\">\n<h2><span class=\"ez-toc-section\" id=\"Calcular_precio_seguro_de_decesos_Sanen_Mutua\"><\/span>Calcular precio seguro de decesos Sanen Mutua<span class=\"ez-toc-section-end\"><\/span><\/h2>\n<p>Sanen Mutua est\u00e1 comprometida en llevar un c\u00e1lculo de manera exhaustiva contando con todos y cada uno de los distintos factores que rodean a la p\u00f3liza. Adem\u00e1s de realizar el c\u00e1lculo de la p\u00f3liza, das tranquilidad a tu ser querido. Aparte de darte unas tarifas exclusivas para que se amolden a cada persona, Sanen Mutua es tu empresa aseguradora de confianza. La existencia de iDecesos nace para ponerte todo m\u00e1s f\u00e1cil que en cuesti\u00f3n de segundos consigas los resultados de las comparaciones de las distintas p\u00f3lizas de Sanen Mutua aparte de eso logrando ver en detalle sus tarifas y sus coberturas.<br \/>\n<\/div><\/div><\/div><\/p>\n<h2><span class=\"ez-toc-section\" id=\"Tabla_comparativa_de_precios_Sanen_Mutua\"><\/span>Tabla comparativa de precios Sanen Mutua<span class=\"ez-toc-section-end\"><\/span><\/h2>\n<p><div class=\"cabecera_tabla_precio\"><table class=\"table table-striped\"><thead><tr><th class=\"nosepara centrado\">Tipo<\/th><th class=\"nosepara centrado nojustificado\">Precio Desde<\/th><th class=\"nosepara dcha\"><\/th><\/tr><\/thead><tbody><tr class=\"fila_tabla_precio\"><td class=\"nosepara izq\">Precio Seguro Decesos Sanen Mutua<\/td><td class=\"nosepara centro\">1,62 \u20ac\/mes<\/td><td class=\"nosepara derecha\">\t\t\t\t\t\n\t\t\t\t\t\t<span class=\"\" style=\"cursor:pointer\" data-bs-toggle=\"modal\" data-bs-target=\"#comparadorModal\">Calcular<\/span>\t\t\t\t\n\t\t\t\t\t\n\t\t\t\t<\/td><\/tr><\/div><tr class=\"fila_tabla_precio\"><td class=\"nosepara izq\">Precio Prima \u00danica Sanen Mutua<\/td><td class=\"nosepara centro\">2410 \u20ac<\/td><td class=\"nosepara derecha\">\t\t\t\t\t\n\t\t\t\t\t\t<span class=\"\" style=\"cursor:pointer\" data-bs-toggle=\"modal\" data-bs-target=\"#comparadorModal\">Calcular<\/span>\t\t\t\t\n\t\t\t\t\t\n\t\t\t\t<\/td><\/tr><\/div><tr class=\"fila_tabla_precio\"><td class=\"nosepara izq\">Precio Prima Natural Sanen Mutua<\/td><td class=\"nosepara centro\">1,43 \u20ac\/mes<\/td><td class=\"nosepara derecha\">\t\t\t\t\t\n\t\t\t\t\t\t<span class=\"\" style=\"cursor:pointer\" data-bs-toggle=\"modal\" data-bs-target=\"#comparadorModal\">Calcular<\/span>\t\t\t\t\n\t\t\t\t\t\n\t\t\t\t<\/td><\/tr><\/div><tr class=\"fila_tabla_precio\"><td class=\"nosepara izq\">Precio Prima Nivelada Sanen Mutua<\/td><td class=\"nosepara centro\">1,59 \u20ac\/mes<\/td><td class=\"nosepara derecha\">\t\t\t\t\t\n\t\t\t\t\t\t<span class=\"\" style=\"cursor:pointer\" data-bs-toggle=\"modal\" data-bs-target=\"#comparadorModal\">Calcular<\/span>\t\t\t\t\n\t\t\t\t\t\n\t\t\t\t<\/td><\/tr><\/div><tr class=\"fila_tabla_precio\"><td class=\"nosepara izq\">Precio Prima Mixta Sanen Mutua<\/td><td class=\"nosepara centro\">1,34 \u20ac\/mes<\/td><td class=\"nosepara derecha\">\t\t\t\t\t\n\t\t\t\t\t\t<span class=\"\" style=\"cursor:pointer\" data-bs-toggle=\"modal\" data-bs-target=\"#comparadorModal\">Calcular<\/span>\t\t\t\t\n\t\t\t\t\t\n\t\t\t\t<\/td><\/tr><\/div><tr class=\"fila_tabla_precio\"><td class=\"nosepara izq\">Precio Prima Seminatural Sanen Mutua<\/td><td class=\"nosepara centro\">1,42 \u20ac\/mes<\/td><td class=\"nosepara derecha\">\t\t\t\t\t\n\t\t\t\t\t\t<span class=\"\" style=\"cursor:pointer\" data-bs-toggle=\"modal\" data-bs-target=\"#comparadorModal\">Calcular<\/span>\t\t\t\t\n\t\t\t\t\t\n\t\t\t\t<\/td><\/tr><\/div><tr class=\"fila_tabla_precio\"><td class=\"nosepara izq\">Precio con Repatriaci\u00f3n Sanen Mutua<\/td><td class=\"nosepara centro\">0,88 \u20ac a la cuota<\/td><td class=\"nosepara derecha\">\t\t\t\t\t\n\t\t\t\t\t\t<span class=\"\" style=\"cursor:pointer\" data-bs-toggle=\"modal\" data-bs-target=\"#comparadorModal\">Calcular<\/span>\t\t\t\t\n\t\t\t\t\t\n\t\t\t\t<\/td><\/tr><\/div><tr class=\"fila_tabla_precio\"><td class=\"nosepara izq\">Precio Seguro Defunci\u00f3n Sanen Mutua<\/td><td class=\"nosepara centro\">1,63 \u20ac\/mes<\/td><td class=\"nosepara derecha\">\t\t\t\t\t\n\t\t\t\t\t\t<span class=\"\" style=\"cursor:pointer\" data-bs-toggle=\"modal\" data-bs-target=\"#comparadorModal\">Calcular<\/span>\t\t\t\t\n\t\t\t\t\t\n\t\t\t\t<\/td><\/tr><\/div><tr class=\"fila_tabla_precio\"><td class=\"nosepara izq\">Precio Seguro Fallecimiento Sanen Mutua<\/td><td class=\"nosepara centro\">1,65 \u20ac\/mes<\/td><td class=\"nosepara derecha\">\t\t\t\t\t\n\t\t\t\t\t\t<span class=\"\" style=\"cursor:pointer\" data-bs-toggle=\"modal\" data-bs-target=\"#comparadorModal\">Calcular<\/span>\t\t\t\t\n\t\t\t\t\t\n\t\t\t\t<\/td><\/tr><\/div><tr class=\"fila_tabla_precio\"><td class=\"nosepara izq\">Precio Seguro Muertos Sanen Mutua<\/td><td class=\"nosepara centro\">1,41 \u20ac\/mes<\/td><td class=\"nosepara derecha\">\t\t\t\t\t\n\t\t\t\t\t\t<span class=\"\" style=\"cursor:pointer\" data-bs-toggle=\"modal\" data-bs-target=\"#comparadorModal\">Calcular<\/span>\t\t\t\t\n\t\t\t\t\t\n\t\t\t\t<\/td><\/tr><\/div><tr class=\"fila_tabla_precio\"><td class=\"nosepara izq\">Precio Asistencia Familiar Sanen Mutua<\/td><td class=\"nosepara centro\">1,49 \u20ac\/mes<\/td><td class=\"nosepara derecha\">\t\t\t\t\t\n\t\t\t\t\t\t<span class=\"\" style=\"cursor:pointer\" data-bs-toggle=\"modal\" data-bs-target=\"#comparadorModal\">Calcular<\/span>\t\t\t\t\n\t\t\t\t\t\n\t\t\t\t<\/td><\/tr><\/div><\/tbody><\/table><\/div><\/p>\n<p>Lo siguiente, es la aparici\u00f3n de una gama de primas con los mejores precios del seguro de decesos de Sanen Mutua, con los distintos descuentos y ofertas aplicados a sus tarifas actualizadas d\u00eda tras d\u00eda. Las siguientes primas han sido dise\u00f1adas por los mejores actuarios y t\u00e9cnicos para conseguir un seguro de decesos con los precios m\u00e1s ajustados y coberturas que cubran todas y cada una los requisitos de los clientes. Este es un panel de precios que le ofrece la Sanen Mutua de todos y cada uno de los modelos de primas con ofertas y descuentos incluidos.<br \/>\n<div class=\"colorf\"><div class=\"container clearfix\"><div class=\"col-md-7\"><\/p>\n<h3><span class=\"ez-toc-section\" id=\"%C2%BFCual_es_la_mejor_tarifa_de_seguros_de_Sanen_Mutua\"><\/span>\u00bfCu\u00e1l es la mejor tarifa de seguros de Sanen Mutua ?<span class=\"ez-toc-section-end\"><\/span><\/h3>\n<p>Ya lo sabes, merced al trabajo de iDecesos encontrar la mejor tarifa de seguro de decesos de Sanen Mutua es sencill\u00edsimo. En los seguros de decesos, donde m\u00e1s hay pluralidad es en las p\u00f3lizas de coberturas adicionales puesto que cada empresa aseguradora se ha encargado de diferenciarse de la competencia ofreciendo diferentes servicios.<br \/>\n<\/div><\/div><\/div><\/p>\n<h3><span class=\"ez-toc-section\" id=\"%C2%BFPuede_aumentar_precio_mensual_de_los_seguros_de_Sanen_Mutua\"><\/span>\u00bfPuede aumentar precio mensual de los seguros de Sanen Mutua ?<span class=\"ez-toc-section-end\"><\/span><\/h3>\n<p>Sanen Mutua es conocida por su amplia gama de primas para poder amoldarse a cada uno de los perfiles con independencia del rango de edad que pertenezcan. De los veintidos millones de asegurados en espa\u00f1a que tienen un seguro de decesos un alto porcentaje disfrutan de un tipo de prima nivelada, al tener una previsi\u00f3n de costes llegado al vencimiento controlada al no subir la tarifa, por ende te enviaremos todas la tipolog\u00edas de primas que hay y que cada una de ellas est\u00e1 cuidadosamente desarrollada para cada uno de ellos de los tramos de edad que existen<\/p>\n<p><strong>\u2022 Prima \u00danica o en un solo pago:<\/strong> es una modalidad de prima para personas mayores que ya no pueden abonar una prima fraccionada y que la aseguradora le ofrece estos clientes la tranquilidad de dejar todo previsto para cuando ellos falten y encima a un precio altamente competitivo respecto a negociar de manera directa con una funeraria en el momento de la muerte los familiares, por una parte se gana tranquilidad y por otra se ahorra.<\/p>\n<p>Prima natural: es el tipo de prima famosa asimismo como creciente, debido a que no para de crecer anualmente el precio de la prima pues obedece a la edad actuarial que tienen los asegurados desde el principio de la p\u00f3liza, calcula la esperanza de vida y establece una cuadro evolutivo de la tarifa de la prima a muchos a\u00f1os vista. <strong>\u2022 Prima mixta: <\/strong>es una prima enormemente demandada por ser la opci\u00f3n m\u00e1s imparcial de todas, al estar compuesta por 2 tipos de primas, la natural y la nivelada siendo muy barata en los primeros a\u00f1os de la contrataci\u00f3n y cuando somos mayores y se encarece se sostiene nivelada para dar una continuidad sin sobresaltos financieros, mas debemos calibrar si nos vale la pena contratar esta modalidad examinando si estamos muy cerca de merecernos la pena una p\u00f3liza con mayor nivelaci\u00f3n o si somos muy j\u00f3venes y nos agrada mudar de manera frecuente contratar un precio de prima creciente. Vas a poder partir el recibo de la prima y que te pasen el seguro por el banco en 12 veces, 4 veces, 2 veces o una vez al a\u00f1o. En iDecesos la inmensa mayor\u00eda de nuestros clientes excepto los de primas \u00fanicas como es obvio eligen la modalidad mensual pero ofrecemos absolutamente todas las forma de pago libres en el instante con cada una de las aseguradoras.<br \/>\n<div class=\"colorf\"><div class=\"container clearfix\"><div class=\"col-md-7\"><\/p>\n<h3><span class=\"ez-toc-section\" id=\"%C2%BFEl_precio_de_seguros_de_decesos_Sanen_Mutua_sube_con_la_edad\"><\/span>\u00bfEl precio de seguros de decesos Sanen Mutua sube con la edad?<span class=\"ez-toc-section-end\"><\/span><\/h3>\n<p>Con independencia de la edad, si a\u00fan no tienes tu p\u00f3liza puedes contratar en tan solo unos minutos el seguro de decesos de Sanen Mutua. Puedes estar apacible. Sanen Mutua no le va a subir el precio seg\u00fan vaya avanzando su edad puesto que la p\u00f3liza se hace en referencia a la edad del asegurado. Con lo que la edad no es barrera para la contrataci\u00f3n de tu seguro, cuentas con las diferentes modalidades como puede ser prima nivelada, natural, mixta, seminatural y \u00fanica. Olv\u00eddate de todo. Con Sanen Mutua vas a tener todo lo esencial en tu p\u00f3liza cubriendo todos los gastos de sepelio. Sanen Mutua te ofrece coberturas de lo m\u00e1s interesantes y actuales a fin de que sus asegurados est\u00e9n en las mejores manos. Efectuar un contrato de seguro de decesos no tiene edad, mas si es cierto que con unos a\u00f1os se debe poner en marcha y dejar todo organizado para un futuro m\u00e1s tranquilo tanto para ti para los tuyos.<br \/>\n<\/div><\/div><\/div><\/p>\n<h3><span class=\"ez-toc-section\" id=\"Paginas_relacionadas\"><\/span>P\u00e1ginas relacionadas<span class=\"ez-toc-section-end\"><\/span><\/h3><div class=\"enlazado\"><ul> <li><a href=\"https:\/\/idecesos.com\/seguros\/companias\/sanen-mutua\/opiniones\/\">Opiniones Sanen Mutua<\/a><\/li> <li><a href=\"https:\/\/idecesos.com\/seguros\/companias\/sanen-mutua\/precio\/\">Precio seguro Sanen Mutua<\/a><\/li> <li><a href=\"https:\/\/idecesos.com\/seguros\/companias\/sanen-mutua\/prima-mixta\/\">Sanen Mutua Prima Mixta<\/a><\/li> <li><a href=\"https:\/\/idecesos.com\/seguros\/companias\/sanen-mutua\/prima-natural\/\">Sanen Mutua Prima Natural<\/a><\/li> <li><a href=\"https:\/\/idecesos.com\/seguros\/companias\/sanen-mutua\/prima-nivelada\/\">Sanen Mutua Prima Nivelada<\/a><\/li> <li><a href=\"https:\/\/idecesos.com\/seguros\/companias\/sanen-mutua\/prima-unica\/\">Sanen Mutua Prima \u00danica<\/a><\/li> <li><a href=\"https:\/\/idecesos.com\/seguros\/companias\/sanen-mutua\/repatriacion\/\">Sanen Mutua Repatriaci\u00f3n<\/a><\/li> <li><a href=\"https:\/\/idecesos.com\/seguros\/companias\/sanen-mutua\/telefono\/\">Tel\u00e9fono Gratuito Sanen Mutua<\/a><\/li><\/ul><\/div>\n","protected":false},"excerpt":{"rendered":"<p>El \u00e1mbito de los seguros de decesos es muy amplio. Hay muchas aseguradoras, coberturas y precios diferentes entre los que optar. Es preciso antes de decidir por qu\u00e9 producto o compa\u00f1\u00eda elegir, estar informado de las distintas tarifas que ofrecen. Merced a iDecesos no se tendr\u00e1 que preocupar por eso por el hecho de que&hellip; <\/p>\n","protected":false},"author":1,"featured_media":17533,"parent":9503,"menu_order":0,"comment_status":"closed","ping_status":"closed","template":"single.php","meta":{"footnotes":""},"class_list":["post-17532","page","type-page","status-publish","has-post-thumbnail","hentry"],"yoast_head":"<!-- This site is optimized with the Yoast SEO plugin v27.3 - https:\/\/yoast.com\/product\/yoast-seo-wordpress\/ -->\n<title>Precio Seguro Decesos Sanen Mutua \u25b7DTO 25% I Oferta 2026<\/title>\n<meta name=\"description\" content=\"Calcular aqu\u00ed\u3010precio seguro de decesos Sanen Mutua\u3011Tarifas, oferta y descuento de seguro defunci\u00f3n Sanen Mutua 2026 \u2611\ufe0fiDecesos\u00ae N\u00ba1 en ahorro\" \/>\n<meta name=\"robots\" content=\"index, follow, max-snippet:-1, max-image-preview:large, max-video-preview:-1\" \/>\n<link rel=\"canonical\" href=\"https:\/\/idecesos.com\/seguros\/companias\/sanen-mutua\/precio\/\" \/>\n<meta property=\"og:locale\" content=\"es_ES\" \/>\n<meta property=\"og:type\" content=\"article\" \/>\n<meta property=\"og:title\" content=\"Precio Seguro Decesos Sanen Mutua \u25b7DTO 25% I Oferta 2026\" \/>\n<meta property=\"og:description\" content=\"Calcular aqu\u00ed\u3010precio seguro de decesos Sanen Mutua\u3011Tarifas, oferta y descuento de seguro defunci\u00f3n Sanen Mutua 2026 \u2611\ufe0fiDecesos\u00ae N\u00ba1 en ahorro\" \/>\n<meta property=\"og:url\" content=\"https:\/\/idecesos.com\/seguros\/companias\/sanen-mutua\/precio\/\" \/>\n<meta property=\"article:modified_time\" content=\"2022-03-10T12:15:15+00:00\" \/>\n<meta property=\"og:image\" content=\"https:\/\/idecesos.com\/seguros\/wp-content\/uploads\/2021\/12\/precio-2.jpg-108.jpeg\" \/>\n\t<meta property=\"og:image:width\" content=\"1500\" \/>\n\t<meta property=\"og:image:height\" content=\"559\" \/>\n\t<meta property=\"og:image:type\" content=\"image\/jpeg\" \/>\n<meta name=\"twitter:card\" content=\"summary_large_image\" \/>\n<meta name=\"twitter:label1\" content=\"Tiempo de lectura\" \/>\n\t<meta name=\"twitter:data1\" content=\"75 minutos\" \/>\n<script type=\"application\/ld+json\" class=\"yoast-schema-graph\">{\"@context\":\"https:\\\/\\\/schema.org\",\"@graph\":[{\"@type\":\"WebPage\",\"@id\":\"https:\\\/\\\/idecesos.com\\\/seguros\\\/companias\\\/sanen-mutua\\\/precio\\\/\",\"url\":\"https:\\\/\\\/idecesos.com\\\/seguros\\\/companias\\\/sanen-mutua\\\/precio\\\/\",\"name\":\"Precio Seguro Decesos Sanen Mutua \u25b7DTO 25% I Oferta 2026\",\"isPartOf\":{\"@id\":\"https:\\\/\\\/idecesos.com\\\/seguros\\\/#website\"},\"primaryImageOfPage\":{\"@id\":\"https:\\\/\\\/idecesos.com\\\/seguros\\\/companias\\\/sanen-mutua\\\/precio\\\/#primaryimage\"},\"image\":{\"@id\":\"https:\\\/\\\/idecesos.com\\\/seguros\\\/companias\\\/sanen-mutua\\\/precio\\\/#primaryimage\"},\"thumbnailUrl\":\"https:\\\/\\\/idecesos.com\\\/seguros\\\/wp-content\\\/uploads\\\/2021\\\/12\\\/precio-2.jpg-108.jpeg\",\"datePublished\":\"2021-12-15T16:04:02+00:00\",\"dateModified\":\"2022-03-10T12:15:15+00:00\",\"description\":\"Calcular aqu\u00ed\u3010precio seguro de decesos Sanen Mutua\u3011Tarifas, oferta y descuento de seguro defunci\u00f3n Sanen Mutua 2026 \u2611\ufe0fiDecesos\u00ae N\u00ba1 en ahorro\",\"breadcrumb\":{\"@id\":\"https:\\\/\\\/idecesos.com\\\/seguros\\\/companias\\\/sanen-mutua\\\/precio\\\/#breadcrumb\"},\"inLanguage\":\"es\",\"potentialAction\":[{\"@type\":\"ReadAction\",\"target\":[\"https:\\\/\\\/idecesos.com\\\/seguros\\\/companias\\\/sanen-mutua\\\/precio\\\/\"]}]},{\"@type\":\"ImageObject\",\"inLanguage\":\"es\",\"@id\":\"https:\\\/\\\/idecesos.com\\\/seguros\\\/companias\\\/sanen-mutua\\\/precio\\\/#primaryimage\",\"url\":\"https:\\\/\\\/idecesos.com\\\/seguros\\\/wp-content\\\/uploads\\\/2021\\\/12\\\/precio-2.jpg-108.jpeg\",\"contentUrl\":\"https:\\\/\\\/idecesos.com\\\/seguros\\\/wp-content\\\/uploads\\\/2021\\\/12\\\/precio-2.jpg-108.jpeg\",\"width\":1500,\"height\":559,\"caption\":\"Precio Sanen Mutua\"},{\"@type\":\"BreadcrumbList\",\"@id\":\"https:\\\/\\\/idecesos.com\\\/seguros\\\/companias\\\/sanen-mutua\\\/precio\\\/#breadcrumb\",\"itemListElement\":[{\"@type\":\"ListItem\",\"position\":1,\"name\":\"Portada\",\"item\":\"https:\\\/\\\/idecesos.com\\\/seguros\\\/\"},{\"@type\":\"ListItem\",\"position\":2,\"name\":\"Compa\u00f1\u00edas de Seguros de Decesos en Espa\u00f1a\",\"item\":\"https:\\\/\\\/idecesos.com\\\/seguros\\\/companias\\\/\"},{\"@type\":\"ListItem\",\"position\":3,\"name\":\"Seguro de decesos Sanen Mutua\",\"item\":\"https:\\\/\\\/idecesos.com\\\/seguros\\\/companias\\\/sanen-mutua\\\/\"},{\"@type\":\"ListItem\",\"position\":4,\"name\":\"\u00bfCu\u00e1nto cuesta el seguro de decesos Sanen Mutua?\"}]},{\"@type\":\"WebSite\",\"@id\":\"https:\\\/\\\/idecesos.com\\\/seguros\\\/#website\",\"url\":\"https:\\\/\\\/idecesos.com\\\/seguros\\\/\",\"name\":\"\",\"description\":\"\",\"potentialAction\":[{\"@type\":\"SearchAction\",\"target\":{\"@type\":\"EntryPoint\",\"urlTemplate\":\"https:\\\/\\\/idecesos.com\\\/seguros\\\/?s={search_term_string}\"},\"query-input\":{\"@type\":\"PropertyValueSpecification\",\"valueRequired\":true,\"valueName\":\"search_term_string\"}}],\"inLanguage\":\"es\"}]}<\/script>\n<!-- \/ Yoast SEO plugin. -->","yoast_head_json":{"title":"Precio Seguro Decesos Sanen Mutua \u25b7DTO 25% I Oferta 2026","description":"Calcular aqu\u00ed\u3010precio seguro de decesos Sanen Mutua\u3011Tarifas, oferta y descuento de seguro defunci\u00f3n Sanen Mutua 2026 \u2611\ufe0fiDecesos\u00ae N\u00ba1 en ahorro","robots":{"index":"index","follow":"follow","max-snippet":"max-snippet:-1","max-image-preview":"max-image-preview:large","max-video-preview":"max-video-preview:-1"},"canonical":"https:\/\/idecesos.com\/seguros\/companias\/sanen-mutua\/precio\/","og_locale":"es_ES","og_type":"article","og_title":"Precio Seguro Decesos Sanen Mutua \u25b7DTO 25% I Oferta 2026","og_description":"Calcular aqu\u00ed\u3010precio seguro de decesos Sanen Mutua\u3011Tarifas, oferta y descuento de seguro defunci\u00f3n Sanen Mutua 2026 \u2611\ufe0fiDecesos\u00ae N\u00ba1 en ahorro","og_url":"https:\/\/idecesos.com\/seguros\/companias\/sanen-mutua\/precio\/","article_modified_time":"2022-03-10T12:15:15+00:00","og_image":[{"width":1500,"height":559,"url":"https:\/\/idecesos.com\/seguros\/wp-content\/uploads\/2021\/12\/precio-2.jpg-108.jpeg","type":"image\/jpeg"}],"twitter_card":"summary_large_image","twitter_misc":{"Tiempo de lectura":"75 minutos"},"schema":{"@context":"https:\/\/schema.org","@graph":[{"@type":"WebPage","@id":"https:\/\/idecesos.com\/seguros\/companias\/sanen-mutua\/precio\/","url":"https:\/\/idecesos.com\/seguros\/companias\/sanen-mutua\/precio\/","name":"Precio Seguro Decesos Sanen Mutua \u25b7DTO 25% I Oferta 2026","isPartOf":{"@id":"https:\/\/idecesos.com\/seguros\/#website"},"primaryImageOfPage":{"@id":"https:\/\/idecesos.com\/seguros\/companias\/sanen-mutua\/precio\/#primaryimage"},"image":{"@id":"https:\/\/idecesos.com\/seguros\/companias\/sanen-mutua\/precio\/#primaryimage"},"thumbnailUrl":"https:\/\/idecesos.com\/seguros\/wp-content\/uploads\/2021\/12\/precio-2.jpg-108.jpeg","datePublished":"2021-12-15T16:04:02+00:00","dateModified":"2022-03-10T12:15:15+00:00","description":"Calcular aqu\u00ed\u3010precio seguro de decesos Sanen Mutua\u3011Tarifas, oferta y descuento de seguro defunci\u00f3n Sanen Mutua 2026 \u2611\ufe0fiDecesos\u00ae N\u00ba1 en ahorro","breadcrumb":{"@id":"https:\/\/idecesos.com\/seguros\/companias\/sanen-mutua\/precio\/#breadcrumb"},"inLanguage":"es","potentialAction":[{"@type":"ReadAction","target":["https:\/\/idecesos.com\/seguros\/companias\/sanen-mutua\/precio\/"]}]},{"@type":"ImageObject","inLanguage":"es","@id":"https:\/\/idecesos.com\/seguros\/companias\/sanen-mutua\/precio\/#primaryimage","url":"https:\/\/idecesos.com\/seguros\/wp-content\/uploads\/2021\/12\/precio-2.jpg-108.jpeg","contentUrl":"https:\/\/idecesos.com\/seguros\/wp-content\/uploads\/2021\/12\/precio-2.jpg-108.jpeg","width":1500,"height":559,"caption":"Precio Sanen Mutua"},{"@type":"BreadcrumbList","@id":"https:\/\/idecesos.com\/seguros\/companias\/sanen-mutua\/precio\/#breadcrumb","itemListElement":[{"@type":"ListItem","position":1,"name":"Portada","item":"https:\/\/idecesos.com\/seguros\/"},{"@type":"ListItem","position":2,"name":"Compa\u00f1\u00edas de Seguros de Decesos en Espa\u00f1a","item":"https:\/\/idecesos.com\/seguros\/companias\/"},{"@type":"ListItem","position":3,"name":"Seguro de decesos Sanen Mutua","item":"https:\/\/idecesos.com\/seguros\/companias\/sanen-mutua\/"},{"@type":"ListItem","position":4,"name":"\u00bfCu\u00e1nto cuesta el seguro de decesos Sanen Mutua?"}]},{"@type":"WebSite","@id":"https:\/\/idecesos.com\/seguros\/#website","url":"https:\/\/idecesos.com\/seguros\/","name":"","description":"","potentialAction":[{"@type":"SearchAction","target":{"@type":"EntryPoint","urlTemplate":"https:\/\/idecesos.com\/seguros\/?s={search_term_string}"},"query-input":{"@type":"PropertyValueSpecification","valueRequired":true,"valueName":"search_term_string"}}],"inLanguage":"es"}]}},"_links":{"self":[{"href":"https:\/\/idecesos.com\/seguros\/wp-json\/wp\/v2\/pages\/17532","targetHints":{"allow":["GET"]}}],"collection":[{"href":"https:\/\/idecesos.com\/seguros\/wp-json\/wp\/v2\/pages"}],"about":[{"href":"https:\/\/idecesos.com\/seguros\/wp-json\/wp\/v2\/types\/page"}],"author":[{"embeddable":true,"href":"https:\/\/idecesos.com\/seguros\/wp-json\/wp\/v2\/users\/1"}],"replies":[{"embeddable":true,"href":"https:\/\/idecesos.com\/seguros\/wp-json\/wp\/v2\/comments?post=17532"}],"version-history":[{"count":3,"href":"https:\/\/idecesos.com\/seguros\/wp-json\/wp\/v2\/pages\/17532\/revisions"}],"predecessor-version":[{"id":20183,"href":"https:\/\/idecesos.com\/seguros\/wp-json\/wp\/v2\/pages\/17532\/revisions\/20183"}],"up":[{"embeddable":true,"href":"https:\/\/idecesos.com\/seguros\/wp-json\/wp\/v2\/pages\/9503"}],"wp:featuredmedia":[{"embeddable":true,"href":"https:\/\/idecesos.com\/seguros\/wp-json\/wp\/v2\/media\/17533"}],"wp:attachment":[{"href":"https:\/\/idecesos.com\/seguros\/wp-json\/wp\/v2\/media?parent=17532"}],"curies":[{"name":"wp","href":"https:\/\/api.w.org\/{rel}","templated":true}]}}