{"id":17542,"date":"2021-12-15T16:04:05","date_gmt":"2021-12-15T16:04:05","guid":{"rendered":"https:\/\/idecesos.com\/seguros\/companias\/mmt\/precio\/"},"modified":"2022-03-10T12:44:25","modified_gmt":"2022-03-10T12:44:25","slug":"precio","status":"publish","type":"page","link":"https:\/\/idecesos.com\/seguros\/companias\/mmt\/precio\/","title":{"rendered":"\u00bfCu\u00e1nto cuesta el seguro de decesos Mmt?"},"content":{"rendered":"<div id=\"ez-toc-container\" class=\"ez-toc-v2_0_83 ez-toc-wrap-center counter-hierarchy ez-toc-counter ez-toc-custom ez-toc-container-direction\">\n<div class=\"ez-toc-title-container\">\n<p class=\"ez-toc-title\" style=\"cursor:inherit\">Tabla de Contenido<\/p>\n<span class=\"ez-toc-title-toggle\"><a href=\"#\" class=\"ez-toc-pull-right ez-toc-btn ez-toc-btn-xs ez-toc-btn-default ez-toc-toggle\" aria-label=\"Alternar tabla de contenidos\"><span class=\"ez-toc-js-icon-con\"><span class=\"\"><span class=\"eztoc-hide\" style=\"display:none;\">Toggle<\/span><span class=\"ez-toc-icon-toggle-span\"><svg style=\"fill: #db6415;color:#db6415\" xmlns=\"http:\/\/www.w3.org\/2000\/svg\" class=\"list-377408\" width=\"20px\" height=\"20px\" viewBox=\"0 0 24 24\" fill=\"none\"><path d=\"M6 6H4v2h2V6zm14 0H8v2h12V6zM4 11h2v2H4v-2zm16 0H8v2h12v-2zM4 16h2v2H4v-2zm16 0H8v2h12v-2z\" fill=\"currentColor\"><\/path><\/svg><svg style=\"fill: #db6415;color:#db6415\" class=\"arrow-unsorted-368013\" xmlns=\"http:\/\/www.w3.org\/2000\/svg\" width=\"10px\" height=\"10px\" viewBox=\"0 0 24 24\" version=\"1.2\" baseProfile=\"tiny\"><path d=\"M18.2 9.3l-6.2-6.3-6.2 6.3c-.2.2-.3.4-.3.7s.1.5.3.7c.2.2.4.3.7.3h11c.3 0 .5-.1.7-.3.2-.2.3-.5.3-.7s-.1-.5-.3-.7zM5.8 14.7l6.2 6.3 6.2-6.3c.2-.2.3-.5.3-.7s-.1-.5-.3-.7c-.2-.2-.4-.3-.7-.3h-11c-.3 0-.5.1-.7.3-.2.2-.3.5-.3.7s.1.5.3.7z\"\/><\/svg><\/span><\/span><\/span><\/a><\/span><\/div>\n<nav><ul class='ez-toc-list ez-toc-list-level-1 ' ><li class='ez-toc-page-1 ez-toc-heading-level-2'><a class=\"ez-toc-link ez-toc-heading-1\" href=\"https:\/\/idecesos.com\/seguros\/companias\/mmt\/precio\/#Calcular_precio_seguro_de_decesos_Mmt\" >Calcular precio seguro de decesos Mmt<\/a><\/li><li class='ez-toc-page-1 ez-toc-heading-level-2'><a class=\"ez-toc-link ez-toc-heading-2\" href=\"https:\/\/idecesos.com\/seguros\/companias\/mmt\/precio\/#Tabla_comparativa_de_precios_Mmt\" >Tabla comparativa de precios Mmt<\/a><ul class='ez-toc-list-level-3' ><li class='ez-toc-heading-level-3'><a class=\"ez-toc-link ez-toc-heading-3\" href=\"https:\/\/idecesos.com\/seguros\/companias\/mmt\/precio\/#%C2%BFCual_es_la_mejor_tarifa_de_seguros_de_Mmt\" >\u00bfCu\u00e1l es la mejor tarifa de seguros de Mmt ?<\/a><\/li><li class='ez-toc-page-1 ez-toc-heading-level-3'><a class=\"ez-toc-link ez-toc-heading-4\" href=\"https:\/\/idecesos.com\/seguros\/companias\/mmt\/precio\/#%C2%BFPuede_aumentar_precio_mensual_de_los_seguros_de_Mmt\" >\u00bfPuede aumentar precio mensual de los seguros de Mmt ?<\/a><\/li><li class='ez-toc-page-1 ez-toc-heading-level-3'><a class=\"ez-toc-link ez-toc-heading-5\" href=\"https:\/\/idecesos.com\/seguros\/companias\/mmt\/precio\/#%C2%BFEl_precio_de_seguros_de_decesos_Mmt_sube_con_la_edad\" >\u00bfEl precio de seguros de decesos Mmt sube con la edad?<\/a><\/li><\/ul><\/li><\/ul><\/nav><\/div>\n<p><br \/>\nEn el comparador l\u00edder de seguro de decesos en Espa\u00f1a (iDecesos) ofrecemos una comparativa de m\u00e1s de 20 empresas de seguros de defunci\u00f3n con las mejores garant\u00edas, precios y ofertas con los mejores descuentos. Es necesario antes de decidir por qu\u00e9 producto o compa\u00f1\u00eda elegir, estar informado de las diferentes tarifas que ofrecen para estar seguro que has elegido lo que necesitabas. Ahora le indicaremos los diferentes precios, filtrados por g\u00e9neros de seguro de decesos de Mmt para que clarifique cualquier consulta que le pueda surgir y pueda escoger las mejores garant\u00edas con la prima que m\u00e1s se acerque a lo que busca.<\/p>\n<div class=\"colorf\"><div class=\"container clearfix\"><div class=\"col-md-7\">\n<h2><span class=\"ez-toc-section\" id=\"Calcular_precio_seguro_de_decesos_Mmt\"><\/span>Calcular precio seguro de decesos Mmt<span class=\"ez-toc-section-end\"><\/span><\/h2>\n<p>No se preocupe, gracias a iDecesos calcular el precio de su seguro de decesos le ser\u00e1 sencill\u00edsimo. Rellene los campos que le solicitamos y nosotros nos encargaremos de filtrar los mejores resultados que mejor se amolden a . Son muchos los beneficios que tiene contratar una p\u00f3liza de decesos de Mmt.<\/p>\n<p>Primeramente la tranquilidad que te ofrece a ti y a tu familia. Su profesionalidad, es otro de los beneficios. Mmt cuenta con los mejores profesionales que te facilitar\u00e1n todos los tr\u00e1mites en ese duro instante que es el fallecimiento de un ser querido y est\u00e1n a su lado para ayudarle en todo instante.<br \/>\n<\/div><\/div><\/div><\/p>\n<h2><span class=\"ez-toc-section\" id=\"Tabla_comparativa_de_precios_Mmt\"><\/span>Tabla comparativa de precios Mmt<span class=\"ez-toc-section-end\"><\/span><\/h2>\n<p><div class=\"cabecera_tabla_precio\"><table class=\"table table-striped\"><thead><tr><th class=\"nosepara centrado\">Tipo<\/th><th class=\"nosepara centrado nojustificado\">Precio Desde<\/th><th class=\"nosepara dcha\"><\/th><\/tr><\/thead><tbody><tr class=\"fila_tabla_precio\"><td class=\"nosepara izq\">Precio Seguro Decesos Mmt<\/td><td class=\"nosepara centro\">1,54 \u20ac\/mes<\/td><td class=\"nosepara derecha\">\t\t\t\t\t\n\t\t\t\t\t\t<span class=\"\" style=\"cursor:pointer\" data-bs-toggle=\"modal\" data-bs-target=\"#comparadorModal\">Calcular<\/span>\t\t\t\t\n\t\t\t\t\t\n\t\t\t\t<\/td><\/tr><\/div><tr class=\"fila_tabla_precio\"><td class=\"nosepara izq\">Precio Prima \u00danica Mmt<\/td><td class=\"nosepara centro\">2345 \u20ac<\/td><td class=\"nosepara derecha\">\t\t\t\t\t\n\t\t\t\t\t\t<span class=\"\" style=\"cursor:pointer\" data-bs-toggle=\"modal\" data-bs-target=\"#comparadorModal\">Calcular<\/span>\t\t\t\t\n\t\t\t\t\t\n\t\t\t\t<\/td><\/tr><\/div><tr class=\"fila_tabla_precio\"><td class=\"nosepara izq\">Precio Prima Natural Mmt<\/td><td class=\"nosepara centro\">1,37 \u20ac\/mes<\/td><td class=\"nosepara derecha\">\t\t\t\t\t\n\t\t\t\t\t\t<span class=\"\" style=\"cursor:pointer\" data-bs-toggle=\"modal\" data-bs-target=\"#comparadorModal\">Calcular<\/span>\t\t\t\t\n\t\t\t\t\t\n\t\t\t\t<\/td><\/tr><\/div><tr class=\"fila_tabla_precio\"><td class=\"nosepara izq\">Precio Prima Nivelada Mmt<\/td><td class=\"nosepara centro\">1,68 \u20ac\/mes<\/td><td class=\"nosepara derecha\">\t\t\t\t\t\n\t\t\t\t\t\t<span class=\"\" style=\"cursor:pointer\" data-bs-toggle=\"modal\" data-bs-target=\"#comparadorModal\">Calcular<\/span>\t\t\t\t\n\t\t\t\t\t\n\t\t\t\t<\/td><\/tr><\/div><tr class=\"fila_tabla_precio\"><td class=\"nosepara izq\">Precio Prima Mixta Mmt<\/td><td class=\"nosepara centro\">1,21 \u20ac\/mes<\/td><td class=\"nosepara derecha\">\t\t\t\t\t\n\t\t\t\t\t\t<span class=\"\" style=\"cursor:pointer\" data-bs-toggle=\"modal\" data-bs-target=\"#comparadorModal\">Calcular<\/span>\t\t\t\t\n\t\t\t\t\t\n\t\t\t\t<\/td><\/tr><\/div><tr class=\"fila_tabla_precio\"><td class=\"nosepara izq\">Precio Prima Seminatural Mmt<\/td><td class=\"nosepara centro\">1,49 \u20ac\/mes<\/td><td class=\"nosepara derecha\">\t\t\t\t\t\n\t\t\t\t\t\t<span class=\"\" style=\"cursor:pointer\" data-bs-toggle=\"modal\" data-bs-target=\"#comparadorModal\">Calcular<\/span>\t\t\t\t\n\t\t\t\t\t\n\t\t\t\t<\/td><\/tr><\/div><tr class=\"fila_tabla_precio\"><td class=\"nosepara izq\">Precio con Repatriaci\u00f3n Mmt<\/td><td class=\"nosepara centro\">0,78 \u20ac a la cuota<\/td><td class=\"nosepara derecha\">\t\t\t\t\t\n\t\t\t\t\t\t<span class=\"\" style=\"cursor:pointer\" data-bs-toggle=\"modal\" data-bs-target=\"#comparadorModal\">Calcular<\/span>\t\t\t\t\n\t\t\t\t\t\n\t\t\t\t<\/td><\/tr><\/div><tr class=\"fila_tabla_precio\"><td class=\"nosepara izq\">Precio Seguro Defunci\u00f3n Mmt<\/td><td class=\"nosepara centro\">1,41 \u20ac\/mes<\/td><td class=\"nosepara derecha\">\t\t\t\t\t\n\t\t\t\t\t\t<span class=\"\" style=\"cursor:pointer\" data-bs-toggle=\"modal\" data-bs-target=\"#comparadorModal\">Calcular<\/span>\t\t\t\t\n\t\t\t\t\t\n\t\t\t\t<\/td><\/tr><\/div><tr class=\"fila_tabla_precio\"><td class=\"nosepara izq\">Precio Seguro Fallecimiento Mmt<\/td><td class=\"nosepara centro\">1,40 \u20ac\/mes<\/td><td class=\"nosepara derecha\">\t\t\t\t\t\n\t\t\t\t\t\t<span class=\"\" style=\"cursor:pointer\" data-bs-toggle=\"modal\" data-bs-target=\"#comparadorModal\">Calcular<\/span>\t\t\t\t\n\t\t\t\t\t\n\t\t\t\t<\/td><\/tr><\/div><tr class=\"fila_tabla_precio\"><td class=\"nosepara izq\">Precio Seguro Muertos Mmt<\/td><td class=\"nosepara centro\">1,58 \u20ac\/mes<\/td><td class=\"nosepara derecha\">\t\t\t\t\t\n\t\t\t\t\t\t<span class=\"\" style=\"cursor:pointer\" data-bs-toggle=\"modal\" data-bs-target=\"#comparadorModal\">Calcular<\/span>\t\t\t\t\n\t\t\t\t\t\n\t\t\t\t<\/td><\/tr><\/div><tr class=\"fila_tabla_precio\"><td class=\"nosepara izq\">Precio Asistencia Familiar Mmt<\/td><td class=\"nosepara centro\">1,53 \u20ac\/mes<\/td><td class=\"nosepara derecha\">\t\t\t\t\t\n\t\t\t\t\t\t<span class=\"\" style=\"cursor:pointer\" data-bs-toggle=\"modal\" data-bs-target=\"#comparadorModal\">Calcular<\/span>\t\t\t\t\n\t\t\t\t\t\n\t\t\t\t<\/td><\/tr><\/div><\/tbody><\/table><\/div><\/p>\n<p>A continuaci\u00f3n te mostramos con detalles los precios estimados de todas y cada una las distintas p\u00f3lizas de Mmt facilitandote todo el proceso de elecci\u00f3n que acostumbra a ser realmente lioso. Por ello, iDecesos te ayuda en su elecci\u00f3n. El cubrimiento del sepelio no es lo \u00fanico que Mmt te asegura. Cuenta con una variedad de coberturas calificadas como las mejores del mercado en Espa\u00f1a. Con todo esto no aseguras solo su tranquilidad sino que tambi\u00e9n ayudas a sus familiares a hacer en frente de los gastos de su fallecimiento. Ahora te vas a poder olvidar de todo y vivir apacible a sabiendas de que tienes a la mejor p\u00f3liza detr\u00e1s. Adem\u00e1s de esto, sus seres queridos no se tendr\u00e1n que preocupar por nada. Las calidades y servicios que te brinda Mmt van a hacer que puedas estar sosegado, usted y sus familiares en ese duro instante como es el fallecimiento de un ser querido.<br \/>\n<div class=\"colorf\"><div class=\"container clearfix\"><div class=\"col-md-7\"><\/p>\n<h3><span class=\"ez-toc-section\" id=\"%C2%BFCual_es_la_mejor_tarifa_de_seguros_de_Mmt\"><\/span>\u00bfCu\u00e1l es la mejor tarifa de seguros de Mmt ?<span class=\"ez-toc-section-end\"><\/span><\/h3>\n<p>Mmt resalta por su gran pluralidad de tarifas. Podr\u00e1s hallar desde una p\u00f3liza b\u00e1sica hasta una m\u00e1s adaptable a lo que necesite. Dentro de Mmt hallar\u00e1s diferentes modalidades de seguro, que se adaptaran de manera perfecta a tus necesidades como a tu presupuesto. Mmt tiene las mejores coberturas del mercado, que se amoldan a ti en todos y cada uno de los sentidos. Adem\u00e1s de esto, incluyen ofertas y descuentos en cada uno de ellos de sus seguros de decesos de los que podr\u00e1s disfrutar. En la tabla de arriba vas a poder encontrar todos los detalles de los diferentes precios de cada una de las primas que le ofrecen. Te asesoramos absolutamente gratis sin dificultades.<br \/>\n<\/div><\/div><\/div><\/p>\n<h3><span class=\"ez-toc-section\" id=\"%C2%BFPuede_aumentar_precio_mensual_de_los_seguros_de_Mmt\"><\/span>\u00bfPuede aumentar precio mensual de los seguros de Mmt ?<span class=\"ez-toc-section-end\"><\/span><\/h3>\n<p>Depender\u00e1 de la prima de Mmt se debe tomar en consideraci\u00f3n de que si ocurre alg\u00fan incremento en la tarifa va a quedar recogida en el contrato del asegurado. Aunque en algunos casos la aseguradora no te tendr\u00eda la obligaci\u00f3n de avisar. La calma est\u00e1 asegurada con los servicios de Mmt. Puedes tener total confianza en Mmt en tanto que est\u00e1 posicionada como una de las compa\u00f1\u00edas aseguradoras m\u00e1s trasparentes del mercado de Espa\u00f1a. Lo m\u00e1s esencial es la seguridad de su ser querido.<br \/>\n<div class=\"colorf\"><div class=\"container clearfix\"><div class=\"col-md-7\"><\/p>\n<h3><span class=\"ez-toc-section\" id=\"%C2%BFEl_precio_de_seguros_de_decesos_Mmt_sube_con_la_edad\"><\/span>\u00bfEl precio de seguros de decesos Mmt sube con la edad?<span class=\"ez-toc-section-end\"><\/span><\/h3>\n<p>No se preocupe por nada. Si todav\u00eda no cuenta con una p\u00f3liza es el momento de contratar el seguro de decesos de Mmt. Su edad no va a ser un impedimento y se encargasen de todo. D\u00e9jese de preocupaciones. Mmt no le va a subir sus cuotas con el paso de los a\u00f1os ya que su p\u00f3liza hace referencia a la edad del asegurado. Su edad no es una barrera para contratar uno de sus seguros de decesos por lo que va a poder contar con sus diferentes modalidades que pueden ser prima nivelada, natural, mixta, semi natural y \u00fanica. Vas a tener lo esencial dentro de tu p\u00f3liza cubriendo todos los gastos de sepelio y ahorras tiempo en cuesti\u00f3n de tr\u00e1mites burocr\u00e1ticos. Mmt te ofrece coberturas de lo m\u00e1s interesantes y actuales a fin de que sus asegurados est\u00e9n en las mejores manos. Realizar un contrato de seguro de decesos no tiene edad, pero si es verdad que con unos a\u00f1os se debe de arrancar y dejar todo organizado para un futuro m\u00e1s sosegado tanto para ti para los tuyos.<br \/>\n<\/div><\/div><\/div><\/p>\n<h3>P\u00e1ginas relacionadas<\/h3><div class=\"enlazado\"><ul> <li><a href=\"https:\/\/idecesos.com\/seguros\/companias\/mmt\/opiniones\/\">Opiniones MMT<\/a><\/li> <li><a href=\"https:\/\/idecesos.com\/seguros\/companias\/mmt\/precio\/\">Precio seguro Mmt<\/a><\/li> <li><a href=\"https:\/\/idecesos.com\/seguros\/companias\/mmt\/prima-mixta\/\">Mmt Prima Mixta<\/a><\/li> <li><a href=\"https:\/\/idecesos.com\/seguros\/companias\/mmt\/prima-natural\/\">Mmt Prima Natural<\/a><\/li> <li><a href=\"https:\/\/idecesos.com\/seguros\/companias\/mmt\/prima-nivelada\/\">Mmt Prima Nivelada<\/a><\/li> <li><a href=\"https:\/\/idecesos.com\/seguros\/companias\/mmt\/prima-unica\/\">Mmt Prima \u00danica<\/a><\/li> <li><a href=\"https:\/\/idecesos.com\/seguros\/companias\/mmt\/repatriacion\/\">Mmt Repatriaci\u00f3n<\/a><\/li> <li><a href=\"https:\/\/idecesos.com\/seguros\/companias\/mmt\/telefono\/\">Tel\u00e9fono Gratuito Mmt<\/a><\/li><\/ul><\/div>\n","protected":false},"excerpt":{"rendered":"<p>En el comparador l\u00edder de seguro de decesos en Espa\u00f1a (iDecesos) ofrecemos una comparativa de m\u00e1s de 20 empresas de seguros de defunci\u00f3n con las mejores garant\u00edas, precios y ofertas con los mejores descuentos. Es necesario antes de decidir por qu\u00e9 producto o compa\u00f1\u00eda elegir, estar informado de las diferentes tarifas que ofrecen para estar&hellip; <\/p>\n","protected":false},"author":1,"featured_media":17543,"parent":9515,"menu_order":0,"comment_status":"closed","ping_status":"closed","template":"single.php","meta":{"footnotes":""},"class_list":["post-17542","page","type-page","status-publish","has-post-thumbnail","hentry"],"yoast_head":"<!-- This site is optimized with the Yoast SEO plugin v27.5 - https:\/\/yoast.com\/product\/yoast-seo-wordpress\/ -->\n<title>Precio Seguro Decesos Mmt \u25b7DTO 25% I Oferta 2026<\/title>\n<meta name=\"description\" content=\"Calcular aqu\u00ed\u3010precio seguro de decesos Mmt\u3011Tarifas, oferta y descuento de seguro defunci\u00f3n Mmt 2026 \u2611\ufe0fiDecesos\u00ae N\u00ba1 en ahorro\" \/>\n<meta name=\"robots\" content=\"index, follow, max-snippet:-1, max-image-preview:large, max-video-preview:-1\" \/>\n<link rel=\"canonical\" href=\"https:\/\/idecesos.com\/seguros\/companias\/mmt\/precio\/\" \/>\n<meta property=\"og:locale\" content=\"es_ES\" \/>\n<meta property=\"og:type\" content=\"article\" \/>\n<meta property=\"og:title\" content=\"Precio Seguro Decesos Mmt \u25b7DTO 25% I Oferta 2026\" \/>\n<meta property=\"og:description\" content=\"Calcular aqu\u00ed\u3010precio seguro de decesos Mmt\u3011Tarifas, oferta y descuento de seguro defunci\u00f3n Mmt 2026 \u2611\ufe0fiDecesos\u00ae N\u00ba1 en ahorro\" \/>\n<meta property=\"og:url\" content=\"https:\/\/idecesos.com\/seguros\/companias\/mmt\/precio\/\" \/>\n<meta property=\"article:modified_time\" content=\"2022-03-10T12:44:25+00:00\" \/>\n<meta property=\"og:image\" content=\"https:\/\/idecesos.com\/seguros\/wp-content\/uploads\/2021\/12\/precio-2.jpg-113.jpeg\" \/>\n\t<meta property=\"og:image:width\" content=\"1500\" \/>\n\t<meta property=\"og:image:height\" content=\"559\" \/>\n\t<meta property=\"og:image:type\" content=\"image\/jpeg\" \/>\n<meta name=\"twitter:card\" content=\"summary_large_image\" \/>\n<meta name=\"twitter:label1\" content=\"Tiempo de lectura\" \/>\n\t<meta name=\"twitter:data1\" content=\"75 minutos\" \/>\n<script type=\"application\/ld+json\" class=\"yoast-schema-graph\">{\"@context\":\"https:\\\/\\\/schema.org\",\"@graph\":[{\"@type\":\"WebPage\",\"@id\":\"https:\\\/\\\/idecesos.com\\\/seguros\\\/companias\\\/mmt\\\/precio\\\/\",\"url\":\"https:\\\/\\\/idecesos.com\\\/seguros\\\/companias\\\/mmt\\\/precio\\\/\",\"name\":\"Precio Seguro Decesos Mmt \u25b7DTO 25% I Oferta 2026\",\"isPartOf\":{\"@id\":\"https:\\\/\\\/idecesos.com\\\/seguros\\\/#website\"},\"primaryImageOfPage\":{\"@id\":\"https:\\\/\\\/idecesos.com\\\/seguros\\\/companias\\\/mmt\\\/precio\\\/#primaryimage\"},\"image\":{\"@id\":\"https:\\\/\\\/idecesos.com\\\/seguros\\\/companias\\\/mmt\\\/precio\\\/#primaryimage\"},\"thumbnailUrl\":\"https:\\\/\\\/idecesos.com\\\/seguros\\\/wp-content\\\/uploads\\\/2021\\\/12\\\/precio-2.jpg-113.jpeg\",\"datePublished\":\"2021-12-15T16:04:05+00:00\",\"dateModified\":\"2022-03-10T12:44:25+00:00\",\"description\":\"Calcular aqu\u00ed\u3010precio seguro de decesos Mmt\u3011Tarifas, oferta y descuento de seguro defunci\u00f3n Mmt 2026 \u2611\ufe0fiDecesos\u00ae N\u00ba1 en ahorro\",\"breadcrumb\":{\"@id\":\"https:\\\/\\\/idecesos.com\\\/seguros\\\/companias\\\/mmt\\\/precio\\\/#breadcrumb\"},\"inLanguage\":\"es\",\"potentialAction\":[{\"@type\":\"ReadAction\",\"target\":[\"https:\\\/\\\/idecesos.com\\\/seguros\\\/companias\\\/mmt\\\/precio\\\/\"]}]},{\"@type\":\"ImageObject\",\"inLanguage\":\"es\",\"@id\":\"https:\\\/\\\/idecesos.com\\\/seguros\\\/companias\\\/mmt\\\/precio\\\/#primaryimage\",\"url\":\"https:\\\/\\\/idecesos.com\\\/seguros\\\/wp-content\\\/uploads\\\/2021\\\/12\\\/precio-2.jpg-113.jpeg\",\"contentUrl\":\"https:\\\/\\\/idecesos.com\\\/seguros\\\/wp-content\\\/uploads\\\/2021\\\/12\\\/precio-2.jpg-113.jpeg\",\"width\":1500,\"height\":559,\"caption\":\"Precio Mmt\"},{\"@type\":\"BreadcrumbList\",\"@id\":\"https:\\\/\\\/idecesos.com\\\/seguros\\\/companias\\\/mmt\\\/precio\\\/#breadcrumb\",\"itemListElement\":[{\"@type\":\"ListItem\",\"position\":1,\"name\":\"Portada\",\"item\":\"https:\\\/\\\/idecesos.com\\\/seguros\\\/\"},{\"@type\":\"ListItem\",\"position\":2,\"name\":\"Compa\u00f1\u00edas de Seguros de Decesos en Espa\u00f1a\",\"item\":\"https:\\\/\\\/idecesos.com\\\/seguros\\\/companias\\\/\"},{\"@type\":\"ListItem\",\"position\":3,\"name\":\"Seguro de decesos MMT\",\"item\":\"https:\\\/\\\/idecesos.com\\\/seguros\\\/companias\\\/mmt\\\/\"},{\"@type\":\"ListItem\",\"position\":4,\"name\":\"\u00bfCu\u00e1nto cuesta el seguro de decesos Mmt?\"}]},{\"@type\":\"WebSite\",\"@id\":\"https:\\\/\\\/idecesos.com\\\/seguros\\\/#website\",\"url\":\"https:\\\/\\\/idecesos.com\\\/seguros\\\/\",\"name\":\"\",\"description\":\"\",\"potentialAction\":[{\"@type\":\"SearchAction\",\"target\":{\"@type\":\"EntryPoint\",\"urlTemplate\":\"https:\\\/\\\/idecesos.com\\\/seguros\\\/?s={search_term_string}\"},\"query-input\":{\"@type\":\"PropertyValueSpecification\",\"valueRequired\":true,\"valueName\":\"search_term_string\"}}],\"inLanguage\":\"es\"}]}<\/script>\n<!-- \/ Yoast SEO plugin. -->","yoast_head_json":{"title":"Precio Seguro Decesos Mmt \u25b7DTO 25% I Oferta 2026","description":"Calcular aqu\u00ed\u3010precio seguro de decesos Mmt\u3011Tarifas, oferta y descuento de seguro defunci\u00f3n Mmt 2026 \u2611\ufe0fiDecesos\u00ae N\u00ba1 en ahorro","robots":{"index":"index","follow":"follow","max-snippet":"max-snippet:-1","max-image-preview":"max-image-preview:large","max-video-preview":"max-video-preview:-1"},"canonical":"https:\/\/idecesos.com\/seguros\/companias\/mmt\/precio\/","og_locale":"es_ES","og_type":"article","og_title":"Precio Seguro Decesos Mmt \u25b7DTO 25% I Oferta 2026","og_description":"Calcular aqu\u00ed\u3010precio seguro de decesos Mmt\u3011Tarifas, oferta y descuento de seguro defunci\u00f3n Mmt 2026 \u2611\ufe0fiDecesos\u00ae N\u00ba1 en ahorro","og_url":"https:\/\/idecesos.com\/seguros\/companias\/mmt\/precio\/","article_modified_time":"2022-03-10T12:44:25+00:00","og_image":[{"width":1500,"height":559,"url":"https:\/\/idecesos.com\/seguros\/wp-content\/uploads\/2021\/12\/precio-2.jpg-113.jpeg","type":"image\/jpeg"}],"twitter_card":"summary_large_image","twitter_misc":{"Tiempo de lectura":"75 minutos"},"schema":{"@context":"https:\/\/schema.org","@graph":[{"@type":"WebPage","@id":"https:\/\/idecesos.com\/seguros\/companias\/mmt\/precio\/","url":"https:\/\/idecesos.com\/seguros\/companias\/mmt\/precio\/","name":"Precio Seguro Decesos Mmt \u25b7DTO 25% I Oferta 2026","isPartOf":{"@id":"https:\/\/idecesos.com\/seguros\/#website"},"primaryImageOfPage":{"@id":"https:\/\/idecesos.com\/seguros\/companias\/mmt\/precio\/#primaryimage"},"image":{"@id":"https:\/\/idecesos.com\/seguros\/companias\/mmt\/precio\/#primaryimage"},"thumbnailUrl":"https:\/\/idecesos.com\/seguros\/wp-content\/uploads\/2021\/12\/precio-2.jpg-113.jpeg","datePublished":"2021-12-15T16:04:05+00:00","dateModified":"2022-03-10T12:44:25+00:00","description":"Calcular aqu\u00ed\u3010precio seguro de decesos Mmt\u3011Tarifas, oferta y descuento de seguro defunci\u00f3n Mmt 2026 \u2611\ufe0fiDecesos\u00ae N\u00ba1 en ahorro","breadcrumb":{"@id":"https:\/\/idecesos.com\/seguros\/companias\/mmt\/precio\/#breadcrumb"},"inLanguage":"es","potentialAction":[{"@type":"ReadAction","target":["https:\/\/idecesos.com\/seguros\/companias\/mmt\/precio\/"]}]},{"@type":"ImageObject","inLanguage":"es","@id":"https:\/\/idecesos.com\/seguros\/companias\/mmt\/precio\/#primaryimage","url":"https:\/\/idecesos.com\/seguros\/wp-content\/uploads\/2021\/12\/precio-2.jpg-113.jpeg","contentUrl":"https:\/\/idecesos.com\/seguros\/wp-content\/uploads\/2021\/12\/precio-2.jpg-113.jpeg","width":1500,"height":559,"caption":"Precio Mmt"},{"@type":"BreadcrumbList","@id":"https:\/\/idecesos.com\/seguros\/companias\/mmt\/precio\/#breadcrumb","itemListElement":[{"@type":"ListItem","position":1,"name":"Portada","item":"https:\/\/idecesos.com\/seguros\/"},{"@type":"ListItem","position":2,"name":"Compa\u00f1\u00edas de Seguros de Decesos en Espa\u00f1a","item":"https:\/\/idecesos.com\/seguros\/companias\/"},{"@type":"ListItem","position":3,"name":"Seguro de decesos MMT","item":"https:\/\/idecesos.com\/seguros\/companias\/mmt\/"},{"@type":"ListItem","position":4,"name":"\u00bfCu\u00e1nto cuesta el seguro de decesos Mmt?"}]},{"@type":"WebSite","@id":"https:\/\/idecesos.com\/seguros\/#website","url":"https:\/\/idecesos.com\/seguros\/","name":"","description":"","potentialAction":[{"@type":"SearchAction","target":{"@type":"EntryPoint","urlTemplate":"https:\/\/idecesos.com\/seguros\/?s={search_term_string}"},"query-input":{"@type":"PropertyValueSpecification","valueRequired":true,"valueName":"search_term_string"}}],"inLanguage":"es"}]}},"_links":{"self":[{"href":"https:\/\/idecesos.com\/seguros\/wp-json\/wp\/v2\/pages\/17542","targetHints":{"allow":["GET"]}}],"collection":[{"href":"https:\/\/idecesos.com\/seguros\/wp-json\/wp\/v2\/pages"}],"about":[{"href":"https:\/\/idecesos.com\/seguros\/wp-json\/wp\/v2\/types\/page"}],"author":[{"embeddable":true,"href":"https:\/\/idecesos.com\/seguros\/wp-json\/wp\/v2\/users\/1"}],"replies":[{"embeddable":true,"href":"https:\/\/idecesos.com\/seguros\/wp-json\/wp\/v2\/comments?post=17542"}],"version-history":[{"count":2,"href":"https:\/\/idecesos.com\/seguros\/wp-json\/wp\/v2\/pages\/17542\/revisions"}],"predecessor-version":[{"id":20196,"href":"https:\/\/idecesos.com\/seguros\/wp-json\/wp\/v2\/pages\/17542\/revisions\/20196"}],"up":[{"embeddable":true,"href":"https:\/\/idecesos.com\/seguros\/wp-json\/wp\/v2\/pages\/9515"}],"wp:featuredmedia":[{"embeddable":true,"href":"https:\/\/idecesos.com\/seguros\/wp-json\/wp\/v2\/media\/17543"}],"wp:attachment":[{"href":"https:\/\/idecesos.com\/seguros\/wp-json\/wp\/v2\/media?parent=17542"}],"curies":[{"name":"wp","href":"https:\/\/api.w.org\/{rel}","templated":true}]}}