{"id":17546,"date":"2021-12-15T16:04:07","date_gmt":"2021-12-15T16:04:07","guid":{"rendered":"https:\/\/idecesos.com\/seguros\/companias\/genesis\/precio\/"},"modified":"2022-03-10T12:46:25","modified_gmt":"2022-03-10T12:46:25","slug":"precio","status":"publish","type":"page","link":"https:\/\/idecesos.com\/seguros\/companias\/genesis\/precio\/","title":{"rendered":"\u00bfCu\u00e1nto cuesta el seguro de decesos Genesis?"},"content":{"rendered":"<div id=\"ez-toc-container\" class=\"ez-toc-v2_0_82_2 ez-toc-wrap-center counter-hierarchy ez-toc-counter ez-toc-custom ez-toc-container-direction\">\n<div class=\"ez-toc-title-container\">\n<p class=\"ez-toc-title\" style=\"cursor:inherit\">Tabla de Contenido<\/p>\n<span class=\"ez-toc-title-toggle\"><a href=\"#\" class=\"ez-toc-pull-right ez-toc-btn ez-toc-btn-xs ez-toc-btn-default ez-toc-toggle\" aria-label=\"Alternar tabla de contenidos\"><span class=\"ez-toc-js-icon-con\"><span class=\"\"><span class=\"eztoc-hide\" style=\"display:none;\">Toggle<\/span><span class=\"ez-toc-icon-toggle-span\"><svg style=\"fill: #db6415;color:#db6415\" xmlns=\"http:\/\/www.w3.org\/2000\/svg\" class=\"list-377408\" width=\"20px\" height=\"20px\" viewBox=\"0 0 24 24\" fill=\"none\"><path d=\"M6 6H4v2h2V6zm14 0H8v2h12V6zM4 11h2v2H4v-2zm16 0H8v2h12v-2zM4 16h2v2H4v-2zm16 0H8v2h12v-2z\" fill=\"currentColor\"><\/path><\/svg><svg style=\"fill: #db6415;color:#db6415\" class=\"arrow-unsorted-368013\" xmlns=\"http:\/\/www.w3.org\/2000\/svg\" width=\"10px\" height=\"10px\" viewBox=\"0 0 24 24\" version=\"1.2\" baseProfile=\"tiny\"><path d=\"M18.2 9.3l-6.2-6.3-6.2 6.3c-.2.2-.3.4-.3.7s.1.5.3.7c.2.2.4.3.7.3h11c.3 0 .5-.1.7-.3.2-.2.3-.5.3-.7s-.1-.5-.3-.7zM5.8 14.7l6.2 6.3 6.2-6.3c.2-.2.3-.5.3-.7s-.1-.5-.3-.7c-.2-.2-.4-.3-.7-.3h-11c-.3 0-.5.1-.7.3-.2.2-.3.5-.3.7s.1.5.3.7z\"\/><\/svg><\/span><\/span><\/span><\/a><\/span><\/div>\n<nav><ul class='ez-toc-list ez-toc-list-level-1 ' ><li class='ez-toc-page-1 ez-toc-heading-level-2'><a class=\"ez-toc-link ez-toc-heading-1\" href=\"https:\/\/idecesos.com\/seguros\/companias\/genesis\/precio\/#Calcular_precio_seguro_de_decesos_Genesis\" >Calcular precio seguro de decesos Genesis<\/a><\/li><li class='ez-toc-page-1 ez-toc-heading-level-2'><a class=\"ez-toc-link ez-toc-heading-2\" href=\"https:\/\/idecesos.com\/seguros\/companias\/genesis\/precio\/#Tabla_comparativa_de_precios_Genesis\" >Tabla comparativa de precios Genesis<\/a><ul class='ez-toc-list-level-3' ><li class='ez-toc-heading-level-3'><a class=\"ez-toc-link ez-toc-heading-3\" href=\"https:\/\/idecesos.com\/seguros\/companias\/genesis\/precio\/#%C2%BFCual_es_la_mejor_tarifa_de_seguros_de_Genesis\" >\u00bfCu\u00e1l es la mejor tarifa de seguros de Genesis ?<\/a><\/li><li class='ez-toc-page-1 ez-toc-heading-level-3'><a class=\"ez-toc-link ez-toc-heading-4\" href=\"https:\/\/idecesos.com\/seguros\/companias\/genesis\/precio\/#%C2%BFPuede_aumentar_precio_mensual_de_los_seguros_de_Genesis\" >\u00bfPuede aumentar precio mensual de los seguros de Genesis ?<\/a><\/li><li class='ez-toc-page-1 ez-toc-heading-level-3'><a class=\"ez-toc-link ez-toc-heading-5\" href=\"https:\/\/idecesos.com\/seguros\/companias\/genesis\/precio\/#%C2%BFEl_precio_de_seguros_de_decesos_Genesis_sube_con_la_edad\" >\u00bfEl precio de seguros de decesos Genesis sube con la edad?<\/a><\/li><li class='ez-toc-page-1 ez-toc-heading-level-3'><a class=\"ez-toc-link ez-toc-heading-6\" href=\"https:\/\/idecesos.com\/seguros\/companias\/genesis\/precio\/#Paginas_relacionadas\" >P\u00e1ginas relacionadas<\/a><\/li><\/ul><\/li><\/ul><\/nav><\/div>\n<p><br \/>\nLa muerte es el \u00fanico lugar en el que no te puedes asistir a ti mismo. Estate apacible. Genesis se encargar\u00e1 de darte toda la tranquilidad que precisas a ti y a tus seres queridos para que todo est\u00e9 bajo control en el instante del \u00f3bito. Genesis cuenta con m\u00e1s de treinta mil asegurados que desde el instante en que cuentan con sus servicios viven m\u00e1s aliviados sabiendo que dejan todo a cargo de los mejores profesionales del sector decesos. El precio de la prima de un seguro de decesos podr\u00eda variar en las coberturas de cada una de las diferentes p\u00f3lizas, se tendr\u00e1 en cuenta diferentes factores como es el caso de la edad del asegurado o d\u00f3nde radique. Por lo general si incluye m\u00e1s coberturas el precio podr\u00eda ascender en el precio final. Genesis apuesta por p\u00f3lizas de mejor calidad y tarifas ofreciendo a cada uno de sus clientes comodidad en relaci\u00f3n a su situaci\u00f3n.<\/p>\n<div class=\"colorf\"><div class=\"container clearfix\"><div class=\"col-md-7\">\n<h2><span class=\"ez-toc-section\" id=\"Calcular_precio_seguro_de_decesos_Genesis\"><\/span>Calcular precio seguro de decesos Genesis<span class=\"ez-toc-section-end\"><\/span><\/h2>\n<p>Calcular el precio de su seguro de decesos es muy simple gracias a los servicios de iDecesos. Solo debes rellenar los campos que te pedimos y nos encargaremos de filtrar los mejores resultados. Muchos son los beneficios que tiene contratar una p\u00f3liza de decesos de Genesis.<\/p>\n<p>En primer lugar la tranquilidad que te ofrece a ti y a tu familia. Por otro lado, su profesionalidad. Genesis sabe lo duro que es perder a un ser querido por eso le van a acompa\u00f1ar los mejores profesionales y le van a facilitar todos los tr\u00e1mites.<br \/>\n<\/div><\/div><\/div><\/p>\n<h2><span class=\"ez-toc-section\" id=\"Tabla_comparativa_de_precios_Genesis\"><\/span>Tabla comparativa de precios Genesis<span class=\"ez-toc-section-end\"><\/span><\/h2>\n<p><div class=\"cabecera_tabla_precio\"><table class=\"table table-striped\"><thead><tr><th class=\"nosepara centrado\">Tipo<\/th><th class=\"nosepara centrado nojustificado\">Precio Desde<\/th><th class=\"nosepara dcha\"><\/th><\/tr><\/thead><tbody><tr class=\"fila_tabla_precio\"><td class=\"nosepara izq\">Precio Seguro Decesos Genesis<\/td><td class=\"nosepara centro\">1,43 \u20ac\/mes<\/td><td class=\"nosepara derecha\">\t\t\t\t\t\n\t\t\t\t\t\t<span class=\"\" style=\"cursor:pointer\" data-bs-toggle=\"modal\" data-bs-target=\"#comparadorModal\">Calcular<\/span>\t\t\t\t\n\t\t\t\t\t\n\t\t\t\t<\/td><\/tr><\/div><tr class=\"fila_tabla_precio\"><td class=\"nosepara izq\">Precio Prima \u00danica Genesis<\/td><td class=\"nosepara centro\">2340 \u20ac<\/td><td class=\"nosepara derecha\">\t\t\t\t\t\n\t\t\t\t\t\t<span class=\"\" style=\"cursor:pointer\" data-bs-toggle=\"modal\" data-bs-target=\"#comparadorModal\">Calcular<\/span>\t\t\t\t\n\t\t\t\t\t\n\t\t\t\t<\/td><\/tr><\/div><tr class=\"fila_tabla_precio\"><td class=\"nosepara izq\">Precio Prima Natural Genesis<\/td><td class=\"nosepara centro\">1,44 \u20ac\/mes<\/td><td class=\"nosepara derecha\">\t\t\t\t\t\n\t\t\t\t\t\t<span class=\"\" style=\"cursor:pointer\" data-bs-toggle=\"modal\" data-bs-target=\"#comparadorModal\">Calcular<\/span>\t\t\t\t\n\t\t\t\t\t\n\t\t\t\t<\/td><\/tr><\/div><tr class=\"fila_tabla_precio\"><td class=\"nosepara izq\">Precio Prima Nivelada Genesis<\/td><td class=\"nosepara centro\">1,49 \u20ac\/mes<\/td><td class=\"nosepara derecha\">\t\t\t\t\t\n\t\t\t\t\t\t<span class=\"\" style=\"cursor:pointer\" data-bs-toggle=\"modal\" data-bs-target=\"#comparadorModal\">Calcular<\/span>\t\t\t\t\n\t\t\t\t\t\n\t\t\t\t<\/td><\/tr><\/div><tr class=\"fila_tabla_precio\"><td class=\"nosepara izq\">Precio Prima Mixta Genesis<\/td><td class=\"nosepara centro\">1,22 \u20ac\/mes<\/td><td class=\"nosepara derecha\">\t\t\t\t\t\n\t\t\t\t\t\t<span class=\"\" style=\"cursor:pointer\" data-bs-toggle=\"modal\" data-bs-target=\"#comparadorModal\">Calcular<\/span>\t\t\t\t\n\t\t\t\t\t\n\t\t\t\t<\/td><\/tr><\/div><tr class=\"fila_tabla_precio\"><td class=\"nosepara izq\">Precio Prima Seminatural Genesis<\/td><td class=\"nosepara centro\">1,51 \u20ac\/mes<\/td><td class=\"nosepara derecha\">\t\t\t\t\t\n\t\t\t\t\t\t<span class=\"\" style=\"cursor:pointer\" data-bs-toggle=\"modal\" data-bs-target=\"#comparadorModal\">Calcular<\/span>\t\t\t\t\n\t\t\t\t\t\n\t\t\t\t<\/td><\/tr><\/div><tr class=\"fila_tabla_precio\"><td class=\"nosepara izq\">Precio con Repatriaci\u00f3n Genesis<\/td><td class=\"nosepara centro\">0,86 \u20ac a la cuota<\/td><td class=\"nosepara derecha\">\t\t\t\t\t\n\t\t\t\t\t\t<span class=\"\" style=\"cursor:pointer\" data-bs-toggle=\"modal\" data-bs-target=\"#comparadorModal\">Calcular<\/span>\t\t\t\t\n\t\t\t\t\t\n\t\t\t\t<\/td><\/tr><\/div><tr class=\"fila_tabla_precio\"><td class=\"nosepara izq\">Precio Seguro Defunci\u00f3n Genesis<\/td><td class=\"nosepara centro\">1,47 \u20ac\/mes<\/td><td class=\"nosepara derecha\">\t\t\t\t\t\n\t\t\t\t\t\t<span class=\"\" style=\"cursor:pointer\" data-bs-toggle=\"modal\" data-bs-target=\"#comparadorModal\">Calcular<\/span>\t\t\t\t\n\t\t\t\t\t\n\t\t\t\t<\/td><\/tr><\/div><tr class=\"fila_tabla_precio\"><td class=\"nosepara izq\">Precio Seguro Fallecimiento Genesis<\/td><td class=\"nosepara centro\">1,50 \u20ac\/mes<\/td><td class=\"nosepara derecha\">\t\t\t\t\t\n\t\t\t\t\t\t<span class=\"\" style=\"cursor:pointer\" data-bs-toggle=\"modal\" data-bs-target=\"#comparadorModal\">Calcular<\/span>\t\t\t\t\n\t\t\t\t\t\n\t\t\t\t<\/td><\/tr><\/div><tr class=\"fila_tabla_precio\"><td class=\"nosepara izq\">Precio Seguro Muertos Genesis<\/td><td class=\"nosepara centro\">1,52 \u20ac\/mes<\/td><td class=\"nosepara derecha\">\t\t\t\t\t\n\t\t\t\t\t\t<span class=\"\" style=\"cursor:pointer\" data-bs-toggle=\"modal\" data-bs-target=\"#comparadorModal\">Calcular<\/span>\t\t\t\t\n\t\t\t\t\t\n\t\t\t\t<\/td><\/tr><\/div><tr class=\"fila_tabla_precio\"><td class=\"nosepara izq\">Precio Asistencia Familiar Genesis<\/td><td class=\"nosepara centro\">1,64 \u20ac\/mes<\/td><td class=\"nosepara derecha\">\t\t\t\t\t\n\t\t\t\t\t\t<span class=\"\" style=\"cursor:pointer\" data-bs-toggle=\"modal\" data-bs-target=\"#comparadorModal\">Calcular<\/span>\t\t\t\t\n\t\t\t\t\t\n\t\t\t\t<\/td><\/tr><\/div><\/tbody><\/table><\/div><\/p>\n<p>No te preocupes, Genesis te lo pone f\u00e1cil. Con esta tabla comparativa vas a poder ver las distintas tarifas de cada p\u00f3liza que te ofrece esta empresa de seguros. Genesis te todo mucho m\u00e1s simple. No tienes de qu\u00e9 preocuparte, ellos se encargasen de todo, cubriendo el sepelio y todo cuanto este engloba a fin de que sus familiares puedan estar sosegados en ese duro instante de sus vidas. Tienes que tomar en consideraci\u00f3n que hoy pueda estar todo bien pero ma\u00f1ana no y t\u00fa eres el encargado de mudar eso. No pierdas el tiempo y contrata ya el seguro de decesos de Genesis.<br \/>\n<div class=\"colorf\"><div class=\"container clearfix\"><div class=\"col-md-7\"><\/p>\n<h3><span class=\"ez-toc-section\" id=\"%C2%BFCual_es_la_mejor_tarifa_de_seguros_de_Genesis\"><\/span>\u00bfCu\u00e1l es la mejor tarifa de seguros de Genesis ?<span class=\"ez-toc-section-end\"><\/span><\/h3>\n<p>No precisa nada m\u00e1s, con la propuesta de Genesis cubrir\u00e1 todas sus necesidades con un producto top. Las coberturas a\u00f1adidas m\u00e1s esenciales y m\u00e1s diferenciadoras del mercado las goza las distintas aseguradoras de forma particular las p\u00f3lizas de seguro de decesos que ofertamos en nuestro portfolio de seguro de defunci\u00f3n. Gracias a iDecesos todo este trabajo te va a ser m\u00e1s sencillo, pues nosotros te asistiremos a hallar lo que verdaderamente necesitas.<br \/>\n<\/div><\/div><\/div><\/p>\n<h3><span class=\"ez-toc-section\" id=\"%C2%BFPuede_aumentar_precio_mensual_de_los_seguros_de_Genesis\"><\/span>\u00bfPuede aumentar precio mensual de los seguros de Genesis ?<span class=\"ez-toc-section-end\"><\/span><\/h3>\n<p>Genesis te ofrece su seguro de decesos a fin de que no tengas que preocuparte por nada. A fin de que aumente el precio de tu p\u00f3liza si llega a ocurrir quedar\u00e1 recogida en el contrato por parte del seguro para que el asegurado lo tenga claro. No es habitual que haya una subida en el precio de su p\u00f3liza pero si es de este modo, la compa\u00f1\u00eda no tiene la obligaci\u00f3n de informarle. Genesis es de las compa\u00f1\u00edas de seguros que cuenta con unas cl\u00e1usulas muy espec\u00edficas con lo que no vas a tener ning\u00fan problema en ninguna ocasi\u00f3n.<br \/>\n<div class=\"colorf\"><div class=\"container clearfix\"><div class=\"col-md-7\"><\/p>\n<h3><span class=\"ez-toc-section\" id=\"%C2%BFEl_precio_de_seguros_de_decesos_Genesis_sube_con_la_edad\"><\/span>\u00bfEl precio de seguros de decesos Genesis sube con la edad?<span class=\"ez-toc-section-end\"><\/span><\/h3>\n<p>\u00bfEst\u00e1s en busca activa de qu\u00e9 garant\u00edas necesitas y precios para tu seguro de decesos? Genesis es tu soluci\u00f3n sin lugar a dudas, estar\u00e1s acertando de pleno si contratas tu seguro de decesos de prima \u00fanica pues es una compa\u00f1\u00edas de primer nivel, que responder\u00e1 con total solvencia en el momento del siniestro y encima es de las p\u00f3lizas m\u00e1s asequibles de Espa\u00f1a, esto no desea decir que su servicio de asistencia sea malo, sino la compa\u00f1\u00eda ha ce\u00f1ido al m\u00e1ximo sus costes de estructura para ser lo m\u00e1s competitivos posibles, no lo pienses m\u00e1s y contrata. Lo m\u00e1s probable que en un horizonte temporal cambien las primas en alza para estar apropiadamente asegurados nuestros clientes, esto se debe a la inflaci\u00f3n de los de los costos asociados al servicio de decesos en todos y cada municipio y resulta prioritario desarrollar esa subida de tarifa para que en el momento de la muerte los allegados no tengan que incurrir en un coste no contemplado para poder sepultar a su ser querido. Las garant\u00edas auxiliares son una parte clave y que afecta de manera directa al precio del recibo de la p\u00f3liza con la que contrate. Adem\u00e1s tiene total libertad de pagar la cuota de su p\u00f3liza de decesos fraccionando en las cuotas que le parezca m\u00e1s f\u00e1cil de asumir. Con Decesos miles de clientes se han favorecido del servicio gratuito de nuestro comparador y aconsejes altamente especializados a fin de que le ayuden a escoger el tipo de prima, cobertura, y precio que m\u00e1s se amolde a su perfil con las compa\u00f1\u00edas aseguradoras m\u00e1s innovadoras y s\u00f3lidas de Espa\u00f1a. Genesis le ofrece con sus profesionales y productos enormemente expertos en servicios f\u00fanebres una garant\u00eda total de que deposita su confianza en las manos adecuadas.<br \/>\n<\/div><\/div><\/div><\/p>\n<h3><span class=\"ez-toc-section\" id=\"Paginas_relacionadas\"><\/span>P\u00e1ginas relacionadas<span class=\"ez-toc-section-end\"><\/span><\/h3><div class=\"enlazado\"><ul> <li><a href=\"https:\/\/idecesos.com\/seguros\/companias\/genesis\/opiniones\/\">Opiniones Genesis<\/a><\/li> <li><a href=\"https:\/\/idecesos.com\/seguros\/companias\/genesis\/precio\/\">Precio seguro Genesis<\/a><\/li> <li><a href=\"https:\/\/idecesos.com\/seguros\/companias\/genesis\/prima-mixta\/\">Genesis Prima Mixta<\/a><\/li> <li><a href=\"https:\/\/idecesos.com\/seguros\/companias\/genesis\/prima-natural\/\">Genesis Prima Natural<\/a><\/li> <li><a href=\"https:\/\/idecesos.com\/seguros\/companias\/genesis\/prima-nivelada\/\">Genesis Prima Nivelada<\/a><\/li> <li><a href=\"https:\/\/idecesos.com\/seguros\/companias\/genesis\/prima-unica\/\">Genesis Prima \u00danica<\/a><\/li> <li><a href=\"https:\/\/idecesos.com\/seguros\/companias\/genesis\/repatriacion\/\">Genesis Repatriaci\u00f3n<\/a><\/li> <li><a href=\"https:\/\/idecesos.com\/seguros\/companias\/genesis\/telefono\/\">Tel\u00e9fono Gratuito Genesis<\/a><\/li><\/ul><\/div>\n","protected":false},"excerpt":{"rendered":"<p>La muerte es el \u00fanico lugar en el que no te puedes asistir a ti mismo. Estate apacible. Genesis se encargar\u00e1 de darte toda la tranquilidad que precisas a ti y a tus seres queridos para que todo est\u00e9 bajo control en el instante del \u00f3bito. Genesis cuenta con m\u00e1s de treinta mil asegurados que&hellip; <\/p>\n","protected":false},"author":1,"featured_media":17547,"parent":9519,"menu_order":0,"comment_status":"closed","ping_status":"closed","template":"single.php","meta":{"footnotes":""},"class_list":["post-17546","page","type-page","status-publish","has-post-thumbnail","hentry"],"yoast_head":"<!-- This site is optimized with the Yoast SEO plugin v27.5 - https:\/\/yoast.com\/product\/yoast-seo-wordpress\/ -->\n<title>Precio Seguro Decesos Genesis \u25b7DTO 25% I Oferta 2026<\/title>\n<meta name=\"description\" content=\"Calcular aqu\u00ed\u3010precio seguro de decesos Genesis\u3011Tarifas, oferta y descuento de seguro defunci\u00f3n Genesis 2026 \u2611\ufe0fiDecesos\u00ae N\u00ba1 en ahorro\" \/>\n<meta name=\"robots\" content=\"index, follow, max-snippet:-1, max-image-preview:large, max-video-preview:-1\" \/>\n<link rel=\"canonical\" href=\"https:\/\/idecesos.com\/seguros\/companias\/genesis\/precio\/\" \/>\n<meta property=\"og:locale\" content=\"es_ES\" \/>\n<meta property=\"og:type\" content=\"article\" \/>\n<meta property=\"og:title\" content=\"Precio Seguro Decesos Genesis \u25b7DTO 25% I Oferta 2026\" \/>\n<meta property=\"og:description\" content=\"Calcular aqu\u00ed\u3010precio seguro de decesos Genesis\u3011Tarifas, oferta y descuento de seguro defunci\u00f3n Genesis 2026 \u2611\ufe0fiDecesos\u00ae N\u00ba1 en ahorro\" \/>\n<meta property=\"og:url\" content=\"https:\/\/idecesos.com\/seguros\/companias\/genesis\/precio\/\" \/>\n<meta property=\"article:modified_time\" content=\"2022-03-10T12:46:25+00:00\" \/>\n<meta property=\"og:image\" content=\"https:\/\/idecesos.com\/seguros\/wp-content\/uploads\/2021\/12\/precio-2.jpg-115.jpeg\" \/>\n\t<meta property=\"og:image:width\" content=\"1500\" \/>\n\t<meta property=\"og:image:height\" content=\"559\" \/>\n\t<meta property=\"og:image:type\" content=\"image\/jpeg\" \/>\n<meta name=\"twitter:card\" content=\"summary_large_image\" \/>\n<meta name=\"twitter:label1\" content=\"Tiempo de lectura\" \/>\n\t<meta name=\"twitter:data1\" content=\"75 minutos\" \/>\n<script type=\"application\/ld+json\" class=\"yoast-schema-graph\">{\"@context\":\"https:\\\/\\\/schema.org\",\"@graph\":[{\"@type\":\"WebPage\",\"@id\":\"https:\\\/\\\/idecesos.com\\\/seguros\\\/companias\\\/genesis\\\/precio\\\/\",\"url\":\"https:\\\/\\\/idecesos.com\\\/seguros\\\/companias\\\/genesis\\\/precio\\\/\",\"name\":\"Precio Seguro Decesos Genesis \u25b7DTO 25% I Oferta 2026\",\"isPartOf\":{\"@id\":\"https:\\\/\\\/idecesos.com\\\/seguros\\\/#website\"},\"primaryImageOfPage\":{\"@id\":\"https:\\\/\\\/idecesos.com\\\/seguros\\\/companias\\\/genesis\\\/precio\\\/#primaryimage\"},\"image\":{\"@id\":\"https:\\\/\\\/idecesos.com\\\/seguros\\\/companias\\\/genesis\\\/precio\\\/#primaryimage\"},\"thumbnailUrl\":\"https:\\\/\\\/idecesos.com\\\/seguros\\\/wp-content\\\/uploads\\\/2021\\\/12\\\/precio-2.jpg-115.jpeg\",\"datePublished\":\"2021-12-15T16:04:07+00:00\",\"dateModified\":\"2022-03-10T12:46:25+00:00\",\"description\":\"Calcular aqu\u00ed\u3010precio seguro de decesos Genesis\u3011Tarifas, oferta y descuento de seguro defunci\u00f3n Genesis 2026 \u2611\ufe0fiDecesos\u00ae N\u00ba1 en ahorro\",\"breadcrumb\":{\"@id\":\"https:\\\/\\\/idecesos.com\\\/seguros\\\/companias\\\/genesis\\\/precio\\\/#breadcrumb\"},\"inLanguage\":\"es\",\"potentialAction\":[{\"@type\":\"ReadAction\",\"target\":[\"https:\\\/\\\/idecesos.com\\\/seguros\\\/companias\\\/genesis\\\/precio\\\/\"]}]},{\"@type\":\"ImageObject\",\"inLanguage\":\"es\",\"@id\":\"https:\\\/\\\/idecesos.com\\\/seguros\\\/companias\\\/genesis\\\/precio\\\/#primaryimage\",\"url\":\"https:\\\/\\\/idecesos.com\\\/seguros\\\/wp-content\\\/uploads\\\/2021\\\/12\\\/precio-2.jpg-115.jpeg\",\"contentUrl\":\"https:\\\/\\\/idecesos.com\\\/seguros\\\/wp-content\\\/uploads\\\/2021\\\/12\\\/precio-2.jpg-115.jpeg\",\"width\":1500,\"height\":559,\"caption\":\"Precio Genesis\"},{\"@type\":\"BreadcrumbList\",\"@id\":\"https:\\\/\\\/idecesos.com\\\/seguros\\\/companias\\\/genesis\\\/precio\\\/#breadcrumb\",\"itemListElement\":[{\"@type\":\"ListItem\",\"position\":1,\"name\":\"Portada\",\"item\":\"https:\\\/\\\/idecesos.com\\\/seguros\\\/\"},{\"@type\":\"ListItem\",\"position\":2,\"name\":\"Compa\u00f1\u00edas de Seguros de Decesos en Espa\u00f1a\",\"item\":\"https:\\\/\\\/idecesos.com\\\/seguros\\\/companias\\\/\"},{\"@type\":\"ListItem\",\"position\":3,\"name\":\"Seguro de decesos G\u00e9nesis\",\"item\":\"https:\\\/\\\/idecesos.com\\\/seguros\\\/companias\\\/genesis\\\/\"},{\"@type\":\"ListItem\",\"position\":4,\"name\":\"\u00bfCu\u00e1nto cuesta el seguro de decesos Genesis?\"}]},{\"@type\":\"WebSite\",\"@id\":\"https:\\\/\\\/idecesos.com\\\/seguros\\\/#website\",\"url\":\"https:\\\/\\\/idecesos.com\\\/seguros\\\/\",\"name\":\"\",\"description\":\"\",\"potentialAction\":[{\"@type\":\"SearchAction\",\"target\":{\"@type\":\"EntryPoint\",\"urlTemplate\":\"https:\\\/\\\/idecesos.com\\\/seguros\\\/?s={search_term_string}\"},\"query-input\":{\"@type\":\"PropertyValueSpecification\",\"valueRequired\":true,\"valueName\":\"search_term_string\"}}],\"inLanguage\":\"es\"}]}<\/script>\n<!-- \/ Yoast SEO plugin. -->","yoast_head_json":{"title":"Precio Seguro Decesos Genesis \u25b7DTO 25% I Oferta 2026","description":"Calcular aqu\u00ed\u3010precio seguro de decesos Genesis\u3011Tarifas, oferta y descuento de seguro defunci\u00f3n Genesis 2026 \u2611\ufe0fiDecesos\u00ae N\u00ba1 en ahorro","robots":{"index":"index","follow":"follow","max-snippet":"max-snippet:-1","max-image-preview":"max-image-preview:large","max-video-preview":"max-video-preview:-1"},"canonical":"https:\/\/idecesos.com\/seguros\/companias\/genesis\/precio\/","og_locale":"es_ES","og_type":"article","og_title":"Precio Seguro Decesos Genesis \u25b7DTO 25% I Oferta 2026","og_description":"Calcular aqu\u00ed\u3010precio seguro de decesos Genesis\u3011Tarifas, oferta y descuento de seguro defunci\u00f3n Genesis 2026 \u2611\ufe0fiDecesos\u00ae N\u00ba1 en ahorro","og_url":"https:\/\/idecesos.com\/seguros\/companias\/genesis\/precio\/","article_modified_time":"2022-03-10T12:46:25+00:00","og_image":[{"width":1500,"height":559,"url":"https:\/\/idecesos.com\/seguros\/wp-content\/uploads\/2021\/12\/precio-2.jpg-115.jpeg","type":"image\/jpeg"}],"twitter_card":"summary_large_image","twitter_misc":{"Tiempo de lectura":"75 minutos"},"schema":{"@context":"https:\/\/schema.org","@graph":[{"@type":"WebPage","@id":"https:\/\/idecesos.com\/seguros\/companias\/genesis\/precio\/","url":"https:\/\/idecesos.com\/seguros\/companias\/genesis\/precio\/","name":"Precio Seguro Decesos Genesis \u25b7DTO 25% I Oferta 2026","isPartOf":{"@id":"https:\/\/idecesos.com\/seguros\/#website"},"primaryImageOfPage":{"@id":"https:\/\/idecesos.com\/seguros\/companias\/genesis\/precio\/#primaryimage"},"image":{"@id":"https:\/\/idecesos.com\/seguros\/companias\/genesis\/precio\/#primaryimage"},"thumbnailUrl":"https:\/\/idecesos.com\/seguros\/wp-content\/uploads\/2021\/12\/precio-2.jpg-115.jpeg","datePublished":"2021-12-15T16:04:07+00:00","dateModified":"2022-03-10T12:46:25+00:00","description":"Calcular aqu\u00ed\u3010precio seguro de decesos Genesis\u3011Tarifas, oferta y descuento de seguro defunci\u00f3n Genesis 2026 \u2611\ufe0fiDecesos\u00ae N\u00ba1 en ahorro","breadcrumb":{"@id":"https:\/\/idecesos.com\/seguros\/companias\/genesis\/precio\/#breadcrumb"},"inLanguage":"es","potentialAction":[{"@type":"ReadAction","target":["https:\/\/idecesos.com\/seguros\/companias\/genesis\/precio\/"]}]},{"@type":"ImageObject","inLanguage":"es","@id":"https:\/\/idecesos.com\/seguros\/companias\/genesis\/precio\/#primaryimage","url":"https:\/\/idecesos.com\/seguros\/wp-content\/uploads\/2021\/12\/precio-2.jpg-115.jpeg","contentUrl":"https:\/\/idecesos.com\/seguros\/wp-content\/uploads\/2021\/12\/precio-2.jpg-115.jpeg","width":1500,"height":559,"caption":"Precio Genesis"},{"@type":"BreadcrumbList","@id":"https:\/\/idecesos.com\/seguros\/companias\/genesis\/precio\/#breadcrumb","itemListElement":[{"@type":"ListItem","position":1,"name":"Portada","item":"https:\/\/idecesos.com\/seguros\/"},{"@type":"ListItem","position":2,"name":"Compa\u00f1\u00edas de Seguros de Decesos en Espa\u00f1a","item":"https:\/\/idecesos.com\/seguros\/companias\/"},{"@type":"ListItem","position":3,"name":"Seguro de decesos G\u00e9nesis","item":"https:\/\/idecesos.com\/seguros\/companias\/genesis\/"},{"@type":"ListItem","position":4,"name":"\u00bfCu\u00e1nto cuesta el seguro de decesos Genesis?"}]},{"@type":"WebSite","@id":"https:\/\/idecesos.com\/seguros\/#website","url":"https:\/\/idecesos.com\/seguros\/","name":"","description":"","potentialAction":[{"@type":"SearchAction","target":{"@type":"EntryPoint","urlTemplate":"https:\/\/idecesos.com\/seguros\/?s={search_term_string}"},"query-input":{"@type":"PropertyValueSpecification","valueRequired":true,"valueName":"search_term_string"}}],"inLanguage":"es"}]}},"_links":{"self":[{"href":"https:\/\/idecesos.com\/seguros\/wp-json\/wp\/v2\/pages\/17546","targetHints":{"allow":["GET"]}}],"collection":[{"href":"https:\/\/idecesos.com\/seguros\/wp-json\/wp\/v2\/pages"}],"about":[{"href":"https:\/\/idecesos.com\/seguros\/wp-json\/wp\/v2\/types\/page"}],"author":[{"embeddable":true,"href":"https:\/\/idecesos.com\/seguros\/wp-json\/wp\/v2\/users\/1"}],"replies":[{"embeddable":true,"href":"https:\/\/idecesos.com\/seguros\/wp-json\/wp\/v2\/comments?post=17546"}],"version-history":[{"count":3,"href":"https:\/\/idecesos.com\/seguros\/wp-json\/wp\/v2\/pages\/17546\/revisions"}],"predecessor-version":[{"id":20200,"href":"https:\/\/idecesos.com\/seguros\/wp-json\/wp\/v2\/pages\/17546\/revisions\/20200"}],"up":[{"embeddable":true,"href":"https:\/\/idecesos.com\/seguros\/wp-json\/wp\/v2\/pages\/9519"}],"wp:featuredmedia":[{"embeddable":true,"href":"https:\/\/idecesos.com\/seguros\/wp-json\/wp\/v2\/media\/17547"}],"wp:attachment":[{"href":"https:\/\/idecesos.com\/seguros\/wp-json\/wp\/v2\/media?parent=17546"}],"curies":[{"name":"wp","href":"https:\/\/api.w.org\/{rel}","templated":true}]}}