{"id":17548,"date":"2021-12-15T16:04:08","date_gmt":"2021-12-15T16:04:08","guid":{"rendered":"https:\/\/idecesos.com\/seguros\/companias\/prevision-mallorquina\/precio\/"},"modified":"2021-12-15T16:04:08","modified_gmt":"2021-12-15T16:04:08","slug":"precio","status":"publish","type":"page","link":"https:\/\/idecesos.com\/seguros\/companias\/prevision-mallorquina\/precio\/","title":{"rendered":"\u00bfCu\u00e1nto cuesta el seguro de decesos Previsi\u00f3n Mallorquina?"},"content":{"rendered":"<div id=\"ez-toc-container\" class=\"ez-toc-v2_0_82_2 ez-toc-wrap-center counter-hierarchy ez-toc-counter ez-toc-custom ez-toc-container-direction\">\n<div class=\"ez-toc-title-container\">\n<p class=\"ez-toc-title\" style=\"cursor:inherit\">Tabla de Contenido<\/p>\n<span class=\"ez-toc-title-toggle\"><a href=\"#\" class=\"ez-toc-pull-right ez-toc-btn ez-toc-btn-xs ez-toc-btn-default ez-toc-toggle\" aria-label=\"Alternar tabla de contenidos\"><span class=\"ez-toc-js-icon-con\"><span class=\"\"><span class=\"eztoc-hide\" style=\"display:none;\">Toggle<\/span><span class=\"ez-toc-icon-toggle-span\"><svg style=\"fill: #db6415;color:#db6415\" xmlns=\"http:\/\/www.w3.org\/2000\/svg\" class=\"list-377408\" width=\"20px\" height=\"20px\" viewBox=\"0 0 24 24\" fill=\"none\"><path d=\"M6 6H4v2h2V6zm14 0H8v2h12V6zM4 11h2v2H4v-2zm16 0H8v2h12v-2zM4 16h2v2H4v-2zm16 0H8v2h12v-2z\" fill=\"currentColor\"><\/path><\/svg><svg style=\"fill: #db6415;color:#db6415\" class=\"arrow-unsorted-368013\" xmlns=\"http:\/\/www.w3.org\/2000\/svg\" width=\"10px\" height=\"10px\" viewBox=\"0 0 24 24\" version=\"1.2\" baseProfile=\"tiny\"><path d=\"M18.2 9.3l-6.2-6.3-6.2 6.3c-.2.2-.3.4-.3.7s.1.5.3.7c.2.2.4.3.7.3h11c.3 0 .5-.1.7-.3.2-.2.3-.5.3-.7s-.1-.5-.3-.7zM5.8 14.7l6.2 6.3 6.2-6.3c.2-.2.3-.5.3-.7s-.1-.5-.3-.7c-.2-.2-.4-.3-.7-.3h-11c-.3 0-.5.1-.7.3-.2.2-.3.5-.3.7s.1.5.3.7z\"\/><\/svg><\/span><\/span><\/span><\/a><\/span><\/div>\n<nav><ul class='ez-toc-list ez-toc-list-level-1 ' ><li class='ez-toc-page-1 ez-toc-heading-level-2'><a class=\"ez-toc-link ez-toc-heading-1\" href=\"https:\/\/idecesos.com\/seguros\/companias\/prevision-mallorquina\/precio\/#Calcular_precio_seguro_de_decesos_Prevision_Mallorquina\" >Calcular precio seguro de decesos Previsi\u00f3n Mallorquina<\/a><\/li><li class='ez-toc-page-1 ez-toc-heading-level-2'><a class=\"ez-toc-link ez-toc-heading-2\" href=\"https:\/\/idecesos.com\/seguros\/companias\/prevision-mallorquina\/precio\/#Tabla_comparativa_de_precios_Prevision_Mallorquina\" >Tabla comparativa de precios Previsi\u00f3n Mallorquina<\/a><ul class='ez-toc-list-level-3' ><li class='ez-toc-heading-level-3'><a class=\"ez-toc-link ez-toc-heading-3\" href=\"https:\/\/idecesos.com\/seguros\/companias\/prevision-mallorquina\/precio\/#%C2%BFCual_es_la_mejor_tarifa_de_seguros_de_Prevision_Mallorquina\" >\u00bfCu\u00e1l es la mejor tarifa de seguros de Previsi\u00f3n Mallorquina ?<\/a><\/li><li class='ez-toc-page-1 ez-toc-heading-level-3'><a class=\"ez-toc-link ez-toc-heading-4\" href=\"https:\/\/idecesos.com\/seguros\/companias\/prevision-mallorquina\/precio\/#%C2%BFPuede_aumentar_precio_mensual_de_los_seguros_de_Prevision_Mallorquina\" >\u00bfPuede aumentar precio mensual de los seguros de Previsi\u00f3n Mallorquina ?<\/a><\/li><li class='ez-toc-page-1 ez-toc-heading-level-3'><a class=\"ez-toc-link ez-toc-heading-5\" href=\"https:\/\/idecesos.com\/seguros\/companias\/prevision-mallorquina\/precio\/#%C2%BFEl_precio_de_seguros_de_decesos_Prevision_Mallorquina_sube_con_la_edad\" >\u00bfEl precio de seguros de decesos Previsi\u00f3n Mallorquina sube con la edad?<\/a><\/li><\/ul><\/li><\/ul><\/nav><\/div>\n<p><br \/>\nEl sector de los seguros de decesos es ampl\u00edsimo. Existen muchas empresas aseguradoras, coberturas y precios diferentes entre los que optar. Ya antes de seleccionar un seguro, es mejor estar informado de los diferentes productos y compa\u00f1\u00edas que hay en el mercado para ver qu\u00e9 tarifas se amoldan mejor a tus necesidades. iDecesos te ofrece todas las comodidades a fin de que el proceso de elecci\u00f3n de su seguro de decesos sea m\u00e1s simple. A continuaci\u00f3n le mostraremos los precios y las diferentes modalidades de primas que existen en Previsi\u00f3n Mallorquina a fin de que pueda ver qu\u00e9 coberturas y precios son los que m\u00e1s se amoldan a lo que buscas. <\/p>\n<div class=\"colorf\"><div class=\"container clearfix\"><div class=\"col-md-7\">\n<h2><span class=\"ez-toc-section\" id=\"Calcular_precio_seguro_de_decesos_Prevision_Mallorquina\"><\/span>Calcular precio seguro de decesos Previsi\u00f3n Mallorquina<span class=\"ez-toc-section-end\"><\/span><\/h2>\n<p>Calcular el precio de su seguro de decesos es muy f\u00e1cil gracias a los servicios de iDecesos. Solo debes rellenar los campos que te solicitamos y nosotros nos encargaremos de filtrar los mejores resultados. Son muchos los beneficios que tiene contratar una p\u00f3liza de decesos de Previsi\u00f3n Mallorquina. <\/p>\n<p>En primer lugar la tranquilidad que te ofrece a ti y a tu familia. Su profesionalidad, es otro de las ventajas. No se preocupe, Previsi\u00f3n Mallorquina le va a facilitar todos los tr\u00e1mites y estar\u00e1n a su lado en ese duro instante que es la p\u00e9rdida de un ser querido.<br \/>\n<\/div><\/div><\/div><\/p>\n<h2><span class=\"ez-toc-section\" id=\"Tabla_comparativa_de_precios_Prevision_Mallorquina\"><\/span>Tabla comparativa de precios Previsi\u00f3n Mallorquina<span class=\"ez-toc-section-end\"><\/span><\/h2>\n<p><div class=\"cabecera_tabla_precio\"><table class=\"table table-striped\"><thead><tr><th class=\"nosepara centrado\">Tipo<\/th><th class=\"nosepara centrado nojustificado\">Precio Desde<\/th><th class=\"nosepara dcha\"><\/th><\/tr><\/thead><tbody><br \/>\n<tr class=\"fila_tabla_precio\"><td class=\"nosepara izq\">Precio Seguro Decesos Previsi\u00f3n Mallorquina<\/td><td class=\"nosepara centro\">1,41 \u20ac\/mes<\/td><td class=\"nosepara derecha\">\t\t\t\t\t\n\t\t\t\t\t\t<span class=\"\" style=\"cursor:pointer\" data-bs-toggle=\"modal\" data-bs-target=\"#comparadorModal\">Calcular<\/span>\t\t\t\t\n\t\t\t\t\t\n\t\t\t\t<\/td><\/tr><\/div><br \/>\n<tr class=\"fila_tabla_precio\"><td class=\"nosepara izq\">Precio Prima \u00danica Previsi\u00f3n Mallorquina<\/td><td class=\"nosepara centro\">2325 \u20ac<\/td><td class=\"nosepara derecha\">\t\t\t\t\t\n\t\t\t\t\t\t<span class=\"\" style=\"cursor:pointer\" data-bs-toggle=\"modal\" data-bs-target=\"#comparadorModal\">Calcular<\/span>\t\t\t\t\n\t\t\t\t\t\n\t\t\t\t<\/td><\/tr><\/div><br \/>\n<tr class=\"fila_tabla_precio\"><td class=\"nosepara izq\">Precio Prima Natural Previsi\u00f3n Mallorquina<\/td><td class=\"nosepara centro\">1,34 \u20ac\/mes<\/td><td class=\"nosepara derecha\">\t\t\t\t\t\n\t\t\t\t\t\t<span class=\"\" style=\"cursor:pointer\" data-bs-toggle=\"modal\" data-bs-target=\"#comparadorModal\">Calcular<\/span>\t\t\t\t\n\t\t\t\t\t\n\t\t\t\t<\/td><\/tr><\/div><br \/>\n<tr class=\"fila_tabla_precio\"><td class=\"nosepara izq\">Precio Prima Nivelada Previsi\u00f3n Mallorquina<\/td><td class=\"nosepara centro\">1,48 \u20ac\/mes<\/td><td class=\"nosepara derecha\">\t\t\t\t\t\n\t\t\t\t\t\t<span class=\"\" style=\"cursor:pointer\" data-bs-toggle=\"modal\" data-bs-target=\"#comparadorModal\">Calcular<\/span>\t\t\t\t\n\t\t\t\t\t\n\t\t\t\t<\/td><\/tr><\/div><br \/>\n<tr class=\"fila_tabla_precio\"><td class=\"nosepara izq\">Precio Prima Mixta Previsi\u00f3n Mallorquina<\/td><td class=\"nosepara centro\">1,43 \u20ac\/mes<\/td><td class=\"nosepara derecha\">\t\t\t\t\t\n\t\t\t\t\t\t<span class=\"\" style=\"cursor:pointer\" data-bs-toggle=\"modal\" data-bs-target=\"#comparadorModal\">Calcular<\/span>\t\t\t\t\n\t\t\t\t\t\n\t\t\t\t<\/td><\/tr><\/div><br \/>\n<tr class=\"fila_tabla_precio\"><td class=\"nosepara izq\">Precio Prima Seminatural Previsi\u00f3n Mallorquina<\/td><td class=\"nosepara centro\">1,40 \u20ac\/mes<\/td><td class=\"nosepara derecha\">\t\t\t\t\t\n\t\t\t\t\t\t<span class=\"\" style=\"cursor:pointer\" data-bs-toggle=\"modal\" data-bs-target=\"#comparadorModal\">Calcular<\/span>\t\t\t\t\n\t\t\t\t\t\n\t\t\t\t<\/td><\/tr><\/div><br \/>\n<tr class=\"fila_tabla_precio\"><td class=\"nosepara izq\">Precio con Repatriaci\u00f3n Previsi\u00f3n Mallorquina<\/td><td class=\"nosepara centro\">0,92 \u20ac a la cuota<\/td><td class=\"nosepara derecha\">\t\t\t\t\t\n\t\t\t\t\t\t<span class=\"\" style=\"cursor:pointer\" data-bs-toggle=\"modal\" data-bs-target=\"#comparadorModal\">Calcular<\/span>\t\t\t\t\n\t\t\t\t\t\n\t\t\t\t<\/td><\/tr><\/div><br \/>\n<tr class=\"fila_tabla_precio\"><td class=\"nosepara izq\">Precio Seguro Defunci\u00f3n Previsi\u00f3n Mallorquina<\/td><td class=\"nosepara centro\">1,52 \u20ac\/mes<\/td><td class=\"nosepara derecha\">\t\t\t\t\t\n\t\t\t\t\t\t<span class=\"\" style=\"cursor:pointer\" data-bs-toggle=\"modal\" data-bs-target=\"#comparadorModal\">Calcular<\/span>\t\t\t\t\n\t\t\t\t\t\n\t\t\t\t<\/td><\/tr><\/div><br \/>\n<tr class=\"fila_tabla_precio\"><td class=\"nosepara izq\">Precio Seguro Fallecimiento Previsi\u00f3n Mallorquina<\/td><td class=\"nosepara centro\">1,52 \u20ac\/mes<\/td><td class=\"nosepara derecha\">\t\t\t\t\t\n\t\t\t\t\t\t<span class=\"\" style=\"cursor:pointer\" data-bs-toggle=\"modal\" data-bs-target=\"#comparadorModal\">Calcular<\/span>\t\t\t\t\n\t\t\t\t\t\n\t\t\t\t<\/td><\/tr><\/div><br \/>\n<tr class=\"fila_tabla_precio\"><td class=\"nosepara izq\">Precio Seguro Muertos Previsi\u00f3n Mallorquina<\/td><td class=\"nosepara centro\">1,59 \u20ac\/mes<\/td><td class=\"nosepara derecha\">\t\t\t\t\t\n\t\t\t\t\t\t<span class=\"\" style=\"cursor:pointer\" data-bs-toggle=\"modal\" data-bs-target=\"#comparadorModal\">Calcular<\/span>\t\t\t\t\n\t\t\t\t\t\n\t\t\t\t<\/td><\/tr><\/div><br \/>\n<tr class=\"fila_tabla_precio\"><td class=\"nosepara izq\">Precio Asistencia Familiar Previsi\u00f3n Mallorquina<\/td><td class=\"nosepara centro\">1,64 \u20ac\/mes<\/td><td class=\"nosepara derecha\">\t\t\t\t\t\n\t\t\t\t\t\t<span class=\"\" style=\"cursor:pointer\" data-bs-toggle=\"modal\" data-bs-target=\"#comparadorModal\">Calcular<\/span>\t\t\t\t\n\t\t\t\t\t\n\t\t\t\t<\/td><\/tr><\/div><br \/>\n<\/tbody><\/table><\/div><\/p>\n<p>Queremos facilitarte este proceso que algunas veces acostumbra a ser un poco engorroso, ahora podr\u00e1s ver detalladamente el precio estimado cada uno de ellos de las siguientes p\u00f3lizas que cuenta Previsi\u00f3n Mallorquina. No solo asegura el cubrimiento del sepelio al completo, asegura a sus clientes las mejores coberturas que podr\u00e1 localizar en todo el mercado espa\u00f1ol. Merced a nuestros servicios podr\u00e1 vivir sosegado pensado que todo est\u00e1 en buenas manos y que su familia estar\u00e1 asesorada por de las mejores empresas de seguros de decesos. Ahora te podr\u00e1s olvidar de todo y vivir apacible sabiendo que tienes a la mejor p\u00f3liza detr\u00e1s. Adem\u00e1s de esto, sus seres queridos no se tendr\u00e1n que preocupar por nada. Previsi\u00f3n Mallorquina es la empresa aseguradora perfecta para que puedas estar sosegado. Adem\u00e1s sus diferentes coberturas se adaptar\u00e1n a tus necesidades con un servicio genial.<br \/>\n<div class=\"colorf\"><div class=\"container clearfix\"><div class=\"col-md-7\"><\/p>\n<h3><span class=\"ez-toc-section\" id=\"%C2%BFCual_es_la_mejor_tarifa_de_seguros_de_Prevision_Mallorquina\"><\/span>\u00bfCu\u00e1l es la mejor tarifa de seguros de Previsi\u00f3n Mallorquina ?<span class=\"ez-toc-section-end\"><\/span><\/h3>\n<p>Previsi\u00f3n Mallorquina resalta por su gran pluralidad de p\u00f3lizas y coberturas pudiendo adaptar las que mejor necesite y crea usted conveniente a su seguro. Adem\u00e1s, Previsi\u00f3n Mallorquina cuenta con diferentes modalidades de seguro que se adaptan a todo cuanto  est\u00e1 buscando. Previsi\u00f3n Mallorquina te ofrecer\u00e1 siempre sus mejores servicios y precios teniendo en cuenta su edad. Adem\u00e1s de esto podr\u00e1 contar con numerosas ofertas o bien descuentos en todos y cada uno de sus precios que le brinda. En la tabla de arriba podr\u00e1s localizar todos y cada uno de los detalles de los diferentes precios de cada una de las primas que le ofrecen. Te aconsejamos absolutamente sin coste sin complicaciones.<br \/>\n<\/div><\/div><\/div><\/p>\n<h3><span class=\"ez-toc-section\" id=\"%C2%BFPuede_aumentar_precio_mensual_de_los_seguros_de_Prevision_Mallorquina\"><\/span>\u00bfPuede aumentar precio mensual de los seguros de Previsi\u00f3n Mallorquina ?<span class=\"ez-toc-section-end\"><\/span><\/h3>\n<p>Hay cosas que merece la pena hacer antes que ocurra algo inopinado, por este motivo es esencial realizar un seguro de decesos con Previsi\u00f3n Mallorquina. Si hay un incremento del precio de su p\u00f3liza no tiene por qu\u00e9 preocuparse, todo quedar\u00e1 recogido en el contrato del asegurado. No es habitual que haya una subida en el precio de su p\u00f3liza mas si es de esta forma, la compa\u00f1\u00eda no est\u00e1 obligada a avisarle. Puedes estar apacible, Previsi\u00f3n Mallorquina cuenta con unas cl\u00e1usulas muy concretas a fin de que no tengas ning\u00fan g\u00e9nero de problema en el futuro.<br \/>\n<div class=\"colorf\"><div class=\"container clearfix\"><div class=\"col-md-7\"><\/p>\n<h3><span class=\"ez-toc-section\" id=\"%C2%BFEl_precio_de_seguros_de_decesos_Prevision_Mallorquina_sube_con_la_edad\"><\/span>\u00bfEl precio de seguros de decesos Previsi\u00f3n Mallorquina sube con la edad?<span class=\"ez-toc-section-end\"><\/span><\/h3>\n<p>Vive apacible, Previsi\u00f3n Mallorquina no va a subir el precio de su tarifa con la edad del asegurado. Aunque el incremento de su p\u00f3liza puede causarse, no tiene porqu\u00e9 preocuparse, es realmente dif\u00edcil que esto ocurra con lo que puede estar tranquilo. En tanto que en el instante de que se realiza una p\u00f3liza lo primero que se hace es en referencia a la edad de la persona asegurada. Las diferentes modalidades de prima con las que cuenta Previsi\u00f3n Mallorquina son prima nivelada, prima natural, mixta, semi natural y \u00fanica. Debe tener en cuenta que realizar un contrato de seguro de decesos no cuenta con una edad limitada. No tengas dudas, ha llegado el instante de contratar tu seguro de decesos con Previsi\u00f3n Mallorquina.<br \/>\n<\/div><\/div><\/div><\/p>\n","protected":false},"excerpt":{"rendered":"<p>El sector de los seguros de decesos es ampl\u00edsimo. Existen muchas empresas aseguradoras, coberturas y precios diferentes entre los que optar. Ya antes de seleccionar un seguro, es mejor estar informado de los diferentes productos y compa\u00f1\u00edas que hay en el mercado para ver qu\u00e9 tarifas se amoldan mejor a tus necesidades. iDecesos te ofrece&hellip; <\/p>\n","protected":false},"author":0,"featured_media":17549,"parent":9564,"menu_order":0,"comment_status":"closed","ping_status":"closed","template":"single.php","meta":{"footnotes":""},"class_list":["post-17548","page","type-page","status-publish","has-post-thumbnail","hentry"],"yoast_head":"<!-- This site is optimized with the Yoast SEO plugin v27.5 - https:\/\/yoast.com\/product\/yoast-seo-wordpress\/ -->\n<title>Precio Seguro Decesos Previsi\u00f3n Mallorquina \u25b7DTO 25% I Oferta 2026<\/title>\n<meta name=\"description\" content=\"Calcular aqu\u00ed\u3010precio seguro de decesos Previsi\u00f3n Mallorquina\u3011Tarifas, oferta y descuento de seguro defunci\u00f3n Previsi\u00f3n Mallorquina 2026 \u2611\ufe0fiDecesos\u00ae N\u00ba1 en ahorro\" \/>\n<meta name=\"robots\" content=\"index, follow, max-snippet:-1, max-image-preview:large, max-video-preview:-1\" \/>\n<link rel=\"canonical\" href=\"https:\/\/idecesos.com\/seguros\/companias\/prevision-mallorquina\/precio\/\" \/>\n<meta property=\"og:locale\" content=\"es_ES\" \/>\n<meta property=\"og:type\" content=\"article\" \/>\n<meta property=\"og:title\" content=\"Precio Seguro Decesos Previsi\u00f3n Mallorquina \u25b7DTO 25% I Oferta 2026\" \/>\n<meta property=\"og:description\" content=\"Calcular aqu\u00ed\u3010precio seguro de decesos Previsi\u00f3n Mallorquina\u3011Tarifas, oferta y descuento de seguro defunci\u00f3n Previsi\u00f3n Mallorquina 2026 \u2611\ufe0fiDecesos\u00ae N\u00ba1 en ahorro\" \/>\n<meta property=\"og:url\" content=\"https:\/\/idecesos.com\/seguros\/companias\/prevision-mallorquina\/precio\/\" \/>\n<meta property=\"og:image\" content=\"https:\/\/idecesos.com\/seguros\/wp-content\/uploads\/2021\/12\/precio-2.jpg-116.jpeg\" \/>\n\t<meta property=\"og:image:width\" content=\"1500\" \/>\n\t<meta property=\"og:image:height\" content=\"559\" \/>\n\t<meta property=\"og:image:type\" content=\"image\/jpeg\" \/>\n<meta name=\"twitter:card\" content=\"summary_large_image\" \/>\n<meta name=\"twitter:label1\" content=\"Tiempo de lectura\" \/>\n\t<meta name=\"twitter:data1\" content=\"75 minutos\" \/>\n<script type=\"application\/ld+json\" class=\"yoast-schema-graph\">{\"@context\":\"https:\\\/\\\/schema.org\",\"@graph\":[{\"@type\":\"WebPage\",\"@id\":\"https:\\\/\\\/idecesos.com\\\/seguros\\\/companias\\\/prevision-mallorquina\\\/precio\\\/\",\"url\":\"https:\\\/\\\/idecesos.com\\\/seguros\\\/companias\\\/prevision-mallorquina\\\/precio\\\/\",\"name\":\"Precio Seguro Decesos Previsi\u00f3n Mallorquina \u25b7DTO 25% I Oferta 2026\",\"isPartOf\":{\"@id\":\"https:\\\/\\\/idecesos.com\\\/seguros\\\/#website\"},\"primaryImageOfPage\":{\"@id\":\"https:\\\/\\\/idecesos.com\\\/seguros\\\/companias\\\/prevision-mallorquina\\\/precio\\\/#primaryimage\"},\"image\":{\"@id\":\"https:\\\/\\\/idecesos.com\\\/seguros\\\/companias\\\/prevision-mallorquina\\\/precio\\\/#primaryimage\"},\"thumbnailUrl\":\"https:\\\/\\\/idecesos.com\\\/seguros\\\/wp-content\\\/uploads\\\/2021\\\/12\\\/precio-2.jpg-116.jpeg\",\"datePublished\":\"2021-12-15T16:04:08+00:00\",\"description\":\"Calcular aqu\u00ed\u3010precio seguro de decesos Previsi\u00f3n Mallorquina\u3011Tarifas, oferta y descuento de seguro defunci\u00f3n Previsi\u00f3n Mallorquina 2026 \u2611\ufe0fiDecesos\u00ae N\u00ba1 en ahorro\",\"breadcrumb\":{\"@id\":\"https:\\\/\\\/idecesos.com\\\/seguros\\\/companias\\\/prevision-mallorquina\\\/precio\\\/#breadcrumb\"},\"inLanguage\":\"es\",\"potentialAction\":[{\"@type\":\"ReadAction\",\"target\":[\"https:\\\/\\\/idecesos.com\\\/seguros\\\/companias\\\/prevision-mallorquina\\\/precio\\\/\"]}]},{\"@type\":\"ImageObject\",\"inLanguage\":\"es\",\"@id\":\"https:\\\/\\\/idecesos.com\\\/seguros\\\/companias\\\/prevision-mallorquina\\\/precio\\\/#primaryimage\",\"url\":\"https:\\\/\\\/idecesos.com\\\/seguros\\\/wp-content\\\/uploads\\\/2021\\\/12\\\/precio-2.jpg-116.jpeg\",\"contentUrl\":\"https:\\\/\\\/idecesos.com\\\/seguros\\\/wp-content\\\/uploads\\\/2021\\\/12\\\/precio-2.jpg-116.jpeg\",\"width\":1500,\"height\":559,\"caption\":\"Precio Previsi\u00f3n Mallorquina\"},{\"@type\":\"BreadcrumbList\",\"@id\":\"https:\\\/\\\/idecesos.com\\\/seguros\\\/companias\\\/prevision-mallorquina\\\/precio\\\/#breadcrumb\",\"itemListElement\":[{\"@type\":\"ListItem\",\"position\":1,\"name\":\"Portada\",\"item\":\"https:\\\/\\\/idecesos.com\\\/seguros\\\/\"},{\"@type\":\"ListItem\",\"position\":2,\"name\":\"Compa\u00f1\u00edas de Seguros de Decesos en Espa\u00f1a\",\"item\":\"https:\\\/\\\/idecesos.com\\\/seguros\\\/companias\\\/\"},{\"@type\":\"ListItem\",\"position\":3,\"name\":\"Seguro de decesos Previsi\u00f3n Mallorquina\",\"item\":\"https:\\\/\\\/idecesos.com\\\/seguros\\\/companias\\\/prevision-mallorquina\\\/\"},{\"@type\":\"ListItem\",\"position\":4,\"name\":\"\u00bfCu\u00e1nto cuesta el seguro de decesos Previsi\u00f3n Mallorquina?\"}]},{\"@type\":\"WebSite\",\"@id\":\"https:\\\/\\\/idecesos.com\\\/seguros\\\/#website\",\"url\":\"https:\\\/\\\/idecesos.com\\\/seguros\\\/\",\"name\":\"\",\"description\":\"\",\"potentialAction\":[{\"@type\":\"SearchAction\",\"target\":{\"@type\":\"EntryPoint\",\"urlTemplate\":\"https:\\\/\\\/idecesos.com\\\/seguros\\\/?s={search_term_string}\"},\"query-input\":{\"@type\":\"PropertyValueSpecification\",\"valueRequired\":true,\"valueName\":\"search_term_string\"}}],\"inLanguage\":\"es\"}]}<\/script>\n<!-- \/ Yoast SEO plugin. -->","yoast_head_json":{"title":"Precio Seguro Decesos Previsi\u00f3n Mallorquina \u25b7DTO 25% I Oferta 2026","description":"Calcular aqu\u00ed\u3010precio seguro de decesos Previsi\u00f3n Mallorquina\u3011Tarifas, oferta y descuento de seguro defunci\u00f3n Previsi\u00f3n Mallorquina 2026 \u2611\ufe0fiDecesos\u00ae N\u00ba1 en ahorro","robots":{"index":"index","follow":"follow","max-snippet":"max-snippet:-1","max-image-preview":"max-image-preview:large","max-video-preview":"max-video-preview:-1"},"canonical":"https:\/\/idecesos.com\/seguros\/companias\/prevision-mallorquina\/precio\/","og_locale":"es_ES","og_type":"article","og_title":"Precio Seguro Decesos Previsi\u00f3n Mallorquina \u25b7DTO 25% I Oferta 2026","og_description":"Calcular aqu\u00ed\u3010precio seguro de decesos Previsi\u00f3n Mallorquina\u3011Tarifas, oferta y descuento de seguro defunci\u00f3n Previsi\u00f3n Mallorquina 2026 \u2611\ufe0fiDecesos\u00ae N\u00ba1 en ahorro","og_url":"https:\/\/idecesos.com\/seguros\/companias\/prevision-mallorquina\/precio\/","og_image":[{"width":1500,"height":559,"url":"https:\/\/idecesos.com\/seguros\/wp-content\/uploads\/2021\/12\/precio-2.jpg-116.jpeg","type":"image\/jpeg"}],"twitter_card":"summary_large_image","twitter_misc":{"Tiempo de lectura":"75 minutos"},"schema":{"@context":"https:\/\/schema.org","@graph":[{"@type":"WebPage","@id":"https:\/\/idecesos.com\/seguros\/companias\/prevision-mallorquina\/precio\/","url":"https:\/\/idecesos.com\/seguros\/companias\/prevision-mallorquina\/precio\/","name":"Precio Seguro Decesos Previsi\u00f3n Mallorquina \u25b7DTO 25% I Oferta 2026","isPartOf":{"@id":"https:\/\/idecesos.com\/seguros\/#website"},"primaryImageOfPage":{"@id":"https:\/\/idecesos.com\/seguros\/companias\/prevision-mallorquina\/precio\/#primaryimage"},"image":{"@id":"https:\/\/idecesos.com\/seguros\/companias\/prevision-mallorquina\/precio\/#primaryimage"},"thumbnailUrl":"https:\/\/idecesos.com\/seguros\/wp-content\/uploads\/2021\/12\/precio-2.jpg-116.jpeg","datePublished":"2021-12-15T16:04:08+00:00","description":"Calcular aqu\u00ed\u3010precio seguro de decesos Previsi\u00f3n Mallorquina\u3011Tarifas, oferta y descuento de seguro defunci\u00f3n Previsi\u00f3n Mallorquina 2026 \u2611\ufe0fiDecesos\u00ae N\u00ba1 en ahorro","breadcrumb":{"@id":"https:\/\/idecesos.com\/seguros\/companias\/prevision-mallorquina\/precio\/#breadcrumb"},"inLanguage":"es","potentialAction":[{"@type":"ReadAction","target":["https:\/\/idecesos.com\/seguros\/companias\/prevision-mallorquina\/precio\/"]}]},{"@type":"ImageObject","inLanguage":"es","@id":"https:\/\/idecesos.com\/seguros\/companias\/prevision-mallorquina\/precio\/#primaryimage","url":"https:\/\/idecesos.com\/seguros\/wp-content\/uploads\/2021\/12\/precio-2.jpg-116.jpeg","contentUrl":"https:\/\/idecesos.com\/seguros\/wp-content\/uploads\/2021\/12\/precio-2.jpg-116.jpeg","width":1500,"height":559,"caption":"Precio Previsi\u00f3n Mallorquina"},{"@type":"BreadcrumbList","@id":"https:\/\/idecesos.com\/seguros\/companias\/prevision-mallorquina\/precio\/#breadcrumb","itemListElement":[{"@type":"ListItem","position":1,"name":"Portada","item":"https:\/\/idecesos.com\/seguros\/"},{"@type":"ListItem","position":2,"name":"Compa\u00f1\u00edas de Seguros de Decesos en Espa\u00f1a","item":"https:\/\/idecesos.com\/seguros\/companias\/"},{"@type":"ListItem","position":3,"name":"Seguro de decesos Previsi\u00f3n Mallorquina","item":"https:\/\/idecesos.com\/seguros\/companias\/prevision-mallorquina\/"},{"@type":"ListItem","position":4,"name":"\u00bfCu\u00e1nto cuesta el seguro de decesos Previsi\u00f3n Mallorquina?"}]},{"@type":"WebSite","@id":"https:\/\/idecesos.com\/seguros\/#website","url":"https:\/\/idecesos.com\/seguros\/","name":"","description":"","potentialAction":[{"@type":"SearchAction","target":{"@type":"EntryPoint","urlTemplate":"https:\/\/idecesos.com\/seguros\/?s={search_term_string}"},"query-input":{"@type":"PropertyValueSpecification","valueRequired":true,"valueName":"search_term_string"}}],"inLanguage":"es"}]}},"_links":{"self":[{"href":"https:\/\/idecesos.com\/seguros\/wp-json\/wp\/v2\/pages\/17548","targetHints":{"allow":["GET"]}}],"collection":[{"href":"https:\/\/idecesos.com\/seguros\/wp-json\/wp\/v2\/pages"}],"about":[{"href":"https:\/\/idecesos.com\/seguros\/wp-json\/wp\/v2\/types\/page"}],"replies":[{"embeddable":true,"href":"https:\/\/idecesos.com\/seguros\/wp-json\/wp\/v2\/comments?post=17548"}],"version-history":[{"count":0,"href":"https:\/\/idecesos.com\/seguros\/wp-json\/wp\/v2\/pages\/17548\/revisions"}],"up":[{"embeddable":true,"href":"https:\/\/idecesos.com\/seguros\/wp-json\/wp\/v2\/pages\/9564"}],"wp:featuredmedia":[{"embeddable":true,"href":"https:\/\/idecesos.com\/seguros\/wp-json\/wp\/v2\/media\/17549"}],"wp:attachment":[{"href":"https:\/\/idecesos.com\/seguros\/wp-json\/wp\/v2\/media?parent=17548"}],"curies":[{"name":"wp","href":"https:\/\/api.w.org\/{rel}","templated":true}]}}