{"id":17558,"date":"2021-12-15T16:04:12","date_gmt":"2021-12-15T16:04:12","guid":{"rendered":"https:\/\/idecesos.com\/seguros\/companias\/sanitas\/precio\/"},"modified":"2022-03-10T12:49:08","modified_gmt":"2022-03-10T12:49:08","slug":"precio","status":"publish","type":"page","link":"https:\/\/idecesos.com\/seguros\/companias\/sanitas\/precio\/","title":{"rendered":"\u00bfCu\u00e1nto cuesta el seguro de decesos Sanitas?"},"content":{"rendered":"<div id=\"ez-toc-container\" class=\"ez-toc-v2_0_82_2 ez-toc-wrap-center counter-hierarchy ez-toc-counter ez-toc-custom ez-toc-container-direction\">\n<div class=\"ez-toc-title-container\">\n<p class=\"ez-toc-title\" style=\"cursor:inherit\">Tabla de Contenido<\/p>\n<span class=\"ez-toc-title-toggle\"><a href=\"#\" class=\"ez-toc-pull-right ez-toc-btn ez-toc-btn-xs ez-toc-btn-default ez-toc-toggle\" aria-label=\"Alternar tabla de contenidos\"><span class=\"ez-toc-js-icon-con\"><span class=\"\"><span class=\"eztoc-hide\" style=\"display:none;\">Toggle<\/span><span class=\"ez-toc-icon-toggle-span\"><svg style=\"fill: #db6415;color:#db6415\" xmlns=\"http:\/\/www.w3.org\/2000\/svg\" class=\"list-377408\" width=\"20px\" height=\"20px\" viewBox=\"0 0 24 24\" fill=\"none\"><path d=\"M6 6H4v2h2V6zm14 0H8v2h12V6zM4 11h2v2H4v-2zm16 0H8v2h12v-2zM4 16h2v2H4v-2zm16 0H8v2h12v-2z\" fill=\"currentColor\"><\/path><\/svg><svg style=\"fill: #db6415;color:#db6415\" class=\"arrow-unsorted-368013\" xmlns=\"http:\/\/www.w3.org\/2000\/svg\" width=\"10px\" height=\"10px\" viewBox=\"0 0 24 24\" version=\"1.2\" baseProfile=\"tiny\"><path d=\"M18.2 9.3l-6.2-6.3-6.2 6.3c-.2.2-.3.4-.3.7s.1.5.3.7c.2.2.4.3.7.3h11c.3 0 .5-.1.7-.3.2-.2.3-.5.3-.7s-.1-.5-.3-.7zM5.8 14.7l6.2 6.3 6.2-6.3c.2-.2.3-.5.3-.7s-.1-.5-.3-.7c-.2-.2-.4-.3-.7-.3h-11c-.3 0-.5.1-.7.3-.2.2-.3.5-.3.7s.1.5.3.7z\"\/><\/svg><\/span><\/span><\/span><\/a><\/span><\/div>\n<nav><ul class='ez-toc-list ez-toc-list-level-1 ' ><li class='ez-toc-page-1 ez-toc-heading-level-2'><a class=\"ez-toc-link ez-toc-heading-1\" href=\"https:\/\/idecesos.com\/seguros\/companias\/sanitas\/precio\/#Calcular_precio_seguro_de_decesos_Sanitas\" >Calcular precio seguro de decesos Sanitas<\/a><\/li><li class='ez-toc-page-1 ez-toc-heading-level-2'><a class=\"ez-toc-link ez-toc-heading-2\" href=\"https:\/\/idecesos.com\/seguros\/companias\/sanitas\/precio\/#Tabla_comparativa_de_precios_Sanitas\" >Tabla comparativa de precios Sanitas<\/a><ul class='ez-toc-list-level-3' ><li class='ez-toc-heading-level-3'><a class=\"ez-toc-link ez-toc-heading-3\" href=\"https:\/\/idecesos.com\/seguros\/companias\/sanitas\/precio\/#%C2%BFCual_es_la_mejor_tarifa_de_seguros_de_Sanitas\" >\u00bfCu\u00e1l es la mejor tarifa de seguros de Sanitas ?<\/a><\/li><li class='ez-toc-page-1 ez-toc-heading-level-3'><a class=\"ez-toc-link ez-toc-heading-4\" href=\"https:\/\/idecesos.com\/seguros\/companias\/sanitas\/precio\/#%C2%BFPuede_aumentar_precio_mensual_de_los_seguros_de_Sanitas\" >\u00bfPuede aumentar precio mensual de los seguros de Sanitas ?<\/a><\/li><li class='ez-toc-page-1 ez-toc-heading-level-3'><a class=\"ez-toc-link ez-toc-heading-5\" href=\"https:\/\/idecesos.com\/seguros\/companias\/sanitas\/precio\/#%C2%BFEl_precio_de_seguros_de_decesos_Sanitas_sube_con_la_edad\" >\u00bfEl precio de seguros de decesos Sanitas sube con la edad?<\/a><\/li><li class='ez-toc-page-1 ez-toc-heading-level-3'><a class=\"ez-toc-link ez-toc-heading-6\" href=\"https:\/\/idecesos.com\/seguros\/companias\/sanitas\/precio\/#Paginas_relacionadas\" >P\u00e1ginas relacionadas<\/a><\/li><\/ul><\/li><\/ul><\/nav><\/div>\n<p><br \/>\nA lo largo de la vida, en el \u00fanico lugar en el que no nos podemos apoyar a nosotros mismos es en la muerte. Estate sosegado. Sanitas se ocupar\u00e1 de darte toda la tranquilidad que necesitas a ti y a tus seres queridos a fin de que todo est\u00e9 bajo control en el momento del \u00f3bito. Sanitas cuenta con m\u00e1s de treinta mil asegurados que desde que cuentan con sus servicios viven m\u00e1s aliviados sabiendo que dejan todo en manos de los mejores profesionales del campo decesos. El precio de cada una de las primas de un seguro de decesos puede cambiar dependiendo de muchos aspectos. Las coberturas o bien diferentes factores como la edad del asegurado o bien el sitio donde reside pueden ser uno de ellos. Cuanto m\u00e1s coberturas elija, lo normal es que, su precio final ser\u00e1 mayor. Sanitas apuesta por p\u00f3lizas de mejor calidad y tarifas ofertando a cada uno de sus clientes comodidad con relaci\u00f3n a su situaci\u00f3n.<\/p>\n<div class=\"colorf\"><div class=\"container clearfix\"><div class=\"col-md-7\">\n<h2><span class=\"ez-toc-section\" id=\"Calcular_precio_seguro_de_decesos_Sanitas\"><\/span>Calcular precio seguro de decesos Sanitas<span class=\"ez-toc-section-end\"><\/span><\/h2>\n<p>Sanitas hace un proceso personalizado para cada uno de sus clientes del servicio de la mano de grandes profesionales del campo de manera muy exhaustiva a fin de que se adapten sus coberturas y precios de manera perfecta a lo que est\u00e1s buscando a fin de que puedas vivir sosegado y sin preocupaciones. Lo esencial es adelantarse a lo que pueda suceder en un futuro. Sanitas te asegura el c\u00e1lculo del precio de tu p\u00f3liza en menos de un minuto vas a conocer la tarifa de seguro de decesos. Cuentas con la herramienta m\u00e1s simple que puede existir a d\u00eda de hoy en iDecesos con solo rellenar los datos m\u00e1s esenciales obtendr\u00e1s tu tarifa en cuesti\u00f3n de segundos aparte de ello vas a poder visualizar todas los beneficios como el presupuesto que contiene cada una de la p\u00f3liza. Tan r\u00e1pido y sencillo, jam\u00e1s lo hab\u00edas tenido tan simple. Dejando en claro que no quedas comprometido a nada y podr\u00e1s realizarlo las veces que sea necesario plenamente gratis.<br \/>\n<\/div><\/div><\/div><\/p>\n<h2><span class=\"ez-toc-section\" id=\"Tabla_comparativa_de_precios_Sanitas\"><\/span>Tabla comparativa de precios Sanitas<span class=\"ez-toc-section-end\"><\/span><\/h2>\n<p><div class=\"cabecera_tabla_precio\"><table class=\"table table-striped\"><thead><tr><th class=\"nosepara centrado\">Tipo<\/th><th class=\"nosepara centrado nojustificado\">Precio Desde<\/th><th class=\"nosepara dcha\"><\/th><\/tr><\/thead><tbody><tr class=\"fila_tabla_precio\"><td class=\"nosepara izq\">Precio Seguro Decesos Sanitas<\/td><td class=\"nosepara centro\">1,52 \u20ac\/mes<\/td><td class=\"nosepara derecha\">\t\t\t\t\t\n\t\t\t\t\t\t<span class=\"\" style=\"cursor:pointer\" data-bs-toggle=\"modal\" data-bs-target=\"#comparadorModal\">Calcular<\/span>\t\t\t\t\n\t\t\t\t\t\n\t\t\t\t<\/td><\/tr><\/div><tr class=\"fila_tabla_precio\"><td class=\"nosepara izq\">Precio Prima \u00danica Sanitas<\/td><td class=\"nosepara centro\">2435 \u20ac<\/td><td class=\"nosepara derecha\">\t\t\t\t\t\n\t\t\t\t\t\t<span class=\"\" style=\"cursor:pointer\" data-bs-toggle=\"modal\" data-bs-target=\"#comparadorModal\">Calcular<\/span>\t\t\t\t\n\t\t\t\t\t\n\t\t\t\t<\/td><\/tr><\/div><tr class=\"fila_tabla_precio\"><td class=\"nosepara izq\">Precio Prima Natural Sanitas<\/td><td class=\"nosepara centro\">1,21 \u20ac\/mes<\/td><td class=\"nosepara derecha\">\t\t\t\t\t\n\t\t\t\t\t\t<span class=\"\" style=\"cursor:pointer\" data-bs-toggle=\"modal\" data-bs-target=\"#comparadorModal\">Calcular<\/span>\t\t\t\t\n\t\t\t\t\t\n\t\t\t\t<\/td><\/tr><\/div><tr class=\"fila_tabla_precio\"><td class=\"nosepara izq\">Precio Prima Nivelada Sanitas<\/td><td class=\"nosepara centro\">1,54 \u20ac\/mes<\/td><td class=\"nosepara derecha\">\t\t\t\t\t\n\t\t\t\t\t\t<span class=\"\" style=\"cursor:pointer\" data-bs-toggle=\"modal\" data-bs-target=\"#comparadorModal\">Calcular<\/span>\t\t\t\t\n\t\t\t\t\t\n\t\t\t\t<\/td><\/tr><\/div><tr class=\"fila_tabla_precio\"><td class=\"nosepara izq\">Precio Prima Mixta Sanitas<\/td><td class=\"nosepara centro\">1,46 \u20ac\/mes<\/td><td class=\"nosepara derecha\">\t\t\t\t\t\n\t\t\t\t\t\t<span class=\"\" style=\"cursor:pointer\" data-bs-toggle=\"modal\" data-bs-target=\"#comparadorModal\">Calcular<\/span>\t\t\t\t\n\t\t\t\t\t\n\t\t\t\t<\/td><\/tr><\/div><tr class=\"fila_tabla_precio\"><td class=\"nosepara izq\">Precio Prima Seminatural Sanitas<\/td><td class=\"nosepara centro\">1,60 \u20ac\/mes<\/td><td class=\"nosepara derecha\">\t\t\t\t\t\n\t\t\t\t\t\t<span class=\"\" style=\"cursor:pointer\" data-bs-toggle=\"modal\" data-bs-target=\"#comparadorModal\">Calcular<\/span>\t\t\t\t\n\t\t\t\t\t\n\t\t\t\t<\/td><\/tr><\/div><tr class=\"fila_tabla_precio\"><td class=\"nosepara izq\">Precio con Repatriaci\u00f3n Sanitas<\/td><td class=\"nosepara centro\">0,99 \u20ac a la cuota<\/td><td class=\"nosepara derecha\">\t\t\t\t\t\n\t\t\t\t\t\t<span class=\"\" style=\"cursor:pointer\" data-bs-toggle=\"modal\" data-bs-target=\"#comparadorModal\">Calcular<\/span>\t\t\t\t\n\t\t\t\t\t\n\t\t\t\t<\/td><\/tr><\/div><tr class=\"fila_tabla_precio\"><td class=\"nosepara izq\">Precio Seguro Defunci\u00f3n Sanitas<\/td><td class=\"nosepara centro\">1,59 \u20ac\/mes<\/td><td class=\"nosepara derecha\">\t\t\t\t\t\n\t\t\t\t\t\t<span class=\"\" style=\"cursor:pointer\" data-bs-toggle=\"modal\" data-bs-target=\"#comparadorModal\">Calcular<\/span>\t\t\t\t\n\t\t\t\t\t\n\t\t\t\t<\/td><\/tr><\/div><tr class=\"fila_tabla_precio\"><td class=\"nosepara izq\">Precio Seguro Fallecimiento Sanitas<\/td><td class=\"nosepara centro\">1,55 \u20ac\/mes<\/td><td class=\"nosepara derecha\">\t\t\t\t\t\n\t\t\t\t\t\t<span class=\"\" style=\"cursor:pointer\" data-bs-toggle=\"modal\" data-bs-target=\"#comparadorModal\">Calcular<\/span>\t\t\t\t\n\t\t\t\t\t\n\t\t\t\t<\/td><\/tr><\/div><tr class=\"fila_tabla_precio\"><td class=\"nosepara izq\">Precio Seguro Muertos Sanitas<\/td><td class=\"nosepara centro\">1,43 \u20ac\/mes<\/td><td class=\"nosepara derecha\">\t\t\t\t\t\n\t\t\t\t\t\t<span class=\"\" style=\"cursor:pointer\" data-bs-toggle=\"modal\" data-bs-target=\"#comparadorModal\">Calcular<\/span>\t\t\t\t\n\t\t\t\t\t\n\t\t\t\t<\/td><\/tr><\/div><tr class=\"fila_tabla_precio\"><td class=\"nosepara izq\">Precio Asistencia Familiar Sanitas<\/td><td class=\"nosepara centro\">1,44 \u20ac\/mes<\/td><td class=\"nosepara derecha\">\t\t\t\t\t\n\t\t\t\t\t\t<span class=\"\" style=\"cursor:pointer\" data-bs-toggle=\"modal\" data-bs-target=\"#comparadorModal\">Calcular<\/span>\t\t\t\t\n\t\t\t\t\t\n\t\t\t\t<\/td><\/tr><\/div><\/tbody><\/table><\/div><\/p>\n<p>Aqu\u00ed abajo le mostramos una tabla con todas y cada una de las tarifas de cada g\u00e9nero de prima que le ofrece Sanitas con su seguro de decesos. Estas primas han sido concebidas por Sanitas para que se puedan amoldar a cada cliente del servicio y sus necesidades. Estos son los precios de los diferentes tipos de primas que le ofrece Sanitas.<br \/>\n<div class=\"colorf\"><div class=\"container clearfix\"><div class=\"col-md-7\"><\/p>\n<h3><span class=\"ez-toc-section\" id=\"%C2%BFCual_es_la_mejor_tarifa_de_seguros_de_Sanitas\"><\/span>\u00bfCu\u00e1l es la mejor tarifa de seguros de Sanitas ?<span class=\"ez-toc-section-end\"><\/span><\/h3>\n<p>La gran pluralidad de tarifas y p\u00f3lizas con diferentes modalidades de pagos hacen que Sanitas se coloque como de los mejores seguros de decesos del mercado. Sanitas hace que siempre y en toda circunstancia se adapte a las circunstancias de cada uno de sus asegurados y que cuente con las mejores coberturas. Puedes estar tranquilo, Sanitas incluye unas garant\u00edas en todas y cada una de sus cl\u00e1usulas a fin de que no te debas preocupar por nada.<br \/>\n<\/div><\/div><\/div><\/p>\n<h3><span class=\"ez-toc-section\" id=\"%C2%BFPuede_aumentar_precio_mensual_de_los_seguros_de_Sanitas\"><\/span>\u00bfPuede aumentar precio mensual de los seguros de Sanitas ?<span class=\"ez-toc-section-end\"><\/span><\/h3>\n<p>Sanitas te ofrece su seguro de decesos a fin de que no tengas que preocuparte por nada. Si hay un incremento del precio de su p\u00f3liza no tiene por qu\u00e9 raz\u00f3n preocuparse, todo va a quedar recogido en el contrato del asegurado. Que suba el precio de su p\u00f3liza no es frecuente mas si Sanitas lo hace no se ver\u00e1 obligada a informarle. No vas a tener ning\u00fan problema ya que Sanitas es una de las compa\u00f1\u00edas aseguradoras que tiene las cl\u00e1usulas m\u00e1s espec\u00edficas del mercado.<br \/>\n<div class=\"colorf\"><div class=\"container clearfix\"><div class=\"col-md-7\"><\/p>\n<h3><span class=\"ez-toc-section\" id=\"%C2%BFEl_precio_de_seguros_de_decesos_Sanitas_sube_con_la_edad\"><\/span>\u00bfEl precio de seguros de decesos Sanitas sube con la edad?<span class=\"ez-toc-section-end\"><\/span><\/h3>\n<p>\u00bfProsigues rastreando coberturas y precios por todas las aseguradoras de decesos? No rastrees m\u00e1s, Sanitas te oferta un seguro de decesos de prima \u00fanica excepcional con las garant\u00edas m\u00e1s completas y la tarifa m\u00e1s competitiva del mercado, su servicio de asistencia ha sido premiado en incontables ocasiones, por su calidad y vas a poder dejar garantizado y todo resuelto a tus familiares. Pueden existir fluctuaciones m\u00ednimos en las primas debido a la subida de precios de los elementos y servicios que componen la administraci\u00f3n completa del sepelio, y es vital efectuar esta subida para que llegado el momento del siniestro los familiares no tengan que pagar nada. Lo que pague depender\u00e1 de los servicios contratados y de las coberturas extras que quiera incluir. Adem\u00e1s puede pagar el recibo de su prima de decesos de la manera m\u00e1s flexible que le resulte. iDecesos es la soluci\u00f3n m\u00e1s eficaz en la busca de opciones alternativas a los seguros de decesos tan caros que llevas abonando a lo largo de a\u00f1os y con las mejores empresas aseguradoras del mercado, coberturas excelentes y precios altamente competitivos, no aguardes m\u00e1s y equipara precios en un minuto. En Sanitas todos sus clientes del servicio tienen la calma de que la solvencia de sus servicio de asistencia de sepelio va a salvaguardar los intereses de sus familiares.<br \/>\n<\/div><\/div><\/div><\/p>\n<h3><span class=\"ez-toc-section\" id=\"Paginas_relacionadas\"><\/span>P\u00e1ginas relacionadas<span class=\"ez-toc-section-end\"><\/span><\/h3><div class=\"enlazado\"><ul> <li><a href=\"https:\/\/idecesos.com\/seguros\/companias\/sanitas\/opiniones\/\">Opiniones Sanitas<\/a><\/li> <li><a href=\"https:\/\/idecesos.com\/seguros\/companias\/sanitas\/precio\/\">Precio seguro Sanitas<\/a><\/li> <li><a href=\"https:\/\/idecesos.com\/seguros\/companias\/sanitas\/prima-mixta\/\">Sanitas Prima Mixta<\/a><\/li> <li><a href=\"https:\/\/idecesos.com\/seguros\/companias\/sanitas\/prima-natural\/\">Sanitas Prima Natural<\/a><\/li> <li><a href=\"https:\/\/idecesos.com\/seguros\/companias\/sanitas\/prima-nivelada\/\">Sanitas Prima Nivelada<\/a><\/li> <li><a href=\"https:\/\/idecesos.com\/seguros\/companias\/sanitas\/prima-unica\/\">Sanitas Prima \u00danica<\/a><\/li> <li><a href=\"https:\/\/idecesos.com\/seguros\/companias\/sanitas\/repatriacion\/\">Sanitas Repatriaci\u00f3n<\/a><\/li> <li><a href=\"https:\/\/idecesos.com\/seguros\/companias\/sanitas\/telefono\/\">Tel\u00e9fono Gratuito Sanitas<\/a><\/li><\/ul><\/div>\n","protected":false},"excerpt":{"rendered":"<p>A lo largo de la vida, en el \u00fanico lugar en el que no nos podemos apoyar a nosotros mismos es en la muerte. Estate sosegado. Sanitas se ocupar\u00e1 de darte toda la tranquilidad que necesitas a ti y a tus seres queridos a fin de que todo est\u00e9 bajo control en el momento del&hellip; <\/p>\n","protected":false},"author":1,"featured_media":17559,"parent":16262,"menu_order":0,"comment_status":"closed","ping_status":"closed","template":"single.php","meta":{"footnotes":""},"class_list":["post-17558","page","type-page","status-publish","has-post-thumbnail","hentry"],"yoast_head":"<!-- This site is optimized with the Yoast SEO plugin v27.5 - https:\/\/yoast.com\/product\/yoast-seo-wordpress\/ -->\n<title>Precio Seguro Decesos Sanitas \u25b7DTO 25% I Oferta 2026<\/title>\n<meta name=\"description\" content=\"Calcular aqu\u00ed\u3010precio seguro de decesos Sanitas\u3011Tarifas, oferta y descuento de seguro defunci\u00f3n Sanitas 2026 \u2611\ufe0fiDecesos\u00ae N\u00ba1 en ahorro\" \/>\n<meta name=\"robots\" content=\"index, follow, max-snippet:-1, max-image-preview:large, max-video-preview:-1\" \/>\n<link rel=\"canonical\" href=\"https:\/\/idecesos.com\/seguros\/companias\/sanitas\/precio\/\" \/>\n<meta property=\"og:locale\" content=\"es_ES\" \/>\n<meta property=\"og:type\" content=\"article\" \/>\n<meta property=\"og:title\" content=\"Precio Seguro Decesos Sanitas \u25b7DTO 25% I Oferta 2026\" \/>\n<meta property=\"og:description\" content=\"Calcular aqu\u00ed\u3010precio seguro de decesos Sanitas\u3011Tarifas, oferta y descuento de seguro defunci\u00f3n Sanitas 2026 \u2611\ufe0fiDecesos\u00ae N\u00ba1 en ahorro\" \/>\n<meta property=\"og:url\" content=\"https:\/\/idecesos.com\/seguros\/companias\/sanitas\/precio\/\" \/>\n<meta property=\"article:modified_time\" content=\"2022-03-10T12:49:08+00:00\" \/>\n<meta property=\"og:image\" content=\"https:\/\/idecesos.com\/seguros\/wp-content\/uploads\/2021\/12\/precio-2.jpg-121.jpeg\" \/>\n\t<meta property=\"og:image:width\" content=\"1500\" \/>\n\t<meta property=\"og:image:height\" content=\"559\" \/>\n\t<meta property=\"og:image:type\" content=\"image\/jpeg\" \/>\n<meta name=\"twitter:card\" content=\"summary_large_image\" \/>\n<meta name=\"twitter:label1\" content=\"Tiempo de lectura\" \/>\n\t<meta name=\"twitter:data1\" content=\"5 minutos\" \/>\n<script type=\"application\/ld+json\" class=\"yoast-schema-graph\">{\"@context\":\"https:\\\/\\\/schema.org\",\"@graph\":[{\"@type\":\"WebPage\",\"@id\":\"https:\\\/\\\/idecesos.com\\\/seguros\\\/companias\\\/sanitas\\\/precio\\\/\",\"url\":\"https:\\\/\\\/idecesos.com\\\/seguros\\\/companias\\\/sanitas\\\/precio\\\/\",\"name\":\"Precio Seguro Decesos Sanitas \u25b7DTO 25% I Oferta 2026\",\"isPartOf\":{\"@id\":\"https:\\\/\\\/idecesos.com\\\/seguros\\\/#website\"},\"primaryImageOfPage\":{\"@id\":\"https:\\\/\\\/idecesos.com\\\/seguros\\\/companias\\\/sanitas\\\/precio\\\/#primaryimage\"},\"image\":{\"@id\":\"https:\\\/\\\/idecesos.com\\\/seguros\\\/companias\\\/sanitas\\\/precio\\\/#primaryimage\"},\"thumbnailUrl\":\"https:\\\/\\\/idecesos.com\\\/seguros\\\/wp-content\\\/uploads\\\/2021\\\/12\\\/precio-2.jpg-121.jpeg\",\"datePublished\":\"2021-12-15T16:04:12+00:00\",\"dateModified\":\"2022-03-10T12:49:08+00:00\",\"description\":\"Calcular aqu\u00ed\u3010precio seguro de decesos Sanitas\u3011Tarifas, oferta y descuento de seguro defunci\u00f3n Sanitas 2026 \u2611\ufe0fiDecesos\u00ae N\u00ba1 en ahorro\",\"breadcrumb\":{\"@id\":\"https:\\\/\\\/idecesos.com\\\/seguros\\\/companias\\\/sanitas\\\/precio\\\/#breadcrumb\"},\"inLanguage\":\"es\",\"potentialAction\":[{\"@type\":\"ReadAction\",\"target\":[\"https:\\\/\\\/idecesos.com\\\/seguros\\\/companias\\\/sanitas\\\/precio\\\/\"]}]},{\"@type\":\"ImageObject\",\"inLanguage\":\"es\",\"@id\":\"https:\\\/\\\/idecesos.com\\\/seguros\\\/companias\\\/sanitas\\\/precio\\\/#primaryimage\",\"url\":\"https:\\\/\\\/idecesos.com\\\/seguros\\\/wp-content\\\/uploads\\\/2021\\\/12\\\/precio-2.jpg-121.jpeg\",\"contentUrl\":\"https:\\\/\\\/idecesos.com\\\/seguros\\\/wp-content\\\/uploads\\\/2021\\\/12\\\/precio-2.jpg-121.jpeg\",\"width\":1500,\"height\":559,\"caption\":\"Precio Sanitas\"},{\"@type\":\"BreadcrumbList\",\"@id\":\"https:\\\/\\\/idecesos.com\\\/seguros\\\/companias\\\/sanitas\\\/precio\\\/#breadcrumb\",\"itemListElement\":[{\"@type\":\"ListItem\",\"position\":1,\"name\":\"Portada\",\"item\":\"https:\\\/\\\/idecesos.com\\\/seguros\\\/\"},{\"@type\":\"ListItem\",\"position\":2,\"name\":\"Compa\u00f1\u00edas de Seguros de Decesos en Espa\u00f1a\",\"item\":\"https:\\\/\\\/idecesos.com\\\/seguros\\\/companias\\\/\"},{\"@type\":\"ListItem\",\"position\":3,\"name\":\"Seguro de decesos Sanitas\",\"item\":\"https:\\\/\\\/idecesos.com\\\/seguros\\\/companias\\\/sanitas\\\/\"},{\"@type\":\"ListItem\",\"position\":4,\"name\":\"\u00bfCu\u00e1nto cuesta el seguro de decesos Sanitas?\"}]},{\"@type\":\"WebSite\",\"@id\":\"https:\\\/\\\/idecesos.com\\\/seguros\\\/#website\",\"url\":\"https:\\\/\\\/idecesos.com\\\/seguros\\\/\",\"name\":\"\",\"description\":\"\",\"potentialAction\":[{\"@type\":\"SearchAction\",\"target\":{\"@type\":\"EntryPoint\",\"urlTemplate\":\"https:\\\/\\\/idecesos.com\\\/seguros\\\/?s={search_term_string}\"},\"query-input\":{\"@type\":\"PropertyValueSpecification\",\"valueRequired\":true,\"valueName\":\"search_term_string\"}}],\"inLanguage\":\"es\"}]}<\/script>\n<!-- \/ Yoast SEO plugin. -->","yoast_head_json":{"title":"Precio Seguro Decesos Sanitas \u25b7DTO 25% I Oferta 2026","description":"Calcular aqu\u00ed\u3010precio seguro de decesos Sanitas\u3011Tarifas, oferta y descuento de seguro defunci\u00f3n Sanitas 2026 \u2611\ufe0fiDecesos\u00ae N\u00ba1 en ahorro","robots":{"index":"index","follow":"follow","max-snippet":"max-snippet:-1","max-image-preview":"max-image-preview:large","max-video-preview":"max-video-preview:-1"},"canonical":"https:\/\/idecesos.com\/seguros\/companias\/sanitas\/precio\/","og_locale":"es_ES","og_type":"article","og_title":"Precio Seguro Decesos Sanitas \u25b7DTO 25% I Oferta 2026","og_description":"Calcular aqu\u00ed\u3010precio seguro de decesos Sanitas\u3011Tarifas, oferta y descuento de seguro defunci\u00f3n Sanitas 2026 \u2611\ufe0fiDecesos\u00ae N\u00ba1 en ahorro","og_url":"https:\/\/idecesos.com\/seguros\/companias\/sanitas\/precio\/","article_modified_time":"2022-03-10T12:49:08+00:00","og_image":[{"width":1500,"height":559,"url":"https:\/\/idecesos.com\/seguros\/wp-content\/uploads\/2021\/12\/precio-2.jpg-121.jpeg","type":"image\/jpeg"}],"twitter_card":"summary_large_image","twitter_misc":{"Tiempo de lectura":"5 minutos"},"schema":{"@context":"https:\/\/schema.org","@graph":[{"@type":"WebPage","@id":"https:\/\/idecesos.com\/seguros\/companias\/sanitas\/precio\/","url":"https:\/\/idecesos.com\/seguros\/companias\/sanitas\/precio\/","name":"Precio Seguro Decesos Sanitas \u25b7DTO 25% I Oferta 2026","isPartOf":{"@id":"https:\/\/idecesos.com\/seguros\/#website"},"primaryImageOfPage":{"@id":"https:\/\/idecesos.com\/seguros\/companias\/sanitas\/precio\/#primaryimage"},"image":{"@id":"https:\/\/idecesos.com\/seguros\/companias\/sanitas\/precio\/#primaryimage"},"thumbnailUrl":"https:\/\/idecesos.com\/seguros\/wp-content\/uploads\/2021\/12\/precio-2.jpg-121.jpeg","datePublished":"2021-12-15T16:04:12+00:00","dateModified":"2022-03-10T12:49:08+00:00","description":"Calcular aqu\u00ed\u3010precio seguro de decesos Sanitas\u3011Tarifas, oferta y descuento de seguro defunci\u00f3n Sanitas 2026 \u2611\ufe0fiDecesos\u00ae N\u00ba1 en ahorro","breadcrumb":{"@id":"https:\/\/idecesos.com\/seguros\/companias\/sanitas\/precio\/#breadcrumb"},"inLanguage":"es","potentialAction":[{"@type":"ReadAction","target":["https:\/\/idecesos.com\/seguros\/companias\/sanitas\/precio\/"]}]},{"@type":"ImageObject","inLanguage":"es","@id":"https:\/\/idecesos.com\/seguros\/companias\/sanitas\/precio\/#primaryimage","url":"https:\/\/idecesos.com\/seguros\/wp-content\/uploads\/2021\/12\/precio-2.jpg-121.jpeg","contentUrl":"https:\/\/idecesos.com\/seguros\/wp-content\/uploads\/2021\/12\/precio-2.jpg-121.jpeg","width":1500,"height":559,"caption":"Precio Sanitas"},{"@type":"BreadcrumbList","@id":"https:\/\/idecesos.com\/seguros\/companias\/sanitas\/precio\/#breadcrumb","itemListElement":[{"@type":"ListItem","position":1,"name":"Portada","item":"https:\/\/idecesos.com\/seguros\/"},{"@type":"ListItem","position":2,"name":"Compa\u00f1\u00edas de Seguros de Decesos en Espa\u00f1a","item":"https:\/\/idecesos.com\/seguros\/companias\/"},{"@type":"ListItem","position":3,"name":"Seguro de decesos Sanitas","item":"https:\/\/idecesos.com\/seguros\/companias\/sanitas\/"},{"@type":"ListItem","position":4,"name":"\u00bfCu\u00e1nto cuesta el seguro de decesos Sanitas?"}]},{"@type":"WebSite","@id":"https:\/\/idecesos.com\/seguros\/#website","url":"https:\/\/idecesos.com\/seguros\/","name":"","description":"","potentialAction":[{"@type":"SearchAction","target":{"@type":"EntryPoint","urlTemplate":"https:\/\/idecesos.com\/seguros\/?s={search_term_string}"},"query-input":{"@type":"PropertyValueSpecification","valueRequired":true,"valueName":"search_term_string"}}],"inLanguage":"es"}]}},"_links":{"self":[{"href":"https:\/\/idecesos.com\/seguros\/wp-json\/wp\/v2\/pages\/17558","targetHints":{"allow":["GET"]}}],"collection":[{"href":"https:\/\/idecesos.com\/seguros\/wp-json\/wp\/v2\/pages"}],"about":[{"href":"https:\/\/idecesos.com\/seguros\/wp-json\/wp\/v2\/types\/page"}],"author":[{"embeddable":true,"href":"https:\/\/idecesos.com\/seguros\/wp-json\/wp\/v2\/users\/1"}],"replies":[{"embeddable":true,"href":"https:\/\/idecesos.com\/seguros\/wp-json\/wp\/v2\/comments?post=17558"}],"version-history":[{"count":3,"href":"https:\/\/idecesos.com\/seguros\/wp-json\/wp\/v2\/pages\/17558\/revisions"}],"predecessor-version":[{"id":20206,"href":"https:\/\/idecesos.com\/seguros\/wp-json\/wp\/v2\/pages\/17558\/revisions\/20206"}],"up":[{"embeddable":true,"href":"https:\/\/idecesos.com\/seguros\/wp-json\/wp\/v2\/pages\/16262"}],"wp:featuredmedia":[{"embeddable":true,"href":"https:\/\/idecesos.com\/seguros\/wp-json\/wp\/v2\/media\/17559"}],"wp:attachment":[{"href":"https:\/\/idecesos.com\/seguros\/wp-json\/wp\/v2\/media?parent=17558"}],"curies":[{"name":"wp","href":"https:\/\/api.w.org\/{rel}","templated":true}]}}