{"id":18046,"date":"2021-12-29T11:52:29","date_gmt":"2021-12-29T11:45:41","guid":{"rendered":"https:\/\/idecesos.com\/seguros\/companias\/montepio\/dar-de-baja\/"},"modified":"2022-01-26T17:24:57","modified_gmt":"2022-01-26T17:24:57","slug":"dar-de-baja","status":"publish","type":"page","link":"https:\/\/idecesos.com\/seguros\/companias\/montepio\/dar-de-baja\/","title":{"rendered":"\u00bfC\u00f3mo dar de baja seguro Montepio?"},"content":{"rendered":"<div id=\"ez-toc-container\" class=\"ez-toc-v2_0_82_2 ez-toc-wrap-center counter-hierarchy ez-toc-counter ez-toc-custom ez-toc-container-direction\">\n<div class=\"ez-toc-title-container\">\n<p class=\"ez-toc-title\" style=\"cursor:inherit\">Tabla de Contenido<\/p>\n<span class=\"ez-toc-title-toggle\"><a href=\"#\" class=\"ez-toc-pull-right ez-toc-btn ez-toc-btn-xs ez-toc-btn-default ez-toc-toggle\" aria-label=\"Alternar tabla de contenidos\"><span class=\"ez-toc-js-icon-con\"><span class=\"\"><span class=\"eztoc-hide\" style=\"display:none;\">Toggle<\/span><span class=\"ez-toc-icon-toggle-span\"><svg style=\"fill: #db6415;color:#db6415\" xmlns=\"http:\/\/www.w3.org\/2000\/svg\" class=\"list-377408\" width=\"20px\" height=\"20px\" viewBox=\"0 0 24 24\" fill=\"none\"><path d=\"M6 6H4v2h2V6zm14 0H8v2h12V6zM4 11h2v2H4v-2zm16 0H8v2h12v-2zM4 16h2v2H4v-2zm16 0H8v2h12v-2z\" fill=\"currentColor\"><\/path><\/svg><svg style=\"fill: #db6415;color:#db6415\" class=\"arrow-unsorted-368013\" xmlns=\"http:\/\/www.w3.org\/2000\/svg\" width=\"10px\" height=\"10px\" viewBox=\"0 0 24 24\" version=\"1.2\" baseProfile=\"tiny\"><path d=\"M18.2 9.3l-6.2-6.3-6.2 6.3c-.2.2-.3.4-.3.7s.1.5.3.7c.2.2.4.3.7.3h11c.3 0 .5-.1.7-.3.2-.2.3-.5.3-.7s-.1-.5-.3-.7zM5.8 14.7l6.2 6.3 6.2-6.3c.2-.2.3-.5.3-.7s-.1-.5-.3-.7c-.2-.2-.4-.3-.7-.3h-11c-.3 0-.5.1-.7.3-.2.2-.3.5-.3.7s.1.5.3.7z\"\/><\/svg><\/span><\/span><\/span><\/a><\/span><\/div>\n<nav><ul class='ez-toc-list ez-toc-list-level-1 ' ><li class='ez-toc-page-1 ez-toc-heading-level-2'><a class=\"ez-toc-link ez-toc-heading-1\" href=\"https:\/\/idecesos.com\/seguros\/companias\/montepio\/dar-de-baja\/#Diferentes_opciones_para_cancelar_un_contrato_con_Montepio\" >Diferentes opciones para cancelar un contrato con Montepio<\/a><ul class='ez-toc-list-level-3' ><li class='ez-toc-heading-level-3'><a class=\"ez-toc-link ez-toc-heading-2\" href=\"https:\/\/idecesos.com\/seguros\/companias\/montepio\/dar-de-baja\/#A_traves_de_la_web_de_Montepio\" >A trav\u00e9s de la web de Montepio<\/a><\/li><li class='ez-toc-page-1 ez-toc-heading-level-3'><a class=\"ez-toc-link ez-toc-heading-3\" href=\"https:\/\/idecesos.com\/seguros\/companias\/montepio\/dar-de-baja\/#Utilizando_el_correo_electronico_de_Montepio\" >Utilizando el correo electr\u00f3nico de Montepio<\/a><\/li><li class='ez-toc-page-1 ez-toc-heading-level-3'><a class=\"ez-toc-link ez-toc-heading-4\" href=\"https:\/\/idecesos.com\/seguros\/companias\/montepio\/dar-de-baja\/#Dar_de_baja_Montepio_por_fax\" >Dar de baja Montepio por fax<\/a><\/li><li class='ez-toc-page-1 ez-toc-heading-level-3'><a class=\"ez-toc-link ez-toc-heading-5\" href=\"https:\/\/idecesos.com\/seguros\/companias\/montepio\/dar-de-baja\/#En_la_oficina_de_Montepio\" >En la oficina de Montepio<\/a><\/li><li class='ez-toc-page-1 ez-toc-heading-level-3'><a class=\"ez-toc-link ez-toc-heading-6\" href=\"https:\/\/idecesos.com\/seguros\/companias\/montepio\/dar-de-baja\/#Telefono_para_dar_de_baja_Montepio\" >T\u00e9lefono para dar de baja Montepio<\/a><\/li><\/ul><\/li><li class='ez-toc-page-1 ez-toc-heading-level-2'><a class=\"ez-toc-link ez-toc-heading-7\" href=\"https:\/\/idecesos.com\/seguros\/companias\/montepio\/dar-de-baja\/#Dar_de_baja_seguro_Montepio_de_un_fallecido\" >Dar de baja seguro Montepio de un fallecido<\/a><ul class='ez-toc-list-level-3' ><li class='ez-toc-heading-level-3'><a class=\"ez-toc-link ez-toc-heading-8\" href=\"https:\/\/idecesos.com\/seguros\/companias\/montepio\/dar-de-baja\/#Paginas_relacionadas\" >P\u00e1ginas relacionadas<\/a><\/li><\/ul><\/li><\/ul><\/nav><\/div>\n<p> Solo deber\u00e1s seguir las indicaciones que te mostramos a fin de que puedas dar de baja tu seguro. En el contrato o factura de tu seguro, te notificar\u00e1n de todos los datos de tu aseguradora. Cuando sepas la informaci\u00f3n de tu compa\u00f1\u00eda, podr\u00e1s conocer su direcci\u00f3n de forma m\u00e1s precisa merced a internet. Contacta con tu empresa de seguros en el tel\u00e9fono de atenci\u00f3n al usuario que te indiquen a fin de que puedas proceder a dar de baja tu seguro de decesos. Cuando finalices de charlar con atenci\u00f3n al cliente, te se\u00f1alar\u00e1n que puedes solicitar la baja del seguro a trav\u00e9s de el tel\u00e9fono o bien e-mail. Comunica a tu empresa de seguros tu deseo de darte de baja de su seguro de decesos. <div class=\"colorf \"  ><div class=\"container clearfix\"><div class=\"col-md-7\"><\/p>\r\n<h2><span class=\"ez-toc-section\" id=\"Diferentes_opciones_para_cancelar_un_contrato_con_Montepio\"><\/span>Diferentes opciones para cancelar un contrato con Montepio<span class=\"ez-toc-section-end\"><\/span><\/h2>\r\n<!-- \/wp:post-content -->\r\n\r\n<!-- wp:paragraph -->\r\n<p>Cada compa\u00f1\u00eda de seguro de decesos funciona de una forma diferente, pero la mayor\u00eda le piden a sus clientes un documento en el que usted ponga sus deseos de dar de baja sus servicios de su seguro de decesos. Hay diferentes formas de darse de baja, mas, de cualquier forma, si quiere mandar una carta certificada con un modelo est\u00e1ndar de cancelaci\u00f3n de su contrato con Montepio esta va a deber d\u00e1rselo por v\u00e1lido. iDecesos le recomienda que haga una copia del documento y tenga a buen recaudo el resguardo. Si prefiere otros m\u00e9todos para dar de baja su seguro, se los ense\u00f1aremos a continuaci\u00f3n. <\/div><\/div><\/div><\/p>\r\n<h3><span class=\"ez-toc-section\" id=\"A_traves_de_la_web_de_Montepio\"><\/span>A trav\u00e9s de la web de Montepio<span class=\"ez-toc-section-end\"><\/span><\/h3>\r\n<p>Puede decantarse por la posibilidad de acceder a la web www.montepioconductores.com\/contacto\/ y redactar en su buscador lo que desee saber. En ese momento, obtendr\u00e1 diferentes contestaciones. Deber\u00e1 escoger la m\u00e1s adecuada a y continuar sus pasos. Es sencill\u00edsimo. Si tiene alguna duda o bien no le aparece esta alternativa puede ponerse en contacto con Montepio por tel\u00e9fono para que le solventen el problema de forma directa a trav\u00e9s de este n\u00famero 954 98 74 74. Si le aparece, rellenando el formulario o descargando el documento que le solicite, podr\u00e1 completar la petici\u00f3n. <div class=\"colorf \"  ><div class=\"container clearfix\"><div class=\"col-md-7\"><\/p>\r\n<h3><span class=\"ez-toc-section\" id=\"Utilizando_el_correo_electronico_de_Montepio\"><\/span>Utilizando el correo electr\u00f3nico de Montepio<span class=\"ez-toc-section-end\"><\/span><\/h3>\r\n<p>Si lo quieres, tambi\u00e9n puede darse de baja con el env\u00edo de un correo electr\u00f3nico. La direcci\u00f3n de correo de la compa\u00f1\u00eda es la siguiente email Montepio. Le se\u00f1alamos que, debe expedir los siguientes documentos a Montepio: una imitaci\u00f3n de su DNI y, la notificaci\u00f3n firmada por usted y, si no la tiene, puede hallarla en la web de la compa\u00f1\u00eda o bien nosotros mismos se la daremos, mediante el n\u00famero de tel\u00e9fono 951 127 403 o el correo info@idecesos. com. Deber\u00e1 guardar una copia sellada y tener un justificante de recibo a fin de que su ejecuci\u00f3n pueda hacerse. Por lo que pueda pasar en un futuro, le aconsejamos que guarde una copia de la notificaci\u00f3n con su data de env\u00edo, para quedarse todav\u00eda m\u00e1s apacibles y no puedan ponerle ninguna pega. <\/div><\/div><\/div><\/p>\r\n<h3><span class=\"ez-toc-section\" id=\"Dar_de_baja_Montepio_por_fax\"><\/span>Dar de baja Montepio por fax<span class=\"ez-toc-section-end\"><\/span><\/h3>\r\n<p>Dar de baja su seguro por fax tambi\u00e9n es otro m\u00e9todo. Es muy similar al explicado previamente, la diferencia es el m\u00e9todo de env\u00edo. Podr\u00e1 hallar la notificaci\u00f3n de la baja de su seguro de decesos en la p\u00e1gina web de Montepio o contactando con nosotros al 951 127 403 y, en caso de que la tenga, va a deber mandarla firmada junto con la copia de su documento nacional de identidad. Como en los otros m\u00e9todos, debe tener a buen recaudo el justificante del recibo y una copia sellada. Es muy importante que, no olvide, guardar el documento de la copia de la notificaci\u00f3n, en la que conste su fecha de env\u00edo. <div class=\"colorf \"  ><div class=\"container clearfix\"><div class=\"col-md-7\"><\/p>\r\n<h3><span class=\"ez-toc-section\" id=\"En_la_oficina_de_Montepio\"><\/span>En la oficina de Montepio<span class=\"ez-toc-section-end\"><\/span><\/h3>\r\n<p>Si tienes alguna duda, te invitamos a que acudas a la oficina de tu compa\u00f1\u00eda a fin de que puedas efectuar la baja de tu seguro y sus agentes te asesoren personalmente. Si tienes claro de que deseas cancelar tu seguro de decesos, deber\u00e1s dejarlo por escrito anexando una imitaci\u00f3n de tu documento de identidad. En la oficina te aplicar\u00e1n un sello con la data del d\u00eda. En el momento en que te ponen el sello, se entiende que todos y cada uno de los recibos entregados se han efectuado correctamente. En la fecha debe exponerse que el contrato fue cancelado un mes antes del fin del contrato. <\/div><\/div><\/div><\/p>\r\n<h3><span class=\"ez-toc-section\" id=\"Telefono_para_dar_de_baja_Montepio\"><\/span>T\u00e9lefono para dar de baja Montepio<span class=\"ez-toc-section-end\"><\/span><\/h3>\r\n<p>Asimismo puedes pedir la baja a trav\u00e9s de por tel\u00e9fono. Ll\u00e1manos al 954 98 74 74\u00a0para darte m\u00e1s informaci\u00f3n sobre de qu\u00e9 forma puedes pedir la baja o bien ponte en contacto con tu compa\u00f1\u00eda aseguradora tras localizar su tel\u00e9fono en internet. Solo deber\u00e1s indicar el motivo de la llamada y solicitar hablar con un agente que pueda asesorarte. Solo deber\u00e1s proseguir las indicaciones del agente de la compa\u00f1\u00eda para proceder a la baja del seguro. No es recomendable continuar sin un seguro de decesos ya que este te permitir\u00e1 estar considerablemente m\u00e1s apacible. Puedes optar por emplear nuestro comparador en iDecesos para saber cu\u00e1l es el mejor seguro para ti. <div class=\"colorf \"  ><div class=\"container clearfix\"><div class=\"col-md-7\"><\/p>\r\n<h2><span class=\"ez-toc-section\" id=\"Dar_de_baja_seguro_Montepio_de_un_fallecido\"><\/span>Dar de baja seguro Montepio de un fallecido<span class=\"ez-toc-section-end\"><\/span><\/h2>\r\n<p>Si el asegurado fallece, autom\u00e1ticamente la aseguradora se hace cargo de dar de baja al usuario. Todos y cada uno de los recibos van a quedar cancelados en el momento en el que esa persona fallezca. Los precios se efectuar\u00e1n teniendo en cuenta la tabla de las primas que los asegurados tienen contratados con la compa\u00f1\u00eda aseguradora en cuesti\u00f3n. <\/div><\/div><\/div> <div class=\"oficinas\"> <h3><span class=\"ez-toc-section\" id=\"Paginas_relacionadas\"><\/span>P\u00e1ginas relacionadas<span class=\"ez-toc-section-end\"><\/span><\/h3><div class=\"enlazado\"><ul> <li><a href=\"https:\/\/idecesos.com\/seguros\/companias\/montepio\/opiniones\/\">Opiniones Montepio<\/a><\/li> <li><a href=\"https:\/\/idecesos.com\/seguros\/companias\/montepio\/precio\/\">Precio seguro Montepio<\/a><\/li> <li><a href=\"https:\/\/idecesos.com\/seguros\/companias\/montepio\/prima-mixta\/\">Montepio Prima Mixta<\/a><\/li> <li><a href=\"https:\/\/idecesos.com\/seguros\/companias\/montepio\/prima-natural\/\">Montepio Prima Natural<\/a><\/li> <li><a href=\"https:\/\/idecesos.com\/seguros\/companias\/montepio\/prima-nivelada\/\">Montepio Prima Nivelada<\/a><\/li> <li><a href=\"https:\/\/idecesos.com\/seguros\/companias\/montepio\/prima-unica\/\">Montepio Prima \u00danica<\/a><\/li> <li><a href=\"https:\/\/idecesos.com\/seguros\/companias\/montepio\/repatriacion\/\">Montepio Repatriaci\u00f3n<\/a><\/li> <li><a href=\"https:\/\/idecesos.com\/seguros\/companias\/montepio\/telefono\/\">Tel\u00e9fono Gratuito Montepio<\/a><\/li><\/ul><\/div> <\/div><\/p>","protected":false},"excerpt":{"rendered":"<p>Solo deber\u00e1s seguir las indicaciones que te mostramos a fin de que puedas dar de baja tu seguro. En el contrato o factura de tu seguro, te notificar\u00e1n de todos los datos de tu aseguradora. Cuando sepas la informaci\u00f3n de tu compa\u00f1\u00eda, podr\u00e1s conocer su direcci\u00f3n de forma m\u00e1s precisa merced a internet. Contacta con&hellip; <\/p>\n","protected":false},"author":1,"featured_media":0,"parent":754,"menu_order":0,"comment_status":"closed","ping_status":"closed","template":"single.php","meta":{"footnotes":""},"class_list":["post-18046","page","type-page","status-publish","hentry"],"yoast_head":"<!-- This site is optimized with the Yoast SEO plugin v27.5 - https:\/\/yoast.com\/product\/yoast-seo-wordpress\/ -->\n<title>\u00bfC\u00f3mo dar de Baja o Cancelar Seguro de Decesos Montepio?<\/title>\n<meta name=\"description\" content=\"Obt\u00e9n aqu\u00ed\u3010c\u00f3mo dar de baja o cancelar seguro de decesos Montepio\u3011Modelo carta, fax, correo electr\u00f3nico (email), tel\u00e9fono gratis.\" \/>\n<meta name=\"robots\" content=\"index, follow, max-snippet:-1, max-image-preview:large, max-video-preview:-1\" \/>\n<link rel=\"canonical\" href=\"https:\/\/idecesos.com\/seguros\/companias\/montepio\/dar-de-baja\/\" \/>\n<meta property=\"og:locale\" content=\"es_ES\" \/>\n<meta property=\"og:type\" content=\"article\" \/>\n<meta property=\"og:title\" content=\"\u00bfC\u00f3mo dar de Baja o Cancelar Seguro de Decesos Montepio?\" \/>\n<meta property=\"og:description\" content=\"Obt\u00e9n aqu\u00ed\u3010c\u00f3mo dar de baja o cancelar seguro de decesos Montepio\u3011Modelo carta, fax, correo electr\u00f3nico (email), tel\u00e9fono gratis.\" \/>\n<meta property=\"og:url\" content=\"https:\/\/idecesos.com\/seguros\/companias\/montepio\/dar-de-baja\/\" \/>\n<meta property=\"article:modified_time\" content=\"2022-01-26T17:24:57+00:00\" \/>\n<meta name=\"twitter:card\" content=\"summary_large_image\" \/>\n<meta name=\"twitter:label1\" content=\"Tiempo de lectura\" \/>\n\t<meta name=\"twitter:data1\" content=\"15 minutos\" \/>\n<script type=\"application\/ld+json\" class=\"yoast-schema-graph\">{\"@context\":\"https:\\\/\\\/schema.org\",\"@graph\":[{\"@type\":\"WebPage\",\"@id\":\"https:\\\/\\\/idecesos.com\\\/seguros\\\/companias\\\/montepio\\\/dar-de-baja\\\/\",\"url\":\"https:\\\/\\\/idecesos.com\\\/seguros\\\/companias\\\/montepio\\\/dar-de-baja\\\/\",\"name\":\"\u00bfC\u00f3mo dar de Baja o Cancelar Seguro de Decesos Montepio?\",\"isPartOf\":{\"@id\":\"https:\\\/\\\/idecesos.com\\\/seguros\\\/#website\"},\"datePublished\":\"2021-12-29T11:45:41+00:00\",\"dateModified\":\"2022-01-26T17:24:57+00:00\",\"description\":\"Obt\u00e9n aqu\u00ed\u3010c\u00f3mo dar de baja o cancelar seguro de decesos Montepio\u3011Modelo carta, fax, correo electr\u00f3nico (email), tel\u00e9fono gratis.\",\"breadcrumb\":{\"@id\":\"https:\\\/\\\/idecesos.com\\\/seguros\\\/companias\\\/montepio\\\/dar-de-baja\\\/#breadcrumb\"},\"inLanguage\":\"es\",\"potentialAction\":[{\"@type\":\"ReadAction\",\"target\":[\"https:\\\/\\\/idecesos.com\\\/seguros\\\/companias\\\/montepio\\\/dar-de-baja\\\/\"]}]},{\"@type\":\"BreadcrumbList\",\"@id\":\"https:\\\/\\\/idecesos.com\\\/seguros\\\/companias\\\/montepio\\\/dar-de-baja\\\/#breadcrumb\",\"itemListElement\":[{\"@type\":\"ListItem\",\"position\":1,\"name\":\"Portada\",\"item\":\"https:\\\/\\\/idecesos.com\\\/seguros\\\/\"},{\"@type\":\"ListItem\",\"position\":2,\"name\":\"Compa\u00f1\u00edas de Seguros de Decesos en Espa\u00f1a\",\"item\":\"https:\\\/\\\/idecesos.com\\\/seguros\\\/companias\\\/\"},{\"@type\":\"ListItem\",\"position\":3,\"name\":\"Seguro de Decesos Montepio\",\"item\":\"https:\\\/\\\/idecesos.com\\\/seguros\\\/companias\\\/montepio\\\/\"},{\"@type\":\"ListItem\",\"position\":4,\"name\":\"\u00bfC\u00f3mo dar de baja seguro Montepio?\"}]},{\"@type\":\"WebSite\",\"@id\":\"https:\\\/\\\/idecesos.com\\\/seguros\\\/#website\",\"url\":\"https:\\\/\\\/idecesos.com\\\/seguros\\\/\",\"name\":\"\",\"description\":\"\",\"potentialAction\":[{\"@type\":\"SearchAction\",\"target\":{\"@type\":\"EntryPoint\",\"urlTemplate\":\"https:\\\/\\\/idecesos.com\\\/seguros\\\/?s={search_term_string}\"},\"query-input\":{\"@type\":\"PropertyValueSpecification\",\"valueRequired\":true,\"valueName\":\"search_term_string\"}}],\"inLanguage\":\"es\"}]}<\/script>\n<!-- \/ Yoast SEO plugin. -->","yoast_head_json":{"title":"\u00bfC\u00f3mo dar de Baja o Cancelar Seguro de Decesos Montepio?","description":"Obt\u00e9n aqu\u00ed\u3010c\u00f3mo dar de baja o cancelar seguro de decesos Montepio\u3011Modelo carta, fax, correo electr\u00f3nico (email), tel\u00e9fono gratis.","robots":{"index":"index","follow":"follow","max-snippet":"max-snippet:-1","max-image-preview":"max-image-preview:large","max-video-preview":"max-video-preview:-1"},"canonical":"https:\/\/idecesos.com\/seguros\/companias\/montepio\/dar-de-baja\/","og_locale":"es_ES","og_type":"article","og_title":"\u00bfC\u00f3mo dar de Baja o Cancelar Seguro de Decesos Montepio?","og_description":"Obt\u00e9n aqu\u00ed\u3010c\u00f3mo dar de baja o cancelar seguro de decesos Montepio\u3011Modelo carta, fax, correo electr\u00f3nico (email), tel\u00e9fono gratis.","og_url":"https:\/\/idecesos.com\/seguros\/companias\/montepio\/dar-de-baja\/","article_modified_time":"2022-01-26T17:24:57+00:00","twitter_card":"summary_large_image","twitter_misc":{"Tiempo de lectura":"15 minutos"},"schema":{"@context":"https:\/\/schema.org","@graph":[{"@type":"WebPage","@id":"https:\/\/idecesos.com\/seguros\/companias\/montepio\/dar-de-baja\/","url":"https:\/\/idecesos.com\/seguros\/companias\/montepio\/dar-de-baja\/","name":"\u00bfC\u00f3mo dar de Baja o Cancelar Seguro de Decesos Montepio?","isPartOf":{"@id":"https:\/\/idecesos.com\/seguros\/#website"},"datePublished":"2021-12-29T11:45:41+00:00","dateModified":"2022-01-26T17:24:57+00:00","description":"Obt\u00e9n aqu\u00ed\u3010c\u00f3mo dar de baja o cancelar seguro de decesos Montepio\u3011Modelo carta, fax, correo electr\u00f3nico (email), tel\u00e9fono gratis.","breadcrumb":{"@id":"https:\/\/idecesos.com\/seguros\/companias\/montepio\/dar-de-baja\/#breadcrumb"},"inLanguage":"es","potentialAction":[{"@type":"ReadAction","target":["https:\/\/idecesos.com\/seguros\/companias\/montepio\/dar-de-baja\/"]}]},{"@type":"BreadcrumbList","@id":"https:\/\/idecesos.com\/seguros\/companias\/montepio\/dar-de-baja\/#breadcrumb","itemListElement":[{"@type":"ListItem","position":1,"name":"Portada","item":"https:\/\/idecesos.com\/seguros\/"},{"@type":"ListItem","position":2,"name":"Compa\u00f1\u00edas de Seguros de Decesos en Espa\u00f1a","item":"https:\/\/idecesos.com\/seguros\/companias\/"},{"@type":"ListItem","position":3,"name":"Seguro de Decesos Montepio","item":"https:\/\/idecesos.com\/seguros\/companias\/montepio\/"},{"@type":"ListItem","position":4,"name":"\u00bfC\u00f3mo dar de baja seguro Montepio?"}]},{"@type":"WebSite","@id":"https:\/\/idecesos.com\/seguros\/#website","url":"https:\/\/idecesos.com\/seguros\/","name":"","description":"","potentialAction":[{"@type":"SearchAction","target":{"@type":"EntryPoint","urlTemplate":"https:\/\/idecesos.com\/seguros\/?s={search_term_string}"},"query-input":{"@type":"PropertyValueSpecification","valueRequired":true,"valueName":"search_term_string"}}],"inLanguage":"es"}]}},"_links":{"self":[{"href":"https:\/\/idecesos.com\/seguros\/wp-json\/wp\/v2\/pages\/18046","targetHints":{"allow":["GET"]}}],"collection":[{"href":"https:\/\/idecesos.com\/seguros\/wp-json\/wp\/v2\/pages"}],"about":[{"href":"https:\/\/idecesos.com\/seguros\/wp-json\/wp\/v2\/types\/page"}],"author":[{"embeddable":true,"href":"https:\/\/idecesos.com\/seguros\/wp-json\/wp\/v2\/users\/1"}],"replies":[{"embeddable":true,"href":"https:\/\/idecesos.com\/seguros\/wp-json\/wp\/v2\/comments?post=18046"}],"version-history":[{"count":5,"href":"https:\/\/idecesos.com\/seguros\/wp-json\/wp\/v2\/pages\/18046\/revisions"}],"predecessor-version":[{"id":19054,"href":"https:\/\/idecesos.com\/seguros\/wp-json\/wp\/v2\/pages\/18046\/revisions\/19054"}],"up":[{"embeddable":true,"href":"https:\/\/idecesos.com\/seguros\/wp-json\/wp\/v2\/pages\/754"}],"wp:attachment":[{"href":"https:\/\/idecesos.com\/seguros\/wp-json\/wp\/v2\/media?parent=18046"}],"curies":[{"name":"wp","href":"https:\/\/api.w.org\/{rel}","templated":true}]}}