{"id":18050,"date":"2021-12-29T11:52:32","date_gmt":"2021-12-29T11:45:45","guid":{"rendered":"https:\/\/idecesos.com\/seguros\/companias\/adeslas\/dar-de-baja\/"},"modified":"2022-01-27T15:47:27","modified_gmt":"2022-01-27T15:47:27","slug":"dar-de-baja","status":"publish","type":"page","link":"https:\/\/idecesos.com\/seguros\/companias\/adeslas\/dar-de-baja\/","title":{"rendered":"\u00bfC\u00f3mo dar de baja seguro Adeslas?"},"content":{"rendered":"<div id=\"ez-toc-container\" class=\"ez-toc-v2_0_83 ez-toc-wrap-center counter-hierarchy ez-toc-counter ez-toc-custom ez-toc-container-direction\">\n<div class=\"ez-toc-title-container\">\n<p class=\"ez-toc-title\" style=\"cursor:inherit\">Tabla de Contenido<\/p>\n<span class=\"ez-toc-title-toggle\"><a href=\"#\" class=\"ez-toc-pull-right ez-toc-btn ez-toc-btn-xs ez-toc-btn-default ez-toc-toggle\" aria-label=\"Alternar tabla de contenidos\"><span class=\"ez-toc-js-icon-con\"><span class=\"\"><span class=\"eztoc-hide\" style=\"display:none;\">Toggle<\/span><span class=\"ez-toc-icon-toggle-span\"><svg style=\"fill: #db6415;color:#db6415\" xmlns=\"http:\/\/www.w3.org\/2000\/svg\" class=\"list-377408\" width=\"20px\" height=\"20px\" viewBox=\"0 0 24 24\" fill=\"none\"><path d=\"M6 6H4v2h2V6zm14 0H8v2h12V6zM4 11h2v2H4v-2zm16 0H8v2h12v-2zM4 16h2v2H4v-2zm16 0H8v2h12v-2z\" fill=\"currentColor\"><\/path><\/svg><svg style=\"fill: #db6415;color:#db6415\" class=\"arrow-unsorted-368013\" xmlns=\"http:\/\/www.w3.org\/2000\/svg\" width=\"10px\" height=\"10px\" viewBox=\"0 0 24 24\" version=\"1.2\" baseProfile=\"tiny\"><path d=\"M18.2 9.3l-6.2-6.3-6.2 6.3c-.2.2-.3.4-.3.7s.1.5.3.7c.2.2.4.3.7.3h11c.3 0 .5-.1.7-.3.2-.2.3-.5.3-.7s-.1-.5-.3-.7zM5.8 14.7l6.2 6.3 6.2-6.3c.2-.2.3-.5.3-.7s-.1-.5-.3-.7c-.2-.2-.4-.3-.7-.3h-11c-.3 0-.5.1-.7.3-.2.2-.3.5-.3.7s.1.5.3.7z\"\/><\/svg><\/span><\/span><\/span><\/a><\/span><\/div>\n<nav><ul class='ez-toc-list ez-toc-list-level-1 ' ><li class='ez-toc-page-1 ez-toc-heading-level-2'><a class=\"ez-toc-link ez-toc-heading-1\" href=\"https:\/\/idecesos.com\/seguros\/companias\/adeslas\/dar-de-baja\/#Diferentes_opciones_para_cancelar_un_contrato_con_Adeslas\" >Diferentes opciones para cancelar un contrato con Adeslas<\/a><ul class='ez-toc-list-level-3' ><li class='ez-toc-heading-level-3'><a class=\"ez-toc-link ez-toc-heading-2\" href=\"https:\/\/idecesos.com\/seguros\/companias\/adeslas\/dar-de-baja\/#A_traves_de_la_web_de_Adeslas\" >A trav\u00e9s de la web de Adeslas<\/a><\/li><li class='ez-toc-page-1 ez-toc-heading-level-3'><a class=\"ez-toc-link ez-toc-heading-3\" href=\"https:\/\/idecesos.com\/seguros\/companias\/adeslas\/dar-de-baja\/#Utilizando_el_correo_electronico_de_Adeslas\" >Utilizando el correo electr\u00f3nico de Adeslas<\/a><\/li><li class='ez-toc-page-1 ez-toc-heading-level-3'><a class=\"ez-toc-link ez-toc-heading-4\" href=\"https:\/\/idecesos.com\/seguros\/companias\/adeslas\/dar-de-baja\/#Dar_de_baja_Adeslas_por_fax\" >Dar de baja Adeslas por fax<\/a><\/li><li class='ez-toc-page-1 ez-toc-heading-level-3'><a class=\"ez-toc-link ez-toc-heading-5\" href=\"https:\/\/idecesos.com\/seguros\/companias\/adeslas\/dar-de-baja\/#En_la_oficina_de_Adeslas\" >En la oficina de Adeslas<\/a><\/li><li class='ez-toc-page-1 ez-toc-heading-level-3'><a class=\"ez-toc-link ez-toc-heading-6\" href=\"https:\/\/idecesos.com\/seguros\/companias\/adeslas\/dar-de-baja\/#Telefono_para_dar_de_baja_Adeslas\" >T\u00e9lefono para dar de baja Adeslas<\/a><\/li><\/ul><\/li><li class='ez-toc-page-1 ez-toc-heading-level-2'><a class=\"ez-toc-link ez-toc-heading-7\" href=\"https:\/\/idecesos.com\/seguros\/companias\/adeslas\/dar-de-baja\/#Dar_de_baja_seguro_Adeslas_de_un_fallecido\" >Dar de baja seguro Adeslas de un fallecido<\/a><\/li><\/ul><\/nav><\/div>\n<p> Es muy simple dar de baja tu seguro con tan solo proseguir los pasos que te mostramos ahora. Hay que comenzar por repasar su propia factura o contrato de seguro de decesos, ah\u00ed encontrar\u00e1 los datos de Adeslas a la que pertenece su seguro de decesos. Una vez que tenga esta informaci\u00f3n va a poder buscar la direcci\u00f3n de la compa\u00f1\u00eda en Internet. Tras obtener la direcci\u00f3n de la compa\u00f1\u00eda, debe llamar al tel\u00e9fono de atenci\u00f3n al usuario para poder dar de baja su seguro de decesos. Tras haber llamado a atenci\u00f3n al usuario deber\u00e1 solicitar la baja de su seguro de decesos, va a poder hacerlo por tel\u00e9fono o bien por correo. Debes comunicarle a tu empresa aseguradora tu deseo por escrito de darte de baja de tu seguro de decesos para que no se hagan cargo de los servicios. <div class=\"colorf \"  ><div class=\"container clearfix\"><div class=\"col-md-7\"><\/p>\r\n<h2><span class=\"ez-toc-section\" id=\"Diferentes_opciones_para_cancelar_un_contrato_con_Adeslas\"><\/span>Diferentes opciones para cancelar un contrato con Adeslas<span class=\"ez-toc-section-end\"><\/span><\/h2>\r\n<!-- \/wp:post-content -->\r\n\r\n<!-- wp:paragraph -->\r\n<p>No todas las compa\u00f1\u00edas de seguros de decesos funcionan de la misma manera, pero casi todas le solicitan a sus clientes del servicio un documento en el que usted solicita dar de baja sus servicios. Puede conseguir el documento de Adeslas contactando a trav\u00e9s del n\u00famero de tel\u00e9fono o e mail que tenemos a su disposici\u00f3n. Sea como sea, la forma que decida en la que darse de baja, si escoge la opci\u00f3n de expedir una carta certificada, en la que conste la cancelaci\u00f3n del contrato Adeslas, esta va a deber admitirlo y darlo por v\u00e1lido. Le recomendamos que guarde el resguardo del documento y que haga una copia. Seguidamente, va a poder conocer m\u00e1s m\u00e9todos que le sirva de ayuda para dar de baja su seguro de decesos contratado con Adeslas. <\/div><\/div><\/div><\/p>\r\n<h3><span class=\"ez-toc-section\" id=\"A_traves_de_la_web_de_Adeslas\"><\/span>A trav\u00e9s de la web de Adeslas<span class=\"ez-toc-section-end\"><\/span><\/h3>\r\n<p>Es de vital importancia que revises que todos los datos est\u00e1n bien expuestos. \u00bfDe qu\u00e9 manera darse de baja por medio de el sitio web de la compa\u00f1\u00eda?La forma m\u00e1s f\u00e1cil es usando el buscador que podr\u00e1s localizar en la p\u00e1gina de la compa\u00f1\u00eda y escribiendo lo que necesitas saber. Puedes llamar al tel\u00e9fono de atenci\u00f3n al usuario de tu compa\u00f1\u00eda para pedir m\u00e1s informaci\u00f3n sobre c\u00f3mo puedes dar de baja tu seguro en internet. Para lograr que la solicitud de la baja sea gestionada de forma correcta, deber\u00e1s rellenar un formulario. Es muy importante que revise con detenimiento si tiene todos y cada uno de los datos que solicita Adeslas en tanto que de lo contrario no va a recibir confirmaci\u00f3n de la baja. <div class=\"colorf \"  ><div class=\"container clearfix\"><div class=\"col-md-7\"><\/p>\r\n<h3><span class=\"ez-toc-section\" id=\"Utilizando_el_correo_electronico_de_Adeslas\"><\/span>Utilizando el correo electr\u00f3nico de Adeslas<span class=\"ez-toc-section-end\"><\/span><\/h3>\r\n<p>Puedes ponerte en contacto con tu aseguradora por correo si quieres concluir un contrato de tu seguro de decesos con ellos. En apenas unos minutos podr\u00e1 enviarles a su email la pr\u00f3xima informaci\u00f3n: una copia del documento nacional de identidad del tomador y la notificaci\u00f3n con un escrito solicitando la baja, que anteriormente le hemos dicho de qu\u00e9 manera conseguirla, firmada por el asegurado con sus datos personales. Deber\u00e1 guardar una copia sellada y tener un justificante de recibo a fin de que su ejecuci\u00f3n pueda llevarse a cabo. Adem\u00e1s de esto, con lo que pueda pasar, le aconsejamos que guarde una imitaci\u00f3n de la notificaci\u00f3n del correo con su data de env\u00edo por lo que pueda ocurrir en el futuro. Deber\u00e1s mandar a tu compa\u00f1\u00eda de seguros tu n\u00famero de p\u00f3liza 30 d\u00edas antes del fin del contrato. <\/div><\/div><\/div><\/p>\r\n<h3><span class=\"ez-toc-section\" id=\"Dar_de_baja_Adeslas_por_fax\"><\/span>Dar de baja Adeslas por fax<span class=\"ez-toc-section-end\"><\/span><\/h3>\r\n<p>Puedes pedir la baja de tu seguro de decesos a trav\u00e9s del fax de una manera f\u00e1cil y veloz con tan solo mandar los datos personales y tu n\u00famero de p\u00f3liza. Debes de fotocopiar tu documento de identidad y enviarlo tanto por delante como por detr\u00e1s 1 mes ya antes del fin del contrato de tu seguro de decesos a fin de que se pueda tramitar con correcci\u00f3n. Cuando tengas todos y cada uno de los datos listos, encuentra el n\u00famero del fax de tu compa\u00f1\u00eda aseguradora para poder enviarlos. Adem\u00e1s recomendamos que guarde la confirmaci\u00f3n de env\u00edo por si acaso le reclaman la prima a su renovaci\u00f3n. <div class=\"colorf \"  ><div class=\"container clearfix\"><div class=\"col-md-7\"><\/p>\r\n<h3><span class=\"ez-toc-section\" id=\"En_la_oficina_de_Adeslas\"><\/span>En la oficina de Adeslas<span class=\"ez-toc-section-end\"><\/span><\/h3>\r\n<p>Si quieres que los agentes de tu compa\u00f1\u00eda te asesoren, tendr\u00e1s que asistir a la oficina de tu compa\u00f1\u00eda para efectuar los tr\u00e1mites de la baja del seguro de decesos. Esto puede provocar un instante embarazoso para usted y si tiene claro que desea cancelar su contrato deber\u00e1 aportar un escrito solicit\u00e1ndolo con copia de su dni y que en la misma oficina le apliquen un sello de entrada con el logotipo oficial de Adeslas y con la data de ese mismo d\u00eda. Deber\u00e1n ponerte un sello con el que quede reflejado que los datos recibidos por parte del asegurado son los correctos para proceder a dar la baja al seguro de decesos. Con respecto al tiempo la fecha certifica que ha solicitado su ca\u00edda como cliente del servicio en el periodo establecido por la Ley General de Seguros (m\u00ednimo un mes de antelaci\u00f3n). <\/div><\/div><\/div><\/p>\r\n<h3><span class=\"ez-toc-section\" id=\"Telefono_para_dar_de_baja_Adeslas\"><\/span>T\u00e9lefono para dar de baja Adeslas<span class=\"ez-toc-section-end\"><\/span><\/h3>\r\n<p>Para darse de baja de su seguro de decesos a trav\u00e9s de por tel\u00e9fono tendr\u00e1 que proseguir los pasos que el agente de Adeslas le vaya diciendo. Por tanto, podr\u00e1 contactar buscando su n\u00famero en Internet o, llamando al 900 50 50 40. Siguiendo los pasos que le indiquen, en tan solo un par de minutos todo va a estar solucionado y el agente se pondr\u00e1 de forma inmediata con todos los tr\u00e1mites para acabar con su contrato de baja, con lo que puede estar tranquilo. <div class=\"colorf \"  ><div class=\"container clearfix\"><div class=\"col-md-7\"><\/p>\r\n<h2><span class=\"ez-toc-section\" id=\"Dar_de_baja_seguro_Adeslas_de_un_fallecido\"><\/span>Dar de baja seguro Adeslas de un fallecido<span class=\"ez-toc-section-end\"><\/span><\/h2>\r\n<p>Finalmente, le explicaremos de qu\u00e9 forma dar de baja el seguro de decesos tras el fallecimiento del asegurado. Semeja algo complejo puesto que el contratante del seguro ya no se encuentra con nosotros mas es la forma m\u00e1s sencilla de cancelar un seguro de decesos. No tendr\u00e1 que preocuparse por los tr\u00e1mites citados previamente. En exactamente el mismo instante de la muerte de la persona asegurada, Adeslas se ocupar\u00e1 de anular el seguro que ten\u00eda contratado. Para la tranquilidad de sus familiares, cuando ocurra el fallecimiento del ser querido, la compa\u00f1\u00eda se har\u00e1 cargo de todos los tr\u00e1mites necesarios. <\/div><\/div><\/div> <div class=\"oficinas\"> <h3>P\u00e1ginas relacionadas<\/h3><div class=\"enlazado\"><ul> <li><a href=\"https:\/\/idecesos.com\/seguros\/companias\/adeslas\/caixa\/\">Seguro de decesos Caixa Adeslas<\/a><\/li> <li><a href=\"https:\/\/idecesos.com\/seguros\/companias\/adeslas\/coberturas\/\">Coberturas Seguro de decesos Adeslas<\/a><\/li> <li><a href=\"https:\/\/idecesos.com\/seguros\/companias\/adeslas\/opiniones\/\">Opiniones Adeslas<\/a><\/li> <li><a href=\"https:\/\/idecesos.com\/seguros\/companias\/adeslas\/precio\/\">Precio seguro Adeslas<\/a><\/li> <li><a href=\"https:\/\/idecesos.com\/seguros\/companias\/adeslas\/prima-mixta\/\">Adeslas Prima Mixta<\/a><\/li> <li><a href=\"https:\/\/idecesos.com\/seguros\/companias\/adeslas\/prima-natural\/\">Adeslas Prima Natural<\/a><\/li> <li><a href=\"https:\/\/idecesos.com\/seguros\/companias\/adeslas\/prima-nivelada\/\">Adeslas Prima Nivelada<\/a><\/li> <li><a href=\"https:\/\/idecesos.com\/seguros\/companias\/adeslas\/prima-unica\/\">Adeslas Prima \u00danica<\/a><\/li> <li><a href=\"https:\/\/idecesos.com\/seguros\/companias\/adeslas\/repatriacion\/\">Adeslas Repatriaci\u00f3n<\/a><\/li> <li><a href=\"https:\/\/idecesos.com\/seguros\/companias\/adeslas\/segurcaixa\/\">Seguro de decesos Segurcaixa Adeslas<\/a><\/li> <li><a href=\"https:\/\/idecesos.com\/seguros\/companias\/adeslas\/telefono\/\">Tel\u00e9fono Gratuito Adeslas<\/a><\/li><\/ul><\/div> <\/div><\/p>","protected":false},"excerpt":{"rendered":"<p>Es muy simple dar de baja tu seguro con tan solo proseguir los pasos que te mostramos ahora. Hay que comenzar por repasar su propia factura o contrato de seguro de decesos, ah\u00ed encontrar\u00e1 los datos de Adeslas a la que pertenece su seguro de decesos. Una vez que tenga esta informaci\u00f3n va a poder&hellip; <\/p>\n","protected":false},"author":1,"featured_media":0,"parent":215,"menu_order":0,"comment_status":"closed","ping_status":"closed","template":"single.php","meta":{"footnotes":""},"class_list":["post-18050","page","type-page","status-publish","hentry"],"yoast_head":"<!-- This site is optimized with the Yoast SEO plugin v27.6 - https:\/\/yoast.com\/product\/yoast-seo-wordpress\/ -->\n<title>\u00bfC\u00f3mo dar de Baja o Cancelar Seguro de Decesos Adeslas?<\/title>\n<meta name=\"description\" content=\"Obt\u00e9n aqu\u00ed\u3010c\u00f3mo dar de baja o cancelar seguro de decesos Adeslas\u3011Modelo carta, fax, correo electr\u00f3nico (email), tel\u00e9fono gratis.\" \/>\n<meta name=\"robots\" content=\"index, follow, max-snippet:-1, max-image-preview:large, max-video-preview:-1\" \/>\n<link rel=\"canonical\" href=\"https:\/\/idecesos.com\/seguros\/companias\/adeslas\/dar-de-baja\/\" \/>\n<meta property=\"og:locale\" content=\"es_ES\" \/>\n<meta property=\"og:type\" content=\"article\" \/>\n<meta property=\"og:title\" content=\"\u00bfC\u00f3mo dar de Baja o Cancelar Seguro de Decesos Adeslas?\" \/>\n<meta property=\"og:description\" content=\"Obt\u00e9n aqu\u00ed\u3010c\u00f3mo dar de baja o cancelar seguro de decesos Adeslas\u3011Modelo carta, fax, correo electr\u00f3nico (email), tel\u00e9fono gratis.\" \/>\n<meta property=\"og:url\" content=\"https:\/\/idecesos.com\/seguros\/companias\/adeslas\/dar-de-baja\/\" \/>\n<meta property=\"article:modified_time\" content=\"2022-01-27T15:47:27+00:00\" \/>\n<meta name=\"twitter:card\" content=\"summary_large_image\" \/>\n<meta name=\"twitter:label1\" content=\"Tiempo de lectura\" \/>\n\t<meta name=\"twitter:data1\" content=\"15 minutos\" \/>\n<script type=\"application\/ld+json\" class=\"yoast-schema-graph\">{\"@context\":\"https:\\\/\\\/schema.org\",\"@graph\":[{\"@type\":\"WebPage\",\"@id\":\"https:\\\/\\\/idecesos.com\\\/seguros\\\/companias\\\/adeslas\\\/dar-de-baja\\\/\",\"url\":\"https:\\\/\\\/idecesos.com\\\/seguros\\\/companias\\\/adeslas\\\/dar-de-baja\\\/\",\"name\":\"\u00bfC\u00f3mo dar de Baja o Cancelar Seguro de Decesos Adeslas?\",\"isPartOf\":{\"@id\":\"https:\\\/\\\/idecesos.com\\\/seguros\\\/#website\"},\"datePublished\":\"2021-12-29T11:45:45+00:00\",\"dateModified\":\"2022-01-27T15:47:27+00:00\",\"description\":\"Obt\u00e9n aqu\u00ed\u3010c\u00f3mo dar de baja o cancelar seguro de decesos Adeslas\u3011Modelo carta, fax, correo electr\u00f3nico (email), tel\u00e9fono gratis.\",\"breadcrumb\":{\"@id\":\"https:\\\/\\\/idecesos.com\\\/seguros\\\/companias\\\/adeslas\\\/dar-de-baja\\\/#breadcrumb\"},\"inLanguage\":\"es\",\"potentialAction\":[{\"@type\":\"ReadAction\",\"target\":[\"https:\\\/\\\/idecesos.com\\\/seguros\\\/companias\\\/adeslas\\\/dar-de-baja\\\/\"]}]},{\"@type\":\"BreadcrumbList\",\"@id\":\"https:\\\/\\\/idecesos.com\\\/seguros\\\/companias\\\/adeslas\\\/dar-de-baja\\\/#breadcrumb\",\"itemListElement\":[{\"@type\":\"ListItem\",\"position\":1,\"name\":\"Portada\",\"item\":\"https:\\\/\\\/idecesos.com\\\/seguros\\\/\"},{\"@type\":\"ListItem\",\"position\":2,\"name\":\"Compa\u00f1\u00edas de Seguros de Decesos en Espa\u00f1a\",\"item\":\"https:\\\/\\\/idecesos.com\\\/seguros\\\/companias\\\/\"},{\"@type\":\"ListItem\",\"position\":3,\"name\":\"Seguro de Decesos Adeslas\",\"item\":\"https:\\\/\\\/idecesos.com\\\/seguros\\\/companias\\\/adeslas\\\/\"},{\"@type\":\"ListItem\",\"position\":4,\"name\":\"\u00bfC\u00f3mo dar de baja seguro Adeslas?\"}]},{\"@type\":\"WebSite\",\"@id\":\"https:\\\/\\\/idecesos.com\\\/seguros\\\/#website\",\"url\":\"https:\\\/\\\/idecesos.com\\\/seguros\\\/\",\"name\":\"\",\"description\":\"\",\"potentialAction\":[{\"@type\":\"SearchAction\",\"target\":{\"@type\":\"EntryPoint\",\"urlTemplate\":\"https:\\\/\\\/idecesos.com\\\/seguros\\\/?s={search_term_string}\"},\"query-input\":{\"@type\":\"PropertyValueSpecification\",\"valueRequired\":true,\"valueName\":\"search_term_string\"}}],\"inLanguage\":\"es\"}]}<\/script>\n<!-- \/ Yoast SEO plugin. -->","yoast_head_json":{"title":"\u00bfC\u00f3mo dar de Baja o Cancelar Seguro de Decesos Adeslas?","description":"Obt\u00e9n aqu\u00ed\u3010c\u00f3mo dar de baja o cancelar seguro de decesos Adeslas\u3011Modelo carta, fax, correo electr\u00f3nico (email), tel\u00e9fono gratis.","robots":{"index":"index","follow":"follow","max-snippet":"max-snippet:-1","max-image-preview":"max-image-preview:large","max-video-preview":"max-video-preview:-1"},"canonical":"https:\/\/idecesos.com\/seguros\/companias\/adeslas\/dar-de-baja\/","og_locale":"es_ES","og_type":"article","og_title":"\u00bfC\u00f3mo dar de Baja o Cancelar Seguro de Decesos Adeslas?","og_description":"Obt\u00e9n aqu\u00ed\u3010c\u00f3mo dar de baja o cancelar seguro de decesos Adeslas\u3011Modelo carta, fax, correo electr\u00f3nico (email), tel\u00e9fono gratis.","og_url":"https:\/\/idecesos.com\/seguros\/companias\/adeslas\/dar-de-baja\/","article_modified_time":"2022-01-27T15:47:27+00:00","twitter_card":"summary_large_image","twitter_misc":{"Tiempo de lectura":"15 minutos"},"schema":{"@context":"https:\/\/schema.org","@graph":[{"@type":"WebPage","@id":"https:\/\/idecesos.com\/seguros\/companias\/adeslas\/dar-de-baja\/","url":"https:\/\/idecesos.com\/seguros\/companias\/adeslas\/dar-de-baja\/","name":"\u00bfC\u00f3mo dar de Baja o Cancelar Seguro de Decesos Adeslas?","isPartOf":{"@id":"https:\/\/idecesos.com\/seguros\/#website"},"datePublished":"2021-12-29T11:45:45+00:00","dateModified":"2022-01-27T15:47:27+00:00","description":"Obt\u00e9n aqu\u00ed\u3010c\u00f3mo dar de baja o cancelar seguro de decesos Adeslas\u3011Modelo carta, fax, correo electr\u00f3nico (email), tel\u00e9fono gratis.","breadcrumb":{"@id":"https:\/\/idecesos.com\/seguros\/companias\/adeslas\/dar-de-baja\/#breadcrumb"},"inLanguage":"es","potentialAction":[{"@type":"ReadAction","target":["https:\/\/idecesos.com\/seguros\/companias\/adeslas\/dar-de-baja\/"]}]},{"@type":"BreadcrumbList","@id":"https:\/\/idecesos.com\/seguros\/companias\/adeslas\/dar-de-baja\/#breadcrumb","itemListElement":[{"@type":"ListItem","position":1,"name":"Portada","item":"https:\/\/idecesos.com\/seguros\/"},{"@type":"ListItem","position":2,"name":"Compa\u00f1\u00edas de Seguros de Decesos en Espa\u00f1a","item":"https:\/\/idecesos.com\/seguros\/companias\/"},{"@type":"ListItem","position":3,"name":"Seguro de Decesos Adeslas","item":"https:\/\/idecesos.com\/seguros\/companias\/adeslas\/"},{"@type":"ListItem","position":4,"name":"\u00bfC\u00f3mo dar de baja seguro Adeslas?"}]},{"@type":"WebSite","@id":"https:\/\/idecesos.com\/seguros\/#website","url":"https:\/\/idecesos.com\/seguros\/","name":"","description":"","potentialAction":[{"@type":"SearchAction","target":{"@type":"EntryPoint","urlTemplate":"https:\/\/idecesos.com\/seguros\/?s={search_term_string}"},"query-input":{"@type":"PropertyValueSpecification","valueRequired":true,"valueName":"search_term_string"}}],"inLanguage":"es"}]}},"_links":{"self":[{"href":"https:\/\/idecesos.com\/seguros\/wp-json\/wp\/v2\/pages\/18050","targetHints":{"allow":["GET"]}}],"collection":[{"href":"https:\/\/idecesos.com\/seguros\/wp-json\/wp\/v2\/pages"}],"about":[{"href":"https:\/\/idecesos.com\/seguros\/wp-json\/wp\/v2\/types\/page"}],"author":[{"embeddable":true,"href":"https:\/\/idecesos.com\/seguros\/wp-json\/wp\/v2\/users\/1"}],"replies":[{"embeddable":true,"href":"https:\/\/idecesos.com\/seguros\/wp-json\/wp\/v2\/comments?post=18050"}],"version-history":[{"count":4,"href":"https:\/\/idecesos.com\/seguros\/wp-json\/wp\/v2\/pages\/18050\/revisions"}],"predecessor-version":[{"id":19077,"href":"https:\/\/idecesos.com\/seguros\/wp-json\/wp\/v2\/pages\/18050\/revisions\/19077"}],"up":[{"embeddable":true,"href":"https:\/\/idecesos.com\/seguros\/wp-json\/wp\/v2\/pages\/215"}],"wp:attachment":[{"href":"https:\/\/idecesos.com\/seguros\/wp-json\/wp\/v2\/media?parent=18050"}],"curies":[{"name":"wp","href":"https:\/\/api.w.org\/{rel}","templated":true}]}}