{"id":18051,"date":"2021-12-29T11:52:32","date_gmt":"2021-12-29T11:45:46","guid":{"rendered":"https:\/\/idecesos.com\/seguros\/companias\/dkv\/dar-de-baja\/"},"modified":"2022-01-27T16:15:29","modified_gmt":"2022-01-27T16:15:29","slug":"dar-de-baja","status":"publish","type":"page","link":"https:\/\/idecesos.com\/seguros\/companias\/dkv\/dar-de-baja\/","title":{"rendered":"\u00bfC\u00f3mo dar de baja seguro DKV?"},"content":{"rendered":"<div id=\"ez-toc-container\" class=\"ez-toc-v2_0_82_2 ez-toc-wrap-center counter-hierarchy ez-toc-counter ez-toc-custom ez-toc-container-direction\">\n<div class=\"ez-toc-title-container\">\n<p class=\"ez-toc-title\" style=\"cursor:inherit\">Tabla de Contenido<\/p>\n<span class=\"ez-toc-title-toggle\"><a href=\"#\" class=\"ez-toc-pull-right ez-toc-btn ez-toc-btn-xs ez-toc-btn-default ez-toc-toggle\" aria-label=\"Alternar tabla de contenidos\"><span class=\"ez-toc-js-icon-con\"><span class=\"\"><span class=\"eztoc-hide\" style=\"display:none;\">Toggle<\/span><span class=\"ez-toc-icon-toggle-span\"><svg style=\"fill: #db6415;color:#db6415\" xmlns=\"http:\/\/www.w3.org\/2000\/svg\" class=\"list-377408\" width=\"20px\" height=\"20px\" viewBox=\"0 0 24 24\" fill=\"none\"><path d=\"M6 6H4v2h2V6zm14 0H8v2h12V6zM4 11h2v2H4v-2zm16 0H8v2h12v-2zM4 16h2v2H4v-2zm16 0H8v2h12v-2z\" fill=\"currentColor\"><\/path><\/svg><svg style=\"fill: #db6415;color:#db6415\" class=\"arrow-unsorted-368013\" xmlns=\"http:\/\/www.w3.org\/2000\/svg\" width=\"10px\" height=\"10px\" viewBox=\"0 0 24 24\" version=\"1.2\" baseProfile=\"tiny\"><path d=\"M18.2 9.3l-6.2-6.3-6.2 6.3c-.2.2-.3.4-.3.7s.1.5.3.7c.2.2.4.3.7.3h11c.3 0 .5-.1.7-.3.2-.2.3-.5.3-.7s-.1-.5-.3-.7zM5.8 14.7l6.2 6.3 6.2-6.3c.2-.2.3-.5.3-.7s-.1-.5-.3-.7c-.2-.2-.4-.3-.7-.3h-11c-.3 0-.5.1-.7.3-.2.2-.3.5-.3.7s.1.5.3.7z\"\/><\/svg><\/span><\/span><\/span><\/a><\/span><\/div>\n<nav><ul class='ez-toc-list ez-toc-list-level-1 ' ><li class='ez-toc-page-1 ez-toc-heading-level-2'><a class=\"ez-toc-link ez-toc-heading-1\" href=\"https:\/\/idecesos.com\/seguros\/companias\/dkv\/dar-de-baja\/#Diferentes_opciones_para_cancelar_un_contrato_con_DKV\" >Diferentes opciones para cancelar un contrato con DKV<\/a><ul class='ez-toc-list-level-3' ><li class='ez-toc-heading-level-3'><a class=\"ez-toc-link ez-toc-heading-2\" href=\"https:\/\/idecesos.com\/seguros\/companias\/dkv\/dar-de-baja\/#A_traves_de_la_web_de_DKV\" >A trav\u00e9s de la web de DKV<\/a><\/li><li class='ez-toc-page-1 ez-toc-heading-level-3'><a class=\"ez-toc-link ez-toc-heading-3\" href=\"https:\/\/idecesos.com\/seguros\/companias\/dkv\/dar-de-baja\/#Utilizando_el_correo_electronico_de_DKV\" >Utilizando el correo electr\u00f3nico de DKV<\/a><\/li><li class='ez-toc-page-1 ez-toc-heading-level-3'><a class=\"ez-toc-link ez-toc-heading-4\" href=\"https:\/\/idecesos.com\/seguros\/companias\/dkv\/dar-de-baja\/#Dar_de_baja_DKV_por_fax\" >Dar de baja DKV por fax<\/a><\/li><li class='ez-toc-page-1 ez-toc-heading-level-3'><a class=\"ez-toc-link ez-toc-heading-5\" href=\"https:\/\/idecesos.com\/seguros\/companias\/dkv\/dar-de-baja\/#En_la_oficina_de_DKV\" >En la oficina de DKV<\/a><\/li><li class='ez-toc-page-1 ez-toc-heading-level-3'><a class=\"ez-toc-link ez-toc-heading-6\" href=\"https:\/\/idecesos.com\/seguros\/companias\/dkv\/dar-de-baja\/#Telefono_para_dar_de_baja_DKV\" >T\u00e9lefono para dar de baja DKV<\/a><\/li><\/ul><\/li><li class='ez-toc-page-1 ez-toc-heading-level-2'><a class=\"ez-toc-link ez-toc-heading-7\" href=\"https:\/\/idecesos.com\/seguros\/companias\/dkv\/dar-de-baja\/#Dar_de_baja_seguro_DKV_de_un_fallecido\" >Dar de baja seguro DKV de un fallecido<\/a><ul class='ez-toc-list-level-3' ><li class='ez-toc-heading-level-3'><a class=\"ez-toc-link ez-toc-heading-8\" href=\"https:\/\/idecesos.com\/seguros\/companias\/dkv\/dar-de-baja\/#Paginas_relacionadas\" >P\u00e1ginas relacionadas<\/a><\/li><\/ul><\/li><\/ul><\/nav><\/div>\n<p> Para dar de baja su seguro de decesos en DKV deber\u00e1 proseguir los pr\u00f3ximos pasos. En el contrato o factura de tu seguro, te informar\u00e1n de todos los datos de tu compa\u00f1\u00eda aseguradora. Cuando tenga esta informaci\u00f3n va a poder buscar la direcci\u00f3n de la compa\u00f1\u00eda en Internet. Cuando conozcas la direcci\u00f3n de tu compa\u00f1\u00eda de seguros, ponte en contacto con ellos a trav\u00e9s de su tel\u00e9fono de atenci\u00f3n al cliente. Puedes dar de baja tu seguro de decesos mediante email o bien por tel\u00e9fono. Al haber dado de baja su seguro de decesos podr\u00e1 comunicar a la compa\u00f1\u00eda por escrito la resoluci\u00f3n, si ha hecho esto ya podr\u00e1 comunicar a la compa\u00f1\u00eda que ya no se quiere hacer cargo de su seguro de defunci\u00f3n. <div class=\"colorf \"  ><div class=\"container clearfix\"><div class=\"col-md-7\"><\/p>\r\n<h2><span class=\"ez-toc-section\" id=\"Diferentes_opciones_para_cancelar_un_contrato_con_DKV\"><\/span>Diferentes opciones para cancelar un contrato con DKV<span class=\"ez-toc-section-end\"><\/span><\/h2>\r\n<!-- \/wp:post-content -->\r\n\r\n<!-- wp:paragraph -->\r\n<p>Cada compa\u00f1\u00eda funciona de una manera diferente pero, en casi todas ellas, va a deber entregar un documento en el que pida la baja de su seguro de decesos y, en consecuencia, sus servicios. Contactando con nosotros, a trav\u00e9s del e mail o bien n\u00famero de tel\u00e9fono disponible, va a poder obtener el documento de compa\u00f1\u00eda. Si bien existan diferentes maneras de dar de baja su seguro, al mandar una carta certificada, con el modelo est\u00e1ndar, de cancelaci\u00f3n de su contrato con DKV, deber\u00e1 darlo por \u00f3ptimo. Es recomendable que haga una copia del documento y la guarde al lado del original. Ahora, se le ense\u00f1ar\u00e1 diferentes m\u00e9todos para dar de baja su seguro de decesos DKV. <\/div><\/div><\/div><\/p>\r\n<h3><span class=\"ez-toc-section\" id=\"A_traves_de_la_web_de_DKV\"><\/span>A trav\u00e9s de la web de DKV<span class=\"ez-toc-section-end\"><\/span><\/h3>\r\n<p>Otros de los m\u00e9todos es desde la p\u00e1gina web de DKV: dkv.es\/particulares. Solo deber\u00e1s consultar al buscador de su web lo que desees saber o, entrar en su secci\u00f3n de bajas. Entonces, tendr\u00e1s dos opciones: rellenar el formulario que le proporcionan o bien, bajar el documento pertinente. Puede llamar al n\u00famero 976 506 000\u00a0o expedir un correo a esta direcci\u00f3n email DKV, si ocurre alguna incidencia en el proceso. En el caso de que todo vaya bien, en tan solo un par de minutos recibir\u00e1 una notificaci\u00f3n v\u00eda e-mail informando de su baja del seguro de decesos de DKV. <div class=\"colorf \"  ><div class=\"container clearfix\"><div class=\"col-md-7\"><\/p>\r\n<h3><span class=\"ez-toc-section\" id=\"Utilizando_el_correo_electronico_de_DKV\"><\/span>Utilizando el correo electr\u00f3nico de DKV<span class=\"ez-toc-section-end\"><\/span><\/h3>\r\n<p>Si lo prefieres, puedes solicitar la baja del seguro de decesos a trav\u00e9s del email de la compa\u00f1\u00eda. El proceso es sencill\u00edsimo en tanto que solo deber\u00e1s enviar un correo y recibir\u00e1s en pocos minutos una respuesta. Tendr\u00e1s que mandarle a la compa\u00f1\u00eda la copia de tu documento nacional de identidad y el documento firmado con tus datos personales para proceder a la baja del contrato del seguro de decesos. Si precisas resolver alguna pregunta, contacta con nosotros en el 951 127 403 o bien en el info@idecesos. com. Le recordamos que deber\u00e1 guardar una copia sellada y tener un justificante de recibo para que su ejecuci\u00f3n pueda hacerse. Para tu mayor calma, guarda asimismo una copia de la notificaci\u00f3n del d\u00eda en el que la enviastes. <\/div><\/div><\/div><\/p>\r\n<h3><span class=\"ez-toc-section\" id=\"Dar_de_baja_DKV_por_fax\"><\/span>Dar de baja DKV por fax<span class=\"ez-toc-section-end\"><\/span><\/h3>\r\n<p>Otro de los m\u00e9todos para dar de baja tu seguro de decesos es a trav\u00e9s del fax. El procedimiento es similar al env\u00edo del e mail solo que tendr\u00e1s que utilizar el fax. Mande a DKV por medio de esta herramienta una imitaci\u00f3n de su documento de identidad y la notificaci\u00f3n firmada de baja que puede hallar en la web de DKV. Ll\u00e1manos en el 951 127 403 y te informaremos sobre donde puedes encontrar la notificaci\u00f3n. Te recordamos que tendr\u00e1s que guardar la copia sellada y el justificante. La copia de la notificaci\u00f3n con la data de env\u00edo asimismo es importante que la guardes. <div class=\"colorf \"  ><div class=\"container clearfix\"><div class=\"col-md-7\"><\/p>\r\n<h3><span class=\"ez-toc-section\" id=\"En_la_oficina_de_DKV\"><\/span>En la oficina de DKV<span class=\"ez-toc-section-end\"><\/span><\/h3>\r\n<p>Si tienes alguna duda, te recomendamos que acudas a la oficina de tu compa\u00f1\u00eda a fin de que puedas realizar la baja de tu seguro y sus agentes te aconsejen personalmente. Si tienes claro de que deseas cancelar tu seguro de decesos, deber\u00e1s dejarlo por escrito anexando una copia de tu documento nacional de identidad. En la oficina te aplicar\u00e1n un sello con la data del d\u00eda. Deber\u00e1n ponerte un sello con el que quede reflejado que los datos recibidos por parte del asegurado son los adecuados para proceder a dar la baja al seguro de decesos. En la fecha debe exponerse que el contrato fue anulado un mes antes del fin del contrato. <\/div><\/div><\/div><\/p>\r\n<h3><span class=\"ez-toc-section\" id=\"Telefono_para_dar_de_baja_DKV\"><\/span>T\u00e9lefono para dar de baja DKV<span class=\"ez-toc-section-end\"><\/span><\/h3>\r\n<p>Tambi\u00e9n va a poder darse de baja a trav\u00e9s de una llamada telef\u00f3nica. Puede ponerse en contacto con DKV llamando, directamente, al siguiente n\u00famero 976 506 000. Indique al asistente para qu\u00e9 exactamente ha llamado y siga los pasos que este le vaya indicando. Siguiendo los pasos indicados, lo va a tener todo solucionado de manera r\u00e1pida y, el experto, se ocupar\u00e1 de dar fin a su seguro de decesos. iDecesos puede ayudarle y aconsejarle para que halle un nuevo seguro, que se amolde bien a sus necesidades. <div class=\"colorf \"  ><div class=\"container clearfix\"><div class=\"col-md-7\"><\/p>\r\n<h2><span class=\"ez-toc-section\" id=\"Dar_de_baja_seguro_DKV_de_un_fallecido\"><\/span>Dar de baja seguro DKV de un fallecido<span class=\"ez-toc-section-end\"><\/span><\/h2>\r\n<p>Ahora, te vamos a dar las claves a fin de que puedas dar de baja el seguro de fallecimiento de una persona que ha fallecido. Aunque pueda parecer complicado, es muy sencillo. DKV es la encargada de anular su seguro de decesos autom\u00e1ticamente tras la muerte de su asegurado puesto que, al prestar su servicio tras el sepelio del cliente, mismos se encargasen de dar de baja a la persona fallecida de su empresa aseguradora, con lo que sus familiares no tienen de qu\u00e9 preocuparse. <\/div><\/div><\/div> <div class=\"oficinas\"> <h3><span class=\"ez-toc-section\" id=\"Paginas_relacionadas\"><\/span>P\u00e1ginas relacionadas<span class=\"ez-toc-section-end\"><\/span><\/h3><div class=\"enlazado\"><ul> <li><a href=\"https:\/\/idecesos.com\/seguros\/companias\/dkv\/coberturas\/\">Coberturas Seguro de Decesos DKV<\/a><\/li> <li><a href=\"https:\/\/idecesos.com\/seguros\/companias\/dkv\/opiniones\/\">Opiniones DKV<\/a><\/li> <li><a href=\"https:\/\/idecesos.com\/seguros\/companias\/dkv\/precio\/\">Precio seguro DKV<\/a><\/li> <li><a href=\"https:\/\/idecesos.com\/seguros\/companias\/dkv\/prima-mixta\/\">DKV Prima Mixta<\/a><\/li> <li><a href=\"https:\/\/idecesos.com\/seguros\/companias\/dkv\/prima-natural\/\">DKV Prima Natural<\/a><\/li> <li><a href=\"https:\/\/idecesos.com\/seguros\/companias\/dkv\/prima-nivelada\/\">DKV Prima Nivelada<\/a><\/li> <li><a href=\"https:\/\/idecesos.com\/seguros\/companias\/dkv\/prima-unica\/\">DKV Prima \u00danica<\/a><\/li> <li><a href=\"https:\/\/idecesos.com\/seguros\/companias\/dkv\/repatriacion\/\">DKV Repatriaci\u00f3n<\/a><\/li> <li><a href=\"https:\/\/idecesos.com\/seguros\/companias\/dkv\/telefono\/\">Tel\u00e9fono Gratuito DKV<\/a><\/li><\/ul><\/div> <\/div><\/p>","protected":false},"excerpt":{"rendered":"<p>Para dar de baja su seguro de decesos en DKV deber\u00e1 proseguir los pr\u00f3ximos pasos. En el contrato o factura de tu seguro, te informar\u00e1n de todos los datos de tu compa\u00f1\u00eda aseguradora. Cuando tenga esta informaci\u00f3n va a poder buscar la direcci\u00f3n de la compa\u00f1\u00eda en Internet. Cuando conozcas la direcci\u00f3n de tu compa\u00f1\u00eda&hellip; <\/p>\n","protected":false},"author":1,"featured_media":0,"parent":310,"menu_order":0,"comment_status":"closed","ping_status":"closed","template":"single.php","meta":{"footnotes":""},"class_list":["post-18051","page","type-page","status-publish","hentry"],"yoast_head":"<!-- This site is optimized with the Yoast SEO plugin v27.5 - https:\/\/yoast.com\/product\/yoast-seo-wordpress\/ -->\n<title>\u00bfC\u00f3mo dar de Baja o Cancelar Seguro de Decesos DKV?<\/title>\n<meta name=\"description\" content=\"Obt\u00e9n aqu\u00ed\u3010c\u00f3mo dar de baja o cancelar seguro de decesos DKV\u3011Modelo carta, fax, correo electr\u00f3nico (email), tel\u00e9fono gratis.\" \/>\n<meta name=\"robots\" content=\"index, follow, max-snippet:-1, max-image-preview:large, max-video-preview:-1\" \/>\n<link rel=\"canonical\" href=\"https:\/\/idecesos.com\/seguros\/companias\/dkv\/dar-de-baja\/\" \/>\n<meta property=\"og:locale\" content=\"es_ES\" \/>\n<meta property=\"og:type\" content=\"article\" \/>\n<meta property=\"og:title\" content=\"\u00bfC\u00f3mo dar de Baja o Cancelar Seguro de Decesos DKV?\" \/>\n<meta property=\"og:description\" content=\"Obt\u00e9n aqu\u00ed\u3010c\u00f3mo dar de baja o cancelar seguro de decesos DKV\u3011Modelo carta, fax, correo electr\u00f3nico (email), tel\u00e9fono gratis.\" \/>\n<meta property=\"og:url\" content=\"https:\/\/idecesos.com\/seguros\/companias\/dkv\/dar-de-baja\/\" \/>\n<meta property=\"article:modified_time\" content=\"2022-01-27T16:15:29+00:00\" \/>\n<meta name=\"twitter:card\" content=\"summary_large_image\" \/>\n<meta name=\"twitter:label1\" content=\"Tiempo de lectura\" \/>\n\t<meta name=\"twitter:data1\" content=\"15 minutos\" \/>\n<script type=\"application\/ld+json\" class=\"yoast-schema-graph\">{\"@context\":\"https:\\\/\\\/schema.org\",\"@graph\":[{\"@type\":\"WebPage\",\"@id\":\"https:\\\/\\\/idecesos.com\\\/seguros\\\/companias\\\/dkv\\\/dar-de-baja\\\/\",\"url\":\"https:\\\/\\\/idecesos.com\\\/seguros\\\/companias\\\/dkv\\\/dar-de-baja\\\/\",\"name\":\"\u00bfC\u00f3mo dar de Baja o Cancelar Seguro de Decesos DKV?\",\"isPartOf\":{\"@id\":\"https:\\\/\\\/idecesos.com\\\/seguros\\\/#website\"},\"datePublished\":\"2021-12-29T11:45:46+00:00\",\"dateModified\":\"2022-01-27T16:15:29+00:00\",\"description\":\"Obt\u00e9n aqu\u00ed\u3010c\u00f3mo dar de baja o cancelar seguro de decesos DKV\u3011Modelo carta, fax, correo electr\u00f3nico (email), tel\u00e9fono gratis.\",\"breadcrumb\":{\"@id\":\"https:\\\/\\\/idecesos.com\\\/seguros\\\/companias\\\/dkv\\\/dar-de-baja\\\/#breadcrumb\"},\"inLanguage\":\"es\",\"potentialAction\":[{\"@type\":\"ReadAction\",\"target\":[\"https:\\\/\\\/idecesos.com\\\/seguros\\\/companias\\\/dkv\\\/dar-de-baja\\\/\"]}]},{\"@type\":\"BreadcrumbList\",\"@id\":\"https:\\\/\\\/idecesos.com\\\/seguros\\\/companias\\\/dkv\\\/dar-de-baja\\\/#breadcrumb\",\"itemListElement\":[{\"@type\":\"ListItem\",\"position\":1,\"name\":\"Portada\",\"item\":\"https:\\\/\\\/idecesos.com\\\/seguros\\\/\"},{\"@type\":\"ListItem\",\"position\":2,\"name\":\"Compa\u00f1\u00edas de Seguros de Decesos en Espa\u00f1a\",\"item\":\"https:\\\/\\\/idecesos.com\\\/seguros\\\/companias\\\/\"},{\"@type\":\"ListItem\",\"position\":3,\"name\":\"Seguro de Decesos DKV\",\"item\":\"https:\\\/\\\/idecesos.com\\\/seguros\\\/companias\\\/dkv\\\/\"},{\"@type\":\"ListItem\",\"position\":4,\"name\":\"\u00bfC\u00f3mo dar de baja seguro DKV?\"}]},{\"@type\":\"WebSite\",\"@id\":\"https:\\\/\\\/idecesos.com\\\/seguros\\\/#website\",\"url\":\"https:\\\/\\\/idecesos.com\\\/seguros\\\/\",\"name\":\"\",\"description\":\"\",\"potentialAction\":[{\"@type\":\"SearchAction\",\"target\":{\"@type\":\"EntryPoint\",\"urlTemplate\":\"https:\\\/\\\/idecesos.com\\\/seguros\\\/?s={search_term_string}\"},\"query-input\":{\"@type\":\"PropertyValueSpecification\",\"valueRequired\":true,\"valueName\":\"search_term_string\"}}],\"inLanguage\":\"es\"}]}<\/script>\n<!-- \/ Yoast SEO plugin. -->","yoast_head_json":{"title":"\u00bfC\u00f3mo dar de Baja o Cancelar Seguro de Decesos DKV?","description":"Obt\u00e9n aqu\u00ed\u3010c\u00f3mo dar de baja o cancelar seguro de decesos DKV\u3011Modelo carta, fax, correo electr\u00f3nico (email), tel\u00e9fono gratis.","robots":{"index":"index","follow":"follow","max-snippet":"max-snippet:-1","max-image-preview":"max-image-preview:large","max-video-preview":"max-video-preview:-1"},"canonical":"https:\/\/idecesos.com\/seguros\/companias\/dkv\/dar-de-baja\/","og_locale":"es_ES","og_type":"article","og_title":"\u00bfC\u00f3mo dar de Baja o Cancelar Seguro de Decesos DKV?","og_description":"Obt\u00e9n aqu\u00ed\u3010c\u00f3mo dar de baja o cancelar seguro de decesos DKV\u3011Modelo carta, fax, correo electr\u00f3nico (email), tel\u00e9fono gratis.","og_url":"https:\/\/idecesos.com\/seguros\/companias\/dkv\/dar-de-baja\/","article_modified_time":"2022-01-27T16:15:29+00:00","twitter_card":"summary_large_image","twitter_misc":{"Tiempo de lectura":"15 minutos"},"schema":{"@context":"https:\/\/schema.org","@graph":[{"@type":"WebPage","@id":"https:\/\/idecesos.com\/seguros\/companias\/dkv\/dar-de-baja\/","url":"https:\/\/idecesos.com\/seguros\/companias\/dkv\/dar-de-baja\/","name":"\u00bfC\u00f3mo dar de Baja o Cancelar Seguro de Decesos DKV?","isPartOf":{"@id":"https:\/\/idecesos.com\/seguros\/#website"},"datePublished":"2021-12-29T11:45:46+00:00","dateModified":"2022-01-27T16:15:29+00:00","description":"Obt\u00e9n aqu\u00ed\u3010c\u00f3mo dar de baja o cancelar seguro de decesos DKV\u3011Modelo carta, fax, correo electr\u00f3nico (email), tel\u00e9fono gratis.","breadcrumb":{"@id":"https:\/\/idecesos.com\/seguros\/companias\/dkv\/dar-de-baja\/#breadcrumb"},"inLanguage":"es","potentialAction":[{"@type":"ReadAction","target":["https:\/\/idecesos.com\/seguros\/companias\/dkv\/dar-de-baja\/"]}]},{"@type":"BreadcrumbList","@id":"https:\/\/idecesos.com\/seguros\/companias\/dkv\/dar-de-baja\/#breadcrumb","itemListElement":[{"@type":"ListItem","position":1,"name":"Portada","item":"https:\/\/idecesos.com\/seguros\/"},{"@type":"ListItem","position":2,"name":"Compa\u00f1\u00edas de Seguros de Decesos en Espa\u00f1a","item":"https:\/\/idecesos.com\/seguros\/companias\/"},{"@type":"ListItem","position":3,"name":"Seguro de Decesos DKV","item":"https:\/\/idecesos.com\/seguros\/companias\/dkv\/"},{"@type":"ListItem","position":4,"name":"\u00bfC\u00f3mo dar de baja seguro DKV?"}]},{"@type":"WebSite","@id":"https:\/\/idecesos.com\/seguros\/#website","url":"https:\/\/idecesos.com\/seguros\/","name":"","description":"","potentialAction":[{"@type":"SearchAction","target":{"@type":"EntryPoint","urlTemplate":"https:\/\/idecesos.com\/seguros\/?s={search_term_string}"},"query-input":{"@type":"PropertyValueSpecification","valueRequired":true,"valueName":"search_term_string"}}],"inLanguage":"es"}]}},"_links":{"self":[{"href":"https:\/\/idecesos.com\/seguros\/wp-json\/wp\/v2\/pages\/18051","targetHints":{"allow":["GET"]}}],"collection":[{"href":"https:\/\/idecesos.com\/seguros\/wp-json\/wp\/v2\/pages"}],"about":[{"href":"https:\/\/idecesos.com\/seguros\/wp-json\/wp\/v2\/types\/page"}],"author":[{"embeddable":true,"href":"https:\/\/idecesos.com\/seguros\/wp-json\/wp\/v2\/users\/1"}],"replies":[{"embeddable":true,"href":"https:\/\/idecesos.com\/seguros\/wp-json\/wp\/v2\/comments?post=18051"}],"version-history":[{"count":4,"href":"https:\/\/idecesos.com\/seguros\/wp-json\/wp\/v2\/pages\/18051\/revisions"}],"predecessor-version":[{"id":19086,"href":"https:\/\/idecesos.com\/seguros\/wp-json\/wp\/v2\/pages\/18051\/revisions\/19086"}],"up":[{"embeddable":true,"href":"https:\/\/idecesos.com\/seguros\/wp-json\/wp\/v2\/pages\/310"}],"wp:attachment":[{"href":"https:\/\/idecesos.com\/seguros\/wp-json\/wp\/v2\/media?parent=18051"}],"curies":[{"name":"wp","href":"https:\/\/api.w.org\/{rel}","templated":true}]}}