{"id":18052,"date":"2021-12-29T11:52:33","date_gmt":"2021-12-29T11:45:47","guid":{"rendered":"https:\/\/idecesos.com\/seguros\/companias\/la-caixa\/dar-de-baja\/"},"modified":"2022-01-27T15:58:10","modified_gmt":"2022-01-27T15:58:10","slug":"dar-de-baja","status":"publish","type":"page","link":"https:\/\/idecesos.com\/seguros\/companias\/la-caixa\/dar-de-baja\/","title":{"rendered":"\u00bfC\u00f3mo dar de baja seguro La Caixa?"},"content":{"rendered":"<div id=\"ez-toc-container\" class=\"ez-toc-v2_0_82_2 ez-toc-wrap-center counter-hierarchy ez-toc-counter ez-toc-custom ez-toc-container-direction\">\n<div class=\"ez-toc-title-container\">\n<p class=\"ez-toc-title\" style=\"cursor:inherit\">Tabla de Contenido<\/p>\n<span class=\"ez-toc-title-toggle\"><a href=\"#\" class=\"ez-toc-pull-right ez-toc-btn ez-toc-btn-xs ez-toc-btn-default ez-toc-toggle\" aria-label=\"Alternar tabla de contenidos\"><span class=\"ez-toc-js-icon-con\"><span class=\"\"><span class=\"eztoc-hide\" style=\"display:none;\">Toggle<\/span><span class=\"ez-toc-icon-toggle-span\"><svg style=\"fill: #db6415;color:#db6415\" xmlns=\"http:\/\/www.w3.org\/2000\/svg\" class=\"list-377408\" width=\"20px\" height=\"20px\" viewBox=\"0 0 24 24\" fill=\"none\"><path d=\"M6 6H4v2h2V6zm14 0H8v2h12V6zM4 11h2v2H4v-2zm16 0H8v2h12v-2zM4 16h2v2H4v-2zm16 0H8v2h12v-2z\" fill=\"currentColor\"><\/path><\/svg><svg style=\"fill: #db6415;color:#db6415\" class=\"arrow-unsorted-368013\" xmlns=\"http:\/\/www.w3.org\/2000\/svg\" width=\"10px\" height=\"10px\" viewBox=\"0 0 24 24\" version=\"1.2\" baseProfile=\"tiny\"><path d=\"M18.2 9.3l-6.2-6.3-6.2 6.3c-.2.2-.3.4-.3.7s.1.5.3.7c.2.2.4.3.7.3h11c.3 0 .5-.1.7-.3.2-.2.3-.5.3-.7s-.1-.5-.3-.7zM5.8 14.7l6.2 6.3 6.2-6.3c.2-.2.3-.5.3-.7s-.1-.5-.3-.7c-.2-.2-.4-.3-.7-.3h-11c-.3 0-.5.1-.7.3-.2.2-.3.5-.3.7s.1.5.3.7z\"\/><\/svg><\/span><\/span><\/span><\/a><\/span><\/div>\n<nav><ul class='ez-toc-list ez-toc-list-level-1 ' ><li class='ez-toc-page-1 ez-toc-heading-level-2'><a class=\"ez-toc-link ez-toc-heading-1\" href=\"https:\/\/idecesos.com\/seguros\/companias\/la-caixa\/dar-de-baja\/#Diferentes_opciones_para_cancelar_un_contrato_con_La_Caixa\" >Diferentes opciones para cancelar un contrato con La Caixa<\/a><ul class='ez-toc-list-level-3' ><li class='ez-toc-heading-level-3'><a class=\"ez-toc-link ez-toc-heading-2\" href=\"https:\/\/idecesos.com\/seguros\/companias\/la-caixa\/dar-de-baja\/#A_traves_de_la_web_de_La_Caixa\" >A trav\u00e9s de la web de La Caixa<\/a><\/li><li class='ez-toc-page-1 ez-toc-heading-level-3'><a class=\"ez-toc-link ez-toc-heading-3\" href=\"https:\/\/idecesos.com\/seguros\/companias\/la-caixa\/dar-de-baja\/#Utilizando_el_correo_electronico_de_La_Caixa\" >Utilizando el correo electr\u00f3nico de La Caixa<\/a><\/li><li class='ez-toc-page-1 ez-toc-heading-level-3'><a class=\"ez-toc-link ez-toc-heading-4\" href=\"https:\/\/idecesos.com\/seguros\/companias\/la-caixa\/dar-de-baja\/#Dar_de_baja_La_Caixa_por_fax\" >Dar de baja La Caixa por fax<\/a><\/li><li class='ez-toc-page-1 ez-toc-heading-level-3'><a class=\"ez-toc-link ez-toc-heading-5\" href=\"https:\/\/idecesos.com\/seguros\/companias\/la-caixa\/dar-de-baja\/#En_la_oficina_de_La_Caixa\" >En la oficina de La Caixa<\/a><\/li><li class='ez-toc-page-1 ez-toc-heading-level-3'><a class=\"ez-toc-link ez-toc-heading-6\" href=\"https:\/\/idecesos.com\/seguros\/companias\/la-caixa\/dar-de-baja\/#Telefono_para_dar_de_baja_La_Caixa\" >T\u00e9lefono para dar de baja La Caixa<\/a><\/li><\/ul><\/li><li class='ez-toc-page-1 ez-toc-heading-level-2'><a class=\"ez-toc-link ez-toc-heading-7\" href=\"https:\/\/idecesos.com\/seguros\/companias\/la-caixa\/dar-de-baja\/#Dar_de_baja_seguro_La_Caixa_de_un_fallecido\" >Dar de baja seguro La Caixa de un fallecido<\/a><ul class='ez-toc-list-level-3' ><li class='ez-toc-heading-level-3'><a class=\"ez-toc-link ez-toc-heading-8\" href=\"https:\/\/idecesos.com\/seguros\/companias\/la-caixa\/dar-de-baja\/#Paginas_relacionadas\" >P\u00e1ginas relacionadas<\/a><\/li><\/ul><\/li><\/ul><\/nav><\/div>\n<p> Para dar de baja a su seguro de decesos, solo debe proseguir unos f\u00e1ciles pasos y, as\u00ed, no deber\u00e1 preocuparse por nada. iDecesos te explicar\u00e1, punto por punto, la manera en la que pueda dar de baja su seguro de decesos. Es conveniente que, una vez est\u00e9 todo apropiadamente solucionado, busque otro seguro de decesos, puesto que es fundamental para que sus seres queridos est\u00e9n sosegados, si alg\u00fan d\u00eda ocurre un imprevisible. Es de vital relevancia, para dar de baja adecuadamente su seguro y que no ocurra ning\u00fan problema al hacer la acci\u00f3n, que avise a la compa\u00f1\u00eda 30 d\u00edas antes de su renovaci\u00f3n. <div class=\"colorf \"  ><div class=\"container clearfix\"><div class=\"col-md-7\"><\/p>\r\n<h2><span class=\"ez-toc-section\" id=\"Diferentes_opciones_para_cancelar_un_contrato_con_La_Caixa\"><\/span>Diferentes opciones para cancelar un contrato con La Caixa<span class=\"ez-toc-section-end\"><\/span><\/h2>\r\n<!-- \/wp:post-content -->\r\n\r\n<!-- wp:paragraph -->\r\n<p>Cada compa\u00f1\u00eda de seguros de seguros de decesos funciona de una manera distinta, pero la gran mayor\u00eda le solicitan a sus clientes del servicio que rellenen un documento en el que ponga sus deseos de darse de baja de sus servicios. Si quiere conseguir el documento que terminamos de nombrar, contacte con nosotros a trav\u00e9s de nuestro n\u00famero de tel\u00e9fono 951 127 403 o bien por nuestro correo electr\u00f3nico info@idecesos. com. Como hemos comentado, son diferentes las formas que tienes para dar de baja tu seguro. Una de ellas es a trav\u00e9s de el env\u00edo de una carta certificada con la notificaci\u00f3n de la cancelaci\u00f3n del contrato. Debes guardar el resguardo y hacerle una copia para una mayor seguridad. El m\u00e9todo anteriormente nombrado es uno de los m\u00e1s comunes. Sin embargo, puedes usar otros diferentes para dar de baja tu seguro de decesos. <\/div><\/div><\/div><\/p>\r\n<h3><span class=\"ez-toc-section\" id=\"A_traves_de_la_web_de_La_Caixa\"><\/span>A trav\u00e9s de la web de La Caixa<span class=\"ez-toc-section-end\"><\/span><\/h3>\r\n<p>Otros de los m\u00e9todos es desde la web de La Caixa: www.caixabank.es\/particular\/contacto\/contactanos_es. Ser\u00e1 tan f\u00e1cil como entrar en la secci\u00f3n de bajas o bien, poner en el buscador de la p\u00e1gina web cuanto quieras saber. Siguiendo los pasos indicados, podr\u00e1 realizar su baja rellenando un formulario en la p\u00e1gina web o, descargando el documento que le indique La Caixa. Puede llamar al n\u00famero <span aria-label=\"Llamar al n\u00famero de tel\u00e9fono 900 404 090\">900 404 090 <\/span>o bien expedir un correo a esta direcci\u00f3n email La Caixa, si ocurre alguna incidencia en el proceso. En el caso contrario, si todo va bien, poco tiempo recibir\u00e1s un mail de la compa\u00f1\u00eda inform\u00e1ndole de que, su baja, ha sido completada exitosamente. <div class=\"colorf \"  ><div class=\"container clearfix\"><div class=\"col-md-7\"><\/p>\r\n<h3><span class=\"ez-toc-section\" id=\"Utilizando_el_correo_electronico_de_La_Caixa\"><\/span>Utilizando el correo electr\u00f3nico de La Caixa<span class=\"ez-toc-section-end\"><\/span><\/h3>\r\n<p>Otro m\u00e9todo para darse de baja del seguro de decesos de La Caixa es a trav\u00e9s de su correo. A\u00f1ade esta direcci\u00f3n en tu correo email La Caixa y en solo uno minutos todo estar\u00e1 solucionado. Deber\u00e1 enviarle los documentos siguientes: una copia del documento nacional de identidad y, la notificaci\u00f3n firmada, que la hallar\u00e1 en la web de La Caixa y, si no es de esta manera, llame a nuestro n\u00famero de tel\u00e9fono 951 127 403 o m\u00e1ndenos un correo info@idecesos. com. Para poder llevar una correcta ejecuci\u00f3n del proceso, deber\u00e1s guardar una copia sellada y, el justificante del recibo. Su tranquilidad y la de su familia, es fundamental y, para ello, debe guardar una imitaci\u00f3n de la notificaci\u00f3n, en la que conste la fecha de su env\u00edo. <\/div><\/div><\/div><\/p>\r\n<h3><span class=\"ez-toc-section\" id=\"Dar_de_baja_La_Caixa_por_fax\"><\/span>Dar de baja La Caixa por fax<span class=\"ez-toc-section-end\"><\/span><\/h3>\r\n<p>Detallando tus datos personales y tu n\u00famero de p\u00f3liza vas a poder solicitar la baja de tu seguro de decesos mediante el fax. A fin de que puedas realizar la baja de tu seguro de una manera correcta, no te olvides de adjuntar las 2 caras de tu documento de identidad. Cuando tengas todos los datos listos, localiza el n\u00famero de tel\u00e9fono del fax de tu empresa aseguradora para poder enviarlos. Guarda todos y cada uno de los documentos incluido la confirmaci\u00f3n de env\u00edo para evitar inconvenientes futuros con tu compa\u00f1\u00eda de seguros. <div class=\"colorf \"  ><div class=\"container clearfix\"><div class=\"col-md-7\"><\/p>\r\n<h3><span class=\"ez-toc-section\" id=\"En_la_oficina_de_La_Caixa\"><\/span>En la oficina de La Caixa<span class=\"ez-toc-section-end\"><\/span><\/h3>\r\n<p>Si todos y cada uno de los m\u00e9todos anteriores le semejan muy dif\u00edciles pues no controla muy bien las nuevas tecnolog\u00edas asimismo puede optar por ir presencialmente a una oficina de La Caixa y all\u00ed va a poder darse de baja asimismo de su seguro de decesos. Haga una b\u00fasqueda sobre la oficina m\u00e1s pr\u00f3xima a su hogar y, asista en el horario estipulado. Para que pueda rellenar, de forma perfecta, los documentos y, m\u00e1s tarde firmarlos, un especialista le va a ayudar. El proceso va a ser tan f\u00e1cil como proseguir las indicaciones de los aconsejes. Es preciso, que lleve su DNI, para el adecuado funcionamiento del tr\u00e1mite. Al finalizar, le van a dar una imitaci\u00f3n de todos y cada uno de los documentos y, los expertos, se ocupar\u00e1n de finalizar el proceso de baja de su seguro de decesos. <\/div><\/div><\/div><\/p>\r\n<h3><span class=\"ez-toc-section\" id=\"Telefono_para_dar_de_baja_La_Caixa\"><\/span>T\u00e9lefono para dar de baja La Caixa<span class=\"ez-toc-section-end\"><\/span><\/h3>\r\n<p>Para darse de baja de su seguro de decesos mediante por tel\u00e9fono deber\u00e1 proseguir los pasos que el agente de La Caixa le vaya diciendo. As\u00ed, podr\u00e1 ponerse en contacto tras efectuar una b\u00fasqueda en Internet del n\u00famero correcto o bien, llamando al <span aria-label=\"Llamar al n\u00famero de tel\u00e9fono 900 404 090\">900 404 090<\/span>. Para su tranquilidad, siguiendo los pasos indicados, cada aspecto estar\u00e1 solucionado y, los expertos se encargar\u00e1n de los tr\u00e1mites que falten para cerrar su contrato de baja. <div class=\"colorf \"  ><div class=\"container clearfix\"><div class=\"col-md-7\"><\/p>\r\n<h2><span class=\"ez-toc-section\" id=\"Dar_de_baja_seguro_La_Caixa_de_un_fallecido\"><\/span>Dar de baja seguro La Caixa de un fallecido<span class=\"ez-toc-section-end\"><\/span><\/h2>\r\n<p>Para finalizar, le vamos a explicar c\u00f3mo dar de baja el seguro de decesos tras el fallecimiento del asegurado. Esta, es la manera m\u00e1s f\u00e1cil de anular esta clase de seguro. Para su total tranquilidad, los profesionales se encargar\u00e1n de cerrar y gestionar los tr\u00e1mites pertinentes. Despu\u00e9s de su fallecimiento, su seguro de decesos va a quedar anulado, gracias a La Caixa. Para La Caixa es fundamental la tranquilidad de los familiares y, por esta raz\u00f3n, al fenecer el asegurado, se ocupar\u00e1 de dar de baja su seguro. <\/div><\/div><\/div> <div class=\"oficinas\"> <h3><span class=\"ez-toc-section\" id=\"Paginas_relacionadas\"><\/span>P\u00e1ginas relacionadas<span class=\"ez-toc-section-end\"><\/span><\/h3><div class=\"enlazado\"><ul> <li><a href=\"https:\/\/idecesos.com\/seguros\/companias\/la-caixa\/opiniones\/\">Opiniones La Caixa<\/a><\/li> <li><a href=\"https:\/\/idecesos.com\/seguros\/companias\/la-caixa\/precio\/\">Precio seguro La Caixa<\/a><\/li> <li><a href=\"https:\/\/idecesos.com\/seguros\/companias\/la-caixa\/prima-mixta\/\">La Caixa Prima Mixta<\/a><\/li> <li><a href=\"https:\/\/idecesos.com\/seguros\/companias\/la-caixa\/prima-natural\/\">La Caixa Prima Natural<\/a><\/li> <li><a href=\"https:\/\/idecesos.com\/seguros\/companias\/la-caixa\/prima-nivelada\/\">La Caixa Prima Nivelada<\/a><\/li> <li><a href=\"https:\/\/idecesos.com\/seguros\/companias\/la-caixa\/prima-unica\/\">La Caixa Prima \u00danica<\/a><\/li> <li><a href=\"https:\/\/idecesos.com\/seguros\/companias\/la-caixa\/repatriacion\/\">La Caixa Repatriaci\u00f3n \u25b7Opiniones y Precio seguro<\/a><\/li> <li><a href=\"https:\/\/idecesos.com\/seguros\/companias\/la-caixa\/telefono\/\">Tel\u00e9fono Gratuito La Caixa<\/a><\/li><\/ul><\/div> <\/div><\/p>","protected":false},"excerpt":{"rendered":"<p>Para dar de baja a su seguro de decesos, solo debe proseguir unos f\u00e1ciles pasos y, as\u00ed, no deber\u00e1 preocuparse por nada. iDecesos te explicar\u00e1, punto por punto, la manera en la que pueda dar de baja su seguro de decesos. Es conveniente que, una vez est\u00e9 todo apropiadamente solucionado, busque otro seguro de decesos,&hellip; <\/p>\n","protected":false},"author":1,"featured_media":0,"parent":390,"menu_order":0,"comment_status":"closed","ping_status":"closed","template":"single.php","meta":{"footnotes":""},"class_list":["post-18052","page","type-page","status-publish","hentry"],"yoast_head":"<!-- This site is optimized with the Yoast SEO plugin v27.3 - https:\/\/yoast.com\/product\/yoast-seo-wordpress\/ -->\n<title>\u00bfC\u00f3mo dar de Baja o Cancelar Seguro de Decesos La Caixa?<\/title>\n<meta name=\"description\" content=\"Obt\u00e9n aqu\u00ed\u3010c\u00f3mo dar de baja o cancelar seguro de decesos La Caixa\u3011Modelo carta, fax, correo electr\u00f3nico (email), tel\u00e9fono gratis.\" \/>\n<meta name=\"robots\" content=\"index, follow, max-snippet:-1, max-image-preview:large, max-video-preview:-1\" \/>\n<link rel=\"canonical\" href=\"https:\/\/idecesos.com\/seguros\/companias\/la-caixa\/dar-de-baja\/\" \/>\n<meta property=\"og:locale\" content=\"es_ES\" \/>\n<meta property=\"og:type\" content=\"article\" \/>\n<meta property=\"og:title\" content=\"\u00bfC\u00f3mo dar de Baja o Cancelar Seguro de Decesos La Caixa?\" \/>\n<meta property=\"og:description\" content=\"Obt\u00e9n aqu\u00ed\u3010c\u00f3mo dar de baja o cancelar seguro de decesos La Caixa\u3011Modelo carta, fax, correo electr\u00f3nico (email), tel\u00e9fono gratis.\" \/>\n<meta property=\"og:url\" content=\"https:\/\/idecesos.com\/seguros\/companias\/la-caixa\/dar-de-baja\/\" \/>\n<meta property=\"article:modified_time\" content=\"2022-01-27T15:58:10+00:00\" \/>\n<meta name=\"twitter:card\" content=\"summary_large_image\" \/>\n<meta name=\"twitter:label1\" content=\"Tiempo de lectura\" \/>\n\t<meta name=\"twitter:data1\" content=\"15 minutos\" \/>\n<script type=\"application\/ld+json\" class=\"yoast-schema-graph\">{\"@context\":\"https:\\\/\\\/schema.org\",\"@graph\":[{\"@type\":\"WebPage\",\"@id\":\"https:\\\/\\\/idecesos.com\\\/seguros\\\/companias\\\/la-caixa\\\/dar-de-baja\\\/\",\"url\":\"https:\\\/\\\/idecesos.com\\\/seguros\\\/companias\\\/la-caixa\\\/dar-de-baja\\\/\",\"name\":\"\u00bfC\u00f3mo dar de Baja o Cancelar Seguro de Decesos La Caixa?\",\"isPartOf\":{\"@id\":\"https:\\\/\\\/idecesos.com\\\/seguros\\\/#website\"},\"datePublished\":\"2021-12-29T11:45:47+00:00\",\"dateModified\":\"2022-01-27T15:58:10+00:00\",\"description\":\"Obt\u00e9n aqu\u00ed\u3010c\u00f3mo dar de baja o cancelar seguro de decesos La Caixa\u3011Modelo carta, fax, correo electr\u00f3nico (email), tel\u00e9fono gratis.\",\"breadcrumb\":{\"@id\":\"https:\\\/\\\/idecesos.com\\\/seguros\\\/companias\\\/la-caixa\\\/dar-de-baja\\\/#breadcrumb\"},\"inLanguage\":\"es\",\"potentialAction\":[{\"@type\":\"ReadAction\",\"target\":[\"https:\\\/\\\/idecesos.com\\\/seguros\\\/companias\\\/la-caixa\\\/dar-de-baja\\\/\"]}]},{\"@type\":\"BreadcrumbList\",\"@id\":\"https:\\\/\\\/idecesos.com\\\/seguros\\\/companias\\\/la-caixa\\\/dar-de-baja\\\/#breadcrumb\",\"itemListElement\":[{\"@type\":\"ListItem\",\"position\":1,\"name\":\"Portada\",\"item\":\"https:\\\/\\\/idecesos.com\\\/seguros\\\/\"},{\"@type\":\"ListItem\",\"position\":2,\"name\":\"Compa\u00f1\u00edas de Seguros de Decesos en Espa\u00f1a\",\"item\":\"https:\\\/\\\/idecesos.com\\\/seguros\\\/companias\\\/\"},{\"@type\":\"ListItem\",\"position\":3,\"name\":\"Seguro de decesos La Caixa\",\"item\":\"https:\\\/\\\/idecesos.com\\\/seguros\\\/companias\\\/la-caixa\\\/\"},{\"@type\":\"ListItem\",\"position\":4,\"name\":\"\u00bfC\u00f3mo dar de baja seguro La Caixa?\"}]},{\"@type\":\"WebSite\",\"@id\":\"https:\\\/\\\/idecesos.com\\\/seguros\\\/#website\",\"url\":\"https:\\\/\\\/idecesos.com\\\/seguros\\\/\",\"name\":\"\",\"description\":\"\",\"potentialAction\":[{\"@type\":\"SearchAction\",\"target\":{\"@type\":\"EntryPoint\",\"urlTemplate\":\"https:\\\/\\\/idecesos.com\\\/seguros\\\/?s={search_term_string}\"},\"query-input\":{\"@type\":\"PropertyValueSpecification\",\"valueRequired\":true,\"valueName\":\"search_term_string\"}}],\"inLanguage\":\"es\"}]}<\/script>\n<!-- \/ Yoast SEO plugin. -->","yoast_head_json":{"title":"\u00bfC\u00f3mo dar de Baja o Cancelar Seguro de Decesos La Caixa?","description":"Obt\u00e9n aqu\u00ed\u3010c\u00f3mo dar de baja o cancelar seguro de decesos La Caixa\u3011Modelo carta, fax, correo electr\u00f3nico (email), tel\u00e9fono gratis.","robots":{"index":"index","follow":"follow","max-snippet":"max-snippet:-1","max-image-preview":"max-image-preview:large","max-video-preview":"max-video-preview:-1"},"canonical":"https:\/\/idecesos.com\/seguros\/companias\/la-caixa\/dar-de-baja\/","og_locale":"es_ES","og_type":"article","og_title":"\u00bfC\u00f3mo dar de Baja o Cancelar Seguro de Decesos La Caixa?","og_description":"Obt\u00e9n aqu\u00ed\u3010c\u00f3mo dar de baja o cancelar seguro de decesos La Caixa\u3011Modelo carta, fax, correo electr\u00f3nico (email), tel\u00e9fono gratis.","og_url":"https:\/\/idecesos.com\/seguros\/companias\/la-caixa\/dar-de-baja\/","article_modified_time":"2022-01-27T15:58:10+00:00","twitter_card":"summary_large_image","twitter_misc":{"Tiempo de lectura":"15 minutos"},"schema":{"@context":"https:\/\/schema.org","@graph":[{"@type":"WebPage","@id":"https:\/\/idecesos.com\/seguros\/companias\/la-caixa\/dar-de-baja\/","url":"https:\/\/idecesos.com\/seguros\/companias\/la-caixa\/dar-de-baja\/","name":"\u00bfC\u00f3mo dar de Baja o Cancelar Seguro de Decesos La Caixa?","isPartOf":{"@id":"https:\/\/idecesos.com\/seguros\/#website"},"datePublished":"2021-12-29T11:45:47+00:00","dateModified":"2022-01-27T15:58:10+00:00","description":"Obt\u00e9n aqu\u00ed\u3010c\u00f3mo dar de baja o cancelar seguro de decesos La Caixa\u3011Modelo carta, fax, correo electr\u00f3nico (email), tel\u00e9fono gratis.","breadcrumb":{"@id":"https:\/\/idecesos.com\/seguros\/companias\/la-caixa\/dar-de-baja\/#breadcrumb"},"inLanguage":"es","potentialAction":[{"@type":"ReadAction","target":["https:\/\/idecesos.com\/seguros\/companias\/la-caixa\/dar-de-baja\/"]}]},{"@type":"BreadcrumbList","@id":"https:\/\/idecesos.com\/seguros\/companias\/la-caixa\/dar-de-baja\/#breadcrumb","itemListElement":[{"@type":"ListItem","position":1,"name":"Portada","item":"https:\/\/idecesos.com\/seguros\/"},{"@type":"ListItem","position":2,"name":"Compa\u00f1\u00edas de Seguros de Decesos en Espa\u00f1a","item":"https:\/\/idecesos.com\/seguros\/companias\/"},{"@type":"ListItem","position":3,"name":"Seguro de decesos La Caixa","item":"https:\/\/idecesos.com\/seguros\/companias\/la-caixa\/"},{"@type":"ListItem","position":4,"name":"\u00bfC\u00f3mo dar de baja seguro La Caixa?"}]},{"@type":"WebSite","@id":"https:\/\/idecesos.com\/seguros\/#website","url":"https:\/\/idecesos.com\/seguros\/","name":"","description":"","potentialAction":[{"@type":"SearchAction","target":{"@type":"EntryPoint","urlTemplate":"https:\/\/idecesos.com\/seguros\/?s={search_term_string}"},"query-input":{"@type":"PropertyValueSpecification","valueRequired":true,"valueName":"search_term_string"}}],"inLanguage":"es"}]}},"_links":{"self":[{"href":"https:\/\/idecesos.com\/seguros\/wp-json\/wp\/v2\/pages\/18052","targetHints":{"allow":["GET"]}}],"collection":[{"href":"https:\/\/idecesos.com\/seguros\/wp-json\/wp\/v2\/pages"}],"about":[{"href":"https:\/\/idecesos.com\/seguros\/wp-json\/wp\/v2\/types\/page"}],"author":[{"embeddable":true,"href":"https:\/\/idecesos.com\/seguros\/wp-json\/wp\/v2\/users\/1"}],"replies":[{"embeddable":true,"href":"https:\/\/idecesos.com\/seguros\/wp-json\/wp\/v2\/comments?post=18052"}],"version-history":[{"count":5,"href":"https:\/\/idecesos.com\/seguros\/wp-json\/wp\/v2\/pages\/18052\/revisions"}],"predecessor-version":[{"id":19081,"href":"https:\/\/idecesos.com\/seguros\/wp-json\/wp\/v2\/pages\/18052\/revisions\/19081"}],"up":[{"embeddable":true,"href":"https:\/\/idecesos.com\/seguros\/wp-json\/wp\/v2\/pages\/390"}],"wp:attachment":[{"href":"https:\/\/idecesos.com\/seguros\/wp-json\/wp\/v2\/media?parent=18052"}],"curies":[{"name":"wp","href":"https:\/\/api.w.org\/{rel}","templated":true}]}}