{"id":18053,"date":"2021-12-29T11:52:33","date_gmt":"2021-12-29T11:45:47","guid":{"rendered":"https:\/\/idecesos.com\/seguros\/companias\/la-fe\/dar-de-baja\/"},"modified":"2022-01-27T16:21:30","modified_gmt":"2022-01-27T16:21:30","slug":"dar-de-baja","status":"publish","type":"page","link":"https:\/\/idecesos.com\/seguros\/companias\/la-fe\/dar-de-baja\/","title":{"rendered":"\u00bfC\u00f3mo dar de baja seguro La Fe?"},"content":{"rendered":"<div id=\"ez-toc-container\" class=\"ez-toc-v2_0_82_2 ez-toc-wrap-center counter-hierarchy ez-toc-counter ez-toc-custom ez-toc-container-direction\">\n<div class=\"ez-toc-title-container\">\n<p class=\"ez-toc-title\" style=\"cursor:inherit\">Tabla de Contenido<\/p>\n<span class=\"ez-toc-title-toggle\"><a href=\"#\" class=\"ez-toc-pull-right ez-toc-btn ez-toc-btn-xs ez-toc-btn-default ez-toc-toggle\" aria-label=\"Alternar tabla de contenidos\"><span class=\"ez-toc-js-icon-con\"><span class=\"\"><span class=\"eztoc-hide\" style=\"display:none;\">Toggle<\/span><span class=\"ez-toc-icon-toggle-span\"><svg style=\"fill: #db6415;color:#db6415\" xmlns=\"http:\/\/www.w3.org\/2000\/svg\" class=\"list-377408\" width=\"20px\" height=\"20px\" viewBox=\"0 0 24 24\" fill=\"none\"><path d=\"M6 6H4v2h2V6zm14 0H8v2h12V6zM4 11h2v2H4v-2zm16 0H8v2h12v-2zM4 16h2v2H4v-2zm16 0H8v2h12v-2z\" fill=\"currentColor\"><\/path><\/svg><svg style=\"fill: #db6415;color:#db6415\" class=\"arrow-unsorted-368013\" xmlns=\"http:\/\/www.w3.org\/2000\/svg\" width=\"10px\" height=\"10px\" viewBox=\"0 0 24 24\" version=\"1.2\" baseProfile=\"tiny\"><path d=\"M18.2 9.3l-6.2-6.3-6.2 6.3c-.2.2-.3.4-.3.7s.1.5.3.7c.2.2.4.3.7.3h11c.3 0 .5-.1.7-.3.2-.2.3-.5.3-.7s-.1-.5-.3-.7zM5.8 14.7l6.2 6.3 6.2-6.3c.2-.2.3-.5.3-.7s-.1-.5-.3-.7c-.2-.2-.4-.3-.7-.3h-11c-.3 0-.5.1-.7.3-.2.2-.3.5-.3.7s.1.5.3.7z\"\/><\/svg><\/span><\/span><\/span><\/a><\/span><\/div>\n<nav><ul class='ez-toc-list ez-toc-list-level-1 ' ><li class='ez-toc-page-1 ez-toc-heading-level-2'><a class=\"ez-toc-link ez-toc-heading-1\" href=\"https:\/\/idecesos.com\/seguros\/companias\/la-fe\/dar-de-baja\/#Diferentes_opciones_para_cancelar_un_contrato_con_La_Fe\" >Diferentes opciones para cancelar un contrato con La Fe<\/a><ul class='ez-toc-list-level-3' ><li class='ez-toc-heading-level-3'><a class=\"ez-toc-link ez-toc-heading-2\" href=\"https:\/\/idecesos.com\/seguros\/companias\/la-fe\/dar-de-baja\/#A_traves_de_la_web_de_La_Fe\" >A trav\u00e9s de la web de La Fe<\/a><\/li><li class='ez-toc-page-1 ez-toc-heading-level-3'><a class=\"ez-toc-link ez-toc-heading-3\" href=\"https:\/\/idecesos.com\/seguros\/companias\/la-fe\/dar-de-baja\/#Utilizando_el_correo_electronico_de_La_Fe\" >Utilizando el correo electr\u00f3nico de La Fe<\/a><\/li><li class='ez-toc-page-1 ez-toc-heading-level-3'><a class=\"ez-toc-link ez-toc-heading-4\" href=\"https:\/\/idecesos.com\/seguros\/companias\/la-fe\/dar-de-baja\/#Dar_de_baja_La_Fe_por_fax\" >Dar de baja La Fe por fax<\/a><\/li><li class='ez-toc-page-1 ez-toc-heading-level-3'><a class=\"ez-toc-link ez-toc-heading-5\" href=\"https:\/\/idecesos.com\/seguros\/companias\/la-fe\/dar-de-baja\/#En_la_oficina_de_La_Fe\" >En la oficina de La Fe<\/a><\/li><li class='ez-toc-page-1 ez-toc-heading-level-3'><a class=\"ez-toc-link ez-toc-heading-6\" href=\"https:\/\/idecesos.com\/seguros\/companias\/la-fe\/dar-de-baja\/#Telefono_para_dar_de_baja_La_Fe\" >T\u00e9lefono para dar de baja La Fe<\/a><\/li><\/ul><\/li><li class='ez-toc-page-1 ez-toc-heading-level-2'><a class=\"ez-toc-link ez-toc-heading-7\" href=\"https:\/\/idecesos.com\/seguros\/companias\/la-fe\/dar-de-baja\/#Dar_de_baja_seguro_La_Fe_de_un_fallecido\" >Dar de baja seguro La Fe de un fallecido<\/a><ul class='ez-toc-list-level-3' ><li class='ez-toc-heading-level-3'><a class=\"ez-toc-link ez-toc-heading-8\" href=\"https:\/\/idecesos.com\/seguros\/companias\/la-fe\/dar-de-baja\/#Paginas_relacionadas\" >P\u00e1ginas relacionadas<\/a><\/li><\/ul><\/li><\/ul><\/nav><\/div>\n<p> Para dar de baja su seguro de decesos en La Fe va a deber continuar los pr\u00f3ximos pasos. En el contrato o factura de tu seguro, te informar\u00e1n de todos y cada uno de los datos de tu compa\u00f1\u00eda aseguradora. Cuando conozcas la informaci\u00f3n precisa de tu empresa aseguradora, podr\u00e1s buscar en la red la direcci\u00f3n de la compa\u00f1\u00eda. Tras conseguir la direcci\u00f3n de la compa\u00f1\u00eda, debe llamar al tel\u00e9fono de atenci\u00f3n al cliente para poder dar de baja su seguro de decesos. Puedes dar de baja tu seguro de decesos mediante e-mail o bien por tel\u00e9fono. Comunica a tu empresa aseguradora tu deseo de darte de baja de su seguro de decesos. <div class=\"colorf \"  ><div class=\"container clearfix\"><div class=\"col-md-7\"><\/p>\r\n<h2><span class=\"ez-toc-section\" id=\"Diferentes_opciones_para_cancelar_un_contrato_con_La_Fe\"><\/span>Diferentes opciones para cancelar un contrato con La Fe<span class=\"ez-toc-section-end\"><\/span><\/h2>\r\n<!-- \/wp:post-content -->\r\n\r\n<!-- wp:paragraph -->\r\n<p>Cada compa\u00f1\u00eda de seguro de decesos marcha de una manera diferente, pero la mayor\u00eda le solicitan a sus clientes un documento en el que usted ponga sus deseos de dar de baja sus servicios de su seguro de decesos. La compa\u00f1\u00eda deber\u00e1 darle por v\u00e1lido el env\u00edo una carta certificada con la cancelaci\u00f3n de su contrato. Desde iDecesos le recomendamos que guarde el resguardo del documento y que haga una copia. Si usted decide no seleccionar este procedimiento, a continuaci\u00f3n, le mostramos otras formas por las que va a poder darse de baja del seguro de decesos de La Fe. <\/div><\/div><\/div><\/p>\r\n<h3><span class=\"ez-toc-section\" id=\"A_traves_de_la_web_de_La_Fe\"><\/span>A trav\u00e9s de la web de La Fe<span class=\"ez-toc-section-end\"><\/span><\/h3>\r\n<p>Una de las maneras de darse de baja en el seguro de decesos de La Fe es meti\u00e9ndose en su web fe-seguros.com\/contacto\/ y poner en su buscador lo que necesitas. Entonces, tendr\u00e1 la posibilidad de seleccionar entre diferentes opciones. Elija la m\u00e1s indicada y siga los pasos que le se\u00f1alan. Es bastante sencillo. Si tiene alguna duda o no le aparece esta alternativa puede ponerse en contacto con La Fe v\u00eda telef\u00f3nica para que le solucionen el inconveniente directamente mediante este n\u00famero de tel\u00e9fono 900 180 913. Si se da el en caso de que le aparezca, solo deber\u00e1 rellenar el formulario o descargar el documento para completar la petici\u00f3n. <div class=\"colorf \"  ><div class=\"container clearfix\"><div class=\"col-md-7\"><\/p>\r\n<h3><span class=\"ez-toc-section\" id=\"Utilizando_el_correo_electronico_de_La_Fe\"><\/span>Utilizando el correo electr\u00f3nico de La Fe<span class=\"ez-toc-section-end\"><\/span><\/h3>\r\n<p>Si lo quieres, asimismo puede darse de baja con el env\u00edo de un e mail. Usando la direcci\u00f3n de correo email La Fe, tendr\u00e1s todo solucionado de manera r\u00e1pida. Deber\u00e1 enviarle los documentos siguientes: una copia del documento nacional de identidad y, la notificaci\u00f3n firmada, que la encontrar\u00e1 en el sitio web de La Fe y, si no es as\u00ed, llame a nuestro n\u00famero 951 127 403 o m\u00e1ndenos un correo info@idecesos. com. Para poder llevar una correcta ejecuci\u00f3n del proceso, tendr\u00e1s que guardar una copia sellada y, el justificante del recibo. Con lo que pueda pasar en un futuro, le recomendamos que guarde una copia de la notificaci\u00f3n con su fecha de env\u00edo, para quedarse a\u00fan m\u00e1s tranquilos y no puedan ponerle ninguna pega. <\/div><\/div><\/div><\/p>\r\n<h3><span class=\"ez-toc-section\" id=\"Dar_de_baja_La_Fe_por_fax\"><\/span>Dar de baja La Fe por fax<span class=\"ez-toc-section-end\"><\/span><\/h3>\r\n<p>Otro m\u00e9todo, es el uso del fax. Se asemeja bastante al anterior, solo cambia la forma en la que se mandan los documentos. Con el fax, debe mandar a la compa\u00f1\u00eda la copia de su DNI y la notificaci\u00f3n sobre su baja, correctamente firmada, que va a poder encontrarla en la p\u00e1gina web de la compa\u00f1\u00eda o, llam\u00e1ndonos al 951 127 403. Como en m\u00e9todos precedentes, tendr\u00e1 que guardar el justificante de su recibo y, una copia adecuadamente sellada. Adem\u00e1s, por lo que pueda suceder en el futuro, guarde una copia de la notificaci\u00f3n con la fecha de env\u00edo. <div class=\"colorf \"  ><div class=\"container clearfix\"><div class=\"col-md-7\"><\/p>\r\n<h3><span class=\"ez-toc-section\" id=\"En_la_oficina_de_La_Fe\"><\/span>En la oficina de La Fe<span class=\"ez-toc-section-end\"><\/span><\/h3>\r\n<p>Si prefiere dar de baja su seguro, teniendo contacto directo con los profesionales, podr\u00e1 hacerlo acudiendo a las oficinas de La Fe. Para acudir a la oficina m\u00e1s pr\u00f3xima, solo deber\u00e1 teclear en Internet el nombre de La Fe. La Fe dispone de unos especialistas, enormemente cualificados, que estar\u00e1n a su disposici\u00f3n para asistirle con los documentos que debe rellenar y firmar. Solo deber\u00e1 continuar, adecuadamente, los pasos que le ordenen. No debe olvidar llevar su DNI, para cumplir el proceso de forma perfecta. Al terminar le van a dar una imitaci\u00f3n de todo y el agente pasar\u00e1 a gestionarlo todo para darle de baja, as\u00ed de f\u00e1cil y r\u00e1pido. <\/div><\/div><\/div><\/p>\r\n<h3><span class=\"ez-toc-section\" id=\"Telefono_para_dar_de_baja_La_Fe\"><\/span>T\u00e9lefono para dar de baja La Fe<span class=\"ez-toc-section-end\"><\/span><\/h3>\r\n<p>Puedes solicitar la baja de tu seguro de decesos por medio de su telef\u00f3no de contacto. En internet encontrar\u00e1s el tel\u00e9fono de atenci\u00f3n de tu compa\u00f1\u00eda a fin de que puedas pedir la baja o si lo prefieres ll\u00e1manos al 900 180 913. Indique a la operadora el motivo de su llamada y le va a pasar con un agente para que pueda ayudarle. Tras las indicaciones del agente, este se encargar\u00e1 de solventar todas las cuestiones a fin de que puedes dar de baja tu seguro de decesos. Como ya hemos comentado, le aconsejamos que no se quede sin un seguro de decesos con lo que no dude en ver todas las opciones y cotejar todas las ofertas con nuestros en nuestra p\u00e1gina de iDecesos. <div class=\"colorf \"  ><div class=\"container clearfix\"><div class=\"col-md-7\"><\/p>\r\n<h2><span class=\"ez-toc-section\" id=\"Dar_de_baja_seguro_La_Fe_de_un_fallecido\"><\/span>Dar de baja seguro La Fe de un fallecido<span class=\"ez-toc-section-end\"><\/span><\/h2>\r\n<p>Por \u00faltimo, le vamos a dar las claves para que sepa de qu\u00e9 manera puede dar de baja el seguro, si la persona asegurada ha fallecido. Debido a la ausencia de la persona que ha contratado el seguro, puede parecer dif\u00edcil su baja mas, con nosotros, va a ser considerablemente m\u00e1s simple de lo que semeja. Es muy diferente a los otros m\u00e9todos, no tendr\u00e1 que hacer ning\u00fan tr\u00e1mite de los explicados anteriormente. La Fe anular\u00e1 autom\u00e1ticamente el seguro de decesos tras el fallecimiento de la persona asegurada. Al prestar su servicio tras el sepelio del usuario, La Fe se encargar\u00e1 de dar de baja a la persona fallecida de su aseguradora, con lo que sus familiares no tienen de qu\u00e9 preocuparse, ser\u00e1n los encargados de hacerlo todo y sus familiares no tendr\u00e1n que hacer nada al respecto, con lo que puede estar tranquilo. <\/div><\/div><\/div> <div class=\"oficinas\"> <h3><span class=\"ez-toc-section\" id=\"Paginas_relacionadas\"><\/span>P\u00e1ginas relacionadas<span class=\"ez-toc-section-end\"><\/span><\/h3><div class=\"enlazado\"><ul> <li><a href=\"https:\/\/idecesos.com\/seguros\/companias\/la-fe\/opiniones\/\">Opiniones La F\u00e9<\/a><\/li> <li><a href=\"https:\/\/idecesos.com\/seguros\/companias\/la-fe\/precio\/\">Precio seguro La Fe<\/a><\/li> <li><a href=\"https:\/\/idecesos.com\/seguros\/companias\/la-fe\/prima-mixta\/\">La Fe Prima Mixta<\/a><\/li> <li><a href=\"https:\/\/idecesos.com\/seguros\/companias\/la-fe\/prima-natural\/\">La Fe Prima Natural<\/a><\/li> <li><a href=\"https:\/\/idecesos.com\/seguros\/companias\/la-fe\/prima-nivelada\/\">La Fe Prima Nivelada<\/a><\/li> <li><a href=\"https:\/\/idecesos.com\/seguros\/companias\/la-fe\/prima-unica\/\">La Fe Prima \u00danica<\/a><\/li> <li><a href=\"https:\/\/idecesos.com\/seguros\/companias\/la-fe\/repatriacion\/\">La Fe Repatriaci\u00f3n<\/a><\/li> <li><a href=\"https:\/\/idecesos.com\/seguros\/companias\/la-fe\/telefono\/\">Tel\u00e9fono Gratuito La Fe<\/a><\/li><\/ul><\/div> <\/div><\/p>","protected":false},"excerpt":{"rendered":"<p>Para dar de baja su seguro de decesos en La Fe va a deber continuar los pr\u00f3ximos pasos. En el contrato o factura de tu seguro, te informar\u00e1n de todos y cada uno de los datos de tu compa\u00f1\u00eda aseguradora. Cuando conozcas la informaci\u00f3n precisa de tu empresa aseguradora, podr\u00e1s buscar en la red la&hellip; <\/p>\n","protected":false},"author":1,"featured_media":0,"parent":395,"menu_order":0,"comment_status":"closed","ping_status":"closed","template":"single.php","meta":{"footnotes":""},"class_list":["post-18053","page","type-page","status-publish","hentry"],"yoast_head":"<!-- This site is optimized with the Yoast SEO plugin v27.5 - https:\/\/yoast.com\/product\/yoast-seo-wordpress\/ -->\n<title>\u00bfC\u00f3mo dar de Baja o Cancelar Seguro de Decesos La Fe?<\/title>\n<meta name=\"description\" content=\"Obt\u00e9n aqu\u00ed\u3010c\u00f3mo dar de baja o cancelar seguro de decesos La Fe\u3011Modelo carta, fax, correo electr\u00f3nico (email), tel\u00e9fono gratis.\" \/>\n<meta name=\"robots\" content=\"index, follow, max-snippet:-1, max-image-preview:large, max-video-preview:-1\" \/>\n<link rel=\"canonical\" href=\"https:\/\/idecesos.com\/seguros\/companias\/la-fe\/dar-de-baja\/\" \/>\n<meta property=\"og:locale\" content=\"es_ES\" \/>\n<meta property=\"og:type\" content=\"article\" \/>\n<meta property=\"og:title\" content=\"\u00bfC\u00f3mo dar de Baja o Cancelar Seguro de Decesos La Fe?\" \/>\n<meta property=\"og:description\" content=\"Obt\u00e9n aqu\u00ed\u3010c\u00f3mo dar de baja o cancelar seguro de decesos La Fe\u3011Modelo carta, fax, correo electr\u00f3nico (email), tel\u00e9fono gratis.\" \/>\n<meta property=\"og:url\" content=\"https:\/\/idecesos.com\/seguros\/companias\/la-fe\/dar-de-baja\/\" \/>\n<meta property=\"article:modified_time\" content=\"2022-01-27T16:21:30+00:00\" \/>\n<meta name=\"twitter:card\" content=\"summary_large_image\" \/>\n<meta name=\"twitter:label1\" content=\"Tiempo de lectura\" \/>\n\t<meta name=\"twitter:data1\" content=\"15 minutos\" \/>\n<script type=\"application\/ld+json\" class=\"yoast-schema-graph\">{\"@context\":\"https:\\\/\\\/schema.org\",\"@graph\":[{\"@type\":\"WebPage\",\"@id\":\"https:\\\/\\\/idecesos.com\\\/seguros\\\/companias\\\/la-fe\\\/dar-de-baja\\\/\",\"url\":\"https:\\\/\\\/idecesos.com\\\/seguros\\\/companias\\\/la-fe\\\/dar-de-baja\\\/\",\"name\":\"\u00bfC\u00f3mo dar de Baja o Cancelar Seguro de Decesos La Fe?\",\"isPartOf\":{\"@id\":\"https:\\\/\\\/idecesos.com\\\/seguros\\\/#website\"},\"datePublished\":\"2021-12-29T11:45:47+00:00\",\"dateModified\":\"2022-01-27T16:21:30+00:00\",\"description\":\"Obt\u00e9n aqu\u00ed\u3010c\u00f3mo dar de baja o cancelar seguro de decesos La Fe\u3011Modelo carta, fax, correo electr\u00f3nico (email), tel\u00e9fono gratis.\",\"breadcrumb\":{\"@id\":\"https:\\\/\\\/idecesos.com\\\/seguros\\\/companias\\\/la-fe\\\/dar-de-baja\\\/#breadcrumb\"},\"inLanguage\":\"es\",\"potentialAction\":[{\"@type\":\"ReadAction\",\"target\":[\"https:\\\/\\\/idecesos.com\\\/seguros\\\/companias\\\/la-fe\\\/dar-de-baja\\\/\"]}]},{\"@type\":\"BreadcrumbList\",\"@id\":\"https:\\\/\\\/idecesos.com\\\/seguros\\\/companias\\\/la-fe\\\/dar-de-baja\\\/#breadcrumb\",\"itemListElement\":[{\"@type\":\"ListItem\",\"position\":1,\"name\":\"Portada\",\"item\":\"https:\\\/\\\/idecesos.com\\\/seguros\\\/\"},{\"@type\":\"ListItem\",\"position\":2,\"name\":\"Compa\u00f1\u00edas de Seguros de Decesos en Espa\u00f1a\",\"item\":\"https:\\\/\\\/idecesos.com\\\/seguros\\\/companias\\\/\"},{\"@type\":\"ListItem\",\"position\":3,\"name\":\"Seguro de Decesos La Fe\",\"item\":\"https:\\\/\\\/idecesos.com\\\/seguros\\\/companias\\\/la-fe\\\/\"},{\"@type\":\"ListItem\",\"position\":4,\"name\":\"\u00bfC\u00f3mo dar de baja seguro La Fe?\"}]},{\"@type\":\"WebSite\",\"@id\":\"https:\\\/\\\/idecesos.com\\\/seguros\\\/#website\",\"url\":\"https:\\\/\\\/idecesos.com\\\/seguros\\\/\",\"name\":\"\",\"description\":\"\",\"potentialAction\":[{\"@type\":\"SearchAction\",\"target\":{\"@type\":\"EntryPoint\",\"urlTemplate\":\"https:\\\/\\\/idecesos.com\\\/seguros\\\/?s={search_term_string}\"},\"query-input\":{\"@type\":\"PropertyValueSpecification\",\"valueRequired\":true,\"valueName\":\"search_term_string\"}}],\"inLanguage\":\"es\"}]}<\/script>\n<!-- \/ Yoast SEO plugin. -->","yoast_head_json":{"title":"\u00bfC\u00f3mo dar de Baja o Cancelar Seguro de Decesos La Fe?","description":"Obt\u00e9n aqu\u00ed\u3010c\u00f3mo dar de baja o cancelar seguro de decesos La Fe\u3011Modelo carta, fax, correo electr\u00f3nico (email), tel\u00e9fono gratis.","robots":{"index":"index","follow":"follow","max-snippet":"max-snippet:-1","max-image-preview":"max-image-preview:large","max-video-preview":"max-video-preview:-1"},"canonical":"https:\/\/idecesos.com\/seguros\/companias\/la-fe\/dar-de-baja\/","og_locale":"es_ES","og_type":"article","og_title":"\u00bfC\u00f3mo dar de Baja o Cancelar Seguro de Decesos La Fe?","og_description":"Obt\u00e9n aqu\u00ed\u3010c\u00f3mo dar de baja o cancelar seguro de decesos La Fe\u3011Modelo carta, fax, correo electr\u00f3nico (email), tel\u00e9fono gratis.","og_url":"https:\/\/idecesos.com\/seguros\/companias\/la-fe\/dar-de-baja\/","article_modified_time":"2022-01-27T16:21:30+00:00","twitter_card":"summary_large_image","twitter_misc":{"Tiempo de lectura":"15 minutos"},"schema":{"@context":"https:\/\/schema.org","@graph":[{"@type":"WebPage","@id":"https:\/\/idecesos.com\/seguros\/companias\/la-fe\/dar-de-baja\/","url":"https:\/\/idecesos.com\/seguros\/companias\/la-fe\/dar-de-baja\/","name":"\u00bfC\u00f3mo dar de Baja o Cancelar Seguro de Decesos La Fe?","isPartOf":{"@id":"https:\/\/idecesos.com\/seguros\/#website"},"datePublished":"2021-12-29T11:45:47+00:00","dateModified":"2022-01-27T16:21:30+00:00","description":"Obt\u00e9n aqu\u00ed\u3010c\u00f3mo dar de baja o cancelar seguro de decesos La Fe\u3011Modelo carta, fax, correo electr\u00f3nico (email), tel\u00e9fono gratis.","breadcrumb":{"@id":"https:\/\/idecesos.com\/seguros\/companias\/la-fe\/dar-de-baja\/#breadcrumb"},"inLanguage":"es","potentialAction":[{"@type":"ReadAction","target":["https:\/\/idecesos.com\/seguros\/companias\/la-fe\/dar-de-baja\/"]}]},{"@type":"BreadcrumbList","@id":"https:\/\/idecesos.com\/seguros\/companias\/la-fe\/dar-de-baja\/#breadcrumb","itemListElement":[{"@type":"ListItem","position":1,"name":"Portada","item":"https:\/\/idecesos.com\/seguros\/"},{"@type":"ListItem","position":2,"name":"Compa\u00f1\u00edas de Seguros de Decesos en Espa\u00f1a","item":"https:\/\/idecesos.com\/seguros\/companias\/"},{"@type":"ListItem","position":3,"name":"Seguro de Decesos La Fe","item":"https:\/\/idecesos.com\/seguros\/companias\/la-fe\/"},{"@type":"ListItem","position":4,"name":"\u00bfC\u00f3mo dar de baja seguro La Fe?"}]},{"@type":"WebSite","@id":"https:\/\/idecesos.com\/seguros\/#website","url":"https:\/\/idecesos.com\/seguros\/","name":"","description":"","potentialAction":[{"@type":"SearchAction","target":{"@type":"EntryPoint","urlTemplate":"https:\/\/idecesos.com\/seguros\/?s={search_term_string}"},"query-input":{"@type":"PropertyValueSpecification","valueRequired":true,"valueName":"search_term_string"}}],"inLanguage":"es"}]}},"_links":{"self":[{"href":"https:\/\/idecesos.com\/seguros\/wp-json\/wp\/v2\/pages\/18053","targetHints":{"allow":["GET"]}}],"collection":[{"href":"https:\/\/idecesos.com\/seguros\/wp-json\/wp\/v2\/pages"}],"about":[{"href":"https:\/\/idecesos.com\/seguros\/wp-json\/wp\/v2\/types\/page"}],"author":[{"embeddable":true,"href":"https:\/\/idecesos.com\/seguros\/wp-json\/wp\/v2\/users\/1"}],"replies":[{"embeddable":true,"href":"https:\/\/idecesos.com\/seguros\/wp-json\/wp\/v2\/comments?post=18053"}],"version-history":[{"count":4,"href":"https:\/\/idecesos.com\/seguros\/wp-json\/wp\/v2\/pages\/18053\/revisions"}],"predecessor-version":[{"id":19088,"href":"https:\/\/idecesos.com\/seguros\/wp-json\/wp\/v2\/pages\/18053\/revisions\/19088"}],"up":[{"embeddable":true,"href":"https:\/\/idecesos.com\/seguros\/wp-json\/wp\/v2\/pages\/395"}],"wp:attachment":[{"href":"https:\/\/idecesos.com\/seguros\/wp-json\/wp\/v2\/media?parent=18053"}],"curies":[{"name":"wp","href":"https:\/\/api.w.org\/{rel}","templated":true}]}}