{"id":18054,"date":"2021-12-29T11:52:34","date_gmt":"2021-12-29T11:45:48","guid":{"rendered":"https:\/\/idecesos.com\/seguros\/companias\/caser\/dar-de-baja\/"},"modified":"2022-01-27T16:01:12","modified_gmt":"2022-01-27T16:01:12","slug":"dar-de-baja","status":"publish","type":"page","link":"https:\/\/idecesos.com\/seguros\/companias\/caser\/dar-de-baja\/","title":{"rendered":"\u00bfC\u00f3mo dar de baja seguro Caser?"},"content":{"rendered":"<div id=\"ez-toc-container\" class=\"ez-toc-v2_0_82_2 ez-toc-wrap-center counter-hierarchy ez-toc-counter ez-toc-custom ez-toc-container-direction\">\n<div class=\"ez-toc-title-container\">\n<p class=\"ez-toc-title\" style=\"cursor:inherit\">Tabla de Contenido<\/p>\n<span class=\"ez-toc-title-toggle\"><a href=\"#\" class=\"ez-toc-pull-right ez-toc-btn ez-toc-btn-xs ez-toc-btn-default ez-toc-toggle\" aria-label=\"Alternar tabla de contenidos\"><span class=\"ez-toc-js-icon-con\"><span class=\"\"><span class=\"eztoc-hide\" style=\"display:none;\">Toggle<\/span><span class=\"ez-toc-icon-toggle-span\"><svg style=\"fill: #db6415;color:#db6415\" xmlns=\"http:\/\/www.w3.org\/2000\/svg\" class=\"list-377408\" width=\"20px\" height=\"20px\" viewBox=\"0 0 24 24\" fill=\"none\"><path d=\"M6 6H4v2h2V6zm14 0H8v2h12V6zM4 11h2v2H4v-2zm16 0H8v2h12v-2zM4 16h2v2H4v-2zm16 0H8v2h12v-2z\" fill=\"currentColor\"><\/path><\/svg><svg style=\"fill: #db6415;color:#db6415\" class=\"arrow-unsorted-368013\" xmlns=\"http:\/\/www.w3.org\/2000\/svg\" width=\"10px\" height=\"10px\" viewBox=\"0 0 24 24\" version=\"1.2\" baseProfile=\"tiny\"><path d=\"M18.2 9.3l-6.2-6.3-6.2 6.3c-.2.2-.3.4-.3.7s.1.5.3.7c.2.2.4.3.7.3h11c.3 0 .5-.1.7-.3.2-.2.3-.5.3-.7s-.1-.5-.3-.7zM5.8 14.7l6.2 6.3 6.2-6.3c.2-.2.3-.5.3-.7s-.1-.5-.3-.7c-.2-.2-.4-.3-.7-.3h-11c-.3 0-.5.1-.7.3-.2.2-.3.5-.3.7s.1.5.3.7z\"\/><\/svg><\/span><\/span><\/span><\/a><\/span><\/div>\n<nav><ul class='ez-toc-list ez-toc-list-level-1 ' ><li class='ez-toc-page-1 ez-toc-heading-level-2'><a class=\"ez-toc-link ez-toc-heading-1\" href=\"https:\/\/idecesos.com\/seguros\/companias\/caser\/dar-de-baja\/#Diferentes_opciones_para_cancelar_un_contrato_con_Caser\" >Diferentes opciones para cancelar un contrato con Caser<\/a><ul class='ez-toc-list-level-3' ><li class='ez-toc-heading-level-3'><a class=\"ez-toc-link ez-toc-heading-2\" href=\"https:\/\/idecesos.com\/seguros\/companias\/caser\/dar-de-baja\/#A_traves_de_la_web_de_Caser\" >A trav\u00e9s de la web de Caser<\/a><\/li><li class='ez-toc-page-1 ez-toc-heading-level-3'><a class=\"ez-toc-link ez-toc-heading-3\" href=\"https:\/\/idecesos.com\/seguros\/companias\/caser\/dar-de-baja\/#Utilizando_el_correo_electronico_de_Caser\" >Utilizando el correo electr\u00f3nico de Caser<\/a><\/li><li class='ez-toc-page-1 ez-toc-heading-level-3'><a class=\"ez-toc-link ez-toc-heading-4\" href=\"https:\/\/idecesos.com\/seguros\/companias\/caser\/dar-de-baja\/#Dar_de_baja_Caser_por_fax\" >Dar de baja Caser por fax<\/a><\/li><li class='ez-toc-page-1 ez-toc-heading-level-3'><a class=\"ez-toc-link ez-toc-heading-5\" href=\"https:\/\/idecesos.com\/seguros\/companias\/caser\/dar-de-baja\/#En_la_oficina_de_Caser\" >En la oficina de Caser<\/a><\/li><li class='ez-toc-page-1 ez-toc-heading-level-3'><a class=\"ez-toc-link ez-toc-heading-6\" href=\"https:\/\/idecesos.com\/seguros\/companias\/caser\/dar-de-baja\/#Telefono_para_dar_de_baja_Caser\" >T\u00e9lefono para dar de baja Caser<\/a><\/li><\/ul><\/li><li class='ez-toc-page-1 ez-toc-heading-level-2'><a class=\"ez-toc-link ez-toc-heading-7\" href=\"https:\/\/idecesos.com\/seguros\/companias\/caser\/dar-de-baja\/#Dar_de_baja_seguro_Caser_de_un_fallecido\" >Dar de baja seguro Caser de un fallecido<\/a><ul class='ez-toc-list-level-3' ><li class='ez-toc-heading-level-3'><a class=\"ez-toc-link ez-toc-heading-8\" href=\"https:\/\/idecesos.com\/seguros\/companias\/caser\/dar-de-baja\/#Paginas_relacionadas\" >P\u00e1ginas relacionadas<\/a><\/li><\/ul><\/li><\/ul><\/nav><\/div>\n<p> Si desea dar de baja un seguro de decesos, es tan sencillo como proseguir los pasos que le vamos a dar ahora. iDecesos te va a explicar, pasito a pasito, la manera en la que pueda dar de baja su seguro de decesos. En tan solo dos minutos ya va a tener todo solucionado y va a poder buscar una nueva alternativa si de esta manera lo desea ya que te invitamos a que no se quede sin un seguro de decesos en tanto que la tranquilidad que este te ofrece le ser\u00e1 muy rentable a sus familiares en el instante que ocurra alg\u00fan imprevisible. Le recordamos que es muy importante que para dar de baja su seguro de decesos debe informar a Caser por lo menos treinta d\u00edas ya antes de la fecha de renovaci\u00f3n de su seguro a fin de que de esta forma no tenga ning\u00fan inconveniente m\u00e1s adelante al intentar realizarlo. <div class=\"colorf \"  ><div class=\"container clearfix\"><div class=\"col-md-7\"><\/p>\r\n<h2><span class=\"ez-toc-section\" id=\"Diferentes_opciones_para_cancelar_un_contrato_con_Caser\"><\/span>Diferentes opciones para cancelar un contrato con Caser<span class=\"ez-toc-section-end\"><\/span><\/h2>\r\n<!-- \/wp:post-content -->\r\n\r\n<!-- wp:paragraph -->\r\n<p>Cada compa\u00f1\u00eda aseguradora de seguros de decesos marcha de una forma distinta, mas la enorme mayor\u00eda le piden a sus clientes del servicio que rellenen un documento en el que ponga sus deseos de darse de baja de sus servicios. Si quiere lograr el documento que terminamos de nombrar, contacte con nosotros por medio de nuestro n\u00famero de tel\u00e9fono 951 127 403 o bien por nuestro e mail info@idecesos. com. Hay diferentes formas de darse de baja, pero, de cualquier forma, si usted decide mandar una carta certificada con un modelo est\u00e1ndar de cancelaci\u00f3n de su contrato con Caser esta deber\u00e1 d\u00e1rselo por v\u00e1lido. Si deseas eludir inconvenientes en un futuro, haz una copia de seguridad a la cancelaci\u00f3n del contrato. Si no te convence este m\u00e9todo, puedes emplear otras formas para dar de baja tu seguro de decesos en la Caser. <\/div><\/div><\/div><\/p>\r\n<h3><span class=\"ez-toc-section\" id=\"A_traves_de_la_web_de_Caser\"><\/span>A trav\u00e9s de la web de Caser<span class=\"ez-toc-section-end\"><\/span><\/h3>\r\n<p>Una de las opciones que tiene disponible para dar de baja su seguro de decesos, es accediendo a el sitio web www.caser.es\/ de Caser y escribiendo en su buscador las dudas que tenga. En ese momento, obtendr\u00e1 diferentes respuestas. Seleccione la indicada y prosiga los pasos que le se\u00f1alan. Es realmente f\u00e1cil. Si en cualquier instante tiene dudas o bien no encuentra esta opci\u00f3n, va a tener la posibilidad de contactar con Caser a trav\u00e9s de su n\u00famero 91 155 34 72. Si le aparece, rellenando el formulario o descargando el documento que le pida, va a poder completar la petici\u00f3n. <div class=\"colorf \"  ><div class=\"container clearfix\"><div class=\"col-md-7\"><\/p>\r\n<h3><span class=\"ez-toc-section\" id=\"Utilizando_el_correo_electronico_de_Caser\"><\/span>Utilizando el correo electr\u00f3nico de Caser<span class=\"ez-toc-section-end\"><\/span><\/h3>\r\n<p>Otro modo de darse de baja del seguro de decesos de Caser es v\u00eda correo. El proceso es muy sencillo ya que solo deber\u00e1s enviar un correo y vas a recibir en pocos minutos una contestaci\u00f3n. Env\u00edeles los pr\u00f3ximos documentos: una copia del documento de identidad del contratante y la notificaci\u00f3n firmada por el asegurado con sus datos personales, que puedes localizarla en la web de Caser o bien puedes ped\u00edrnosla a nosotros mediante nuestro n\u00famero 951 127 403 o bien correo electr\u00f3nico info@idecesos. com, como ya hemos comentado previamente. Si no quieres tener inconvenientes, guarda una copia sellada y el justificante. Para tu mayor calma, guarda asimismo una copia de la notificaci\u00f3n del d\u00eda en el que la enviastes. <\/div><\/div><\/div><\/p>\r\n<h3><span class=\"ez-toc-section\" id=\"Dar_de_baja_Caser_por_fax\"><\/span>Dar de baja Caser por fax<span class=\"ez-toc-section-end\"><\/span><\/h3>\r\n<p>Fax es otro m\u00e9todo para dar de baja su seguro de decesos. Solo cambia con respecto al anterior, la forma en la que env\u00ede los documentos. A trav\u00e9s de un fax tendr\u00e1 que expedir a Caser una copia de su documento de identidad y la notificaci\u00f3n firma de baja que puede localizarla en la p\u00e1gina web de Caser o bien te la podemos facilitar si nos llamas al 951 127 403. Igual que en las otras opciones, le recordamos que debe guardar una copia sellada y tener un justificante de su recibo. Adem\u00e1s de esto, por lo que pueda suceder en el futuro, guarde una imitaci\u00f3n de la notificaci\u00f3n con la data de env\u00edo. <div class=\"colorf \"  ><div class=\"container clearfix\"><div class=\"col-md-7\"><\/p>\r\n<h3><span class=\"ez-toc-section\" id=\"En_la_oficina_de_Caser\"><\/span>En la oficina de Caser<span class=\"ez-toc-section-end\"><\/span><\/h3>\r\n<p>Asimismo tendr\u00e1 la posibilidad de acudir presencialmente a la oficina de Caser, para dar de baja su seguro de decesos. Busque en la red de redes la oficina m\u00e1s cerca a su hogar y dir\u00edjase a ella. Caser dispone de unos expertos, enormemente cualificados, que estar\u00e1n a su disposici\u00f3n para ayudarle con los documentos que debe rellenar y firmar. Va a ser tan f\u00e1cil como proseguir los pasos que le indiquen. Adem\u00e1s de esto, le recordamos que debe llevar su documento de identidad para que todo esto se pueda hacer, ya que es necesario en este proceso. Todo este proceso es muy f\u00e1cil y sencillo, le entregar\u00e1n las copias de los documentos y el equipo profesional se encargar\u00e1 de terminar todos los tr\u00e1mites. <\/div><\/div><\/div><\/p>\r\n<h3><span class=\"ez-toc-section\" id=\"Telefono_para_dar_de_baja_Caser\"><\/span>T\u00e9lefono para dar de baja Caser<span class=\"ez-toc-section-end\"><\/span><\/h3>\r\n<p>Para darse de baja de su seguro de decesos mediante v\u00eda telef\u00f3nica deber\u00e1 continuar los pasos que el agente de Caser le vaya diciendo. Entonces, va a deber buscar en Intenet su n\u00famero de contacto o bien, llamar de manera directa a 91 155 34 72. Si prosigue los pasos indicados, apropiadamente, en escaso tiempo tendr\u00e1 solucionado cada aspecto de su seguro de baja y, los profesionales, cerrar\u00e1n los tr\u00e1mites, de manera perfecta, para su calma. <div class=\"colorf \"  ><div class=\"container clearfix\"><div class=\"col-md-7\"><\/p>\r\n<h2><span class=\"ez-toc-section\" id=\"Dar_de_baja_seguro_Caser_de_un_fallecido\"><\/span>Dar de baja seguro Caser de un fallecido<span class=\"ez-toc-section-end\"><\/span><\/h2>\r\n<p>Si el asegurado fallece, de manera autom\u00e1tica la compa\u00f1\u00eda aseguradora se encarga de dar de baja al cliente del servicio. El expediente se cerrar\u00e1 a fin de que no se env\u00eden m\u00e1s recibos a esa persona que acaba de fenecer. Los c\u00e1lculos se hacen bas\u00e1ndonos en las estimaciones autom\u00e1ticas y actuariales de la tabla de primas que tengan contratados con Caser. <\/div><\/div><\/div> <div class=\"oficinas\"> <h3><span class=\"ez-toc-section\" id=\"Paginas_relacionadas\"><\/span>P\u00e1ginas relacionadas<span class=\"ez-toc-section-end\"><\/span><\/h3><div class=\"enlazado\"><ul> <li><a href=\"https:\/\/idecesos.com\/seguros\/companias\/caser\/coberturas\/\">Coberturas Seguro de Decesos Caser<\/a><\/li> <li><a href=\"https:\/\/idecesos.com\/seguros\/companias\/caser\/opiniones\/\">Opiniones Caser<\/a><\/li> <li><a href=\"https:\/\/idecesos.com\/seguros\/companias\/caser\/precio\/\">Precio seguro Caser<\/a><\/li> <li><a href=\"https:\/\/idecesos.com\/seguros\/companias\/caser\/prima-mixta\/\">Caser Prima Mixta<\/a><\/li> <li><a href=\"https:\/\/idecesos.com\/seguros\/companias\/caser\/prima-natural\/\">Caser Prima Natural<\/a><\/li> <li><a href=\"https:\/\/idecesos.com\/seguros\/companias\/caser\/prima-nivelada\/\">Caser Prima Nivelada<\/a><\/li> <li><a href=\"https:\/\/idecesos.com\/seguros\/companias\/caser\/prima-unica\/\">Caser Prima \u00danica<\/a><\/li> <li><a href=\"https:\/\/idecesos.com\/seguros\/companias\/caser\/repatriacion\/\">Caser Repatriaci\u00f3n<\/a><\/li> <li><a href=\"https:\/\/idecesos.com\/seguros\/companias\/caser\/telefono\/\">Tel\u00e9fono Gratuito Caser<\/a><\/li><\/ul><\/div> <\/div><\/p>","protected":false},"excerpt":{"rendered":"<p>Si desea dar de baja un seguro de decesos, es tan sencillo como proseguir los pasos que le vamos a dar ahora. iDecesos te va a explicar, pasito a pasito, la manera en la que pueda dar de baja su seguro de decesos. En tan solo dos minutos ya va a tener todo solucionado y&hellip; <\/p>\n","protected":false},"author":1,"featured_media":0,"parent":609,"menu_order":0,"comment_status":"closed","ping_status":"closed","template":"single.php","meta":{"footnotes":""},"class_list":["post-18054","page","type-page","status-publish","hentry"],"yoast_head":"<!-- This site is optimized with the Yoast SEO plugin v27.5 - https:\/\/yoast.com\/product\/yoast-seo-wordpress\/ -->\n<title>\u00bfC\u00f3mo dar de Baja o Cancelar Seguro de Decesos Caser?<\/title>\n<meta name=\"description\" content=\"Obt\u00e9n aqu\u00ed\u3010c\u00f3mo dar de baja o cancelar seguro de decesos Caser\u3011Modelo carta, fax, correo electr\u00f3nico (email), tel\u00e9fono gratis.\" \/>\n<meta name=\"robots\" content=\"index, follow, max-snippet:-1, max-image-preview:large, max-video-preview:-1\" \/>\n<link rel=\"canonical\" href=\"https:\/\/idecesos.com\/seguros\/companias\/caser\/dar-de-baja\/\" \/>\n<meta property=\"og:locale\" content=\"es_ES\" \/>\n<meta property=\"og:type\" content=\"article\" \/>\n<meta property=\"og:title\" content=\"\u00bfC\u00f3mo dar de Baja o Cancelar Seguro de Decesos Caser?\" \/>\n<meta property=\"og:description\" content=\"Obt\u00e9n aqu\u00ed\u3010c\u00f3mo dar de baja o cancelar seguro de decesos Caser\u3011Modelo carta, fax, correo electr\u00f3nico (email), tel\u00e9fono gratis.\" \/>\n<meta property=\"og:url\" content=\"https:\/\/idecesos.com\/seguros\/companias\/caser\/dar-de-baja\/\" \/>\n<meta property=\"article:modified_time\" content=\"2022-01-27T16:01:12+00:00\" \/>\n<meta name=\"twitter:card\" content=\"summary_large_image\" \/>\n<meta name=\"twitter:label1\" content=\"Tiempo de lectura\" \/>\n\t<meta name=\"twitter:data1\" content=\"5 minutos\" \/>\n<script type=\"application\/ld+json\" class=\"yoast-schema-graph\">{\"@context\":\"https:\\\/\\\/schema.org\",\"@graph\":[{\"@type\":\"WebPage\",\"@id\":\"https:\\\/\\\/idecesos.com\\\/seguros\\\/companias\\\/caser\\\/dar-de-baja\\\/\",\"url\":\"https:\\\/\\\/idecesos.com\\\/seguros\\\/companias\\\/caser\\\/dar-de-baja\\\/\",\"name\":\"\u00bfC\u00f3mo dar de Baja o Cancelar Seguro de Decesos Caser?\",\"isPartOf\":{\"@id\":\"https:\\\/\\\/idecesos.com\\\/seguros\\\/#website\"},\"datePublished\":\"2021-12-29T11:45:48+00:00\",\"dateModified\":\"2022-01-27T16:01:12+00:00\",\"description\":\"Obt\u00e9n aqu\u00ed\u3010c\u00f3mo dar de baja o cancelar seguro de decesos Caser\u3011Modelo carta, fax, correo electr\u00f3nico (email), tel\u00e9fono gratis.\",\"breadcrumb\":{\"@id\":\"https:\\\/\\\/idecesos.com\\\/seguros\\\/companias\\\/caser\\\/dar-de-baja\\\/#breadcrumb\"},\"inLanguage\":\"es\",\"potentialAction\":[{\"@type\":\"ReadAction\",\"target\":[\"https:\\\/\\\/idecesos.com\\\/seguros\\\/companias\\\/caser\\\/dar-de-baja\\\/\"]}]},{\"@type\":\"BreadcrumbList\",\"@id\":\"https:\\\/\\\/idecesos.com\\\/seguros\\\/companias\\\/caser\\\/dar-de-baja\\\/#breadcrumb\",\"itemListElement\":[{\"@type\":\"ListItem\",\"position\":1,\"name\":\"Portada\",\"item\":\"https:\\\/\\\/idecesos.com\\\/seguros\\\/\"},{\"@type\":\"ListItem\",\"position\":2,\"name\":\"Compa\u00f1\u00edas de Seguros de Decesos en Espa\u00f1a\",\"item\":\"https:\\\/\\\/idecesos.com\\\/seguros\\\/companias\\\/\"},{\"@type\":\"ListItem\",\"position\":3,\"name\":\"Seguro de Decesos Caser\",\"item\":\"https:\\\/\\\/idecesos.com\\\/seguros\\\/companias\\\/caser\\\/\"},{\"@type\":\"ListItem\",\"position\":4,\"name\":\"\u00bfC\u00f3mo dar de baja seguro Caser?\"}]},{\"@type\":\"WebSite\",\"@id\":\"https:\\\/\\\/idecesos.com\\\/seguros\\\/#website\",\"url\":\"https:\\\/\\\/idecesos.com\\\/seguros\\\/\",\"name\":\"\",\"description\":\"\",\"potentialAction\":[{\"@type\":\"SearchAction\",\"target\":{\"@type\":\"EntryPoint\",\"urlTemplate\":\"https:\\\/\\\/idecesos.com\\\/seguros\\\/?s={search_term_string}\"},\"query-input\":{\"@type\":\"PropertyValueSpecification\",\"valueRequired\":true,\"valueName\":\"search_term_string\"}}],\"inLanguage\":\"es\"}]}<\/script>\n<!-- \/ Yoast SEO plugin. -->","yoast_head_json":{"title":"\u00bfC\u00f3mo dar de Baja o Cancelar Seguro de Decesos Caser?","description":"Obt\u00e9n aqu\u00ed\u3010c\u00f3mo dar de baja o cancelar seguro de decesos Caser\u3011Modelo carta, fax, correo electr\u00f3nico (email), tel\u00e9fono gratis.","robots":{"index":"index","follow":"follow","max-snippet":"max-snippet:-1","max-image-preview":"max-image-preview:large","max-video-preview":"max-video-preview:-1"},"canonical":"https:\/\/idecesos.com\/seguros\/companias\/caser\/dar-de-baja\/","og_locale":"es_ES","og_type":"article","og_title":"\u00bfC\u00f3mo dar de Baja o Cancelar Seguro de Decesos Caser?","og_description":"Obt\u00e9n aqu\u00ed\u3010c\u00f3mo dar de baja o cancelar seguro de decesos Caser\u3011Modelo carta, fax, correo electr\u00f3nico (email), tel\u00e9fono gratis.","og_url":"https:\/\/idecesos.com\/seguros\/companias\/caser\/dar-de-baja\/","article_modified_time":"2022-01-27T16:01:12+00:00","twitter_card":"summary_large_image","twitter_misc":{"Tiempo de lectura":"5 minutos"},"schema":{"@context":"https:\/\/schema.org","@graph":[{"@type":"WebPage","@id":"https:\/\/idecesos.com\/seguros\/companias\/caser\/dar-de-baja\/","url":"https:\/\/idecesos.com\/seguros\/companias\/caser\/dar-de-baja\/","name":"\u00bfC\u00f3mo dar de Baja o Cancelar Seguro de Decesos Caser?","isPartOf":{"@id":"https:\/\/idecesos.com\/seguros\/#website"},"datePublished":"2021-12-29T11:45:48+00:00","dateModified":"2022-01-27T16:01:12+00:00","description":"Obt\u00e9n aqu\u00ed\u3010c\u00f3mo dar de baja o cancelar seguro de decesos Caser\u3011Modelo carta, fax, correo electr\u00f3nico (email), tel\u00e9fono gratis.","breadcrumb":{"@id":"https:\/\/idecesos.com\/seguros\/companias\/caser\/dar-de-baja\/#breadcrumb"},"inLanguage":"es","potentialAction":[{"@type":"ReadAction","target":["https:\/\/idecesos.com\/seguros\/companias\/caser\/dar-de-baja\/"]}]},{"@type":"BreadcrumbList","@id":"https:\/\/idecesos.com\/seguros\/companias\/caser\/dar-de-baja\/#breadcrumb","itemListElement":[{"@type":"ListItem","position":1,"name":"Portada","item":"https:\/\/idecesos.com\/seguros\/"},{"@type":"ListItem","position":2,"name":"Compa\u00f1\u00edas de Seguros de Decesos en Espa\u00f1a","item":"https:\/\/idecesos.com\/seguros\/companias\/"},{"@type":"ListItem","position":3,"name":"Seguro de Decesos Caser","item":"https:\/\/idecesos.com\/seguros\/companias\/caser\/"},{"@type":"ListItem","position":4,"name":"\u00bfC\u00f3mo dar de baja seguro Caser?"}]},{"@type":"WebSite","@id":"https:\/\/idecesos.com\/seguros\/#website","url":"https:\/\/idecesos.com\/seguros\/","name":"","description":"","potentialAction":[{"@type":"SearchAction","target":{"@type":"EntryPoint","urlTemplate":"https:\/\/idecesos.com\/seguros\/?s={search_term_string}"},"query-input":{"@type":"PropertyValueSpecification","valueRequired":true,"valueName":"search_term_string"}}],"inLanguage":"es"}]}},"_links":{"self":[{"href":"https:\/\/idecesos.com\/seguros\/wp-json\/wp\/v2\/pages\/18054","targetHints":{"allow":["GET"]}}],"collection":[{"href":"https:\/\/idecesos.com\/seguros\/wp-json\/wp\/v2\/pages"}],"about":[{"href":"https:\/\/idecesos.com\/seguros\/wp-json\/wp\/v2\/types\/page"}],"author":[{"embeddable":true,"href":"https:\/\/idecesos.com\/seguros\/wp-json\/wp\/v2\/users\/1"}],"replies":[{"embeddable":true,"href":"https:\/\/idecesos.com\/seguros\/wp-json\/wp\/v2\/comments?post=18054"}],"version-history":[{"count":4,"href":"https:\/\/idecesos.com\/seguros\/wp-json\/wp\/v2\/pages\/18054\/revisions"}],"predecessor-version":[{"id":19082,"href":"https:\/\/idecesos.com\/seguros\/wp-json\/wp\/v2\/pages\/18054\/revisions\/19082"}],"up":[{"embeddable":true,"href":"https:\/\/idecesos.com\/seguros\/wp-json\/wp\/v2\/pages\/609"}],"wp:attachment":[{"href":"https:\/\/idecesos.com\/seguros\/wp-json\/wp\/v2\/media?parent=18054"}],"curies":[{"name":"wp","href":"https:\/\/api.w.org\/{rel}","templated":true}]}}