{"id":18055,"date":"2021-12-29T11:52:35","date_gmt":"2021-12-29T11:45:48","guid":{"rendered":"https:\/\/idecesos.com\/seguros\/companias\/helvetia\/dar-de-baja\/"},"modified":"2022-01-27T16:06:41","modified_gmt":"2022-01-27T16:06:41","slug":"dar-de-baja","status":"publish","type":"page","link":"https:\/\/idecesos.com\/seguros\/companias\/helvetia\/dar-de-baja\/","title":{"rendered":"\u00bfC\u00f3mo dar de baja seguro Helvetia?"},"content":{"rendered":"<div id=\"ez-toc-container\" class=\"ez-toc-v2_0_82_2 ez-toc-wrap-center counter-hierarchy ez-toc-counter ez-toc-custom ez-toc-container-direction\">\n<div class=\"ez-toc-title-container\">\n<p class=\"ez-toc-title\" style=\"cursor:inherit\">Tabla de Contenido<\/p>\n<span class=\"ez-toc-title-toggle\"><a href=\"#\" class=\"ez-toc-pull-right ez-toc-btn ez-toc-btn-xs ez-toc-btn-default ez-toc-toggle\" aria-label=\"Alternar tabla de contenidos\"><span class=\"ez-toc-js-icon-con\"><span class=\"\"><span class=\"eztoc-hide\" style=\"display:none;\">Toggle<\/span><span class=\"ez-toc-icon-toggle-span\"><svg style=\"fill: #db6415;color:#db6415\" xmlns=\"http:\/\/www.w3.org\/2000\/svg\" class=\"list-377408\" width=\"20px\" height=\"20px\" viewBox=\"0 0 24 24\" fill=\"none\"><path d=\"M6 6H4v2h2V6zm14 0H8v2h12V6zM4 11h2v2H4v-2zm16 0H8v2h12v-2zM4 16h2v2H4v-2zm16 0H8v2h12v-2z\" fill=\"currentColor\"><\/path><\/svg><svg style=\"fill: #db6415;color:#db6415\" class=\"arrow-unsorted-368013\" xmlns=\"http:\/\/www.w3.org\/2000\/svg\" width=\"10px\" height=\"10px\" viewBox=\"0 0 24 24\" version=\"1.2\" baseProfile=\"tiny\"><path d=\"M18.2 9.3l-6.2-6.3-6.2 6.3c-.2.2-.3.4-.3.7s.1.5.3.7c.2.2.4.3.7.3h11c.3 0 .5-.1.7-.3.2-.2.3-.5.3-.7s-.1-.5-.3-.7zM5.8 14.7l6.2 6.3 6.2-6.3c.2-.2.3-.5.3-.7s-.1-.5-.3-.7c-.2-.2-.4-.3-.7-.3h-11c-.3 0-.5.1-.7.3-.2.2-.3.5-.3.7s.1.5.3.7z\"\/><\/svg><\/span><\/span><\/span><\/a><\/span><\/div>\n<nav><ul class='ez-toc-list ez-toc-list-level-1 ' ><li class='ez-toc-page-1 ez-toc-heading-level-2'><a class=\"ez-toc-link ez-toc-heading-1\" href=\"https:\/\/idecesos.com\/seguros\/companias\/helvetia\/dar-de-baja\/#Diferentes_opciones_para_cancelar_un_contrato_con_Helvetia\" >Diferentes opciones para cancelar un contrato con Helvetia<\/a><ul class='ez-toc-list-level-3' ><li class='ez-toc-heading-level-3'><a class=\"ez-toc-link ez-toc-heading-2\" href=\"https:\/\/idecesos.com\/seguros\/companias\/helvetia\/dar-de-baja\/#A_traves_de_la_web_de_Helvetia\" >A trav\u00e9s de la web de Helvetia<\/a><\/li><li class='ez-toc-page-1 ez-toc-heading-level-3'><a class=\"ez-toc-link ez-toc-heading-3\" href=\"https:\/\/idecesos.com\/seguros\/companias\/helvetia\/dar-de-baja\/#Utilizando_el_correo_electronico_de_Helvetia\" >Utilizando el correo electr\u00f3nico de Helvetia<\/a><\/li><li class='ez-toc-page-1 ez-toc-heading-level-3'><a class=\"ez-toc-link ez-toc-heading-4\" href=\"https:\/\/idecesos.com\/seguros\/companias\/helvetia\/dar-de-baja\/#Dar_de_baja_Helvetia_por_fax\" >Dar de baja Helvetia por fax<\/a><\/li><li class='ez-toc-page-1 ez-toc-heading-level-3'><a class=\"ez-toc-link ez-toc-heading-5\" href=\"https:\/\/idecesos.com\/seguros\/companias\/helvetia\/dar-de-baja\/#En_la_oficina_de_Helvetia\" >En la oficina de Helvetia<\/a><\/li><li class='ez-toc-page-1 ez-toc-heading-level-3'><a class=\"ez-toc-link ez-toc-heading-6\" href=\"https:\/\/idecesos.com\/seguros\/companias\/helvetia\/dar-de-baja\/#Telefono_para_dar_de_baja_Helvetia\" >T\u00e9lefono para dar de baja Helvetia<\/a><\/li><\/ul><\/li><li class='ez-toc-page-1 ez-toc-heading-level-2'><a class=\"ez-toc-link ez-toc-heading-7\" href=\"https:\/\/idecesos.com\/seguros\/companias\/helvetia\/dar-de-baja\/#Dar_de_baja_seguro_Helvetia_de_un_fallecido\" >Dar de baja seguro Helvetia de un fallecido<\/a><ul class='ez-toc-list-level-3' ><li class='ez-toc-heading-level-3'><a class=\"ez-toc-link ez-toc-heading-8\" href=\"https:\/\/idecesos.com\/seguros\/companias\/helvetia\/dar-de-baja\/#Paginas_relacionadas\" >P\u00e1ginas relacionadas<\/a><\/li><\/ul><\/li><\/ul><\/nav><\/div>\n<p> En este apartado, vamos a mostrarte los pasos para cancelar tu seguro de fallecimiento. iDecesos ha trabajado para explicarte de qu\u00e9 manera hacerlo y para que no se deba preocupar por nada en tanto que esto puede parecer algo bastante dif\u00edcil o complejo. Ahora conocer\u00e1s las diferentes formas que tienes para dar de baja tu seguro y los pasos que debes seguir. Vas a poder dar de baja usted mismo su seguro de decesos tras conocer todas las formas diferentes que tienes para realizar el proceso. Te recomendamos seguir con tu seguro de decesos en tanto que es clave a fin de que puedas vivir m\u00e1s apacible y sin preocupaciones. <div class=\"colorf \"  ><div class=\"container clearfix\"><div class=\"col-md-7\"><\/p>\r\n<h2><span class=\"ez-toc-section\" id=\"Diferentes_opciones_para_cancelar_un_contrato_con_Helvetia\"><\/span>Diferentes opciones para cancelar un contrato con Helvetia<span class=\"ez-toc-section-end\"><\/span><\/h2>\r\n<!-- \/wp:post-content -->\r\n\r\n<!-- wp:paragraph -->\r\n<p>La manera de actuar de cada compa\u00f1\u00eda es muy, muy diferente pero, casi todas, solicitan a sus asegurados un documento en el que quede constancia su deseo de dar de baja a su seguro. Si bien haya muchas maneras de realizar la cancelaci\u00f3n de su contrato, es v\u00e1lido el env\u00edo de una carta certificada, con el modelo est\u00e1ndar. iDecesos le aconseja que haga una copia del documento y tenga a buen recaudo el resguardo. Si decide no escoger este m\u00e9todo, a continuaci\u00f3n, le mostramos otras formas por las que podr\u00e1 darse de baja del seguro de decesos de Helvetia. <\/div><\/div><\/div><\/p>\r\n<h3><span class=\"ez-toc-section\" id=\"A_traves_de_la_web_de_Helvetia\"><\/span>A trav\u00e9s de la web de Helvetia<span class=\"ez-toc-section-end\"><\/span><\/h3>\r\n<p>Antes de proceder a efectuar la baja del seguro, haz una revisi\u00f3n y comprueba que todos los datos est\u00e9n bien. \u00bfC\u00f3mo puedo cancelar mi seguro de decesos por internet por medio de la web de la compa\u00f1\u00eda aseguradora?La manera m\u00e1s sencilla es usando el buscador que podr\u00e1s localizar en la p\u00e1gina de la compa\u00f1\u00eda y escribiendo lo que precisas saber. Si no encuentras la opci\u00f3n de dar de baja tu seguro por la p\u00e1gina de la compa\u00f1\u00eda, tendr\u00e1s que ponerte en contacto con ellos por tel\u00e9fono. Para lograr que la petici\u00f3n de la baja sea tramitada de manera correcta, tendr\u00e1s que rellenar un formulario. Examina los datos antes de mandar la solicitud puesto que si est\u00e1n mal expuestos, tendr\u00e1s inconvenientes para percibir la confirmaci\u00f3n de la baja del seguro. <div class=\"colorf \"  ><div class=\"container clearfix\"><div class=\"col-md-7\"><\/p>\r\n<h3><span class=\"ez-toc-section\" id=\"Utilizando_el_correo_electronico_de_Helvetia\"><\/span>Utilizando el correo electr\u00f3nico de Helvetia<span class=\"ez-toc-section-end\"><\/span><\/h3>\r\n<p>Puedes contactar con tu compa\u00f1\u00eda de seguros por e-mail si quieres finalizar un contrato de tu seguro de decesos con ellos. Para poder pedir la baja del seguro de decesos a tu compa\u00f1\u00eda, tendr\u00e1s que enviarle por correo electr\u00f3nico una imitaci\u00f3n de tu DNI y el documento firmado donde se pida la baja. No pierdas de vista la copia sellada y el justificante del recibo por si en un futuro te lo pidiese la compa\u00f1\u00eda de seguros. Adem\u00e1s, con lo que pueda pasar, le recomendamos que guarde una imitaci\u00f3n de la notificaci\u00f3n del correo con su data de env\u00edo con lo que pueda ocurrir en el futuro. De esta forma siempre y en todo momento haber enviado la solicitud al email de Helvetia con su n\u00famero de p\u00f3liza de seguro de decesos con un m\u00ednimo de 30 d\u00edas hasta la fecha de vencimiento del contrato. <\/div><\/div><\/div><\/p>\r\n<h3><span class=\"ez-toc-section\" id=\"Dar_de_baja_Helvetia_por_fax\"><\/span>Dar de baja Helvetia por fax<span class=\"ez-toc-section-end\"><\/span><\/h3>\r\n<p>Otro m\u00e9todo, es el uso del fax. Es muy af\u00edn al explicado previamente, la diferencia es el procedimiento de env\u00edo. Mediante un fax tendr\u00e1 que expedir a Helvetia una copia de su documento nacional de identidad y la notificaci\u00f3n firma de baja que puede encontrarla en la p\u00e1gina web de Helvetia o te la podemos facilitar si nos llamas al 951 127 403. Debe preservar la copia sellada y el justificante de su recibo, como en los otros m\u00e9todos. Y, como es natural, no olvide tambi\u00e9n guardar una copia de la notificaci\u00f3n, en la que aparezca la data de env\u00edo correspondiente. <div class=\"colorf \"  ><div class=\"container clearfix\"><div class=\"col-md-7\"><\/p>\r\n<h3><span class=\"ez-toc-section\" id=\"En_la_oficina_de_Helvetia\"><\/span>En la oficina de Helvetia<span class=\"ez-toc-section-end\"><\/span><\/h3>\r\n<p>Si todos y cada uno de los m\u00e9todos precedentes le parecen realmente dif\u00edciles porque no controla realmente bien las nuevas tecnolog\u00edas tambi\u00e9n puede decantarse por ir presencialmente a una oficina de Helvetia y all\u00ed podr\u00e1 darse de baja tambi\u00e9n de su seguro de decesos. Haga una busca sobre la oficina m\u00e1s cercana a su hogar y, asista en el horario estipulado. Sus agentes especializados le atender\u00e1n y dar\u00e1n todos los documentos precisos para que los rellene y firme apropiadamente. El proceso ser\u00e1 tan sencillo como continuar las indicaciones de los asesores. Es preciso, que lleve su documento de identidad, para el adecuado funcionamiento del tr\u00e1mite. Al terminar, le van a dar una copia de todos los documentos y, los expertos, se encargar\u00e1n de terminar el proceso de baja de su seguro de decesos. <\/div><\/div><\/div><\/p>\r\n<h3><span class=\"ez-toc-section\" id=\"Telefono_para_dar_de_baja_Helvetia\"><\/span>T\u00e9lefono para dar de baja Helvetia<span class=\"ez-toc-section-end\"><\/span><\/h3>\r\n<p>Para darse de baja de su seguro de decesos a trav\u00e9s de v\u00eda telef\u00f3nica tendr\u00e1 que proseguir los pasos que el agente de Helvetia le vaya diciendo. De esta manera, podr\u00e1 ponerse en contacto tras realizar una b\u00fasqueda en Internet del n\u00famero de tel\u00e9fono correcto o bien, llamando al \u00a0954 593 239. Siguiendo los pasos que le indiquen, en tan solo dos minutos todo estar\u00e1 solucionado y el agente se pondr\u00e1 de manera inmediata con todos y cada uno de los tr\u00e1mites para acabar con su contrato de baja, con lo que puede estar apacible. <div class=\"colorf \"  ><div class=\"container clearfix\"><div class=\"col-md-7\"><\/p>\r\n<h2><span class=\"ez-toc-section\" id=\"Dar_de_baja_seguro_Helvetia_de_un_fallecido\"><\/span>Dar de baja seguro Helvetia de un fallecido<span class=\"ez-toc-section-end\"><\/span><\/h2>\r\n<p>Finalmente, le vamos a dar los pasos clave para dar de baja su seguro de decesos, una vez fallecido el asegurado. Es la forma m\u00e1s sencilla de cancelar un seguro de este g\u00e9nero. No tienes que preocuparte por nada ni hacer ninguno de los tr\u00e1mites que hemos explicado anteriormente, no debe hacer nada. Tras su muerte, Helvetia anular\u00e1, de forma autom\u00e1tica, su seguro de decesos. Para Helvetia es fundamental la calma de los familiares y, por este motivo, al morir el asegurado, se ocupar\u00e1 de dar de baja su seguro. <\/div><\/div><\/div> <div class=\"oficinas\"> <h3><span class=\"ez-toc-section\" id=\"Paginas_relacionadas\"><\/span>P\u00e1ginas relacionadas<span class=\"ez-toc-section-end\"><\/span><\/h3><div class=\"enlazado\"><ul> <li><a href=\"https:\/\/idecesos.com\/seguros\/companias\/helvetia\/coberturas\/\">Coberturas Helvetia<\/a><\/li> <li><a href=\"https:\/\/idecesos.com\/seguros\/companias\/helvetia\/dentistas\/\">Dentistas Helvetia<\/a><\/li> <li><a href=\"https:\/\/idecesos.com\/seguros\/companias\/helvetia\/incineracion\/\">Incineraci\u00f3n Helvetia<\/a><\/li> <li><a href=\"https:\/\/idecesos.com\/seguros\/companias\/helvetia\/opiniones\/\">Opiniones Helvetia<\/a><\/li> <li><a href=\"https:\/\/idecesos.com\/seguros\/companias\/helvetia\/precio\/\">Precio seguro Helvetia<\/a><\/li> <li><a href=\"https:\/\/idecesos.com\/seguros\/companias\/helvetia\/prima-mixta\/\">Helvetia Prima Mixta<\/a><\/li> <li><a href=\"https:\/\/idecesos.com\/seguros\/companias\/helvetia\/prima-natural\/\">Helvetia Prima Natural<\/a><\/li> <li><a href=\"https:\/\/idecesos.com\/seguros\/companias\/helvetia\/prima-nivelada\/\">Helvetia Prima Nivelada<\/a><\/li> <li><a href=\"https:\/\/idecesos.com\/seguros\/companias\/helvetia\/prima-unica\/\">Helvetia Prima \u00danica<\/a><\/li> <li><a href=\"https:\/\/idecesos.com\/seguros\/companias\/helvetia\/repatriacion\/\">Helvetia Repatriaci\u00f3n<\/a><\/li> <li><a href=\"https:\/\/idecesos.com\/seguros\/companias\/helvetia\/santa-lucia\/\">DECESOS HELVETIA Vs SANTA LUCIA<\/a><\/li> <li><a href=\"https:\/\/idecesos.com\/seguros\/companias\/helvetia\/telefono\/\">Tel\u00e9fono Gratuito Helvetia<\/a><\/li><\/ul><\/div> <\/div><\/p>","protected":false},"excerpt":{"rendered":"<p>En este apartado, vamos a mostrarte los pasos para cancelar tu seguro de fallecimiento. iDecesos ha trabajado para explicarte de qu\u00e9 manera hacerlo y para que no se deba preocupar por nada en tanto que esto puede parecer algo bastante dif\u00edcil o complejo. Ahora conocer\u00e1s las diferentes formas que tienes para dar de baja tu&hellip; <\/p>\n","protected":false},"author":1,"featured_media":0,"parent":652,"menu_order":0,"comment_status":"closed","ping_status":"closed","template":"single.php","meta":{"footnotes":""},"class_list":["post-18055","page","type-page","status-publish","hentry"],"yoast_head":"<!-- This site is optimized with the Yoast SEO plugin v27.3 - https:\/\/yoast.com\/product\/yoast-seo-wordpress\/ -->\n<title>\u00bfC\u00f3mo dar de Baja o Cancelar Seguro de Decesos Helvetia?<\/title>\n<meta name=\"description\" content=\"Obt\u00e9n aqu\u00ed\u3010c\u00f3mo dar de baja o cancelar seguro de decesos Helvetia\u3011Modelo carta, fax, correo electr\u00f3nico (email), tel\u00e9fono gratis.\" \/>\n<meta name=\"robots\" content=\"index, follow, max-snippet:-1, max-image-preview:large, max-video-preview:-1\" \/>\n<link rel=\"canonical\" href=\"https:\/\/idecesos.com\/seguros\/companias\/helvetia\/dar-de-baja\/\" \/>\n<meta property=\"og:locale\" content=\"es_ES\" \/>\n<meta property=\"og:type\" content=\"article\" \/>\n<meta property=\"og:title\" content=\"\u00bfC\u00f3mo dar de Baja o Cancelar Seguro de Decesos Helvetia?\" \/>\n<meta property=\"og:description\" content=\"Obt\u00e9n aqu\u00ed\u3010c\u00f3mo dar de baja o cancelar seguro de decesos Helvetia\u3011Modelo carta, fax, correo electr\u00f3nico (email), tel\u00e9fono gratis.\" \/>\n<meta property=\"og:url\" content=\"https:\/\/idecesos.com\/seguros\/companias\/helvetia\/dar-de-baja\/\" \/>\n<meta property=\"article:modified_time\" content=\"2022-01-27T16:06:41+00:00\" \/>\n<meta name=\"twitter:card\" content=\"summary_large_image\" \/>\n<meta name=\"twitter:label1\" content=\"Tiempo de lectura\" \/>\n\t<meta name=\"twitter:data1\" content=\"15 minutos\" \/>\n<script type=\"application\/ld+json\" class=\"yoast-schema-graph\">{\"@context\":\"https:\\\/\\\/schema.org\",\"@graph\":[{\"@type\":\"WebPage\",\"@id\":\"https:\\\/\\\/idecesos.com\\\/seguros\\\/companias\\\/helvetia\\\/dar-de-baja\\\/\",\"url\":\"https:\\\/\\\/idecesos.com\\\/seguros\\\/companias\\\/helvetia\\\/dar-de-baja\\\/\",\"name\":\"\u00bfC\u00f3mo dar de Baja o Cancelar Seguro de Decesos Helvetia?\",\"isPartOf\":{\"@id\":\"https:\\\/\\\/idecesos.com\\\/seguros\\\/#website\"},\"datePublished\":\"2021-12-29T11:45:48+00:00\",\"dateModified\":\"2022-01-27T16:06:41+00:00\",\"description\":\"Obt\u00e9n aqu\u00ed\u3010c\u00f3mo dar de baja o cancelar seguro de decesos Helvetia\u3011Modelo carta, fax, correo electr\u00f3nico (email), tel\u00e9fono gratis.\",\"breadcrumb\":{\"@id\":\"https:\\\/\\\/idecesos.com\\\/seguros\\\/companias\\\/helvetia\\\/dar-de-baja\\\/#breadcrumb\"},\"inLanguage\":\"es\",\"potentialAction\":[{\"@type\":\"ReadAction\",\"target\":[\"https:\\\/\\\/idecesos.com\\\/seguros\\\/companias\\\/helvetia\\\/dar-de-baja\\\/\"]}]},{\"@type\":\"BreadcrumbList\",\"@id\":\"https:\\\/\\\/idecesos.com\\\/seguros\\\/companias\\\/helvetia\\\/dar-de-baja\\\/#breadcrumb\",\"itemListElement\":[{\"@type\":\"ListItem\",\"position\":1,\"name\":\"Portada\",\"item\":\"https:\\\/\\\/idecesos.com\\\/seguros\\\/\"},{\"@type\":\"ListItem\",\"position\":2,\"name\":\"Compa\u00f1\u00edas de Seguros de Decesos en Espa\u00f1a\",\"item\":\"https:\\\/\\\/idecesos.com\\\/seguros\\\/companias\\\/\"},{\"@type\":\"ListItem\",\"position\":3,\"name\":\"Seguro de Decesos Helvetia\",\"item\":\"https:\\\/\\\/idecesos.com\\\/seguros\\\/companias\\\/helvetia\\\/\"},{\"@type\":\"ListItem\",\"position\":4,\"name\":\"\u00bfC\u00f3mo dar de baja seguro Helvetia?\"}]},{\"@type\":\"WebSite\",\"@id\":\"https:\\\/\\\/idecesos.com\\\/seguros\\\/#website\",\"url\":\"https:\\\/\\\/idecesos.com\\\/seguros\\\/\",\"name\":\"\",\"description\":\"\",\"potentialAction\":[{\"@type\":\"SearchAction\",\"target\":{\"@type\":\"EntryPoint\",\"urlTemplate\":\"https:\\\/\\\/idecesos.com\\\/seguros\\\/?s={search_term_string}\"},\"query-input\":{\"@type\":\"PropertyValueSpecification\",\"valueRequired\":true,\"valueName\":\"search_term_string\"}}],\"inLanguage\":\"es\"}]}<\/script>\n<!-- \/ Yoast SEO plugin. -->","yoast_head_json":{"title":"\u00bfC\u00f3mo dar de Baja o Cancelar Seguro de Decesos Helvetia?","description":"Obt\u00e9n aqu\u00ed\u3010c\u00f3mo dar de baja o cancelar seguro de decesos Helvetia\u3011Modelo carta, fax, correo electr\u00f3nico (email), tel\u00e9fono gratis.","robots":{"index":"index","follow":"follow","max-snippet":"max-snippet:-1","max-image-preview":"max-image-preview:large","max-video-preview":"max-video-preview:-1"},"canonical":"https:\/\/idecesos.com\/seguros\/companias\/helvetia\/dar-de-baja\/","og_locale":"es_ES","og_type":"article","og_title":"\u00bfC\u00f3mo dar de Baja o Cancelar Seguro de Decesos Helvetia?","og_description":"Obt\u00e9n aqu\u00ed\u3010c\u00f3mo dar de baja o cancelar seguro de decesos Helvetia\u3011Modelo carta, fax, correo electr\u00f3nico (email), tel\u00e9fono gratis.","og_url":"https:\/\/idecesos.com\/seguros\/companias\/helvetia\/dar-de-baja\/","article_modified_time":"2022-01-27T16:06:41+00:00","twitter_card":"summary_large_image","twitter_misc":{"Tiempo de lectura":"15 minutos"},"schema":{"@context":"https:\/\/schema.org","@graph":[{"@type":"WebPage","@id":"https:\/\/idecesos.com\/seguros\/companias\/helvetia\/dar-de-baja\/","url":"https:\/\/idecesos.com\/seguros\/companias\/helvetia\/dar-de-baja\/","name":"\u00bfC\u00f3mo dar de Baja o Cancelar Seguro de Decesos Helvetia?","isPartOf":{"@id":"https:\/\/idecesos.com\/seguros\/#website"},"datePublished":"2021-12-29T11:45:48+00:00","dateModified":"2022-01-27T16:06:41+00:00","description":"Obt\u00e9n aqu\u00ed\u3010c\u00f3mo dar de baja o cancelar seguro de decesos Helvetia\u3011Modelo carta, fax, correo electr\u00f3nico (email), tel\u00e9fono gratis.","breadcrumb":{"@id":"https:\/\/idecesos.com\/seguros\/companias\/helvetia\/dar-de-baja\/#breadcrumb"},"inLanguage":"es","potentialAction":[{"@type":"ReadAction","target":["https:\/\/idecesos.com\/seguros\/companias\/helvetia\/dar-de-baja\/"]}]},{"@type":"BreadcrumbList","@id":"https:\/\/idecesos.com\/seguros\/companias\/helvetia\/dar-de-baja\/#breadcrumb","itemListElement":[{"@type":"ListItem","position":1,"name":"Portada","item":"https:\/\/idecesos.com\/seguros\/"},{"@type":"ListItem","position":2,"name":"Compa\u00f1\u00edas de Seguros de Decesos en Espa\u00f1a","item":"https:\/\/idecesos.com\/seguros\/companias\/"},{"@type":"ListItem","position":3,"name":"Seguro de Decesos Helvetia","item":"https:\/\/idecesos.com\/seguros\/companias\/helvetia\/"},{"@type":"ListItem","position":4,"name":"\u00bfC\u00f3mo dar de baja seguro Helvetia?"}]},{"@type":"WebSite","@id":"https:\/\/idecesos.com\/seguros\/#website","url":"https:\/\/idecesos.com\/seguros\/","name":"","description":"","potentialAction":[{"@type":"SearchAction","target":{"@type":"EntryPoint","urlTemplate":"https:\/\/idecesos.com\/seguros\/?s={search_term_string}"},"query-input":{"@type":"PropertyValueSpecification","valueRequired":true,"valueName":"search_term_string"}}],"inLanguage":"es"}]}},"_links":{"self":[{"href":"https:\/\/idecesos.com\/seguros\/wp-json\/wp\/v2\/pages\/18055","targetHints":{"allow":["GET"]}}],"collection":[{"href":"https:\/\/idecesos.com\/seguros\/wp-json\/wp\/v2\/pages"}],"about":[{"href":"https:\/\/idecesos.com\/seguros\/wp-json\/wp\/v2\/types\/page"}],"author":[{"embeddable":true,"href":"https:\/\/idecesos.com\/seguros\/wp-json\/wp\/v2\/users\/1"}],"replies":[{"embeddable":true,"href":"https:\/\/idecesos.com\/seguros\/wp-json\/wp\/v2\/comments?post=18055"}],"version-history":[{"count":4,"href":"https:\/\/idecesos.com\/seguros\/wp-json\/wp\/v2\/pages\/18055\/revisions"}],"predecessor-version":[{"id":19083,"href":"https:\/\/idecesos.com\/seguros\/wp-json\/wp\/v2\/pages\/18055\/revisions\/19083"}],"up":[{"embeddable":true,"href":"https:\/\/idecesos.com\/seguros\/wp-json\/wp\/v2\/pages\/652"}],"wp:attachment":[{"href":"https:\/\/idecesos.com\/seguros\/wp-json\/wp\/v2\/media?parent=18055"}],"curies":[{"name":"wp","href":"https:\/\/api.w.org\/{rel}","templated":true}]}}