{"id":18056,"date":"2021-12-29T11:52:35","date_gmt":"2021-12-29T11:45:49","guid":{"rendered":"https:\/\/idecesos.com\/seguros\/companias\/ocaso\/dar-de-baja\/"},"modified":"2022-01-26T17:58:50","modified_gmt":"2022-01-26T17:58:50","slug":"dar-de-baja","status":"publish","type":"page","link":"https:\/\/idecesos.com\/seguros\/companias\/ocaso\/dar-de-baja\/","title":{"rendered":"\u00bfC\u00f3mo dar de baja seguro Ocaso?"},"content":{"rendered":"<div id=\"ez-toc-container\" class=\"ez-toc-v2_0_82_2 ez-toc-wrap-center counter-hierarchy ez-toc-counter ez-toc-custom ez-toc-container-direction\">\n<div class=\"ez-toc-title-container\">\n<p class=\"ez-toc-title\" style=\"cursor:inherit\">Tabla de Contenido<\/p>\n<span class=\"ez-toc-title-toggle\"><a href=\"#\" class=\"ez-toc-pull-right ez-toc-btn ez-toc-btn-xs ez-toc-btn-default ez-toc-toggle\" aria-label=\"Alternar tabla de contenidos\"><span class=\"ez-toc-js-icon-con\"><span class=\"\"><span class=\"eztoc-hide\" style=\"display:none;\">Toggle<\/span><span class=\"ez-toc-icon-toggle-span\"><svg style=\"fill: #db6415;color:#db6415\" xmlns=\"http:\/\/www.w3.org\/2000\/svg\" class=\"list-377408\" width=\"20px\" height=\"20px\" viewBox=\"0 0 24 24\" fill=\"none\"><path d=\"M6 6H4v2h2V6zm14 0H8v2h12V6zM4 11h2v2H4v-2zm16 0H8v2h12v-2zM4 16h2v2H4v-2zm16 0H8v2h12v-2z\" fill=\"currentColor\"><\/path><\/svg><svg style=\"fill: #db6415;color:#db6415\" class=\"arrow-unsorted-368013\" xmlns=\"http:\/\/www.w3.org\/2000\/svg\" width=\"10px\" height=\"10px\" viewBox=\"0 0 24 24\" version=\"1.2\" baseProfile=\"tiny\"><path d=\"M18.2 9.3l-6.2-6.3-6.2 6.3c-.2.2-.3.4-.3.7s.1.5.3.7c.2.2.4.3.7.3h11c.3 0 .5-.1.7-.3.2-.2.3-.5.3-.7s-.1-.5-.3-.7zM5.8 14.7l6.2 6.3 6.2-6.3c.2-.2.3-.5.3-.7s-.1-.5-.3-.7c-.2-.2-.4-.3-.7-.3h-11c-.3 0-.5.1-.7.3-.2.2-.3.5-.3.7s.1.5.3.7z\"\/><\/svg><\/span><\/span><\/span><\/a><\/span><\/div>\n<nav><ul class='ez-toc-list ez-toc-list-level-1 ' ><li class='ez-toc-page-1 ez-toc-heading-level-2'><a class=\"ez-toc-link ez-toc-heading-1\" href=\"https:\/\/idecesos.com\/seguros\/companias\/ocaso\/dar-de-baja\/#Diferentes_opciones_para_cancelar_un_contrato_con_Ocaso\" >Diferentes opciones para cancelar un contrato con Ocaso<\/a><ul class='ez-toc-list-level-3' ><li class='ez-toc-heading-level-3'><a class=\"ez-toc-link ez-toc-heading-2\" href=\"https:\/\/idecesos.com\/seguros\/companias\/ocaso\/dar-de-baja\/#A_traves_de_la_web_de_Ocaso\" >A trav\u00e9s de la web de Ocaso<\/a><\/li><li class='ez-toc-page-1 ez-toc-heading-level-3'><a class=\"ez-toc-link ez-toc-heading-3\" href=\"https:\/\/idecesos.com\/seguros\/companias\/ocaso\/dar-de-baja\/#Utilizando_el_correo_electronico_de_Ocaso\" >Utilizando el correo electr\u00f3nico de Ocaso<\/a><\/li><li class='ez-toc-page-1 ez-toc-heading-level-3'><a class=\"ez-toc-link ez-toc-heading-4\" href=\"https:\/\/idecesos.com\/seguros\/companias\/ocaso\/dar-de-baja\/#Dar_de_baja_Ocaso_por_fax\" >Dar de baja Ocaso por fax<\/a><\/li><li class='ez-toc-page-1 ez-toc-heading-level-3'><a class=\"ez-toc-link ez-toc-heading-5\" href=\"https:\/\/idecesos.com\/seguros\/companias\/ocaso\/dar-de-baja\/#En_la_oficina_de_Ocaso\" >En la oficina de Ocaso<\/a><\/li><li class='ez-toc-page-1 ez-toc-heading-level-3'><a class=\"ez-toc-link ez-toc-heading-6\" href=\"https:\/\/idecesos.com\/seguros\/companias\/ocaso\/dar-de-baja\/#Telefono_para_dar_de_baja_Ocaso\" >T\u00e9lefono para dar de baja Ocaso<\/a><\/li><\/ul><\/li><li class='ez-toc-page-1 ez-toc-heading-level-2'><a class=\"ez-toc-link ez-toc-heading-7\" href=\"https:\/\/idecesos.com\/seguros\/companias\/ocaso\/dar-de-baja\/#Dar_de_baja_seguro_Ocaso_de_un_fallecido\" >Dar de baja seguro Ocaso de un fallecido<\/a><ul class='ez-toc-list-level-3' ><li class='ez-toc-heading-level-3'><a class=\"ez-toc-link ez-toc-heading-8\" href=\"https:\/\/idecesos.com\/seguros\/companias\/ocaso\/dar-de-baja\/#Paginas_relacionadas\" >P\u00e1ginas relacionadas<\/a><\/li><\/ul><\/li><\/ul><\/nav><\/div>\n<p> En este apartado, vamos a mostrarte los pasos para anular tu seguro de fallecimiento. En iDecesos, queremos facilitarte la labor y vamos a darte las explicaciones precisas para que puedas dar de baja tu seguro sin ning\u00fan g\u00e9nero de preocupaci\u00f3n. Ahora, vas a encontrar de forma detallada los pasos que tienes llevar a cabo y las maneras que tienes para darte de baja. Merced a esto, en tan solo unos minutos tendr\u00e1 toda la informaci\u00f3n suficiente para que pueda escoger que opci\u00f3n tomar y dar de baja usted mismo su seguro de decesos. Si quieres eludir preocupaciones a tus familiares o bien amigos, te recomendamos tener tu seguro de decesos para que todo quede cubierto en el instante de la defunci\u00f3n. <div class=\"colorf \"  ><div class=\"container clearfix\"><div class=\"col-md-7\"><\/p>\r\n<h2><span class=\"ez-toc-section\" id=\"Diferentes_opciones_para_cancelar_un_contrato_con_Ocaso\"><\/span>Diferentes opciones para cancelar un contrato con Ocaso<span class=\"ez-toc-section-end\"><\/span><\/h2>\r\n<!-- \/wp:post-content -->\r\n\r\n<!-- wp:paragraph -->\r\n<p>Hay diferentes opciones basadas en las vivencias de los clientes del servicio que decidieron dar de baja su seguro de decesos. Para darse de baja de un seguro de fallecimiento hay muchas opciones comunes en todas y cada una de las empresas aseguradoras. Algunas personas tienen m\u00e1s suerte y puede que sea posible anular su seguro de decesos telef\u00f3nicamente, sin embargo, a fin de que la operadora de la compa\u00f1\u00eda de seguro de decesos le pueda dar de baja de sus servicios, le pedir\u00e1 que le mande el formulario de cancelaci\u00f3n en formato impreso, de lo contrario, va a perder su tiempo telef\u00f3nicamente con un operador que le afirmar\u00e1 que usted debe enviar el formulario de cancelaci\u00f3n impresa. Puedes ponerte en contacto con nosotros si quieres cancelar tu seguro de decesos de forma telef\u00f3nica. <\/div><\/div><\/div><\/p>\r\n<h3><span class=\"ez-toc-section\" id=\"A_traves_de_la_web_de_Ocaso\"><\/span>A trav\u00e9s de la web de Ocaso<span class=\"ez-toc-section-end\"><\/span><\/h3>\r\n<p>Puede decantarse por la posibilidad de acceder a la p\u00e1gina web www.ocaso.es\/es\/contacto-oficinas y redactar en su buscador lo que desee saber. En ese instante, le aparecer\u00e1n varias opciones. Elija la indicada y siga los pasos que le se\u00f1alan. Es sencill\u00edsimo. Si tiene alguna duda o no le aparece esta opci\u00f3n puede ponerse en contacto con Ocaso por tel\u00e9fono para que le solucionen el inconveniente de forma directa mediante este n\u00famero de tel\u00e9fono 900 14 15 16. Si se da el en el caso de que le aparezca, solo deber\u00e1 rellenar el formulario o descargar el documento para completar la petici\u00f3n. <div class=\"colorf \"  ><div class=\"container clearfix\"><div class=\"col-md-7\"><\/p>\r\n<h3><span class=\"ez-toc-section\" id=\"Utilizando_el_correo_electronico_de_Ocaso\"><\/span>Utilizando el correo electr\u00f3nico de Ocaso<span class=\"ez-toc-section-end\"><\/span><\/h3>\r\n<p>Tiene la posibilidad de dar de baja a su seguro, a trav\u00e9s de correo. Usando la direcci\u00f3n de correo email Ocaso, vas a tener todo solucionado velozmente. Env\u00edales en un mismo documento los siguientes documentos: una copia del DNI del contratante y la notificaci\u00f3n firmada por el asegurado con sus datos personales, que puedes encontrarla en la web de Ocaso o bien puedes ped\u00edrnosla a nosotros mediante nuestro n\u00famero de tel\u00e9fono 951 127 403 o bien correo info@idecesos. com. Para poder llevar una correcta ejecuci\u00f3n del proceso, deber\u00e1s guardar una copia sellada y, el justificante del recibo. Es preciso, para prevenir futuros inconvenientes, que guarde, de forma segura, una imitaci\u00f3n de la notificaci\u00f3n con la data correcta de env\u00edo. <\/div><\/div><\/div><\/p>\r\n<h3><span class=\"ez-toc-section\" id=\"Dar_de_baja_Ocaso_por_fax\"><\/span>Dar de baja Ocaso por fax<span class=\"ez-toc-section-end\"><\/span><\/h3>\r\n<p>Dar de baja su seguro por fax asimismo es otro procedimiento. Solo cambia respecto al precedente, la manera en la que mande los documentos. Podr\u00e1 localizar la notificaci\u00f3n de la baja de su seguro de decesos en la web de Ocaso o contactando con nosotros al 951 127 403 y, caso de que la tenga, deber\u00e1 mandarla firmada junto con la copia de su documento de identidad. Debe preservar la copia sellada y el justificante de su recibo, como en los otros m\u00e9todos. Y, evidentemente, no olvide asimismo guardar una copia de la notificaci\u00f3n, en la que aparezca la fecha de env\u00edo correspondiente. <div class=\"colorf \"  ><div class=\"container clearfix\"><div class=\"col-md-7\"><\/p>\r\n<h3><span class=\"ez-toc-section\" id=\"En_la_oficina_de_Ocaso\"><\/span>En la oficina de Ocaso<span class=\"ez-toc-section-end\"><\/span><\/h3>\r\n<p>En la oficina de tu seguro de decesos Ocaso darse de baja, ser\u00e1 mucho m\u00e1s comprometedor y sus empleados le van a hacer todas las t\u00e9cnicas comerciales posibles para su retenci\u00f3n como usuario. A fin de que la cancelaci\u00f3n del seguro de decesos se realice de forma m\u00e1s eficaz, tendr\u00e1s que presentar un escrito con tu copia del documento nacional de identidad en una oficina que te sellar\u00e1n m\u00e1s tarde con la fecha del d\u00eda. En el momento en que te ponen el sello, se entiende que todos y cada uno de los recibos entregados se han realizado de forma correcta. Para poder realizar esta baja debe haberse realizado un mes antes del vencimiento del contrato. <\/div><\/div><\/div><\/p>\r\n<h3><span class=\"ez-toc-section\" id=\"Telefono_para_dar_de_baja_Ocaso\"><\/span>T\u00e9lefono para dar de baja Ocaso<span class=\"ez-toc-section-end\"><\/span><\/h3>\r\n<p>Otro m\u00e9todo es haciendo una llamada a la compa\u00f1\u00eda. Tiene la posibilidad de buscar el tel\u00e9fono de la compa\u00f1\u00eda en Internet o, llamar al 900 14 15 16. Una vez que le atiendan, ind\u00edquelo al profesional el motivo de su llamada y, este, le afirmar\u00e1 qu\u00e9 debe hacer. Prosiga cada paso adecuadamente y, en nada de tiempo, el profesional se va a poner en contacto para comunicarle la finalizaci\u00f3n de su contrato. iDecesos puede asistirle y aconsejarle para que halle un nuevo seguro, que se amolde bien a sus necesidades. <div class=\"colorf \"  ><div class=\"container clearfix\"><div class=\"col-md-7\"><\/p>\r\n<h2><span class=\"ez-toc-section\" id=\"Dar_de_baja_seguro_Ocaso_de_un_fallecido\"><\/span>Dar de baja seguro Ocaso de un fallecido<span class=\"ez-toc-section-end\"><\/span><\/h2>\r\n<p>Por \u00faltimo, le vamos a explicar, con detalle, la forma en la que puede dar de baja su seguro de decesos, tras morir la persona asegurada. Esta, es la forma m\u00e1s f\u00e1cil de anular el contrato de un seguro de estas peculiaridades. Los tr\u00e1mites que se han mencionado previamente, quedar\u00e1n cerrados gracias a los expertos y, va a estar completamente tranquilo. Ocaso se encargar\u00e1 de cancelar el seguro de decesos que tenga contratado, tras su fallecimiento. Al prestar su servicio tras el sepelio del cliente, Ocaso se encargar\u00e1 de dar de baja a la persona fallecida, con lo que sus familiares no tienen de qu\u00e9 preocuparse, ellos se encargaran de todo y no tendr\u00e1n que hacer nada a este respecto. <\/div><\/div><\/div> <div class=\"oficinas\"> <h3><span class=\"ez-toc-section\" id=\"Paginas_relacionadas\"><\/span>P\u00e1ginas relacionadas<span class=\"ez-toc-section-end\"><\/span><\/h3><div class=\"enlazado\"><ul> <li><a href=\"https:\/\/idecesos.com\/seguros\/companias\/ocaso\/coberturas\/\">Coberturas Seguro de Decesos Ocaso<\/a><\/li> <li><a href=\"https:\/\/idecesos.com\/seguros\/companias\/ocaso\/opiniones\/\">Opiniones Ocaso<\/a><\/li> <li><a href=\"https:\/\/idecesos.com\/seguros\/companias\/ocaso\/oro\/\">Ocaso Oro<\/a><\/li> <li><a href=\"https:\/\/idecesos.com\/seguros\/companias\/ocaso\/poliza\/\">P\u00f3liza Ocaso<\/a><\/li> <li><a href=\"https:\/\/idecesos.com\/seguros\/companias\/ocaso\/precio\/\">Precio seguro Ocaso<\/a><\/li> <li><a href=\"https:\/\/idecesos.com\/seguros\/companias\/ocaso\/prima-mixta\/\">Ocaso Prima Mixta<\/a><\/li> <li><a href=\"https:\/\/idecesos.com\/seguros\/companias\/ocaso\/prima-natural\/\">Ocaso Prima Natural<\/a><\/li> <li><a href=\"https:\/\/idecesos.com\/seguros\/companias\/ocaso\/prima-nivelada\/\">Ocaso Prima Nivelada<\/a><\/li> <li><a href=\"https:\/\/idecesos.com\/seguros\/companias\/ocaso\/prima-unica\/\">Ocaso Prima \u00danica<\/a><\/li> <li><a href=\"https:\/\/idecesos.com\/seguros\/companias\/ocaso\/repatriacion\/\">Ocaso Repatriaci\u00f3n<\/a><\/li> <li><a href=\"https:\/\/idecesos.com\/seguros\/companias\/ocaso\/telefono\/\">Tel\u00e9fono Gratuito Ocaso<\/a><\/li> <\/ul><\/div> <\/div><\/p>","protected":false},"excerpt":{"rendered":"<p>En este apartado, vamos a mostrarte los pasos para anular tu seguro de fallecimiento. En iDecesos, queremos facilitarte la labor y vamos a darte las explicaciones precisas para que puedas dar de baja tu seguro sin ning\u00fan g\u00e9nero de preocupaci\u00f3n. Ahora, vas a encontrar de forma detallada los pasos que tienes llevar a cabo y&hellip; <\/p>\n","protected":false},"author":1,"featured_media":0,"parent":777,"menu_order":0,"comment_status":"closed","ping_status":"closed","template":"single.php","meta":{"footnotes":""},"class_list":["post-18056","page","type-page","status-publish","hentry"],"yoast_head":"<!-- This site is optimized with the Yoast SEO plugin v27.5 - https:\/\/yoast.com\/product\/yoast-seo-wordpress\/ -->\n<title>\u00bfC\u00f3mo dar de Baja o Cancelar Seguro de Decesos Ocaso?<\/title>\n<meta name=\"description\" content=\"Obt\u00e9n aqu\u00ed\u3010c\u00f3mo dar de baja o cancelar seguro de decesos Ocaso\u3011Modelo carta, fax, correo electr\u00f3nico (email), tel\u00e9fono gratis.\" \/>\n<meta name=\"robots\" content=\"index, follow, max-snippet:-1, max-image-preview:large, max-video-preview:-1\" \/>\n<link rel=\"canonical\" href=\"https:\/\/idecesos.com\/seguros\/companias\/ocaso\/dar-de-baja\/\" \/>\n<meta property=\"og:locale\" content=\"es_ES\" \/>\n<meta property=\"og:type\" content=\"article\" \/>\n<meta property=\"og:title\" content=\"\u00bfC\u00f3mo dar de Baja o Cancelar Seguro de Decesos Ocaso?\" \/>\n<meta property=\"og:description\" content=\"Obt\u00e9n aqu\u00ed\u3010c\u00f3mo dar de baja o cancelar seguro de decesos Ocaso\u3011Modelo carta, fax, correo electr\u00f3nico (email), tel\u00e9fono gratis.\" \/>\n<meta property=\"og:url\" content=\"https:\/\/idecesos.com\/seguros\/companias\/ocaso\/dar-de-baja\/\" \/>\n<meta property=\"article:modified_time\" content=\"2022-01-26T17:58:50+00:00\" \/>\n<meta name=\"twitter:card\" content=\"summary_large_image\" \/>\n<meta name=\"twitter:label1\" content=\"Tiempo de lectura\" \/>\n\t<meta name=\"twitter:data1\" content=\"15 minutos\" \/>\n<script type=\"application\/ld+json\" class=\"yoast-schema-graph\">{\"@context\":\"https:\\\/\\\/schema.org\",\"@graph\":[{\"@type\":\"WebPage\",\"@id\":\"https:\\\/\\\/idecesos.com\\\/seguros\\\/companias\\\/ocaso\\\/dar-de-baja\\\/\",\"url\":\"https:\\\/\\\/idecesos.com\\\/seguros\\\/companias\\\/ocaso\\\/dar-de-baja\\\/\",\"name\":\"\u00bfC\u00f3mo dar de Baja o Cancelar Seguro de Decesos Ocaso?\",\"isPartOf\":{\"@id\":\"https:\\\/\\\/idecesos.com\\\/seguros\\\/#website\"},\"datePublished\":\"2021-12-29T11:45:49+00:00\",\"dateModified\":\"2022-01-26T17:58:50+00:00\",\"description\":\"Obt\u00e9n aqu\u00ed\u3010c\u00f3mo dar de baja o cancelar seguro de decesos Ocaso\u3011Modelo carta, fax, correo electr\u00f3nico (email), tel\u00e9fono gratis.\",\"breadcrumb\":{\"@id\":\"https:\\\/\\\/idecesos.com\\\/seguros\\\/companias\\\/ocaso\\\/dar-de-baja\\\/#breadcrumb\"},\"inLanguage\":\"es\",\"potentialAction\":[{\"@type\":\"ReadAction\",\"target\":[\"https:\\\/\\\/idecesos.com\\\/seguros\\\/companias\\\/ocaso\\\/dar-de-baja\\\/\"]}]},{\"@type\":\"BreadcrumbList\",\"@id\":\"https:\\\/\\\/idecesos.com\\\/seguros\\\/companias\\\/ocaso\\\/dar-de-baja\\\/#breadcrumb\",\"itemListElement\":[{\"@type\":\"ListItem\",\"position\":1,\"name\":\"Portada\",\"item\":\"https:\\\/\\\/idecesos.com\\\/seguros\\\/\"},{\"@type\":\"ListItem\",\"position\":2,\"name\":\"Compa\u00f1\u00edas de Seguros de Decesos en Espa\u00f1a\",\"item\":\"https:\\\/\\\/idecesos.com\\\/seguros\\\/companias\\\/\"},{\"@type\":\"ListItem\",\"position\":3,\"name\":\"Seguro de Decesos Ocaso\",\"item\":\"https:\\\/\\\/idecesos.com\\\/seguros\\\/companias\\\/ocaso\\\/\"},{\"@type\":\"ListItem\",\"position\":4,\"name\":\"\u00bfC\u00f3mo dar de baja seguro Ocaso?\"}]},{\"@type\":\"WebSite\",\"@id\":\"https:\\\/\\\/idecesos.com\\\/seguros\\\/#website\",\"url\":\"https:\\\/\\\/idecesos.com\\\/seguros\\\/\",\"name\":\"\",\"description\":\"\",\"potentialAction\":[{\"@type\":\"SearchAction\",\"target\":{\"@type\":\"EntryPoint\",\"urlTemplate\":\"https:\\\/\\\/idecesos.com\\\/seguros\\\/?s={search_term_string}\"},\"query-input\":{\"@type\":\"PropertyValueSpecification\",\"valueRequired\":true,\"valueName\":\"search_term_string\"}}],\"inLanguage\":\"es\"}]}<\/script>\n<!-- \/ Yoast SEO plugin. -->","yoast_head_json":{"title":"\u00bfC\u00f3mo dar de Baja o Cancelar Seguro de Decesos Ocaso?","description":"Obt\u00e9n aqu\u00ed\u3010c\u00f3mo dar de baja o cancelar seguro de decesos Ocaso\u3011Modelo carta, fax, correo electr\u00f3nico (email), tel\u00e9fono gratis.","robots":{"index":"index","follow":"follow","max-snippet":"max-snippet:-1","max-image-preview":"max-image-preview:large","max-video-preview":"max-video-preview:-1"},"canonical":"https:\/\/idecesos.com\/seguros\/companias\/ocaso\/dar-de-baja\/","og_locale":"es_ES","og_type":"article","og_title":"\u00bfC\u00f3mo dar de Baja o Cancelar Seguro de Decesos Ocaso?","og_description":"Obt\u00e9n aqu\u00ed\u3010c\u00f3mo dar de baja o cancelar seguro de decesos Ocaso\u3011Modelo carta, fax, correo electr\u00f3nico (email), tel\u00e9fono gratis.","og_url":"https:\/\/idecesos.com\/seguros\/companias\/ocaso\/dar-de-baja\/","article_modified_time":"2022-01-26T17:58:50+00:00","twitter_card":"summary_large_image","twitter_misc":{"Tiempo de lectura":"15 minutos"},"schema":{"@context":"https:\/\/schema.org","@graph":[{"@type":"WebPage","@id":"https:\/\/idecesos.com\/seguros\/companias\/ocaso\/dar-de-baja\/","url":"https:\/\/idecesos.com\/seguros\/companias\/ocaso\/dar-de-baja\/","name":"\u00bfC\u00f3mo dar de Baja o Cancelar Seguro de Decesos Ocaso?","isPartOf":{"@id":"https:\/\/idecesos.com\/seguros\/#website"},"datePublished":"2021-12-29T11:45:49+00:00","dateModified":"2022-01-26T17:58:50+00:00","description":"Obt\u00e9n aqu\u00ed\u3010c\u00f3mo dar de baja o cancelar seguro de decesos Ocaso\u3011Modelo carta, fax, correo electr\u00f3nico (email), tel\u00e9fono gratis.","breadcrumb":{"@id":"https:\/\/idecesos.com\/seguros\/companias\/ocaso\/dar-de-baja\/#breadcrumb"},"inLanguage":"es","potentialAction":[{"@type":"ReadAction","target":["https:\/\/idecesos.com\/seguros\/companias\/ocaso\/dar-de-baja\/"]}]},{"@type":"BreadcrumbList","@id":"https:\/\/idecesos.com\/seguros\/companias\/ocaso\/dar-de-baja\/#breadcrumb","itemListElement":[{"@type":"ListItem","position":1,"name":"Portada","item":"https:\/\/idecesos.com\/seguros\/"},{"@type":"ListItem","position":2,"name":"Compa\u00f1\u00edas de Seguros de Decesos en Espa\u00f1a","item":"https:\/\/idecesos.com\/seguros\/companias\/"},{"@type":"ListItem","position":3,"name":"Seguro de Decesos Ocaso","item":"https:\/\/idecesos.com\/seguros\/companias\/ocaso\/"},{"@type":"ListItem","position":4,"name":"\u00bfC\u00f3mo dar de baja seguro Ocaso?"}]},{"@type":"WebSite","@id":"https:\/\/idecesos.com\/seguros\/#website","url":"https:\/\/idecesos.com\/seguros\/","name":"","description":"","potentialAction":[{"@type":"SearchAction","target":{"@type":"EntryPoint","urlTemplate":"https:\/\/idecesos.com\/seguros\/?s={search_term_string}"},"query-input":{"@type":"PropertyValueSpecification","valueRequired":true,"valueName":"search_term_string"}}],"inLanguage":"es"}]}},"_links":{"self":[{"href":"https:\/\/idecesos.com\/seguros\/wp-json\/wp\/v2\/pages\/18056","targetHints":{"allow":["GET"]}}],"collection":[{"href":"https:\/\/idecesos.com\/seguros\/wp-json\/wp\/v2\/pages"}],"about":[{"href":"https:\/\/idecesos.com\/seguros\/wp-json\/wp\/v2\/types\/page"}],"author":[{"embeddable":true,"href":"https:\/\/idecesos.com\/seguros\/wp-json\/wp\/v2\/users\/1"}],"replies":[{"embeddable":true,"href":"https:\/\/idecesos.com\/seguros\/wp-json\/wp\/v2\/comments?post=18056"}],"version-history":[{"count":4,"href":"https:\/\/idecesos.com\/seguros\/wp-json\/wp\/v2\/pages\/18056\/revisions"}],"predecessor-version":[{"id":19075,"href":"https:\/\/idecesos.com\/seguros\/wp-json\/wp\/v2\/pages\/18056\/revisions\/19075"}],"up":[{"embeddable":true,"href":"https:\/\/idecesos.com\/seguros\/wp-json\/wp\/v2\/pages\/777"}],"wp:attachment":[{"href":"https:\/\/idecesos.com\/seguros\/wp-json\/wp\/v2\/media?parent=18056"}],"curies":[{"name":"wp","href":"https:\/\/api.w.org\/{rel}","templated":true}]}}