{"id":18057,"date":"2021-12-29T11:52:36","date_gmt":"2021-12-29T11:45:49","guid":{"rendered":"https:\/\/idecesos.com\/seguros\/companias\/preventiva\/dar-de-baja\/"},"modified":"2022-01-28T18:04:08","modified_gmt":"2022-01-28T18:04:08","slug":"dar-de-baja","status":"publish","type":"page","link":"https:\/\/idecesos.com\/seguros\/companias\/preventiva\/dar-de-baja\/","title":{"rendered":"\u00bfC\u00f3mo dar de baja seguro Preventiva?"},"content":{"rendered":"<div id=\"ez-toc-container\" class=\"ez-toc-v2_0_82_2 ez-toc-wrap-center counter-hierarchy ez-toc-counter ez-toc-custom ez-toc-container-direction\">\n<div class=\"ez-toc-title-container\">\n<p class=\"ez-toc-title\" style=\"cursor:inherit\">Tabla de Contenido<\/p>\n<span class=\"ez-toc-title-toggle\"><a href=\"#\" class=\"ez-toc-pull-right ez-toc-btn ez-toc-btn-xs ez-toc-btn-default ez-toc-toggle\" aria-label=\"Alternar tabla de contenidos\"><span class=\"ez-toc-js-icon-con\"><span class=\"\"><span class=\"eztoc-hide\" style=\"display:none;\">Toggle<\/span><span class=\"ez-toc-icon-toggle-span\"><svg style=\"fill: #db6415;color:#db6415\" xmlns=\"http:\/\/www.w3.org\/2000\/svg\" class=\"list-377408\" width=\"20px\" height=\"20px\" viewBox=\"0 0 24 24\" fill=\"none\"><path d=\"M6 6H4v2h2V6zm14 0H8v2h12V6zM4 11h2v2H4v-2zm16 0H8v2h12v-2zM4 16h2v2H4v-2zm16 0H8v2h12v-2z\" fill=\"currentColor\"><\/path><\/svg><svg style=\"fill: #db6415;color:#db6415\" class=\"arrow-unsorted-368013\" xmlns=\"http:\/\/www.w3.org\/2000\/svg\" width=\"10px\" height=\"10px\" viewBox=\"0 0 24 24\" version=\"1.2\" baseProfile=\"tiny\"><path d=\"M18.2 9.3l-6.2-6.3-6.2 6.3c-.2.2-.3.4-.3.7s.1.5.3.7c.2.2.4.3.7.3h11c.3 0 .5-.1.7-.3.2-.2.3-.5.3-.7s-.1-.5-.3-.7zM5.8 14.7l6.2 6.3 6.2-6.3c.2-.2.3-.5.3-.7s-.1-.5-.3-.7c-.2-.2-.4-.3-.7-.3h-11c-.3 0-.5.1-.7.3-.2.2-.3.5-.3.7s.1.5.3.7z\"\/><\/svg><\/span><\/span><\/span><\/a><\/span><\/div>\n<nav><ul class='ez-toc-list ez-toc-list-level-1 ' ><li class='ez-toc-page-1 ez-toc-heading-level-2'><a class=\"ez-toc-link ez-toc-heading-1\" href=\"https:\/\/idecesos.com\/seguros\/companias\/preventiva\/dar-de-baja\/#Diferentes_opciones_para_cancelar_un_contrato_con_Preventiva\" >Diferentes opciones para cancelar un contrato con Preventiva<\/a><ul class='ez-toc-list-level-3' ><li class='ez-toc-heading-level-3'><a class=\"ez-toc-link ez-toc-heading-2\" href=\"https:\/\/idecesos.com\/seguros\/companias\/preventiva\/dar-de-baja\/#A_traves_de_la_web_de_Preventiva\" >A trav\u00e9s de la web de Preventiva<\/a><\/li><li class='ez-toc-page-1 ez-toc-heading-level-3'><a class=\"ez-toc-link ez-toc-heading-3\" href=\"https:\/\/idecesos.com\/seguros\/companias\/preventiva\/dar-de-baja\/#Utilizando_el_correo_electronico_de_Preventiva\" >Utilizando el correo electr\u00f3nico de Preventiva<\/a><\/li><li class='ez-toc-page-1 ez-toc-heading-level-3'><a class=\"ez-toc-link ez-toc-heading-4\" href=\"https:\/\/idecesos.com\/seguros\/companias\/preventiva\/dar-de-baja\/#Dar_de_baja_Preventiva_por_fax\" >Dar de baja Preventiva por fax<\/a><\/li><li class='ez-toc-page-1 ez-toc-heading-level-3'><a class=\"ez-toc-link ez-toc-heading-5\" href=\"https:\/\/idecesos.com\/seguros\/companias\/preventiva\/dar-de-baja\/#En_la_oficina_de_Preventiva\" >En la oficina de Preventiva<\/a><\/li><li class='ez-toc-page-1 ez-toc-heading-level-3'><a class=\"ez-toc-link ez-toc-heading-6\" href=\"https:\/\/idecesos.com\/seguros\/companias\/preventiva\/dar-de-baja\/#Telefono_para_dar_de_baja_Preventiva\" >T\u00e9lefono para dar de baja Preventiva<\/a><\/li><\/ul><\/li><li class='ez-toc-page-1 ez-toc-heading-level-2'><a class=\"ez-toc-link ez-toc-heading-7\" href=\"https:\/\/idecesos.com\/seguros\/companias\/preventiva\/dar-de-baja\/#Dar_de_baja_seguro_Preventiva_de_un_fallecido\" >Dar de baja seguro Preventiva de un fallecido<\/a><ul class='ez-toc-list-level-3' ><li class='ez-toc-heading-level-3'><a class=\"ez-toc-link ez-toc-heading-8\" href=\"https:\/\/idecesos.com\/seguros\/companias\/preventiva\/dar-de-baja\/#Paginas_relacionadas\" >P\u00e1ginas relacionadas<\/a><\/li><\/ul><\/li><\/ul><\/nav><\/div>\n<p> iDecesos ha trabajado para explicarle de qu\u00e9 forma dar de baja un seguro de decesos. Es m\u00e1s f\u00e1cil de lo que pueda llegar a imaginar y, le indicaremos los pasos que debe dar. De esta forma, con la informaci\u00f3n recogida, podr\u00e1s hacerlo t\u00fa mismo y solucionar los problemas que le haya acarreado. Es recomendable que busque un nuevo seguro de decesos, tras dar de baja el suyo y, de este modo, podr\u00e1 prevenir futuras incidencias y, usted y su familia van a estar muchos m\u00e1s tranquilos. Un paso que no debe olvidar, es que debe informar, cuando menos treinta d\u00edas antes de la renovaci\u00f3n, a la compa\u00f1\u00eda, para que no brote ning\u00fan inconveniente. <div class=\"colorf \"  ><div class=\"container clearfix\"><div class=\"col-md-7\"><\/p>\r\n<h2><span class=\"ez-toc-section\" id=\"Diferentes_opciones_para_cancelar_un_contrato_con_Preventiva\"><\/span>Diferentes opciones para cancelar un contrato con Preventiva<span class=\"ez-toc-section-end\"><\/span><\/h2>\r\n<!-- \/wp:post-content -->\r\n\r\n<!-- wp:paragraph -->\r\n<p>Cada compa\u00f1\u00eda aseguradora de seguros de decesos funciona de una forma diferente, mas la gran mayor\u00eda le solicitan a sus clientes del servicio que rellenen un documento en el que ponga sus deseos de darse de baja de sus servicios. Si desea lograr el documento que terminamos de nombrar, contacte con nosotros a trav\u00e9s de nuestro n\u00famero 951 127 403 o bien por nuestro correo electr\u00f3nico info@idecesos. com. La compa\u00f1\u00eda aseguradora no puede rechazarte el env\u00edo de una carta certificada donde se incluya el modelo de cancelaci\u00f3n del contrato del seguro de decesos. Si deseas evitar inconvenientes en un futuro, haz una copia de seguridad a la cancelaci\u00f3n del contrato. Si usted, por \u00faltimo, no decide escoger este procedimiento, a continuaci\u00f3n, le mostramos otras formas por las que podr\u00e1 darse de baja del seguro de decesos de Preventiva. <\/div><\/div><\/div><\/p>\r\n<h3><span class=\"ez-toc-section\" id=\"A_traves_de_la_web_de_Preventiva\"><\/span>A trav\u00e9s de la web de Preventiva<span class=\"ez-toc-section-end\"><\/span><\/h3>\r\n<p>El acceso a su p\u00e1gina www.preventiva.com\/quieres-contactarnos\u00a0y teclear en su buscador lo que precises saber, es una de las opciones para dar de baja su seguro de decesos. En ese instante, le aparecer\u00e1n varias opciones. Seleccione la m\u00e1s indicada y prosiga los pasos que le se\u00f1alan. Es bastante f\u00e1cil. El n\u00famero de tel\u00e9fono 900 20 30 10\u00a0que tiene disponible Preventiva, va a poder utilizarlo, en el mismo momento, que le brote una duda o no le aparezca esta alternativa. En caso de que s\u00ed le aparezca, rellene el formulario o descargue el documento que se le pide para poder llenar su solicitud. <div class=\"colorf \"  ><div class=\"container clearfix\"><div class=\"col-md-7\"><\/p>\r\n<h3><span class=\"ez-toc-section\" id=\"Utilizando_el_correo_electronico_de_Preventiva\"><\/span>Utilizando el correo electr\u00f3nico de Preventiva<span class=\"ez-toc-section-end\"><\/span><\/h3>\r\n<p>Otro modo de darse de baja del seguro de decesos de Preventiva es v\u00eda mail. El proceso es muy sencillo puesto que solo tendr\u00e1s que enviar un correo y vas a recibir en pocos minutos una respuesta. Para pedir la solicitud de baja del seguro, deber\u00e1s mandar una copia del DNI y el documento firmado con los datos personales donde se detalla el deseo de darse de baja. Esto puedes solicitarlo en el 951 127 403 o en el info@idecesos. com. Para que la baja del seguro de decesos se realice de manera correcta, debes tener la copia sellada y el justificante. Si deseas estar m\u00e1s apacible, no olvides guardar una copia de la notificaci\u00f3n con la data de env\u00edo. <\/div><\/div><\/div><\/p>\r\n<h3><span class=\"ez-toc-section\" id=\"Dar_de_baja_Preventiva_por_fax\"><\/span>Dar de baja Preventiva por fax<span class=\"ez-toc-section-end\"><\/span><\/h3>\r\n<p>Otro de los m\u00e9todos para dar de baja tu seguro de decesos es a trav\u00e9s del fax. El procedimiento es parecido al env\u00edo del correo electr\u00f3nico solo que deber\u00e1s emplear el fax. Deber\u00e1s mandarle a tu compa\u00f1\u00eda tanto tu copia del documento de identidad como la notificaci\u00f3n firmada. Ll\u00e1manos en el 951 127 403 y te informaremos sobre donde puedes localizar la notificaci\u00f3n. Te recordamos que deber\u00e1s guardar la copia sellada y el justificante. Adem\u00e1s, con lo que pueda acontecer en el futuro, guarde una imitaci\u00f3n de la notificaci\u00f3n con la fecha de env\u00edo para su tranquilidad. <div class=\"colorf \"  ><div class=\"container clearfix\"><div class=\"col-md-7\"><\/p>\r\n<h3><span class=\"ez-toc-section\" id=\"En_la_oficina_de_Preventiva\"><\/span>En la oficina de Preventiva<span class=\"ez-toc-section-end\"><\/span><\/h3>\r\n<p>En la oficina de tu seguro de decesos Preventiva darse de baja, va a ser considerablemente m\u00e1s comprometedor y sus empleados le van a hacer todas las t\u00e9cnicas comerciales posibles para su retenci\u00f3n como usuario. Esto puede provocar un momento embarazoso para usted y si tiene claro que quiere anular su contrato deber\u00e1 aportar un escrito solicit\u00e1ndolo con copia de su dni y que en la misma oficina le apliquen un sello de entrada con el logotipo oficial de Preventiva y con la data de ese d\u00eda. En el momento en que te ponen el sello, se entiende que todos y cada uno de los recibos entregados se han efectuado de manera correcta. Para poder efectuar esta baja tiene que haberse efectuado un mes ya antes del vencimiento del contrato. <\/div><\/div><\/div><\/p>\r\n<h3><span class=\"ez-toc-section\" id=\"Telefono_para_dar_de_baja_Preventiva\"><\/span>T\u00e9lefono para dar de baja Preventiva<span class=\"ez-toc-section-end\"><\/span><\/h3>\r\n<p>Puedes pedir la baja de tu seguro de decesos por medio de su telef\u00f3no de contacto. Busque el tel\u00e9fono de Preventiva en la red o llame de forma directa al tel\u00e9fono que le facilitamos ahora 900 20 30 10. Un agente se encargar\u00e1 de aconsejarte y te ayudar\u00e1 en todo lo que necesites. Solo deber\u00e1s proseguir las indicaciones del agente de la compa\u00f1\u00eda para proceder a la baja del seguro. Te invitamos a tener contratado un seguro de decesos por lo que pueda pasar en el futuro. Puedes hacer una comparaci\u00f3n en iDecesos para poder ver las distintas posibilidades. <div class=\"colorf \"  ><div class=\"container clearfix\"><div class=\"col-md-7\"><\/p>\r\n<h2><span class=\"ez-toc-section\" id=\"Dar_de_baja_seguro_Preventiva_de_un_fallecido\"><\/span>Dar de baja seguro Preventiva de un fallecido<span class=\"ez-toc-section-end\"><\/span><\/h2>\r\n<p>Cuando el asegurado muere, se notifica a la compa\u00f1\u00eda de seguros a fin de que empiecen a realizarse los tr\u00e1mites para realizar la baja. Cuando el asegurado fallece, todos y cada uno de los recibos se cancelan y se va a cobrar solo por aquellas personas que sigan aseguradas. Los costes se realizar\u00e1n teniendo en cuenta la tabla de las primas que los asegurados tienen contratados con la empresa aseguradora en cuesti\u00f3n. <\/div><\/div><\/div> <div class=\"oficinas\"> <h3><span class=\"ez-toc-section\" id=\"Paginas_relacionadas\"><\/span>P\u00e1ginas relacionadas<span class=\"ez-toc-section-end\"><\/span><\/h3><div class=\"enlazado\"><ul> <li><a href=\"https:\/\/idecesos.com\/seguros\/companias\/preventiva\/coberturas\/\">Coberturas Preventiva<\/a><\/li> <li><a href=\"https:\/\/idecesos.com\/seguros\/companias\/preventiva\/opiniones\/\">Opiniones Preventiva<\/a><\/li> <li><a href=\"https:\/\/idecesos.com\/seguros\/companias\/preventiva\/precio\/\">Precio seguro Preventiva<\/a><\/li> <li><a href=\"https:\/\/idecesos.com\/seguros\/companias\/preventiva\/prima-mixta\/\">Preventiva Prima Mixta<\/a><\/li> <li><a href=\"https:\/\/idecesos.com\/seguros\/companias\/preventiva\/prima-natural\/\">Preventiva Prima Natural<\/a><\/li> <li><a href=\"https:\/\/idecesos.com\/seguros\/companias\/preventiva\/prima-nivelada\/\">Preventiva Prima Nivelada<\/a><\/li> <li><a href=\"https:\/\/idecesos.com\/seguros\/companias\/preventiva\/prima-unica\/\">Preventiva Prima \u00danica<\/a><\/li> <li><a href=\"https:\/\/idecesos.com\/seguros\/companias\/preventiva\/repatriacion\/\">Preventiva Repatriaci\u00f3n<\/a><\/li> <li><a href=\"https:\/\/idecesos.com\/seguros\/companias\/preventiva\/telefono\/\">Tel\u00e9fono Gratuito Preventiva<\/a><\/li>   <\/ul><\/div> <\/div><\/p>","protected":false},"excerpt":{"rendered":"<p>iDecesos ha trabajado para explicarle de qu\u00e9 forma dar de baja un seguro de decesos. Es m\u00e1s f\u00e1cil de lo que pueda llegar a imaginar y, le indicaremos los pasos que debe dar. De esta forma, con la informaci\u00f3n recogida, podr\u00e1s hacerlo t\u00fa mismo y solucionar los problemas que le haya acarreado. Es recomendable que&hellip; <\/p>\n","protected":false},"author":1,"featured_media":0,"parent":447,"menu_order":0,"comment_status":"closed","ping_status":"closed","template":"single.php","meta":{"footnotes":""},"class_list":["post-18057","page","type-page","status-publish","hentry"],"yoast_head":"<!-- This site is optimized with the Yoast SEO plugin v27.5 - https:\/\/yoast.com\/product\/yoast-seo-wordpress\/ -->\n<title>\u00bfC\u00f3mo dar de Baja o Cancelar Seguro de Decesos Preventiva?<\/title>\n<meta name=\"description\" content=\"Obt\u00e9n aqu\u00ed\u3010c\u00f3mo dar de baja o cancelar seguro de decesos Preventiva\u3011Modelo carta, fax, correo electr\u00f3nico (email), tel\u00e9fono gratis.\" \/>\n<meta name=\"robots\" content=\"index, follow, max-snippet:-1, max-image-preview:large, max-video-preview:-1\" \/>\n<link rel=\"canonical\" href=\"https:\/\/idecesos.com\/seguros\/companias\/preventiva\/dar-de-baja\/\" \/>\n<meta property=\"og:locale\" content=\"es_ES\" \/>\n<meta property=\"og:type\" content=\"article\" \/>\n<meta property=\"og:title\" content=\"\u00bfC\u00f3mo dar de Baja o Cancelar Seguro de Decesos Preventiva?\" \/>\n<meta property=\"og:description\" content=\"Obt\u00e9n aqu\u00ed\u3010c\u00f3mo dar de baja o cancelar seguro de decesos Preventiva\u3011Modelo carta, fax, correo electr\u00f3nico (email), tel\u00e9fono gratis.\" \/>\n<meta property=\"og:url\" content=\"https:\/\/idecesos.com\/seguros\/companias\/preventiva\/dar-de-baja\/\" \/>\n<meta property=\"article:modified_time\" content=\"2022-01-28T18:04:08+00:00\" \/>\n<meta name=\"twitter:card\" content=\"summary_large_image\" \/>\n<meta name=\"twitter:label1\" content=\"Tiempo de lectura\" \/>\n\t<meta name=\"twitter:data1\" content=\"15 minutos\" \/>\n<script type=\"application\/ld+json\" class=\"yoast-schema-graph\">{\"@context\":\"https:\\\/\\\/schema.org\",\"@graph\":[{\"@type\":\"WebPage\",\"@id\":\"https:\\\/\\\/idecesos.com\\\/seguros\\\/companias\\\/preventiva\\\/dar-de-baja\\\/\",\"url\":\"https:\\\/\\\/idecesos.com\\\/seguros\\\/companias\\\/preventiva\\\/dar-de-baja\\\/\",\"name\":\"\u00bfC\u00f3mo dar de Baja o Cancelar Seguro de Decesos Preventiva?\",\"isPartOf\":{\"@id\":\"https:\\\/\\\/idecesos.com\\\/seguros\\\/#website\"},\"datePublished\":\"2021-12-29T11:45:49+00:00\",\"dateModified\":\"2022-01-28T18:04:08+00:00\",\"description\":\"Obt\u00e9n aqu\u00ed\u3010c\u00f3mo dar de baja o cancelar seguro de decesos Preventiva\u3011Modelo carta, fax, correo electr\u00f3nico (email), tel\u00e9fono gratis.\",\"breadcrumb\":{\"@id\":\"https:\\\/\\\/idecesos.com\\\/seguros\\\/companias\\\/preventiva\\\/dar-de-baja\\\/#breadcrumb\"},\"inLanguage\":\"es\",\"potentialAction\":[{\"@type\":\"ReadAction\",\"target\":[\"https:\\\/\\\/idecesos.com\\\/seguros\\\/companias\\\/preventiva\\\/dar-de-baja\\\/\"]}]},{\"@type\":\"BreadcrumbList\",\"@id\":\"https:\\\/\\\/idecesos.com\\\/seguros\\\/companias\\\/preventiva\\\/dar-de-baja\\\/#breadcrumb\",\"itemListElement\":[{\"@type\":\"ListItem\",\"position\":1,\"name\":\"Portada\",\"item\":\"https:\\\/\\\/idecesos.com\\\/seguros\\\/\"},{\"@type\":\"ListItem\",\"position\":2,\"name\":\"Compa\u00f1\u00edas de Seguros de Decesos en Espa\u00f1a\",\"item\":\"https:\\\/\\\/idecesos.com\\\/seguros\\\/companias\\\/\"},{\"@type\":\"ListItem\",\"position\":3,\"name\":\"Seguro de decesos Preventiva\",\"item\":\"https:\\\/\\\/idecesos.com\\\/seguros\\\/companias\\\/preventiva\\\/\"},{\"@type\":\"ListItem\",\"position\":4,\"name\":\"\u00bfC\u00f3mo dar de baja seguro Preventiva?\"}]},{\"@type\":\"WebSite\",\"@id\":\"https:\\\/\\\/idecesos.com\\\/seguros\\\/#website\",\"url\":\"https:\\\/\\\/idecesos.com\\\/seguros\\\/\",\"name\":\"\",\"description\":\"\",\"potentialAction\":[{\"@type\":\"SearchAction\",\"target\":{\"@type\":\"EntryPoint\",\"urlTemplate\":\"https:\\\/\\\/idecesos.com\\\/seguros\\\/?s={search_term_string}\"},\"query-input\":{\"@type\":\"PropertyValueSpecification\",\"valueRequired\":true,\"valueName\":\"search_term_string\"}}],\"inLanguage\":\"es\"}]}<\/script>\n<!-- \/ Yoast SEO plugin. -->","yoast_head_json":{"title":"\u00bfC\u00f3mo dar de Baja o Cancelar Seguro de Decesos Preventiva?","description":"Obt\u00e9n aqu\u00ed\u3010c\u00f3mo dar de baja o cancelar seguro de decesos Preventiva\u3011Modelo carta, fax, correo electr\u00f3nico (email), tel\u00e9fono gratis.","robots":{"index":"index","follow":"follow","max-snippet":"max-snippet:-1","max-image-preview":"max-image-preview:large","max-video-preview":"max-video-preview:-1"},"canonical":"https:\/\/idecesos.com\/seguros\/companias\/preventiva\/dar-de-baja\/","og_locale":"es_ES","og_type":"article","og_title":"\u00bfC\u00f3mo dar de Baja o Cancelar Seguro de Decesos Preventiva?","og_description":"Obt\u00e9n aqu\u00ed\u3010c\u00f3mo dar de baja o cancelar seguro de decesos Preventiva\u3011Modelo carta, fax, correo electr\u00f3nico (email), tel\u00e9fono gratis.","og_url":"https:\/\/idecesos.com\/seguros\/companias\/preventiva\/dar-de-baja\/","article_modified_time":"2022-01-28T18:04:08+00:00","twitter_card":"summary_large_image","twitter_misc":{"Tiempo de lectura":"15 minutos"},"schema":{"@context":"https:\/\/schema.org","@graph":[{"@type":"WebPage","@id":"https:\/\/idecesos.com\/seguros\/companias\/preventiva\/dar-de-baja\/","url":"https:\/\/idecesos.com\/seguros\/companias\/preventiva\/dar-de-baja\/","name":"\u00bfC\u00f3mo dar de Baja o Cancelar Seguro de Decesos Preventiva?","isPartOf":{"@id":"https:\/\/idecesos.com\/seguros\/#website"},"datePublished":"2021-12-29T11:45:49+00:00","dateModified":"2022-01-28T18:04:08+00:00","description":"Obt\u00e9n aqu\u00ed\u3010c\u00f3mo dar de baja o cancelar seguro de decesos Preventiva\u3011Modelo carta, fax, correo electr\u00f3nico (email), tel\u00e9fono gratis.","breadcrumb":{"@id":"https:\/\/idecesos.com\/seguros\/companias\/preventiva\/dar-de-baja\/#breadcrumb"},"inLanguage":"es","potentialAction":[{"@type":"ReadAction","target":["https:\/\/idecesos.com\/seguros\/companias\/preventiva\/dar-de-baja\/"]}]},{"@type":"BreadcrumbList","@id":"https:\/\/idecesos.com\/seguros\/companias\/preventiva\/dar-de-baja\/#breadcrumb","itemListElement":[{"@type":"ListItem","position":1,"name":"Portada","item":"https:\/\/idecesos.com\/seguros\/"},{"@type":"ListItem","position":2,"name":"Compa\u00f1\u00edas de Seguros de Decesos en Espa\u00f1a","item":"https:\/\/idecesos.com\/seguros\/companias\/"},{"@type":"ListItem","position":3,"name":"Seguro de decesos Preventiva","item":"https:\/\/idecesos.com\/seguros\/companias\/preventiva\/"},{"@type":"ListItem","position":4,"name":"\u00bfC\u00f3mo dar de baja seguro Preventiva?"}]},{"@type":"WebSite","@id":"https:\/\/idecesos.com\/seguros\/#website","url":"https:\/\/idecesos.com\/seguros\/","name":"","description":"","potentialAction":[{"@type":"SearchAction","target":{"@type":"EntryPoint","urlTemplate":"https:\/\/idecesos.com\/seguros\/?s={search_term_string}"},"query-input":{"@type":"PropertyValueSpecification","valueRequired":true,"valueName":"search_term_string"}}],"inLanguage":"es"}]}},"_links":{"self":[{"href":"https:\/\/idecesos.com\/seguros\/wp-json\/wp\/v2\/pages\/18057","targetHints":{"allow":["GET"]}}],"collection":[{"href":"https:\/\/idecesos.com\/seguros\/wp-json\/wp\/v2\/pages"}],"about":[{"href":"https:\/\/idecesos.com\/seguros\/wp-json\/wp\/v2\/types\/page"}],"author":[{"embeddable":true,"href":"https:\/\/idecesos.com\/seguros\/wp-json\/wp\/v2\/users\/1"}],"replies":[{"embeddable":true,"href":"https:\/\/idecesos.com\/seguros\/wp-json\/wp\/v2\/comments?post=18057"}],"version-history":[{"count":4,"href":"https:\/\/idecesos.com\/seguros\/wp-json\/wp\/v2\/pages\/18057\/revisions"}],"predecessor-version":[{"id":19117,"href":"https:\/\/idecesos.com\/seguros\/wp-json\/wp\/v2\/pages\/18057\/revisions\/19117"}],"up":[{"embeddable":true,"href":"https:\/\/idecesos.com\/seguros\/wp-json\/wp\/v2\/pages\/447"}],"wp:attachment":[{"href":"https:\/\/idecesos.com\/seguros\/wp-json\/wp\/v2\/media?parent=18057"}],"curies":[{"name":"wp","href":"https:\/\/api.w.org\/{rel}","templated":true}]}}