{"id":18059,"date":"2021-12-29T11:52:38","date_gmt":"2021-12-29T11:45:51","guid":{"rendered":"https:\/\/idecesos.com\/seguros\/companias\/aura\/dar-de-baja\/"},"modified":"2022-01-31T17:58:02","modified_gmt":"2022-01-31T17:58:02","slug":"dar-de-baja","status":"publish","type":"page","link":"https:\/\/idecesos.com\/seguros\/companias\/aura\/dar-de-baja\/","title":{"rendered":"\u00bfC\u00f3mo dar de baja seguro Aura?"},"content":{"rendered":"<div id=\"ez-toc-container\" class=\"ez-toc-v2_0_82_2 ez-toc-wrap-center counter-hierarchy ez-toc-counter ez-toc-custom ez-toc-container-direction\">\n<div class=\"ez-toc-title-container\">\n<p class=\"ez-toc-title\" style=\"cursor:inherit\">Tabla de Contenido<\/p>\n<span class=\"ez-toc-title-toggle\"><a href=\"#\" class=\"ez-toc-pull-right ez-toc-btn ez-toc-btn-xs ez-toc-btn-default ez-toc-toggle\" aria-label=\"Alternar tabla de contenidos\"><span class=\"ez-toc-js-icon-con\"><span class=\"\"><span class=\"eztoc-hide\" style=\"display:none;\">Toggle<\/span><span class=\"ez-toc-icon-toggle-span\"><svg style=\"fill: #db6415;color:#db6415\" xmlns=\"http:\/\/www.w3.org\/2000\/svg\" class=\"list-377408\" width=\"20px\" height=\"20px\" viewBox=\"0 0 24 24\" fill=\"none\"><path d=\"M6 6H4v2h2V6zm14 0H8v2h12V6zM4 11h2v2H4v-2zm16 0H8v2h12v-2zM4 16h2v2H4v-2zm16 0H8v2h12v-2z\" fill=\"currentColor\"><\/path><\/svg><svg style=\"fill: #db6415;color:#db6415\" class=\"arrow-unsorted-368013\" xmlns=\"http:\/\/www.w3.org\/2000\/svg\" width=\"10px\" height=\"10px\" viewBox=\"0 0 24 24\" version=\"1.2\" baseProfile=\"tiny\"><path d=\"M18.2 9.3l-6.2-6.3-6.2 6.3c-.2.2-.3.4-.3.7s.1.5.3.7c.2.2.4.3.7.3h11c.3 0 .5-.1.7-.3.2-.2.3-.5.3-.7s-.1-.5-.3-.7zM5.8 14.7l6.2 6.3 6.2-6.3c.2-.2.3-.5.3-.7s-.1-.5-.3-.7c-.2-.2-.4-.3-.7-.3h-11c-.3 0-.5.1-.7.3-.2.2-.3.5-.3.7s.1.5.3.7z\"\/><\/svg><\/span><\/span><\/span><\/a><\/span><\/div>\n<nav><ul class='ez-toc-list ez-toc-list-level-1 ' ><li class='ez-toc-page-1 ez-toc-heading-level-2'><a class=\"ez-toc-link ez-toc-heading-1\" href=\"https:\/\/idecesos.com\/seguros\/companias\/aura\/dar-de-baja\/#Diferentes_opciones_para_cancelar_un_contrato_con_Aura\" >Diferentes opciones para cancelar un contrato con Aura<\/a><ul class='ez-toc-list-level-3' ><li class='ez-toc-heading-level-3'><a class=\"ez-toc-link ez-toc-heading-2\" href=\"https:\/\/idecesos.com\/seguros\/companias\/aura\/dar-de-baja\/#A_traves_de_la_web_de_Aura\" >A trav\u00e9s de la web de Aura<\/a><\/li><li class='ez-toc-page-1 ez-toc-heading-level-3'><a class=\"ez-toc-link ez-toc-heading-3\" href=\"https:\/\/idecesos.com\/seguros\/companias\/aura\/dar-de-baja\/#Utilizando_el_correo_electronico_de_Aura\" >Utilizando el correo electr\u00f3nico de Aura<\/a><\/li><li class='ez-toc-page-1 ez-toc-heading-level-3'><a class=\"ez-toc-link ez-toc-heading-4\" href=\"https:\/\/idecesos.com\/seguros\/companias\/aura\/dar-de-baja\/#Dar_de_baja_Aura_por_fax\" >Dar de baja Aura por fax<\/a><\/li><li class='ez-toc-page-1 ez-toc-heading-level-3'><a class=\"ez-toc-link ez-toc-heading-5\" href=\"https:\/\/idecesos.com\/seguros\/companias\/aura\/dar-de-baja\/#En_la_oficina_de_Aura\" >En la oficina de Aura<\/a><\/li><li class='ez-toc-page-1 ez-toc-heading-level-3'><a class=\"ez-toc-link ez-toc-heading-6\" href=\"https:\/\/idecesos.com\/seguros\/companias\/aura\/dar-de-baja\/#Telefono_para_dar_de_baja_Aura\" >T\u00e9lefono para dar de baja Aura<\/a><\/li><\/ul><\/li><li class='ez-toc-page-1 ez-toc-heading-level-2'><a class=\"ez-toc-link ez-toc-heading-7\" href=\"https:\/\/idecesos.com\/seguros\/companias\/aura\/dar-de-baja\/#Dar_de_baja_seguro_Aura_de_un_fallecido\" >Dar de baja seguro Aura de un fallecido<\/a><ul class='ez-toc-list-level-3' ><li class='ez-toc-heading-level-3'><a class=\"ez-toc-link ez-toc-heading-8\" href=\"https:\/\/idecesos.com\/seguros\/companias\/aura\/dar-de-baja\/#Paginas_relacionadas\" >P\u00e1ginas relacionadas<\/a><\/li><\/ul><\/li><\/ul><\/nav><\/div>\n<p> iDecesos ha efectuado una investigaci\u00f3n para poder explicarle la manera en la que puede dar de baja su seguro de decesos. A continuaci\u00f3n, expondremos los pasos que debe proseguir y, no tendr\u00e1 que preocuparse por nada, es sencill\u00edsimo. Merced a esto, en solo un par de minutos tendr\u00e1 la informaci\u00f3n suficiente para poder hacerlo usted mismo y solucionar el problema que le haya causado. Para la calma de su familia y, la suya, resulta conveniente que se haga de un seguro de decesos que cumpla sus requisitos para prevenir, as\u00ed, posibles incidencias en un futuro. Para dar de baja su seguro correctamente, deber\u00e1 avisar a la compa\u00f1\u00eda treinta d\u00edas antes de su fecha de renovaci\u00f3n. <div class=\"colorf \"  ><div class=\"container clearfix\"><div class=\"col-md-7\"><\/p>\r\n<h2><span class=\"ez-toc-section\" id=\"Diferentes_opciones_para_cancelar_un_contrato_con_Aura\"><\/span>Diferentes opciones para cancelar un contrato con Aura<span class=\"ez-toc-section-end\"><\/span><\/h2>\r\n<!-- \/wp:post-content -->\r\n\r\n<!-- wp:paragraph -->\r\n<p>Un aspecto en com\u00fan de casi todas las compa\u00f1\u00edas es que, piden a sus clientes del servicio, un documento en el que aparezcan los motivos o bien deseos por los que desea dar de baja su seguro de decesos. Aunque haya muchas maneras de llevar a cabo la cancelaci\u00f3n de su contrato, es v\u00e1lido el env\u00edo de una carta certificada, con el modelo est\u00e1ndar. Le aconsejamos que conserve el resguardo del documento y, m\u00e1s tarde, haga una copia. Si prefiere otros m\u00e9todos para dar de baja su seguro, se los ense\u00f1aremos ahora. <\/div><\/div><\/div><\/p>\r\n<h3><span class=\"ez-toc-section\" id=\"A_traves_de_la_web_de_Aura\"><\/span>A trav\u00e9s de la web de Aura<span class=\"ez-toc-section-end\"><\/span><\/h3>\r\n<p>Puedes dar de baja tu seguro de decesos a trav\u00e9s de el sitio web de la compa\u00f1\u00eda en la que tengas contratado tu seguro. Solo deber\u00e1s redactar lo que est\u00e1s buscando en su web a fin de que te aparezca toda la informaci\u00f3n. Si el sitio web no tiene buscador, localiza aquella secci\u00f3n que m\u00e1s se le parezca. Para dar de baja con correcci\u00f3n tu seguro de decesos, tendr\u00e1s que proseguirse unos pasos que van desde rellenar el formulario o bien descargar documentos. Puedes llamarnos al 951 127 403 o mandarnos un e mail a info@idecesos. com si precisas que te resolvamos otras cuestiones o bien te demos mayor informaci\u00f3n. En caso de que s\u00ed le aparezca lo que busca, tras rellenar y enviar todo cuanto le piden, en tan solo unos minutos recibir\u00e1 un documento de Aura informando de su baja a trav\u00e9s de e-mail y carta. <div class=\"colorf \"  ><div class=\"container clearfix\"><div class=\"col-md-7\"><\/p>\r\n<h3><span class=\"ez-toc-section\" id=\"Utilizando_el_correo_electronico_de_Aura\"><\/span>Utilizando el correo electr\u00f3nico de Aura<span class=\"ez-toc-section-end\"><\/span><\/h3>\r\n<p>Otra de las formas para dar de baja a su seguro de decesos, es a trav\u00e9s del correo email Aura de Aura. No le llevar\u00e1 mucho tiempo. La informaci\u00f3n que debe concretar en el mensaje, que mande al apartado de correos de Aura, va a ser una imitaci\u00f3n de su documento nacional de identidad y la notificaci\u00f3n firmada, complet\u00e1ndola con sus datos personales. Para poder completar el proceso, debe guardar una copia sellada y, su justificante de recibo. Adem\u00e1s, con lo que pueda pasar, le recomendamos que guarde una copia de la notificaci\u00f3n con su fecha de env\u00edo por lo que pueda acontecer en el futuro. <\/div><\/div><\/div><\/p>\r\n<h3><span class=\"ez-toc-section\" id=\"Dar_de_baja_Aura_por_fax\"><\/span>Dar de baja Aura por fax<span class=\"ez-toc-section-end\"><\/span><\/h3>\r\n<p>A trav\u00e9s de fax, asimismo puede dar de baja a su seguro. Es muy semejante al que terminamos de explicar anteriormente, el del e-mail, lo \u00fanico que cambia es la forma de mandar los datos. Mediante un fax deber\u00e1 mandar a Aura una copia de su documento de identidad y la notificaci\u00f3n firma de baja que puede localizarla en la p\u00e1gina web de Aura o te la podemos facilitar nosotros si nos llamas al 951 127 403. Debe conservar la copia sellada y el justificante de su recibo, como en los otros m\u00e9todos. Y, l\u00f3gicamente, no olvide asimismo guardar una copia de la notificaci\u00f3n, en la que aparezca la data de env\u00edo pertinente. <div class=\"colorf \"  ><div class=\"container clearfix\"><div class=\"col-md-7\"><\/p>\r\n<h3><span class=\"ez-toc-section\" id=\"En_la_oficina_de_Aura\"><\/span>En la oficina de Aura<span class=\"ez-toc-section-end\"><\/span><\/h3>\r\n<p>El procedimiento m\u00e1s f\u00e1cil y r\u00e1pido para dar de baja tu seguro de decesos es personandote en la oficina de tu empresa de seguros. A fin de que la cancelaci\u00f3n del seguro de decesos se realice de forma m\u00e1s eficaz, tendr\u00e1s que presentar un escrito con tu copia del DNI en una oficina que te sellar\u00e1n posteriormente con la fecha del d\u00eda. Con este sellado Aura corrobora que est\u00e1 al tanto de todos los recibos para pedir la baja con correcci\u00f3n, esto con respecto a la manera. Para poder realizar esta baja tiene que haberse efectuado un mes ya antes del vencimiento del contrato. <\/div><\/div><\/div><\/p>\r\n<h3><span class=\"ez-toc-section\" id=\"Telefono_para_dar_de_baja_Aura\"><\/span>T\u00e9lefono para dar de baja Aura<span class=\"ez-toc-section-end\"><\/span><\/h3>\r\n<p>La v\u00eda telef\u00f3nica asimismo es una alternativa para darse de baja. Ll\u00e1manos al 96 113 42 24 para darte m\u00e1s informaci\u00f3n sobre de qu\u00e9 forma puedes solicitar la baja o ponte en contacto con tu empresa aseguradora tras localizar su tel\u00e9fono por internet. Solo tendr\u00e1s que apuntar el motivo de la llamada y pedir hablar con un agente que pueda asesorarte. Solo deber\u00e1s continuar las indicaciones del agente de la compa\u00f1\u00eda para proceder a la baja del seguro. Si deseas cambiar de empresa aseguradora, solo debes emplear nuestro comparador de iDecesos. Te vamos a dar las mejores ofertas y tendr\u00e1s tu seguro absolutamente adaptado a ti. <div class=\"colorf \"  ><div class=\"container clearfix\"><div class=\"col-md-7\"><\/p>\r\n<h2><span class=\"ez-toc-section\" id=\"Dar_de_baja_seguro_Aura_de_un_fallecido\"><\/span>Dar de baja seguro Aura de un fallecido<span class=\"ez-toc-section-end\"><\/span><\/h2>\r\n<p>Finalmente, le vamos a explicar, con detalle, la forma en la que puede dar de baja su seguro de decesos, despu\u00e9s de fenecer la persona asegurada. Es la forma m\u00e1s sencilla de cancelar un seguro de esta clase. No debes preocuparte por nada ni hacer ninguno de los tr\u00e1mites que hemos explicado anteriormente, no tiene que hacer nada. Aura se ocupar\u00e1 de cancelar el seguro de decesos que tenga contratado, tras su fallecimiento. Para Aura es muy importante la tranquilidad de los familiares y, por ello, al fenecer el asegurado, se encargar\u00e1 de dar de baja su seguro. <\/div><\/div><\/div> <div class=\"oficinas\"> <h3><span class=\"ez-toc-section\" id=\"Paginas_relacionadas\"><\/span>P\u00e1ginas relacionadas<span class=\"ez-toc-section-end\"><\/span><\/h3><div class=\"enlazado\"><ul> <li><a href=\"https:\/\/idecesos.com\/seguros\/companias\/aura\/opiniones\/\">Opiniones De Seguro Decesos Aura<\/a><\/li> <li><a href=\"https:\/\/idecesos.com\/seguros\/companias\/aura\/precio\/\">Precio seguro Aura<\/a><\/li> <li><a href=\"https:\/\/idecesos.com\/seguros\/companias\/aura\/prima-mixta\/\">Aura Prima Mixta<\/a><\/li> <li><a href=\"https:\/\/idecesos.com\/seguros\/companias\/aura\/prima-natural\/\">Aura Prima Natural<\/a><\/li> <li><a href=\"https:\/\/idecesos.com\/seguros\/companias\/aura\/prima-nivelada\/\">Aura Prima Nivelada<\/a><\/li> <li><a href=\"https:\/\/idecesos.com\/seguros\/companias\/aura\/prima-unica\/\">Aura Prima \u00danica<\/a><\/li> <li><a href=\"https:\/\/idecesos.com\/seguros\/companias\/aura\/repatriacion\/\">Aura Repatriaci\u00f3n<\/a><\/li> <li><a href=\"https:\/\/idecesos.com\/seguros\/companias\/aura\/telefono\/\">Tel\u00e9fono Gratuito Aura<\/a><\/li><\/ul><\/div> <\/div><\/p>","protected":false},"excerpt":{"rendered":"<p>iDecesos ha efectuado una investigaci\u00f3n para poder explicarle la manera en la que puede dar de baja su seguro de decesos. A continuaci\u00f3n, expondremos los pasos que debe proseguir y, no tendr\u00e1 que preocuparse por nada, es sencill\u00edsimo. Merced a esto, en solo un par de minutos tendr\u00e1 la informaci\u00f3n suficiente para poder hacerlo usted&hellip; <\/p>\n","protected":false},"author":1,"featured_media":0,"parent":6003,"menu_order":0,"comment_status":"closed","ping_status":"closed","template":"single.php","meta":{"footnotes":""},"class_list":["post-18059","page","type-page","status-publish","hentry"],"yoast_head":"<!-- This site is optimized with the Yoast SEO plugin v27.3 - https:\/\/yoast.com\/product\/yoast-seo-wordpress\/ -->\n<title>\u00bfC\u00f3mo dar de Baja o Cancelar Seguro de Decesos Aura?<\/title>\n<meta name=\"description\" content=\"Obt\u00e9n aqu\u00ed\u3010c\u00f3mo dar de baja o cancelar seguro de decesos Aura\u3011Modelo carta, fax, correo electr\u00f3nico (email), tel\u00e9fono gratis.\" \/>\n<meta name=\"robots\" content=\"index, follow, max-snippet:-1, max-image-preview:large, max-video-preview:-1\" \/>\n<link rel=\"canonical\" href=\"https:\/\/idecesos.com\/seguros\/companias\/aura\/dar-de-baja\/\" \/>\n<meta property=\"og:locale\" content=\"es_ES\" \/>\n<meta property=\"og:type\" content=\"article\" \/>\n<meta property=\"og:title\" content=\"\u00bfC\u00f3mo dar de Baja o Cancelar Seguro de Decesos Aura?\" \/>\n<meta property=\"og:description\" content=\"Obt\u00e9n aqu\u00ed\u3010c\u00f3mo dar de baja o cancelar seguro de decesos Aura\u3011Modelo carta, fax, correo electr\u00f3nico (email), tel\u00e9fono gratis.\" \/>\n<meta property=\"og:url\" content=\"https:\/\/idecesos.com\/seguros\/companias\/aura\/dar-de-baja\/\" \/>\n<meta property=\"article:modified_time\" content=\"2022-01-31T17:58:02+00:00\" \/>\n<meta name=\"twitter:card\" content=\"summary_large_image\" \/>\n<meta name=\"twitter:label1\" content=\"Tiempo de lectura\" \/>\n\t<meta name=\"twitter:data1\" content=\"15 minutos\" \/>\n<script type=\"application\/ld+json\" class=\"yoast-schema-graph\">{\"@context\":\"https:\\\/\\\/schema.org\",\"@graph\":[{\"@type\":\"WebPage\",\"@id\":\"https:\\\/\\\/idecesos.com\\\/seguros\\\/companias\\\/aura\\\/dar-de-baja\\\/\",\"url\":\"https:\\\/\\\/idecesos.com\\\/seguros\\\/companias\\\/aura\\\/dar-de-baja\\\/\",\"name\":\"\u00bfC\u00f3mo dar de Baja o Cancelar Seguro de Decesos Aura?\",\"isPartOf\":{\"@id\":\"https:\\\/\\\/idecesos.com\\\/seguros\\\/#website\"},\"datePublished\":\"2021-12-29T11:45:51+00:00\",\"dateModified\":\"2022-01-31T17:58:02+00:00\",\"description\":\"Obt\u00e9n aqu\u00ed\u3010c\u00f3mo dar de baja o cancelar seguro de decesos Aura\u3011Modelo carta, fax, correo electr\u00f3nico (email), tel\u00e9fono gratis.\",\"breadcrumb\":{\"@id\":\"https:\\\/\\\/idecesos.com\\\/seguros\\\/companias\\\/aura\\\/dar-de-baja\\\/#breadcrumb\"},\"inLanguage\":\"es\",\"potentialAction\":[{\"@type\":\"ReadAction\",\"target\":[\"https:\\\/\\\/idecesos.com\\\/seguros\\\/companias\\\/aura\\\/dar-de-baja\\\/\"]}]},{\"@type\":\"BreadcrumbList\",\"@id\":\"https:\\\/\\\/idecesos.com\\\/seguros\\\/companias\\\/aura\\\/dar-de-baja\\\/#breadcrumb\",\"itemListElement\":[{\"@type\":\"ListItem\",\"position\":1,\"name\":\"Portada\",\"item\":\"https:\\\/\\\/idecesos.com\\\/seguros\\\/\"},{\"@type\":\"ListItem\",\"position\":2,\"name\":\"Compa\u00f1\u00edas de Seguros de Decesos en Espa\u00f1a\",\"item\":\"https:\\\/\\\/idecesos.com\\\/seguros\\\/companias\\\/\"},{\"@type\":\"ListItem\",\"position\":3,\"name\":\"Seguro de Decesos Aura\",\"item\":\"https:\\\/\\\/idecesos.com\\\/seguros\\\/companias\\\/aura\\\/\"},{\"@type\":\"ListItem\",\"position\":4,\"name\":\"\u00bfC\u00f3mo dar de baja seguro Aura?\"}]},{\"@type\":\"WebSite\",\"@id\":\"https:\\\/\\\/idecesos.com\\\/seguros\\\/#website\",\"url\":\"https:\\\/\\\/idecesos.com\\\/seguros\\\/\",\"name\":\"\",\"description\":\"\",\"potentialAction\":[{\"@type\":\"SearchAction\",\"target\":{\"@type\":\"EntryPoint\",\"urlTemplate\":\"https:\\\/\\\/idecesos.com\\\/seguros\\\/?s={search_term_string}\"},\"query-input\":{\"@type\":\"PropertyValueSpecification\",\"valueRequired\":true,\"valueName\":\"search_term_string\"}}],\"inLanguage\":\"es\"}]}<\/script>\n<!-- \/ Yoast SEO plugin. -->","yoast_head_json":{"title":"\u00bfC\u00f3mo dar de Baja o Cancelar Seguro de Decesos Aura?","description":"Obt\u00e9n aqu\u00ed\u3010c\u00f3mo dar de baja o cancelar seguro de decesos Aura\u3011Modelo carta, fax, correo electr\u00f3nico (email), tel\u00e9fono gratis.","robots":{"index":"index","follow":"follow","max-snippet":"max-snippet:-1","max-image-preview":"max-image-preview:large","max-video-preview":"max-video-preview:-1"},"canonical":"https:\/\/idecesos.com\/seguros\/companias\/aura\/dar-de-baja\/","og_locale":"es_ES","og_type":"article","og_title":"\u00bfC\u00f3mo dar de Baja o Cancelar Seguro de Decesos Aura?","og_description":"Obt\u00e9n aqu\u00ed\u3010c\u00f3mo dar de baja o cancelar seguro de decesos Aura\u3011Modelo carta, fax, correo electr\u00f3nico (email), tel\u00e9fono gratis.","og_url":"https:\/\/idecesos.com\/seguros\/companias\/aura\/dar-de-baja\/","article_modified_time":"2022-01-31T17:58:02+00:00","twitter_card":"summary_large_image","twitter_misc":{"Tiempo de lectura":"15 minutos"},"schema":{"@context":"https:\/\/schema.org","@graph":[{"@type":"WebPage","@id":"https:\/\/idecesos.com\/seguros\/companias\/aura\/dar-de-baja\/","url":"https:\/\/idecesos.com\/seguros\/companias\/aura\/dar-de-baja\/","name":"\u00bfC\u00f3mo dar de Baja o Cancelar Seguro de Decesos Aura?","isPartOf":{"@id":"https:\/\/idecesos.com\/seguros\/#website"},"datePublished":"2021-12-29T11:45:51+00:00","dateModified":"2022-01-31T17:58:02+00:00","description":"Obt\u00e9n aqu\u00ed\u3010c\u00f3mo dar de baja o cancelar seguro de decesos Aura\u3011Modelo carta, fax, correo electr\u00f3nico (email), tel\u00e9fono gratis.","breadcrumb":{"@id":"https:\/\/idecesos.com\/seguros\/companias\/aura\/dar-de-baja\/#breadcrumb"},"inLanguage":"es","potentialAction":[{"@type":"ReadAction","target":["https:\/\/idecesos.com\/seguros\/companias\/aura\/dar-de-baja\/"]}]},{"@type":"BreadcrumbList","@id":"https:\/\/idecesos.com\/seguros\/companias\/aura\/dar-de-baja\/#breadcrumb","itemListElement":[{"@type":"ListItem","position":1,"name":"Portada","item":"https:\/\/idecesos.com\/seguros\/"},{"@type":"ListItem","position":2,"name":"Compa\u00f1\u00edas de Seguros de Decesos en Espa\u00f1a","item":"https:\/\/idecesos.com\/seguros\/companias\/"},{"@type":"ListItem","position":3,"name":"Seguro de Decesos Aura","item":"https:\/\/idecesos.com\/seguros\/companias\/aura\/"},{"@type":"ListItem","position":4,"name":"\u00bfC\u00f3mo dar de baja seguro Aura?"}]},{"@type":"WebSite","@id":"https:\/\/idecesos.com\/seguros\/#website","url":"https:\/\/idecesos.com\/seguros\/","name":"","description":"","potentialAction":[{"@type":"SearchAction","target":{"@type":"EntryPoint","urlTemplate":"https:\/\/idecesos.com\/seguros\/?s={search_term_string}"},"query-input":{"@type":"PropertyValueSpecification","valueRequired":true,"valueName":"search_term_string"}}],"inLanguage":"es"}]}},"_links":{"self":[{"href":"https:\/\/idecesos.com\/seguros\/wp-json\/wp\/v2\/pages\/18059","targetHints":{"allow":["GET"]}}],"collection":[{"href":"https:\/\/idecesos.com\/seguros\/wp-json\/wp\/v2\/pages"}],"about":[{"href":"https:\/\/idecesos.com\/seguros\/wp-json\/wp\/v2\/types\/page"}],"author":[{"embeddable":true,"href":"https:\/\/idecesos.com\/seguros\/wp-json\/wp\/v2\/users\/1"}],"replies":[{"embeddable":true,"href":"https:\/\/idecesos.com\/seguros\/wp-json\/wp\/v2\/comments?post=18059"}],"version-history":[{"count":4,"href":"https:\/\/idecesos.com\/seguros\/wp-json\/wp\/v2\/pages\/18059\/revisions"}],"predecessor-version":[{"id":19186,"href":"https:\/\/idecesos.com\/seguros\/wp-json\/wp\/v2\/pages\/18059\/revisions\/19186"}],"up":[{"embeddable":true,"href":"https:\/\/idecesos.com\/seguros\/wp-json\/wp\/v2\/pages\/6003"}],"wp:attachment":[{"href":"https:\/\/idecesos.com\/seguros\/wp-json\/wp\/v2\/media?parent=18059"}],"curies":[{"name":"wp","href":"https:\/\/api.w.org\/{rel}","templated":true}]}}