{"id":18061,"date":"2021-12-29T11:52:43","date_gmt":"2021-12-29T11:45:52","guid":{"rendered":"https:\/\/idecesos.com\/seguros\/companias\/allianz\/dar-de-baja\/"},"modified":"2022-01-26T16:47:17","modified_gmt":"2022-01-26T16:47:17","slug":"dar-de-baja","status":"publish","type":"page","link":"https:\/\/idecesos.com\/seguros\/companias\/allianz\/dar-de-baja\/","title":{"rendered":"\u00bfC\u00f3mo dar de baja seguro Allianz?"},"content":{"rendered":"<div id=\"ez-toc-container\" class=\"ez-toc-v2_0_82_2 ez-toc-wrap-center counter-hierarchy ez-toc-counter ez-toc-custom ez-toc-container-direction\">\n<div class=\"ez-toc-title-container\">\n<p class=\"ez-toc-title\" style=\"cursor:inherit\">Tabla de Contenido<\/p>\n<span class=\"ez-toc-title-toggle\"><a href=\"#\" class=\"ez-toc-pull-right ez-toc-btn ez-toc-btn-xs ez-toc-btn-default ez-toc-toggle\" aria-label=\"Alternar tabla de contenidos\"><span class=\"ez-toc-js-icon-con\"><span class=\"\"><span class=\"eztoc-hide\" style=\"display:none;\">Toggle<\/span><span class=\"ez-toc-icon-toggle-span\"><svg style=\"fill: #db6415;color:#db6415\" xmlns=\"http:\/\/www.w3.org\/2000\/svg\" class=\"list-377408\" width=\"20px\" height=\"20px\" viewBox=\"0 0 24 24\" fill=\"none\"><path d=\"M6 6H4v2h2V6zm14 0H8v2h12V6zM4 11h2v2H4v-2zm16 0H8v2h12v-2zM4 16h2v2H4v-2zm16 0H8v2h12v-2z\" fill=\"currentColor\"><\/path><\/svg><svg style=\"fill: #db6415;color:#db6415\" class=\"arrow-unsorted-368013\" xmlns=\"http:\/\/www.w3.org\/2000\/svg\" width=\"10px\" height=\"10px\" viewBox=\"0 0 24 24\" version=\"1.2\" baseProfile=\"tiny\"><path d=\"M18.2 9.3l-6.2-6.3-6.2 6.3c-.2.2-.3.4-.3.7s.1.5.3.7c.2.2.4.3.7.3h11c.3 0 .5-.1.7-.3.2-.2.3-.5.3-.7s-.1-.5-.3-.7zM5.8 14.7l6.2 6.3 6.2-6.3c.2-.2.3-.5.3-.7s-.1-.5-.3-.7c-.2-.2-.4-.3-.7-.3h-11c-.3 0-.5.1-.7.3-.2.2-.3.5-.3.7s.1.5.3.7z\"\/><\/svg><\/span><\/span><\/span><\/a><\/span><\/div>\n<nav><ul class='ez-toc-list ez-toc-list-level-1 ' ><li class='ez-toc-page-1 ez-toc-heading-level-2'><a class=\"ez-toc-link ez-toc-heading-1\" href=\"https:\/\/idecesos.com\/seguros\/companias\/allianz\/dar-de-baja\/#Diferentes_opciones_para_cancelar_un_contrato_con_Allianz\" >Diferentes opciones para cancelar un contrato con Allianz<\/a><ul class='ez-toc-list-level-3' ><li class='ez-toc-heading-level-3'><a class=\"ez-toc-link ez-toc-heading-2\" href=\"https:\/\/idecesos.com\/seguros\/companias\/allianz\/dar-de-baja\/#A_traves_de_la_web_de_Allianz\" >A trav\u00e9s de la web de Allianz<\/a><\/li><li class='ez-toc-page-1 ez-toc-heading-level-3'><a class=\"ez-toc-link ez-toc-heading-3\" href=\"https:\/\/idecesos.com\/seguros\/companias\/allianz\/dar-de-baja\/#Utilizando_el_correo_electronico_de_Allianz\" >Utilizando el correo electr\u00f3nico de Allianz<\/a><\/li><li class='ez-toc-page-1 ez-toc-heading-level-3'><a class=\"ez-toc-link ez-toc-heading-4\" href=\"https:\/\/idecesos.com\/seguros\/companias\/allianz\/dar-de-baja\/#Dar_de_baja_Allianz_por_fax\" >Dar de baja Allianz por fax<\/a><\/li><li class='ez-toc-page-1 ez-toc-heading-level-3'><a class=\"ez-toc-link ez-toc-heading-5\" href=\"https:\/\/idecesos.com\/seguros\/companias\/allianz\/dar-de-baja\/#En_la_oficina_de_Allianz\" >En la oficina de Allianz<\/a><\/li><li class='ez-toc-page-1 ez-toc-heading-level-3'><a class=\"ez-toc-link ez-toc-heading-6\" href=\"https:\/\/idecesos.com\/seguros\/companias\/allianz\/dar-de-baja\/#Telefono_para_dar_de_baja_Allianz\" >T\u00e9lefono para dar de baja Allianz<\/a><\/li><\/ul><\/li><li class='ez-toc-page-1 ez-toc-heading-level-2'><a class=\"ez-toc-link ez-toc-heading-7\" href=\"https:\/\/idecesos.com\/seguros\/companias\/allianz\/dar-de-baja\/#Dar_de_baja_seguro_Allianz_de_un_fallecido\" >Dar de baja seguro Allianz de un fallecido<\/a><ul class='ez-toc-list-level-3' ><li class='ez-toc-heading-level-3'><a class=\"ez-toc-link ez-toc-heading-8\" href=\"https:\/\/idecesos.com\/seguros\/companias\/allianz\/dar-de-baja\/#Paginas_relacionadas\" >P\u00e1ginas relacionadas<\/a><\/li><\/ul><\/li><\/ul><\/nav><\/div>\n<p> Ahora, le vamos a explicar c\u00f3mo dar de baja su seguro de decesos. En iDecesos, deseamos facilitarte la labor y vamos a darte las explicaciones precisas para que puedas dar de baja tu seguro sin ning\u00fan g\u00e9nero de preocupaci\u00f3n. Ahora, vas a encontrar de forma detallada los pasos que tienes hacer y las formas que tienes para darte de baja. Vas a poder dar de baja usted mismo su seguro de decesos tras conocer todas las formas diferentes que tienes para llevar a cabo el proceso. Si quieres evitar preocupaciones a tus familiares o amigos, te invitamos a tener tu seguro de decesos para que todo quede cubierto en el instante de la defunci\u00f3n. <div class=\"colorf \"  ><div class=\"container clearfix\"><div class=\"col-md-7\"><\/p>\r\n<h2><span class=\"ez-toc-section\" id=\"Diferentes_opciones_para_cancelar_un_contrato_con_Allianz\"><\/span>Diferentes opciones para cancelar un contrato con Allianz<span class=\"ez-toc-section-end\"><\/span><\/h2>\r\n<!-- \/wp:post-content -->\r\n\r\n<!-- wp:paragraph -->\r\n<p>Cada empresa aseguradora de seguros de decesos funciona de una forma distinta, mas la gran mayor\u00eda le piden a sus clientes del servicio que rellenen un documento en el que ponga sus deseos de darse de baja de sus servicios. Si no sabes de qu\u00e9 documento estamos hablando, puedes llamarnos al tel\u00e9fono 951 127 403 o contactar con nosotros en nuestro info@idecesos. com. La empresa aseguradora no puede rechazarte el env\u00edo de una carta certificada donde se incluya el modelo de cancelaci\u00f3n del contrato del seguro de decesos. Guarde el resguardo del documento y haz una copia de este por lo que pueda pasar en un futuro. El m\u00e9todo anteriormente nombrado es uno de los m\u00e1s frecuentes. No obstante, puedes utilizar otros diferentes para dar de baja tu seguro de decesos. <\/div><\/div><\/div><\/p>\r\n<h3><span class=\"ez-toc-section\" id=\"A_traves_de_la_web_de_Allianz\"><\/span>A trav\u00e9s de la web de Allianz<span class=\"ez-toc-section-end\"><\/span><\/h3>\r\n<p>Una de las opciones que tiene libre para dar de baja su seguro de decesos, es accediendo a la p\u00e1gina web de Allianz www.allianz.es\/contacto y escribiendo en su buscador las dudas que tenga. En ese instante, le aparecer\u00e1n m\u00faltiples opciones. Elija la m\u00e1s adecuada a sus necesidades y prosiga siguiendo los pasos que se le indiquen. Es muy sencillo. El n\u00famero <span class=\"c-link__text\" data-component-id=\"root\/parsys\/wrapper\/wrapper\/text__1611331935599\" data-component-name=\"900 300 250\" data-component-type=\"Link\">900 300 250<\/span>\u00a0que tiene libre Allianz, va a poder utilizarlo, en exactamente el mismo momento, que le brote una duda o bien no le aparezca esta opci\u00f3n. Si se da el en caso de que le aparezca, solo tendr\u00e1 que rellenar el formulario o descargar el documento para completar la solicitud. <div class=\"colorf \"  ><div class=\"container clearfix\"><div class=\"col-md-7\"><\/p>\r\n<h3><span class=\"ez-toc-section\" id=\"Utilizando_el_correo_electronico_de_Allianz\"><\/span>Utilizando el correo electr\u00f3nico de Allianz<span class=\"ez-toc-section-end\"><\/span><\/h3>\r\n<p>Una manera diferente de darse de baja en Allianz, es mediante su e mail email Allianz. Le conllevar\u00e1 unas escasos minutos. Deber\u00e1 enviar, al correo de la compa\u00f1\u00eda, una copia de su DNI y la notificaci\u00f3n, mencionada anteriormente, firmada y completada con sus datos personales correspondientes. Va a deber guardar una copia sellada y tener un justificante de recibo a fin de que su ejecuci\u00f3n pueda hacerse. Asimismo, es esencial que guarde, a buen recaudo, una copia de la notificaci\u00f3n, por si brota alg\u00fan problema en el futuro. <\/div><\/div><\/div><\/p>\r\n<h3><span class=\"ez-toc-section\" id=\"Dar_de_baja_Allianz_por_fax\"><\/span>Dar de baja Allianz por fax<span class=\"ez-toc-section-end\"><\/span><\/h3>\r\n<p>El fax es otro elemento por el que podr\u00e1 darse de baja del seguro de decesos de Allianz. El empleo del fax no tiene mayores complicaciones del mismo modo que el empleo del correo. Solo debes mandarle a tu compa\u00f1\u00eda de seguro tu copia del DNI y la notificaci\u00f3n firmada. Si no sabes d\u00f3nde puedes toparla, contacta con nosotros en el 951 127 403. De la misma manera que en las opciones previamente detalladas, no olvides guardar la copia sellada y el justificante. La copia de la notificaci\u00f3n con la fecha de env\u00edo tambi\u00e9n es importante que la guardes. <div class=\"colorf \"  ><div class=\"container clearfix\"><div class=\"col-md-7\"><\/p>\r\n<h3><span class=\"ez-toc-section\" id=\"En_la_oficina_de_Allianz\"><\/span>En la oficina de Allianz<span class=\"ez-toc-section-end\"><\/span><\/h3>\r\n<p>Podr\u00e1 dar de baja su seguro de decesos, acudiendo presencialmente a las oficinas de Allianz, si de esta forma lo prefiere. Haga una b\u00fasqueda sobre la oficina m\u00e1s cercana a su hogar y, acuda en el horario estipulado. Los expertos le atender\u00e1n y van a ayudar en todo cuanto necesite para rellenar y firmar correctamente los documentos. Tan solo deber\u00e1 ir siguiendo los pasos que le vayan se\u00f1alando durante todo el proceso. Es importante que no olvide llevar su documento nacional de identidad. Para su calma, el especialista se ocupar\u00e1 de cerrar los tr\u00e1mites de la baja de su seguro y, le dar\u00e1n todas las copias de los documentos para que las guarde. <\/div><\/div><\/div><\/p>\r\n<h3><span class=\"ez-toc-section\" id=\"Telefono_para_dar_de_baja_Allianz\"><\/span>T\u00e9lefono para dar de baja Allianz<span class=\"ez-toc-section-end\"><\/span><\/h3>\r\n<p>Para darse de baja de su seguro de decesos mediante por tel\u00e9fono deber\u00e1 proseguir los pasos que el agente de Allianz le vaya diciendo. Entonces, va a deber buscar en Intenet su n\u00famero de contacto o bien, llamar de manera directa a <span class=\"c-link__text\" data-component-id=\"root\/parsys\/wrapper\/wrapper\/text__1611331935599\" data-component-name=\"900 300 250\" data-component-type=\"Link\">900 300 250<\/span>. Para su tranquilidad, siguiendo los pasos indicados, cada aspecto va a estar solucionado y, los especialistas se encargar\u00e1n de los tr\u00e1mites que falten para cerrar su contrato de baja. <div class=\"colorf \"  ><div class=\"container clearfix\"><div class=\"col-md-7\"><\/p>\r\n<h2><span class=\"ez-toc-section\" id=\"Dar_de_baja_seguro_Allianz_de_un_fallecido\"><\/span>Dar de baja seguro Allianz de un fallecido<span class=\"ez-toc-section-end\"><\/span><\/h2>\r\n<p>A continuaci\u00f3n, te vamos a dar las claves para que puedas dar de baja el seguro de fallecimiento de una persona que ha fallecido. Es mucho m\u00e1s simple de lo que piensas, con lo que no tendr\u00e1s que preocuparte por nada. Allianz es la encargada de anular su seguro de decesos de manera autom\u00e1tica tras la muerte de su asegurado en tanto que, al prestar su servicio tras el sepelio del usuario, mismos se encargasen de dar de baja a la persona fallecida de su aseguradora, por lo que sus familiares no tienen de qu\u00e9 preocuparse. <\/div><\/div><\/div> <div class=\"oficinas\"> <h3><span class=\"ez-toc-section\" id=\"Paginas_relacionadas\"><\/span>P\u00e1ginas relacionadas<span class=\"ez-toc-section-end\"><\/span><\/h3><div class=\"enlazado\"><ul> <li><a href=\"https:\/\/idecesos.com\/seguros\/companias\/allianz\/condiciones-generales\/\">Condiciones Generales Allianz<\/a><\/li> <li><a href=\"https:\/\/idecesos.com\/seguros\/companias\/allianz\/opiniones\/\">Opiniones Allianz<\/a><\/li> <li><a href=\"https:\/\/idecesos.com\/seguros\/companias\/allianz\/precio\/\">Precio seguro Allianz<\/a><\/li> <li><a href=\"https:\/\/idecesos.com\/seguros\/companias\/allianz\/prima-mixta\/\">Allianz Prima Mixta<\/a><\/li> <li><a href=\"https:\/\/idecesos.com\/seguros\/companias\/allianz\/prima-natural\/\">Allianz Prima Natural<\/a><\/li> <li><a href=\"https:\/\/idecesos.com\/seguros\/companias\/allianz\/prima-nivelada\/\">Allianz Prima Nivelada<\/a><\/li> <li><a href=\"https:\/\/idecesos.com\/seguros\/companias\/allianz\/prima-unica\/\">Allianz Prima \u00danica<\/a><\/li> <li><a href=\"https:\/\/idecesos.com\/seguros\/companias\/allianz\/repatriacion\/\">Allianz Repatriaci\u00f3n<\/a><\/li> <li><a href=\"https:\/\/idecesos.com\/seguros\/companias\/allianz\/telefono\/\">Tel\u00e9fono Gratuito Allianz<\/a><\/li><\/ul><\/div> <\/div><\/p>","protected":false},"excerpt":{"rendered":"<p>Ahora, le vamos a explicar c\u00f3mo dar de baja su seguro de decesos. En iDecesos, deseamos facilitarte la labor y vamos a darte las explicaciones precisas para que puedas dar de baja tu seguro sin ning\u00fan g\u00e9nero de preocupaci\u00f3n. Ahora, vas a encontrar de forma detallada los pasos que tienes hacer y las formas que&hellip; <\/p>\n","protected":false},"author":1,"featured_media":0,"parent":260,"menu_order":0,"comment_status":"closed","ping_status":"closed","template":"single.php","meta":{"footnotes":""},"class_list":["post-18061","page","type-page","status-publish","hentry"],"yoast_head":"<!-- This site is optimized with the Yoast SEO plugin v27.3 - https:\/\/yoast.com\/product\/yoast-seo-wordpress\/ -->\n<title>\u00bfC\u00f3mo dar de Baja o Cancelar Seguro de Decesos Allianz?<\/title>\n<meta name=\"description\" content=\"Obt\u00e9n aqu\u00ed\u3010c\u00f3mo dar de baja o cancelar seguro de decesos Allianz\u3011Modelo carta, fax, correo electr\u00f3nico (email), tel\u00e9fono gratis.\" \/>\n<meta name=\"robots\" content=\"index, follow, max-snippet:-1, max-image-preview:large, max-video-preview:-1\" \/>\n<link rel=\"canonical\" href=\"https:\/\/idecesos.com\/seguros\/companias\/allianz\/dar-de-baja\/\" \/>\n<meta property=\"og:locale\" content=\"es_ES\" \/>\n<meta property=\"og:type\" content=\"article\" \/>\n<meta property=\"og:title\" content=\"\u00bfC\u00f3mo dar de Baja o Cancelar Seguro de Decesos Allianz?\" \/>\n<meta property=\"og:description\" content=\"Obt\u00e9n aqu\u00ed\u3010c\u00f3mo dar de baja o cancelar seguro de decesos Allianz\u3011Modelo carta, fax, correo electr\u00f3nico (email), tel\u00e9fono gratis.\" \/>\n<meta property=\"og:url\" content=\"https:\/\/idecesos.com\/seguros\/companias\/allianz\/dar-de-baja\/\" \/>\n<meta property=\"article:modified_time\" content=\"2022-01-26T16:47:17+00:00\" \/>\n<meta name=\"twitter:card\" content=\"summary_large_image\" \/>\n<meta name=\"twitter:label1\" content=\"Tiempo de lectura\" \/>\n\t<meta name=\"twitter:data1\" content=\"5 minutos\" \/>\n<script type=\"application\/ld+json\" class=\"yoast-schema-graph\">{\"@context\":\"https:\\\/\\\/schema.org\",\"@graph\":[{\"@type\":\"WebPage\",\"@id\":\"https:\\\/\\\/idecesos.com\\\/seguros\\\/companias\\\/allianz\\\/dar-de-baja\\\/\",\"url\":\"https:\\\/\\\/idecesos.com\\\/seguros\\\/companias\\\/allianz\\\/dar-de-baja\\\/\",\"name\":\"\u00bfC\u00f3mo dar de Baja o Cancelar Seguro de Decesos Allianz?\",\"isPartOf\":{\"@id\":\"https:\\\/\\\/idecesos.com\\\/seguros\\\/#website\"},\"datePublished\":\"2021-12-29T11:45:52+00:00\",\"dateModified\":\"2022-01-26T16:47:17+00:00\",\"description\":\"Obt\u00e9n aqu\u00ed\u3010c\u00f3mo dar de baja o cancelar seguro de decesos Allianz\u3011Modelo carta, fax, correo electr\u00f3nico (email), tel\u00e9fono gratis.\",\"breadcrumb\":{\"@id\":\"https:\\\/\\\/idecesos.com\\\/seguros\\\/companias\\\/allianz\\\/dar-de-baja\\\/#breadcrumb\"},\"inLanguage\":\"es\",\"potentialAction\":[{\"@type\":\"ReadAction\",\"target\":[\"https:\\\/\\\/idecesos.com\\\/seguros\\\/companias\\\/allianz\\\/dar-de-baja\\\/\"]}]},{\"@type\":\"BreadcrumbList\",\"@id\":\"https:\\\/\\\/idecesos.com\\\/seguros\\\/companias\\\/allianz\\\/dar-de-baja\\\/#breadcrumb\",\"itemListElement\":[{\"@type\":\"ListItem\",\"position\":1,\"name\":\"Portada\",\"item\":\"https:\\\/\\\/idecesos.com\\\/seguros\\\/\"},{\"@type\":\"ListItem\",\"position\":2,\"name\":\"Compa\u00f1\u00edas de Seguros de Decesos en Espa\u00f1a\",\"item\":\"https:\\\/\\\/idecesos.com\\\/seguros\\\/companias\\\/\"},{\"@type\":\"ListItem\",\"position\":3,\"name\":\"Seguro de Decesos Allianz\",\"item\":\"https:\\\/\\\/idecesos.com\\\/seguros\\\/companias\\\/allianz\\\/\"},{\"@type\":\"ListItem\",\"position\":4,\"name\":\"\u00bfC\u00f3mo dar de baja seguro Allianz?\"}]},{\"@type\":\"WebSite\",\"@id\":\"https:\\\/\\\/idecesos.com\\\/seguros\\\/#website\",\"url\":\"https:\\\/\\\/idecesos.com\\\/seguros\\\/\",\"name\":\"\",\"description\":\"\",\"potentialAction\":[{\"@type\":\"SearchAction\",\"target\":{\"@type\":\"EntryPoint\",\"urlTemplate\":\"https:\\\/\\\/idecesos.com\\\/seguros\\\/?s={search_term_string}\"},\"query-input\":{\"@type\":\"PropertyValueSpecification\",\"valueRequired\":true,\"valueName\":\"search_term_string\"}}],\"inLanguage\":\"es\"}]}<\/script>\n<!-- \/ Yoast SEO plugin. -->","yoast_head_json":{"title":"\u00bfC\u00f3mo dar de Baja o Cancelar Seguro de Decesos Allianz?","description":"Obt\u00e9n aqu\u00ed\u3010c\u00f3mo dar de baja o cancelar seguro de decesos Allianz\u3011Modelo carta, fax, correo electr\u00f3nico (email), tel\u00e9fono gratis.","robots":{"index":"index","follow":"follow","max-snippet":"max-snippet:-1","max-image-preview":"max-image-preview:large","max-video-preview":"max-video-preview:-1"},"canonical":"https:\/\/idecesos.com\/seguros\/companias\/allianz\/dar-de-baja\/","og_locale":"es_ES","og_type":"article","og_title":"\u00bfC\u00f3mo dar de Baja o Cancelar Seguro de Decesos Allianz?","og_description":"Obt\u00e9n aqu\u00ed\u3010c\u00f3mo dar de baja o cancelar seguro de decesos Allianz\u3011Modelo carta, fax, correo electr\u00f3nico (email), tel\u00e9fono gratis.","og_url":"https:\/\/idecesos.com\/seguros\/companias\/allianz\/dar-de-baja\/","article_modified_time":"2022-01-26T16:47:17+00:00","twitter_card":"summary_large_image","twitter_misc":{"Tiempo de lectura":"5 minutos"},"schema":{"@context":"https:\/\/schema.org","@graph":[{"@type":"WebPage","@id":"https:\/\/idecesos.com\/seguros\/companias\/allianz\/dar-de-baja\/","url":"https:\/\/idecesos.com\/seguros\/companias\/allianz\/dar-de-baja\/","name":"\u00bfC\u00f3mo dar de Baja o Cancelar Seguro de Decesos Allianz?","isPartOf":{"@id":"https:\/\/idecesos.com\/seguros\/#website"},"datePublished":"2021-12-29T11:45:52+00:00","dateModified":"2022-01-26T16:47:17+00:00","description":"Obt\u00e9n aqu\u00ed\u3010c\u00f3mo dar de baja o cancelar seguro de decesos Allianz\u3011Modelo carta, fax, correo electr\u00f3nico (email), tel\u00e9fono gratis.","breadcrumb":{"@id":"https:\/\/idecesos.com\/seguros\/companias\/allianz\/dar-de-baja\/#breadcrumb"},"inLanguage":"es","potentialAction":[{"@type":"ReadAction","target":["https:\/\/idecesos.com\/seguros\/companias\/allianz\/dar-de-baja\/"]}]},{"@type":"BreadcrumbList","@id":"https:\/\/idecesos.com\/seguros\/companias\/allianz\/dar-de-baja\/#breadcrumb","itemListElement":[{"@type":"ListItem","position":1,"name":"Portada","item":"https:\/\/idecesos.com\/seguros\/"},{"@type":"ListItem","position":2,"name":"Compa\u00f1\u00edas de Seguros de Decesos en Espa\u00f1a","item":"https:\/\/idecesos.com\/seguros\/companias\/"},{"@type":"ListItem","position":3,"name":"Seguro de Decesos Allianz","item":"https:\/\/idecesos.com\/seguros\/companias\/allianz\/"},{"@type":"ListItem","position":4,"name":"\u00bfC\u00f3mo dar de baja seguro Allianz?"}]},{"@type":"WebSite","@id":"https:\/\/idecesos.com\/seguros\/#website","url":"https:\/\/idecesos.com\/seguros\/","name":"","description":"","potentialAction":[{"@type":"SearchAction","target":{"@type":"EntryPoint","urlTemplate":"https:\/\/idecesos.com\/seguros\/?s={search_term_string}"},"query-input":{"@type":"PropertyValueSpecification","valueRequired":true,"valueName":"search_term_string"}}],"inLanguage":"es"}]}},"_links":{"self":[{"href":"https:\/\/idecesos.com\/seguros\/wp-json\/wp\/v2\/pages\/18061","targetHints":{"allow":["GET"]}}],"collection":[{"href":"https:\/\/idecesos.com\/seguros\/wp-json\/wp\/v2\/pages"}],"about":[{"href":"https:\/\/idecesos.com\/seguros\/wp-json\/wp\/v2\/types\/page"}],"author":[{"embeddable":true,"href":"https:\/\/idecesos.com\/seguros\/wp-json\/wp\/v2\/users\/1"}],"replies":[{"embeddable":true,"href":"https:\/\/idecesos.com\/seguros\/wp-json\/wp\/v2\/comments?post=18061"}],"version-history":[{"count":8,"href":"https:\/\/idecesos.com\/seguros\/wp-json\/wp\/v2\/pages\/18061\/revisions"}],"predecessor-version":[{"id":19039,"href":"https:\/\/idecesos.com\/seguros\/wp-json\/wp\/v2\/pages\/18061\/revisions\/19039"}],"up":[{"embeddable":true,"href":"https:\/\/idecesos.com\/seguros\/wp-json\/wp\/v2\/pages\/260"}],"wp:attachment":[{"href":"https:\/\/idecesos.com\/seguros\/wp-json\/wp\/v2\/media?parent=18061"}],"curies":[{"name":"wp","href":"https:\/\/api.w.org\/{rel}","templated":true}]}}