{"id":18062,"date":"2021-12-29T11:52:43","date_gmt":"2021-12-29T11:45:52","guid":{"rendered":"https:\/\/idecesos.com\/seguros\/companias\/banco-mediolanum\/dar-de-baja\/"},"modified":"2022-01-26T16:50:49","modified_gmt":"2022-01-26T16:50:49","slug":"dar-de-baja","status":"publish","type":"page","link":"https:\/\/idecesos.com\/seguros\/companias\/banco-mediolanum\/dar-de-baja\/","title":{"rendered":"\u00bfC\u00f3mo dar de baja seguro Banco Mediolanum?"},"content":{"rendered":"<div id=\"ez-toc-container\" class=\"ez-toc-v2_0_82_2 ez-toc-wrap-center counter-hierarchy ez-toc-counter ez-toc-custom ez-toc-container-direction\">\n<div class=\"ez-toc-title-container\">\n<p class=\"ez-toc-title\" style=\"cursor:inherit\">Tabla de Contenido<\/p>\n<span class=\"ez-toc-title-toggle\"><a href=\"#\" class=\"ez-toc-pull-right ez-toc-btn ez-toc-btn-xs ez-toc-btn-default ez-toc-toggle\" aria-label=\"Alternar tabla de contenidos\"><span class=\"ez-toc-js-icon-con\"><span class=\"\"><span class=\"eztoc-hide\" style=\"display:none;\">Toggle<\/span><span class=\"ez-toc-icon-toggle-span\"><svg style=\"fill: #db6415;color:#db6415\" xmlns=\"http:\/\/www.w3.org\/2000\/svg\" class=\"list-377408\" width=\"20px\" height=\"20px\" viewBox=\"0 0 24 24\" fill=\"none\"><path d=\"M6 6H4v2h2V6zm14 0H8v2h12V6zM4 11h2v2H4v-2zm16 0H8v2h12v-2zM4 16h2v2H4v-2zm16 0H8v2h12v-2z\" fill=\"currentColor\"><\/path><\/svg><svg style=\"fill: #db6415;color:#db6415\" class=\"arrow-unsorted-368013\" xmlns=\"http:\/\/www.w3.org\/2000\/svg\" width=\"10px\" height=\"10px\" viewBox=\"0 0 24 24\" version=\"1.2\" baseProfile=\"tiny\"><path d=\"M18.2 9.3l-6.2-6.3-6.2 6.3c-.2.2-.3.4-.3.7s.1.5.3.7c.2.2.4.3.7.3h11c.3 0 .5-.1.7-.3.2-.2.3-.5.3-.7s-.1-.5-.3-.7zM5.8 14.7l6.2 6.3 6.2-6.3c.2-.2.3-.5.3-.7s-.1-.5-.3-.7c-.2-.2-.4-.3-.7-.3h-11c-.3 0-.5.1-.7.3-.2.2-.3.5-.3.7s.1.5.3.7z\"\/><\/svg><\/span><\/span><\/span><\/a><\/span><\/div>\n<nav><ul class='ez-toc-list ez-toc-list-level-1 ' ><li class='ez-toc-page-1 ez-toc-heading-level-2'><a class=\"ez-toc-link ez-toc-heading-1\" href=\"https:\/\/idecesos.com\/seguros\/companias\/banco-mediolanum\/dar-de-baja\/#Diferentes_opciones_para_cancelar_un_contrato_con_Banco_Mediolanum\" >Diferentes opciones para cancelar un contrato con Banco Mediolanum<\/a><ul class='ez-toc-list-level-3' ><li class='ez-toc-heading-level-3'><a class=\"ez-toc-link ez-toc-heading-2\" href=\"https:\/\/idecesos.com\/seguros\/companias\/banco-mediolanum\/dar-de-baja\/#A_traves_de_la_web_de_Banco_Mediolanum\" >A trav\u00e9s de la web de Banco Mediolanum<\/a><\/li><li class='ez-toc-page-1 ez-toc-heading-level-3'><a class=\"ez-toc-link ez-toc-heading-3\" href=\"https:\/\/idecesos.com\/seguros\/companias\/banco-mediolanum\/dar-de-baja\/#Utilizando_el_correo_electronico_de_Banco_Mediolanum\" >Utilizando el correo electr\u00f3nico de Banco Mediolanum<\/a><\/li><li class='ez-toc-page-1 ez-toc-heading-level-3'><a class=\"ez-toc-link ez-toc-heading-4\" href=\"https:\/\/idecesos.com\/seguros\/companias\/banco-mediolanum\/dar-de-baja\/#Dar_de_baja_Banco_Mediolanum_por_fax\" >Dar de baja Banco Mediolanum por fax<\/a><\/li><li class='ez-toc-page-1 ez-toc-heading-level-3'><a class=\"ez-toc-link ez-toc-heading-5\" href=\"https:\/\/idecesos.com\/seguros\/companias\/banco-mediolanum\/dar-de-baja\/#En_la_oficina_de_Banco_Mediolanum\" >En la oficina de Banco Mediolanum<\/a><\/li><li class='ez-toc-page-1 ez-toc-heading-level-3'><a class=\"ez-toc-link ez-toc-heading-6\" href=\"https:\/\/idecesos.com\/seguros\/companias\/banco-mediolanum\/dar-de-baja\/#Telefono_para_dar_de_baja_Banco_Mediolanum\" >T\u00e9lefono para dar de baja Banco Mediolanum<\/a><\/li><\/ul><\/li><li class='ez-toc-page-1 ez-toc-heading-level-2'><a class=\"ez-toc-link ez-toc-heading-7\" href=\"https:\/\/idecesos.com\/seguros\/companias\/banco-mediolanum\/dar-de-baja\/#Dar_de_baja_seguro_Banco_Mediolanum_de_un_fallecido\" >Dar de baja seguro Banco Mediolanum de un fallecido<\/a><ul class='ez-toc-list-level-3' ><li class='ez-toc-heading-level-3'><a class=\"ez-toc-link ez-toc-heading-8\" href=\"https:\/\/idecesos.com\/seguros\/companias\/banco-mediolanum\/dar-de-baja\/#Paginas_relacionadas\" >P\u00e1ginas relacionadas<\/a><\/li><\/ul><\/li><\/ul><\/nav><\/div>\n<p> Ahora, deseamos explicarte los pasos a seguir para poder dar de baja tu seguro de decesos. Si consideras que dar de baja el seguro de decesos es complicado, en esta p\u00e1gina vamos a explic\u00e1rtelo de la forma m\u00e1s sencilla posible. Ahora, vas a encontrar de forma detallada los pasos que tienes hacer y las formas que tienes para darte de baja. Podr\u00e1s dar de baja mismo su seguro de decesos tras conocer todas y cada una de las formas diferentes que tienes para hacer el proceso. Te recomendamos proseguir con tu seguro de decesos puesto que es clave para que puedas vivir m\u00e1s tranquilo y sin preocupaciones. <div class=\"colorf \"  ><div class=\"container clearfix\"><div class=\"col-md-7\"><\/p>\r\n<h2><span class=\"ez-toc-section\" id=\"Diferentes_opciones_para_cancelar_un_contrato_con_Banco_Mediolanum\"><\/span>Diferentes opciones para cancelar un contrato con Banco Mediolanum<span class=\"ez-toc-section-end\"><\/span><\/h2>\r\n<!-- \/wp:post-content -->\r\n\r\n<!-- wp:paragraph -->\r\n<p>Puede servirte conocer las diferentes opciones de las personas que se dieron de baja en el seguro de fallecimiento. Recuerde que el proceso de darse de baja es el mismo para todos y cada uno de los seguros de decesos, ac\u00e1 le mostramos otras opciones sobre de qu\u00e9 manera darse de baja del seguro de decesos de Banco Mediolanum. Si bien en ciertas compa\u00f1\u00edas de seguros te pueden aceptar la cancelaci\u00f3n del seguro de forma telef\u00f3nica, para eludir que desperdicies el tiempo, lo m\u00e1s normal es que asistas a una oficina y entregues el formulario de forma impresa. Si quiere darse de baja de un seguro de decesos de Banco Mediolanum por medio de tel\u00e9fono, no dude en contactar con nosotros por medio de nuestro mail o bien nuestro n\u00famero de tel\u00e9fono. <\/div><\/div><\/div><\/p>\r\n<h3><span class=\"ez-toc-section\" id=\"A_traves_de_la_web_de_Banco_Mediolanum\"><\/span>A trav\u00e9s de la web de Banco Mediolanum<span class=\"ez-toc-section-end\"><\/span><\/h3>\r\n<p>Una de las opciones que tiene libre para dar de baja su seguro de decesos, es accediendo a la web www.bancomediolanum.es\/es-ES\/contactar de Banco Mediolanum y escribiendo en su buscador las dudas que tenga. En ese momento, le aparecer\u00e1n varias opciones. Va a deber escoger la m\u00e1s conveniente a y proseguir sus pasos. Es bastante f\u00e1cil. Si tiene alguna duda o bien no le aparece esta alternativa puede ponerse en contacto con Banco Mediolanum v\u00eda telef\u00f3nica para que le solventen el inconveniente directamente a trav\u00e9s de este n\u00famero 900 800 310. Si le aparece, rellenando el formulario o descargando el documento que le pida, podr\u00e1 completar la solicitud. <div class=\"colorf \"  ><div class=\"container clearfix\"><div class=\"col-md-7\"><\/p>\r\n<h3><span class=\"ez-toc-section\" id=\"Utilizando_el_correo_electronico_de_Banco_Mediolanum\"><\/span>Utilizando el correo electr\u00f3nico de Banco Mediolanum<span class=\"ez-toc-section-end\"><\/span><\/h3>\r\n<p>Otro modo de darse de baja del seguro de decesos de Banco Mediolanum es v\u00eda e-mail. Es muy simple, agrega la siguiente direcci\u00f3n a tu correo email Banco Mediolanum y en solo un par de minutos podr\u00e1s tenerlo todo solucionado. Para pedir la petici\u00f3n de baja del seguro, deber\u00e1s mandar una copia del documento de identidad y el documento firmado con los datos personales donde se detalla el deseo de darse de baja. Esto puedes solicitarlo en el 951 127 403 o en el info@idecesos. com. Si no quieres tener inconvenientes, guarda una copia sellada y el justificante. Para tu mayor tranquilidad, guarda tambi\u00e9n una imitaci\u00f3n de la notificaci\u00f3n del d\u00eda en el que la enviastes. <\/div><\/div><\/div><\/p>\r\n<h3><span class=\"ez-toc-section\" id=\"Dar_de_baja_Banco_Mediolanum_por_fax\"><\/span>Dar de baja Banco Mediolanum por fax<span class=\"ez-toc-section-end\"><\/span><\/h3>\r\n<p>Otra de las opciones es darse de baja mediante el fax. Es muy semejante a la opci\u00f3n del e-mail. Para realizar el env\u00edo, debe continuar los mismos pasos que de forma digital. Es importante que mande la notificaci\u00f3n firmada, que encontrar\u00e1 en la p\u00e1gina web de Banco Mediolanum o llamando a nuestro n\u00famero de tel\u00e9fono 900 800 310, junto a una copia de su DNI. Va a deber tener y, guardar, una copia, adecuadamente sellada, y el justificante del recibo. Para prevenir futuras incidencias, tenga a buen recaudo la copia de la notificaci\u00f3n, con su data de env\u00edo adecuada. <div class=\"colorf \"  ><div class=\"container clearfix\"><div class=\"col-md-7\"><\/p>\r\n<h3><span class=\"ez-toc-section\" id=\"En_la_oficina_de_Banco_Mediolanum\"><\/span>En la oficina de Banco Mediolanum<span class=\"ez-toc-section-end\"><\/span><\/h3>\r\n<p>El m\u00e9todo m\u00e1s f\u00e1cil y r\u00e1pido para dar de baja tu seguro de decesos es personandote en la oficina de tu compa\u00f1\u00eda de seguros. Para que la cancelaci\u00f3n del seguro de decesos se realice de forma m\u00e1s efectiva, tendr\u00e1s que presentar un escrito con tu copia del DNI en una oficina que te sellar\u00e1n posteriormente con la fecha del d\u00eda. Cuando te ponen el sello, se entiende que todos y cada uno de los recibos entregados se han realizado de forma correcta. En la fecha debe exponerse que el contrato fue anulado un mes antes del fin del contrato. <\/div><\/div><\/div><\/p>\r\n<h3><span class=\"ez-toc-section\" id=\"Telefono_para_dar_de_baja_Banco_Mediolanum\"><\/span>T\u00e9lefono para dar de baja Banco Mediolanum<span class=\"ez-toc-section-end\"><\/span><\/h3>\r\n<p>Asimismo puede darse de baja mediante por tel\u00e9fono. Puede ponerse en contacto con Banco Mediolanum llamando, de forma directa, al siguiente n\u00famero 900 800 310. Cuando le atiendan, ind\u00edquelo al profesional el motivo de su llamada y, este, le afirmar\u00e1 qu\u00e9 debe hacer. Siguiendo los pasos indicados, lo tendr\u00e1 todo solucionado r\u00e1pidamente y, el experto, se encargar\u00e1 de dar fin a su seguro de decesos. Si tras esto quiere contratar un nuevo seguro, no dude en ver todas y cada una de las opciones y equiparar todas las ofertas con iDecesos. <div class=\"colorf \"  ><div class=\"container clearfix\"><div class=\"col-md-7\"><\/p>\r\n<h2><span class=\"ez-toc-section\" id=\"Dar_de_baja_seguro_Banco_Mediolanum_de_un_fallecido\"><\/span>Dar de baja seguro Banco Mediolanum de un fallecido<span class=\"ez-toc-section-end\"><\/span><\/h2>\r\n<p>Por \u00faltimo, le indicamos de qu\u00e9 forma dar de baja el seguro en el caso de fallecimiento del usuario. Debido a la ausencia de la persona que ha contratado el seguro, puede parecer bastante dif\u00edcil su baja pero, con nosotros, va a ser mucho m\u00e1s simple de lo que parece. No debe preocuparse por los tr\u00e1mites ya mentados. En el momento que muera el asegurado\/a, Banco Mediolanum anular\u00e1 de forma inmediata su seguro. Al prestar su servicio tras el sepelio del cliente del servicio, Banco Mediolanum se encargar\u00e1 de dar de baja a la persona fallecida de su empresa aseguradora, con lo que sus familiares no tienen de qu\u00e9 preocuparse, ellos van a ser los encargados de hacerlo todo y sus familiares no deber\u00e1n hacer nada a este respecto, con lo que puede estar sosegado. <\/div><\/div><\/div> <div class=\"oficinas\"> <h3><span class=\"ez-toc-section\" id=\"Paginas_relacionadas\"><\/span>P\u00e1ginas relacionadas<span class=\"ez-toc-section-end\"><\/span><\/h3><div class=\"enlazado\"><ul> <li><a href=\"https:\/\/idecesos.com\/seguros\/companias\/banco-mediolanum\/opiniones\/\">Opiniones Banco Mediolanum<\/a><\/li> <li><a href=\"https:\/\/idecesos.com\/seguros\/companias\/banco-mediolanum\/precio\/\">Precio seguro Banco Mediolanum<\/a><\/li> <li><a href=\"https:\/\/idecesos.com\/seguros\/companias\/banco-mediolanum\/prima-mixta\/\">Banco Mediolanum Prima Mixta<\/a><\/li> <li><a href=\"https:\/\/idecesos.com\/seguros\/companias\/banco-mediolanum\/prima-natural\/\">Banco Mediolanum Prima Natural<\/a><\/li> <li><a href=\"https:\/\/idecesos.com\/seguros\/companias\/banco-mediolanum\/prima-nivelada\/\">Banco Mediolanum Prima Nivelada<\/a><\/li> <li><a href=\"https:\/\/idecesos.com\/seguros\/companias\/banco-mediolanum\/prima-unica\/\">Banco Mediolanum Prima \u00danica<\/a><\/li> <li><a href=\"https:\/\/idecesos.com\/seguros\/companias\/banco-mediolanum\/repatriacion\/\">Banco Mediolanum Repatriaci\u00f3n<\/a><\/li> <li><a href=\"https:\/\/idecesos.com\/seguros\/companias\/banco-mediolanum\/telefono\/\">Tel\u00e9fono Gratuito Banco Mediolanum<\/a><\/li><\/ul><\/div> <\/div><\/p>","protected":false},"excerpt":{"rendered":"<p>Ahora, deseamos explicarte los pasos a seguir para poder dar de baja tu seguro de decesos. Si consideras que dar de baja el seguro de decesos es complicado, en esta p\u00e1gina vamos a explic\u00e1rtelo de la forma m\u00e1s sencilla posible. Ahora, vas a encontrar de forma detallada los pasos que tienes hacer y las formas&hellip; <\/p>\n","protected":false},"author":1,"featured_media":0,"parent":292,"menu_order":0,"comment_status":"closed","ping_status":"closed","template":"single.php","meta":{"footnotes":""},"class_list":["post-18062","page","type-page","status-publish","hentry"],"yoast_head":"<!-- This site is optimized with the Yoast SEO plugin v27.3 - https:\/\/yoast.com\/product\/yoast-seo-wordpress\/ -->\n<title>\u00bfC\u00f3mo dar de Baja o Cancelar Seguro de Decesos Banco Mediolanum?<\/title>\n<meta name=\"description\" content=\"Obt\u00e9n aqu\u00ed\u3010c\u00f3mo dar de baja o cancelar seguro de decesos Banco Mediolanum\u3011Modelo carta, fax, correo electr\u00f3nico (email), tel\u00e9fono gratis.\" \/>\n<meta name=\"robots\" content=\"index, follow, max-snippet:-1, max-image-preview:large, max-video-preview:-1\" \/>\n<link rel=\"canonical\" href=\"https:\/\/idecesos.com\/seguros\/companias\/banco-mediolanum\/dar-de-baja\/\" \/>\n<meta property=\"og:locale\" content=\"es_ES\" \/>\n<meta property=\"og:type\" content=\"article\" \/>\n<meta property=\"og:title\" content=\"\u00bfC\u00f3mo dar de Baja o Cancelar Seguro de Decesos Banco Mediolanum?\" \/>\n<meta property=\"og:description\" content=\"Obt\u00e9n aqu\u00ed\u3010c\u00f3mo dar de baja o cancelar seguro de decesos Banco Mediolanum\u3011Modelo carta, fax, correo electr\u00f3nico (email), tel\u00e9fono gratis.\" \/>\n<meta property=\"og:url\" content=\"https:\/\/idecesos.com\/seguros\/companias\/banco-mediolanum\/dar-de-baja\/\" \/>\n<meta property=\"article:modified_time\" content=\"2022-01-26T16:50:49+00:00\" \/>\n<meta name=\"twitter:card\" content=\"summary_large_image\" \/>\n<meta name=\"twitter:label1\" content=\"Tiempo de lectura\" \/>\n\t<meta name=\"twitter:data1\" content=\"5 minutos\" \/>\n<script type=\"application\/ld+json\" class=\"yoast-schema-graph\">{\"@context\":\"https:\\\/\\\/schema.org\",\"@graph\":[{\"@type\":\"WebPage\",\"@id\":\"https:\\\/\\\/idecesos.com\\\/seguros\\\/companias\\\/banco-mediolanum\\\/dar-de-baja\\\/\",\"url\":\"https:\\\/\\\/idecesos.com\\\/seguros\\\/companias\\\/banco-mediolanum\\\/dar-de-baja\\\/\",\"name\":\"\u00bfC\u00f3mo dar de Baja o Cancelar Seguro de Decesos Banco Mediolanum?\",\"isPartOf\":{\"@id\":\"https:\\\/\\\/idecesos.com\\\/seguros\\\/#website\"},\"datePublished\":\"2021-12-29T11:45:52+00:00\",\"dateModified\":\"2022-01-26T16:50:49+00:00\",\"description\":\"Obt\u00e9n aqu\u00ed\u3010c\u00f3mo dar de baja o cancelar seguro de decesos Banco Mediolanum\u3011Modelo carta, fax, correo electr\u00f3nico (email), tel\u00e9fono gratis.\",\"breadcrumb\":{\"@id\":\"https:\\\/\\\/idecesos.com\\\/seguros\\\/companias\\\/banco-mediolanum\\\/dar-de-baja\\\/#breadcrumb\"},\"inLanguage\":\"es\",\"potentialAction\":[{\"@type\":\"ReadAction\",\"target\":[\"https:\\\/\\\/idecesos.com\\\/seguros\\\/companias\\\/banco-mediolanum\\\/dar-de-baja\\\/\"]}]},{\"@type\":\"BreadcrumbList\",\"@id\":\"https:\\\/\\\/idecesos.com\\\/seguros\\\/companias\\\/banco-mediolanum\\\/dar-de-baja\\\/#breadcrumb\",\"itemListElement\":[{\"@type\":\"ListItem\",\"position\":1,\"name\":\"Portada\",\"item\":\"https:\\\/\\\/idecesos.com\\\/seguros\\\/\"},{\"@type\":\"ListItem\",\"position\":2,\"name\":\"Compa\u00f1\u00edas de Seguros de Decesos en Espa\u00f1a\",\"item\":\"https:\\\/\\\/idecesos.com\\\/seguros\\\/companias\\\/\"},{\"@type\":\"ListItem\",\"position\":3,\"name\":\"Seguro de decesos Banco Mediolanum\",\"item\":\"https:\\\/\\\/idecesos.com\\\/seguros\\\/companias\\\/banco-mediolanum\\\/\"},{\"@type\":\"ListItem\",\"position\":4,\"name\":\"\u00bfC\u00f3mo dar de baja seguro Banco Mediolanum?\"}]},{\"@type\":\"WebSite\",\"@id\":\"https:\\\/\\\/idecesos.com\\\/seguros\\\/#website\",\"url\":\"https:\\\/\\\/idecesos.com\\\/seguros\\\/\",\"name\":\"\",\"description\":\"\",\"potentialAction\":[{\"@type\":\"SearchAction\",\"target\":{\"@type\":\"EntryPoint\",\"urlTemplate\":\"https:\\\/\\\/idecesos.com\\\/seguros\\\/?s={search_term_string}\"},\"query-input\":{\"@type\":\"PropertyValueSpecification\",\"valueRequired\":true,\"valueName\":\"search_term_string\"}}],\"inLanguage\":\"es\"}]}<\/script>\n<!-- \/ Yoast SEO plugin. -->","yoast_head_json":{"title":"\u00bfC\u00f3mo dar de Baja o Cancelar Seguro de Decesos Banco Mediolanum?","description":"Obt\u00e9n aqu\u00ed\u3010c\u00f3mo dar de baja o cancelar seguro de decesos Banco Mediolanum\u3011Modelo carta, fax, correo electr\u00f3nico (email), tel\u00e9fono gratis.","robots":{"index":"index","follow":"follow","max-snippet":"max-snippet:-1","max-image-preview":"max-image-preview:large","max-video-preview":"max-video-preview:-1"},"canonical":"https:\/\/idecesos.com\/seguros\/companias\/banco-mediolanum\/dar-de-baja\/","og_locale":"es_ES","og_type":"article","og_title":"\u00bfC\u00f3mo dar de Baja o Cancelar Seguro de Decesos Banco Mediolanum?","og_description":"Obt\u00e9n aqu\u00ed\u3010c\u00f3mo dar de baja o cancelar seguro de decesos Banco Mediolanum\u3011Modelo carta, fax, correo electr\u00f3nico (email), tel\u00e9fono gratis.","og_url":"https:\/\/idecesos.com\/seguros\/companias\/banco-mediolanum\/dar-de-baja\/","article_modified_time":"2022-01-26T16:50:49+00:00","twitter_card":"summary_large_image","twitter_misc":{"Tiempo de lectura":"5 minutos"},"schema":{"@context":"https:\/\/schema.org","@graph":[{"@type":"WebPage","@id":"https:\/\/idecesos.com\/seguros\/companias\/banco-mediolanum\/dar-de-baja\/","url":"https:\/\/idecesos.com\/seguros\/companias\/banco-mediolanum\/dar-de-baja\/","name":"\u00bfC\u00f3mo dar de Baja o Cancelar Seguro de Decesos Banco Mediolanum?","isPartOf":{"@id":"https:\/\/idecesos.com\/seguros\/#website"},"datePublished":"2021-12-29T11:45:52+00:00","dateModified":"2022-01-26T16:50:49+00:00","description":"Obt\u00e9n aqu\u00ed\u3010c\u00f3mo dar de baja o cancelar seguro de decesos Banco Mediolanum\u3011Modelo carta, fax, correo electr\u00f3nico (email), tel\u00e9fono gratis.","breadcrumb":{"@id":"https:\/\/idecesos.com\/seguros\/companias\/banco-mediolanum\/dar-de-baja\/#breadcrumb"},"inLanguage":"es","potentialAction":[{"@type":"ReadAction","target":["https:\/\/idecesos.com\/seguros\/companias\/banco-mediolanum\/dar-de-baja\/"]}]},{"@type":"BreadcrumbList","@id":"https:\/\/idecesos.com\/seguros\/companias\/banco-mediolanum\/dar-de-baja\/#breadcrumb","itemListElement":[{"@type":"ListItem","position":1,"name":"Portada","item":"https:\/\/idecesos.com\/seguros\/"},{"@type":"ListItem","position":2,"name":"Compa\u00f1\u00edas de Seguros de Decesos en Espa\u00f1a","item":"https:\/\/idecesos.com\/seguros\/companias\/"},{"@type":"ListItem","position":3,"name":"Seguro de decesos Banco Mediolanum","item":"https:\/\/idecesos.com\/seguros\/companias\/banco-mediolanum\/"},{"@type":"ListItem","position":4,"name":"\u00bfC\u00f3mo dar de baja seguro Banco Mediolanum?"}]},{"@type":"WebSite","@id":"https:\/\/idecesos.com\/seguros\/#website","url":"https:\/\/idecesos.com\/seguros\/","name":"","description":"","potentialAction":[{"@type":"SearchAction","target":{"@type":"EntryPoint","urlTemplate":"https:\/\/idecesos.com\/seguros\/?s={search_term_string}"},"query-input":{"@type":"PropertyValueSpecification","valueRequired":true,"valueName":"search_term_string"}}],"inLanguage":"es"}]}},"_links":{"self":[{"href":"https:\/\/idecesos.com\/seguros\/wp-json\/wp\/v2\/pages\/18062","targetHints":{"allow":["GET"]}}],"collection":[{"href":"https:\/\/idecesos.com\/seguros\/wp-json\/wp\/v2\/pages"}],"about":[{"href":"https:\/\/idecesos.com\/seguros\/wp-json\/wp\/v2\/types\/page"}],"author":[{"embeddable":true,"href":"https:\/\/idecesos.com\/seguros\/wp-json\/wp\/v2\/users\/1"}],"replies":[{"embeddable":true,"href":"https:\/\/idecesos.com\/seguros\/wp-json\/wp\/v2\/comments?post=18062"}],"version-history":[{"count":7,"href":"https:\/\/idecesos.com\/seguros\/wp-json\/wp\/v2\/pages\/18062\/revisions"}],"predecessor-version":[{"id":19043,"href":"https:\/\/idecesos.com\/seguros\/wp-json\/wp\/v2\/pages\/18062\/revisions\/19043"}],"up":[{"embeddable":true,"href":"https:\/\/idecesos.com\/seguros\/wp-json\/wp\/v2\/pages\/292"}],"wp:attachment":[{"href":"https:\/\/idecesos.com\/seguros\/wp-json\/wp\/v2\/media?parent=18062"}],"curies":[{"name":"wp","href":"https:\/\/api.w.org\/{rel}","templated":true}]}}