{"id":18064,"date":"2021-12-29T11:52:44","date_gmt":"2021-12-29T11:45:54","guid":{"rendered":"https:\/\/idecesos.com\/seguros\/companias\/el-corte-ingles\/dar-de-baja\/"},"modified":"2022-01-26T17:22:53","modified_gmt":"2022-01-26T17:22:53","slug":"dar-de-baja","status":"publish","type":"page","link":"https:\/\/idecesos.com\/seguros\/companias\/el-corte-ingles\/dar-de-baja\/","title":{"rendered":"\u00bfC\u00f3mo dar de baja seguro El Corte Ingles?"},"content":{"rendered":"<div id=\"ez-toc-container\" class=\"ez-toc-v2_0_82_2 ez-toc-wrap-center counter-hierarchy ez-toc-counter ez-toc-custom ez-toc-container-direction\">\n<div class=\"ez-toc-title-container\">\n<p class=\"ez-toc-title\" style=\"cursor:inherit\">Tabla de Contenido<\/p>\n<span class=\"ez-toc-title-toggle\"><a href=\"#\" class=\"ez-toc-pull-right ez-toc-btn ez-toc-btn-xs ez-toc-btn-default ez-toc-toggle\" aria-label=\"Alternar tabla de contenidos\"><span class=\"ez-toc-js-icon-con\"><span class=\"\"><span class=\"eztoc-hide\" style=\"display:none;\">Toggle<\/span><span class=\"ez-toc-icon-toggle-span\"><svg style=\"fill: #db6415;color:#db6415\" xmlns=\"http:\/\/www.w3.org\/2000\/svg\" class=\"list-377408\" width=\"20px\" height=\"20px\" viewBox=\"0 0 24 24\" fill=\"none\"><path d=\"M6 6H4v2h2V6zm14 0H8v2h12V6zM4 11h2v2H4v-2zm16 0H8v2h12v-2zM4 16h2v2H4v-2zm16 0H8v2h12v-2z\" fill=\"currentColor\"><\/path><\/svg><svg style=\"fill: #db6415;color:#db6415\" class=\"arrow-unsorted-368013\" xmlns=\"http:\/\/www.w3.org\/2000\/svg\" width=\"10px\" height=\"10px\" viewBox=\"0 0 24 24\" version=\"1.2\" baseProfile=\"tiny\"><path d=\"M18.2 9.3l-6.2-6.3-6.2 6.3c-.2.2-.3.4-.3.7s.1.5.3.7c.2.2.4.3.7.3h11c.3 0 .5-.1.7-.3.2-.2.3-.5.3-.7s-.1-.5-.3-.7zM5.8 14.7l6.2 6.3 6.2-6.3c.2-.2.3-.5.3-.7s-.1-.5-.3-.7c-.2-.2-.4-.3-.7-.3h-11c-.3 0-.5.1-.7.3-.2.2-.3.5-.3.7s.1.5.3.7z\"\/><\/svg><\/span><\/span><\/span><\/a><\/span><\/div>\n<nav><ul class='ez-toc-list ez-toc-list-level-1 ' ><li class='ez-toc-page-1 ez-toc-heading-level-2'><a class=\"ez-toc-link ez-toc-heading-1\" href=\"https:\/\/idecesos.com\/seguros\/companias\/el-corte-ingles\/dar-de-baja\/#Diferentes_opciones_para_cancelar_un_contrato_con_El_Corte_Ingles\" >Diferentes opciones para cancelar un contrato con El Corte Ingles<\/a><ul class='ez-toc-list-level-3' ><li class='ez-toc-heading-level-3'><a class=\"ez-toc-link ez-toc-heading-2\" href=\"https:\/\/idecesos.com\/seguros\/companias\/el-corte-ingles\/dar-de-baja\/#A_traves_de_la_web_de_El_Corte_Ingles\" >A trav\u00e9s de la web de El Corte Ingles<\/a><\/li><li class='ez-toc-page-1 ez-toc-heading-level-3'><a class=\"ez-toc-link ez-toc-heading-3\" href=\"https:\/\/idecesos.com\/seguros\/companias\/el-corte-ingles\/dar-de-baja\/#Utilizando_el_correo_electronico_de_El_Corte_Ingles\" >Utilizando el correo electr\u00f3nico de El Corte Ingles<\/a><\/li><li class='ez-toc-page-1 ez-toc-heading-level-3'><a class=\"ez-toc-link ez-toc-heading-4\" href=\"https:\/\/idecesos.com\/seguros\/companias\/el-corte-ingles\/dar-de-baja\/#Dar_de_baja_El_Corte_Ingles_por_fax\" >Dar de baja El Corte Ingles por fax<\/a><\/li><li class='ez-toc-page-1 ez-toc-heading-level-3'><a class=\"ez-toc-link ez-toc-heading-5\" href=\"https:\/\/idecesos.com\/seguros\/companias\/el-corte-ingles\/dar-de-baja\/#En_la_oficina_de_El_Corte_Ingles\" >En la oficina de El Corte Ingles<\/a><\/li><li class='ez-toc-page-1 ez-toc-heading-level-3'><a class=\"ez-toc-link ez-toc-heading-6\" href=\"https:\/\/idecesos.com\/seguros\/companias\/el-corte-ingles\/dar-de-baja\/#Telefono_para_dar_de_baja_El_Corte_Ingles\" >T\u00e9lefono para dar de baja El Corte Ingles<\/a><\/li><\/ul><\/li><li class='ez-toc-page-1 ez-toc-heading-level-2'><a class=\"ez-toc-link ez-toc-heading-7\" href=\"https:\/\/idecesos.com\/seguros\/companias\/el-corte-ingles\/dar-de-baja\/#Dar_de_baja_seguro_El_Corte_Ingles_de_un_fallecido\" >Dar de baja seguro El Corte Ingles de un fallecido<\/a><ul class='ez-toc-list-level-3' ><li class='ez-toc-heading-level-3'><a class=\"ez-toc-link ez-toc-heading-8\" href=\"https:\/\/idecesos.com\/seguros\/companias\/el-corte-ingles\/dar-de-baja\/#Paginas_relacionadas\" >P\u00e1ginas relacionadas<\/a><\/li><\/ul><\/li><\/ul><\/nav><\/div>\n<p> Es muy simple dar de baja tu seguro con tan solo continuar los pasos que te mostramos a continuaci\u00f3n. El paso inicial que debes proseguir es repasar tu contrato y conocer los datos de tu empresa de seguros. Cuando sepas la informaci\u00f3n de tu compa\u00f1\u00eda, podr\u00e1s conocer su direcci\u00f3n de forma m\u00e1s precisa gracias a internet. Tras conseguir la direcci\u00f3n de la compa\u00f1\u00eda, debe llamar al tel\u00e9fono de atenci\u00f3n al usuario para poder dar de baja su seguro de decesos. Tras contactar con atenci\u00f3n al cliente, puedes solicitar la baja a trav\u00e9s de tel\u00e9fono o bien correo. Cuando efect\u00faes la baja de tu seguro, podr\u00e1s ponerte en contacto con tu compa\u00f1\u00eda aseguradora para dejar por escrito tu decisi\u00f3n. <div class=\"colorf \"  ><div class=\"container clearfix\"><div class=\"col-md-7\"><\/p>\r\n<h2><span class=\"ez-toc-section\" id=\"Diferentes_opciones_para_cancelar_un_contrato_con_El_Corte_Ingles\"><\/span>Diferentes opciones para cancelar un contrato con El Corte Ingles<span class=\"ez-toc-section-end\"><\/span><\/h2>\r\n<!-- \/wp:post-content -->\r\n\r\n<!-- wp:paragraph -->\r\n<p>De qu\u00e9 manera marcha una compa\u00f1\u00eda puede ser muy diferente a otras pero, todas y cada una le pedir\u00e1n el documento en el que conste su deseo de dar de baja los servicios ofrecidos por esta. Si quiere conseguir el documento de El Corte Ingles no dude en contactar con nosotros a trav\u00e9s del correo electr\u00f3nico o mediante nuestro n\u00famero. Sea como sea, la forma que decida en la que darse de baja, si elige la opci\u00f3n de mandar una carta certificada, en la que conste la cancelaci\u00f3n del contrato El Corte Ingles, esta va a deber aceptarlo y darlo por v\u00e1lido. Guardar el resguardo del documento y hacer una copia, es recomendable. Enseguida, le vamos a mostrar distintas opciones para poder darse de baja de su seguro de decesos El Corte Ingles. <\/div><\/div><\/div><\/p>\r\n<h3><span class=\"ez-toc-section\" id=\"A_traves_de_la_web_de_El_Corte_Ingles\"><\/span>A trav\u00e9s de la web de El Corte Ingles<span class=\"ez-toc-section-end\"><\/span><\/h3>\r\n<p>Mediante la web de El Corte Ingles es uno de los m\u00e9todos que pueda usar para darse de baja de su seguro de decesos. Solo tendr\u00e1s que escribir lo que buscas en su p\u00e1gina web a fin de que te aparezca toda la informaci\u00f3n. Si no dispone de buscador, busque la secci\u00f3n que m\u00e1s se amolde a su necesidad. Para proceder a dar de baja el seguro, tendr\u00e1s que rellenar el formulario que se te indique. Puedes llamarnos al 951 127 403 o mandarnos un e-mail a info@idecesos. com si necesitas que te resolvamos otras cuestiones o bien te demos mayor informaci\u00f3n. En caso de que s\u00ed le aparezca lo que busca, tras rellenar y mandar todo lo que le solicitan, en solo unos minutos va a recibir un documento de El Corte Ingles informando de su baja mediante e mail y carta. <div class=\"colorf \"  ><div class=\"container clearfix\"><div class=\"col-md-7\"><\/p>\r\n<h3><span class=\"ez-toc-section\" id=\"Utilizando_el_correo_electronico_de_El_Corte_Ingles\"><\/span>Utilizando el correo electr\u00f3nico de El Corte Ingles<span class=\"ez-toc-section-end\"><\/span><\/h3>\r\n<p>Puedes contactar con tu compa\u00f1\u00eda de seguros por e mail si deseas finalizar un contrato de tu seguro de decesos con ellos. A fin de que la compa\u00f1\u00eda aseguradora pueda dar de baja tu seguro de decesos tendr\u00e1s que hacerles llegar una copia de tu documento nacional de identidad y el documento firmado con tus datos personales pidiendo la baja. Para evitar posibles problemas con tu empresa aseguradora, te recomendamos guardar una copia sellada y el justificante del recibo. Asimismo te recomendamos que guardes una imitaci\u00f3n de la notificaci\u00f3n del correo con la data expuesta del env\u00edo. Debes mandar en los 30 d\u00edas antes del fin del contrato el n\u00famero de tu p\u00f3liza a tu empresa de seguros por correo electr\u00f3nico. <\/div><\/div><\/div><\/p>\r\n<h3><span class=\"ez-toc-section\" id=\"Dar_de_baja_El_Corte_Ingles_por_fax\"><\/span>Dar de baja El Corte Ingles por fax<span class=\"ez-toc-section-end\"><\/span><\/h3>\r\n<p>Darse de baja por fax tambi\u00e9n es una opci\u00f3n. Es muy similar al correo. Los pasos son exactamente los mismos, tanto digitalmente como por fax. Debe enviar una copia de su documento nacional de identidad y, la notificaci\u00f3n con su firma, que va a poder hallarla en la p\u00e1gina web de la compa\u00f1\u00eda o bien, si usted lo prefiere, se la podemos facilitar nosotros, a trav\u00e9s del t\u00e9lefono de contacto 912175821. Debe rememorar, tener a su disposici\u00f3n y, guardar, una copia sellada y el justificante de su recibo. Adem\u00e1s de esto, por lo que pueda suceder en el futuro, le recomendamos que guarde una imitaci\u00f3n de la notificaci\u00f3n con la data de env\u00edo del mismo modo que si lo hace por correo. <div class=\"colorf \"  ><div class=\"container clearfix\"><div class=\"col-md-7\"><\/p>\r\n<h3><span class=\"ez-toc-section\" id=\"En_la_oficina_de_El_Corte_Ingles\"><\/span>En la oficina de El Corte Ingles<span class=\"ez-toc-section-end\"><\/span><\/h3>\r\n<p>Si prefiere llevar el proceso de su baja, manera presencial, podr\u00e1 hacerlo acudiendo a las oficinas de El Corte Ingles. Haga una b\u00fasqueda sobre la oficina m\u00e1s pr\u00f3xima a su hogar y, acuda en el horario estipulado. Los profesionales de la compa\u00f1\u00eda, le ayudar\u00e1n para que pueda rellenar y firmar los documentos necesarios correctamente. Todo ser\u00e1 muy simple, prosiga las indicaciones que le vayan diciendo. Le recordamos que lleve su documento de identidad a fin de que todo este tr\u00e1mite se pueda llevar a cabo, ya que es preciso. Al finalizar, le dar\u00e1n una imitaci\u00f3n de todo lo rellenado y el agente va a pasar a tramitarlo para darle de baja con lo que no tendr\u00e1 que preocuparse por nada m\u00e1s. <\/div><\/div><\/div><\/p>\r\n<h3><span class=\"ez-toc-section\" id=\"Telefono_para_dar_de_baja_El_Corte_Ingles\"><\/span>T\u00e9lefono para dar de baja El Corte Ingles<span class=\"ez-toc-section-end\"><\/span><\/h3>\r\n<p>Dar de baja su seguro de decesos por tel\u00e9fono, ser\u00e1 tan f\u00e1cil como seguir apropiadamente los pasos que le se\u00f1alen los trabajadores especialistas de El Corte Ingles. Para esto, va a deber buscar en internet el n\u00famero de contacto correcto o llamar directamente a este n\u00famero de tel\u00e9fono 912175821. Si sigue los pasos indicados, apropiadamente, en escaso tiempo tendr\u00e1 solucionado cada aspecto de su seguro de baja y, los profesionales, cerrar\u00e1n los tr\u00e1mites, de forma inmejorable, para su tranquilidad. <div class=\"colorf \"  ><div class=\"container clearfix\"><div class=\"col-md-7\"><\/p>\r\n<h2><span class=\"ez-toc-section\" id=\"Dar_de_baja_seguro_El_Corte_Ingles_de_un_fallecido\"><\/span>Dar de baja seguro El Corte Ingles de un fallecido<span class=\"ez-toc-section-end\"><\/span><\/h2>\r\n<p>Para finiquitar, va a tener una explicaci\u00f3n detallada de c\u00f3mo dar de baja el seguro, tras el fallecimiento de la persona asegurada. Debido a la ausencia de la persona que ha contratado el seguro, puede parecer bastante dif\u00edcil su baja pero, con nosotros, va a ser considerablemente m\u00e1s simple de lo que parece. Es muy, muy diferente a los otros m\u00e9todos, no deber\u00e1 hacer ning\u00fan tr\u00e1mite de los explicados previamente. El Corte Ingles es la encargada de anular su seguro de decesos de manera autom\u00e1tica tras la muerte de su asegurado. Al prestar su servicio tras el sepelio del cliente del servicio, El Corte Ingles se encargar\u00e1 de dar de baja a la persona fallecida de su aseguradora, con lo que sus familiares no tienen de qu\u00e9 preocuparse, ellos ser\u00e1n los encargados de hacerlo todo y sus familiares no tendr\u00e1n que hacer nada al respecto, con lo que puede estar tranquilo. <\/div><\/div><\/div> <div class=\"oficinas\"> <h3><span class=\"ez-toc-section\" id=\"Paginas_relacionadas\"><\/span>P\u00e1ginas relacionadas<span class=\"ez-toc-section-end\"><\/span><\/h3><div class=\"enlazado\"><ul> <li><a href=\"https:\/\/idecesos.com\/seguros\/companias\/el-corte-ingles\/coberturas\/\">Coberturas Seguro de Decesos El Corte Ingl\u00e9s<\/a><\/li> <li><a href=\"https:\/\/idecesos.com\/seguros\/companias\/el-corte-ingles\/opiniones\/\">Opiniones El Corte Ingl\u00e9s<\/a><\/li> <li><a href=\"https:\/\/idecesos.com\/seguros\/companias\/el-corte-ingles\/precio\/\">Precio seguro El Corte Ingles<\/a><\/li> <li><a href=\"https:\/\/idecesos.com\/seguros\/companias\/el-corte-ingles\/prima-mixta\/\">El Corte Ingles Prima Mixta<\/a><\/li> <li><a href=\"https:\/\/idecesos.com\/seguros\/companias\/el-corte-ingles\/prima-natural\/\">El Corte Ingles Prima Natural<\/a><\/li> <li><a href=\"https:\/\/idecesos.com\/seguros\/companias\/el-corte-ingles\/prima-nivelada\/\">El Corte Ingles Prima Nivelada<\/a><\/li> <li><a href=\"https:\/\/idecesos.com\/seguros\/companias\/el-corte-ingles\/prima-unica\/\">El Corte Ingles Prima \u00danica<\/a><\/li> <li><a href=\"https:\/\/idecesos.com\/seguros\/companias\/el-corte-ingles\/repatriacion\/\">El Corte Ingles Repatriaci\u00f3n<\/a><\/li> <li><a href=\"https:\/\/idecesos.com\/seguros\/companias\/el-corte-ingles\/telefono\/\">Tel\u00e9fono Gratuito El Corte Ingles<\/a><\/li><\/ul><\/div> <\/div><\/p>","protected":false},"excerpt":{"rendered":"<p>Es muy simple dar de baja tu seguro con tan solo continuar los pasos que te mostramos a continuaci\u00f3n. El paso inicial que debes proseguir es repasar tu contrato y conocer los datos de tu empresa de seguros. Cuando sepas la informaci\u00f3n de tu compa\u00f1\u00eda, podr\u00e1s conocer su direcci\u00f3n de forma m\u00e1s precisa gracias a&hellip; <\/p>\n","protected":false},"author":1,"featured_media":0,"parent":332,"menu_order":0,"comment_status":"closed","ping_status":"closed","template":"single.php","meta":{"footnotes":""},"class_list":["post-18064","page","type-page","status-publish","hentry"],"yoast_head":"<!-- This site is optimized with the Yoast SEO plugin v27.3 - https:\/\/yoast.com\/product\/yoast-seo-wordpress\/ -->\n<title>\u00bfC\u00f3mo dar de Baja o Cancelar Seguro de Decesos El Corte Ingles?<\/title>\n<meta name=\"description\" content=\"Obt\u00e9n aqu\u00ed\u3010c\u00f3mo dar de baja o cancelar seguro de decesos El Corte Ingles\u3011Modelo carta, fax, correo electr\u00f3nico (email), tel\u00e9fono gratis.\" \/>\n<meta name=\"robots\" content=\"index, follow, max-snippet:-1, max-image-preview:large, max-video-preview:-1\" \/>\n<link rel=\"canonical\" href=\"https:\/\/idecesos.com\/seguros\/companias\/el-corte-ingles\/dar-de-baja\/\" \/>\n<meta property=\"og:locale\" content=\"es_ES\" \/>\n<meta property=\"og:type\" content=\"article\" \/>\n<meta property=\"og:title\" content=\"\u00bfC\u00f3mo dar de Baja o Cancelar Seguro de Decesos El Corte Ingles?\" \/>\n<meta property=\"og:description\" content=\"Obt\u00e9n aqu\u00ed\u3010c\u00f3mo dar de baja o cancelar seguro de decesos El Corte Ingles\u3011Modelo carta, fax, correo electr\u00f3nico (email), tel\u00e9fono gratis.\" \/>\n<meta property=\"og:url\" content=\"https:\/\/idecesos.com\/seguros\/companias\/el-corte-ingles\/dar-de-baja\/\" \/>\n<meta property=\"article:modified_time\" content=\"2022-01-26T17:22:53+00:00\" \/>\n<meta name=\"twitter:card\" content=\"summary_large_image\" \/>\n<meta name=\"twitter:label1\" content=\"Tiempo de lectura\" \/>\n\t<meta name=\"twitter:data1\" content=\"5 minutos\" \/>\n<script type=\"application\/ld+json\" class=\"yoast-schema-graph\">{\"@context\":\"https:\\\/\\\/schema.org\",\"@graph\":[{\"@type\":\"WebPage\",\"@id\":\"https:\\\/\\\/idecesos.com\\\/seguros\\\/companias\\\/el-corte-ingles\\\/dar-de-baja\\\/\",\"url\":\"https:\\\/\\\/idecesos.com\\\/seguros\\\/companias\\\/el-corte-ingles\\\/dar-de-baja\\\/\",\"name\":\"\u00bfC\u00f3mo dar de Baja o Cancelar Seguro de Decesos El Corte Ingles?\",\"isPartOf\":{\"@id\":\"https:\\\/\\\/idecesos.com\\\/seguros\\\/#website\"},\"datePublished\":\"2021-12-29T11:45:54+00:00\",\"dateModified\":\"2022-01-26T17:22:53+00:00\",\"description\":\"Obt\u00e9n aqu\u00ed\u3010c\u00f3mo dar de baja o cancelar seguro de decesos El Corte Ingles\u3011Modelo carta, fax, correo electr\u00f3nico (email), tel\u00e9fono gratis.\",\"breadcrumb\":{\"@id\":\"https:\\\/\\\/idecesos.com\\\/seguros\\\/companias\\\/el-corte-ingles\\\/dar-de-baja\\\/#breadcrumb\"},\"inLanguage\":\"es\",\"potentialAction\":[{\"@type\":\"ReadAction\",\"target\":[\"https:\\\/\\\/idecesos.com\\\/seguros\\\/companias\\\/el-corte-ingles\\\/dar-de-baja\\\/\"]}]},{\"@type\":\"BreadcrumbList\",\"@id\":\"https:\\\/\\\/idecesos.com\\\/seguros\\\/companias\\\/el-corte-ingles\\\/dar-de-baja\\\/#breadcrumb\",\"itemListElement\":[{\"@type\":\"ListItem\",\"position\":1,\"name\":\"Portada\",\"item\":\"https:\\\/\\\/idecesos.com\\\/seguros\\\/\"},{\"@type\":\"ListItem\",\"position\":2,\"name\":\"Compa\u00f1\u00edas de Seguros de Decesos en Espa\u00f1a\",\"item\":\"https:\\\/\\\/idecesos.com\\\/seguros\\\/companias\\\/\"},{\"@type\":\"ListItem\",\"position\":3,\"name\":\"Seguro de decesos El Corte Ingl\u00e9s\",\"item\":\"https:\\\/\\\/idecesos.com\\\/seguros\\\/companias\\\/el-corte-ingles\\\/\"},{\"@type\":\"ListItem\",\"position\":4,\"name\":\"\u00bfC\u00f3mo dar de baja seguro El Corte Ingles?\"}]},{\"@type\":\"WebSite\",\"@id\":\"https:\\\/\\\/idecesos.com\\\/seguros\\\/#website\",\"url\":\"https:\\\/\\\/idecesos.com\\\/seguros\\\/\",\"name\":\"\",\"description\":\"\",\"potentialAction\":[{\"@type\":\"SearchAction\",\"target\":{\"@type\":\"EntryPoint\",\"urlTemplate\":\"https:\\\/\\\/idecesos.com\\\/seguros\\\/?s={search_term_string}\"},\"query-input\":{\"@type\":\"PropertyValueSpecification\",\"valueRequired\":true,\"valueName\":\"search_term_string\"}}],\"inLanguage\":\"es\"}]}<\/script>\n<!-- \/ Yoast SEO plugin. -->","yoast_head_json":{"title":"\u00bfC\u00f3mo dar de Baja o Cancelar Seguro de Decesos El Corte Ingles?","description":"Obt\u00e9n aqu\u00ed\u3010c\u00f3mo dar de baja o cancelar seguro de decesos El Corte Ingles\u3011Modelo carta, fax, correo electr\u00f3nico (email), tel\u00e9fono gratis.","robots":{"index":"index","follow":"follow","max-snippet":"max-snippet:-1","max-image-preview":"max-image-preview:large","max-video-preview":"max-video-preview:-1"},"canonical":"https:\/\/idecesos.com\/seguros\/companias\/el-corte-ingles\/dar-de-baja\/","og_locale":"es_ES","og_type":"article","og_title":"\u00bfC\u00f3mo dar de Baja o Cancelar Seguro de Decesos El Corte Ingles?","og_description":"Obt\u00e9n aqu\u00ed\u3010c\u00f3mo dar de baja o cancelar seguro de decesos El Corte Ingles\u3011Modelo carta, fax, correo electr\u00f3nico (email), tel\u00e9fono gratis.","og_url":"https:\/\/idecesos.com\/seguros\/companias\/el-corte-ingles\/dar-de-baja\/","article_modified_time":"2022-01-26T17:22:53+00:00","twitter_card":"summary_large_image","twitter_misc":{"Tiempo de lectura":"5 minutos"},"schema":{"@context":"https:\/\/schema.org","@graph":[{"@type":"WebPage","@id":"https:\/\/idecesos.com\/seguros\/companias\/el-corte-ingles\/dar-de-baja\/","url":"https:\/\/idecesos.com\/seguros\/companias\/el-corte-ingles\/dar-de-baja\/","name":"\u00bfC\u00f3mo dar de Baja o Cancelar Seguro de Decesos El Corte Ingles?","isPartOf":{"@id":"https:\/\/idecesos.com\/seguros\/#website"},"datePublished":"2021-12-29T11:45:54+00:00","dateModified":"2022-01-26T17:22:53+00:00","description":"Obt\u00e9n aqu\u00ed\u3010c\u00f3mo dar de baja o cancelar seguro de decesos El Corte Ingles\u3011Modelo carta, fax, correo electr\u00f3nico (email), tel\u00e9fono gratis.","breadcrumb":{"@id":"https:\/\/idecesos.com\/seguros\/companias\/el-corte-ingles\/dar-de-baja\/#breadcrumb"},"inLanguage":"es","potentialAction":[{"@type":"ReadAction","target":["https:\/\/idecesos.com\/seguros\/companias\/el-corte-ingles\/dar-de-baja\/"]}]},{"@type":"BreadcrumbList","@id":"https:\/\/idecesos.com\/seguros\/companias\/el-corte-ingles\/dar-de-baja\/#breadcrumb","itemListElement":[{"@type":"ListItem","position":1,"name":"Portada","item":"https:\/\/idecesos.com\/seguros\/"},{"@type":"ListItem","position":2,"name":"Compa\u00f1\u00edas de Seguros de Decesos en Espa\u00f1a","item":"https:\/\/idecesos.com\/seguros\/companias\/"},{"@type":"ListItem","position":3,"name":"Seguro de decesos El Corte Ingl\u00e9s","item":"https:\/\/idecesos.com\/seguros\/companias\/el-corte-ingles\/"},{"@type":"ListItem","position":4,"name":"\u00bfC\u00f3mo dar de baja seguro El Corte Ingles?"}]},{"@type":"WebSite","@id":"https:\/\/idecesos.com\/seguros\/#website","url":"https:\/\/idecesos.com\/seguros\/","name":"","description":"","potentialAction":[{"@type":"SearchAction","target":{"@type":"EntryPoint","urlTemplate":"https:\/\/idecesos.com\/seguros\/?s={search_term_string}"},"query-input":{"@type":"PropertyValueSpecification","valueRequired":true,"valueName":"search_term_string"}}],"inLanguage":"es"}]}},"_links":{"self":[{"href":"https:\/\/idecesos.com\/seguros\/wp-json\/wp\/v2\/pages\/18064","targetHints":{"allow":["GET"]}}],"collection":[{"href":"https:\/\/idecesos.com\/seguros\/wp-json\/wp\/v2\/pages"}],"about":[{"href":"https:\/\/idecesos.com\/seguros\/wp-json\/wp\/v2\/types\/page"}],"author":[{"embeddable":true,"href":"https:\/\/idecesos.com\/seguros\/wp-json\/wp\/v2\/users\/1"}],"replies":[{"embeddable":true,"href":"https:\/\/idecesos.com\/seguros\/wp-json\/wp\/v2\/comments?post=18064"}],"version-history":[{"count":4,"href":"https:\/\/idecesos.com\/seguros\/wp-json\/wp\/v2\/pages\/18064\/revisions"}],"predecessor-version":[{"id":19052,"href":"https:\/\/idecesos.com\/seguros\/wp-json\/wp\/v2\/pages\/18064\/revisions\/19052"}],"up":[{"embeddable":true,"href":"https:\/\/idecesos.com\/seguros\/wp-json\/wp\/v2\/pages\/332"}],"wp:attachment":[{"href":"https:\/\/idecesos.com\/seguros\/wp-json\/wp\/v2\/media?parent=18064"}],"curies":[{"name":"wp","href":"https:\/\/api.w.org\/{rel}","templated":true}]}}