{"id":18065,"date":"2021-12-29T11:52:45","date_gmt":"2021-12-29T11:45:54","guid":{"rendered":"https:\/\/idecesos.com\/seguros\/companias\/expertia\/dar-de-baja\/"},"modified":"2022-01-26T17:21:36","modified_gmt":"2022-01-26T17:21:36","slug":"dar-de-baja","status":"publish","type":"page","link":"https:\/\/idecesos.com\/seguros\/companias\/expertia\/dar-de-baja\/","title":{"rendered":"\u00bfC\u00f3mo dar de baja seguro Expertia?"},"content":{"rendered":"<div id=\"ez-toc-container\" class=\"ez-toc-v2_0_82_2 ez-toc-wrap-center counter-hierarchy ez-toc-counter ez-toc-custom ez-toc-container-direction\">\n<div class=\"ez-toc-title-container\">\n<p class=\"ez-toc-title\" style=\"cursor:inherit\">Tabla de Contenido<\/p>\n<span class=\"ez-toc-title-toggle\"><a href=\"#\" class=\"ez-toc-pull-right ez-toc-btn ez-toc-btn-xs ez-toc-btn-default ez-toc-toggle\" aria-label=\"Alternar tabla de contenidos\"><span class=\"ez-toc-js-icon-con\"><span class=\"\"><span class=\"eztoc-hide\" style=\"display:none;\">Toggle<\/span><span class=\"ez-toc-icon-toggle-span\"><svg style=\"fill: #db6415;color:#db6415\" xmlns=\"http:\/\/www.w3.org\/2000\/svg\" class=\"list-377408\" width=\"20px\" height=\"20px\" viewBox=\"0 0 24 24\" fill=\"none\"><path d=\"M6 6H4v2h2V6zm14 0H8v2h12V6zM4 11h2v2H4v-2zm16 0H8v2h12v-2zM4 16h2v2H4v-2zm16 0H8v2h12v-2z\" fill=\"currentColor\"><\/path><\/svg><svg style=\"fill: #db6415;color:#db6415\" class=\"arrow-unsorted-368013\" xmlns=\"http:\/\/www.w3.org\/2000\/svg\" width=\"10px\" height=\"10px\" viewBox=\"0 0 24 24\" version=\"1.2\" baseProfile=\"tiny\"><path d=\"M18.2 9.3l-6.2-6.3-6.2 6.3c-.2.2-.3.4-.3.7s.1.5.3.7c.2.2.4.3.7.3h11c.3 0 .5-.1.7-.3.2-.2.3-.5.3-.7s-.1-.5-.3-.7zM5.8 14.7l6.2 6.3 6.2-6.3c.2-.2.3-.5.3-.7s-.1-.5-.3-.7c-.2-.2-.4-.3-.7-.3h-11c-.3 0-.5.1-.7.3-.2.2-.3.5-.3.7s.1.5.3.7z\"\/><\/svg><\/span><\/span><\/span><\/a><\/span><\/div>\n<nav><ul class='ez-toc-list ez-toc-list-level-1 ' ><li class='ez-toc-page-1 ez-toc-heading-level-2'><a class=\"ez-toc-link ez-toc-heading-1\" href=\"https:\/\/idecesos.com\/seguros\/companias\/expertia\/dar-de-baja\/#Diferentes_opciones_para_cancelar_un_contrato_con_Expertia\" >Diferentes opciones para cancelar un contrato con Expertia<\/a><ul class='ez-toc-list-level-3' ><li class='ez-toc-heading-level-3'><a class=\"ez-toc-link ez-toc-heading-2\" href=\"https:\/\/idecesos.com\/seguros\/companias\/expertia\/dar-de-baja\/#A_traves_de_la_web_de_Expertia\" >A trav\u00e9s de la web de Expertia<\/a><\/li><li class='ez-toc-page-1 ez-toc-heading-level-3'><a class=\"ez-toc-link ez-toc-heading-3\" href=\"https:\/\/idecesos.com\/seguros\/companias\/expertia\/dar-de-baja\/#Utilizando_el_correo_electronico_de_Expertia\" >Utilizando el correo electr\u00f3nico de Expertia<\/a><\/li><li class='ez-toc-page-1 ez-toc-heading-level-3'><a class=\"ez-toc-link ez-toc-heading-4\" href=\"https:\/\/idecesos.com\/seguros\/companias\/expertia\/dar-de-baja\/#Dar_de_baja_Expertia_por_fax\" >Dar de baja Expertia por fax<\/a><\/li><li class='ez-toc-page-1 ez-toc-heading-level-3'><a class=\"ez-toc-link ez-toc-heading-5\" href=\"https:\/\/idecesos.com\/seguros\/companias\/expertia\/dar-de-baja\/#En_la_oficina_de_Expertia\" >En la oficina de Expertia<\/a><\/li><li class='ez-toc-page-1 ez-toc-heading-level-3'><a class=\"ez-toc-link ez-toc-heading-6\" href=\"https:\/\/idecesos.com\/seguros\/companias\/expertia\/dar-de-baja\/#Telefono_para_dar_de_baja_Expertia\" >T\u00e9lefono para dar de baja Expertia<\/a><\/li><\/ul><\/li><li class='ez-toc-page-1 ez-toc-heading-level-2'><a class=\"ez-toc-link ez-toc-heading-7\" href=\"https:\/\/idecesos.com\/seguros\/companias\/expertia\/dar-de-baja\/#Dar_de_baja_seguro_Expertia_de_un_fallecido\" >Dar de baja seguro Expertia de un fallecido<\/a><ul class='ez-toc-list-level-3' ><li class='ez-toc-heading-level-3'><a class=\"ez-toc-link ez-toc-heading-8\" href=\"https:\/\/idecesos.com\/seguros\/companias\/expertia\/dar-de-baja\/#Paginas_relacionadas\" >P\u00e1ginas relacionadas<\/a><\/li><\/ul><\/li><\/ul><\/nav><\/div>\n<p> Seguidamente, vamos a comentarte de qu\u00e9 forma puedes dar de baja tu seguro de decesos. Aunque pueda parecer una labor dif\u00edcil, en iDecesos vas a poder hallar la forma m\u00e1s veloz para dar de baja tu seguro de decesos. Ahora le vamos a explicar cu\u00e1les son los pasos que debe continuar y las distintas formas de darse de baja. En unos momentos, podr\u00e1s tener todos y cada uno de los datos detallados para que escojas la mejor manera de dar de baja tu seguro de decesos. Si deseas eludir preocupaciones a tus familiares o bien amigos, te recomendamos tener tu seguro de decesos para que todo quede cubierto en el momento de la defunci\u00f3n. <div class=\"colorf \"  ><div class=\"container clearfix\"><div class=\"col-md-7\"><\/p>\r\n<h2><span class=\"ez-toc-section\" id=\"Diferentes_opciones_para_cancelar_un_contrato_con_Expertia\"><\/span>Diferentes opciones para cancelar un contrato con Expertia<span class=\"ez-toc-section-end\"><\/span><\/h2>\r\n<!-- \/wp:post-content -->\r\n\r\n<!-- wp:paragraph -->\r\n<p>Puede servirte conocer las diferentes opciones de las personas que se dieron de baja en el seguro de fallecimiento. La manera de dar de baja un seguro de decesos es igual en todas las aseguradoras. Ciertas compa\u00f1\u00edas aseguradoras dejan que puedas dar de baja tu seguro de decesos por telef\u00f3no. No obstante, en ocasiones, hay compa\u00f1\u00edas que te solicitar\u00e1n que rellenes y mandes el formulario de cancelaci\u00f3n de forma escrita. Si necesitas ayuda sobre de qu\u00e9 manera puedes cancelar tu seguro de decesos, puedes llamarnos por tel\u00e9fono o bien mandarnos un correo electr\u00f3nico a nuestro correo electr\u00f3nico. <\/div><\/div><\/div><\/p>\r\n<h3><span class=\"ez-toc-section\" id=\"A_traves_de_la_web_de_Expertia\"><\/span>A trav\u00e9s de la web de Expertia<span class=\"ez-toc-section-end\"><\/span><\/h3>\r\n<p>Puedes anular tu seguro de fallecimiento directamente por medio de la compa\u00f1\u00eda del seguro. Tan solo tendr\u00e1 que poner en su buscador la pr\u00f3xima p\u00e1gina web www.expertiaseguros.com\/contactenos\u00a0y poner en su buscador lo que est\u00e1 buscando. Para conseguir la informaci\u00f3n y si no tiene buscador, intenta localizar la secci\u00f3n donde pienses que puede estar tu respuesta. Para dar de baja de manera correcta tu seguro de decesos, deber\u00e1s seguir unos pasos que van desde rellenar el formulario o bien descargar documentos. Si de todas y cada una maneras no encuentra lo que busca, no tiene que preocuparse, p\u00f3ngase en contacto con nosotros a fin de que podamos facilitarle toda la informaci\u00f3n que precisa mediante nuestro n\u00famero 951 127 403 o bien por nuestro e mail info@idecesos. com. Si has rellenado de manera correcta el formulario para dar de baja el seguro, no tardar\u00e1s en percibir un documento donde se te informe de la baja tanto por forma online como por carta. <div class=\"colorf \"  ><div class=\"container clearfix\"><div class=\"col-md-7\"><\/p>\r\n<h3><span class=\"ez-toc-section\" id=\"Utilizando_el_correo_electronico_de_Expertia\"><\/span>Utilizando el correo electr\u00f3nico de Expertia<span class=\"ez-toc-section-end\"><\/span><\/h3>\r\n<p>Puedes contactar con tu empresa aseguradora por e-mail si quieres concluir un contrato de tu seguro de decesos con ellos. Deber\u00e1s enviarles una copia del documento nacional de identidad del asegurado y una notificaci\u00f3n donde se pida el fin del contrato del seguro de decesos firmada con los datos personales. Para evitar posibles problemas con tu empresa aseguradora, te invitamos a guardar una copia sellada y el justificante del recibo. Adem\u00e1s de esto, con lo que pueda pasar, le aconsejamos que guarde una copia de la notificaci\u00f3n del correo con su data de env\u00edo con lo que pueda ocurrir en el futuro. Deber\u00e1s mandar a tu aseguradora tu n\u00famero de p\u00f3liza 30 d\u00edas ya antes del fin del contrato. <\/div><\/div><\/div><\/p>\r\n<h3><span class=\"ez-toc-section\" id=\"Dar_de_baja_Expertia_por_fax\"><\/span>Dar de baja Expertia por fax<span class=\"ez-toc-section-end\"><\/span><\/h3>\r\n<p>Emplear la funci\u00f3n del fax, es otra opci\u00f3n para su baja. Es muy parecida a la opci\u00f3n del e-mail. Deber\u00e1 proseguir los mismos pasos, en vez de digital, enviarlo a trav\u00e9s de fax. Podr\u00e1 encontrar en la web de Expertia o bien llam\u00e1ndonos al 900 20 30 10\u00a0la notificaci\u00f3n que debe enviar, firmada, junto con una imitaci\u00f3n de su documento de identidad. Le recordamos que debe guardar una copia sellada y tener un justificante de su recibo. Guardar una imitaci\u00f3n de su notificaci\u00f3n, en la que aparezca la fecha de env\u00edo, va a ser esencial para eludir futuros inconvenientes. <div class=\"colorf \"  ><div class=\"container clearfix\"><div class=\"col-md-7\"><\/p>\r\n<h3><span class=\"ez-toc-section\" id=\"En_la_oficina_de_Expertia\"><\/span>En la oficina de Expertia<span class=\"ez-toc-section-end\"><\/span><\/h3>\r\n<p>Si quiere ir presencialmente a una oficina de Expertia tambi\u00e9n va a poder darse de baja all\u00ed directamente. Para dirigirse a la oficina m\u00e1s cercana, haga su b\u00fasqueda en Internet y la hallar\u00e1. Los especialistas trabajadores de Expertia le ayudar\u00e1n en todo cuanto necesite respecto a los documentos que debe rellenar y firmar. Solo tendr\u00e1 que ir siguiendo los pasos que le vayan se\u00f1alando. Es muy preciso que no olvide su DNI, para que, cada una parte del proceso, se pueda hacer correctamente. Al finalizar le dar\u00e1n una copia de todo y el agente pasar\u00e1 a gestionarlo todo para darle de baja, de esta forma de simple y r\u00e1pido. <\/div><\/div><\/div><\/p>\r\n<h3><span class=\"ez-toc-section\" id=\"Telefono_para_dar_de_baja_Expertia\"><\/span>T\u00e9lefono para dar de baja Expertia<span class=\"ez-toc-section-end\"><\/span><\/h3>\r\n<p>Otro m\u00e9todo es haciendo una llamada a la compa\u00f1\u00eda. Busque el tel\u00e9fono de Expertia en la red de redes o llame directamente desde aqu\u00ed 900 20 30 10. Va a deber comunicarle al especialista el motivo de su llamada y le se\u00f1alar\u00e1 los pasos que tiene que continuar. Siga cada paso apropiadamente y, en nada de tiempo, el profesional se pondr\u00e1 en contacto para comunicarle la finalizaci\u00f3n de su contrato. iDecesos puede asistirle y aconsejarle para que encuentre un nuevo seguro, que se amolde bien a sus necesidades. <div class=\"colorf \"  ><div class=\"container clearfix\"><div class=\"col-md-7\"><\/p>\r\n<h2><span class=\"ez-toc-section\" id=\"Dar_de_baja_seguro_Expertia_de_un_fallecido\"><\/span>Dar de baja seguro Expertia de un fallecido<span class=\"ez-toc-section-end\"><\/span><\/h2>\r\n<p>Para terminar, le daremos las claves para que, despu\u00e9s del fallecimiento del asegurado, pueda dar de baja su seguro de decesos. Esta, es la manera m\u00e1s f\u00e1cil de anular esta clase de seguro. No deber\u00e1 preocuparse por nada, los expertos se ocupar\u00e1n de todos los tr\u00e1mites. Tras su fallecimiento, su seguro de decesos quedar\u00e1 cancelado, merced a Expertia. Una vez finalizados los servicios del sepelio, los profesionales de Expertia dar\u00e1n de baja el seguro de decesos de la persona fallecida y, los familiares no tendr\u00e1n que preocuparse por nada. <\/div><\/div><\/div> <div class=\"oficinas\"> <h3><span class=\"ez-toc-section\" id=\"Paginas_relacionadas\"><\/span>P\u00e1ginas relacionadas<span class=\"ez-toc-section-end\"><\/span><\/h3><div class=\"enlazado\"><ul> <li><a href=\"https:\/\/idecesos.com\/seguros\/companias\/expertia\/coberturas\/\">Coberturas Seguro de Decesos Expertia<\/a><\/li> <li><a href=\"https:\/\/idecesos.com\/seguros\/companias\/expertia\/opiniones\/\">Opiniones Expertia<\/a><\/li> <li><a href=\"https:\/\/idecesos.com\/seguros\/companias\/expertia\/precio\/\">Precio seguro Expertia<\/a><\/li> <li><a href=\"https:\/\/idecesos.com\/seguros\/companias\/expertia\/prima-mixta\/\">Expertia Prima Mixta<\/a><\/li> <li><a href=\"https:\/\/idecesos.com\/seguros\/companias\/expertia\/prima-natural\/\">Expertia Prima Natural<\/a><\/li> <li><a href=\"https:\/\/idecesos.com\/seguros\/companias\/expertia\/prima-nivelada\/\">Expertia Prima Nivelada<\/a><\/li> <li><a href=\"https:\/\/idecesos.com\/seguros\/companias\/expertia\/prima-unica\/\">Expertia Prima \u00danica<\/a><\/li> <li><a href=\"https:\/\/idecesos.com\/seguros\/companias\/expertia\/repatriacion\/\">Expertia Repatriaci\u00f3n<\/a><\/li> <li><a href=\"https:\/\/idecesos.com\/seguros\/companias\/expertia\/telefono\/\">Tel\u00e9fono Gratuito Expertia<\/a><\/li><\/ul><\/div> <\/div><\/p>","protected":false},"excerpt":{"rendered":"<p>Seguidamente, vamos a comentarte de qu\u00e9 forma puedes dar de baja tu seguro de decesos. Aunque pueda parecer una labor dif\u00edcil, en iDecesos vas a poder hallar la forma m\u00e1s veloz para dar de baja tu seguro de decesos. Ahora le vamos a explicar cu\u00e1les son los pasos que debe continuar y las distintas formas&hellip; <\/p>\n","protected":false},"author":1,"featured_media":0,"parent":356,"menu_order":0,"comment_status":"closed","ping_status":"closed","template":"single.php","meta":{"footnotes":""},"class_list":["post-18065","page","type-page","status-publish","hentry"],"yoast_head":"<!-- This site is optimized with the Yoast SEO plugin v27.3 - https:\/\/yoast.com\/product\/yoast-seo-wordpress\/ -->\n<title>\u00bfC\u00f3mo dar de Baja o Cancelar Seguro de Decesos Expertia?<\/title>\n<meta name=\"description\" content=\"Obt\u00e9n aqu\u00ed\u3010c\u00f3mo dar de baja o cancelar seguro de decesos Expertia\u3011Modelo carta, fax, correo electr\u00f3nico (email), tel\u00e9fono gratis.\" \/>\n<meta name=\"robots\" content=\"index, follow, max-snippet:-1, max-image-preview:large, max-video-preview:-1\" \/>\n<link rel=\"canonical\" href=\"https:\/\/idecesos.com\/seguros\/companias\/expertia\/dar-de-baja\/\" \/>\n<meta property=\"og:locale\" content=\"es_ES\" \/>\n<meta property=\"og:type\" content=\"article\" \/>\n<meta property=\"og:title\" content=\"\u00bfC\u00f3mo dar de Baja o Cancelar Seguro de Decesos Expertia?\" \/>\n<meta property=\"og:description\" content=\"Obt\u00e9n aqu\u00ed\u3010c\u00f3mo dar de baja o cancelar seguro de decesos Expertia\u3011Modelo carta, fax, correo electr\u00f3nico (email), tel\u00e9fono gratis.\" \/>\n<meta property=\"og:url\" content=\"https:\/\/idecesos.com\/seguros\/companias\/expertia\/dar-de-baja\/\" \/>\n<meta property=\"article:modified_time\" content=\"2022-01-26T17:21:36+00:00\" \/>\n<meta name=\"twitter:card\" content=\"summary_large_image\" \/>\n<meta name=\"twitter:label1\" content=\"Tiempo de lectura\" \/>\n\t<meta name=\"twitter:data1\" content=\"15 minutos\" \/>\n<script type=\"application\/ld+json\" class=\"yoast-schema-graph\">{\"@context\":\"https:\\\/\\\/schema.org\",\"@graph\":[{\"@type\":\"WebPage\",\"@id\":\"https:\\\/\\\/idecesos.com\\\/seguros\\\/companias\\\/expertia\\\/dar-de-baja\\\/\",\"url\":\"https:\\\/\\\/idecesos.com\\\/seguros\\\/companias\\\/expertia\\\/dar-de-baja\\\/\",\"name\":\"\u00bfC\u00f3mo dar de Baja o Cancelar Seguro de Decesos Expertia?\",\"isPartOf\":{\"@id\":\"https:\\\/\\\/idecesos.com\\\/seguros\\\/#website\"},\"datePublished\":\"2021-12-29T11:45:54+00:00\",\"dateModified\":\"2022-01-26T17:21:36+00:00\",\"description\":\"Obt\u00e9n aqu\u00ed\u3010c\u00f3mo dar de baja o cancelar seguro de decesos Expertia\u3011Modelo carta, fax, correo electr\u00f3nico (email), tel\u00e9fono gratis.\",\"breadcrumb\":{\"@id\":\"https:\\\/\\\/idecesos.com\\\/seguros\\\/companias\\\/expertia\\\/dar-de-baja\\\/#breadcrumb\"},\"inLanguage\":\"es\",\"potentialAction\":[{\"@type\":\"ReadAction\",\"target\":[\"https:\\\/\\\/idecesos.com\\\/seguros\\\/companias\\\/expertia\\\/dar-de-baja\\\/\"]}]},{\"@type\":\"BreadcrumbList\",\"@id\":\"https:\\\/\\\/idecesos.com\\\/seguros\\\/companias\\\/expertia\\\/dar-de-baja\\\/#breadcrumb\",\"itemListElement\":[{\"@type\":\"ListItem\",\"position\":1,\"name\":\"Portada\",\"item\":\"https:\\\/\\\/idecesos.com\\\/seguros\\\/\"},{\"@type\":\"ListItem\",\"position\":2,\"name\":\"Compa\u00f1\u00edas de Seguros de Decesos en Espa\u00f1a\",\"item\":\"https:\\\/\\\/idecesos.com\\\/seguros\\\/companias\\\/\"},{\"@type\":\"ListItem\",\"position\":3,\"name\":\"Seguro de decesos Expertia\",\"item\":\"https:\\\/\\\/idecesos.com\\\/seguros\\\/companias\\\/expertia\\\/\"},{\"@type\":\"ListItem\",\"position\":4,\"name\":\"\u00bfC\u00f3mo dar de baja seguro Expertia?\"}]},{\"@type\":\"WebSite\",\"@id\":\"https:\\\/\\\/idecesos.com\\\/seguros\\\/#website\",\"url\":\"https:\\\/\\\/idecesos.com\\\/seguros\\\/\",\"name\":\"\",\"description\":\"\",\"potentialAction\":[{\"@type\":\"SearchAction\",\"target\":{\"@type\":\"EntryPoint\",\"urlTemplate\":\"https:\\\/\\\/idecesos.com\\\/seguros\\\/?s={search_term_string}\"},\"query-input\":{\"@type\":\"PropertyValueSpecification\",\"valueRequired\":true,\"valueName\":\"search_term_string\"}}],\"inLanguage\":\"es\"}]}<\/script>\n<!-- \/ Yoast SEO plugin. -->","yoast_head_json":{"title":"\u00bfC\u00f3mo dar de Baja o Cancelar Seguro de Decesos Expertia?","description":"Obt\u00e9n aqu\u00ed\u3010c\u00f3mo dar de baja o cancelar seguro de decesos Expertia\u3011Modelo carta, fax, correo electr\u00f3nico (email), tel\u00e9fono gratis.","robots":{"index":"index","follow":"follow","max-snippet":"max-snippet:-1","max-image-preview":"max-image-preview:large","max-video-preview":"max-video-preview:-1"},"canonical":"https:\/\/idecesos.com\/seguros\/companias\/expertia\/dar-de-baja\/","og_locale":"es_ES","og_type":"article","og_title":"\u00bfC\u00f3mo dar de Baja o Cancelar Seguro de Decesos Expertia?","og_description":"Obt\u00e9n aqu\u00ed\u3010c\u00f3mo dar de baja o cancelar seguro de decesos Expertia\u3011Modelo carta, fax, correo electr\u00f3nico (email), tel\u00e9fono gratis.","og_url":"https:\/\/idecesos.com\/seguros\/companias\/expertia\/dar-de-baja\/","article_modified_time":"2022-01-26T17:21:36+00:00","twitter_card":"summary_large_image","twitter_misc":{"Tiempo de lectura":"15 minutos"},"schema":{"@context":"https:\/\/schema.org","@graph":[{"@type":"WebPage","@id":"https:\/\/idecesos.com\/seguros\/companias\/expertia\/dar-de-baja\/","url":"https:\/\/idecesos.com\/seguros\/companias\/expertia\/dar-de-baja\/","name":"\u00bfC\u00f3mo dar de Baja o Cancelar Seguro de Decesos Expertia?","isPartOf":{"@id":"https:\/\/idecesos.com\/seguros\/#website"},"datePublished":"2021-12-29T11:45:54+00:00","dateModified":"2022-01-26T17:21:36+00:00","description":"Obt\u00e9n aqu\u00ed\u3010c\u00f3mo dar de baja o cancelar seguro de decesos Expertia\u3011Modelo carta, fax, correo electr\u00f3nico (email), tel\u00e9fono gratis.","breadcrumb":{"@id":"https:\/\/idecesos.com\/seguros\/companias\/expertia\/dar-de-baja\/#breadcrumb"},"inLanguage":"es","potentialAction":[{"@type":"ReadAction","target":["https:\/\/idecesos.com\/seguros\/companias\/expertia\/dar-de-baja\/"]}]},{"@type":"BreadcrumbList","@id":"https:\/\/idecesos.com\/seguros\/companias\/expertia\/dar-de-baja\/#breadcrumb","itemListElement":[{"@type":"ListItem","position":1,"name":"Portada","item":"https:\/\/idecesos.com\/seguros\/"},{"@type":"ListItem","position":2,"name":"Compa\u00f1\u00edas de Seguros de Decesos en Espa\u00f1a","item":"https:\/\/idecesos.com\/seguros\/companias\/"},{"@type":"ListItem","position":3,"name":"Seguro de decesos Expertia","item":"https:\/\/idecesos.com\/seguros\/companias\/expertia\/"},{"@type":"ListItem","position":4,"name":"\u00bfC\u00f3mo dar de baja seguro Expertia?"}]},{"@type":"WebSite","@id":"https:\/\/idecesos.com\/seguros\/#website","url":"https:\/\/idecesos.com\/seguros\/","name":"","description":"","potentialAction":[{"@type":"SearchAction","target":{"@type":"EntryPoint","urlTemplate":"https:\/\/idecesos.com\/seguros\/?s={search_term_string}"},"query-input":{"@type":"PropertyValueSpecification","valueRequired":true,"valueName":"search_term_string"}}],"inLanguage":"es"}]}},"_links":{"self":[{"href":"https:\/\/idecesos.com\/seguros\/wp-json\/wp\/v2\/pages\/18065","targetHints":{"allow":["GET"]}}],"collection":[{"href":"https:\/\/idecesos.com\/seguros\/wp-json\/wp\/v2\/pages"}],"about":[{"href":"https:\/\/idecesos.com\/seguros\/wp-json\/wp\/v2\/types\/page"}],"author":[{"embeddable":true,"href":"https:\/\/idecesos.com\/seguros\/wp-json\/wp\/v2\/users\/1"}],"replies":[{"embeddable":true,"href":"https:\/\/idecesos.com\/seguros\/wp-json\/wp\/v2\/comments?post=18065"}],"version-history":[{"count":5,"href":"https:\/\/idecesos.com\/seguros\/wp-json\/wp\/v2\/pages\/18065\/revisions"}],"predecessor-version":[{"id":19051,"href":"https:\/\/idecesos.com\/seguros\/wp-json\/wp\/v2\/pages\/18065\/revisions\/19051"}],"up":[{"embeddable":true,"href":"https:\/\/idecesos.com\/seguros\/wp-json\/wp\/v2\/pages\/356"}],"wp:attachment":[{"href":"https:\/\/idecesos.com\/seguros\/wp-json\/wp\/v2\/media?parent=18065"}],"curies":[{"name":"wp","href":"https:\/\/api.w.org\/{rel}","templated":true}]}}