{"id":18066,"date":"2021-12-29T11:52:45","date_gmt":"2021-12-29T11:45:55","guid":{"rendered":"https:\/\/idecesos.com\/seguros\/companias\/ferrol\/dar-de-baja\/"},"modified":"2021-12-29T11:52:45","modified_gmt":"2021-12-29T11:52:45","slug":"dar-de-baja","status":"publish","type":"page","link":"https:\/\/idecesos.com\/seguros\/companias\/ferrol\/dar-de-baja\/","title":{"rendered":"\u00bfC\u00f3mo dar de baja seguro Ferrol?"},"content":{"rendered":"<div id=\"ez-toc-container\" class=\"ez-toc-v2_0_82_2 ez-toc-wrap-center counter-hierarchy ez-toc-counter ez-toc-custom ez-toc-container-direction\">\n<div class=\"ez-toc-title-container\">\n<p class=\"ez-toc-title\" style=\"cursor:inherit\">Tabla de Contenido<\/p>\n<span class=\"ez-toc-title-toggle\"><a href=\"#\" class=\"ez-toc-pull-right ez-toc-btn ez-toc-btn-xs ez-toc-btn-default ez-toc-toggle\" aria-label=\"Alternar tabla de contenidos\"><span class=\"ez-toc-js-icon-con\"><span class=\"\"><span class=\"eztoc-hide\" style=\"display:none;\">Toggle<\/span><span class=\"ez-toc-icon-toggle-span\"><svg style=\"fill: #db6415;color:#db6415\" xmlns=\"http:\/\/www.w3.org\/2000\/svg\" class=\"list-377408\" width=\"20px\" height=\"20px\" viewBox=\"0 0 24 24\" fill=\"none\"><path d=\"M6 6H4v2h2V6zm14 0H8v2h12V6zM4 11h2v2H4v-2zm16 0H8v2h12v-2zM4 16h2v2H4v-2zm16 0H8v2h12v-2z\" fill=\"currentColor\"><\/path><\/svg><svg style=\"fill: #db6415;color:#db6415\" class=\"arrow-unsorted-368013\" xmlns=\"http:\/\/www.w3.org\/2000\/svg\" width=\"10px\" height=\"10px\" viewBox=\"0 0 24 24\" version=\"1.2\" baseProfile=\"tiny\"><path d=\"M18.2 9.3l-6.2-6.3-6.2 6.3c-.2.2-.3.4-.3.7s.1.5.3.7c.2.2.4.3.7.3h11c.3 0 .5-.1.7-.3.2-.2.3-.5.3-.7s-.1-.5-.3-.7zM5.8 14.7l6.2 6.3 6.2-6.3c.2-.2.3-.5.3-.7s-.1-.5-.3-.7c-.2-.2-.4-.3-.7-.3h-11c-.3 0-.5.1-.7.3-.2.2-.3.5-.3.7s.1.5.3.7z\"\/><\/svg><\/span><\/span><\/span><\/a><\/span><\/div>\n<nav><ul class='ez-toc-list ez-toc-list-level-1 ' ><li class='ez-toc-page-1 ez-toc-heading-level-2'><a class=\"ez-toc-link ez-toc-heading-1\" href=\"https:\/\/idecesos.com\/seguros\/companias\/ferrol\/dar-de-baja\/#Diferentes_opciones_para_cancelar_un_contrato_con_Ferrol\" >Diferentes opciones para cancelar un contrato con Ferrol<\/a><ul class='ez-toc-list-level-3' ><li class='ez-toc-heading-level-3'><a class=\"ez-toc-link ez-toc-heading-2\" href=\"https:\/\/idecesos.com\/seguros\/companias\/ferrol\/dar-de-baja\/#A_traves_de_la_web_de_Ferrol\" >A trav\u00e9s de la web de Ferrol<\/a><\/li><li class='ez-toc-page-1 ez-toc-heading-level-3'><a class=\"ez-toc-link ez-toc-heading-3\" href=\"https:\/\/idecesos.com\/seguros\/companias\/ferrol\/dar-de-baja\/#Utilizando_el_correo_electronico_de_Ferrol\" >Utilizando el correo electr\u00f3nico de Ferrol<\/a><\/li><li class='ez-toc-page-1 ez-toc-heading-level-3'><a class=\"ez-toc-link ez-toc-heading-4\" href=\"https:\/\/idecesos.com\/seguros\/companias\/ferrol\/dar-de-baja\/#Dar_de_baja_Ferrol_por_fax\" >Dar de baja Ferrol por fax<\/a><\/li><li class='ez-toc-page-1 ez-toc-heading-level-3'><a class=\"ez-toc-link ez-toc-heading-5\" href=\"https:\/\/idecesos.com\/seguros\/companias\/ferrol\/dar-de-baja\/#En_la_oficina_de_Ferrol\" >En la oficina de Ferrol<\/a><\/li><li class='ez-toc-page-1 ez-toc-heading-level-3'><a class=\"ez-toc-link ez-toc-heading-6\" href=\"https:\/\/idecesos.com\/seguros\/companias\/ferrol\/dar-de-baja\/#Telefono_para_dar_de_baja_Ferrol\" >T\u00e9lefono para dar de baja Ferrol<\/a><\/li><\/ul><\/li><li class='ez-toc-page-1 ez-toc-heading-level-2'><a class=\"ez-toc-link ez-toc-heading-7\" href=\"https:\/\/idecesos.com\/seguros\/companias\/ferrol\/dar-de-baja\/#Dar_de_baja_seguro_Ferrol_de_un_fallecido\" >Dar de baja seguro Ferrol de un fallecido<\/a><ul class='ez-toc-list-level-3' ><li class='ez-toc-heading-level-3'><a class=\"ez-toc-link ez-toc-heading-8\" href=\"https:\/\/idecesos.com\/seguros\/companias\/ferrol\/dar-de-baja\/#Paginas_relacionadas\" >P\u00e1ginas relacionadas<\/a><\/li><\/ul><\/li><\/ul><\/nav><\/div>\n\r\n\r\nEn este apartado, vamos a mostrarte los pasos para anular tu seguro de fallecimiento. Si piensas que dar de baja el seguro de decesos es complicado, en esta p\u00e1gina vamos a explic\u00e1rtelo de la manera m\u00e1s f\u00e1cil posible. A continuaci\u00f3n, vas a hallar de forma detallada los pasos que tienes hacer y las formas que tienes para darte de baja. Merced a iDecesos, vas a conocer las distintas opciones que tienes para dar de baja tu seguro de decesos. Te recomendamos continuar con tu seguro de decesos en tanto que es clave para que puedas vivir m\u00e1s tranquilo y sin preocupaciones. \r\n<div class=\"colorf \"  ><div class=\"container clearfix\"><div class=\"col-md-7\">\r\n\r\n<h2><span class=\"ez-toc-section\" id=\"Diferentes_opciones_para_cancelar_un_contrato_con_Ferrol\"><\/span>Diferentes opciones para cancelar un contrato con Ferrol<span class=\"ez-toc-section-end\"><\/span><\/h2>\r\n<!-- \/wp:post-content -->\r\n\r\n<!-- wp:paragraph --> En la mayor\u00eda de las compa\u00f1\u00edas de seguros se pide a los clientes del servicio un documento en el que se deje por escrito el deseo de darse de baja del seguro o bien alg\u00fan servicio. Si no sabes de qu\u00e9 documento estamos hablando, puedes llamarnos al tel\u00e9fono 951 127 403 o bien contactar con nosotros en nuestro info@idecesos. com. Como hemos comentado, son diferentes las formas que tienes para dar de baja tu seguro. Una de ellas es a trav\u00e9s de el env\u00edo de una carta certificada con la notificaci\u00f3n de la cancelaci\u00f3n del contrato. Guarde el resguardo del documento y haz una imitaci\u00f3n de este con lo que pueda pasar en un futuro. Si no te convence este m\u00e9todo, puedes usar otras formas para dar de baja tu seguro de decesos en la Ferrol. \r\n\r\n<\/div><\/div><\/div>\r\n\r\n<h3><span class=\"ez-toc-section\" id=\"A_traves_de_la_web_de_Ferrol\"><\/span>A trav\u00e9s de la web de Ferrol<span class=\"ez-toc-section-end\"><\/span><\/h3>\r\n\r\nOtra de las formas m\u00e1s usadas es mediante la p\u00e1gina web de la compa\u00f1\u00eda del seguro. Vas a poder redactar en su buscador la informaci\u00f3n que necesitas saber en <strong>El Ferol<\/strong>. Para lograr la informaci\u00f3n y si no tiene buscador, procura hallar la secci\u00f3n donde pienses que puede estar tu respuesta. Para dar de baja correctamente tu seguro de decesos, deber\u00e1s seguir unos pasos que van desde rellenar el formulario o descargar documentos. Puedes llamarnos al 951 127 403 o mandarnos un e-mail a info@idecesos. com si precisas que te resolvamos otras cuestiones o te demos mayor informaci\u00f3n. Si has logrado localizar el formulario para dar de baja tu seguro de decesos, vas a recibir en unos pocos minutos un documento donde se te notifique que lo has realizado de forma correcta. \r\n\r\n<div class=\"colorf \"  ><div class=\"container clearfix\"><div class=\"col-md-7\">\r\n\r\n<h3><span class=\"ez-toc-section\" id=\"Utilizando_el_correo_electronico_de_Ferrol\"><\/span>Utilizando el correo electr\u00f3nico de Ferrol<span class=\"ez-toc-section-end\"><\/span><\/h3>\r\n\r\nOtro m\u00e9todo para darse de baja del seguro de decesos de Ferrol es a trav\u00e9s de su correo electr\u00f3nico. La direcci\u00f3n de correo de la compa\u00f1\u00eda es la siguiente email Ferrol. Deber\u00e1 enviar lo siguiente: copia de su DNI y, la notificaci\u00f3n adecuadamente firmada con sus datos personales, que podr\u00e1 hallarla en la web de la compa\u00f1\u00eda o bien, poni\u00e9ndose en contacto con nosotros al 951 127 403 o info@idecesos. com. Es preciso que tenga un justificante del recibo y, una copia sellada, para una adecuada ejecuci\u00f3n. Por lo que pueda pasar en un futuro, le aconsejamos que guarde una imitaci\u00f3n de la notificaci\u00f3n con su data de env\u00edo, para quedarse todav\u00eda m\u00e1s tranquilos y no puedan ponerle ninguna queja. \r\n<\/div><\/div><\/div>\r\n\r\n<h3><span class=\"ez-toc-section\" id=\"Dar_de_baja_Ferrol_por_fax\"><\/span>Dar de baja Ferrol por fax<span class=\"ez-toc-section-end\"><\/span><\/h3>\r\n\r\nOtro de los m\u00e9todos para dar de baja tu seguro de decesos es a trav\u00e9s del fax. Para enviar tu petici\u00f3n a trav\u00e9s de el fax, el proceso a proseguir es muy sencillo del mismo modo que el del correo electr\u00f3nico. Mande a Ferrol por medio de esta herramienta una imitaci\u00f3n de su documento nacional de identidad y la notificaci\u00f3n firmada de baja que puede hallar en la p\u00e1gina web de Ferrol. Para conocer d\u00f3nde puedes hallar la notificaci\u00f3n, puedes llamarnos al n\u00famero 951 127 403. Guarda la copia sellada y el justificante del recibo para que no tengas ning\u00fan inconveniente en el futuro. Si quieres evitar problemas, te invitamos a guardar asimismo la copia de la notificaci\u00f3n donde se especifique la data de env\u00edo. \r\n<div class=\"colorf \"  ><div class=\"container clearfix\"><div class=\"col-md-7\">\r\n\r\n\r\n<h3><span class=\"ez-toc-section\" id=\"En_la_oficina_de_Ferrol\"><\/span>En la oficina de Ferrol<span class=\"ez-toc-section-end\"><\/span><\/h3>\r\n\r\nSi deseas que los agentes de tu compa\u00f1\u00eda te aconsejen, deber\u00e1s acudir a la oficina de tu compa\u00f1\u00eda para realizar los tr\u00e1mites de la baja del seguro de decesos. Vas a deber presentar un documento dejando constancia de tu deseo de anular tu seguro de decesos en la oficina. No olvides llevar una copia de tu documento de identidad. Con este sellado Ferrol corrobora que est\u00e1 al corriente de todos los recibos para pedir la baja con correcci\u00f3n, esto con respecto a la manera. En la fecha debe exponerse que el contrato fue anulado un mes antes del fin del contrato. \r\n<\/div><\/div><\/div>\r\n\r\n<h3><span class=\"ez-toc-section\" id=\"Telefono_para_dar_de_baja_Ferrol\"><\/span>T\u00e9lefono para dar de baja Ferrol<span class=\"ez-toc-section-end\"><\/span><\/h3>\r\n\r\nOtro de los m\u00e9todos es a trav\u00e9s de una llamada telef\u00f3nica a la compa\u00f1\u00eda. Puede buscar su tel\u00e9fono en Internet o bien, llamando al <strong>Tel\u00e9fono Ferrol<\/strong>. En el momento en que le atiendan, ind\u00edquelo al profesional el motivo de su llamada y, este, le dir\u00e1 qu\u00e9 debe hacer. Siga cada paso correctamente y, en nada de tiempo, el profesional se pondr\u00e1 en contacto para comunicarle la finalizaci\u00f3n de su contrato. Con iDecesos va a poder encontrar un nuevo seguro que se adapte a sus necesidades, comparando todas las opciones posibles. \r\n\r\n<div class=\"colorf \"  ><div class=\"container clearfix\"><div class=\"col-md-7\">\r\n<h2><span class=\"ez-toc-section\" id=\"Dar_de_baja_seguro_Ferrol_de_un_fallecido\"><\/span>Dar de baja seguro Ferrol de un fallecido<span class=\"ez-toc-section-end\"><\/span><\/h2>\r\n\r\nPara acabar, le vamos a dar las claves a fin de que, tras el fallecimiento del asegurado, pueda dar de baja su seguro de decesos. Esta, es la manera m\u00e1s f\u00e1cil de cancelar el contrato de un seguro de estas caracter\u00edsticas. No tienes que preocuparte por nada ni hacer ninguno de los tr\u00e1mites que hemos explicado anteriormente, no debe hacer nada. Tras su fallecimiento, su seguro de decesos quedar\u00e1 anulado, merced a Ferrol. Tras la prestaci\u00f3n del servicio del sepelio, Ferrol se va a hacer cargo de dar de baja el seguro de decesos del fallecido y, no tendr\u00e1 que preocuparse por nada. \r\n\r\n<\/div><\/div><\/div> \r\n<div class=\"oficinas\">\r\n<h3><span class=\"ez-toc-section\" id=\"Paginas_relacionadas\"><\/span>P\u00e1ginas relacionadas<span class=\"ez-toc-section-end\"><\/span><\/h3><div class=\"enlazado\"><ul> <li><a href=\"https:\/\/idecesos.com\/seguros\/companias\/ferrol\/opiniones\/\">Opiniones Ferrol<\/a><\/li> <li><a href=\"https:\/\/idecesos.com\/seguros\/companias\/ferrol\/precio\/\">Precio seguro Ferrol<\/a><\/li> <li><a href=\"https:\/\/idecesos.com\/seguros\/companias\/ferrol\/prima-mixta\/\">Ferrol Prima Mixta<\/a><\/li> <li><a href=\"https:\/\/idecesos.com\/seguros\/companias\/ferrol\/prima-natural\/\">Ferrol Prima Natural<\/a><\/li> <li><a href=\"https:\/\/idecesos.com\/seguros\/companias\/ferrol\/prima-nivelada\/\">Ferrol Prima Nivelada<\/a><\/li> <li><a href=\"https:\/\/idecesos.com\/seguros\/companias\/ferrol\/prima-unica\/\">Ferrol Prima \u00danica<\/a><\/li> <li><a href=\"https:\/\/idecesos.com\/seguros\/companias\/ferrol\/repatriacion\/\">Ferrol Repatriaci\u00f3n<\/a><\/li> <li><a href=\"https:\/\/idecesos.com\/seguros\/companias\/ferrol\/telefono\/\">Tel\u00e9fono Gratuito Ferrol<\/a><\/li><\/ul><\/div>\r\n\r\n<\/div>\r\n\r\n","protected":false},"excerpt":{"rendered":"<p>En este apartado, vamos a mostrarte los pasos para anular tu seguro de fallecimiento. Si piensas que dar de baja el seguro de decesos es complicado, en esta p\u00e1gina vamos a explic\u00e1rtelo de la manera m\u00e1s f\u00e1cil posible. A continuaci\u00f3n, vas a hallar de forma detallada los pasos que tienes hacer y las formas que&hellip; <\/p>\n","protected":false},"author":0,"featured_media":0,"parent":364,"menu_order":0,"comment_status":"closed","ping_status":"closed","template":"single.php","meta":{"footnotes":""},"class_list":["post-18066","page","type-page","status-publish","hentry"],"yoast_head":"<!-- This site is optimized with the Yoast SEO plugin v27.3 - https:\/\/yoast.com\/product\/yoast-seo-wordpress\/ -->\n<title>\u00bfC\u00f3mo dar de Baja o Cancelar Seguro de Decesos Ferrol?<\/title>\n<meta name=\"description\" content=\"Obt\u00e9n aqu\u00ed\u3010c\u00f3mo dar de baja o cancelar seguro de decesos Ferrol\u3011Modelo carta, fax, correo electr\u00f3nico (email), tel\u00e9fono gratis.\" \/>\n<meta name=\"robots\" content=\"index, follow, max-snippet:-1, max-image-preview:large, max-video-preview:-1\" \/>\n<link rel=\"canonical\" href=\"https:\/\/idecesos.com\/seguros\/companias\/ferrol\/dar-de-baja\/\" \/>\n<meta property=\"og:locale\" content=\"es_ES\" \/>\n<meta property=\"og:type\" content=\"article\" \/>\n<meta property=\"og:title\" content=\"\u00bfC\u00f3mo dar de Baja o Cancelar Seguro de Decesos Ferrol?\" \/>\n<meta property=\"og:description\" content=\"Obt\u00e9n aqu\u00ed\u3010c\u00f3mo dar de baja o cancelar seguro de decesos Ferrol\u3011Modelo carta, fax, correo electr\u00f3nico (email), tel\u00e9fono gratis.\" \/>\n<meta property=\"og:url\" content=\"https:\/\/idecesos.com\/seguros\/companias\/ferrol\/dar-de-baja\/\" \/>\n<meta property=\"article:modified_time\" content=\"2021-12-29T11:52:45+00:00\" \/>\n<meta name=\"twitter:card\" content=\"summary_large_image\" \/>\n<meta name=\"twitter:label1\" content=\"Tiempo de lectura\" \/>\n\t<meta name=\"twitter:data1\" content=\"15 minutos\" \/>\n<script type=\"application\/ld+json\" class=\"yoast-schema-graph\">{\"@context\":\"https:\\\/\\\/schema.org\",\"@graph\":[{\"@type\":\"WebPage\",\"@id\":\"https:\\\/\\\/idecesos.com\\\/seguros\\\/companias\\\/ferrol\\\/dar-de-baja\\\/\",\"url\":\"https:\\\/\\\/idecesos.com\\\/seguros\\\/companias\\\/ferrol\\\/dar-de-baja\\\/\",\"name\":\"\u00bfC\u00f3mo dar de Baja o Cancelar Seguro de Decesos Ferrol?\",\"isPartOf\":{\"@id\":\"https:\\\/\\\/idecesos.com\\\/seguros\\\/#website\"},\"datePublished\":\"2021-12-29T11:45:55+00:00\",\"dateModified\":\"2021-12-29T11:52:45+00:00\",\"description\":\"Obt\u00e9n aqu\u00ed\u3010c\u00f3mo dar de baja o cancelar seguro de decesos Ferrol\u3011Modelo carta, fax, correo electr\u00f3nico (email), tel\u00e9fono gratis.\",\"breadcrumb\":{\"@id\":\"https:\\\/\\\/idecesos.com\\\/seguros\\\/companias\\\/ferrol\\\/dar-de-baja\\\/#breadcrumb\"},\"inLanguage\":\"es\",\"potentialAction\":[{\"@type\":\"ReadAction\",\"target\":[\"https:\\\/\\\/idecesos.com\\\/seguros\\\/companias\\\/ferrol\\\/dar-de-baja\\\/\"]}]},{\"@type\":\"BreadcrumbList\",\"@id\":\"https:\\\/\\\/idecesos.com\\\/seguros\\\/companias\\\/ferrol\\\/dar-de-baja\\\/#breadcrumb\",\"itemListElement\":[{\"@type\":\"ListItem\",\"position\":1,\"name\":\"Portada\",\"item\":\"https:\\\/\\\/idecesos.com\\\/seguros\\\/\"},{\"@type\":\"ListItem\",\"position\":2,\"name\":\"Compa\u00f1\u00edas de Seguros de Decesos en Espa\u00f1a\",\"item\":\"https:\\\/\\\/idecesos.com\\\/seguros\\\/companias\\\/\"},{\"@type\":\"ListItem\",\"position\":3,\"name\":\"Seguro de decesos Ferrol\",\"item\":\"https:\\\/\\\/idecesos.com\\\/seguros\\\/companias\\\/ferrol\\\/\"},{\"@type\":\"ListItem\",\"position\":4,\"name\":\"\u00bfC\u00f3mo dar de baja seguro Ferrol?\"}]},{\"@type\":\"WebSite\",\"@id\":\"https:\\\/\\\/idecesos.com\\\/seguros\\\/#website\",\"url\":\"https:\\\/\\\/idecesos.com\\\/seguros\\\/\",\"name\":\"\",\"description\":\"\",\"potentialAction\":[{\"@type\":\"SearchAction\",\"target\":{\"@type\":\"EntryPoint\",\"urlTemplate\":\"https:\\\/\\\/idecesos.com\\\/seguros\\\/?s={search_term_string}\"},\"query-input\":{\"@type\":\"PropertyValueSpecification\",\"valueRequired\":true,\"valueName\":\"search_term_string\"}}],\"inLanguage\":\"es\"}]}<\/script>\n<!-- \/ Yoast SEO plugin. -->","yoast_head_json":{"title":"\u00bfC\u00f3mo dar de Baja o Cancelar Seguro de Decesos Ferrol?","description":"Obt\u00e9n aqu\u00ed\u3010c\u00f3mo dar de baja o cancelar seguro de decesos Ferrol\u3011Modelo carta, fax, correo electr\u00f3nico (email), tel\u00e9fono gratis.","robots":{"index":"index","follow":"follow","max-snippet":"max-snippet:-1","max-image-preview":"max-image-preview:large","max-video-preview":"max-video-preview:-1"},"canonical":"https:\/\/idecesos.com\/seguros\/companias\/ferrol\/dar-de-baja\/","og_locale":"es_ES","og_type":"article","og_title":"\u00bfC\u00f3mo dar de Baja o Cancelar Seguro de Decesos Ferrol?","og_description":"Obt\u00e9n aqu\u00ed\u3010c\u00f3mo dar de baja o cancelar seguro de decesos Ferrol\u3011Modelo carta, fax, correo electr\u00f3nico (email), tel\u00e9fono gratis.","og_url":"https:\/\/idecesos.com\/seguros\/companias\/ferrol\/dar-de-baja\/","article_modified_time":"2021-12-29T11:52:45+00:00","twitter_card":"summary_large_image","twitter_misc":{"Tiempo de lectura":"15 minutos"},"schema":{"@context":"https:\/\/schema.org","@graph":[{"@type":"WebPage","@id":"https:\/\/idecesos.com\/seguros\/companias\/ferrol\/dar-de-baja\/","url":"https:\/\/idecesos.com\/seguros\/companias\/ferrol\/dar-de-baja\/","name":"\u00bfC\u00f3mo dar de Baja o Cancelar Seguro de Decesos Ferrol?","isPartOf":{"@id":"https:\/\/idecesos.com\/seguros\/#website"},"datePublished":"2021-12-29T11:45:55+00:00","dateModified":"2021-12-29T11:52:45+00:00","description":"Obt\u00e9n aqu\u00ed\u3010c\u00f3mo dar de baja o cancelar seguro de decesos Ferrol\u3011Modelo carta, fax, correo electr\u00f3nico (email), tel\u00e9fono gratis.","breadcrumb":{"@id":"https:\/\/idecesos.com\/seguros\/companias\/ferrol\/dar-de-baja\/#breadcrumb"},"inLanguage":"es","potentialAction":[{"@type":"ReadAction","target":["https:\/\/idecesos.com\/seguros\/companias\/ferrol\/dar-de-baja\/"]}]},{"@type":"BreadcrumbList","@id":"https:\/\/idecesos.com\/seguros\/companias\/ferrol\/dar-de-baja\/#breadcrumb","itemListElement":[{"@type":"ListItem","position":1,"name":"Portada","item":"https:\/\/idecesos.com\/seguros\/"},{"@type":"ListItem","position":2,"name":"Compa\u00f1\u00edas de Seguros de Decesos en Espa\u00f1a","item":"https:\/\/idecesos.com\/seguros\/companias\/"},{"@type":"ListItem","position":3,"name":"Seguro de decesos Ferrol","item":"https:\/\/idecesos.com\/seguros\/companias\/ferrol\/"},{"@type":"ListItem","position":4,"name":"\u00bfC\u00f3mo dar de baja seguro Ferrol?"}]},{"@type":"WebSite","@id":"https:\/\/idecesos.com\/seguros\/#website","url":"https:\/\/idecesos.com\/seguros\/","name":"","description":"","potentialAction":[{"@type":"SearchAction","target":{"@type":"EntryPoint","urlTemplate":"https:\/\/idecesos.com\/seguros\/?s={search_term_string}"},"query-input":{"@type":"PropertyValueSpecification","valueRequired":true,"valueName":"search_term_string"}}],"inLanguage":"es"}]}},"_links":{"self":[{"href":"https:\/\/idecesos.com\/seguros\/wp-json\/wp\/v2\/pages\/18066","targetHints":{"allow":["GET"]}}],"collection":[{"href":"https:\/\/idecesos.com\/seguros\/wp-json\/wp\/v2\/pages"}],"about":[{"href":"https:\/\/idecesos.com\/seguros\/wp-json\/wp\/v2\/types\/page"}],"replies":[{"embeddable":true,"href":"https:\/\/idecesos.com\/seguros\/wp-json\/wp\/v2\/comments?post=18066"}],"version-history":[{"count":3,"href":"https:\/\/idecesos.com\/seguros\/wp-json\/wp\/v2\/pages\/18066\/revisions"}],"predecessor-version":[{"id":18170,"href":"https:\/\/idecesos.com\/seguros\/wp-json\/wp\/v2\/pages\/18066\/revisions\/18170"}],"up":[{"embeddable":true,"href":"https:\/\/idecesos.com\/seguros\/wp-json\/wp\/v2\/pages\/364"}],"wp:attachment":[{"href":"https:\/\/idecesos.com\/seguros\/wp-json\/wp\/v2\/media?parent=18066"}],"curies":[{"name":"wp","href":"https:\/\/api.w.org\/{rel}","templated":true}]}}