{"id":18067,"date":"2021-12-29T11:52:46","date_gmt":"2021-12-29T11:45:56","guid":{"rendered":"https:\/\/idecesos.com\/seguros\/companias\/ibercaja\/dar-de-baja\/"},"modified":"2022-01-26T16:52:01","modified_gmt":"2022-01-26T16:52:01","slug":"dar-de-baja","status":"publish","type":"page","link":"https:\/\/idecesos.com\/seguros\/companias\/ibercaja\/dar-de-baja\/","title":{"rendered":"\u00bfC\u00f3mo dar de baja seguro Ibercaja?"},"content":{"rendered":"<div id=\"ez-toc-container\" class=\"ez-toc-v2_0_82_2 ez-toc-wrap-center counter-hierarchy ez-toc-counter ez-toc-custom ez-toc-container-direction\">\n<div class=\"ez-toc-title-container\">\n<p class=\"ez-toc-title\" style=\"cursor:inherit\">Tabla de Contenido<\/p>\n<span class=\"ez-toc-title-toggle\"><a href=\"#\" class=\"ez-toc-pull-right ez-toc-btn ez-toc-btn-xs ez-toc-btn-default ez-toc-toggle\" aria-label=\"Alternar tabla de contenidos\"><span class=\"ez-toc-js-icon-con\"><span class=\"\"><span class=\"eztoc-hide\" style=\"display:none;\">Toggle<\/span><span class=\"ez-toc-icon-toggle-span\"><svg style=\"fill: #db6415;color:#db6415\" xmlns=\"http:\/\/www.w3.org\/2000\/svg\" class=\"list-377408\" width=\"20px\" height=\"20px\" viewBox=\"0 0 24 24\" fill=\"none\"><path d=\"M6 6H4v2h2V6zm14 0H8v2h12V6zM4 11h2v2H4v-2zm16 0H8v2h12v-2zM4 16h2v2H4v-2zm16 0H8v2h12v-2z\" fill=\"currentColor\"><\/path><\/svg><svg style=\"fill: #db6415;color:#db6415\" class=\"arrow-unsorted-368013\" xmlns=\"http:\/\/www.w3.org\/2000\/svg\" width=\"10px\" height=\"10px\" viewBox=\"0 0 24 24\" version=\"1.2\" baseProfile=\"tiny\"><path d=\"M18.2 9.3l-6.2-6.3-6.2 6.3c-.2.2-.3.4-.3.7s.1.5.3.7c.2.2.4.3.7.3h11c.3 0 .5-.1.7-.3.2-.2.3-.5.3-.7s-.1-.5-.3-.7zM5.8 14.7l6.2 6.3 6.2-6.3c.2-.2.3-.5.3-.7s-.1-.5-.3-.7c-.2-.2-.4-.3-.7-.3h-11c-.3 0-.5.1-.7.3-.2.2-.3.5-.3.7s.1.5.3.7z\"\/><\/svg><\/span><\/span><\/span><\/a><\/span><\/div>\n<nav><ul class='ez-toc-list ez-toc-list-level-1 ' ><li class='ez-toc-page-1 ez-toc-heading-level-2'><a class=\"ez-toc-link ez-toc-heading-1\" href=\"https:\/\/idecesos.com\/seguros\/companias\/ibercaja\/dar-de-baja\/#Diferentes_opciones_para_cancelar_un_contrato_con_Ibercaja\" >Diferentes opciones para cancelar un contrato con Ibercaja<\/a><ul class='ez-toc-list-level-3' ><li class='ez-toc-heading-level-3'><a class=\"ez-toc-link ez-toc-heading-2\" href=\"https:\/\/idecesos.com\/seguros\/companias\/ibercaja\/dar-de-baja\/#A_traves_de_la_web_de_Ibercaja\" >A trav\u00e9s de la web de Ibercaja<\/a><\/li><li class='ez-toc-page-1 ez-toc-heading-level-3'><a class=\"ez-toc-link ez-toc-heading-3\" href=\"https:\/\/idecesos.com\/seguros\/companias\/ibercaja\/dar-de-baja\/#Utilizando_el_correo_electronico_de_Ibercaja\" >Utilizando el correo electr\u00f3nico de Ibercaja<\/a><\/li><li class='ez-toc-page-1 ez-toc-heading-level-3'><a class=\"ez-toc-link ez-toc-heading-4\" href=\"https:\/\/idecesos.com\/seguros\/companias\/ibercaja\/dar-de-baja\/#Dar_de_baja_Ibercaja_por_fax\" >Dar de baja Ibercaja por fax<\/a><\/li><li class='ez-toc-page-1 ez-toc-heading-level-3'><a class=\"ez-toc-link ez-toc-heading-5\" href=\"https:\/\/idecesos.com\/seguros\/companias\/ibercaja\/dar-de-baja\/#En_la_oficina_de_Ibercaja\" >En la oficina de Ibercaja<\/a><\/li><li class='ez-toc-page-1 ez-toc-heading-level-3'><a class=\"ez-toc-link ez-toc-heading-6\" href=\"https:\/\/idecesos.com\/seguros\/companias\/ibercaja\/dar-de-baja\/#Telefono_para_dar_de_baja_Ibercaja\" >T\u00e9lefono para dar de baja Ibercaja<\/a><\/li><\/ul><\/li><li class='ez-toc-page-1 ez-toc-heading-level-2'><a class=\"ez-toc-link ez-toc-heading-7\" href=\"https:\/\/idecesos.com\/seguros\/companias\/ibercaja\/dar-de-baja\/#Dar_de_baja_seguro_Ibercaja_de_un_fallecido\" >Dar de baja seguro Ibercaja de un fallecido<\/a><ul class='ez-toc-list-level-3' ><li class='ez-toc-heading-level-3'><a class=\"ez-toc-link ez-toc-heading-8\" href=\"https:\/\/idecesos.com\/seguros\/companias\/ibercaja\/dar-de-baja\/#Paginas_relacionadas\" >P\u00e1ginas relacionadas<\/a><\/li><\/ul><\/li><\/ul><\/nav><\/div>\n<p> Dar de baja un seguro de decesos puede parecer algo complejo, mas no se preocupe, ahora, le mostraremos los pasos que debe proseguir. iDecesos te va a mostrar todos sus conocimientos para dar de baja su seguro de decesos. En tan solo dos minutos ya va a tener todo solucionado y va a poder buscar una nueva opci\u00f3n alternativa si as\u00ed lo desea puesto que te recomendamos que no se quede sin un seguro de decesos ya que la tranquilidad que este te brinda le ser\u00e1 muy rentable a sus familiares en el momento que ocurra alg\u00fan imprevisto. Le recordamos que es muy importante que para dar de baja su seguro de decesos debe avisar a Ibercaja por lo menos treinta d\u00edas ya antes de la fecha de renovaci\u00f3n de su seguro para que de esta forma no tenga ning\u00fan problema m\u00e1s adelante al procurar efectuarlo. <div class=\"colorf \"  ><div class=\"container clearfix\"><div class=\"col-md-7\"><\/p>\r\n<h2><span class=\"ez-toc-section\" id=\"Diferentes_opciones_para_cancelar_un_contrato_con_Ibercaja\"><\/span>Diferentes opciones para cancelar un contrato con Ibercaja<span class=\"ez-toc-section-end\"><\/span><\/h2>\r\n<!-- \/wp:post-content -->\r\n\r\n<!-- wp:paragraph -->\r\n<p>Puede servirte conocer las diferentes opciones de las personas que se dieron de baja en el seguro de fallecimiento. Recuerde que el proceso de darse de baja es el mismo para todos los seguros de decesos, ac\u00e1 le mostramos otras alternativas sobre de qu\u00e9 forma darse de baja del seguro de decesos de Ibercaja. Algunas personas tienen m\u00e1s suerte y puede que resulte posible anular su seguro de decesos por tel\u00e9fono, no obstante, para que la operadora de la compa\u00f1\u00eda de seguro de decesos le pueda dar de baja de sus servicios, le va a pedir que le mande el formulario de cancelaci\u00f3n en formato impreso, de lo contrario, usted va a perder su tiempo por tel\u00e9fono con un operador que le dir\u00e1 que usted debe enviar el formulario de cancelaci\u00f3n impresa. Si necesitas ayuda sobre c\u00f3mo puedes cancelar tu seguro de decesos, puedes llamarnos por tel\u00e9fono o bien mandarnos un correo electr\u00f3nico a nuestro correo electr\u00f3nico. <\/div><\/div><\/div><\/p>\r\n<h3><span class=\"ez-toc-section\" id=\"A_traves_de_la_web_de_Ibercaja\"><\/span>A trav\u00e9s de la web de Ibercaja<span class=\"ez-toc-section-end\"><\/span><\/h3>\r\n<p>Un m\u00e9todo alternativo para dar de baja su seguro en Ibercaja es mediante su web www.ibercaja.es\/. Ser\u00e1 tan f\u00e1cil como entrar en la secci\u00f3n de bajas o bien, poner en el buscador de la web lo que quieras saber. Despu\u00e9s prosiga los pasos que le indican y podr\u00e1 darse de baja de sus servicios, o rellenando el formulario que le se\u00f1alan o bien baj\u00e1ndose el documento que Ibercaja le da. Si durante el proceso, sucede alg\u00fan inconveniente o inconveniente, llame al 900 10 25 10 o bien mande un mensaje al siguiente mail email Ibercaja de la compa\u00f1\u00eda. En el caso contrario, si todo va bien, poco tiempo vas a recibir un correo electr\u00f3nico de la compa\u00f1\u00eda inform\u00e1ndole de que, su baja, ha sido completada de forma exitosa. <div class=\"colorf \"  ><div class=\"container clearfix\"><div class=\"col-md-7\"><\/p>\r\n<h3><span class=\"ez-toc-section\" id=\"Utilizando_el_correo_electronico_de_Ibercaja\"><\/span>Utilizando el correo electr\u00f3nico de Ibercaja<span class=\"ez-toc-section-end\"><\/span><\/h3>\r\n<p>Si quiere finalizar su seguro de decesos Ibercaja y siente que no le ofrece las mejores condiciones, puede hacerlo a trav\u00e9s de su mail. A fin de que la aseguradora pueda dar de baja tu seguro de decesos deber\u00e1s hacerles llegar una imitaci\u00f3n de tu documento de identidad y el documento firmado con tus datos personales pidiendo la baja. Para evitar posibles inconvenientes con tu empresa de seguros, te recomendamos guardar una copia sellada y el justificante del recibo. Adem\u00e1s de esto, con lo que pueda pasar, le aconsejamos que guarde una imitaci\u00f3n de la notificaci\u00f3n del correo con su data de env\u00edo por lo que pueda acontecer en el futuro. De este modo siempre haber enviado la solicitud al correo electr\u00f3nico de Ibercaja con su n\u00famero de p\u00f3liza de seguro de decesos con un m\u00ednimo de 30 d\u00edas hasta la data de vencimiento del contrato. <\/div><\/div><\/div><\/p>\r\n<h3><span class=\"ez-toc-section\" id=\"Dar_de_baja_Ibercaja_por_fax\"><\/span>Dar de baja Ibercaja por fax<span class=\"ez-toc-section-end\"><\/span><\/h3>\r\n<p>Puedes pedir la baja de tu seguro de decesos a trav\u00e9s del fax de una manera sencilla y veloz con tan solo mandar los datos personales y tu n\u00famero de p\u00f3liza. Con un mes de antelaci\u00f3n que se cancele su contrato a vencimiento para que no se le pase el recibo de Ibercaja referente a su p\u00f3liza de decesos y deber\u00e1s anexar en el mismo folio las 2 caras del DNI a fin de que sea eficaz y legal. Todos y cada uno de los datos deber\u00e1 ser mandada al n\u00famero del fax de tu aseguradora. No pierdas ning\u00fan documento por si en un futuro tu compa\u00f1\u00eda aseguradora te lo solicitase. <div class=\"colorf \"  ><div class=\"container clearfix\"><div class=\"col-md-7\"><\/p>\r\n<h3><span class=\"ez-toc-section\" id=\"En_la_oficina_de_Ibercaja\"><\/span>En la oficina de Ibercaja<span class=\"ez-toc-section-end\"><\/span><\/h3>\r\n<p>En la oficina de tu seguro de decesos Ibercaja darse de baja, ser\u00e1 considerablemente m\u00e1s comprometedor y sus empleados le har\u00e1n todas y cada una de las t\u00e9cnicas comerciales posibles para su retenci\u00f3n como usuario. Si tienes claro de que deseas anular tu seguro de decesos, tendr\u00e1s que dejarlo por escrito adjuntando una imitaci\u00f3n de tu documento nacional de identidad. En la oficina te aplicar\u00e1n un sello con la fecha del d\u00eda. En el momento en que te ponen el sello, se entiende que todos y cada uno de los recibos entregados se han realizado correctamente. Para poder realizar esta baja debe haberse realizado un mes ya antes del vencimiento del contrato. <\/div><\/div><\/div><\/p>\r\n<h3><span class=\"ez-toc-section\" id=\"Telefono_para_dar_de_baja_Ibercaja\"><\/span>T\u00e9lefono para dar de baja Ibercaja<span class=\"ez-toc-section-end\"><\/span><\/h3>\r\n<p>Tambi\u00e9n va a poder darse de baja a trav\u00e9s de una llamada telef\u00f3nica. Busque el tel\u00e9fono de Ibercaja en internet o bien llame de manera directa desde aqu\u00ed 900 10 25 10. Va a deber comunicarle al especialista el por qu\u00e9 de su llamada y le indicar\u00e1 los pasos que debe continuar. Siguiendo los pasos indicados, lo va a tener todo solucionado r\u00e1pidamente y, el experto, se encargar\u00e1 de dar fin a su seguro de decesos. iDecesos puede ayudarle y aconsejarle para que encuentre un nuevo seguro, que se amolde bien a sus necesidades. <div class=\"colorf \"  ><div class=\"container clearfix\"><div class=\"col-md-7\"><\/p>\r\n<h2><span class=\"ez-toc-section\" id=\"Dar_de_baja_seguro_Ibercaja_de_un_fallecido\"><\/span>Dar de baja seguro Ibercaja de un fallecido<span class=\"ez-toc-section-end\"><\/span><\/h2>\r\n<p>Por \u00faltimo, le indicamos c\u00f3mo dar de baja el seguro en el caso de fallecimiento del cliente del servicio. Semeja algo complejo puesto que el contratante del seguro ya no se encuentra con nosotros mas es la forma m\u00e1s f\u00e1cil de cancelar un seguro de decesos. No debe preocuparse por los tr\u00e1mites ya mentados. Ibercaja es la responsable de cancelar su seguro de decesos autom\u00e1ticamente tras la muerte de su asegurado. Para la calma de sus familiares, cuando ocurra el fallecimiento del ser querido, la compa\u00f1\u00eda se va a hacer cargo de todos y cada uno de los tr\u00e1mites necesarios. <\/div><\/div><\/div> <div class=\"oficinas\"> <h3><span class=\"ez-toc-section\" id=\"Paginas_relacionadas\"><\/span>P\u00e1ginas relacionadas<span class=\"ez-toc-section-end\"><\/span><\/h3><div class=\"enlazado\"><ul> <li><a href=\"https:\/\/idecesos.com\/seguros\/companias\/ibercaja\/opiniones\/\">Opiniones Ibercaja<\/a><\/li> <li><a href=\"https:\/\/idecesos.com\/seguros\/companias\/ibercaja\/precio\/\">Precio seguro Ibercaja<\/a><\/li> <li><a href=\"https:\/\/idecesos.com\/seguros\/companias\/ibercaja\/prima-mixta\/\">Ibercaja Prima Mixta<\/a><\/li> <li><a href=\"https:\/\/idecesos.com\/seguros\/companias\/ibercaja\/prima-natural\/\">Ibercaja Prima Natural<\/a><\/li> <li><a href=\"https:\/\/idecesos.com\/seguros\/companias\/ibercaja\/prima-nivelada\/\">Ibercaja Prima Nivelada<\/a><\/li> <li><a href=\"https:\/\/idecesos.com\/seguros\/companias\/ibercaja\/prima-unica\/\">Ibercaja Prima \u00danica<\/a><\/li> <li><a href=\"https:\/\/idecesos.com\/seguros\/companias\/ibercaja\/repatriacion\/\">Ibercaja Repatriaci\u00f3n<\/a><\/li> <li><a href=\"https:\/\/idecesos.com\/seguros\/companias\/ibercaja\/telefono\/\">Tel\u00e9fono Gratuito Ibercaja<\/a><\/li><\/ul><\/div> <\/div><\/p>","protected":false},"excerpt":{"rendered":"<p>Dar de baja un seguro de decesos puede parecer algo complejo, mas no se preocupe, ahora, le mostraremos los pasos que debe proseguir. iDecesos te va a mostrar todos sus conocimientos para dar de baja su seguro de decesos. En tan solo dos minutos ya va a tener todo solucionado y va a poder buscar&hellip; <\/p>\n","protected":false},"author":1,"featured_media":0,"parent":367,"menu_order":0,"comment_status":"closed","ping_status":"closed","template":"single.php","meta":{"footnotes":""},"class_list":["post-18067","page","type-page","status-publish","hentry"],"yoast_head":"<!-- This site is optimized with the Yoast SEO plugin v27.3 - https:\/\/yoast.com\/product\/yoast-seo-wordpress\/ -->\n<title>\u00bfC\u00f3mo dar de Baja o Cancelar Seguro de Decesos Ibercaja?<\/title>\n<meta name=\"description\" content=\"Obt\u00e9n aqu\u00ed\u3010c\u00f3mo dar de baja o cancelar seguro de decesos Ibercaja\u3011Modelo carta, fax, correo electr\u00f3nico (email), tel\u00e9fono gratis.\" \/>\n<meta name=\"robots\" content=\"index, follow, max-snippet:-1, max-image-preview:large, max-video-preview:-1\" \/>\n<link rel=\"canonical\" href=\"https:\/\/idecesos.com\/seguros\/companias\/ibercaja\/dar-de-baja\/\" \/>\n<meta property=\"og:locale\" content=\"es_ES\" \/>\n<meta property=\"og:type\" content=\"article\" \/>\n<meta property=\"og:title\" content=\"\u00bfC\u00f3mo dar de Baja o Cancelar Seguro de Decesos Ibercaja?\" \/>\n<meta property=\"og:description\" content=\"Obt\u00e9n aqu\u00ed\u3010c\u00f3mo dar de baja o cancelar seguro de decesos Ibercaja\u3011Modelo carta, fax, correo electr\u00f3nico (email), tel\u00e9fono gratis.\" \/>\n<meta property=\"og:url\" content=\"https:\/\/idecesos.com\/seguros\/companias\/ibercaja\/dar-de-baja\/\" \/>\n<meta property=\"article:modified_time\" content=\"2022-01-26T16:52:01+00:00\" \/>\n<meta name=\"twitter:card\" content=\"summary_large_image\" \/>\n<meta name=\"twitter:label1\" content=\"Tiempo de lectura\" \/>\n\t<meta name=\"twitter:data1\" content=\"5 minutos\" \/>\n<script type=\"application\/ld+json\" class=\"yoast-schema-graph\">{\"@context\":\"https:\\\/\\\/schema.org\",\"@graph\":[{\"@type\":\"WebPage\",\"@id\":\"https:\\\/\\\/idecesos.com\\\/seguros\\\/companias\\\/ibercaja\\\/dar-de-baja\\\/\",\"url\":\"https:\\\/\\\/idecesos.com\\\/seguros\\\/companias\\\/ibercaja\\\/dar-de-baja\\\/\",\"name\":\"\u00bfC\u00f3mo dar de Baja o Cancelar Seguro de Decesos Ibercaja?\",\"isPartOf\":{\"@id\":\"https:\\\/\\\/idecesos.com\\\/seguros\\\/#website\"},\"datePublished\":\"2021-12-29T11:45:56+00:00\",\"dateModified\":\"2022-01-26T16:52:01+00:00\",\"description\":\"Obt\u00e9n aqu\u00ed\u3010c\u00f3mo dar de baja o cancelar seguro de decesos Ibercaja\u3011Modelo carta, fax, correo electr\u00f3nico (email), tel\u00e9fono gratis.\",\"breadcrumb\":{\"@id\":\"https:\\\/\\\/idecesos.com\\\/seguros\\\/companias\\\/ibercaja\\\/dar-de-baja\\\/#breadcrumb\"},\"inLanguage\":\"es\",\"potentialAction\":[{\"@type\":\"ReadAction\",\"target\":[\"https:\\\/\\\/idecesos.com\\\/seguros\\\/companias\\\/ibercaja\\\/dar-de-baja\\\/\"]}]},{\"@type\":\"BreadcrumbList\",\"@id\":\"https:\\\/\\\/idecesos.com\\\/seguros\\\/companias\\\/ibercaja\\\/dar-de-baja\\\/#breadcrumb\",\"itemListElement\":[{\"@type\":\"ListItem\",\"position\":1,\"name\":\"Portada\",\"item\":\"https:\\\/\\\/idecesos.com\\\/seguros\\\/\"},{\"@type\":\"ListItem\",\"position\":2,\"name\":\"Compa\u00f1\u00edas de Seguros de Decesos en Espa\u00f1a\",\"item\":\"https:\\\/\\\/idecesos.com\\\/seguros\\\/companias\\\/\"},{\"@type\":\"ListItem\",\"position\":3,\"name\":\"Seguro de decesos Ibercaja\",\"item\":\"https:\\\/\\\/idecesos.com\\\/seguros\\\/companias\\\/ibercaja\\\/\"},{\"@type\":\"ListItem\",\"position\":4,\"name\":\"\u00bfC\u00f3mo dar de baja seguro Ibercaja?\"}]},{\"@type\":\"WebSite\",\"@id\":\"https:\\\/\\\/idecesos.com\\\/seguros\\\/#website\",\"url\":\"https:\\\/\\\/idecesos.com\\\/seguros\\\/\",\"name\":\"\",\"description\":\"\",\"potentialAction\":[{\"@type\":\"SearchAction\",\"target\":{\"@type\":\"EntryPoint\",\"urlTemplate\":\"https:\\\/\\\/idecesos.com\\\/seguros\\\/?s={search_term_string}\"},\"query-input\":{\"@type\":\"PropertyValueSpecification\",\"valueRequired\":true,\"valueName\":\"search_term_string\"}}],\"inLanguage\":\"es\"}]}<\/script>\n<!-- \/ Yoast SEO plugin. -->","yoast_head_json":{"title":"\u00bfC\u00f3mo dar de Baja o Cancelar Seguro de Decesos Ibercaja?","description":"Obt\u00e9n aqu\u00ed\u3010c\u00f3mo dar de baja o cancelar seguro de decesos Ibercaja\u3011Modelo carta, fax, correo electr\u00f3nico (email), tel\u00e9fono gratis.","robots":{"index":"index","follow":"follow","max-snippet":"max-snippet:-1","max-image-preview":"max-image-preview:large","max-video-preview":"max-video-preview:-1"},"canonical":"https:\/\/idecesos.com\/seguros\/companias\/ibercaja\/dar-de-baja\/","og_locale":"es_ES","og_type":"article","og_title":"\u00bfC\u00f3mo dar de Baja o Cancelar Seguro de Decesos Ibercaja?","og_description":"Obt\u00e9n aqu\u00ed\u3010c\u00f3mo dar de baja o cancelar seguro de decesos Ibercaja\u3011Modelo carta, fax, correo electr\u00f3nico (email), tel\u00e9fono gratis.","og_url":"https:\/\/idecesos.com\/seguros\/companias\/ibercaja\/dar-de-baja\/","article_modified_time":"2022-01-26T16:52:01+00:00","twitter_card":"summary_large_image","twitter_misc":{"Tiempo de lectura":"5 minutos"},"schema":{"@context":"https:\/\/schema.org","@graph":[{"@type":"WebPage","@id":"https:\/\/idecesos.com\/seguros\/companias\/ibercaja\/dar-de-baja\/","url":"https:\/\/idecesos.com\/seguros\/companias\/ibercaja\/dar-de-baja\/","name":"\u00bfC\u00f3mo dar de Baja o Cancelar Seguro de Decesos Ibercaja?","isPartOf":{"@id":"https:\/\/idecesos.com\/seguros\/#website"},"datePublished":"2021-12-29T11:45:56+00:00","dateModified":"2022-01-26T16:52:01+00:00","description":"Obt\u00e9n aqu\u00ed\u3010c\u00f3mo dar de baja o cancelar seguro de decesos Ibercaja\u3011Modelo carta, fax, correo electr\u00f3nico (email), tel\u00e9fono gratis.","breadcrumb":{"@id":"https:\/\/idecesos.com\/seguros\/companias\/ibercaja\/dar-de-baja\/#breadcrumb"},"inLanguage":"es","potentialAction":[{"@type":"ReadAction","target":["https:\/\/idecesos.com\/seguros\/companias\/ibercaja\/dar-de-baja\/"]}]},{"@type":"BreadcrumbList","@id":"https:\/\/idecesos.com\/seguros\/companias\/ibercaja\/dar-de-baja\/#breadcrumb","itemListElement":[{"@type":"ListItem","position":1,"name":"Portada","item":"https:\/\/idecesos.com\/seguros\/"},{"@type":"ListItem","position":2,"name":"Compa\u00f1\u00edas de Seguros de Decesos en Espa\u00f1a","item":"https:\/\/idecesos.com\/seguros\/companias\/"},{"@type":"ListItem","position":3,"name":"Seguro de decesos Ibercaja","item":"https:\/\/idecesos.com\/seguros\/companias\/ibercaja\/"},{"@type":"ListItem","position":4,"name":"\u00bfC\u00f3mo dar de baja seguro Ibercaja?"}]},{"@type":"WebSite","@id":"https:\/\/idecesos.com\/seguros\/#website","url":"https:\/\/idecesos.com\/seguros\/","name":"","description":"","potentialAction":[{"@type":"SearchAction","target":{"@type":"EntryPoint","urlTemplate":"https:\/\/idecesos.com\/seguros\/?s={search_term_string}"},"query-input":{"@type":"PropertyValueSpecification","valueRequired":true,"valueName":"search_term_string"}}],"inLanguage":"es"}]}},"_links":{"self":[{"href":"https:\/\/idecesos.com\/seguros\/wp-json\/wp\/v2\/pages\/18067","targetHints":{"allow":["GET"]}}],"collection":[{"href":"https:\/\/idecesos.com\/seguros\/wp-json\/wp\/v2\/pages"}],"about":[{"href":"https:\/\/idecesos.com\/seguros\/wp-json\/wp\/v2\/types\/page"}],"author":[{"embeddable":true,"href":"https:\/\/idecesos.com\/seguros\/wp-json\/wp\/v2\/users\/1"}],"replies":[{"embeddable":true,"href":"https:\/\/idecesos.com\/seguros\/wp-json\/wp\/v2\/comments?post=18067"}],"version-history":[{"count":7,"href":"https:\/\/idecesos.com\/seguros\/wp-json\/wp\/v2\/pages\/18067\/revisions"}],"predecessor-version":[{"id":19038,"href":"https:\/\/idecesos.com\/seguros\/wp-json\/wp\/v2\/pages\/18067\/revisions\/19038"}],"up":[{"embeddable":true,"href":"https:\/\/idecesos.com\/seguros\/wp-json\/wp\/v2\/pages\/367"}],"wp:attachment":[{"href":"https:\/\/idecesos.com\/seguros\/wp-json\/wp\/v2\/media?parent=18067"}],"curies":[{"name":"wp","href":"https:\/\/api.w.org\/{rel}","templated":true}]}}