{"id":18068,"date":"2021-12-29T11:52:46","date_gmt":"2021-12-29T11:45:56","guid":{"rendered":"https:\/\/idecesos.com\/seguros\/companias\/rastreator\/dar-de-baja\/"},"modified":"2022-01-26T16:56:53","modified_gmt":"2022-01-26T16:56:53","slug":"dar-de-baja","status":"publish","type":"page","link":"https:\/\/idecesos.com\/seguros\/companias\/rastreator\/dar-de-baja\/","title":{"rendered":"\u00bfC\u00f3mo dar de baja seguro Rastreator?"},"content":{"rendered":"<div id=\"ez-toc-container\" class=\"ez-toc-v2_0_83 ez-toc-wrap-center counter-hierarchy ez-toc-counter ez-toc-custom ez-toc-container-direction\">\n<div class=\"ez-toc-title-container\">\n<p class=\"ez-toc-title\" style=\"cursor:inherit\">Tabla de Contenido<\/p>\n<span class=\"ez-toc-title-toggle\"><a href=\"#\" class=\"ez-toc-pull-right ez-toc-btn ez-toc-btn-xs ez-toc-btn-default ez-toc-toggle\" aria-label=\"Alternar tabla de contenidos\"><span class=\"ez-toc-js-icon-con\"><span class=\"\"><span class=\"eztoc-hide\" style=\"display:none;\">Toggle<\/span><span class=\"ez-toc-icon-toggle-span\"><svg style=\"fill: #db6415;color:#db6415\" xmlns=\"http:\/\/www.w3.org\/2000\/svg\" class=\"list-377408\" width=\"20px\" height=\"20px\" viewBox=\"0 0 24 24\" fill=\"none\"><path d=\"M6 6H4v2h2V6zm14 0H8v2h12V6zM4 11h2v2H4v-2zm16 0H8v2h12v-2zM4 16h2v2H4v-2zm16 0H8v2h12v-2z\" fill=\"currentColor\"><\/path><\/svg><svg style=\"fill: #db6415;color:#db6415\" class=\"arrow-unsorted-368013\" xmlns=\"http:\/\/www.w3.org\/2000\/svg\" width=\"10px\" height=\"10px\" viewBox=\"0 0 24 24\" version=\"1.2\" baseProfile=\"tiny\"><path d=\"M18.2 9.3l-6.2-6.3-6.2 6.3c-.2.2-.3.4-.3.7s.1.5.3.7c.2.2.4.3.7.3h11c.3 0 .5-.1.7-.3.2-.2.3-.5.3-.7s-.1-.5-.3-.7zM5.8 14.7l6.2 6.3 6.2-6.3c.2-.2.3-.5.3-.7s-.1-.5-.3-.7c-.2-.2-.4-.3-.7-.3h-11c-.3 0-.5.1-.7.3-.2.2-.3.5-.3.7s.1.5.3.7z\"\/><\/svg><\/span><\/span><\/span><\/a><\/span><\/div>\n<nav><ul class='ez-toc-list ez-toc-list-level-1 ' ><li class='ez-toc-page-1 ez-toc-heading-level-2'><a class=\"ez-toc-link ez-toc-heading-1\" href=\"https:\/\/idecesos.com\/seguros\/companias\/rastreator\/dar-de-baja\/#Diferentes_opciones_para_cancelar_un_contrato_con_Rastreator\" >Diferentes opciones para cancelar un contrato con Rastreator<\/a><ul class='ez-toc-list-level-3' ><li class='ez-toc-heading-level-3'><a class=\"ez-toc-link ez-toc-heading-2\" href=\"https:\/\/idecesos.com\/seguros\/companias\/rastreator\/dar-de-baja\/#A_traves_de_la_web_de_Rastreator\" >A trav\u00e9s de la web de Rastreator<\/a><\/li><li class='ez-toc-page-1 ez-toc-heading-level-3'><a class=\"ez-toc-link ez-toc-heading-3\" href=\"https:\/\/idecesos.com\/seguros\/companias\/rastreator\/dar-de-baja\/#Utilizando_el_correo_electronico_de_Rastreator\" >Utilizando el correo electr\u00f3nico de Rastreator<\/a><\/li><li class='ez-toc-page-1 ez-toc-heading-level-3'><a class=\"ez-toc-link ez-toc-heading-4\" href=\"https:\/\/idecesos.com\/seguros\/companias\/rastreator\/dar-de-baja\/#Dar_de_baja_Rastreator_por_fax\" >Dar de baja Rastreator por fax<\/a><\/li><li class='ez-toc-page-1 ez-toc-heading-level-3'><a class=\"ez-toc-link ez-toc-heading-5\" href=\"https:\/\/idecesos.com\/seguros\/companias\/rastreator\/dar-de-baja\/#En_la_oficina_de_Rastreator\" >En la oficina de Rastreator<\/a><\/li><li class='ez-toc-page-1 ez-toc-heading-level-3'><a class=\"ez-toc-link ez-toc-heading-6\" href=\"https:\/\/idecesos.com\/seguros\/companias\/rastreator\/dar-de-baja\/#Telefono_para_dar_de_baja_Rastreator\" >T\u00e9lefono para dar de baja Rastreator<\/a><\/li><\/ul><\/li><li class='ez-toc-page-1 ez-toc-heading-level-2'><a class=\"ez-toc-link ez-toc-heading-7\" href=\"https:\/\/idecesos.com\/seguros\/companias\/rastreator\/dar-de-baja\/#Dar_de_baja_seguro_Rastreator_de_un_fallecido\" >Dar de baja seguro Rastreator de un fallecido<\/a><\/li><\/ul><\/nav><\/div>\n<p> En este apartado, vamos a mostrarte los pasos para cancelar tu seguro de fallecimiento. Si bien pueda parecer una tarea dif\u00edcil, en iDecesos vas a poder encontrar la forma m\u00e1s r\u00e1pida para dar de baja tu seguro de decesos. En este apartado, vas a ver los pasos a proseguir y de qu\u00e9 forma puedes dar de baja el seguro de decesos. Merced a esto, en tan solo unos minutos tendr\u00e1 toda la informaci\u00f3n suficiente a fin de que pueda elegir que opci\u00f3n tomar y dar de baja usted mismo su seguro de decesos. Te recomendamos continuar con tu seguro de decesos puesto que es clave a fin de que puedas vivir m\u00e1s tranquilo y sin preocupaciones. <div class=\"colorf \"  ><div class=\"container clearfix\"><div class=\"col-md-7\"><\/p>\r\n<h2><span class=\"ez-toc-section\" id=\"Diferentes_opciones_para_cancelar_un_contrato_con_Rastreator\"><\/span>Diferentes opciones para cancelar un contrato con Rastreator<span class=\"ez-toc-section-end\"><\/span><\/h2>\r\n<!-- \/wp:post-content -->\r\n\r\n<!-- wp:paragraph -->\r\n<p>Estas opciones est\u00e1n basadas en la experiencia de los clientes que se dieron de baja y que tambi\u00e9n le podr\u00edan servir a usted. Recuerde que el proceso de darse de baja es el mismo para todos los seguros de decesos, aqu\u00ed le mostramos otras opciones sobre de qu\u00e9 manera darse de baja del seguro de decesos de Rastreator. Algunas compa\u00f1\u00edas de seguros permiten que puedas dar de baja tu seguro de decesos por telef\u00f3no. Sin embargo, en ocasiones, hay compa\u00f1\u00edas que te solicitar\u00e1n que rellenes y env\u00edes el formulario de cancelaci\u00f3n de forma escrita. Puedes ponerte en contacto con nosotros si deseas cancelar tu seguro de decesos de forma telef\u00f3nica. <\/div><\/div><\/div><\/p>\r\n<h3><span class=\"ez-toc-section\" id=\"A_traves_de_la_web_de_Rastreator\"><\/span>A trav\u00e9s de la web de Rastreator<span class=\"ez-toc-section-end\"><\/span><\/h3>\r\n<p>Puede decantarse por la posibilidad de acceder a la p\u00e1gina web www.rastreator.com\/contacto\u00a0y redactar en su buscador lo que desee saber. En ese instante, obtendr\u00e1 diferentes respuestas. Seleccione la indicada y siga los pasos que le se\u00f1alan. Es bastante sencillo. Si alg\u00fan momento le surgen dudas o tiene problemas, va a poder contactar con Rastreator por medio de su n\u00famero 91 345 78 96. Si se da el caso de que le aparezca, solo tendr\u00e1 que rellenar el formulario o bien descargar el documento para llenar la petici\u00f3n. <div class=\"colorf \"  ><div class=\"container clearfix\"><div class=\"col-md-7\"><\/p>\r\n<h3><span class=\"ez-toc-section\" id=\"Utilizando_el_correo_electronico_de_Rastreator\"><\/span>Utilizando el correo electr\u00f3nico de Rastreator<span class=\"ez-toc-section-end\"><\/span><\/h3>\r\n<p>Otro m\u00e9todo para darse de baja del seguro de decesos de Rastreator es a trav\u00e9s de su correo electr\u00f3nico. Usando la direcci\u00f3n de correo email Rastreator, vas a tener todo solucionado r\u00e1pidamente. Va a deber enviarle los documentos siguientes: una copia del DNI y, la notificaci\u00f3n firmada, que la encontrar\u00e1 en el sitio web de Rastreator y, si no es de este modo, llame a nuestro n\u00famero de tel\u00e9fono 951 127 403 o m\u00e1ndenos un correo info@idecesos. com. Va a deber guardar una copia sellada y tener un justificante de recibo a fin de que su ejecuci\u00f3n pueda llevarse a cabo. Es necesario, para prevenir futuros inconvenientes, que guarde, de forma segura, una copia de la notificaci\u00f3n con la data adecuada de env\u00edo. <\/div><\/div><\/div><\/p>\r\n<h3><span class=\"ez-toc-section\" id=\"Dar_de_baja_Rastreator_por_fax\"><\/span>Dar de baja Rastreator por fax<span class=\"ez-toc-section-end\"><\/span><\/h3>\r\n<p>Puedes solicitar la baja de tu seguro de decesos a trav\u00e9s del fax de una manera f\u00e1cil y r\u00e1pida con tan solo enviar los datos personales y tu n\u00famero de p\u00f3liza. Debes de fotocopiar tu DNI y enviarlo tanto por delante como por detr\u00e1s 1 mes ya antes del fin del contrato de tu seguro de decesos para que se pueda tramitar de manera correcta. Cuando tengas todos y cada uno de los datos listos, localiza el n\u00famero de tel\u00e9fono del fax de tu aseguradora para poder enviarlos. Tu compa\u00f1\u00eda puede reclamarte la prima con lo que deber\u00e1s guardar la confirmaci\u00f3n de la solicitud de la baja. <div class=\"colorf \"  ><div class=\"container clearfix\"><div class=\"col-md-7\"><\/p>\r\n<h3><span class=\"ez-toc-section\" id=\"En_la_oficina_de_Rastreator\"><\/span>En la oficina de Rastreator<span class=\"ez-toc-section-end\"><\/span><\/h3>\r\n<p>Tambi\u00e9n va a tener la posibilidad de asistir presencialmente a la oficina de Rastreator, para dar de baja su seguro de decesos. Para dirigirse a la oficina m\u00e1s cercana, haga su b\u00fasqueda en Internet y la encontrar\u00e1. Los especialistas trabajadores de Rastreator le van a ayudar en todo cuanto necesite respecto a los documentos que debe rellenar y firmar. Tan solo deber\u00e1 ir siguiendo los pasos que le vayan indicando. Es muy necesario que no olvide su documento nacional de identidad, para que, cada una parte del proceso, se pueda hacer adecuadamente. Al terminar le dar\u00e1n una imitaci\u00f3n de todo y el agente va a pasar a gestionarlo todo para darle de baja, de este modo de simple y veloz. <\/div><\/div><\/div><\/p>\r\n<h3><span class=\"ez-toc-section\" id=\"Telefono_para_dar_de_baja_Rastreator\"><\/span>T\u00e9lefono para dar de baja Rastreator<span class=\"ez-toc-section-end\"><\/span><\/h3>\r\n<p>Puedes solicitar la baja de tu seguro de decesos por medio de su telef\u00f3no de contacto. En la red de redes encontrar\u00e1s el tel\u00e9fono de atenci\u00f3n de tu compa\u00f1\u00eda a fin de que puedas solicitar la baja o bien si lo prefieres ll\u00e1manos al 91 345 78 96. Un agente se ocupar\u00e1 de aconsejarte y te ayudar\u00e1 en todo cuanto precises. Solo deber\u00e1s continuar las indicaciones del agente de la compa\u00f1\u00eda para proceder a la baja del seguro. No es conveniente continuar sin un seguro de decesos puesto que este te dejar\u00e1 estar considerablemente m\u00e1s sosegado. Puedes decantarse por usar nuestro comparador en iDecesos para saber cu\u00e1l es el mejor seguro para ti. <div class=\"colorf \"  ><div class=\"container clearfix\"><div class=\"col-md-7\"><\/p>\r\n<h2><span class=\"ez-toc-section\" id=\"Dar_de_baja_seguro_Rastreator_de_un_fallecido\"><\/span>Dar de baja seguro Rastreator de un fallecido<span class=\"ez-toc-section-end\"><\/span><\/h2>\r\n<p>Una vez ocurre el siniestro por fallecimiento el servicio de asistencia del seguro de decesos de Rastreator, lo avisa y expone en la intranet de la empresa aseguradora a fin de que conste la baja y la descripci\u00f3n del servicio mortuorio. Cuando el asegurado fallece, todos los recibos se cancelan y se cobrar\u00e1 solo por aquellas personas que prosigan aseguradas. Los c\u00e1lculos se hacen bas\u00e1ndonos en las estimaciones autom\u00e1ticas y actuariales de la tabla de primas que tengan contratados con Rastreator. <\/div><\/div><\/div> <div class=\"oficinas\"> <h3>P\u00e1ginas relacionadas<\/h3><div class=\"enlazado\"><ul> <li><a href=\"https:\/\/idecesos.com\/seguros\/companias\/rastreator\/precio\/\">Precio seguro Rastreator<\/a><\/li> <li><a href=\"https:\/\/idecesos.com\/seguros\/companias\/rastreator\/prima-mixta\/\">Rastreator Prima Mixta<\/a><\/li> <li><a href=\"https:\/\/idecesos.com\/seguros\/companias\/rastreator\/prima-natural\/\">Rastreator Prima Natural<\/a><\/li> <li><a href=\"https:\/\/idecesos.com\/seguros\/companias\/rastreator\/prima-nivelada\/\">Rastreator Prima Nivelada<\/a><\/li> <li><a href=\"https:\/\/idecesos.com\/seguros\/companias\/rastreator\/prima-unica\/\">Rastreator Prima \u00danica<\/a><\/li> <li><a href=\"https:\/\/idecesos.com\/seguros\/companias\/rastreator\/repatriacion\/\">Rastreator Repatriaci\u00f3n<\/a><\/li> <li><a href=\"https:\/\/idecesos.com\/seguros\/companias\/rastreator\/telefono\/\">Tel\u00e9fono Gratuito Rastreator<\/a><\/li><\/ul><\/div> <\/div><\/p>","protected":false},"excerpt":{"rendered":"<p>En este apartado, vamos a mostrarte los pasos para cancelar tu seguro de fallecimiento. Si bien pueda parecer una tarea dif\u00edcil, en iDecesos vas a poder encontrar la forma m\u00e1s r\u00e1pida para dar de baja tu seguro de decesos. En este apartado, vas a ver los pasos a proseguir y de qu\u00e9 forma puedes dar&hellip; <\/p>\n","protected":false},"author":1,"featured_media":0,"parent":462,"menu_order":0,"comment_status":"closed","ping_status":"closed","template":"single.php","meta":{"footnotes":""},"class_list":["post-18068","page","type-page","status-publish","hentry"],"yoast_head":"<!-- This site is optimized with the Yoast SEO plugin v27.5 - https:\/\/yoast.com\/product\/yoast-seo-wordpress\/ -->\n<title>\u00bfC\u00f3mo dar de Baja o Cancelar Seguro de Decesos Rastreator?<\/title>\n<meta name=\"description\" content=\"Obt\u00e9n aqu\u00ed\u3010c\u00f3mo dar de baja o cancelar seguro de decesos Rastreator\u3011Modelo carta, fax, correo electr\u00f3nico (email), tel\u00e9fono gratis.\" \/>\n<meta name=\"robots\" content=\"index, follow, max-snippet:-1, max-image-preview:large, max-video-preview:-1\" \/>\n<link rel=\"canonical\" href=\"https:\/\/idecesos.com\/seguros\/companias\/rastreator\/dar-de-baja\/\" \/>\n<meta property=\"og:locale\" content=\"es_ES\" \/>\n<meta property=\"og:type\" content=\"article\" \/>\n<meta property=\"og:title\" content=\"\u00bfC\u00f3mo dar de Baja o Cancelar Seguro de Decesos Rastreator?\" \/>\n<meta property=\"og:description\" content=\"Obt\u00e9n aqu\u00ed\u3010c\u00f3mo dar de baja o cancelar seguro de decesos Rastreator\u3011Modelo carta, fax, correo electr\u00f3nico (email), tel\u00e9fono gratis.\" \/>\n<meta property=\"og:url\" content=\"https:\/\/idecesos.com\/seguros\/companias\/rastreator\/dar-de-baja\/\" \/>\n<meta property=\"article:modified_time\" content=\"2022-01-26T16:56:53+00:00\" \/>\n<meta name=\"twitter:card\" content=\"summary_large_image\" \/>\n<meta name=\"twitter:label1\" content=\"Tiempo de lectura\" \/>\n\t<meta name=\"twitter:data1\" content=\"5 minutos\" \/>\n<script type=\"application\/ld+json\" class=\"yoast-schema-graph\">{\"@context\":\"https:\\\/\\\/schema.org\",\"@graph\":[{\"@type\":\"WebPage\",\"@id\":\"https:\\\/\\\/idecesos.com\\\/seguros\\\/companias\\\/rastreator\\\/dar-de-baja\\\/\",\"url\":\"https:\\\/\\\/idecesos.com\\\/seguros\\\/companias\\\/rastreator\\\/dar-de-baja\\\/\",\"name\":\"\u00bfC\u00f3mo dar de Baja o Cancelar Seguro de Decesos Rastreator?\",\"isPartOf\":{\"@id\":\"https:\\\/\\\/idecesos.com\\\/seguros\\\/#website\"},\"datePublished\":\"2021-12-29T11:45:56+00:00\",\"dateModified\":\"2022-01-26T16:56:53+00:00\",\"description\":\"Obt\u00e9n aqu\u00ed\u3010c\u00f3mo dar de baja o cancelar seguro de decesos Rastreator\u3011Modelo carta, fax, correo electr\u00f3nico (email), tel\u00e9fono gratis.\",\"breadcrumb\":{\"@id\":\"https:\\\/\\\/idecesos.com\\\/seguros\\\/companias\\\/rastreator\\\/dar-de-baja\\\/#breadcrumb\"},\"inLanguage\":\"es\",\"potentialAction\":[{\"@type\":\"ReadAction\",\"target\":[\"https:\\\/\\\/idecesos.com\\\/seguros\\\/companias\\\/rastreator\\\/dar-de-baja\\\/\"]}]},{\"@type\":\"BreadcrumbList\",\"@id\":\"https:\\\/\\\/idecesos.com\\\/seguros\\\/companias\\\/rastreator\\\/dar-de-baja\\\/#breadcrumb\",\"itemListElement\":[{\"@type\":\"ListItem\",\"position\":1,\"name\":\"Portada\",\"item\":\"https:\\\/\\\/idecesos.com\\\/seguros\\\/\"},{\"@type\":\"ListItem\",\"position\":2,\"name\":\"Compa\u00f1\u00edas de Seguros de Decesos en Espa\u00f1a\",\"item\":\"https:\\\/\\\/idecesos.com\\\/seguros\\\/companias\\\/\"},{\"@type\":\"ListItem\",\"position\":3,\"name\":\"Seguro de decesos Rastreator\",\"item\":\"https:\\\/\\\/idecesos.com\\\/seguros\\\/companias\\\/rastreator\\\/\"},{\"@type\":\"ListItem\",\"position\":4,\"name\":\"\u00bfC\u00f3mo dar de baja seguro Rastreator?\"}]},{\"@type\":\"WebSite\",\"@id\":\"https:\\\/\\\/idecesos.com\\\/seguros\\\/#website\",\"url\":\"https:\\\/\\\/idecesos.com\\\/seguros\\\/\",\"name\":\"\",\"description\":\"\",\"potentialAction\":[{\"@type\":\"SearchAction\",\"target\":{\"@type\":\"EntryPoint\",\"urlTemplate\":\"https:\\\/\\\/idecesos.com\\\/seguros\\\/?s={search_term_string}\"},\"query-input\":{\"@type\":\"PropertyValueSpecification\",\"valueRequired\":true,\"valueName\":\"search_term_string\"}}],\"inLanguage\":\"es\"}]}<\/script>\n<!-- \/ Yoast SEO plugin. -->","yoast_head_json":{"title":"\u00bfC\u00f3mo dar de Baja o Cancelar Seguro de Decesos Rastreator?","description":"Obt\u00e9n aqu\u00ed\u3010c\u00f3mo dar de baja o cancelar seguro de decesos Rastreator\u3011Modelo carta, fax, correo electr\u00f3nico (email), tel\u00e9fono gratis.","robots":{"index":"index","follow":"follow","max-snippet":"max-snippet:-1","max-image-preview":"max-image-preview:large","max-video-preview":"max-video-preview:-1"},"canonical":"https:\/\/idecesos.com\/seguros\/companias\/rastreator\/dar-de-baja\/","og_locale":"es_ES","og_type":"article","og_title":"\u00bfC\u00f3mo dar de Baja o Cancelar Seguro de Decesos Rastreator?","og_description":"Obt\u00e9n aqu\u00ed\u3010c\u00f3mo dar de baja o cancelar seguro de decesos Rastreator\u3011Modelo carta, fax, correo electr\u00f3nico (email), tel\u00e9fono gratis.","og_url":"https:\/\/idecesos.com\/seguros\/companias\/rastreator\/dar-de-baja\/","article_modified_time":"2022-01-26T16:56:53+00:00","twitter_card":"summary_large_image","twitter_misc":{"Tiempo de lectura":"5 minutos"},"schema":{"@context":"https:\/\/schema.org","@graph":[{"@type":"WebPage","@id":"https:\/\/idecesos.com\/seguros\/companias\/rastreator\/dar-de-baja\/","url":"https:\/\/idecesos.com\/seguros\/companias\/rastreator\/dar-de-baja\/","name":"\u00bfC\u00f3mo dar de Baja o Cancelar Seguro de Decesos Rastreator?","isPartOf":{"@id":"https:\/\/idecesos.com\/seguros\/#website"},"datePublished":"2021-12-29T11:45:56+00:00","dateModified":"2022-01-26T16:56:53+00:00","description":"Obt\u00e9n aqu\u00ed\u3010c\u00f3mo dar de baja o cancelar seguro de decesos Rastreator\u3011Modelo carta, fax, correo electr\u00f3nico (email), tel\u00e9fono gratis.","breadcrumb":{"@id":"https:\/\/idecesos.com\/seguros\/companias\/rastreator\/dar-de-baja\/#breadcrumb"},"inLanguage":"es","potentialAction":[{"@type":"ReadAction","target":["https:\/\/idecesos.com\/seguros\/companias\/rastreator\/dar-de-baja\/"]}]},{"@type":"BreadcrumbList","@id":"https:\/\/idecesos.com\/seguros\/companias\/rastreator\/dar-de-baja\/#breadcrumb","itemListElement":[{"@type":"ListItem","position":1,"name":"Portada","item":"https:\/\/idecesos.com\/seguros\/"},{"@type":"ListItem","position":2,"name":"Compa\u00f1\u00edas de Seguros de Decesos en Espa\u00f1a","item":"https:\/\/idecesos.com\/seguros\/companias\/"},{"@type":"ListItem","position":3,"name":"Seguro de decesos Rastreator","item":"https:\/\/idecesos.com\/seguros\/companias\/rastreator\/"},{"@type":"ListItem","position":4,"name":"\u00bfC\u00f3mo dar de baja seguro Rastreator?"}]},{"@type":"WebSite","@id":"https:\/\/idecesos.com\/seguros\/#website","url":"https:\/\/idecesos.com\/seguros\/","name":"","description":"","potentialAction":[{"@type":"SearchAction","target":{"@type":"EntryPoint","urlTemplate":"https:\/\/idecesos.com\/seguros\/?s={search_term_string}"},"query-input":{"@type":"PropertyValueSpecification","valueRequired":true,"valueName":"search_term_string"}}],"inLanguage":"es"}]}},"_links":{"self":[{"href":"https:\/\/idecesos.com\/seguros\/wp-json\/wp\/v2\/pages\/18068","targetHints":{"allow":["GET"]}}],"collection":[{"href":"https:\/\/idecesos.com\/seguros\/wp-json\/wp\/v2\/pages"}],"about":[{"href":"https:\/\/idecesos.com\/seguros\/wp-json\/wp\/v2\/types\/page"}],"author":[{"embeddable":true,"href":"https:\/\/idecesos.com\/seguros\/wp-json\/wp\/v2\/users\/1"}],"replies":[{"embeddable":true,"href":"https:\/\/idecesos.com\/seguros\/wp-json\/wp\/v2\/comments?post=18068"}],"version-history":[{"count":5,"href":"https:\/\/idecesos.com\/seguros\/wp-json\/wp\/v2\/pages\/18068\/revisions"}],"predecessor-version":[{"id":19047,"href":"https:\/\/idecesos.com\/seguros\/wp-json\/wp\/v2\/pages\/18068\/revisions\/19047"}],"up":[{"embeddable":true,"href":"https:\/\/idecesos.com\/seguros\/wp-json\/wp\/v2\/pages\/462"}],"wp:attachment":[{"href":"https:\/\/idecesos.com\/seguros\/wp-json\/wp\/v2\/media?parent=18068"}],"curies":[{"name":"wp","href":"https:\/\/api.w.org\/{rel}","templated":true}]}}