{"id":18069,"date":"2021-12-29T11:52:47","date_gmt":"2021-12-29T11:45:57","guid":{"rendered":"https:\/\/idecesos.com\/seguros\/companias\/reale\/dar-de-baja\/"},"modified":"2022-01-26T17:28:21","modified_gmt":"2022-01-26T17:28:21","slug":"dar-de-baja","status":"publish","type":"page","link":"https:\/\/idecesos.com\/seguros\/companias\/reale\/dar-de-baja\/","title":{"rendered":"\u00bfC\u00f3mo dar de baja seguro Reale?"},"content":{"rendered":"<div id=\"ez-toc-container\" class=\"ez-toc-v2_0_82_2 ez-toc-wrap-center counter-hierarchy ez-toc-counter ez-toc-custom ez-toc-container-direction\">\n<div class=\"ez-toc-title-container\">\n<p class=\"ez-toc-title\" style=\"cursor:inherit\">Tabla de Contenido<\/p>\n<span class=\"ez-toc-title-toggle\"><a href=\"#\" class=\"ez-toc-pull-right ez-toc-btn ez-toc-btn-xs ez-toc-btn-default ez-toc-toggle\" aria-label=\"Alternar tabla de contenidos\"><span class=\"ez-toc-js-icon-con\"><span class=\"\"><span class=\"eztoc-hide\" style=\"display:none;\">Toggle<\/span><span class=\"ez-toc-icon-toggle-span\"><svg style=\"fill: #db6415;color:#db6415\" xmlns=\"http:\/\/www.w3.org\/2000\/svg\" class=\"list-377408\" width=\"20px\" height=\"20px\" viewBox=\"0 0 24 24\" fill=\"none\"><path d=\"M6 6H4v2h2V6zm14 0H8v2h12V6zM4 11h2v2H4v-2zm16 0H8v2h12v-2zM4 16h2v2H4v-2zm16 0H8v2h12v-2z\" fill=\"currentColor\"><\/path><\/svg><svg style=\"fill: #db6415;color:#db6415\" class=\"arrow-unsorted-368013\" xmlns=\"http:\/\/www.w3.org\/2000\/svg\" width=\"10px\" height=\"10px\" viewBox=\"0 0 24 24\" version=\"1.2\" baseProfile=\"tiny\"><path d=\"M18.2 9.3l-6.2-6.3-6.2 6.3c-.2.2-.3.4-.3.7s.1.5.3.7c.2.2.4.3.7.3h11c.3 0 .5-.1.7-.3.2-.2.3-.5.3-.7s-.1-.5-.3-.7zM5.8 14.7l6.2 6.3 6.2-6.3c.2-.2.3-.5.3-.7s-.1-.5-.3-.7c-.2-.2-.4-.3-.7-.3h-11c-.3 0-.5.1-.7.3-.2.2-.3.5-.3.7s.1.5.3.7z\"\/><\/svg><\/span><\/span><\/span><\/a><\/span><\/div>\n<nav><ul class='ez-toc-list ez-toc-list-level-1 ' ><li class='ez-toc-page-1 ez-toc-heading-level-2'><a class=\"ez-toc-link ez-toc-heading-1\" href=\"https:\/\/idecesos.com\/seguros\/companias\/reale\/dar-de-baja\/#Diferentes_opciones_para_cancelar_un_contrato_con_Reale\" >Diferentes opciones para cancelar un contrato con Reale<\/a><ul class='ez-toc-list-level-3' ><li class='ez-toc-heading-level-3'><a class=\"ez-toc-link ez-toc-heading-2\" href=\"https:\/\/idecesos.com\/seguros\/companias\/reale\/dar-de-baja\/#A_traves_de_la_web_de_Reale\" >A trav\u00e9s de la web de Reale<\/a><\/li><li class='ez-toc-page-1 ez-toc-heading-level-3'><a class=\"ez-toc-link ez-toc-heading-3\" href=\"https:\/\/idecesos.com\/seguros\/companias\/reale\/dar-de-baja\/#Utilizando_el_correo_electronico_de_Reale\" >Utilizando el correo electr\u00f3nico de Reale<\/a><\/li><li class='ez-toc-page-1 ez-toc-heading-level-3'><a class=\"ez-toc-link ez-toc-heading-4\" href=\"https:\/\/idecesos.com\/seguros\/companias\/reale\/dar-de-baja\/#Dar_de_baja_Reale_por_fax\" >Dar de baja Reale por fax<\/a><\/li><li class='ez-toc-page-1 ez-toc-heading-level-3'><a class=\"ez-toc-link ez-toc-heading-5\" href=\"https:\/\/idecesos.com\/seguros\/companias\/reale\/dar-de-baja\/#En_la_oficina_de_Reale\" >En la oficina de Reale<\/a><\/li><li class='ez-toc-page-1 ez-toc-heading-level-3'><a class=\"ez-toc-link ez-toc-heading-6\" href=\"https:\/\/idecesos.com\/seguros\/companias\/reale\/dar-de-baja\/#Telefono_para_dar_de_baja_Reale\" >T\u00e9lefono para dar de baja Reale<\/a><\/li><\/ul><\/li><li class='ez-toc-page-1 ez-toc-heading-level-2'><a class=\"ez-toc-link ez-toc-heading-7\" href=\"https:\/\/idecesos.com\/seguros\/companias\/reale\/dar-de-baja\/#Dar_de_baja_seguro_Reale_de_un_fallecido\" >Dar de baja seguro Reale de un fallecido<\/a><ul class='ez-toc-list-level-3' ><li class='ez-toc-heading-level-3'><a class=\"ez-toc-link ez-toc-heading-8\" href=\"https:\/\/idecesos.com\/seguros\/companias\/reale\/dar-de-baja\/#Paginas_relacionadas\" >P\u00e1ginas relacionadas<\/a><\/li><\/ul><\/li><\/ul><\/nav><\/div>\n<p> En este apartado, vamos a mostrarte los pasos para anular tu seguro de fallecimiento. Si piensas que dar de baja el seguro de decesos es complicado, en esta p\u00e1gina vamos a explic\u00e1rtelo de la forma m\u00e1s f\u00e1cil posible. Ahora vas a conocer las diferentes formas que tienes para dar de baja tu seguro y los pasos que debes proseguir. Merced a iDecesos, conocer\u00e1s las diferentes opciones que tienes para dar de baja tu seguro de decesos. Si deseas evitar preocupaciones a tus familiares o amigos, te recomendamos tener tu seguro de decesos a fin de que todo quede cubierto en el instante de la defunci\u00f3n. <div class=\"colorf \"  ><div class=\"container clearfix\"><div class=\"col-md-7\"><\/p>\r\n<h2><span class=\"ez-toc-section\" id=\"Diferentes_opciones_para_cancelar_un_contrato_con_Reale\"><\/span>Diferentes opciones para cancelar un contrato con Reale<span class=\"ez-toc-section-end\"><\/span><\/h2>\r\n<!-- \/wp:post-content -->\r\n\r\n<!-- wp:paragraph -->\r\n<p>Hay diferentes opciones basadas en las vivencias de los clientes que decidieron dar de baja su seguro de decesos. Para darse de baja de un seguro de fallecimiento existen muchas opciones comunes en todas las compa\u00f1\u00edas aseguradoras. Si no quieres perder el tiempo haciendo llamadas a tu empresa de seguros para poder anular el seguro, te recomendamos que acudas de forma directa a una oficina y entregues el formulario de cancelaci\u00f3n en papel. Si desea darse de baja de un seguro de decesos de Reale a trav\u00e9s de tel\u00e9fono, no dude en contactar con nosotros a trav\u00e9s de nuestro e mail o nuestro n\u00famero. <\/div><\/div><\/div><\/p>\r\n<h3><span class=\"ez-toc-section\" id=\"A_traves_de_la_web_de_Reale\"><\/span>A trav\u00e9s de la web de Reale<span class=\"ez-toc-section-end\"><\/span><\/h3>\r\n<p>Mediante la p\u00e1gina web de Reale es uno de los m\u00e9todos que pueda usar para darse de baja de su seguro de decesos. Solo tendr\u00e1s que redactar lo que buscas en su web para que te aparezca toda la informaci\u00f3n. Usa otra secci\u00f3n en su p\u00e1gina web si no encuentras el buscador. Para dar de baja con correcci\u00f3n tu seguro de decesos, deber\u00e1s proseguirse unos pasos que van desde rellenar el formulario o bien descargar documentos. Para solucionar otras dudas o bien darte una mayor informaci\u00f3n, ll\u00e1manos al 951 127 403 o mediante un email en info@idecesos. com. Si por otro lado, todo lo que busca est\u00e1 en la p\u00e1gina web, podr\u00e1s recibir en unos momentos un documento donde se te notifica de la baja de tu seguro de decesos. <div class=\"colorf \"  ><div class=\"container clearfix\"><div class=\"col-md-7\"><\/p>\r\n<h3><span class=\"ez-toc-section\" id=\"Utilizando_el_correo_electronico_de_Reale\"><\/span>Utilizando el correo electr\u00f3nico de Reale<span class=\"ez-toc-section-end\"><\/span><\/h3>\r\n<p>Env\u00edales un e-mail a tu compa\u00f1\u00eda si deseas dar de baja tu seguro de decesos. En apenas unos minutos podr\u00e1 mandarles a su correo electr\u00f3nico la siguiente informaci\u00f3n: una copia del DNI del tomador y la notificaci\u00f3n con un escrito solicitando la baja, que previamente le hemos dicho c\u00f3mo conseguirla, firmada por el asegurado con sus datos personales. No olvides guardar una copia sellada y el justificante. Adem\u00e1s de esto, por lo que pueda pasar, le recomendamos que guarde una imitaci\u00f3n de la notificaci\u00f3n del correo con su fecha de env\u00edo por lo que pueda acontecer en el futuro. De esta forma siempre y en toda circunstancia haber mandado la solicitud al correo electr\u00f3nico de Reale con su n\u00famero de p\u00f3liza de seguro de decesos con un m\u00ednimo de 30 d\u00edas hasta la fecha de vencimiento del contrato. <\/div><\/div><\/div><\/p>\r\n<h3><span class=\"ez-toc-section\" id=\"Dar_de_baja_Reale_por_fax\"><\/span>Dar de baja Reale por fax<span class=\"ez-toc-section-end\"><\/span><\/h3>\r\n<p>Dar de baja su seguro por fax asimismo es otro m\u00e9todo. Es muy semejante al que acabamos de explicar anteriormente, el del e-mail, lo \u00fanico que cambia es la forma de enviar los datos. A trav\u00e9s de un fax tendr\u00e1 que enviar a Reale una imitaci\u00f3n de su documento nacional de identidad y la notificaci\u00f3n firma de baja que puede encontrarla en la web de Reale o bien te la podemos facilitar nosotros si nos llamas al 951 127 403. Debe preservar la copia sellada y el justificante de su recibo, como en los otros m\u00e9todos. Adem\u00e1s, por lo que pueda ocurrir en el futuro, guarde una copia de la notificaci\u00f3n con la fecha de env\u00edo. <div class=\"colorf \"  ><div class=\"container clearfix\"><div class=\"col-md-7\"><\/p>\r\n<h3><span class=\"ez-toc-section\" id=\"En_la_oficina_de_Reale\"><\/span>En la oficina de Reale<span class=\"ez-toc-section-end\"><\/span><\/h3>\r\n<p>Si prefiere dar de baja su seguro, teniendo contacto directo con los profesionales, podr\u00e1 hacerlo acudiendo a las oficinas de Reale. Hallar\u00e1 la oficina, m\u00e1s cercana a su casa, haciendo una b\u00fasqueda en Internet. Los especialistas trabajadores de Reale le van a ayudar en todo cuanto necesite con respecto a los documentos que debe rellenar y firmar. Tan solo deber\u00e1 ir siguiendo los pasos que le vayan indicando. Adem\u00e1s de esto, le recordamos que debe llevar su documento nacional de identidad para que todo esto se pueda hacer, ya que es necesario en este proceso. Para acabar, le van a hacer entrega de una copia de cada documento y, el especialista efectuar\u00e1 los tr\u00e1mites pertinentes. <\/div><\/div><\/div><\/p>\r\n<h3><span class=\"ez-toc-section\" id=\"Telefono_para_dar_de_baja_Reale\"><\/span>T\u00e9lefono para dar de baja Reale<span class=\"ez-toc-section-end\"><\/span><\/h3>\r\n<p>Dar de baja su seguro de decesos por tel\u00e9fono, va a ser tan f\u00e1cil como proseguir correctamente los pasos que le indiquen los trabajadores expertos de Reale. Entonces, deber\u00e1 buscar en Intenet su n\u00famero de contacto o, llamar de manera directa a 900 455 900. Siguiendo los pasos que le se\u00f1alen, en solo dos minutos todo estar\u00e1 solucionado y el agente se pondr\u00e1 de forma inmediata con todos los tr\u00e1mites para finiquitar con su contrato de baja, por lo que puede estar sosegado. <div class=\"colorf \"  ><div class=\"container clearfix\"><div class=\"col-md-7\"><\/p>\r\n<h2><span class=\"ez-toc-section\" id=\"Dar_de_baja_seguro_Reale_de_un_fallecido\"><\/span>Dar de baja seguro Reale de un fallecido<span class=\"ez-toc-section-end\"><\/span><\/h2>\r\n<p>Para finalizar, le indicamos de qu\u00e9 forma dar de baja el seguro en el caso de fallecimiento del cliente del servicio. Puede parecer bastante dif\u00edcil mas, es uno de los m\u00e9todos m\u00e1s simples. No deber\u00e1 preocuparse por los tr\u00e1mites citados previamente. Reale es la encargada de anular su seguro de decesos de manera autom\u00e1tica tras la muerte de su asegurado. Reale, tras el sepelio de la persona asegurada, se ocupar\u00e1 de todos y cada uno de los tr\u00e1mites legales para darle de baja y, los familiares no tendr\u00e1n que preocuparse, podr\u00e1n estar sosegados. <\/div><\/div><\/div> <div class=\"oficinas\"> <h3><span class=\"ez-toc-section\" id=\"Paginas_relacionadas\"><\/span>P\u00e1ginas relacionadas<span class=\"ez-toc-section-end\"><\/span><\/h3><div class=\"enlazado\"><ul> <li><a href=\"https:\/\/idecesos.com\/seguros\/companias\/reale\/coberturas\/\">Coberturas Reale<\/a><\/li> <li><a href=\"https:\/\/idecesos.com\/seguros\/companias\/reale\/opiniones\/\">Opiniones Reale<\/a><\/li> <li><a href=\"https:\/\/idecesos.com\/seguros\/companias\/reale\/precio\/\">Precio seguro Reale<\/a><\/li> <li><a href=\"https:\/\/idecesos.com\/seguros\/companias\/reale\/prima-mixta\/\">Reale Prima Mixta<\/a><\/li> <li><a href=\"https:\/\/idecesos.com\/seguros\/companias\/reale\/prima-natural\/\">Reale Prima Natural<\/a><\/li> <li><a href=\"https:\/\/idecesos.com\/seguros\/companias\/reale\/prima-nivelada\/\">Reale Prima Nivelada<\/a><\/li> <li><a href=\"https:\/\/idecesos.com\/seguros\/companias\/reale\/prima-unica\/\">Reale Prima \u00danica<\/a><\/li> <li><a href=\"https:\/\/idecesos.com\/seguros\/companias\/reale\/repatriacion\/\">Reale Repatriaci\u00f3n<\/a><\/li> <li><a href=\"https:\/\/idecesos.com\/seguros\/companias\/reale\/telefono\/\">Tel\u00e9fono Gratuito Reale<\/a><\/li>   <\/ul><\/div> <\/div><\/p>","protected":false},"excerpt":{"rendered":"<p>En este apartado, vamos a mostrarte los pasos para anular tu seguro de fallecimiento. Si piensas que dar de baja el seguro de decesos es complicado, en esta p\u00e1gina vamos a explic\u00e1rtelo de la forma m\u00e1s f\u00e1cil posible. Ahora vas a conocer las diferentes formas que tienes para dar de baja tu seguro y los&hellip; <\/p>\n","protected":false},"author":1,"featured_media":0,"parent":464,"menu_order":0,"comment_status":"closed","ping_status":"closed","template":"single.php","meta":{"footnotes":""},"class_list":["post-18069","page","type-page","status-publish","hentry"],"yoast_head":"<!-- This site is optimized with the Yoast SEO plugin v27.5 - https:\/\/yoast.com\/product\/yoast-seo-wordpress\/ -->\n<title>\u00bfC\u00f3mo dar de Baja o Cancelar Seguro de Decesos Reale?<\/title>\n<meta name=\"description\" content=\"Obt\u00e9n aqu\u00ed\u3010c\u00f3mo dar de baja o cancelar seguro de decesos Reale\u3011Modelo carta, fax, correo electr\u00f3nico (email), tel\u00e9fono gratis.\" \/>\n<meta name=\"robots\" content=\"index, follow, max-snippet:-1, max-image-preview:large, max-video-preview:-1\" \/>\n<link rel=\"canonical\" href=\"https:\/\/idecesos.com\/seguros\/companias\/reale\/dar-de-baja\/\" \/>\n<meta property=\"og:locale\" content=\"es_ES\" \/>\n<meta property=\"og:type\" content=\"article\" \/>\n<meta property=\"og:title\" content=\"\u00bfC\u00f3mo dar de Baja o Cancelar Seguro de Decesos Reale?\" \/>\n<meta property=\"og:description\" content=\"Obt\u00e9n aqu\u00ed\u3010c\u00f3mo dar de baja o cancelar seguro de decesos Reale\u3011Modelo carta, fax, correo electr\u00f3nico (email), tel\u00e9fono gratis.\" \/>\n<meta property=\"og:url\" content=\"https:\/\/idecesos.com\/seguros\/companias\/reale\/dar-de-baja\/\" \/>\n<meta property=\"article:modified_time\" content=\"2022-01-26T17:28:21+00:00\" \/>\n<meta name=\"twitter:card\" content=\"summary_large_image\" \/>\n<meta name=\"twitter:label1\" content=\"Tiempo de lectura\" \/>\n\t<meta name=\"twitter:data1\" content=\"5 minutos\" \/>\n<script type=\"application\/ld+json\" class=\"yoast-schema-graph\">{\"@context\":\"https:\\\/\\\/schema.org\",\"@graph\":[{\"@type\":\"WebPage\",\"@id\":\"https:\\\/\\\/idecesos.com\\\/seguros\\\/companias\\\/reale\\\/dar-de-baja\\\/\",\"url\":\"https:\\\/\\\/idecesos.com\\\/seguros\\\/companias\\\/reale\\\/dar-de-baja\\\/\",\"name\":\"\u00bfC\u00f3mo dar de Baja o Cancelar Seguro de Decesos Reale?\",\"isPartOf\":{\"@id\":\"https:\\\/\\\/idecesos.com\\\/seguros\\\/#website\"},\"datePublished\":\"2021-12-29T11:45:57+00:00\",\"dateModified\":\"2022-01-26T17:28:21+00:00\",\"description\":\"Obt\u00e9n aqu\u00ed\u3010c\u00f3mo dar de baja o cancelar seguro de decesos Reale\u3011Modelo carta, fax, correo electr\u00f3nico (email), tel\u00e9fono gratis.\",\"breadcrumb\":{\"@id\":\"https:\\\/\\\/idecesos.com\\\/seguros\\\/companias\\\/reale\\\/dar-de-baja\\\/#breadcrumb\"},\"inLanguage\":\"es\",\"potentialAction\":[{\"@type\":\"ReadAction\",\"target\":[\"https:\\\/\\\/idecesos.com\\\/seguros\\\/companias\\\/reale\\\/dar-de-baja\\\/\"]}]},{\"@type\":\"BreadcrumbList\",\"@id\":\"https:\\\/\\\/idecesos.com\\\/seguros\\\/companias\\\/reale\\\/dar-de-baja\\\/#breadcrumb\",\"itemListElement\":[{\"@type\":\"ListItem\",\"position\":1,\"name\":\"Portada\",\"item\":\"https:\\\/\\\/idecesos.com\\\/seguros\\\/\"},{\"@type\":\"ListItem\",\"position\":2,\"name\":\"Compa\u00f1\u00edas de Seguros de Decesos en Espa\u00f1a\",\"item\":\"https:\\\/\\\/idecesos.com\\\/seguros\\\/companias\\\/\"},{\"@type\":\"ListItem\",\"position\":3,\"name\":\"Seguro de decesos Reale\",\"item\":\"https:\\\/\\\/idecesos.com\\\/seguros\\\/companias\\\/reale\\\/\"},{\"@type\":\"ListItem\",\"position\":4,\"name\":\"\u00bfC\u00f3mo dar de baja seguro Reale?\"}]},{\"@type\":\"WebSite\",\"@id\":\"https:\\\/\\\/idecesos.com\\\/seguros\\\/#website\",\"url\":\"https:\\\/\\\/idecesos.com\\\/seguros\\\/\",\"name\":\"\",\"description\":\"\",\"potentialAction\":[{\"@type\":\"SearchAction\",\"target\":{\"@type\":\"EntryPoint\",\"urlTemplate\":\"https:\\\/\\\/idecesos.com\\\/seguros\\\/?s={search_term_string}\"},\"query-input\":{\"@type\":\"PropertyValueSpecification\",\"valueRequired\":true,\"valueName\":\"search_term_string\"}}],\"inLanguage\":\"es\"}]}<\/script>\n<!-- \/ Yoast SEO plugin. -->","yoast_head_json":{"title":"\u00bfC\u00f3mo dar de Baja o Cancelar Seguro de Decesos Reale?","description":"Obt\u00e9n aqu\u00ed\u3010c\u00f3mo dar de baja o cancelar seguro de decesos Reale\u3011Modelo carta, fax, correo electr\u00f3nico (email), tel\u00e9fono gratis.","robots":{"index":"index","follow":"follow","max-snippet":"max-snippet:-1","max-image-preview":"max-image-preview:large","max-video-preview":"max-video-preview:-1"},"canonical":"https:\/\/idecesos.com\/seguros\/companias\/reale\/dar-de-baja\/","og_locale":"es_ES","og_type":"article","og_title":"\u00bfC\u00f3mo dar de Baja o Cancelar Seguro de Decesos Reale?","og_description":"Obt\u00e9n aqu\u00ed\u3010c\u00f3mo dar de baja o cancelar seguro de decesos Reale\u3011Modelo carta, fax, correo electr\u00f3nico (email), tel\u00e9fono gratis.","og_url":"https:\/\/idecesos.com\/seguros\/companias\/reale\/dar-de-baja\/","article_modified_time":"2022-01-26T17:28:21+00:00","twitter_card":"summary_large_image","twitter_misc":{"Tiempo de lectura":"5 minutos"},"schema":{"@context":"https:\/\/schema.org","@graph":[{"@type":"WebPage","@id":"https:\/\/idecesos.com\/seguros\/companias\/reale\/dar-de-baja\/","url":"https:\/\/idecesos.com\/seguros\/companias\/reale\/dar-de-baja\/","name":"\u00bfC\u00f3mo dar de Baja o Cancelar Seguro de Decesos Reale?","isPartOf":{"@id":"https:\/\/idecesos.com\/seguros\/#website"},"datePublished":"2021-12-29T11:45:57+00:00","dateModified":"2022-01-26T17:28:21+00:00","description":"Obt\u00e9n aqu\u00ed\u3010c\u00f3mo dar de baja o cancelar seguro de decesos Reale\u3011Modelo carta, fax, correo electr\u00f3nico (email), tel\u00e9fono gratis.","breadcrumb":{"@id":"https:\/\/idecesos.com\/seguros\/companias\/reale\/dar-de-baja\/#breadcrumb"},"inLanguage":"es","potentialAction":[{"@type":"ReadAction","target":["https:\/\/idecesos.com\/seguros\/companias\/reale\/dar-de-baja\/"]}]},{"@type":"BreadcrumbList","@id":"https:\/\/idecesos.com\/seguros\/companias\/reale\/dar-de-baja\/#breadcrumb","itemListElement":[{"@type":"ListItem","position":1,"name":"Portada","item":"https:\/\/idecesos.com\/seguros\/"},{"@type":"ListItem","position":2,"name":"Compa\u00f1\u00edas de Seguros de Decesos en Espa\u00f1a","item":"https:\/\/idecesos.com\/seguros\/companias\/"},{"@type":"ListItem","position":3,"name":"Seguro de decesos Reale","item":"https:\/\/idecesos.com\/seguros\/companias\/reale\/"},{"@type":"ListItem","position":4,"name":"\u00bfC\u00f3mo dar de baja seguro Reale?"}]},{"@type":"WebSite","@id":"https:\/\/idecesos.com\/seguros\/#website","url":"https:\/\/idecesos.com\/seguros\/","name":"","description":"","potentialAction":[{"@type":"SearchAction","target":{"@type":"EntryPoint","urlTemplate":"https:\/\/idecesos.com\/seguros\/?s={search_term_string}"},"query-input":{"@type":"PropertyValueSpecification","valueRequired":true,"valueName":"search_term_string"}}],"inLanguage":"es"}]}},"_links":{"self":[{"href":"https:\/\/idecesos.com\/seguros\/wp-json\/wp\/v2\/pages\/18069","targetHints":{"allow":["GET"]}}],"collection":[{"href":"https:\/\/idecesos.com\/seguros\/wp-json\/wp\/v2\/pages"}],"about":[{"href":"https:\/\/idecesos.com\/seguros\/wp-json\/wp\/v2\/types\/page"}],"author":[{"embeddable":true,"href":"https:\/\/idecesos.com\/seguros\/wp-json\/wp\/v2\/users\/1"}],"replies":[{"embeddable":true,"href":"https:\/\/idecesos.com\/seguros\/wp-json\/wp\/v2\/comments?post=18069"}],"version-history":[{"count":4,"href":"https:\/\/idecesos.com\/seguros\/wp-json\/wp\/v2\/pages\/18069\/revisions"}],"predecessor-version":[{"id":19056,"href":"https:\/\/idecesos.com\/seguros\/wp-json\/wp\/v2\/pages\/18069\/revisions\/19056"}],"up":[{"embeddable":true,"href":"https:\/\/idecesos.com\/seguros\/wp-json\/wp\/v2\/pages\/464"}],"wp:attachment":[{"href":"https:\/\/idecesos.com\/seguros\/wp-json\/wp\/v2\/media?parent=18069"}],"curies":[{"name":"wp","href":"https:\/\/api.w.org\/{rel}","templated":true}]}}