{"id":18072,"date":"2021-12-29T11:52:49","date_gmt":"2021-12-29T11:45:59","guid":{"rendered":"https:\/\/idecesos.com\/seguros\/companias\/banco-triodos-bank\/dar-de-baja\/"},"modified":"2022-01-26T16:51:14","modified_gmt":"2022-01-26T16:51:14","slug":"dar-de-baja","status":"publish","type":"page","link":"https:\/\/idecesos.com\/seguros\/companias\/banco-triodos-bank\/dar-de-baja\/","title":{"rendered":"\u00bfC\u00f3mo dar de baja seguro Triodos Bank?"},"content":{"rendered":"<div id=\"ez-toc-container\" class=\"ez-toc-v2_0_82_2 ez-toc-wrap-center counter-hierarchy ez-toc-counter ez-toc-custom ez-toc-container-direction\">\n<div class=\"ez-toc-title-container\">\n<p class=\"ez-toc-title\" style=\"cursor:inherit\">Tabla de Contenido<\/p>\n<span class=\"ez-toc-title-toggle\"><a href=\"#\" class=\"ez-toc-pull-right ez-toc-btn ez-toc-btn-xs ez-toc-btn-default ez-toc-toggle\" aria-label=\"Alternar tabla de contenidos\"><span class=\"ez-toc-js-icon-con\"><span class=\"\"><span class=\"eztoc-hide\" style=\"display:none;\">Toggle<\/span><span class=\"ez-toc-icon-toggle-span\"><svg style=\"fill: #db6415;color:#db6415\" xmlns=\"http:\/\/www.w3.org\/2000\/svg\" class=\"list-377408\" width=\"20px\" height=\"20px\" viewBox=\"0 0 24 24\" fill=\"none\"><path d=\"M6 6H4v2h2V6zm14 0H8v2h12V6zM4 11h2v2H4v-2zm16 0H8v2h12v-2zM4 16h2v2H4v-2zm16 0H8v2h12v-2z\" fill=\"currentColor\"><\/path><\/svg><svg style=\"fill: #db6415;color:#db6415\" class=\"arrow-unsorted-368013\" xmlns=\"http:\/\/www.w3.org\/2000\/svg\" width=\"10px\" height=\"10px\" viewBox=\"0 0 24 24\" version=\"1.2\" baseProfile=\"tiny\"><path d=\"M18.2 9.3l-6.2-6.3-6.2 6.3c-.2.2-.3.4-.3.7s.1.5.3.7c.2.2.4.3.7.3h11c.3 0 .5-.1.7-.3.2-.2.3-.5.3-.7s-.1-.5-.3-.7zM5.8 14.7l6.2 6.3 6.2-6.3c.2-.2.3-.5.3-.7s-.1-.5-.3-.7c-.2-.2-.4-.3-.7-.3h-11c-.3 0-.5.1-.7.3-.2.2-.3.5-.3.7s.1.5.3.7z\"\/><\/svg><\/span><\/span><\/span><\/a><\/span><\/div>\n<nav><ul class='ez-toc-list ez-toc-list-level-1 ' ><li class='ez-toc-page-1 ez-toc-heading-level-2'><a class=\"ez-toc-link ez-toc-heading-1\" href=\"https:\/\/idecesos.com\/seguros\/companias\/banco-triodos-bank\/dar-de-baja\/#Diferentes_opciones_para_cancelar_un_contrato_con_Triodos_Bank\" >Diferentes opciones para cancelar un contrato con Triodos Bank<\/a><ul class='ez-toc-list-level-3' ><li class='ez-toc-heading-level-3'><a class=\"ez-toc-link ez-toc-heading-2\" href=\"https:\/\/idecesos.com\/seguros\/companias\/banco-triodos-bank\/dar-de-baja\/#A_traves_de_la_web_de_Triodos_Bank\" >A trav\u00e9s de la web de Triodos Bank<\/a><\/li><li class='ez-toc-page-1 ez-toc-heading-level-3'><a class=\"ez-toc-link ez-toc-heading-3\" href=\"https:\/\/idecesos.com\/seguros\/companias\/banco-triodos-bank\/dar-de-baja\/#Utilizando_el_correo_electronico_de_Triodos_Bank\" >Utilizando el correo electr\u00f3nico de Triodos Bank<\/a><\/li><li class='ez-toc-page-1 ez-toc-heading-level-3'><a class=\"ez-toc-link ez-toc-heading-4\" href=\"https:\/\/idecesos.com\/seguros\/companias\/banco-triodos-bank\/dar-de-baja\/#Dar_de_baja_Triodos_Bank_por_fax\" >Dar de baja Triodos Bank por fax<\/a><\/li><li class='ez-toc-page-1 ez-toc-heading-level-3'><a class=\"ez-toc-link ez-toc-heading-5\" href=\"https:\/\/idecesos.com\/seguros\/companias\/banco-triodos-bank\/dar-de-baja\/#En_la_oficina_de_Triodos_Bank\" >En la oficina de Triodos Bank<\/a><\/li><li class='ez-toc-page-1 ez-toc-heading-level-3'><a class=\"ez-toc-link ez-toc-heading-6\" href=\"https:\/\/idecesos.com\/seguros\/companias\/banco-triodos-bank\/dar-de-baja\/#Telefono_para_dar_de_baja_Triodos_Bank\" >T\u00e9lefono para dar de baja Triodos Bank<\/a><\/li><\/ul><\/li><li class='ez-toc-page-1 ez-toc-heading-level-2'><a class=\"ez-toc-link ez-toc-heading-7\" href=\"https:\/\/idecesos.com\/seguros\/companias\/banco-triodos-bank\/dar-de-baja\/#Dar_de_baja_seguro_Triodos_Bank_de_un_fallecido\" >Dar de baja seguro Triodos Bank de un fallecido<\/a><ul class='ez-toc-list-level-3' ><li class='ez-toc-heading-level-3'><a class=\"ez-toc-link ez-toc-heading-8\" href=\"https:\/\/idecesos.com\/seguros\/companias\/banco-triodos-bank\/dar-de-baja\/#Paginas_relacionadas\" >P\u00e1ginas relacionadas<\/a><\/li><\/ul><\/li><\/ul><\/nav><\/div>\n<p> Solo deber\u00e1s proseguir las indicaciones que te mostramos a fin de que puedas dar de baja tu seguro. El paso inicial que debes de proseguir es revisar tu contrato y conocer los datos de tu compa\u00f1\u00eda aseguradora. Cuando conozcas la informaci\u00f3n necesaria de tu compa\u00f1\u00eda de seguros, podr\u00e1s buscar en la red la direcci\u00f3n de la compa\u00f1\u00eda. Cuando conozcas la direcci\u00f3n de tu compa\u00f1\u00eda aseguradora, ponte en contacto con ellos por medio de su tel\u00e9fono de atenci\u00f3n al usuario. Cuando concluyas de hablar con atenci\u00f3n al cliente, te indicar\u00e1n que puedes pedir la baja del seguro mediante el tel\u00e9fono o bien correo electr\u00f3nico. Al haber dado de baja su seguro de decesos va a poder comunicar a la compa\u00f1\u00eda por escrito la resoluci\u00f3n, si ha hecho esto ya podr\u00e1 comunicar a la compa\u00f1\u00eda que ya no se quiere hacer cargo de su seguro de defunci\u00f3n. <div class=\"colorf \"  ><div class=\"container clearfix\"><div class=\"col-md-7\"><\/p>\r\n<h2><span class=\"ez-toc-section\" id=\"Diferentes_opciones_para_cancelar_un_contrato_con_Triodos_Bank\"><\/span>Diferentes opciones para cancelar un contrato con Triodos Bank<span class=\"ez-toc-section-end\"><\/span><\/h2>\r\n<!-- \/wp:post-content -->\r\n\r\n<!-- wp:paragraph -->\r\n<p>Cada compa\u00f1\u00eda marcha de una manera diferente mas, en pr\u00e1cticamente todas ellas, deber\u00e1 dar un documento en el que pida la baja de su seguro de decesos y, en consecuencia, sus servicios. El documento de Triodos Bank podr\u00e1 conseguirlo poni\u00e9ndose en contacto con nosotros, a trav\u00e9s del e-mail o n\u00famero. Si bien existan distintas formas de dar de baja su seguro, al enviar una carta certificada, con el modelo est\u00e1ndar, de cancelaci\u00f3n de su contrato con Triodos Bank, va a deber darlo por \u00f3ptimo. Es aconsejable que haga una copia del documento y la guarde al lado del original. Ahora, le mostramos otras opciones diferentes sobre de qu\u00e9 manera darse de baja del seguro de decesos de Triodos Bank. <\/div><\/div><\/div><\/p>\r\n<h3><span class=\"ez-toc-section\" id=\"A_traves_de_la_web_de_Triodos_Bank\"><\/span>A trav\u00e9s de la web de Triodos Bank<span class=\"ez-toc-section-end\"><\/span><\/h3>\r\n<p>El acceso a su web www.triodos.es\/es\/contacto y teclear en su buscador lo que necesites saber, es una de las opciones para dar de baja su seguro de decesos. Entonces, tendr\u00e1 la posibilidad de elegir entre distintas opciones. Elija la m\u00e1s correcta a sus necesidades y siga siguiendo los pasos que se le se\u00f1alen. Es muy simple. Si en cualquier instante tiene dudas o no halla esta alternativa, va a tener la posibilidad de contactar con Triodos Bank mediante su n\u00famero 91 640 46 84. Para finalizar su solicitud y, caso de que s\u00ed le aparezca esa opci\u00f3n, deber\u00e1 rellenar un formulario o bien descargar el documento que se le pida. <div class=\"colorf \"  ><div class=\"container clearfix\"><div class=\"col-md-7\"><\/p>\r\n<h3><span class=\"ez-toc-section\" id=\"Utilizando_el_correo_electronico_de_Triodos_Bank\"><\/span>Utilizando el correo electr\u00f3nico de Triodos Bank<span class=\"ez-toc-section-end\"><\/span><\/h3>\r\n<p>Env\u00edales un mail a tu compa\u00f1\u00eda si quieres dar de baja tu seguro de decesos. Tendr\u00e1s que enviarles una copia del DNI del asegurado y una notificaci\u00f3n donde se pida el fin del contrato del seguro de decesos firmada con los datos personales. Deber\u00e1 guardar una copia sellada y tener un justificante de recibo a fin de que su ejecuci\u00f3n pueda realizarse. Adem\u00e1s, con lo que pueda pasar, le aconsejamos que guarde una copia de la notificaci\u00f3n del correo con su fecha de env\u00edo por lo que pueda ocurrir en el futuro. Manda a tu compa\u00f1\u00eda por e-mail el n\u00famero de tu p\u00f3liza antes de los 30 d\u00edas del vencimiento del contrato. <\/div><\/div><\/div><\/p>\r\n<h3><span class=\"ez-toc-section\" id=\"Dar_de_baja_Triodos_Bank_por_fax\"><\/span>Dar de baja Triodos Bank por fax<span class=\"ez-toc-section-end\"><\/span><\/h3>\r\n<p>Utilizar la funci\u00f3n del fax, es otra alternativa para su baja. Es muy parecida a la opci\u00f3n del correo. Para realizar el env\u00edo, debe proseguir exactamente los mismos pasos que de manera digital. Va a deber mandar mediante esta herramienta una copia de su documento de identidad y la notificaci\u00f3n firma de baja que puede localizarla en la p\u00e1gina web de Triodos Bank o bien te la podemos facilitar si nos llamas al 91 640 46 84. Deber\u00e1 tener y, guardar, una copia, correctamente sellada, y el justificante del recibo. No va a tener ning\u00fan tipo de incidencia en el futuro, si guarda una imitaci\u00f3n de la notificaci\u00f3n, con la data adecuada de env\u00edo. <div class=\"colorf \"  ><div class=\"container clearfix\"><div class=\"col-md-7\"><\/p>\r\n<h3><span class=\"ez-toc-section\" id=\"En_la_oficina_de_Triodos_Bank\"><\/span>En la oficina de Triodos Bank<span class=\"ez-toc-section-end\"><\/span><\/h3>\r\n<p>Si a\u00fan no se ha decidido por un m\u00e9todo, aqu\u00ed le dejamos otro por si acaso no controla muy bien las nuevas tecnolog\u00edas y estos m\u00e9todos de env\u00edo. Asiste a la oficina de tu empresa de seguros para proceder a dar de baja el seguro de decesos. Emplea un buscador de internet para conseguir la informaci\u00f3n de la oficina m\u00e1s pr\u00f3xima a tu domicilio. Solicita cita ya antes de acudir a la oficina y acude en el horario detallado. Para lograr la baja de tu seguro de decesos, solo deber\u00e1s proseguirse los pasos que se te indican. <\/div><\/div><\/div><\/p>\r\n<h3><span class=\"ez-toc-section\" id=\"Telefono_para_dar_de_baja_Triodos_Bank\"><\/span>T\u00e9lefono para dar de baja Triodos Bank<span class=\"ez-toc-section-end\"><\/span><\/h3>\r\n<p>Finalmente su contrato con Triodos Bank, de forma telef\u00f3nica, solo tendr\u00e1 que proseguir los f\u00e1ciles pasos que el experto le vaya se\u00f1alando. Para esto, va a deber buscar en la red de redes el n\u00famero de contacto correcto o bien llamar de manera directa a este n\u00famero 91 640 46 84. Siguiendo los pasos que le se\u00f1alen, en tan solo dos minutos todo estar\u00e1 solucionado y el agente se pondr\u00e1 inmediatamente con todos los tr\u00e1mites para terminar con su contrato de baja, con lo que puede estar tranquilo. <div class=\"colorf \"  ><div class=\"container clearfix\"><div class=\"col-md-7\"><\/p>\r\n<h2><span class=\"ez-toc-section\" id=\"Dar_de_baja_seguro_Triodos_Bank_de_un_fallecido\"><\/span>Dar de baja seguro Triodos Bank de un fallecido<span class=\"ez-toc-section-end\"><\/span><\/h2>\r\n<p>Para finiquitar, tendr\u00e1 una explicaci\u00f3n detallada de de qu\u00e9 forma dar de baja el seguro, tras el fallecimiento de la persona asegurada. Debido a la ausencia de la persona que ha contratado el seguro, puede parecer bastante dif\u00edcil su baja pero, con nosotros, ser\u00e1 considerablemente m\u00e1s simple de lo que semeja. Es muy diferente a los otros m\u00e9todos, no deber\u00e1 hacer ning\u00fan tr\u00e1mite de los explicados previamente. En el mismo momento de la muerte de la persona asegurada, Triodos Bank se ocupar\u00e1 de anular el seguro que ten\u00eda contratado. Triodos Bank, tras el sepelio de la persona asegurada, se encargar\u00e1 de todos y cada uno de los tr\u00e1mites legales para darle de baja y, los familiares no deber\u00e1n preocuparse, podr\u00e1n estar sosegados. <\/div><\/div><\/div> <div class=\"oficinas\"> <h3><span class=\"ez-toc-section\" id=\"Paginas_relacionadas\"><\/span>P\u00e1ginas relacionadas<span class=\"ez-toc-section-end\"><\/span><\/h3><div class=\"enlazado\"><ul> <li><a href=\"https:\/\/idecesos.com\/seguros\/companias\/banco-triodos-bank\/opiniones\/\">Opiniones Triodos Bank<\/a><\/li> <li><a href=\"https:\/\/idecesos.com\/seguros\/companias\/banco-triodos-bank\/precio\/\">Precio seguro Triodos Bank<\/a><\/li> <li><a href=\"https:\/\/idecesos.com\/seguros\/companias\/banco-triodos-bank\/prima-mixta\/\">Triodos Bank Prima Mixta<\/a><\/li> <li><a href=\"https:\/\/idecesos.com\/seguros\/companias\/banco-triodos-bank\/prima-natural\/\">Triodos Bank Prima Natural<\/a><\/li> <li><a href=\"https:\/\/idecesos.com\/seguros\/companias\/banco-triodos-bank\/prima-nivelada\/\">Triodos Bank Prima Nivelada<\/a><\/li> <li><a href=\"https:\/\/idecesos.com\/seguros\/companias\/banco-triodos-bank\/prima-unica\/\">Triodos Bank Prima \u00danica<\/a><\/li> <li><a href=\"https:\/\/idecesos.com\/seguros\/companias\/banco-triodos-bank\/repatriacion\/\">Triodos Bank Repatriaci\u00f3n<\/a><\/li> <li><a href=\"https:\/\/idecesos.com\/seguros\/companias\/banco-triodos-bank\/telefono\/\">Tel\u00e9fono Gratuito Triodos Bank<\/a><\/li><\/ul><\/div> <\/div><\/p>","protected":false},"excerpt":{"rendered":"<p>Solo deber\u00e1s proseguir las indicaciones que te mostramos a fin de que puedas dar de baja tu seguro. El paso inicial que debes de proseguir es revisar tu contrato y conocer los datos de tu compa\u00f1\u00eda aseguradora. Cuando conozcas la informaci\u00f3n necesaria de tu compa\u00f1\u00eda de seguros, podr\u00e1s buscar en la red la direcci\u00f3n de&hellip; <\/p>\n","protected":false},"author":1,"featured_media":0,"parent":504,"menu_order":0,"comment_status":"closed","ping_status":"closed","template":"single.php","meta":{"footnotes":""},"class_list":["post-18072","page","type-page","status-publish","hentry"],"yoast_head":"<!-- This site is optimized with the Yoast SEO plugin v27.3 - https:\/\/yoast.com\/product\/yoast-seo-wordpress\/ -->\n<title>\u00bfC\u00f3mo dar de Baja o Cancelar Seguro de Decesos Triodos Bank?<\/title>\n<meta name=\"description\" content=\"Obt\u00e9n aqu\u00ed\u3010c\u00f3mo dar de baja o cancelar seguro de decesos Triodos Bank\u3011Modelo carta, fax, correo electr\u00f3nico (email), tel\u00e9fono gratis.\" \/>\n<meta name=\"robots\" content=\"index, follow, max-snippet:-1, max-image-preview:large, max-video-preview:-1\" \/>\n<link rel=\"canonical\" href=\"https:\/\/idecesos.com\/seguros\/companias\/banco-triodos-bank\/dar-de-baja\/\" \/>\n<meta property=\"og:locale\" content=\"es_ES\" \/>\n<meta property=\"og:type\" content=\"article\" \/>\n<meta property=\"og:title\" content=\"\u00bfC\u00f3mo dar de Baja o Cancelar Seguro de Decesos Triodos Bank?\" \/>\n<meta property=\"og:description\" content=\"Obt\u00e9n aqu\u00ed\u3010c\u00f3mo dar de baja o cancelar seguro de decesos Triodos Bank\u3011Modelo carta, fax, correo electr\u00f3nico (email), tel\u00e9fono gratis.\" \/>\n<meta property=\"og:url\" content=\"https:\/\/idecesos.com\/seguros\/companias\/banco-triodos-bank\/dar-de-baja\/\" \/>\n<meta property=\"article:modified_time\" content=\"2022-01-26T16:51:14+00:00\" \/>\n<meta name=\"twitter:card\" content=\"summary_large_image\" \/>\n<meta name=\"twitter:label1\" content=\"Tiempo de lectura\" \/>\n\t<meta name=\"twitter:data1\" content=\"15 minutos\" \/>\n<script type=\"application\/ld+json\" class=\"yoast-schema-graph\">{\"@context\":\"https:\\\/\\\/schema.org\",\"@graph\":[{\"@type\":\"WebPage\",\"@id\":\"https:\\\/\\\/idecesos.com\\\/seguros\\\/companias\\\/banco-triodos-bank\\\/dar-de-baja\\\/\",\"url\":\"https:\\\/\\\/idecesos.com\\\/seguros\\\/companias\\\/banco-triodos-bank\\\/dar-de-baja\\\/\",\"name\":\"\u00bfC\u00f3mo dar de Baja o Cancelar Seguro de Decesos Triodos Bank?\",\"isPartOf\":{\"@id\":\"https:\\\/\\\/idecesos.com\\\/seguros\\\/#website\"},\"datePublished\":\"2021-12-29T11:45:59+00:00\",\"dateModified\":\"2022-01-26T16:51:14+00:00\",\"description\":\"Obt\u00e9n aqu\u00ed\u3010c\u00f3mo dar de baja o cancelar seguro de decesos Triodos Bank\u3011Modelo carta, fax, correo electr\u00f3nico (email), tel\u00e9fono gratis.\",\"breadcrumb\":{\"@id\":\"https:\\\/\\\/idecesos.com\\\/seguros\\\/companias\\\/banco-triodos-bank\\\/dar-de-baja\\\/#breadcrumb\"},\"inLanguage\":\"es\",\"potentialAction\":[{\"@type\":\"ReadAction\",\"target\":[\"https:\\\/\\\/idecesos.com\\\/seguros\\\/companias\\\/banco-triodos-bank\\\/dar-de-baja\\\/\"]}]},{\"@type\":\"BreadcrumbList\",\"@id\":\"https:\\\/\\\/idecesos.com\\\/seguros\\\/companias\\\/banco-triodos-bank\\\/dar-de-baja\\\/#breadcrumb\",\"itemListElement\":[{\"@type\":\"ListItem\",\"position\":1,\"name\":\"Portada\",\"item\":\"https:\\\/\\\/idecesos.com\\\/seguros\\\/\"},{\"@type\":\"ListItem\",\"position\":2,\"name\":\"Compa\u00f1\u00edas de Seguros de Decesos en Espa\u00f1a\",\"item\":\"https:\\\/\\\/idecesos.com\\\/seguros\\\/companias\\\/\"},{\"@type\":\"ListItem\",\"position\":3,\"name\":\"Seguro de decesos Triodos Bank\",\"item\":\"https:\\\/\\\/idecesos.com\\\/seguros\\\/companias\\\/banco-triodos-bank\\\/\"},{\"@type\":\"ListItem\",\"position\":4,\"name\":\"\u00bfC\u00f3mo dar de baja seguro Triodos Bank?\"}]},{\"@type\":\"WebSite\",\"@id\":\"https:\\\/\\\/idecesos.com\\\/seguros\\\/#website\",\"url\":\"https:\\\/\\\/idecesos.com\\\/seguros\\\/\",\"name\":\"\",\"description\":\"\",\"potentialAction\":[{\"@type\":\"SearchAction\",\"target\":{\"@type\":\"EntryPoint\",\"urlTemplate\":\"https:\\\/\\\/idecesos.com\\\/seguros\\\/?s={search_term_string}\"},\"query-input\":{\"@type\":\"PropertyValueSpecification\",\"valueRequired\":true,\"valueName\":\"search_term_string\"}}],\"inLanguage\":\"es\"}]}<\/script>\n<!-- \/ Yoast SEO plugin. -->","yoast_head_json":{"title":"\u00bfC\u00f3mo dar de Baja o Cancelar Seguro de Decesos Triodos Bank?","description":"Obt\u00e9n aqu\u00ed\u3010c\u00f3mo dar de baja o cancelar seguro de decesos Triodos Bank\u3011Modelo carta, fax, correo electr\u00f3nico (email), tel\u00e9fono gratis.","robots":{"index":"index","follow":"follow","max-snippet":"max-snippet:-1","max-image-preview":"max-image-preview:large","max-video-preview":"max-video-preview:-1"},"canonical":"https:\/\/idecesos.com\/seguros\/companias\/banco-triodos-bank\/dar-de-baja\/","og_locale":"es_ES","og_type":"article","og_title":"\u00bfC\u00f3mo dar de Baja o Cancelar Seguro de Decesos Triodos Bank?","og_description":"Obt\u00e9n aqu\u00ed\u3010c\u00f3mo dar de baja o cancelar seguro de decesos Triodos Bank\u3011Modelo carta, fax, correo electr\u00f3nico (email), tel\u00e9fono gratis.","og_url":"https:\/\/idecesos.com\/seguros\/companias\/banco-triodos-bank\/dar-de-baja\/","article_modified_time":"2022-01-26T16:51:14+00:00","twitter_card":"summary_large_image","twitter_misc":{"Tiempo de lectura":"15 minutos"},"schema":{"@context":"https:\/\/schema.org","@graph":[{"@type":"WebPage","@id":"https:\/\/idecesos.com\/seguros\/companias\/banco-triodos-bank\/dar-de-baja\/","url":"https:\/\/idecesos.com\/seguros\/companias\/banco-triodos-bank\/dar-de-baja\/","name":"\u00bfC\u00f3mo dar de Baja o Cancelar Seguro de Decesos Triodos Bank?","isPartOf":{"@id":"https:\/\/idecesos.com\/seguros\/#website"},"datePublished":"2021-12-29T11:45:59+00:00","dateModified":"2022-01-26T16:51:14+00:00","description":"Obt\u00e9n aqu\u00ed\u3010c\u00f3mo dar de baja o cancelar seguro de decesos Triodos Bank\u3011Modelo carta, fax, correo electr\u00f3nico (email), tel\u00e9fono gratis.","breadcrumb":{"@id":"https:\/\/idecesos.com\/seguros\/companias\/banco-triodos-bank\/dar-de-baja\/#breadcrumb"},"inLanguage":"es","potentialAction":[{"@type":"ReadAction","target":["https:\/\/idecesos.com\/seguros\/companias\/banco-triodos-bank\/dar-de-baja\/"]}]},{"@type":"BreadcrumbList","@id":"https:\/\/idecesos.com\/seguros\/companias\/banco-triodos-bank\/dar-de-baja\/#breadcrumb","itemListElement":[{"@type":"ListItem","position":1,"name":"Portada","item":"https:\/\/idecesos.com\/seguros\/"},{"@type":"ListItem","position":2,"name":"Compa\u00f1\u00edas de Seguros de Decesos en Espa\u00f1a","item":"https:\/\/idecesos.com\/seguros\/companias\/"},{"@type":"ListItem","position":3,"name":"Seguro de decesos Triodos Bank","item":"https:\/\/idecesos.com\/seguros\/companias\/banco-triodos-bank\/"},{"@type":"ListItem","position":4,"name":"\u00bfC\u00f3mo dar de baja seguro Triodos Bank?"}]},{"@type":"WebSite","@id":"https:\/\/idecesos.com\/seguros\/#website","url":"https:\/\/idecesos.com\/seguros\/","name":"","description":"","potentialAction":[{"@type":"SearchAction","target":{"@type":"EntryPoint","urlTemplate":"https:\/\/idecesos.com\/seguros\/?s={search_term_string}"},"query-input":{"@type":"PropertyValueSpecification","valueRequired":true,"valueName":"search_term_string"}}],"inLanguage":"es"}]}},"_links":{"self":[{"href":"https:\/\/idecesos.com\/seguros\/wp-json\/wp\/v2\/pages\/18072","targetHints":{"allow":["GET"]}}],"collection":[{"href":"https:\/\/idecesos.com\/seguros\/wp-json\/wp\/v2\/pages"}],"about":[{"href":"https:\/\/idecesos.com\/seguros\/wp-json\/wp\/v2\/types\/page"}],"author":[{"embeddable":true,"href":"https:\/\/idecesos.com\/seguros\/wp-json\/wp\/v2\/users\/1"}],"replies":[{"embeddable":true,"href":"https:\/\/idecesos.com\/seguros\/wp-json\/wp\/v2\/comments?post=18072"}],"version-history":[{"count":7,"href":"https:\/\/idecesos.com\/seguros\/wp-json\/wp\/v2\/pages\/18072\/revisions"}],"predecessor-version":[{"id":19044,"href":"https:\/\/idecesos.com\/seguros\/wp-json\/wp\/v2\/pages\/18072\/revisions\/19044"}],"up":[{"embeddable":true,"href":"https:\/\/idecesos.com\/seguros\/wp-json\/wp\/v2\/pages\/504"}],"wp:attachment":[{"href":"https:\/\/idecesos.com\/seguros\/wp-json\/wp\/v2\/media?parent=18072"}],"curies":[{"name":"wp","href":"https:\/\/api.w.org\/{rel}","templated":true}]}}