{"id":18073,"date":"2021-12-29T11:52:49","date_gmt":"2021-12-29T11:45:59","guid":{"rendered":"https:\/\/idecesos.com\/seguros\/companias\/bbva\/dar-de-baja\/"},"modified":"2022-01-26T15:57:41","modified_gmt":"2022-01-26T15:57:41","slug":"dar-de-baja","status":"publish","type":"page","link":"https:\/\/idecesos.com\/seguros\/companias\/bbva\/dar-de-baja\/","title":{"rendered":"\u00bfC\u00f3mo dar de baja seguro BBVA?"},"content":{"rendered":"<div id=\"ez-toc-container\" class=\"ez-toc-v2_0_82_2 ez-toc-wrap-center counter-hierarchy ez-toc-counter ez-toc-custom ez-toc-container-direction\">\n<div class=\"ez-toc-title-container\">\n<p class=\"ez-toc-title\" style=\"cursor:inherit\">Tabla de Contenido<\/p>\n<span class=\"ez-toc-title-toggle\"><a href=\"#\" class=\"ez-toc-pull-right ez-toc-btn ez-toc-btn-xs ez-toc-btn-default ez-toc-toggle\" aria-label=\"Alternar tabla de contenidos\"><span class=\"ez-toc-js-icon-con\"><span class=\"\"><span class=\"eztoc-hide\" style=\"display:none;\">Toggle<\/span><span class=\"ez-toc-icon-toggle-span\"><svg style=\"fill: #db6415;color:#db6415\" xmlns=\"http:\/\/www.w3.org\/2000\/svg\" class=\"list-377408\" width=\"20px\" height=\"20px\" viewBox=\"0 0 24 24\" fill=\"none\"><path d=\"M6 6H4v2h2V6zm14 0H8v2h12V6zM4 11h2v2H4v-2zm16 0H8v2h12v-2zM4 16h2v2H4v-2zm16 0H8v2h12v-2z\" fill=\"currentColor\"><\/path><\/svg><svg style=\"fill: #db6415;color:#db6415\" class=\"arrow-unsorted-368013\" xmlns=\"http:\/\/www.w3.org\/2000\/svg\" width=\"10px\" height=\"10px\" viewBox=\"0 0 24 24\" version=\"1.2\" baseProfile=\"tiny\"><path d=\"M18.2 9.3l-6.2-6.3-6.2 6.3c-.2.2-.3.4-.3.7s.1.5.3.7c.2.2.4.3.7.3h11c.3 0 .5-.1.7-.3.2-.2.3-.5.3-.7s-.1-.5-.3-.7zM5.8 14.7l6.2 6.3 6.2-6.3c.2-.2.3-.5.3-.7s-.1-.5-.3-.7c-.2-.2-.4-.3-.7-.3h-11c-.3 0-.5.1-.7.3-.2.2-.3.5-.3.7s.1.5.3.7z\"\/><\/svg><\/span><\/span><\/span><\/a><\/span><\/div>\n<nav><ul class='ez-toc-list ez-toc-list-level-1 ' ><li class='ez-toc-page-1 ez-toc-heading-level-2'><a class=\"ez-toc-link ez-toc-heading-1\" href=\"https:\/\/idecesos.com\/seguros\/companias\/bbva\/dar-de-baja\/#Diferentes_opciones_para_cancelar_un_contrato_con_BBVA\" >Diferentes opciones para cancelar un contrato con BBVA<\/a><ul class='ez-toc-list-level-3' ><li class='ez-toc-heading-level-3'><a class=\"ez-toc-link ez-toc-heading-2\" href=\"https:\/\/idecesos.com\/seguros\/companias\/bbva\/dar-de-baja\/#A_traves_de_la_web_de_BBVA\" >A trav\u00e9s de la web de BBVA<\/a><\/li><li class='ez-toc-page-1 ez-toc-heading-level-3'><a class=\"ez-toc-link ez-toc-heading-3\" href=\"https:\/\/idecesos.com\/seguros\/companias\/bbva\/dar-de-baja\/#Utilizando_el_correo_electronico_de_BBVA\" >Utilizando el correo electr\u00f3nico de BBVA<\/a><\/li><li class='ez-toc-page-1 ez-toc-heading-level-3'><a class=\"ez-toc-link ez-toc-heading-4\" href=\"https:\/\/idecesos.com\/seguros\/companias\/bbva\/dar-de-baja\/#Dar_de_baja_BBVA_por_fax\" >Dar de baja BBVA por fax<\/a><\/li><li class='ez-toc-page-1 ez-toc-heading-level-3'><a class=\"ez-toc-link ez-toc-heading-5\" href=\"https:\/\/idecesos.com\/seguros\/companias\/bbva\/dar-de-baja\/#En_la_oficina_de_BBVA\" >En la oficina de BBVA<\/a><\/li><li class='ez-toc-page-1 ez-toc-heading-level-3'><a class=\"ez-toc-link ez-toc-heading-6\" href=\"https:\/\/idecesos.com\/seguros\/companias\/bbva\/dar-de-baja\/#Telefono_para_dar_de_baja_BBVA\" >T\u00e9lefono para dar de baja BBVA<\/a><\/li><\/ul><\/li><li class='ez-toc-page-1 ez-toc-heading-level-2'><a class=\"ez-toc-link ez-toc-heading-7\" href=\"https:\/\/idecesos.com\/seguros\/companias\/bbva\/dar-de-baja\/#Dar_de_baja_seguro_BBVA_de_un_fallecido\" >Dar de baja seguro BBVA de un fallecido<\/a><ul class='ez-toc-list-level-3' ><li class='ez-toc-heading-level-3'><a class=\"ez-toc-link ez-toc-heading-8\" href=\"https:\/\/idecesos.com\/seguros\/companias\/bbva\/dar-de-baja\/#Paginas_relacionadas\" >P\u00e1ginas relacionadas<\/a><\/li><\/ul><\/li><\/ul><\/nav><\/div>\n<p> Seguidamente, vamos a comentarte de qu\u00e9 forma puedes dar de baja tu seguro de decesos. iDecesos ha trabajado para explicarte c\u00f3mo hacerlo y a fin de que no se tenga que preocupar por nada ya que esto puede parecer algo dif\u00edcil o complejo. Ahora vas a conocer las distintas formas que tienes para dar de baja tu seguro y los pasos que debes seguir. Vas a poder dar de baja usted mismo su seguro de decesos tras conocer todas las formas diferentes que tienes para hacer el proceso. Te invitamos a continuar con tu seguro de decesos en tanto que es clave para que puedas vivir m\u00e1s sosegado y sin preocupaciones. <div class=\"colorf \"  ><div class=\"container clearfix\"><div class=\"col-md-7\"><\/p>\r\n<h2><span class=\"ez-toc-section\" id=\"Diferentes_opciones_para_cancelar_un_contrato_con_BBVA\"><\/span>Diferentes opciones para cancelar un contrato con BBVA<span class=\"ez-toc-section-end\"><\/span><\/h2>\r\n<!-- \/wp:post-content -->\r\n\r\n<!-- wp:paragraph -->\r\n<p>En la mayor\u00eda de las compa\u00f1\u00edas aseguradoras se pide a los clientes del servicio un documento en el que se deje por escrito el deseo de darse de baja del seguro o bien alg\u00fan servicio. Para lograr el documento, puedes ponerte en contacto con nosotros en el 951 127 403 o en el info@idecesos. com. Puedes decantarse por enviar una carta certificada con el deseo expreso de anular el contrato con la aseguradora de decesos. Guarde el resguardo del documento y haz una imitaci\u00f3n de este por lo que pueda pasar en un futuro. Si no te convence este procedimiento, puedes usar otras formas para dar de baja tu seguro de decesos en la BBVA. <\/div><\/div><\/div><\/p>\r\n<h3><span class=\"ez-toc-section\" id=\"A_traves_de_la_web_de_BBVA\"><\/span>A trav\u00e9s de la web de BBVA<span class=\"ez-toc-section-end\"><\/span><\/h3>\r\n<p>No olvides comprobar los datos en tanto que si ciertos est\u00e1n mal, la empresa de seguros no proceder\u00e1 a realizar la baja de tu seguro de decesos. \u00bfC\u00f3mo dar de baja un seguro de decesos mediante la p\u00e1gina web de la aseguradora? Para poder dar de baja tu seguro, tendr\u00e1s que acudir al buscador de su web y elegir la opci\u00f3n m\u00e1s asequible. Si tiene alguna duda o bien no le aparece esta opci\u00f3n puede ponerse en contacto con BBVA v\u00eda telef\u00f3nica para que le solucionen el problema de manera directa a trav\u00e9s de el n\u00famero que le facilitamos. De todas maneras, debe rellenar el formulario y descargar los documentos que se te piden a fin de que la solicitud sea v\u00e1lida. No olvides comprobar los datos que tu compa\u00f1\u00eda de seguros te pide para poder gestionar la baja del seguro de decesos. <div class=\"colorf \"  ><div class=\"container clearfix\"><div class=\"col-md-7\"><\/p>\r\n<h3><span class=\"ez-toc-section\" id=\"Utilizando_el_correo_electronico_de_BBVA\"><\/span>Utilizando el correo electr\u00f3nico de BBVA<span class=\"ez-toc-section-end\"><\/span><\/h3>\r\n<p>Otra de las maneras para dar de baja a su seguro de decesos, es a trav\u00e9s del e-mail email BBVA de BBVA. No le llevar\u00e1 mucho tiempo. La informaci\u00f3n que debe precisar en el mensaje, que env\u00ede al c\u00f3digo postal de BBVA, va a ser una imitaci\u00f3n de su DNI y la notificaci\u00f3n firmada, complet\u00e1ndola con sus datos personales. Deber\u00e1 guardar una copia sellada y tener un justificante de recibo para que su ejecuci\u00f3n pueda hacerse. Por precauci\u00f3n a futuros inconvenientes futuros, es recomendable que haga una copia de la notificaci\u00f3n con la fecha de env\u00edo. <\/div><\/div><\/div><\/p>\r\n<h3><span class=\"ez-toc-section\" id=\"Dar_de_baja_BBVA_por_fax\"><\/span>Dar de baja BBVA por fax<span class=\"ez-toc-section-end\"><\/span><\/h3>\r\n<p>Otra de las opciones es darse de baja a trav\u00e9s de el fax. Se semeja a la opci\u00f3n del mensaje por correo. Los pasos son los mismos, tanto digitalmente como por fax. Va a deber mandar mediante esta herramienta una copia de su DNI y la notificaci\u00f3n firma de baja que puede hallarla en la web de BBVA o bien te la podemos facilitar nosotros si nos llamas al 900 10 86 04. Debe rememorar, tener a su disposici\u00f3n y, guardar, una copia sellada y el justificante de su recibo. Guardar una imitaci\u00f3n de su notificaci\u00f3n, en la que aparezca la fecha de env\u00edo, va a ser esencial para evitar futuros problemas. <div class=\"colorf \"  ><div class=\"container clearfix\"><div class=\"col-md-7\"><\/p>\r\n<h3><span class=\"ez-toc-section\" id=\"En_la_oficina_de_BBVA\"><\/span>En la oficina de BBVA<span class=\"ez-toc-section-end\"><\/span><\/h3>\r\n<p>Si prefiere dar de baja su seguro, teniendo contacto directo con los profesionales, va a poder hacerlo acudiendo a las oficinas de BBVA. Hallar\u00e1 la oficina, m\u00e1s pr\u00f3xima a su casa, haciendo una b\u00fasqueda en Internet. BBVA dispone de unos expertos, altamente cualificados, que estar\u00e1n a su disposici\u00f3n para asistirle con los documentos que debe rellenar y firmar. Solo tendr\u00e1 que ir siguiendo los pasos que le vayan se\u00f1alando. Adem\u00e1s, le recordamos que debe llevar su documento nacional de identidad a fin de que todo esto se pueda realizar, ya que es necesario en este proceso. La finalidad del proceso va a ser rapid\u00edsima y f\u00e1cil, los expertos se encargar\u00e1n de entregarle copia de cada documento y, acabar de tramitar las gestiones. <\/div><\/div><\/div><\/p>\r\n<h3><span class=\"ez-toc-section\" id=\"Telefono_para_dar_de_baja_BBVA\"><\/span>T\u00e9lefono para dar de baja BBVA<span class=\"ez-toc-section-end\"><\/span><\/h3>\r\n<p>Dar de baja su seguro de decesos por tel\u00e9fono, ser\u00e1 tan f\u00e1cil como continuar adecuadamente los pasos que le se\u00f1alen los trabajadores expertos de BBVA. En consecuencia, va a poder contactar buscando su n\u00famero de tel\u00e9fono en Internet o, llamando al 900 10 86 04. En muy poco tiempo, si sigue con precisi\u00f3n cada paso recomendado, va a tener su contrato de baja adecuadamente cerrado, gracias asimismo, a la cooperaci\u00f3n de los especialistas para completar los tr\u00e1mites. <div class=\"colorf \"  ><div class=\"container clearfix\"><div class=\"col-md-7\"><\/p>\r\n<h2><span class=\"ez-toc-section\" id=\"Dar_de_baja_seguro_BBVA_de_un_fallecido\"><\/span>Dar de baja seguro BBVA de un fallecido<span class=\"ez-toc-section-end\"><\/span><\/h2>\r\n<p>Una vez ocurre el siniestro por fallecimiento el servicio de asistencia del seguro de decesos de BBVA, lo notifica y expone en la intranet de la empresa aseguradora para que conste la baja y la descripci\u00f3n del servicio mortuorio. Todos los recibos quedar\u00e1n anulados en el instante en el que esa persona fallezca. Los costes se efectuar\u00e1n teniendo en cuenta la tabla de las primas que los asegurados tienen contratados con la compa\u00f1\u00eda aseguradora en cuesti\u00f3n. <\/div><\/div><\/div> <div class=\"oficinas\"> <h3><span class=\"ez-toc-section\" id=\"Paginas_relacionadas\"><\/span>P\u00e1ginas relacionadas<span class=\"ez-toc-section-end\"><\/span><\/h3><div class=\"enlazado\"><ul> <li><a href=\"https:\/\/idecesos.com\/seguros\/companias\/bbva\/precio\/\">Precio seguro BBVA<\/a><\/li> <li><a href=\"https:\/\/idecesos.com\/seguros\/companias\/bbva\/prima-mixta\/\">BBVA Prima Mixta<\/a><\/li> <li><a href=\"https:\/\/idecesos.com\/seguros\/companias\/bbva\/prima-natural\/\">BBVA Prima Natural<\/a><\/li> <li><a href=\"https:\/\/idecesos.com\/seguros\/companias\/bbva\/prima-nivelada\/\">BBVA Prima Nivelada<\/a><\/li> <li><a href=\"https:\/\/idecesos.com\/seguros\/companias\/bbva\/prima-unica\/\">BBVA Prima \u00danica<\/a><\/li> <li><a href=\"https:\/\/idecesos.com\/seguros\/companias\/bbva\/repatriacion\/\">BBVA Repatriaci\u00f3n<\/a><\/li> <li><a href=\"https:\/\/idecesos.com\/seguros\/companias\/bbva\/telefono\/\">Tel\u00e9fono Gratuito BBVA<\/a><\/li><\/ul><\/div> <\/div><\/p>","protected":false},"excerpt":{"rendered":"<p>Seguidamente, vamos a comentarte de qu\u00e9 forma puedes dar de baja tu seguro de decesos. iDecesos ha trabajado para explicarte c\u00f3mo hacerlo y a fin de que no se tenga que preocupar por nada ya que esto puede parecer algo dif\u00edcil o complejo. Ahora vas a conocer las distintas formas que tienes para dar de&hellip; <\/p>\n","protected":false},"author":1,"featured_media":0,"parent":515,"menu_order":0,"comment_status":"closed","ping_status":"closed","template":"single.php","meta":{"footnotes":""},"class_list":["post-18073","page","type-page","status-publish","hentry"],"yoast_head":"<!-- This site is optimized with the Yoast SEO plugin v27.3 - https:\/\/yoast.com\/product\/yoast-seo-wordpress\/ -->\n<title>\u00bfC\u00f3mo dar de Baja o Cancelar Seguro de Decesos BBVA?<\/title>\n<meta name=\"description\" content=\"Obt\u00e9n aqu\u00ed\u3010c\u00f3mo dar de baja o cancelar seguro de decesos BBVA\u3011Modelo carta, fax, correo electr\u00f3nico (email), tel\u00e9fono gratis.\" \/>\n<meta name=\"robots\" content=\"index, follow, max-snippet:-1, max-image-preview:large, max-video-preview:-1\" \/>\n<link rel=\"canonical\" href=\"https:\/\/idecesos.com\/seguros\/companias\/bbva\/dar-de-baja\/\" \/>\n<meta property=\"og:locale\" content=\"es_ES\" \/>\n<meta property=\"og:type\" content=\"article\" \/>\n<meta property=\"og:title\" content=\"\u00bfC\u00f3mo dar de Baja o Cancelar Seguro de Decesos BBVA?\" \/>\n<meta property=\"og:description\" content=\"Obt\u00e9n aqu\u00ed\u3010c\u00f3mo dar de baja o cancelar seguro de decesos BBVA\u3011Modelo carta, fax, correo electr\u00f3nico (email), tel\u00e9fono gratis.\" \/>\n<meta property=\"og:url\" content=\"https:\/\/idecesos.com\/seguros\/companias\/bbva\/dar-de-baja\/\" \/>\n<meta property=\"article:modified_time\" content=\"2022-01-26T15:57:41+00:00\" \/>\n<meta name=\"twitter:card\" content=\"summary_large_image\" \/>\n<meta name=\"twitter:label1\" content=\"Tiempo de lectura\" \/>\n\t<meta name=\"twitter:data1\" content=\"15 minutos\" \/>\n<script type=\"application\/ld+json\" class=\"yoast-schema-graph\">{\"@context\":\"https:\\\/\\\/schema.org\",\"@graph\":[{\"@type\":\"WebPage\",\"@id\":\"https:\\\/\\\/idecesos.com\\\/seguros\\\/companias\\\/bbva\\\/dar-de-baja\\\/\",\"url\":\"https:\\\/\\\/idecesos.com\\\/seguros\\\/companias\\\/bbva\\\/dar-de-baja\\\/\",\"name\":\"\u00bfC\u00f3mo dar de Baja o Cancelar Seguro de Decesos BBVA?\",\"isPartOf\":{\"@id\":\"https:\\\/\\\/idecesos.com\\\/seguros\\\/#website\"},\"datePublished\":\"2021-12-29T11:45:59+00:00\",\"dateModified\":\"2022-01-26T15:57:41+00:00\",\"description\":\"Obt\u00e9n aqu\u00ed\u3010c\u00f3mo dar de baja o cancelar seguro de decesos BBVA\u3011Modelo carta, fax, correo electr\u00f3nico (email), tel\u00e9fono gratis.\",\"breadcrumb\":{\"@id\":\"https:\\\/\\\/idecesos.com\\\/seguros\\\/companias\\\/bbva\\\/dar-de-baja\\\/#breadcrumb\"},\"inLanguage\":\"es\",\"potentialAction\":[{\"@type\":\"ReadAction\",\"target\":[\"https:\\\/\\\/idecesos.com\\\/seguros\\\/companias\\\/bbva\\\/dar-de-baja\\\/\"]}]},{\"@type\":\"BreadcrumbList\",\"@id\":\"https:\\\/\\\/idecesos.com\\\/seguros\\\/companias\\\/bbva\\\/dar-de-baja\\\/#breadcrumb\",\"itemListElement\":[{\"@type\":\"ListItem\",\"position\":1,\"name\":\"Portada\",\"item\":\"https:\\\/\\\/idecesos.com\\\/seguros\\\/\"},{\"@type\":\"ListItem\",\"position\":2,\"name\":\"Compa\u00f1\u00edas de Seguros de Decesos en Espa\u00f1a\",\"item\":\"https:\\\/\\\/idecesos.com\\\/seguros\\\/companias\\\/\"},{\"@type\":\"ListItem\",\"position\":3,\"name\":\"Seguro de decesos BBVA\",\"item\":\"https:\\\/\\\/idecesos.com\\\/seguros\\\/companias\\\/bbva\\\/\"},{\"@type\":\"ListItem\",\"position\":4,\"name\":\"\u00bfC\u00f3mo dar de baja seguro BBVA?\"}]},{\"@type\":\"WebSite\",\"@id\":\"https:\\\/\\\/idecesos.com\\\/seguros\\\/#website\",\"url\":\"https:\\\/\\\/idecesos.com\\\/seguros\\\/\",\"name\":\"\",\"description\":\"\",\"potentialAction\":[{\"@type\":\"SearchAction\",\"target\":{\"@type\":\"EntryPoint\",\"urlTemplate\":\"https:\\\/\\\/idecesos.com\\\/seguros\\\/?s={search_term_string}\"},\"query-input\":{\"@type\":\"PropertyValueSpecification\",\"valueRequired\":true,\"valueName\":\"search_term_string\"}}],\"inLanguage\":\"es\"}]}<\/script>\n<!-- \/ Yoast SEO plugin. -->","yoast_head_json":{"title":"\u00bfC\u00f3mo dar de Baja o Cancelar Seguro de Decesos BBVA?","description":"Obt\u00e9n aqu\u00ed\u3010c\u00f3mo dar de baja o cancelar seguro de decesos BBVA\u3011Modelo carta, fax, correo electr\u00f3nico (email), tel\u00e9fono gratis.","robots":{"index":"index","follow":"follow","max-snippet":"max-snippet:-1","max-image-preview":"max-image-preview:large","max-video-preview":"max-video-preview:-1"},"canonical":"https:\/\/idecesos.com\/seguros\/companias\/bbva\/dar-de-baja\/","og_locale":"es_ES","og_type":"article","og_title":"\u00bfC\u00f3mo dar de Baja o Cancelar Seguro de Decesos BBVA?","og_description":"Obt\u00e9n aqu\u00ed\u3010c\u00f3mo dar de baja o cancelar seguro de decesos BBVA\u3011Modelo carta, fax, correo electr\u00f3nico (email), tel\u00e9fono gratis.","og_url":"https:\/\/idecesos.com\/seguros\/companias\/bbva\/dar-de-baja\/","article_modified_time":"2022-01-26T15:57:41+00:00","twitter_card":"summary_large_image","twitter_misc":{"Tiempo de lectura":"15 minutos"},"schema":{"@context":"https:\/\/schema.org","@graph":[{"@type":"WebPage","@id":"https:\/\/idecesos.com\/seguros\/companias\/bbva\/dar-de-baja\/","url":"https:\/\/idecesos.com\/seguros\/companias\/bbva\/dar-de-baja\/","name":"\u00bfC\u00f3mo dar de Baja o Cancelar Seguro de Decesos BBVA?","isPartOf":{"@id":"https:\/\/idecesos.com\/seguros\/#website"},"datePublished":"2021-12-29T11:45:59+00:00","dateModified":"2022-01-26T15:57:41+00:00","description":"Obt\u00e9n aqu\u00ed\u3010c\u00f3mo dar de baja o cancelar seguro de decesos BBVA\u3011Modelo carta, fax, correo electr\u00f3nico (email), tel\u00e9fono gratis.","breadcrumb":{"@id":"https:\/\/idecesos.com\/seguros\/companias\/bbva\/dar-de-baja\/#breadcrumb"},"inLanguage":"es","potentialAction":[{"@type":"ReadAction","target":["https:\/\/idecesos.com\/seguros\/companias\/bbva\/dar-de-baja\/"]}]},{"@type":"BreadcrumbList","@id":"https:\/\/idecesos.com\/seguros\/companias\/bbva\/dar-de-baja\/#breadcrumb","itemListElement":[{"@type":"ListItem","position":1,"name":"Portada","item":"https:\/\/idecesos.com\/seguros\/"},{"@type":"ListItem","position":2,"name":"Compa\u00f1\u00edas de Seguros de Decesos en Espa\u00f1a","item":"https:\/\/idecesos.com\/seguros\/companias\/"},{"@type":"ListItem","position":3,"name":"Seguro de decesos BBVA","item":"https:\/\/idecesos.com\/seguros\/companias\/bbva\/"},{"@type":"ListItem","position":4,"name":"\u00bfC\u00f3mo dar de baja seguro BBVA?"}]},{"@type":"WebSite","@id":"https:\/\/idecesos.com\/seguros\/#website","url":"https:\/\/idecesos.com\/seguros\/","name":"","description":"","potentialAction":[{"@type":"SearchAction","target":{"@type":"EntryPoint","urlTemplate":"https:\/\/idecesos.com\/seguros\/?s={search_term_string}"},"query-input":{"@type":"PropertyValueSpecification","valueRequired":true,"valueName":"search_term_string"}}],"inLanguage":"es"}]}},"_links":{"self":[{"href":"https:\/\/idecesos.com\/seguros\/wp-json\/wp\/v2\/pages\/18073","targetHints":{"allow":["GET"]}}],"collection":[{"href":"https:\/\/idecesos.com\/seguros\/wp-json\/wp\/v2\/pages"}],"about":[{"href":"https:\/\/idecesos.com\/seguros\/wp-json\/wp\/v2\/types\/page"}],"author":[{"embeddable":true,"href":"https:\/\/idecesos.com\/seguros\/wp-json\/wp\/v2\/users\/1"}],"replies":[{"embeddable":true,"href":"https:\/\/idecesos.com\/seguros\/wp-json\/wp\/v2\/comments?post=18073"}],"version-history":[{"count":5,"href":"https:\/\/idecesos.com\/seguros\/wp-json\/wp\/v2\/pages\/18073\/revisions"}],"predecessor-version":[{"id":19008,"href":"https:\/\/idecesos.com\/seguros\/wp-json\/wp\/v2\/pages\/18073\/revisions\/19008"}],"up":[{"embeddable":true,"href":"https:\/\/idecesos.com\/seguros\/wp-json\/wp\/v2\/pages\/515"}],"wp:attachment":[{"href":"https:\/\/idecesos.com\/seguros\/wp-json\/wp\/v2\/media?parent=18073"}],"curies":[{"name":"wp","href":"https:\/\/api.w.org\/{rel}","templated":true}]}}