{"id":18074,"date":"2021-12-29T11:52:50","date_gmt":"2021-12-29T11:46:00","guid":{"rendered":"https:\/\/idecesos.com\/seguros\/companias\/caja-ingenieros\/dar-de-baja\/"},"modified":"2022-01-26T16:51:34","modified_gmt":"2022-01-26T16:51:34","slug":"dar-de-baja","status":"publish","type":"page","link":"https:\/\/idecesos.com\/seguros\/companias\/caja-ingenieros\/dar-de-baja\/","title":{"rendered":"\u00bfC\u00f3mo dar de baja seguro Caja Ingenieros?"},"content":{"rendered":"<div id=\"ez-toc-container\" class=\"ez-toc-v2_0_83 ez-toc-wrap-center counter-hierarchy ez-toc-counter ez-toc-custom ez-toc-container-direction\">\n<div class=\"ez-toc-title-container\">\n<p class=\"ez-toc-title\" style=\"cursor:inherit\">Tabla de Contenido<\/p>\n<span class=\"ez-toc-title-toggle\"><a href=\"#\" class=\"ez-toc-pull-right ez-toc-btn ez-toc-btn-xs ez-toc-btn-default ez-toc-toggle\" aria-label=\"Alternar tabla de contenidos\"><span class=\"ez-toc-js-icon-con\"><span class=\"\"><span class=\"eztoc-hide\" style=\"display:none;\">Toggle<\/span><span class=\"ez-toc-icon-toggle-span\"><svg style=\"fill: #db6415;color:#db6415\" xmlns=\"http:\/\/www.w3.org\/2000\/svg\" class=\"list-377408\" width=\"20px\" height=\"20px\" viewBox=\"0 0 24 24\" fill=\"none\"><path d=\"M6 6H4v2h2V6zm14 0H8v2h12V6zM4 11h2v2H4v-2zm16 0H8v2h12v-2zM4 16h2v2H4v-2zm16 0H8v2h12v-2z\" fill=\"currentColor\"><\/path><\/svg><svg style=\"fill: #db6415;color:#db6415\" class=\"arrow-unsorted-368013\" xmlns=\"http:\/\/www.w3.org\/2000\/svg\" width=\"10px\" height=\"10px\" viewBox=\"0 0 24 24\" version=\"1.2\" baseProfile=\"tiny\"><path d=\"M18.2 9.3l-6.2-6.3-6.2 6.3c-.2.2-.3.4-.3.7s.1.5.3.7c.2.2.4.3.7.3h11c.3 0 .5-.1.7-.3.2-.2.3-.5.3-.7s-.1-.5-.3-.7zM5.8 14.7l6.2 6.3 6.2-6.3c.2-.2.3-.5.3-.7s-.1-.5-.3-.7c-.2-.2-.4-.3-.7-.3h-11c-.3 0-.5.1-.7.3-.2.2-.3.5-.3.7s.1.5.3.7z\"\/><\/svg><\/span><\/span><\/span><\/a><\/span><\/div>\n<nav><ul class='ez-toc-list ez-toc-list-level-1 ' ><li class='ez-toc-page-1 ez-toc-heading-level-2'><a class=\"ez-toc-link ez-toc-heading-1\" href=\"https:\/\/idecesos.com\/seguros\/companias\/caja-ingenieros\/dar-de-baja\/#Diferentes_opciones_para_cancelar_un_contrato_con_Caja_Ingenieros\" >Diferentes opciones para cancelar un contrato con Caja Ingenieros<\/a><ul class='ez-toc-list-level-3' ><li class='ez-toc-heading-level-3'><a class=\"ez-toc-link ez-toc-heading-2\" href=\"https:\/\/idecesos.com\/seguros\/companias\/caja-ingenieros\/dar-de-baja\/#A_traves_de_la_web_de_Caja_Ingenieros\" >A trav\u00e9s de la web de Caja Ingenieros<\/a><\/li><li class='ez-toc-page-1 ez-toc-heading-level-3'><a class=\"ez-toc-link ez-toc-heading-3\" href=\"https:\/\/idecesos.com\/seguros\/companias\/caja-ingenieros\/dar-de-baja\/#Utilizando_el_correo_electronico_de_Caja_Ingenieros\" >Utilizando el correo electr\u00f3nico de Caja Ingenieros<\/a><\/li><li class='ez-toc-page-1 ez-toc-heading-level-3'><a class=\"ez-toc-link ez-toc-heading-4\" href=\"https:\/\/idecesos.com\/seguros\/companias\/caja-ingenieros\/dar-de-baja\/#Dar_de_baja_Caja_Ingenieros_por_fax\" >Dar de baja Caja Ingenieros por fax<\/a><\/li><li class='ez-toc-page-1 ez-toc-heading-level-3'><a class=\"ez-toc-link ez-toc-heading-5\" href=\"https:\/\/idecesos.com\/seguros\/companias\/caja-ingenieros\/dar-de-baja\/#En_la_oficina_de_Caja_Ingenieros\" >En la oficina de Caja Ingenieros<\/a><\/li><li class='ez-toc-page-1 ez-toc-heading-level-3'><a class=\"ez-toc-link ez-toc-heading-6\" href=\"https:\/\/idecesos.com\/seguros\/companias\/caja-ingenieros\/dar-de-baja\/#Telefono_para_dar_de_baja_Caja_Ingenieros\" >T\u00e9lefono para dar de baja Caja Ingenieros<\/a><\/li><\/ul><\/li><li class='ez-toc-page-1 ez-toc-heading-level-2'><a class=\"ez-toc-link ez-toc-heading-7\" href=\"https:\/\/idecesos.com\/seguros\/companias\/caja-ingenieros\/dar-de-baja\/#Dar_de_baja_seguro_Caja_Ingenieros_de_un_fallecido\" >Dar de baja seguro Caja Ingenieros de un fallecido<\/a><\/li><\/ul><\/nav><\/div>\n<p> Seguidamente, vamos a comentarte de qu\u00e9 forma puedes dar de baja tu seguro de decesos. Si piensas que dar de baja el seguro de decesos es complicado, en esta p\u00e1gina vamos a explic\u00e1rtelo de la manera m\u00e1s sencilla posible. Ahora, vas a hallar de forma detallada los pasos que tienes hacer y las maneras que tienes para darte de baja. Merced a iDecesos, conocer\u00e1s las distintas opciones que tienes para dar de baja tu seguro de decesos. Si deseas eludir preocupaciones a tus familiares o amigos, te recomendamos tener tu seguro de decesos para que todo quede cubierto en el momento de la defunci\u00f3n. <div class=\"colorf \"  ><div class=\"container clearfix\"><div class=\"col-md-7\"><\/p>\r\n<h2><span class=\"ez-toc-section\" id=\"Diferentes_opciones_para_cancelar_un_contrato_con_Caja_Ingenieros\"><\/span>Diferentes opciones para cancelar un contrato con Caja Ingenieros<span class=\"ez-toc-section-end\"><\/span><\/h2>\r\n<!-- \/wp:post-content -->\r\n\r\n<!-- wp:paragraph -->\r\n<p>Estas opciones est\u00e1n basadas en la experiencia de los clientes que se dieron de baja y que asimismo le podr\u00edan servir a usted. Para darse de baja de un seguro de fallecimiento existen muchas opciones comunes en todas las compa\u00f1\u00edas de seguros. Ciertas personas tienen m\u00e1s suerte y es posible que sea posible cancelar su seguro de decesos telef\u00f3nicamente, no obstante, para que la operadora de la compa\u00f1\u00eda de seguro de decesos le pueda dar de baja de sus servicios, le va a pedir que le env\u00ede el formulario de cancelaci\u00f3n en formato impreso, en caso contrario, usted perder\u00e1 su tiempo por tel\u00e9fono con un operador que le afirmar\u00e1 que usted debe mandar el formulario de cancelaci\u00f3n impresa. Si quiere darse de baja de un seguro de decesos de Caja Ingenieros a trav\u00e9s de tel\u00e9fono, no dude en contactar con nosotros a trav\u00e9s de nuestro mail o nuestro n\u00famero de tel\u00e9fono. <\/div><\/div><\/div><\/p>\r\n<h3><span class=\"ez-toc-section\" id=\"A_traves_de_la_web_de_Caja_Ingenieros\"><\/span>A trav\u00e9s de la web de Caja Ingenieros<span class=\"ez-toc-section-end\"><\/span><\/h3>\r\n<p>Uno de los diferentes m\u00e9todos para darse de bajas en el seguro de decesos de Caja Ingenieros es desde su p\u00e1gina web www.caixaenginyers.com\/es\/. Lo lograr\u00e1s con el sencillo acto de teclear en el buscador lo que desees saber o bien, entrar en la secci\u00f3n pertinente. Entonces, vas a tener 2 opciones: rellenar el formulario que le dan o bien, bajar el documento pertinente. Si no halla el resultado aguardado no se preocupe, p\u00f3ngase en contacto por tel\u00e9fono con Caja Ingenieros o m\u00e1ndales un correo al siguiente apartado comentando el inconveniente que le ha ocurrido email Caja Ingenieros. Caso de que todo vaya bien, en solo un par de minutos va a recibir una notificaci\u00f3n v\u00eda e-mail informando de su baja del seguro de decesos de Caja Ingenieros. <div class=\"colorf \"  ><div class=\"container clearfix\"><div class=\"col-md-7\"><\/p>\r\n<h3><span class=\"ez-toc-section\" id=\"Utilizando_el_correo_electronico_de_Caja_Ingenieros\"><\/span>Utilizando el correo electr\u00f3nico de Caja Ingenieros<span class=\"ez-toc-section-end\"><\/span><\/h3>\r\n<p>Otro modo de darse de baja del seguro de decesos de Caja Ingenieros es v\u00eda correo electr\u00f3nico. En pocos minutos podr\u00e1s tener tu contestaci\u00f3n sobre tu petici\u00f3n de darte de baja de tu seguro. Tendr\u00e1s que mandar los pr\u00f3ximos documentos a fin de que puedas pedir la devoluci\u00f3n: copia del documento de identidad del asegurado y la notificaci\u00f3n firmada con los datos personales de la persona asegurada. No olvides guardar una copia y el justificante a fin de que no tengas ning\u00fan inconveniente. Con una copia de la notificaci\u00f3n te aseguras de no tener ning\u00fan g\u00e9nero de problema en el futuro. <\/div><\/div><\/div><\/p>\r\n<h3><span class=\"ez-toc-section\" id=\"Dar_de_baja_Caja_Ingenieros_por_fax\"><\/span>Dar de baja Caja Ingenieros por fax<span class=\"ez-toc-section-end\"><\/span><\/h3>\r\n<p>Si lo prefieres, puedes mandar un fax a tu compa\u00f1\u00eda de seguros para solicitar la baja. Para mandar tu petici\u00f3n a trav\u00e9s de el fax, el proceso a seguir es muy sencillo como el del mail. Solo tienes que mandarle a tu compa\u00f1\u00eda de seguro tu copia del DNI y la notificaci\u00f3n firmada. Ll\u00e1manos en el 951 127 403 y te informaremos sobre donde puedes encontrar la notificaci\u00f3n. Le recordamos que, como en todas las opciones, debe guardar una copia sellada y tener un justificante de su recibo. Si quieres eludir problemas, te invitamos a guardar tambi\u00e9n la copia de la notificaci\u00f3n donde se especifique la fecha de env\u00edo. <div class=\"colorf \"  ><div class=\"container clearfix\"><div class=\"col-md-7\"><\/p>\r\n<h3><span class=\"ez-toc-section\" id=\"En_la_oficina_de_Caja_Ingenieros\"><\/span>En la oficina de Caja Ingenieros<span class=\"ez-toc-section-end\"><\/span><\/h3>\r\n<p>Si prefiere dar de baja su seguro, teniendo contacto directo con los profesionales, va a poder hacerlo acudiendo a las oficinas de Caja Ingenieros. Para dirigirse a la oficina m\u00e1s cercana, haga su b\u00fasqueda en Internet y la encontrar\u00e1. Los agentes especializados de Caja Ingenieros le atender\u00e1n y le dar\u00e1n todos los documentos para que los rellene y firme adecuadamente. Es tan f\u00e1cil como proseguir los pasos que le vayan marcando. No debe olvidar llevar su documento de identidad, para cumplir el proceso de manera perfecta. Todo este proceso es muy simple y f\u00e1cil, le entregar\u00e1n las copias de los documentos y el equipo profesional se ocupar\u00e1 de terminar todos y cada uno de los tr\u00e1mites. <\/div><\/div><\/div><\/p>\r\n<h3><span class=\"ez-toc-section\" id=\"Telefono_para_dar_de_baja_Caja_Ingenieros\"><\/span>T\u00e9lefono para dar de baja Caja Ingenieros<span class=\"ez-toc-section-end\"><\/span><\/h3>\r\n<p>Si desea dar de baja su seguro, telef\u00f3nicamente, deber\u00e1 seguir los pasos que Caja Ingenieros le indique. Para esto, deber\u00e1 buscar en internet el n\u00famero de contacto adecuado o llamar de manera directa a este n\u00famero 900 300 321. Si prosigue los pasos indicados, apropiadamente, en poco tiempo va a tener solucionado cada aspecto de su seguro de baja y, los profesionales, cerrar\u00e1n los tr\u00e1mites, de manera perfecta, para su tranquilidad. <div class=\"colorf \"  ><div class=\"container clearfix\"><div class=\"col-md-7\"><\/p>\r\n<h2><span class=\"ez-toc-section\" id=\"Dar_de_baja_seguro_Caja_Ingenieros_de_un_fallecido\"><\/span>Dar de baja seguro Caja Ingenieros de un fallecido<span class=\"ez-toc-section-end\"><\/span><\/h2>\r\n<p>Para finalizar, le daremos los pasos clave para dar de baja su seguro de decesos, una vez fallecido el asegurado. Esta, es la manera m\u00e1s f\u00e1cil de cancelar este g\u00e9nero de seguro. No debes preocuparte por nada ni hacer ninguno de los tr\u00e1mites que hemos explicado anteriormente, no tiene que hacer nada. Despu\u00e9s de su fallecimiento, su seguro de decesos quedar\u00e1 anulado, gracias a Caja Ingenieros. Para Caja Ingenieros es muy importante la calma de los familiares y, por este motivo, al fenecer el asegurado, se ocupar\u00e1 de dar de baja su seguro. <\/div><\/div><\/div> <div class=\"oficinas\"> <h3>P\u00e1ginas relacionadas<\/h3><div class=\"enlazado\"><ul> <li><a href=\"https:\/\/idecesos.com\/seguros\/companias\/caja-ingenieros\/opiniones\/\">Opiniones Caja Ingenieros<\/a><\/li> <li><a href=\"https:\/\/idecesos.com\/seguros\/companias\/caja-ingenieros\/precio\/\">Precio seguro Caja Ingenieros<\/a><\/li> <li><a href=\"https:\/\/idecesos.com\/seguros\/companias\/caja-ingenieros\/prima-mixta\/\">Caja Ingenieros Prima Mixta<\/a><\/li> <li><a href=\"https:\/\/idecesos.com\/seguros\/companias\/caja-ingenieros\/prima-natural\/\">Caja Ingenieros Prima Natural<\/a><\/li> <li><a href=\"https:\/\/idecesos.com\/seguros\/companias\/caja-ingenieros\/prima-nivelada\/\">Caja Ingenieros Prima Nivelada<\/a><\/li> <li><a href=\"https:\/\/idecesos.com\/seguros\/companias\/caja-ingenieros\/prima-unica\/\">Caja Ingenieros Prima \u00danica<\/a><\/li> <li><a href=\"https:\/\/idecesos.com\/seguros\/companias\/caja-ingenieros\/repatriacion\/\">Caja Ingenieros Repatriaci\u00f3n<\/a><\/li> <li><a href=\"https:\/\/idecesos.com\/seguros\/companias\/caja-ingenieros\/telefono\/\">Tel\u00e9fono Gratuito Caja Ingenieros<\/a><\/li><\/ul><\/div> <\/div><\/p>","protected":false},"excerpt":{"rendered":"<p>Seguidamente, vamos a comentarte de qu\u00e9 forma puedes dar de baja tu seguro de decesos. Si piensas que dar de baja el seguro de decesos es complicado, en esta p\u00e1gina vamos a explic\u00e1rtelo de la manera m\u00e1s sencilla posible. Ahora, vas a hallar de forma detallada los pasos que tienes hacer y las maneras que&hellip; <\/p>\n","protected":false},"author":1,"featured_media":0,"parent":585,"menu_order":0,"comment_status":"closed","ping_status":"closed","template":"single.php","meta":{"footnotes":""},"class_list":["post-18074","page","type-page","status-publish","hentry"],"yoast_head":"<!-- This site is optimized with the Yoast SEO plugin v27.5 - https:\/\/yoast.com\/product\/yoast-seo-wordpress\/ -->\n<title>\u00bfC\u00f3mo dar de Baja o Cancelar Seguro de Decesos Caja Ingenieros?<\/title>\n<meta name=\"description\" content=\"Obt\u00e9n aqu\u00ed\u3010c\u00f3mo dar de baja o cancelar seguro de decesos Caja Ingenieros\u3011Modelo carta, fax, correo electr\u00f3nico (email), tel\u00e9fono gratis.\" \/>\n<meta name=\"robots\" content=\"index, follow, max-snippet:-1, max-image-preview:large, max-video-preview:-1\" \/>\n<link rel=\"canonical\" href=\"https:\/\/idecesos.com\/seguros\/companias\/caja-ingenieros\/dar-de-baja\/\" \/>\n<meta property=\"og:locale\" content=\"es_ES\" \/>\n<meta property=\"og:type\" content=\"article\" \/>\n<meta property=\"og:title\" content=\"\u00bfC\u00f3mo dar de Baja o Cancelar Seguro de Decesos Caja Ingenieros?\" \/>\n<meta property=\"og:description\" content=\"Obt\u00e9n aqu\u00ed\u3010c\u00f3mo dar de baja o cancelar seguro de decesos Caja Ingenieros\u3011Modelo carta, fax, correo electr\u00f3nico (email), tel\u00e9fono gratis.\" \/>\n<meta property=\"og:url\" content=\"https:\/\/idecesos.com\/seguros\/companias\/caja-ingenieros\/dar-de-baja\/\" \/>\n<meta property=\"article:modified_time\" content=\"2022-01-26T16:51:34+00:00\" \/>\n<meta name=\"twitter:card\" content=\"summary_large_image\" \/>\n<meta name=\"twitter:label1\" content=\"Tiempo de lectura\" \/>\n\t<meta name=\"twitter:data1\" content=\"15 minutos\" \/>\n<script type=\"application\/ld+json\" class=\"yoast-schema-graph\">{\"@context\":\"https:\\\/\\\/schema.org\",\"@graph\":[{\"@type\":\"WebPage\",\"@id\":\"https:\\\/\\\/idecesos.com\\\/seguros\\\/companias\\\/caja-ingenieros\\\/dar-de-baja\\\/\",\"url\":\"https:\\\/\\\/idecesos.com\\\/seguros\\\/companias\\\/caja-ingenieros\\\/dar-de-baja\\\/\",\"name\":\"\u00bfC\u00f3mo dar de Baja o Cancelar Seguro de Decesos Caja Ingenieros?\",\"isPartOf\":{\"@id\":\"https:\\\/\\\/idecesos.com\\\/seguros\\\/#website\"},\"datePublished\":\"2021-12-29T11:46:00+00:00\",\"dateModified\":\"2022-01-26T16:51:34+00:00\",\"description\":\"Obt\u00e9n aqu\u00ed\u3010c\u00f3mo dar de baja o cancelar seguro de decesos Caja Ingenieros\u3011Modelo carta, fax, correo electr\u00f3nico (email), tel\u00e9fono gratis.\",\"breadcrumb\":{\"@id\":\"https:\\\/\\\/idecesos.com\\\/seguros\\\/companias\\\/caja-ingenieros\\\/dar-de-baja\\\/#breadcrumb\"},\"inLanguage\":\"es\",\"potentialAction\":[{\"@type\":\"ReadAction\",\"target\":[\"https:\\\/\\\/idecesos.com\\\/seguros\\\/companias\\\/caja-ingenieros\\\/dar-de-baja\\\/\"]}]},{\"@type\":\"BreadcrumbList\",\"@id\":\"https:\\\/\\\/idecesos.com\\\/seguros\\\/companias\\\/caja-ingenieros\\\/dar-de-baja\\\/#breadcrumb\",\"itemListElement\":[{\"@type\":\"ListItem\",\"position\":1,\"name\":\"Portada\",\"item\":\"https:\\\/\\\/idecesos.com\\\/seguros\\\/\"},{\"@type\":\"ListItem\",\"position\":2,\"name\":\"Compa\u00f1\u00edas de Seguros de Decesos en Espa\u00f1a\",\"item\":\"https:\\\/\\\/idecesos.com\\\/seguros\\\/companias\\\/\"},{\"@type\":\"ListItem\",\"position\":3,\"name\":\"Seguro de decesos Caja ingenieros\",\"item\":\"https:\\\/\\\/idecesos.com\\\/seguros\\\/companias\\\/caja-ingenieros\\\/\"},{\"@type\":\"ListItem\",\"position\":4,\"name\":\"\u00bfC\u00f3mo dar de baja seguro Caja Ingenieros?\"}]},{\"@type\":\"WebSite\",\"@id\":\"https:\\\/\\\/idecesos.com\\\/seguros\\\/#website\",\"url\":\"https:\\\/\\\/idecesos.com\\\/seguros\\\/\",\"name\":\"\",\"description\":\"\",\"potentialAction\":[{\"@type\":\"SearchAction\",\"target\":{\"@type\":\"EntryPoint\",\"urlTemplate\":\"https:\\\/\\\/idecesos.com\\\/seguros\\\/?s={search_term_string}\"},\"query-input\":{\"@type\":\"PropertyValueSpecification\",\"valueRequired\":true,\"valueName\":\"search_term_string\"}}],\"inLanguage\":\"es\"}]}<\/script>\n<!-- \/ Yoast SEO plugin. -->","yoast_head_json":{"title":"\u00bfC\u00f3mo dar de Baja o Cancelar Seguro de Decesos Caja Ingenieros?","description":"Obt\u00e9n aqu\u00ed\u3010c\u00f3mo dar de baja o cancelar seguro de decesos Caja Ingenieros\u3011Modelo carta, fax, correo electr\u00f3nico (email), tel\u00e9fono gratis.","robots":{"index":"index","follow":"follow","max-snippet":"max-snippet:-1","max-image-preview":"max-image-preview:large","max-video-preview":"max-video-preview:-1"},"canonical":"https:\/\/idecesos.com\/seguros\/companias\/caja-ingenieros\/dar-de-baja\/","og_locale":"es_ES","og_type":"article","og_title":"\u00bfC\u00f3mo dar de Baja o Cancelar Seguro de Decesos Caja Ingenieros?","og_description":"Obt\u00e9n aqu\u00ed\u3010c\u00f3mo dar de baja o cancelar seguro de decesos Caja Ingenieros\u3011Modelo carta, fax, correo electr\u00f3nico (email), tel\u00e9fono gratis.","og_url":"https:\/\/idecesos.com\/seguros\/companias\/caja-ingenieros\/dar-de-baja\/","article_modified_time":"2022-01-26T16:51:34+00:00","twitter_card":"summary_large_image","twitter_misc":{"Tiempo de lectura":"15 minutos"},"schema":{"@context":"https:\/\/schema.org","@graph":[{"@type":"WebPage","@id":"https:\/\/idecesos.com\/seguros\/companias\/caja-ingenieros\/dar-de-baja\/","url":"https:\/\/idecesos.com\/seguros\/companias\/caja-ingenieros\/dar-de-baja\/","name":"\u00bfC\u00f3mo dar de Baja o Cancelar Seguro de Decesos Caja Ingenieros?","isPartOf":{"@id":"https:\/\/idecesos.com\/seguros\/#website"},"datePublished":"2021-12-29T11:46:00+00:00","dateModified":"2022-01-26T16:51:34+00:00","description":"Obt\u00e9n aqu\u00ed\u3010c\u00f3mo dar de baja o cancelar seguro de decesos Caja Ingenieros\u3011Modelo carta, fax, correo electr\u00f3nico (email), tel\u00e9fono gratis.","breadcrumb":{"@id":"https:\/\/idecesos.com\/seguros\/companias\/caja-ingenieros\/dar-de-baja\/#breadcrumb"},"inLanguage":"es","potentialAction":[{"@type":"ReadAction","target":["https:\/\/idecesos.com\/seguros\/companias\/caja-ingenieros\/dar-de-baja\/"]}]},{"@type":"BreadcrumbList","@id":"https:\/\/idecesos.com\/seguros\/companias\/caja-ingenieros\/dar-de-baja\/#breadcrumb","itemListElement":[{"@type":"ListItem","position":1,"name":"Portada","item":"https:\/\/idecesos.com\/seguros\/"},{"@type":"ListItem","position":2,"name":"Compa\u00f1\u00edas de Seguros de Decesos en Espa\u00f1a","item":"https:\/\/idecesos.com\/seguros\/companias\/"},{"@type":"ListItem","position":3,"name":"Seguro de decesos Caja ingenieros","item":"https:\/\/idecesos.com\/seguros\/companias\/caja-ingenieros\/"},{"@type":"ListItem","position":4,"name":"\u00bfC\u00f3mo dar de baja seguro Caja Ingenieros?"}]},{"@type":"WebSite","@id":"https:\/\/idecesos.com\/seguros\/#website","url":"https:\/\/idecesos.com\/seguros\/","name":"","description":"","potentialAction":[{"@type":"SearchAction","target":{"@type":"EntryPoint","urlTemplate":"https:\/\/idecesos.com\/seguros\/?s={search_term_string}"},"query-input":{"@type":"PropertyValueSpecification","valueRequired":true,"valueName":"search_term_string"}}],"inLanguage":"es"}]}},"_links":{"self":[{"href":"https:\/\/idecesos.com\/seguros\/wp-json\/wp\/v2\/pages\/18074","targetHints":{"allow":["GET"]}}],"collection":[{"href":"https:\/\/idecesos.com\/seguros\/wp-json\/wp\/v2\/pages"}],"about":[{"href":"https:\/\/idecesos.com\/seguros\/wp-json\/wp\/v2\/types\/page"}],"author":[{"embeddable":true,"href":"https:\/\/idecesos.com\/seguros\/wp-json\/wp\/v2\/users\/1"}],"replies":[{"embeddable":true,"href":"https:\/\/idecesos.com\/seguros\/wp-json\/wp\/v2\/comments?post=18074"}],"version-history":[{"count":7,"href":"https:\/\/idecesos.com\/seguros\/wp-json\/wp\/v2\/pages\/18074\/revisions"}],"predecessor-version":[{"id":19045,"href":"https:\/\/idecesos.com\/seguros\/wp-json\/wp\/v2\/pages\/18074\/revisions\/19045"}],"up":[{"embeddable":true,"href":"https:\/\/idecesos.com\/seguros\/wp-json\/wp\/v2\/pages\/585"}],"wp:attachment":[{"href":"https:\/\/idecesos.com\/seguros\/wp-json\/wp\/v2\/media?parent=18074"}],"curies":[{"name":"wp","href":"https:\/\/api.w.org\/{rel}","templated":true}]}}