{"id":18107,"date":"2021-12-29T11:52:50","date_gmt":"2021-12-29T11:47:58","guid":{"rendered":"https:\/\/idecesos.com\/seguros\/companias\/finisterre\/dar-de-baja\/"},"modified":"2022-01-26T16:04:31","modified_gmt":"2022-01-26T16:04:31","slug":"dar-de-baja","status":"publish","type":"page","link":"https:\/\/idecesos.com\/seguros\/companias\/finisterre\/dar-de-baja\/","title":{"rendered":"\u00bfC\u00f3mo dar de baja seguro Finisterre?"},"content":{"rendered":"<div id=\"ez-toc-container\" class=\"ez-toc-v2_0_82_2 ez-toc-wrap-center counter-hierarchy ez-toc-counter ez-toc-custom ez-toc-container-direction\">\n<div class=\"ez-toc-title-container\">\n<p class=\"ez-toc-title\" style=\"cursor:inherit\">Tabla de Contenido<\/p>\n<span class=\"ez-toc-title-toggle\"><a href=\"#\" class=\"ez-toc-pull-right ez-toc-btn ez-toc-btn-xs ez-toc-btn-default ez-toc-toggle\" aria-label=\"Alternar tabla de contenidos\"><span class=\"ez-toc-js-icon-con\"><span class=\"\"><span class=\"eztoc-hide\" style=\"display:none;\">Toggle<\/span><span class=\"ez-toc-icon-toggle-span\"><svg style=\"fill: #db6415;color:#db6415\" xmlns=\"http:\/\/www.w3.org\/2000\/svg\" class=\"list-377408\" width=\"20px\" height=\"20px\" viewBox=\"0 0 24 24\" fill=\"none\"><path d=\"M6 6H4v2h2V6zm14 0H8v2h12V6zM4 11h2v2H4v-2zm16 0H8v2h12v-2zM4 16h2v2H4v-2zm16 0H8v2h12v-2z\" fill=\"currentColor\"><\/path><\/svg><svg style=\"fill: #db6415;color:#db6415\" class=\"arrow-unsorted-368013\" xmlns=\"http:\/\/www.w3.org\/2000\/svg\" width=\"10px\" height=\"10px\" viewBox=\"0 0 24 24\" version=\"1.2\" baseProfile=\"tiny\"><path d=\"M18.2 9.3l-6.2-6.3-6.2 6.3c-.2.2-.3.4-.3.7s.1.5.3.7c.2.2.4.3.7.3h11c.3 0 .5-.1.7-.3.2-.2.3-.5.3-.7s-.1-.5-.3-.7zM5.8 14.7l6.2 6.3 6.2-6.3c.2-.2.3-.5.3-.7s-.1-.5-.3-.7c-.2-.2-.4-.3-.7-.3h-11c-.3 0-.5.1-.7.3-.2.2-.3.5-.3.7s.1.5.3.7z\"\/><\/svg><\/span><\/span><\/span><\/a><\/span><\/div>\n<nav><ul class='ez-toc-list ez-toc-list-level-1 ' ><li class='ez-toc-page-1 ez-toc-heading-level-2'><a class=\"ez-toc-link ez-toc-heading-1\" href=\"https:\/\/idecesos.com\/seguros\/companias\/finisterre\/dar-de-baja\/#Diferentes_opciones_para_cancelar_un_contrato_con_Finisterre\" >Diferentes opciones para cancelar un contrato con Finisterre<\/a><ul class='ez-toc-list-level-3' ><li class='ez-toc-heading-level-3'><a class=\"ez-toc-link ez-toc-heading-2\" href=\"https:\/\/idecesos.com\/seguros\/companias\/finisterre\/dar-de-baja\/#A_traves_de_la_web_de_Finisterre\" >A trav\u00e9s de la web de Finisterre<\/a><\/li><li class='ez-toc-page-1 ez-toc-heading-level-3'><a class=\"ez-toc-link ez-toc-heading-3\" href=\"https:\/\/idecesos.com\/seguros\/companias\/finisterre\/dar-de-baja\/#Utilizando_el_correo_electronico_de_Finisterre\" >Utilizando el correo electr\u00f3nico de Finisterre<\/a><\/li><li class='ez-toc-page-1 ez-toc-heading-level-3'><a class=\"ez-toc-link ez-toc-heading-4\" href=\"https:\/\/idecesos.com\/seguros\/companias\/finisterre\/dar-de-baja\/#Dar_de_baja_Finisterre_por_fax\" >Dar de baja Finisterre por fax<\/a><\/li><li class='ez-toc-page-1 ez-toc-heading-level-3'><a class=\"ez-toc-link ez-toc-heading-5\" href=\"https:\/\/idecesos.com\/seguros\/companias\/finisterre\/dar-de-baja\/#En_la_oficina_de_Finisterre\" >En la oficina de Finisterre<\/a><\/li><li class='ez-toc-page-1 ez-toc-heading-level-3'><a class=\"ez-toc-link ez-toc-heading-6\" href=\"https:\/\/idecesos.com\/seguros\/companias\/finisterre\/dar-de-baja\/#Telefono_para_dar_de_baja_Finisterre\" >T\u00e9lefono para dar de baja Finisterre<\/a><\/li><\/ul><\/li><li class='ez-toc-page-1 ez-toc-heading-level-2'><a class=\"ez-toc-link ez-toc-heading-7\" href=\"https:\/\/idecesos.com\/seguros\/companias\/finisterre\/dar-de-baja\/#Dar_de_baja_seguro_Finisterre_de_un_fallecido\" >Dar de baja seguro Finisterre de un fallecido<\/a><ul class='ez-toc-list-level-3' ><li class='ez-toc-heading-level-3'><a class=\"ez-toc-link ez-toc-heading-8\" href=\"https:\/\/idecesos.com\/seguros\/companias\/finisterre\/dar-de-baja\/#Paginas_relacionadas\" >P\u00e1ginas relacionadas<\/a><\/li><\/ul><\/li><\/ul><\/nav><\/div>\n<p> iDecesos se encargar\u00e1 de explicarle, con todo detalle, c\u00f3mo puede dar de baja a su seguro. Realizarlo es muy f\u00e1cil y, nosotros, le mostraremos cada paso que debe proseguir a fin de que no tenga que preocuparse. Gracias a esto, en solo un par de minutos va a tener la informaci\u00f3n suficiente para poder hacerlo usted mismo y solucionar el problema que le haya causado. Es muy importante que sepa que, una vez dado de baja su seguro de decesos, es conveniente que busque otro que se adapte a sus necesidades, para tu futura tranquilidad y la de tus familiares. Para dar de baja su seguro apropiadamente, deber\u00e1 informar a la compa\u00f1\u00eda 30 d\u00edas ya antes de su fecha de renovaci\u00f3n. <div class=\"colorf \"  ><div class=\"container clearfix\"><div class=\"col-md-7\"><\/p>\r\n<h2><span class=\"ez-toc-section\" id=\"Diferentes_opciones_para_cancelar_un_contrato_con_Finisterre\"><\/span>Diferentes opciones para cancelar un contrato con Finisterre<span class=\"ez-toc-section-end\"><\/span><\/h2>\r\n<!-- \/wp:post-content -->\r\n\r\n<!-- wp:paragraph -->\r\n<p>Cada una de las diferentes compa\u00f1\u00edas de seguros trabajan de forma diferente aunque en casi todas se les solicita a los clientes del servicio que notifiquen su deseo de darse de baja del seguro. Si no sabes de qu\u00e9 documento hablamos, puedes llamarnos al tel\u00e9fono 951 127 403 o contactar con nosotros en nuestro info@idecesos. com. Puedes decantarse por enviar una carta certificada con el deseo expreso de anular el contrato con la empresa aseguradora de decesos. Guarde el resguardo del documento y haz una imitaci\u00f3n de este por lo que pueda pasar en un futuro. Hay otras formas de dar de baja el seguro de decesos en la compa\u00f1\u00eda en la que est\u00e9s. <\/div><\/div><\/div><\/p>\r\n<h3><span class=\"ez-toc-section\" id=\"A_traves_de_la_web_de_Finisterre\"><\/span>A trav\u00e9s de la web de Finisterre<span class=\"ez-toc-section-end\"><\/span><\/h3>\r\n<p>Es de vital relevancia que examines que todos los datos est\u00e1n bien expuestos. \u00bfC\u00f3mo dar de baja un seguro de decesos a trav\u00e9s de la web de la empresa aseguradora?Para poder dar de baja tu seguro, deber\u00e1s asistir al buscador de su p\u00e1gina web y seleccionar la opci\u00f3n m\u00e1s accesible. Si no encuentras la opci\u00f3n de dar de baja tu seguro por la p\u00e1gina de la compa\u00f1\u00eda, deber\u00e1s ponerte en contacto con ellos por tel\u00e9fono. De todas maneras, debe rellenar el formulario y descargar los documentos que se te solicitan para que la solicitud sea v\u00e1lida. Examina los datos ya antes de mandar la solicitud en tanto que si est\u00e1n mal expuestos, vas a tener inconvenientes para percibir la confirmaci\u00f3n de la baja del seguro. <div class=\"colorf \"  ><div class=\"container clearfix\"><div class=\"col-md-7\"><\/p>\r\n<h3><span class=\"ez-toc-section\" id=\"Utilizando_el_correo_electronico_de_Finisterre\"><\/span>Utilizando el correo electr\u00f3nico de Finisterre<span class=\"ez-toc-section-end\"><\/span><\/h3>\r\n<p>Puedes contactar con tu aseguradora por mail si deseas acabar un contrato de tu seguro de decesos con ellos. Para poder solicitar la baja del seguro de decesos a tu compa\u00f1\u00eda, deber\u00e1s enviarle por correo electr\u00f3nico una imitaci\u00f3n de tu DNI y el documento firmado donde se solicite la baja. Deber\u00e1 guardar una copia sellada y tener un justificante de recibo a fin de que su ejecuci\u00f3n pueda realizarse. Otros documentos que no puedes perder es la copia de la notificaci\u00f3n del correo con la data escrita de cuando se envi\u00f3. Debes enviar en los 30 d\u00edas antes del fin del contrato el n\u00famero de tu p\u00f3liza a tu compa\u00f1\u00eda aseguradora por mail. <\/div><\/div><\/div><\/p>\r\n<h3><span class=\"ez-toc-section\" id=\"Dar_de_baja_Finisterre_por_fax\"><\/span>Dar de baja Finisterre por fax<span class=\"ez-toc-section-end\"><\/span><\/h3>\r\n<p>Dar de baja su seguro por fax asimismo es otro procedimiento. Es muy parecido al que terminamos de explicar previamente, el del correo, lo \u00fanico que cambia es la manera de enviar los datos. En el fax que mande, deber\u00e1 aparecer una imitaci\u00f3n de su documento de identidad, junto a la notificaci\u00f3n firmada y, si no la tiene, puede buscarla en la web de Finisterre o bien poni\u00e9ndose en contacto con nosotros a trav\u00e9s de el tel\u00e9fono 951 127 403. Igual que en las otras alternativas, le recordamos que debe guardar una copia sellada y tener un justificante de su recibo. Adem\u00e1s de esto, con lo que pueda ocurrir en el futuro, guarde una copia de la notificaci\u00f3n con la data de env\u00edo. <div class=\"colorf \"  ><div class=\"container clearfix\"><div class=\"col-md-7\"><\/p>\r\n<h3><span class=\"ez-toc-section\" id=\"En_la_oficina_de_Finisterre\"><\/span>En la oficina de Finisterre<span class=\"ez-toc-section-end\"><\/span><\/h3>\r\n<p>Si no le agradan los anteriores m\u00e9todos, va a poder dar de baja a su seguro de decesos, presencialmente, acudiendo a la oficina correspondiente de Finisterre. Haga una busca sobre la oficina m\u00e1s pr\u00f3xima a su hogar y, asista en el horario estipulado. Para que pueda rellenar, de manera \u00f3ptima, los documentos y, posteriormente firmarlos, un especialista le va a ayudar. Tan solo deber\u00e1 ir siguiendo los pasos que le vayan se\u00f1alando a lo largo de todo el proceso. Tenga presente que debe llevar el documento de identidad, para que se puedan llevar las gestiones eficazmente. Al finalizar, le van a dar una imitaci\u00f3n de todos y cada uno de los documentos y, los especialistas, se ocupar\u00e1n de concluir el proceso de baja de su seguro de decesos. <\/div><\/div><\/div><\/p>\r\n<h3><span class=\"ez-toc-section\" id=\"Telefono_para_dar_de_baja_Finisterre\"><\/span>T\u00e9lefono para dar de baja Finisterre<span class=\"ez-toc-section-end\"><\/span><\/h3>\r\n<p>Finalmente su contrato con Finisterre, de forma telef\u00f3nica, solo tendr\u00e1 que seguir los sencillos pasos que el especialista le vaya se\u00f1alando. Entonces, va a deber buscar en Intenet su n\u00famero de contacto o bien, llamar de manera directa a 987 87 57 86. En poqu\u00edsimo tiempo, si prosigue con exactitud cada paso recomendado, va a tener su contrato de baja adecuadamente cerrado, gracias tambi\u00e9n, a la cooperaci\u00f3n de los expertos para llenar los tr\u00e1mites. <div class=\"colorf \"  ><div class=\"container clearfix\"><div class=\"col-md-7\"><\/p>\r\n<h2><span class=\"ez-toc-section\" id=\"Dar_de_baja_seguro_Finisterre_de_un_fallecido\"><\/span>Dar de baja seguro Finisterre de un fallecido<span class=\"ez-toc-section-end\"><\/span><\/h2>\r\n<p>Si no conoces c\u00f3mo puedes dar de baja tu seguro tras el fallecimiento del asegurado, te lo explicaremos. No se preocupe, aunque semeja algo complejo es mucho m\u00e1s sencillo. Tras la defunci\u00f3n de la persona y la prestaci\u00f3n del servicio f\u00fanebre, es la propia compa\u00f1\u00eda la encargada de los tr\u00e1mites para dar de baja el seguro de decesos. <\/div><\/div><\/div> <div class=\"oficinas\"> <h3><span class=\"ez-toc-section\" id=\"Paginas_relacionadas\"><\/span>P\u00e1ginas relacionadas<span class=\"ez-toc-section-end\"><\/span><\/h3><div class=\"enlazado\"><ul> <li><a href=\"https:\/\/idecesos.com\/seguros\/companias\/finisterre\/precio\/\">Precio seguro Finisterre<\/a><\/li> <li><a href=\"https:\/\/idecesos.com\/seguros\/companias\/finisterre\/prima-mixta\/\">Finisterre Prima Mixta<\/a><\/li> <li><a href=\"https:\/\/idecesos.com\/seguros\/companias\/finisterre\/prima-natural\/\">Finisterre Prima Natural<\/a><\/li> <li><a href=\"https:\/\/idecesos.com\/seguros\/companias\/finisterre\/prima-nivelada\/\">Finisterre Prima Nivelada<\/a><\/li> <li><a href=\"https:\/\/idecesos.com\/seguros\/companias\/finisterre\/prima-unica\/\">Finisterre Prima \u00danica<\/a><\/li> <li><a href=\"https:\/\/idecesos.com\/seguros\/companias\/finisterre\/repatriacion\/\">Finisterre Repatriaci\u00f3n<\/a><\/li> <li><a href=\"https:\/\/idecesos.com\/seguros\/companias\/finisterre\/telefono\/\">Tel\u00e9fono Gratuito Finisterre<\/a><\/li> <li><a href=\"https:\/\/idecesos.com\/seguros\/companias\/finisterre\/toledo\/\">Seguro de Decesos Finisterre Toledo<\/a><\/li><\/ul><\/div> <\/div><\/p>","protected":false},"excerpt":{"rendered":"<p>iDecesos se encargar\u00e1 de explicarle, con todo detalle, c\u00f3mo puede dar de baja a su seguro. Realizarlo es muy f\u00e1cil y, nosotros, le mostraremos cada paso que debe proseguir a fin de que no tenga que preocuparse. Gracias a esto, en solo un par de minutos va a tener la informaci\u00f3n suficiente para poder hacerlo&hellip; <\/p>\n","protected":false},"author":1,"featured_media":0,"parent":628,"menu_order":0,"comment_status":"closed","ping_status":"closed","template":"single.php","meta":{"footnotes":""},"class_list":["post-18107","page","type-page","status-publish","hentry"],"yoast_head":"<!-- This site is optimized with the Yoast SEO plugin v27.4 - https:\/\/yoast.com\/product\/yoast-seo-wordpress\/ -->\n<title>\u00bfC\u00f3mo dar de Baja o Cancelar Seguro de Decesos Finisterre?<\/title>\n<meta name=\"description\" content=\"Obt\u00e9n aqu\u00ed\u3010c\u00f3mo dar de baja o cancelar seguro de decesos Finisterre\u3011Modelo carta, fax, correo electr\u00f3nico (email), tel\u00e9fono gratis.\" \/>\n<meta name=\"robots\" content=\"index, follow, max-snippet:-1, max-image-preview:large, max-video-preview:-1\" \/>\n<link rel=\"canonical\" href=\"https:\/\/idecesos.com\/seguros\/companias\/finisterre\/dar-de-baja\/\" \/>\n<meta property=\"og:locale\" content=\"es_ES\" \/>\n<meta property=\"og:type\" content=\"article\" \/>\n<meta property=\"og:title\" content=\"\u00bfC\u00f3mo dar de Baja o Cancelar Seguro de Decesos Finisterre?\" \/>\n<meta property=\"og:description\" content=\"Obt\u00e9n aqu\u00ed\u3010c\u00f3mo dar de baja o cancelar seguro de decesos Finisterre\u3011Modelo carta, fax, correo electr\u00f3nico (email), tel\u00e9fono gratis.\" \/>\n<meta property=\"og:url\" content=\"https:\/\/idecesos.com\/seguros\/companias\/finisterre\/dar-de-baja\/\" \/>\n<meta property=\"article:modified_time\" content=\"2022-01-26T16:04:31+00:00\" \/>\n<meta name=\"twitter:card\" content=\"summary_large_image\" \/>\n<meta name=\"twitter:label1\" content=\"Tiempo de lectura\" \/>\n\t<meta name=\"twitter:data1\" content=\"5 minutos\" \/>\n<script type=\"application\/ld+json\" class=\"yoast-schema-graph\">{\"@context\":\"https:\\\/\\\/schema.org\",\"@graph\":[{\"@type\":\"WebPage\",\"@id\":\"https:\\\/\\\/idecesos.com\\\/seguros\\\/companias\\\/finisterre\\\/dar-de-baja\\\/\",\"url\":\"https:\\\/\\\/idecesos.com\\\/seguros\\\/companias\\\/finisterre\\\/dar-de-baja\\\/\",\"name\":\"\u00bfC\u00f3mo dar de Baja o Cancelar Seguro de Decesos Finisterre?\",\"isPartOf\":{\"@id\":\"https:\\\/\\\/idecesos.com\\\/seguros\\\/#website\"},\"datePublished\":\"2021-12-29T11:47:58+00:00\",\"dateModified\":\"2022-01-26T16:04:31+00:00\",\"description\":\"Obt\u00e9n aqu\u00ed\u3010c\u00f3mo dar de baja o cancelar seguro de decesos Finisterre\u3011Modelo carta, fax, correo electr\u00f3nico (email), tel\u00e9fono gratis.\",\"breadcrumb\":{\"@id\":\"https:\\\/\\\/idecesos.com\\\/seguros\\\/companias\\\/finisterre\\\/dar-de-baja\\\/#breadcrumb\"},\"inLanguage\":\"es\",\"potentialAction\":[{\"@type\":\"ReadAction\",\"target\":[\"https:\\\/\\\/idecesos.com\\\/seguros\\\/companias\\\/finisterre\\\/dar-de-baja\\\/\"]}]},{\"@type\":\"BreadcrumbList\",\"@id\":\"https:\\\/\\\/idecesos.com\\\/seguros\\\/companias\\\/finisterre\\\/dar-de-baja\\\/#breadcrumb\",\"itemListElement\":[{\"@type\":\"ListItem\",\"position\":1,\"name\":\"Portada\",\"item\":\"https:\\\/\\\/idecesos.com\\\/seguros\\\/\"},{\"@type\":\"ListItem\",\"position\":2,\"name\":\"Compa\u00f1\u00edas de Seguros de Decesos en Espa\u00f1a\",\"item\":\"https:\\\/\\\/idecesos.com\\\/seguros\\\/companias\\\/\"},{\"@type\":\"ListItem\",\"position\":3,\"name\":\"Seguro de decesos Finisterre\",\"item\":\"https:\\\/\\\/idecesos.com\\\/seguros\\\/companias\\\/finisterre\\\/\"},{\"@type\":\"ListItem\",\"position\":4,\"name\":\"\u00bfC\u00f3mo dar de baja seguro Finisterre?\"}]},{\"@type\":\"WebSite\",\"@id\":\"https:\\\/\\\/idecesos.com\\\/seguros\\\/#website\",\"url\":\"https:\\\/\\\/idecesos.com\\\/seguros\\\/\",\"name\":\"\",\"description\":\"\",\"potentialAction\":[{\"@type\":\"SearchAction\",\"target\":{\"@type\":\"EntryPoint\",\"urlTemplate\":\"https:\\\/\\\/idecesos.com\\\/seguros\\\/?s={search_term_string}\"},\"query-input\":{\"@type\":\"PropertyValueSpecification\",\"valueRequired\":true,\"valueName\":\"search_term_string\"}}],\"inLanguage\":\"es\"}]}<\/script>\n<!-- \/ Yoast SEO plugin. -->","yoast_head_json":{"title":"\u00bfC\u00f3mo dar de Baja o Cancelar Seguro de Decesos Finisterre?","description":"Obt\u00e9n aqu\u00ed\u3010c\u00f3mo dar de baja o cancelar seguro de decesos Finisterre\u3011Modelo carta, fax, correo electr\u00f3nico (email), tel\u00e9fono gratis.","robots":{"index":"index","follow":"follow","max-snippet":"max-snippet:-1","max-image-preview":"max-image-preview:large","max-video-preview":"max-video-preview:-1"},"canonical":"https:\/\/idecesos.com\/seguros\/companias\/finisterre\/dar-de-baja\/","og_locale":"es_ES","og_type":"article","og_title":"\u00bfC\u00f3mo dar de Baja o Cancelar Seguro de Decesos Finisterre?","og_description":"Obt\u00e9n aqu\u00ed\u3010c\u00f3mo dar de baja o cancelar seguro de decesos Finisterre\u3011Modelo carta, fax, correo electr\u00f3nico (email), tel\u00e9fono gratis.","og_url":"https:\/\/idecesos.com\/seguros\/companias\/finisterre\/dar-de-baja\/","article_modified_time":"2022-01-26T16:04:31+00:00","twitter_card":"summary_large_image","twitter_misc":{"Tiempo de lectura":"5 minutos"},"schema":{"@context":"https:\/\/schema.org","@graph":[{"@type":"WebPage","@id":"https:\/\/idecesos.com\/seguros\/companias\/finisterre\/dar-de-baja\/","url":"https:\/\/idecesos.com\/seguros\/companias\/finisterre\/dar-de-baja\/","name":"\u00bfC\u00f3mo dar de Baja o Cancelar Seguro de Decesos Finisterre?","isPartOf":{"@id":"https:\/\/idecesos.com\/seguros\/#website"},"datePublished":"2021-12-29T11:47:58+00:00","dateModified":"2022-01-26T16:04:31+00:00","description":"Obt\u00e9n aqu\u00ed\u3010c\u00f3mo dar de baja o cancelar seguro de decesos Finisterre\u3011Modelo carta, fax, correo electr\u00f3nico (email), tel\u00e9fono gratis.","breadcrumb":{"@id":"https:\/\/idecesos.com\/seguros\/companias\/finisterre\/dar-de-baja\/#breadcrumb"},"inLanguage":"es","potentialAction":[{"@type":"ReadAction","target":["https:\/\/idecesos.com\/seguros\/companias\/finisterre\/dar-de-baja\/"]}]},{"@type":"BreadcrumbList","@id":"https:\/\/idecesos.com\/seguros\/companias\/finisterre\/dar-de-baja\/#breadcrumb","itemListElement":[{"@type":"ListItem","position":1,"name":"Portada","item":"https:\/\/idecesos.com\/seguros\/"},{"@type":"ListItem","position":2,"name":"Compa\u00f1\u00edas de Seguros de Decesos en Espa\u00f1a","item":"https:\/\/idecesos.com\/seguros\/companias\/"},{"@type":"ListItem","position":3,"name":"Seguro de decesos Finisterre","item":"https:\/\/idecesos.com\/seguros\/companias\/finisterre\/"},{"@type":"ListItem","position":4,"name":"\u00bfC\u00f3mo dar de baja seguro Finisterre?"}]},{"@type":"WebSite","@id":"https:\/\/idecesos.com\/seguros\/#website","url":"https:\/\/idecesos.com\/seguros\/","name":"","description":"","potentialAction":[{"@type":"SearchAction","target":{"@type":"EntryPoint","urlTemplate":"https:\/\/idecesos.com\/seguros\/?s={search_term_string}"},"query-input":{"@type":"PropertyValueSpecification","valueRequired":true,"valueName":"search_term_string"}}],"inLanguage":"es"}]}},"_links":{"self":[{"href":"https:\/\/idecesos.com\/seguros\/wp-json\/wp\/v2\/pages\/18107","targetHints":{"allow":["GET"]}}],"collection":[{"href":"https:\/\/idecesos.com\/seguros\/wp-json\/wp\/v2\/pages"}],"about":[{"href":"https:\/\/idecesos.com\/seguros\/wp-json\/wp\/v2\/types\/page"}],"author":[{"embeddable":true,"href":"https:\/\/idecesos.com\/seguros\/wp-json\/wp\/v2\/users\/1"}],"replies":[{"embeddable":true,"href":"https:\/\/idecesos.com\/seguros\/wp-json\/wp\/v2\/comments?post=18107"}],"version-history":[{"count":2,"href":"https:\/\/idecesos.com\/seguros\/wp-json\/wp\/v2\/pages\/18107\/revisions"}],"predecessor-version":[{"id":19012,"href":"https:\/\/idecesos.com\/seguros\/wp-json\/wp\/v2\/pages\/18107\/revisions\/19012"}],"up":[{"embeddable":true,"href":"https:\/\/idecesos.com\/seguros\/wp-json\/wp\/v2\/pages\/628"}],"wp:attachment":[{"href":"https:\/\/idecesos.com\/seguros\/wp-json\/wp\/v2\/media?parent=18107"}],"curies":[{"name":"wp","href":"https:\/\/api.w.org\/{rel}","templated":true}]}}