{"id":18108,"date":"2021-12-29T11:52:51","date_gmt":"2021-12-29T11:47:58","guid":{"rendered":"https:\/\/idecesos.com\/seguros\/companias\/meridiano\/dar-de-baja\/"},"modified":"2022-01-26T16:48:11","modified_gmt":"2022-01-26T16:48:11","slug":"dar-de-baja","status":"publish","type":"page","link":"https:\/\/idecesos.com\/seguros\/companias\/meridiano\/dar-de-baja\/","title":{"rendered":"\u00bfC\u00f3mo dar de baja seguro Meridiano?"},"content":{"rendered":"<div id=\"ez-toc-container\" class=\"ez-toc-v2_0_82_2 ez-toc-wrap-center counter-hierarchy ez-toc-counter ez-toc-custom ez-toc-container-direction\">\n<div class=\"ez-toc-title-container\">\n<p class=\"ez-toc-title\" style=\"cursor:inherit\">Tabla de Contenido<\/p>\n<span class=\"ez-toc-title-toggle\"><a href=\"#\" class=\"ez-toc-pull-right ez-toc-btn ez-toc-btn-xs ez-toc-btn-default ez-toc-toggle\" aria-label=\"Alternar tabla de contenidos\"><span class=\"ez-toc-js-icon-con\"><span class=\"\"><span class=\"eztoc-hide\" style=\"display:none;\">Toggle<\/span><span class=\"ez-toc-icon-toggle-span\"><svg style=\"fill: #db6415;color:#db6415\" xmlns=\"http:\/\/www.w3.org\/2000\/svg\" class=\"list-377408\" width=\"20px\" height=\"20px\" viewBox=\"0 0 24 24\" fill=\"none\"><path d=\"M6 6H4v2h2V6zm14 0H8v2h12V6zM4 11h2v2H4v-2zm16 0H8v2h12v-2zM4 16h2v2H4v-2zm16 0H8v2h12v-2z\" fill=\"currentColor\"><\/path><\/svg><svg style=\"fill: #db6415;color:#db6415\" class=\"arrow-unsorted-368013\" xmlns=\"http:\/\/www.w3.org\/2000\/svg\" width=\"10px\" height=\"10px\" viewBox=\"0 0 24 24\" version=\"1.2\" baseProfile=\"tiny\"><path d=\"M18.2 9.3l-6.2-6.3-6.2 6.3c-.2.2-.3.4-.3.7s.1.5.3.7c.2.2.4.3.7.3h11c.3 0 .5-.1.7-.3.2-.2.3-.5.3-.7s-.1-.5-.3-.7zM5.8 14.7l6.2 6.3 6.2-6.3c.2-.2.3-.5.3-.7s-.1-.5-.3-.7c-.2-.2-.4-.3-.7-.3h-11c-.3 0-.5.1-.7.3-.2.2-.3.5-.3.7s.1.5.3.7z\"\/><\/svg><\/span><\/span><\/span><\/a><\/span><\/div>\n<nav><ul class='ez-toc-list ez-toc-list-level-1 ' ><li class='ez-toc-page-1 ez-toc-heading-level-2'><a class=\"ez-toc-link ez-toc-heading-1\" href=\"https:\/\/idecesos.com\/seguros\/companias\/meridiano\/dar-de-baja\/#Diferentes_opciones_para_cancelar_un_contrato_con_Meridiano\" >Diferentes opciones para cancelar un contrato con Meridiano<\/a><ul class='ez-toc-list-level-3' ><li class='ez-toc-heading-level-3'><a class=\"ez-toc-link ez-toc-heading-2\" href=\"https:\/\/idecesos.com\/seguros\/companias\/meridiano\/dar-de-baja\/#A_traves_de_la_web_de_Meridiano\" >A trav\u00e9s de la web de Meridiano<\/a><\/li><li class='ez-toc-page-1 ez-toc-heading-level-3'><a class=\"ez-toc-link ez-toc-heading-3\" href=\"https:\/\/idecesos.com\/seguros\/companias\/meridiano\/dar-de-baja\/#Utilizando_el_correo_electronico_de_Meridiano\" >Utilizando el correo electr\u00f3nico de Meridiano<\/a><\/li><li class='ez-toc-page-1 ez-toc-heading-level-3'><a class=\"ez-toc-link ez-toc-heading-4\" href=\"https:\/\/idecesos.com\/seguros\/companias\/meridiano\/dar-de-baja\/#Dar_de_baja_Meridiano_por_fax\" >Dar de baja Meridiano por fax<\/a><\/li><li class='ez-toc-page-1 ez-toc-heading-level-3'><a class=\"ez-toc-link ez-toc-heading-5\" href=\"https:\/\/idecesos.com\/seguros\/companias\/meridiano\/dar-de-baja\/#En_la_oficina_de_Meridiano\" >En la oficina de Meridiano<\/a><\/li><li class='ez-toc-page-1 ez-toc-heading-level-3'><a class=\"ez-toc-link ez-toc-heading-6\" href=\"https:\/\/idecesos.com\/seguros\/companias\/meridiano\/dar-de-baja\/#Telefono_para_dar_de_baja_Meridiano\" >T\u00e9lefono para dar de baja Meridiano<\/a><\/li><\/ul><\/li><li class='ez-toc-page-1 ez-toc-heading-level-2'><a class=\"ez-toc-link ez-toc-heading-7\" href=\"https:\/\/idecesos.com\/seguros\/companias\/meridiano\/dar-de-baja\/#Dar_de_baja_seguro_Meridiano_de_un_fallecido\" >Dar de baja seguro Meridiano de un fallecido<\/a><ul class='ez-toc-list-level-3' ><li class='ez-toc-heading-level-3'><a class=\"ez-toc-link ez-toc-heading-8\" href=\"https:\/\/idecesos.com\/seguros\/companias\/meridiano\/dar-de-baja\/#Paginas_relacionadas\" >P\u00e1ginas relacionadas<\/a><\/li><\/ul><\/li><\/ul><\/nav><\/div>\n<p> Es muy sencillo dar de baja su seguro de decesos y, le afirmaremos c\u00f3mo hacerlo. iDecesos te mostrar\u00e1 sus conocimientos para dar de baja su seguro de decesos. En solo un par de minutos ya tendr\u00e1 todo solucionado y va a poder buscar una nueva opci\u00f3n alternativa si de esta manera lo desea ya que te invitamos a que no se quede sin un seguro de decesos en tanto que la tranquilidad que este te brinda le ser\u00e1 muy rentable a sus familiares en el momento que ocurra alg\u00fan imprevisible. Es fundamental que sepa que, para poder dar de baja su seguro de decesos, debe avisar a la compa\u00f1\u00eda treinta d\u00edas antes de su renovaci\u00f3n y, de esta forma, no tendr\u00e1 ning\u00fan inconveniente. <div class=\"colorf \"  ><div class=\"container clearfix\"><div class=\"col-md-7\"><\/p>\r\n<h2><span class=\"ez-toc-section\" id=\"Diferentes_opciones_para_cancelar_un_contrato_con_Meridiano\"><\/span>Diferentes opciones para cancelar un contrato con Meridiano<span class=\"ez-toc-section-end\"><\/span><\/h2>\r\n<!-- \/wp:post-content -->\r\n\r\n<!-- wp:paragraph -->\r\n<p>Cada compa\u00f1\u00eda funciona de una manera diferente pero, en casi todas ellas, va a deber dar un documento en el que solicite la baja de su seguro de decesos y, en consecuencia, sus servicios. El documento de Meridiano podr\u00e1 lograrlo poni\u00e9ndose en contacto con nosotros, a trav\u00e9s del e mail o n\u00famero. Aunque existan diferentes maneras de dar de baja su seguro, al enviar una carta certificada, con el modelo est\u00e1ndar, de cancelaci\u00f3n de su contrato con Meridiano, va a deber darlo por inmejorable. Le recomendamos que guarde el resguardo del documento y que haga una copia. Seguidamente, podr\u00e1 conocer m\u00e1s m\u00e9todos que le sirva de ayuda para dar de baja su seguro de decesos contratado con Meridiano. <\/div><\/div><\/div><\/p>\r\n<h3><span class=\"ez-toc-section\" id=\"A_traves_de_la_web_de_Meridiano\"><\/span>A trav\u00e9s de la web de Meridiano<span class=\"ez-toc-section-end\"><\/span><\/h3>\r\n<p>Una de las maneras de darse de baja en el seguro de decesos de Meridiano es meti\u00e9ndose en su p\u00e1gina web www.segurosmeridiano.com\/canal-cliente y poner en su buscador lo que necesitas. En ese momento, encontrar\u00e1 un abanico de opciones. Deber\u00e1 elegir la m\u00e1s conveniente a usted y seguir sus pasos. Es bastante sencillo. Si tiene alguna duda o bien no le aparece esta opci\u00f3n puede ponerse en contacto con Meridiano v\u00eda telef\u00f3nica a fin de que le solucionen el problema de manera directa a trav\u00e9s de este n\u00famero de tel\u00e9fono 900 408 200. Finalmente su solicitud y, en el caso de que s\u00ed le aparezca esa alternativa, va a deber rellenar un formulario o descargar el documento que se le solicite. <div class=\"colorf \"  ><div class=\"container clearfix\"><div class=\"col-md-7\"><\/p>\r\n<h3><span class=\"ez-toc-section\" id=\"Utilizando_el_correo_electronico_de_Meridiano\"><\/span>Utilizando el correo electr\u00f3nico de Meridiano<span class=\"ez-toc-section-end\"><\/span><\/h3>\r\n<p>Otra de las formas de dar de baja el seguro de decesos de Meridiano, es escribiendo un mensaje a trav\u00e9s del siguiente correo electr\u00f3nico email Meridiano. No le llevar\u00e1 un buen tiempo. La informaci\u00f3n que debe especificar en el mensaje, que env\u00ede al c\u00f3digo postal de Meridiano, ser\u00e1 una copia de su documento nacional de identidad y la notificaci\u00f3n firmada, complet\u00e1ndola con sus datos personales. Es esencial, para finalizar el proceso correctamente, guardar la copia sellada y el justificante de recibo. Adem\u00e1s de esto, con lo que pueda pasar, le aconsejamos que guarde una copia de la notificaci\u00f3n con su fecha de env\u00edo por lo que pueda ocurrir en el futuro. <\/div><\/div><\/div><\/p>\r\n<h3><span class=\"ez-toc-section\" id=\"Dar_de_baja_Meridiano_por_fax\"><\/span>Dar de baja Meridiano por fax<span class=\"ez-toc-section-end\"><\/span><\/h3>\r\n<p>Fax, es otra de las posibilidades para darse de baja. Es muy similar a la opci\u00f3n del e mail. Deber\u00e1 proseguir exactamente los mismos pasos, en lugar de digital, enviarlo a trav\u00e9s de fax. Deber\u00e1 mandar a trav\u00e9s de esta herramienta una imitaci\u00f3n de su documento nacional de identidad y la notificaci\u00f3n firma de baja que puede encontrarla en la web de Meridiano o te la podemos facilitar si nos llamas al 900 408 200. Va a deber tener y, guardar, una copia, apropiadamente sellada, y el justificante del recibo. Para prevenir futuras incidencias, tenga a buen recaudo la copia de la notificaci\u00f3n, con su fecha de env\u00edo adecuada. <div class=\"colorf \"  ><div class=\"container clearfix\"><div class=\"col-md-7\"><\/p>\r\n<h3><span class=\"ez-toc-section\" id=\"En_la_oficina_de_Meridiano\"><\/span>En la oficina de Meridiano<span class=\"ez-toc-section-end\"><\/span><\/h3>\r\n<p>Si quiere ir presencialmente a una oficina de Meridiano tambi\u00e9n podr\u00e1 darse de baja all\u00e1 directamente. Para dirigirse a la oficina m\u00e1s pr\u00f3xima, haga su busca en Internet y la encontrar\u00e1. Los agentes especializados de Meridiano le atender\u00e1n y le dar\u00e1n todos los documentos a fin de que los rellene y firme correctamente. Solo tendr\u00e1 que ir siguiendo los pasos que le vayan indicando. Debe rememorar, llevar su documento nacional de identidad, ya que es preciso para completar, agradablemente, el proceso. Todo este proceso es muy simple y sencillo, le entregar\u00e1n las copias de los documentos y el equipo profesional se ocupar\u00e1 de terminar todos y cada uno de los tr\u00e1mites. <\/div><\/div><\/div><\/p>\r\n<h3><span class=\"ez-toc-section\" id=\"Telefono_para_dar_de_baja_Meridiano\"><\/span>T\u00e9lefono para dar de baja Meridiano<span class=\"ez-toc-section-end\"><\/span><\/h3>\r\n<p>Dar de baja su seguro de decesos por tel\u00e9fono, va a ser tan f\u00e1cil como proseguir correctamente los pasos que le indiquen los trabajadores especialistas de Meridiano. Entonces, va a deber buscar en Intenet su n\u00famero de contacto o bien, llamar de manera directa a 900 408 200. Si sigue los pasos indicados, apropiadamente, en poco tiempo tendr\u00e1 solucionado cada aspecto de su seguro de baja y, los profesionales, cerrar\u00e1n los tr\u00e1mites, de manera \u00f3ptima, para su tranquilidad. <div class=\"colorf \"  ><div class=\"container clearfix\"><div class=\"col-md-7\"><\/p>\r\n<h2><span class=\"ez-toc-section\" id=\"Dar_de_baja_seguro_Meridiano_de_un_fallecido\"><\/span>Dar de baja seguro Meridiano de un fallecido<span class=\"ez-toc-section-end\"><\/span><\/h2>\r\n<p>La baja del seguro de decesos se realiza autom\u00e1ticamente en el instante en el que la persona ha fallecido. El expediente se cerrar\u00e1 para que no se manden m\u00e1s recibos a esa persona que acaba de fallecer. Las primas que tienen contratadas se recalcular\u00e1n de manera que queden estimaciones autom\u00e1ticas. <\/div><\/div><\/div> <div class=\"oficinas\"> <h3><span class=\"ez-toc-section\" id=\"Paginas_relacionadas\"><\/span>P\u00e1ginas relacionadas<span class=\"ez-toc-section-end\"><\/span><\/h3><div class=\"enlazado\"><ul> <li><a href=\"https:\/\/idecesos.com\/seguros\/companias\/meridiano\/coberturas\/\">Coberturas Seguro de Decesos Meridiano<\/a><\/li> <li><a href=\"https:\/\/idecesos.com\/seguros\/companias\/meridiano\/opiniones\/\">Opiniones Meridiano<\/a><\/li> <li><a href=\"https:\/\/idecesos.com\/seguros\/companias\/meridiano\/precio\/\">Precio seguro Meridiano<\/a><\/li> <li><a href=\"https:\/\/idecesos.com\/seguros\/companias\/meridiano\/prima-mixta\/\">Meridiano Prima Mixta<\/a><\/li> <li><a href=\"https:\/\/idecesos.com\/seguros\/companias\/meridiano\/prima-natural\/\">Meridiano Prima Natural<\/a><\/li> <li><a href=\"https:\/\/idecesos.com\/seguros\/companias\/meridiano\/prima-nivelada\/\">Meridiano Prima Nivelada<\/a><\/li> <li><a href=\"https:\/\/idecesos.com\/seguros\/companias\/meridiano\/prima-unica\/\">Meridiano Prima \u00danica<\/a><\/li> <li><a href=\"https:\/\/idecesos.com\/seguros\/companias\/meridiano\/repatriacion\/\">Meridiano Repatriaci\u00f3n<\/a><\/li> <li><a href=\"https:\/\/idecesos.com\/seguros\/companias\/meridiano\/telefono\/\">Tel\u00e9fono Gratuito Meridiano<\/a><\/li>   <\/ul><\/div> <\/div><\/p>","protected":false},"excerpt":{"rendered":"<p>Es muy sencillo dar de baja su seguro de decesos y, le afirmaremos c\u00f3mo hacerlo. iDecesos te mostrar\u00e1 sus conocimientos para dar de baja su seguro de decesos. En solo un par de minutos ya tendr\u00e1 todo solucionado y va a poder buscar una nueva opci\u00f3n alternativa si de esta manera lo desea ya que&hellip; <\/p>\n","protected":false},"author":1,"featured_media":0,"parent":735,"menu_order":0,"comment_status":"closed","ping_status":"closed","template":"single.php","meta":{"footnotes":""},"class_list":["post-18108","page","type-page","status-publish","hentry"],"yoast_head":"<!-- This site is optimized with the Yoast SEO plugin v27.3 - https:\/\/yoast.com\/product\/yoast-seo-wordpress\/ -->\n<title>\u00bfC\u00f3mo dar de Baja o Cancelar Seguro de Decesos Meridiano?<\/title>\n<meta name=\"description\" content=\"Obt\u00e9n aqu\u00ed\u3010c\u00f3mo dar de baja o cancelar seguro de decesos Meridiano\u3011Modelo carta, fax, correo electr\u00f3nico (email), tel\u00e9fono gratis.\" \/>\n<meta name=\"robots\" content=\"index, follow, max-snippet:-1, max-image-preview:large, max-video-preview:-1\" \/>\n<link rel=\"canonical\" href=\"https:\/\/idecesos.com\/seguros\/companias\/meridiano\/dar-de-baja\/\" \/>\n<meta property=\"og:locale\" content=\"es_ES\" \/>\n<meta property=\"og:type\" content=\"article\" \/>\n<meta property=\"og:title\" content=\"\u00bfC\u00f3mo dar de Baja o Cancelar Seguro de Decesos Meridiano?\" \/>\n<meta property=\"og:description\" content=\"Obt\u00e9n aqu\u00ed\u3010c\u00f3mo dar de baja o cancelar seguro de decesos Meridiano\u3011Modelo carta, fax, correo electr\u00f3nico (email), tel\u00e9fono gratis.\" \/>\n<meta property=\"og:url\" content=\"https:\/\/idecesos.com\/seguros\/companias\/meridiano\/dar-de-baja\/\" \/>\n<meta property=\"article:modified_time\" content=\"2022-01-26T16:48:11+00:00\" \/>\n<meta name=\"twitter:card\" content=\"summary_large_image\" \/>\n<meta name=\"twitter:label1\" content=\"Tiempo de lectura\" \/>\n\t<meta name=\"twitter:data1\" content=\"5 minutos\" \/>\n<script type=\"application\/ld+json\" class=\"yoast-schema-graph\">{\"@context\":\"https:\\\/\\\/schema.org\",\"@graph\":[{\"@type\":\"WebPage\",\"@id\":\"https:\\\/\\\/idecesos.com\\\/seguros\\\/companias\\\/meridiano\\\/dar-de-baja\\\/\",\"url\":\"https:\\\/\\\/idecesos.com\\\/seguros\\\/companias\\\/meridiano\\\/dar-de-baja\\\/\",\"name\":\"\u00bfC\u00f3mo dar de Baja o Cancelar Seguro de Decesos Meridiano?\",\"isPartOf\":{\"@id\":\"https:\\\/\\\/idecesos.com\\\/seguros\\\/#website\"},\"datePublished\":\"2021-12-29T11:47:58+00:00\",\"dateModified\":\"2022-01-26T16:48:11+00:00\",\"description\":\"Obt\u00e9n aqu\u00ed\u3010c\u00f3mo dar de baja o cancelar seguro de decesos Meridiano\u3011Modelo carta, fax, correo electr\u00f3nico (email), tel\u00e9fono gratis.\",\"breadcrumb\":{\"@id\":\"https:\\\/\\\/idecesos.com\\\/seguros\\\/companias\\\/meridiano\\\/dar-de-baja\\\/#breadcrumb\"},\"inLanguage\":\"es\",\"potentialAction\":[{\"@type\":\"ReadAction\",\"target\":[\"https:\\\/\\\/idecesos.com\\\/seguros\\\/companias\\\/meridiano\\\/dar-de-baja\\\/\"]}]},{\"@type\":\"BreadcrumbList\",\"@id\":\"https:\\\/\\\/idecesos.com\\\/seguros\\\/companias\\\/meridiano\\\/dar-de-baja\\\/#breadcrumb\",\"itemListElement\":[{\"@type\":\"ListItem\",\"position\":1,\"name\":\"Portada\",\"item\":\"https:\\\/\\\/idecesos.com\\\/seguros\\\/\"},{\"@type\":\"ListItem\",\"position\":2,\"name\":\"Compa\u00f1\u00edas de Seguros de Decesos en Espa\u00f1a\",\"item\":\"https:\\\/\\\/idecesos.com\\\/seguros\\\/companias\\\/\"},{\"@type\":\"ListItem\",\"position\":3,\"name\":\"Seguro de decesos Meridiano\",\"item\":\"https:\\\/\\\/idecesos.com\\\/seguros\\\/companias\\\/meridiano\\\/\"},{\"@type\":\"ListItem\",\"position\":4,\"name\":\"\u00bfC\u00f3mo dar de baja seguro Meridiano?\"}]},{\"@type\":\"WebSite\",\"@id\":\"https:\\\/\\\/idecesos.com\\\/seguros\\\/#website\",\"url\":\"https:\\\/\\\/idecesos.com\\\/seguros\\\/\",\"name\":\"\",\"description\":\"\",\"potentialAction\":[{\"@type\":\"SearchAction\",\"target\":{\"@type\":\"EntryPoint\",\"urlTemplate\":\"https:\\\/\\\/idecesos.com\\\/seguros\\\/?s={search_term_string}\"},\"query-input\":{\"@type\":\"PropertyValueSpecification\",\"valueRequired\":true,\"valueName\":\"search_term_string\"}}],\"inLanguage\":\"es\"}]}<\/script>\n<!-- \/ Yoast SEO plugin. -->","yoast_head_json":{"title":"\u00bfC\u00f3mo dar de Baja o Cancelar Seguro de Decesos Meridiano?","description":"Obt\u00e9n aqu\u00ed\u3010c\u00f3mo dar de baja o cancelar seguro de decesos Meridiano\u3011Modelo carta, fax, correo electr\u00f3nico (email), tel\u00e9fono gratis.","robots":{"index":"index","follow":"follow","max-snippet":"max-snippet:-1","max-image-preview":"max-image-preview:large","max-video-preview":"max-video-preview:-1"},"canonical":"https:\/\/idecesos.com\/seguros\/companias\/meridiano\/dar-de-baja\/","og_locale":"es_ES","og_type":"article","og_title":"\u00bfC\u00f3mo dar de Baja o Cancelar Seguro de Decesos Meridiano?","og_description":"Obt\u00e9n aqu\u00ed\u3010c\u00f3mo dar de baja o cancelar seguro de decesos Meridiano\u3011Modelo carta, fax, correo electr\u00f3nico (email), tel\u00e9fono gratis.","og_url":"https:\/\/idecesos.com\/seguros\/companias\/meridiano\/dar-de-baja\/","article_modified_time":"2022-01-26T16:48:11+00:00","twitter_card":"summary_large_image","twitter_misc":{"Tiempo de lectura":"5 minutos"},"schema":{"@context":"https:\/\/schema.org","@graph":[{"@type":"WebPage","@id":"https:\/\/idecesos.com\/seguros\/companias\/meridiano\/dar-de-baja\/","url":"https:\/\/idecesos.com\/seguros\/companias\/meridiano\/dar-de-baja\/","name":"\u00bfC\u00f3mo dar de Baja o Cancelar Seguro de Decesos Meridiano?","isPartOf":{"@id":"https:\/\/idecesos.com\/seguros\/#website"},"datePublished":"2021-12-29T11:47:58+00:00","dateModified":"2022-01-26T16:48:11+00:00","description":"Obt\u00e9n aqu\u00ed\u3010c\u00f3mo dar de baja o cancelar seguro de decesos Meridiano\u3011Modelo carta, fax, correo electr\u00f3nico (email), tel\u00e9fono gratis.","breadcrumb":{"@id":"https:\/\/idecesos.com\/seguros\/companias\/meridiano\/dar-de-baja\/#breadcrumb"},"inLanguage":"es","potentialAction":[{"@type":"ReadAction","target":["https:\/\/idecesos.com\/seguros\/companias\/meridiano\/dar-de-baja\/"]}]},{"@type":"BreadcrumbList","@id":"https:\/\/idecesos.com\/seguros\/companias\/meridiano\/dar-de-baja\/#breadcrumb","itemListElement":[{"@type":"ListItem","position":1,"name":"Portada","item":"https:\/\/idecesos.com\/seguros\/"},{"@type":"ListItem","position":2,"name":"Compa\u00f1\u00edas de Seguros de Decesos en Espa\u00f1a","item":"https:\/\/idecesos.com\/seguros\/companias\/"},{"@type":"ListItem","position":3,"name":"Seguro de decesos Meridiano","item":"https:\/\/idecesos.com\/seguros\/companias\/meridiano\/"},{"@type":"ListItem","position":4,"name":"\u00bfC\u00f3mo dar de baja seguro Meridiano?"}]},{"@type":"WebSite","@id":"https:\/\/idecesos.com\/seguros\/#website","url":"https:\/\/idecesos.com\/seguros\/","name":"","description":"","potentialAction":[{"@type":"SearchAction","target":{"@type":"EntryPoint","urlTemplate":"https:\/\/idecesos.com\/seguros\/?s={search_term_string}"},"query-input":{"@type":"PropertyValueSpecification","valueRequired":true,"valueName":"search_term_string"}}],"inLanguage":"es"}]}},"_links":{"self":[{"href":"https:\/\/idecesos.com\/seguros\/wp-json\/wp\/v2\/pages\/18108","targetHints":{"allow":["GET"]}}],"collection":[{"href":"https:\/\/idecesos.com\/seguros\/wp-json\/wp\/v2\/pages"}],"about":[{"href":"https:\/\/idecesos.com\/seguros\/wp-json\/wp\/v2\/types\/page"}],"author":[{"embeddable":true,"href":"https:\/\/idecesos.com\/seguros\/wp-json\/wp\/v2\/users\/1"}],"replies":[{"embeddable":true,"href":"https:\/\/idecesos.com\/seguros\/wp-json\/wp\/v2\/comments?post=18108"}],"version-history":[{"count":5,"href":"https:\/\/idecesos.com\/seguros\/wp-json\/wp\/v2\/pages\/18108\/revisions"}],"predecessor-version":[{"id":19040,"href":"https:\/\/idecesos.com\/seguros\/wp-json\/wp\/v2\/pages\/18108\/revisions\/19040"}],"up":[{"embeddable":true,"href":"https:\/\/idecesos.com\/seguros\/wp-json\/wp\/v2\/pages\/735"}],"wp:attachment":[{"href":"https:\/\/idecesos.com\/seguros\/wp-json\/wp\/v2\/media?parent=18108"}],"curies":[{"name":"wp","href":"https:\/\/api.w.org\/{rel}","templated":true}]}}