{"id":18110,"date":"2021-12-29T11:52:52","date_gmt":"2021-12-29T11:47:59","guid":{"rendered":"https:\/\/idecesos.com\/seguros\/companias\/pelayo\/dar-de-baja\/"},"modified":"2022-01-26T17:35:53","modified_gmt":"2022-01-26T17:35:53","slug":"dar-de-baja","status":"publish","type":"page","link":"https:\/\/idecesos.com\/seguros\/companias\/pelayo\/dar-de-baja\/","title":{"rendered":"\u00bfC\u00f3mo dar de baja seguro Pelayo?"},"content":{"rendered":"<div id=\"ez-toc-container\" class=\"ez-toc-v2_0_82_2 ez-toc-wrap-center counter-hierarchy ez-toc-counter ez-toc-custom ez-toc-container-direction\">\n<div class=\"ez-toc-title-container\">\n<p class=\"ez-toc-title\" style=\"cursor:inherit\">Tabla de Contenido<\/p>\n<span class=\"ez-toc-title-toggle\"><a href=\"#\" class=\"ez-toc-pull-right ez-toc-btn ez-toc-btn-xs ez-toc-btn-default ez-toc-toggle\" aria-label=\"Alternar tabla de contenidos\"><span class=\"ez-toc-js-icon-con\"><span class=\"\"><span class=\"eztoc-hide\" style=\"display:none;\">Toggle<\/span><span class=\"ez-toc-icon-toggle-span\"><svg style=\"fill: #db6415;color:#db6415\" xmlns=\"http:\/\/www.w3.org\/2000\/svg\" class=\"list-377408\" width=\"20px\" height=\"20px\" viewBox=\"0 0 24 24\" fill=\"none\"><path d=\"M6 6H4v2h2V6zm14 0H8v2h12V6zM4 11h2v2H4v-2zm16 0H8v2h12v-2zM4 16h2v2H4v-2zm16 0H8v2h12v-2z\" fill=\"currentColor\"><\/path><\/svg><svg style=\"fill: #db6415;color:#db6415\" class=\"arrow-unsorted-368013\" xmlns=\"http:\/\/www.w3.org\/2000\/svg\" width=\"10px\" height=\"10px\" viewBox=\"0 0 24 24\" version=\"1.2\" baseProfile=\"tiny\"><path d=\"M18.2 9.3l-6.2-6.3-6.2 6.3c-.2.2-.3.4-.3.7s.1.5.3.7c.2.2.4.3.7.3h11c.3 0 .5-.1.7-.3.2-.2.3-.5.3-.7s-.1-.5-.3-.7zM5.8 14.7l6.2 6.3 6.2-6.3c.2-.2.3-.5.3-.7s-.1-.5-.3-.7c-.2-.2-.4-.3-.7-.3h-11c-.3 0-.5.1-.7.3-.2.2-.3.5-.3.7s.1.5.3.7z\"\/><\/svg><\/span><\/span><\/span><\/a><\/span><\/div>\n<nav><ul class='ez-toc-list ez-toc-list-level-1 ' ><li class='ez-toc-page-1 ez-toc-heading-level-2'><a class=\"ez-toc-link ez-toc-heading-1\" href=\"https:\/\/idecesos.com\/seguros\/companias\/pelayo\/dar-de-baja\/#Diferentes_opciones_para_cancelar_un_contrato_con_Pelayo\" >Diferentes opciones para cancelar un contrato con Pelayo<\/a><ul class='ez-toc-list-level-3' ><li class='ez-toc-heading-level-3'><a class=\"ez-toc-link ez-toc-heading-2\" href=\"https:\/\/idecesos.com\/seguros\/companias\/pelayo\/dar-de-baja\/#A_traves_de_la_web_de_Pelayo\" >A trav\u00e9s de la web de Pelayo<\/a><\/li><li class='ez-toc-page-1 ez-toc-heading-level-3'><a class=\"ez-toc-link ez-toc-heading-3\" href=\"https:\/\/idecesos.com\/seguros\/companias\/pelayo\/dar-de-baja\/#Utilizando_el_correo_electronico_de_Pelayo\" >Utilizando el correo electr\u00f3nico de Pelayo<\/a><\/li><li class='ez-toc-page-1 ez-toc-heading-level-3'><a class=\"ez-toc-link ez-toc-heading-4\" href=\"https:\/\/idecesos.com\/seguros\/companias\/pelayo\/dar-de-baja\/#Dar_de_baja_Pelayo_por_fax\" >Dar de baja Pelayo por fax<\/a><\/li><li class='ez-toc-page-1 ez-toc-heading-level-3'><a class=\"ez-toc-link ez-toc-heading-5\" href=\"https:\/\/idecesos.com\/seguros\/companias\/pelayo\/dar-de-baja\/#En_la_oficina_de_Pelayo\" >En la oficina de Pelayo<\/a><\/li><li class='ez-toc-page-1 ez-toc-heading-level-3'><a class=\"ez-toc-link ez-toc-heading-6\" href=\"https:\/\/idecesos.com\/seguros\/companias\/pelayo\/dar-de-baja\/#Telefono_para_dar_de_baja_Pelayo\" >T\u00e9lefono para dar de baja Pelayo<\/a><\/li><\/ul><\/li><li class='ez-toc-page-1 ez-toc-heading-level-2'><a class=\"ez-toc-link ez-toc-heading-7\" href=\"https:\/\/idecesos.com\/seguros\/companias\/pelayo\/dar-de-baja\/#Dar_de_baja_seguro_Pelayo_de_un_fallecido\" >Dar de baja seguro Pelayo de un fallecido<\/a><ul class='ez-toc-list-level-3' ><li class='ez-toc-heading-level-3'><a class=\"ez-toc-link ez-toc-heading-8\" href=\"https:\/\/idecesos.com\/seguros\/companias\/pelayo\/dar-de-baja\/#Paginas_relacionadas\" >P\u00e1ginas relacionadas<\/a><\/li><\/ul><\/li><\/ul><\/nav><\/div>\n<p> Dar de baja un seguro de decesos puede parecer algo complejo, mas no se preocupe, a continuaci\u00f3n, le mostraremos los pasos que debe seguir. iDecesos se hace cargo de explicarte de qu\u00e9 manera dar de baja el seguro de decesos que tengas contratado. En muy poco tiempo va a estar solucionado su problema y, resulta conveniente que, contrate un seguro de decesos con el que est\u00e9 satisfecho\/a para su calma y la de su familia. Ha de saber que, debe de avisar a la compa\u00f1\u00eda 30 d\u00edas antes de la renovaci\u00f3n de su seguro de decesos para poder darlo de baja. <div class=\"colorf \"  ><div class=\"container clearfix\"><div class=\"col-md-7\"><\/p>\r\n<h2><span class=\"ez-toc-section\" id=\"Diferentes_opciones_para_cancelar_un_contrato_con_Pelayo\"><\/span>Diferentes opciones para cancelar un contrato con Pelayo<span class=\"ez-toc-section-end\"><\/span><\/h2>\r\n<!-- \/wp:post-content -->\r\n\r\n<!-- wp:paragraph -->\r\n<p>En la mayor\u00eda de las empresas de seguros se solicita a los clientes del servicio un documento en el que se deje por escrito el deseo de darse de baja del seguro o alg\u00fan que otro servicio. En nuestro 951 127 403 o en nuestro info@idecesos. com te vamos a dar toda la informaci\u00f3n precisa para lograr ese documento. La empresa de seguros no puede rechazarte el env\u00edo de una carta certificada donde se incluya el modelo de cancelaci\u00f3n del contrato del seguro de decesos. Para una mayor seguridad, debes hacerle una copia al documento entregado para que quede perseverancia del proceso. Si no te persuade este m\u00e9todo, puedes usar otras formas para dar de baja tu seguro de decesos en la Pelayo. <\/div><\/div><\/div><\/p>\r\n<h3><span class=\"ez-toc-section\" id=\"A_traves_de_la_web_de_Pelayo\"><\/span>A trav\u00e9s de la web de Pelayo<span class=\"ez-toc-section-end\"><\/span><\/h3>\r\n<p>Otra de las formas m\u00e1s utilizadas es por medio de la p\u00e1gina web de la compa\u00f1\u00eda del seguro. Vas a poder escribir en su buscador la informaci\u00f3n que precisas saber en www.pelayo.com\/servicios-clientes\/contacto. Para lograr la informaci\u00f3n y si no tiene buscador, intenta hallar la secci\u00f3n donde pienses que puede estar tu respuesta. Ahora solo tendr\u00e1 que rellenar el formulario que se le cita ah\u00ed o descargar los documentos que se le solicitan para poder darse de baja. Si de todas y cada una formas no halla lo que busca, no debe preocuparse, p\u00f3ngase en contacto con nosotros a fin de que podamos facilitarle toda la informaci\u00f3n que precisa mediante nuestro n\u00famero de tel\u00e9fono 951 127 403 o bien por nuestro e-mail info@idecesos. com. Si has logrado localizar el formulario para dar de baja tu seguro de decesos, recibir\u00e1s en unos pocos minutos un documento donde se te notifique que lo has efectuado de forma correcta. <div class=\"colorf \"  ><div class=\"container clearfix\"><div class=\"col-md-7\"><\/p>\r\n<h3><span class=\"ez-toc-section\" id=\"Utilizando_el_correo_electronico_de_Pelayo\"><\/span>Utilizando el correo electr\u00f3nico de Pelayo<span class=\"ez-toc-section-end\"><\/span><\/h3>\r\n<p>Otra opci\u00f3n, es dar de baja su seguro de decesos Pelayo por correo electr\u00f3nico. La direcci\u00f3n de correo de la compa\u00f1\u00eda es la siguiente email Pelayo. Deber\u00e1 enviarle los documentos siguientes: una copia del documento de identidad y, la notificaci\u00f3n firmada, que la hallar\u00e1 en la p\u00e1gina web de Pelayo y, si no es de esta forma, llame a nuestro n\u00famero 951 127 403 o m\u00e1ndenos un correo info@idecesos. com. Deber\u00e1 guardar una copia sellada y tener un justificante de recibo para que su ejecuci\u00f3n pueda llevarse a cabo. Por lo que pueda pasar en un futuro, le recomendamos que guarde una copia de la notificaci\u00f3n con su data de env\u00edo, para quedarse todav\u00eda m\u00e1s tranquilos y no puedan ponerle ninguna pega. <\/div><\/div><\/div><\/p>\r\n<h3><span class=\"ez-toc-section\" id=\"Dar_de_baja_Pelayo_por_fax\"><\/span>Dar de baja Pelayo por fax<span class=\"ez-toc-section-end\"><\/span><\/h3>\r\n<p>Fax, es otra de las posibilidades para darse de baja. Es muy similar a la opci\u00f3n del mail. Los pasos son los mismos, tanto digitalmente como por fax. Debe enviar una copia de su DNI y, la notificaci\u00f3n con su firma, que va a poder encontrarla en la web de la compa\u00f1\u00eda o bien, si usted lo prefiere, se la podemos facilitar , a trav\u00e9s del t\u00e9lefono de contacto 91 520 05 00. Deber\u00e1 tener y, guardar, una copia, correctamente sellada, y el justificante del recibo. Adem\u00e1s de esto, por lo que pueda suceder en el futuro, le aconsejamos que guarde una copia de la notificaci\u00f3n con la data de env\u00edo al igual que si lo hace por correo. <div class=\"colorf \"  ><div class=\"container clearfix\"><div class=\"col-md-7\"><\/p>\r\n<h3><span class=\"ez-toc-section\" id=\"En_la_oficina_de_Pelayo\"><\/span>En la oficina de Pelayo<span class=\"ez-toc-section-end\"><\/span><\/h3>\r\n<p>Si prefiere llevar el proceso de su baja, manera presencial, podr\u00e1 hacerlo acudiendo a las oficinas de Pelayo. Haciendo una busca en Internet, podr\u00e1 hallar las oficinas m\u00e1s pr\u00f3ximas y, el horario en el que puede asistir. Sus agentes especializados le atender\u00e1n y van a dar todos los documentos necesarios para que los rellene y firme correctamente. Solo debe proseguir los pasos que le se\u00f1alen. Es necesario, que lleve su documento nacional de identidad, para el correcto funcionamiento del tr\u00e1mite. Al concluir, le van a dar una copia de todo lo rellenado y el agente pasar\u00e1 a gestionarlo para darle de baja por lo que no deber\u00e1 preocuparse por nada m\u00e1s. <\/div><\/div><\/div><\/p>\r\n<h3><span class=\"ez-toc-section\" id=\"Telefono_para_dar_de_baja_Pelayo\"><\/span>T\u00e9lefono para dar de baja Pelayo<span class=\"ez-toc-section-end\"><\/span><\/h3>\r\n<p>Finalmente su contrato con Pelayo, de forma telef\u00f3nica, solo deber\u00e1 proseguir los sencillos pasos que el especialista le vaya indicando. As\u00ed, podr\u00e1 ponerse en contacto tras efectuar una b\u00fasqueda en Internet del n\u00famero de tel\u00e9fono adecuado o, llamando al 91 520 05 00. En muy poco tiempo, si prosigue con precisi\u00f3n cada paso recomendado, va a tener su contrato de baja adecuadamente cerrado, gracias asimismo, a la cooperaci\u00f3n de los expertos para llenar los tr\u00e1mites. <div class=\"colorf \"  ><div class=\"container clearfix\"><div class=\"col-md-7\"><\/p>\r\n<h2><span class=\"ez-toc-section\" id=\"Dar_de_baja_seguro_Pelayo_de_un_fallecido\"><\/span>Dar de baja seguro Pelayo de un fallecido<span class=\"ez-toc-section-end\"><\/span><\/h2>\r\n<p>Para acabar, hablaremos de de qu\u00e9 manera dar de baja el seguro de decesos tras el fallecimiento del asegurado. Es considerablemente m\u00e1s simple de lo que piensas, por lo que no deber\u00e1s preocuparte por nada. Cuando la prestaci\u00f3n del servicio mortuorio se efect\u00faa, la aseguradora se encarga de dar de baja el seguro para que los familiares no tengan que estar pendientes de efectuar esos tr\u00e1mites en esos duros momentos. <\/div><\/div><\/div> <div class=\"oficinas\"> <h3><span class=\"ez-toc-section\" id=\"Paginas_relacionadas\"><\/span>P\u00e1ginas relacionadas<span class=\"ez-toc-section-end\"><\/span><\/h3><div class=\"enlazado\"><ul> <li><a href=\"https:\/\/idecesos.com\/seguros\/companias\/pelayo\/opiniones\/\">Opiniones Pelayo<\/a><\/li> <li><a href=\"https:\/\/idecesos.com\/seguros\/companias\/pelayo\/precio\/\">Precio seguro Pelayo<\/a><\/li> <li><a href=\"https:\/\/idecesos.com\/seguros\/companias\/pelayo\/prima-mixta\/\">Pelayo Prima Mixta<\/a><\/li> <li><a href=\"https:\/\/idecesos.com\/seguros\/companias\/pelayo\/prima-natural\/\">Pelayo Prima Natural<\/a><\/li> <li><a href=\"https:\/\/idecesos.com\/seguros\/companias\/pelayo\/prima-nivelada\/\">Pelayo Prima Nivelada<\/a><\/li> <li><a href=\"https:\/\/idecesos.com\/seguros\/companias\/pelayo\/prima-unica\/\">Pelayo Prima \u00danica<\/a><\/li> <li><a href=\"https:\/\/idecesos.com\/seguros\/companias\/pelayo\/repatriacion\/\">Pelayo Repatriaci\u00f3n<\/a><\/li> <li><a href=\"https:\/\/idecesos.com\/seguros\/companias\/pelayo\/telefono\/\">Tel\u00e9fono Gratuito Pelayo<\/a><\/li><\/ul><\/div> <\/div><\/p>","protected":false},"excerpt":{"rendered":"<p>Dar de baja un seguro de decesos puede parecer algo complejo, mas no se preocupe, a continuaci\u00f3n, le mostraremos los pasos que debe seguir. iDecesos se hace cargo de explicarte de qu\u00e9 manera dar de baja el seguro de decesos que tengas contratado. En muy poco tiempo va a estar solucionado su problema y, resulta&hellip; <\/p>\n","protected":false},"author":1,"featured_media":0,"parent":441,"menu_order":0,"comment_status":"closed","ping_status":"closed","template":"single.php","meta":{"footnotes":""},"class_list":["post-18110","page","type-page","status-publish","hentry"],"yoast_head":"<!-- This site is optimized with the Yoast SEO plugin v27.3 - https:\/\/yoast.com\/product\/yoast-seo-wordpress\/ -->\n<title>\u00bfC\u00f3mo dar de Baja o Cancelar Seguro de Decesos Pelayo?<\/title>\n<meta name=\"description\" content=\"Obt\u00e9n aqu\u00ed\u3010c\u00f3mo dar de baja o cancelar seguro de decesos Pelayo\u3011Modelo carta, fax, correo electr\u00f3nico (email), tel\u00e9fono gratis.\" \/>\n<meta name=\"robots\" content=\"index, follow, max-snippet:-1, max-image-preview:large, max-video-preview:-1\" \/>\n<link rel=\"canonical\" href=\"https:\/\/idecesos.com\/seguros\/companias\/pelayo\/dar-de-baja\/\" \/>\n<meta property=\"og:locale\" content=\"es_ES\" \/>\n<meta property=\"og:type\" content=\"article\" \/>\n<meta property=\"og:title\" content=\"\u00bfC\u00f3mo dar de Baja o Cancelar Seguro de Decesos Pelayo?\" \/>\n<meta property=\"og:description\" content=\"Obt\u00e9n aqu\u00ed\u3010c\u00f3mo dar de baja o cancelar seguro de decesos Pelayo\u3011Modelo carta, fax, correo electr\u00f3nico (email), tel\u00e9fono gratis.\" \/>\n<meta property=\"og:url\" content=\"https:\/\/idecesos.com\/seguros\/companias\/pelayo\/dar-de-baja\/\" \/>\n<meta property=\"article:modified_time\" content=\"2022-01-26T17:35:53+00:00\" \/>\n<meta name=\"twitter:card\" content=\"summary_large_image\" \/>\n<meta name=\"twitter:label1\" content=\"Tiempo de lectura\" \/>\n\t<meta name=\"twitter:data1\" content=\"5 minutos\" \/>\n<script type=\"application\/ld+json\" class=\"yoast-schema-graph\">{\"@context\":\"https:\\\/\\\/schema.org\",\"@graph\":[{\"@type\":\"WebPage\",\"@id\":\"https:\\\/\\\/idecesos.com\\\/seguros\\\/companias\\\/pelayo\\\/dar-de-baja\\\/\",\"url\":\"https:\\\/\\\/idecesos.com\\\/seguros\\\/companias\\\/pelayo\\\/dar-de-baja\\\/\",\"name\":\"\u00bfC\u00f3mo dar de Baja o Cancelar Seguro de Decesos Pelayo?\",\"isPartOf\":{\"@id\":\"https:\\\/\\\/idecesos.com\\\/seguros\\\/#website\"},\"datePublished\":\"2021-12-29T11:47:59+00:00\",\"dateModified\":\"2022-01-26T17:35:53+00:00\",\"description\":\"Obt\u00e9n aqu\u00ed\u3010c\u00f3mo dar de baja o cancelar seguro de decesos Pelayo\u3011Modelo carta, fax, correo electr\u00f3nico (email), tel\u00e9fono gratis.\",\"breadcrumb\":{\"@id\":\"https:\\\/\\\/idecesos.com\\\/seguros\\\/companias\\\/pelayo\\\/dar-de-baja\\\/#breadcrumb\"},\"inLanguage\":\"es\",\"potentialAction\":[{\"@type\":\"ReadAction\",\"target\":[\"https:\\\/\\\/idecesos.com\\\/seguros\\\/companias\\\/pelayo\\\/dar-de-baja\\\/\"]}]},{\"@type\":\"BreadcrumbList\",\"@id\":\"https:\\\/\\\/idecesos.com\\\/seguros\\\/companias\\\/pelayo\\\/dar-de-baja\\\/#breadcrumb\",\"itemListElement\":[{\"@type\":\"ListItem\",\"position\":1,\"name\":\"Portada\",\"item\":\"https:\\\/\\\/idecesos.com\\\/seguros\\\/\"},{\"@type\":\"ListItem\",\"position\":2,\"name\":\"Compa\u00f1\u00edas de Seguros de Decesos en Espa\u00f1a\",\"item\":\"https:\\\/\\\/idecesos.com\\\/seguros\\\/companias\\\/\"},{\"@type\":\"ListItem\",\"position\":3,\"name\":\"Seguro de decesos Pelayo\",\"item\":\"https:\\\/\\\/idecesos.com\\\/seguros\\\/companias\\\/pelayo\\\/\"},{\"@type\":\"ListItem\",\"position\":4,\"name\":\"\u00bfC\u00f3mo dar de baja seguro Pelayo?\"}]},{\"@type\":\"WebSite\",\"@id\":\"https:\\\/\\\/idecesos.com\\\/seguros\\\/#website\",\"url\":\"https:\\\/\\\/idecesos.com\\\/seguros\\\/\",\"name\":\"\",\"description\":\"\",\"potentialAction\":[{\"@type\":\"SearchAction\",\"target\":{\"@type\":\"EntryPoint\",\"urlTemplate\":\"https:\\\/\\\/idecesos.com\\\/seguros\\\/?s={search_term_string}\"},\"query-input\":{\"@type\":\"PropertyValueSpecification\",\"valueRequired\":true,\"valueName\":\"search_term_string\"}}],\"inLanguage\":\"es\"}]}<\/script>\n<!-- \/ Yoast SEO plugin. -->","yoast_head_json":{"title":"\u00bfC\u00f3mo dar de Baja o Cancelar Seguro de Decesos Pelayo?","description":"Obt\u00e9n aqu\u00ed\u3010c\u00f3mo dar de baja o cancelar seguro de decesos Pelayo\u3011Modelo carta, fax, correo electr\u00f3nico (email), tel\u00e9fono gratis.","robots":{"index":"index","follow":"follow","max-snippet":"max-snippet:-1","max-image-preview":"max-image-preview:large","max-video-preview":"max-video-preview:-1"},"canonical":"https:\/\/idecesos.com\/seguros\/companias\/pelayo\/dar-de-baja\/","og_locale":"es_ES","og_type":"article","og_title":"\u00bfC\u00f3mo dar de Baja o Cancelar Seguro de Decesos Pelayo?","og_description":"Obt\u00e9n aqu\u00ed\u3010c\u00f3mo dar de baja o cancelar seguro de decesos Pelayo\u3011Modelo carta, fax, correo electr\u00f3nico (email), tel\u00e9fono gratis.","og_url":"https:\/\/idecesos.com\/seguros\/companias\/pelayo\/dar-de-baja\/","article_modified_time":"2022-01-26T17:35:53+00:00","twitter_card":"summary_large_image","twitter_misc":{"Tiempo de lectura":"5 minutos"},"schema":{"@context":"https:\/\/schema.org","@graph":[{"@type":"WebPage","@id":"https:\/\/idecesos.com\/seguros\/companias\/pelayo\/dar-de-baja\/","url":"https:\/\/idecesos.com\/seguros\/companias\/pelayo\/dar-de-baja\/","name":"\u00bfC\u00f3mo dar de Baja o Cancelar Seguro de Decesos Pelayo?","isPartOf":{"@id":"https:\/\/idecesos.com\/seguros\/#website"},"datePublished":"2021-12-29T11:47:59+00:00","dateModified":"2022-01-26T17:35:53+00:00","description":"Obt\u00e9n aqu\u00ed\u3010c\u00f3mo dar de baja o cancelar seguro de decesos Pelayo\u3011Modelo carta, fax, correo electr\u00f3nico (email), tel\u00e9fono gratis.","breadcrumb":{"@id":"https:\/\/idecesos.com\/seguros\/companias\/pelayo\/dar-de-baja\/#breadcrumb"},"inLanguage":"es","potentialAction":[{"@type":"ReadAction","target":["https:\/\/idecesos.com\/seguros\/companias\/pelayo\/dar-de-baja\/"]}]},{"@type":"BreadcrumbList","@id":"https:\/\/idecesos.com\/seguros\/companias\/pelayo\/dar-de-baja\/#breadcrumb","itemListElement":[{"@type":"ListItem","position":1,"name":"Portada","item":"https:\/\/idecesos.com\/seguros\/"},{"@type":"ListItem","position":2,"name":"Compa\u00f1\u00edas de Seguros de Decesos en Espa\u00f1a","item":"https:\/\/idecesos.com\/seguros\/companias\/"},{"@type":"ListItem","position":3,"name":"Seguro de decesos Pelayo","item":"https:\/\/idecesos.com\/seguros\/companias\/pelayo\/"},{"@type":"ListItem","position":4,"name":"\u00bfC\u00f3mo dar de baja seguro Pelayo?"}]},{"@type":"WebSite","@id":"https:\/\/idecesos.com\/seguros\/#website","url":"https:\/\/idecesos.com\/seguros\/","name":"","description":"","potentialAction":[{"@type":"SearchAction","target":{"@type":"EntryPoint","urlTemplate":"https:\/\/idecesos.com\/seguros\/?s={search_term_string}"},"query-input":{"@type":"PropertyValueSpecification","valueRequired":true,"valueName":"search_term_string"}}],"inLanguage":"es"}]}},"_links":{"self":[{"href":"https:\/\/idecesos.com\/seguros\/wp-json\/wp\/v2\/pages\/18110","targetHints":{"allow":["GET"]}}],"collection":[{"href":"https:\/\/idecesos.com\/seguros\/wp-json\/wp\/v2\/pages"}],"about":[{"href":"https:\/\/idecesos.com\/seguros\/wp-json\/wp\/v2\/types\/page"}],"author":[{"embeddable":true,"href":"https:\/\/idecesos.com\/seguros\/wp-json\/wp\/v2\/users\/1"}],"replies":[{"embeddable":true,"href":"https:\/\/idecesos.com\/seguros\/wp-json\/wp\/v2\/comments?post=18110"}],"version-history":[{"count":2,"href":"https:\/\/idecesos.com\/seguros\/wp-json\/wp\/v2\/pages\/18110\/revisions"}],"predecessor-version":[{"id":19060,"href":"https:\/\/idecesos.com\/seguros\/wp-json\/wp\/v2\/pages\/18110\/revisions\/19060"}],"up":[{"embeddable":true,"href":"https:\/\/idecesos.com\/seguros\/wp-json\/wp\/v2\/pages\/441"}],"wp:attachment":[{"href":"https:\/\/idecesos.com\/seguros\/wp-json\/wp\/v2\/media?parent=18110"}],"curies":[{"name":"wp","href":"https:\/\/api.w.org\/{rel}","templated":true}]}}