{"id":18111,"date":"2021-12-29T11:52:53","date_gmt":"2021-12-29T11:48:00","guid":{"rendered":"https:\/\/idecesos.com\/seguros\/companias\/regal\/dar-de-baja\/"},"modified":"2022-01-26T17:45:14","modified_gmt":"2022-01-26T17:45:14","slug":"dar-de-baja","status":"publish","type":"page","link":"https:\/\/idecesos.com\/seguros\/companias\/regal\/dar-de-baja\/","title":{"rendered":"\u00bfC\u00f3mo dar de baja seguro Regal?"},"content":{"rendered":"<div id=\"ez-toc-container\" class=\"ez-toc-v2_0_82_2 ez-toc-wrap-center counter-hierarchy ez-toc-counter ez-toc-custom ez-toc-container-direction\">\n<div class=\"ez-toc-title-container\">\n<p class=\"ez-toc-title\" style=\"cursor:inherit\">Tabla de Contenido<\/p>\n<span class=\"ez-toc-title-toggle\"><a href=\"#\" class=\"ez-toc-pull-right ez-toc-btn ez-toc-btn-xs ez-toc-btn-default ez-toc-toggle\" aria-label=\"Alternar tabla de contenidos\"><span class=\"ez-toc-js-icon-con\"><span class=\"\"><span class=\"eztoc-hide\" style=\"display:none;\">Toggle<\/span><span class=\"ez-toc-icon-toggle-span\"><svg style=\"fill: #db6415;color:#db6415\" xmlns=\"http:\/\/www.w3.org\/2000\/svg\" class=\"list-377408\" width=\"20px\" height=\"20px\" viewBox=\"0 0 24 24\" fill=\"none\"><path d=\"M6 6H4v2h2V6zm14 0H8v2h12V6zM4 11h2v2H4v-2zm16 0H8v2h12v-2zM4 16h2v2H4v-2zm16 0H8v2h12v-2z\" fill=\"currentColor\"><\/path><\/svg><svg style=\"fill: #db6415;color:#db6415\" class=\"arrow-unsorted-368013\" xmlns=\"http:\/\/www.w3.org\/2000\/svg\" width=\"10px\" height=\"10px\" viewBox=\"0 0 24 24\" version=\"1.2\" baseProfile=\"tiny\"><path d=\"M18.2 9.3l-6.2-6.3-6.2 6.3c-.2.2-.3.4-.3.7s.1.5.3.7c.2.2.4.3.7.3h11c.3 0 .5-.1.7-.3.2-.2.3-.5.3-.7s-.1-.5-.3-.7zM5.8 14.7l6.2 6.3 6.2-6.3c.2-.2.3-.5.3-.7s-.1-.5-.3-.7c-.2-.2-.4-.3-.7-.3h-11c-.3 0-.5.1-.7.3-.2.2-.3.5-.3.7s.1.5.3.7z\"\/><\/svg><\/span><\/span><\/span><\/a><\/span><\/div>\n<nav><ul class='ez-toc-list ez-toc-list-level-1 ' ><li class='ez-toc-page-1 ez-toc-heading-level-2'><a class=\"ez-toc-link ez-toc-heading-1\" href=\"https:\/\/idecesos.com\/seguros\/companias\/regal\/dar-de-baja\/#Diferentes_opciones_para_cancelar_un_contrato_con_Regal\" >Diferentes opciones para cancelar un contrato con Regal<\/a><ul class='ez-toc-list-level-3' ><li class='ez-toc-heading-level-3'><a class=\"ez-toc-link ez-toc-heading-2\" href=\"https:\/\/idecesos.com\/seguros\/companias\/regal\/dar-de-baja\/#A_traves_de_la_web_de_Regal\" >A trav\u00e9s de la web de Regal<\/a><\/li><li class='ez-toc-page-1 ez-toc-heading-level-3'><a class=\"ez-toc-link ez-toc-heading-3\" href=\"https:\/\/idecesos.com\/seguros\/companias\/regal\/dar-de-baja\/#Utilizando_el_correo_electronico_de_Regal\" >Utilizando el correo electr\u00f3nico de Regal<\/a><\/li><li class='ez-toc-page-1 ez-toc-heading-level-3'><a class=\"ez-toc-link ez-toc-heading-4\" href=\"https:\/\/idecesos.com\/seguros\/companias\/regal\/dar-de-baja\/#Dar_de_baja_Regal_por_fax\" >Dar de baja Regal por fax<\/a><\/li><li class='ez-toc-page-1 ez-toc-heading-level-3'><a class=\"ez-toc-link ez-toc-heading-5\" href=\"https:\/\/idecesos.com\/seguros\/companias\/regal\/dar-de-baja\/#En_la_oficina_de_Regal\" >En la oficina de Regal<\/a><\/li><li class='ez-toc-page-1 ez-toc-heading-level-3'><a class=\"ez-toc-link ez-toc-heading-6\" href=\"https:\/\/idecesos.com\/seguros\/companias\/regal\/dar-de-baja\/#Telefono_para_dar_de_baja_Regal\" >T\u00e9lefono para dar de baja Regal<\/a><\/li><\/ul><\/li><li class='ez-toc-page-1 ez-toc-heading-level-2'><a class=\"ez-toc-link ez-toc-heading-7\" href=\"https:\/\/idecesos.com\/seguros\/companias\/regal\/dar-de-baja\/#Dar_de_baja_seguro_Regal_de_un_fallecido\" >Dar de baja seguro Regal de un fallecido<\/a><ul class='ez-toc-list-level-3' ><li class='ez-toc-heading-level-3'><a class=\"ez-toc-link ez-toc-heading-8\" href=\"https:\/\/idecesos.com\/seguros\/companias\/regal\/dar-de-baja\/#Paginas_relacionadas\" >P\u00e1ginas relacionadas<\/a><\/li><\/ul><\/li><\/ul><\/nav><\/div>\n<p> Solo deber\u00e1s continuar las indicaciones que te mostramos a fin de que puedas dar de baja tu seguro. El paso inicial que debes de proseguir es revisar tu contrato y conocer los datos de tu empresa aseguradora. En la red vas a poder hallar la direcci\u00f3n de tu compa\u00f1\u00eda de seguros. Cuando conozcas la direcci\u00f3n de tu compa\u00f1\u00eda aseguradora, ponte en contacto con ellos por medio de su tel\u00e9fono de atenci\u00f3n al cliente. Cuando finalices de hablar con atenci\u00f3n al cliente, te indicar\u00e1n que puedes solicitar la baja del seguro a trav\u00e9s de el tel\u00e9fono o mail. Cuando realices la baja de tu seguro, podr\u00e1s ponerte en contacto con tu aseguradora para dejar por escrito tu resoluci\u00f3n. <div class=\"colorf \"  ><div class=\"container clearfix\"><div class=\"col-md-7\"><\/p>\r\n<h2><span class=\"ez-toc-section\" id=\"Diferentes_opciones_para_cancelar_un_contrato_con_Regal\"><\/span>Diferentes opciones para cancelar un contrato con Regal<span class=\"ez-toc-section-end\"><\/span><\/h2>\r\n<!-- \/wp:post-content -->\r\n\r\n<!-- wp:paragraph -->\r\n<p>En la mayor parte de las aseguradoras se solicita a los clientes un documento en el que se deje por escrito el deseo de darse de baja del seguro o bien alg\u00fan servicio. Si no sabes de qu\u00e9 documento hablamos, puedes llamarnos al tel\u00e9fono 951 127 403 o bien contactar con nosotros en nuestro info@idecesos. com. Como hemos comentado, son diferentes las formas que tienes para dar de baja tu seguro. Una de ellas es mediante el env\u00edo de una carta certificada con la notificaci\u00f3n de la cancelaci\u00f3n del contrato. Para una mayor seguridad, debes hacerle una copia al documento entregado a fin de que quede perseverancia del proceso. Si no te convence este m\u00e9todo, puedes emplear otras formas para dar de baja tu seguro de decesos en la Regal. <\/div><\/div><\/div><\/p>\r\n<h3><span class=\"ez-toc-section\" id=\"A_traves_de_la_web_de_Regal\"><\/span>A trav\u00e9s de la web de Regal<span class=\"ez-toc-section-end\"><\/span><\/h3>\r\n<p>No olvides revisar los datos ya que si algunos est\u00e1n mal, la empresa aseguradora no proceder\u00e1 a efectuar la baja de tu seguro de decesos. \u00bfC\u00f3mo darse de baja por medio de la p\u00e1gina web de la compa\u00f1\u00eda?La forma m\u00e1s f\u00e1cil es utilizando el buscador que vas a poder localizar en la p\u00e1gina de la compa\u00f1\u00eda y escribiendo lo que precisas saber. Puedes llamar al tel\u00e9fono de atenci\u00f3n al usuario de tu compa\u00f1\u00eda para solicitar m\u00e1s informaci\u00f3n sobre c\u00f3mo puedes dar de baja tu seguro por internet. Para conseguir que la solicitud de la baja sea gestionada de manera correcta, tendr\u00e1s que rellenar un formulario. Es fundamental que revise con detenimiento si tiene todos y cada uno de los datos que solicita Regal ya que de lo contrario no va a recibir confirmaci\u00f3n de la baja. <div class=\"colorf \"  ><div class=\"container clearfix\"><div class=\"col-md-7\"><\/p>\r\n<h3><span class=\"ez-toc-section\" id=\"Utilizando_el_correo_electronico_de_Regal\"><\/span>Utilizando el correo electr\u00f3nico de Regal<span class=\"ez-toc-section-end\"><\/span><\/h3>\r\n<p>Otro modo de darse de baja del seguro de decesos de Regal es v\u00eda e-mail. En pocos minutos vas a poder tener tu respuesta sobre tu petici\u00f3n de darte de baja de tu seguro. Deber\u00e1s enviarle a la compa\u00f1\u00eda la copia de tu documento de identidad y el documento firmado con tus datos personales para proceder a la baja del contrato del seguro de decesos. Si necesitas resolver alguna pregunta, contacta con nosotros en el 951 127 403 o bien en el info@idecesos. com. No olvides guardar una copia y el justificante a fin de que no tengas ning\u00fan inconveniente. Guarde asimismo una imitaci\u00f3n de la notificaci\u00f3n con su fecha de env\u00edo, para quedarse todav\u00eda m\u00e1s tranquilos y no puedan ponerle ninguna queja en un futuro, todo por seguridad. <\/div><\/div><\/div><\/p>\r\n<h3><span class=\"ez-toc-section\" id=\"Dar_de_baja_Regal_por_fax\"><\/span>Dar de baja Regal por fax<span class=\"ez-toc-section-end\"><\/span><\/h3>\r\n<p>Otra de las opciones es darse de baja mediante el fax. Se asemeja a la opci\u00f3n del mensaje por correo. Solo tiene que continuar exactamente los mismos pasos pero en vez de mandarlo digitalmente tendr\u00e1 que hacerlo v\u00eda fax. Va a poder encontrar en la web de Regal o llam\u00e1ndonos al 93 489 07 52 la notificaci\u00f3n que debe mandar, firmada, junto con una imitaci\u00f3n de su documento nacional de identidad. Debe rememorar, tener a su predisposici\u00f3n y, guardar, una copia sellada y el justificante de su recibo. No va a tener ning\u00fan g\u00e9nero de incidencia en el futuro, si guarda una imitaci\u00f3n de la notificaci\u00f3n, con la data correcta de env\u00edo. <div class=\"colorf \"  ><div class=\"container clearfix\"><div class=\"col-md-7\"><\/p>\r\n<h3><span class=\"ez-toc-section\" id=\"En_la_oficina_de_Regal\"><\/span>En la oficina de Regal<span class=\"ez-toc-section-end\"><\/span><\/h3>\r\n<p>Si a\u00fan no se ha decidido por un procedimiento, ac\u00e1 le dejamos otro por si no controla muy bien las nuevas tecnolog\u00edas y estos m\u00e9todos de env\u00edo. Puedes asistir a la oficina de tu empresa de seguros para dar de baja tu seguro. Pregunte a su buscador por la oficina m\u00e1s pr\u00f3xima a su casa o bien al lugar donde se halle de Regal. Solicita cita ya antes de acudir a la oficina y asiste en el horario detallado. Con solo proseguirse los pasos detallados, podr\u00e1s llenar tu petici\u00f3n de baja del seguro. <\/div><\/div><\/div><\/p>\r\n<h3><span class=\"ez-toc-section\" id=\"Telefono_para_dar_de_baja_Regal\"><\/span>T\u00e9lefono para dar de baja Regal<span class=\"ez-toc-section-end\"><\/span><\/h3>\r\n<p>Ponerse en contacto con la compa\u00f1\u00eda mediante su tel\u00e9fono es uno de los m\u00e9todos m\u00e1s eficientes. Te recomendamos que emplees el tel\u00e9fono que te se\u00f1alamos ahora a fin de que la llamada sea gratis y contactes con un agente que te asesore. Cuando te atiendan seguramente le grabar\u00e1n la petici\u00f3n de baja con unos factores de seguridad para certificar que es usted el tomador de la p\u00f3liza y que no debe ning\u00fan recibo a Regal y que no ha excedido el periodo legal. En esta web, podr\u00e1s proceder a pedir la baja de tu seguro de decesos sin ning\u00fan g\u00e9nero de costo. <div class=\"colorf \"  ><div class=\"container clearfix\"><div class=\"col-md-7\"><\/p>\r\n<h2><span class=\"ez-toc-section\" id=\"Dar_de_baja_seguro_Regal_de_un_fallecido\"><\/span>Dar de baja seguro Regal de un fallecido<span class=\"ez-toc-section-end\"><\/span><\/h2>\r\n<p>Para terminar, vamos a hablar de de qu\u00e9 manera dar de baja el seguro de decesos tras el fallecimiento del asegurado. Es un proceso sencillo que no te va a llevar bastante tiempo. Cuando la prestaci\u00f3n del servicio f\u00fanebre se realiza, la empresa aseguradora se hace cargo de dar de baja el seguro a fin de que los familiares no tengan que estar pendientes de realizar esos tr\u00e1mites en esos duros momentos. <\/div><\/div><\/div> <div class=\"oficinas\"> <h3><span class=\"ez-toc-section\" id=\"Paginas_relacionadas\"><\/span>P\u00e1ginas relacionadas<span class=\"ez-toc-section-end\"><\/span><\/h3><div class=\"enlazado\"><ul> <li><a href=\"https:\/\/idecesos.com\/seguros\/companias\/regal\/opiniones\/\">Opiniones Regal<\/a><\/li> <li><a href=\"https:\/\/idecesos.com\/seguros\/companias\/regal\/precio\/\">Precio seguro Regal<\/a><\/li> <li><a href=\"https:\/\/idecesos.com\/seguros\/companias\/regal\/prima-mixta\/\">Regal Prima Mixta<\/a><\/li> <li><a href=\"https:\/\/idecesos.com\/seguros\/companias\/regal\/prima-natural\/\">Regal Prima Natural<\/a><\/li> <li><a href=\"https:\/\/idecesos.com\/seguros\/companias\/regal\/prima-nivelada\/\">Regal Prima Nivelada<\/a><\/li> <li><a href=\"https:\/\/idecesos.com\/seguros\/companias\/regal\/prima-unica\/\">Regal Prima \u00danica<\/a><\/li> <li><a href=\"https:\/\/idecesos.com\/seguros\/companias\/regal\/repatriacion\/\">Regal Repatriaci\u00f3n<\/a><\/li> <li><a href=\"https:\/\/idecesos.com\/seguros\/companias\/regal\/telefono\/\">Tel\u00e9fono Gratuito Regal<\/a><\/li><\/ul><\/div> <\/div><\/p>","protected":false},"excerpt":{"rendered":"<p>Solo deber\u00e1s continuar las indicaciones que te mostramos a fin de que puedas dar de baja tu seguro. El paso inicial que debes de proseguir es revisar tu contrato y conocer los datos de tu empresa aseguradora. En la red vas a poder hallar la direcci\u00f3n de tu compa\u00f1\u00eda de seguros. Cuando conozcas la direcci\u00f3n&hellip; <\/p>\n","protected":false},"author":1,"featured_media":0,"parent":473,"menu_order":0,"comment_status":"closed","ping_status":"closed","template":"single.php","meta":{"footnotes":""},"class_list":["post-18111","page","type-page","status-publish","hentry"],"yoast_head":"<!-- This site is optimized with the Yoast SEO plugin v27.5 - https:\/\/yoast.com\/product\/yoast-seo-wordpress\/ -->\n<title>\u00bfC\u00f3mo dar de Baja o Cancelar Seguro de Decesos Regal?<\/title>\n<meta name=\"description\" content=\"Obt\u00e9n aqu\u00ed\u3010c\u00f3mo dar de baja o cancelar seguro de decesos Regal\u3011Modelo carta, fax, correo electr\u00f3nico (email), tel\u00e9fono gratis.\" \/>\n<meta name=\"robots\" content=\"index, follow, max-snippet:-1, max-image-preview:large, max-video-preview:-1\" \/>\n<link rel=\"canonical\" href=\"https:\/\/idecesos.com\/seguros\/companias\/regal\/dar-de-baja\/\" \/>\n<meta property=\"og:locale\" content=\"es_ES\" \/>\n<meta property=\"og:type\" content=\"article\" \/>\n<meta property=\"og:title\" content=\"\u00bfC\u00f3mo dar de Baja o Cancelar Seguro de Decesos Regal?\" \/>\n<meta property=\"og:description\" content=\"Obt\u00e9n aqu\u00ed\u3010c\u00f3mo dar de baja o cancelar seguro de decesos Regal\u3011Modelo carta, fax, correo electr\u00f3nico (email), tel\u00e9fono gratis.\" \/>\n<meta property=\"og:url\" content=\"https:\/\/idecesos.com\/seguros\/companias\/regal\/dar-de-baja\/\" \/>\n<meta property=\"article:modified_time\" content=\"2022-01-26T17:45:14+00:00\" \/>\n<meta name=\"twitter:card\" content=\"summary_large_image\" \/>\n<meta name=\"twitter:label1\" content=\"Tiempo de lectura\" \/>\n\t<meta name=\"twitter:data1\" content=\"15 minutos\" \/>\n<script type=\"application\/ld+json\" class=\"yoast-schema-graph\">{\"@context\":\"https:\\\/\\\/schema.org\",\"@graph\":[{\"@type\":\"WebPage\",\"@id\":\"https:\\\/\\\/idecesos.com\\\/seguros\\\/companias\\\/regal\\\/dar-de-baja\\\/\",\"url\":\"https:\\\/\\\/idecesos.com\\\/seguros\\\/companias\\\/regal\\\/dar-de-baja\\\/\",\"name\":\"\u00bfC\u00f3mo dar de Baja o Cancelar Seguro de Decesos Regal?\",\"isPartOf\":{\"@id\":\"https:\\\/\\\/idecesos.com\\\/seguros\\\/#website\"},\"datePublished\":\"2021-12-29T11:48:00+00:00\",\"dateModified\":\"2022-01-26T17:45:14+00:00\",\"description\":\"Obt\u00e9n aqu\u00ed\u3010c\u00f3mo dar de baja o cancelar seguro de decesos Regal\u3011Modelo carta, fax, correo electr\u00f3nico (email), tel\u00e9fono gratis.\",\"breadcrumb\":{\"@id\":\"https:\\\/\\\/idecesos.com\\\/seguros\\\/companias\\\/regal\\\/dar-de-baja\\\/#breadcrumb\"},\"inLanguage\":\"es\",\"potentialAction\":[{\"@type\":\"ReadAction\",\"target\":[\"https:\\\/\\\/idecesos.com\\\/seguros\\\/companias\\\/regal\\\/dar-de-baja\\\/\"]}]},{\"@type\":\"BreadcrumbList\",\"@id\":\"https:\\\/\\\/idecesos.com\\\/seguros\\\/companias\\\/regal\\\/dar-de-baja\\\/#breadcrumb\",\"itemListElement\":[{\"@type\":\"ListItem\",\"position\":1,\"name\":\"Portada\",\"item\":\"https:\\\/\\\/idecesos.com\\\/seguros\\\/\"},{\"@type\":\"ListItem\",\"position\":2,\"name\":\"Compa\u00f1\u00edas de Seguros de Decesos en Espa\u00f1a\",\"item\":\"https:\\\/\\\/idecesos.com\\\/seguros\\\/companias\\\/\"},{\"@type\":\"ListItem\",\"position\":3,\"name\":\"Seguro de decesos Regal\",\"item\":\"https:\\\/\\\/idecesos.com\\\/seguros\\\/companias\\\/regal\\\/\"},{\"@type\":\"ListItem\",\"position\":4,\"name\":\"\u00bfC\u00f3mo dar de baja seguro Regal?\"}]},{\"@type\":\"WebSite\",\"@id\":\"https:\\\/\\\/idecesos.com\\\/seguros\\\/#website\",\"url\":\"https:\\\/\\\/idecesos.com\\\/seguros\\\/\",\"name\":\"\",\"description\":\"\",\"potentialAction\":[{\"@type\":\"SearchAction\",\"target\":{\"@type\":\"EntryPoint\",\"urlTemplate\":\"https:\\\/\\\/idecesos.com\\\/seguros\\\/?s={search_term_string}\"},\"query-input\":{\"@type\":\"PropertyValueSpecification\",\"valueRequired\":true,\"valueName\":\"search_term_string\"}}],\"inLanguage\":\"es\"}]}<\/script>\n<!-- \/ Yoast SEO plugin. -->","yoast_head_json":{"title":"\u00bfC\u00f3mo dar de Baja o Cancelar Seguro de Decesos Regal?","description":"Obt\u00e9n aqu\u00ed\u3010c\u00f3mo dar de baja o cancelar seguro de decesos Regal\u3011Modelo carta, fax, correo electr\u00f3nico (email), tel\u00e9fono gratis.","robots":{"index":"index","follow":"follow","max-snippet":"max-snippet:-1","max-image-preview":"max-image-preview:large","max-video-preview":"max-video-preview:-1"},"canonical":"https:\/\/idecesos.com\/seguros\/companias\/regal\/dar-de-baja\/","og_locale":"es_ES","og_type":"article","og_title":"\u00bfC\u00f3mo dar de Baja o Cancelar Seguro de Decesos Regal?","og_description":"Obt\u00e9n aqu\u00ed\u3010c\u00f3mo dar de baja o cancelar seguro de decesos Regal\u3011Modelo carta, fax, correo electr\u00f3nico (email), tel\u00e9fono gratis.","og_url":"https:\/\/idecesos.com\/seguros\/companias\/regal\/dar-de-baja\/","article_modified_time":"2022-01-26T17:45:14+00:00","twitter_card":"summary_large_image","twitter_misc":{"Tiempo de lectura":"15 minutos"},"schema":{"@context":"https:\/\/schema.org","@graph":[{"@type":"WebPage","@id":"https:\/\/idecesos.com\/seguros\/companias\/regal\/dar-de-baja\/","url":"https:\/\/idecesos.com\/seguros\/companias\/regal\/dar-de-baja\/","name":"\u00bfC\u00f3mo dar de Baja o Cancelar Seguro de Decesos Regal?","isPartOf":{"@id":"https:\/\/idecesos.com\/seguros\/#website"},"datePublished":"2021-12-29T11:48:00+00:00","dateModified":"2022-01-26T17:45:14+00:00","description":"Obt\u00e9n aqu\u00ed\u3010c\u00f3mo dar de baja o cancelar seguro de decesos Regal\u3011Modelo carta, fax, correo electr\u00f3nico (email), tel\u00e9fono gratis.","breadcrumb":{"@id":"https:\/\/idecesos.com\/seguros\/companias\/regal\/dar-de-baja\/#breadcrumb"},"inLanguage":"es","potentialAction":[{"@type":"ReadAction","target":["https:\/\/idecesos.com\/seguros\/companias\/regal\/dar-de-baja\/"]}]},{"@type":"BreadcrumbList","@id":"https:\/\/idecesos.com\/seguros\/companias\/regal\/dar-de-baja\/#breadcrumb","itemListElement":[{"@type":"ListItem","position":1,"name":"Portada","item":"https:\/\/idecesos.com\/seguros\/"},{"@type":"ListItem","position":2,"name":"Compa\u00f1\u00edas de Seguros de Decesos en Espa\u00f1a","item":"https:\/\/idecesos.com\/seguros\/companias\/"},{"@type":"ListItem","position":3,"name":"Seguro de decesos Regal","item":"https:\/\/idecesos.com\/seguros\/companias\/regal\/"},{"@type":"ListItem","position":4,"name":"\u00bfC\u00f3mo dar de baja seguro Regal?"}]},{"@type":"WebSite","@id":"https:\/\/idecesos.com\/seguros\/#website","url":"https:\/\/idecesos.com\/seguros\/","name":"","description":"","potentialAction":[{"@type":"SearchAction","target":{"@type":"EntryPoint","urlTemplate":"https:\/\/idecesos.com\/seguros\/?s={search_term_string}"},"query-input":{"@type":"PropertyValueSpecification","valueRequired":true,"valueName":"search_term_string"}}],"inLanguage":"es"}]}},"_links":{"self":[{"href":"https:\/\/idecesos.com\/seguros\/wp-json\/wp\/v2\/pages\/18111","targetHints":{"allow":["GET"]}}],"collection":[{"href":"https:\/\/idecesos.com\/seguros\/wp-json\/wp\/v2\/pages"}],"about":[{"href":"https:\/\/idecesos.com\/seguros\/wp-json\/wp\/v2\/types\/page"}],"author":[{"embeddable":true,"href":"https:\/\/idecesos.com\/seguros\/wp-json\/wp\/v2\/users\/1"}],"replies":[{"embeddable":true,"href":"https:\/\/idecesos.com\/seguros\/wp-json\/wp\/v2\/comments?post=18111"}],"version-history":[{"count":2,"href":"https:\/\/idecesos.com\/seguros\/wp-json\/wp\/v2\/pages\/18111\/revisions"}],"predecessor-version":[{"id":19065,"href":"https:\/\/idecesos.com\/seguros\/wp-json\/wp\/v2\/pages\/18111\/revisions\/19065"}],"up":[{"embeddable":true,"href":"https:\/\/idecesos.com\/seguros\/wp-json\/wp\/v2\/pages\/473"}],"wp:attachment":[{"href":"https:\/\/idecesos.com\/seguros\/wp-json\/wp\/v2\/media?parent=18111"}],"curies":[{"name":"wp","href":"https:\/\/api.w.org\/{rel}","templated":true}]}}