{"id":18116,"date":"2021-12-29T11:52:56","date_gmt":"2021-12-29T11:48:03","guid":{"rendered":"https:\/\/idecesos.com\/seguros\/companias\/caixabank\/dar-de-baja\/"},"modified":"2022-01-26T17:36:46","modified_gmt":"2022-01-26T17:36:46","slug":"dar-de-baja","status":"publish","type":"page","link":"https:\/\/idecesos.com\/seguros\/companias\/caixabank\/dar-de-baja\/","title":{"rendered":"\u00bfC\u00f3mo dar de baja seguro Caixabank?"},"content":{"rendered":"<div id=\"ez-toc-container\" class=\"ez-toc-v2_0_82_2 ez-toc-wrap-center counter-hierarchy ez-toc-counter ez-toc-custom ez-toc-container-direction\">\n<div class=\"ez-toc-title-container\">\n<p class=\"ez-toc-title\" style=\"cursor:inherit\">Tabla de Contenido<\/p>\n<span class=\"ez-toc-title-toggle\"><a href=\"#\" class=\"ez-toc-pull-right ez-toc-btn ez-toc-btn-xs ez-toc-btn-default ez-toc-toggle\" aria-label=\"Alternar tabla de contenidos\"><span class=\"ez-toc-js-icon-con\"><span class=\"\"><span class=\"eztoc-hide\" style=\"display:none;\">Toggle<\/span><span class=\"ez-toc-icon-toggle-span\"><svg style=\"fill: #db6415;color:#db6415\" xmlns=\"http:\/\/www.w3.org\/2000\/svg\" class=\"list-377408\" width=\"20px\" height=\"20px\" viewBox=\"0 0 24 24\" fill=\"none\"><path d=\"M6 6H4v2h2V6zm14 0H8v2h12V6zM4 11h2v2H4v-2zm16 0H8v2h12v-2zM4 16h2v2H4v-2zm16 0H8v2h12v-2z\" fill=\"currentColor\"><\/path><\/svg><svg style=\"fill: #db6415;color:#db6415\" class=\"arrow-unsorted-368013\" xmlns=\"http:\/\/www.w3.org\/2000\/svg\" width=\"10px\" height=\"10px\" viewBox=\"0 0 24 24\" version=\"1.2\" baseProfile=\"tiny\"><path d=\"M18.2 9.3l-6.2-6.3-6.2 6.3c-.2.2-.3.4-.3.7s.1.5.3.7c.2.2.4.3.7.3h11c.3 0 .5-.1.7-.3.2-.2.3-.5.3-.7s-.1-.5-.3-.7zM5.8 14.7l6.2 6.3 6.2-6.3c.2-.2.3-.5.3-.7s-.1-.5-.3-.7c-.2-.2-.4-.3-.7-.3h-11c-.3 0-.5.1-.7.3-.2.2-.3.5-.3.7s.1.5.3.7z\"\/><\/svg><\/span><\/span><\/span><\/a><\/span><\/div>\n<nav><ul class='ez-toc-list ez-toc-list-level-1 ' ><li class='ez-toc-page-1 ez-toc-heading-level-2'><a class=\"ez-toc-link ez-toc-heading-1\" href=\"https:\/\/idecesos.com\/seguros\/companias\/caixabank\/dar-de-baja\/#Diferentes_opciones_para_cancelar_un_contrato_con_Caixabank\" >Diferentes opciones para cancelar un contrato con Caixabank<\/a><ul class='ez-toc-list-level-3' ><li class='ez-toc-heading-level-3'><a class=\"ez-toc-link ez-toc-heading-2\" href=\"https:\/\/idecesos.com\/seguros\/companias\/caixabank\/dar-de-baja\/#A_traves_de_la_web_de_Caixabank\" >A trav\u00e9s de la web de Caixabank<\/a><\/li><li class='ez-toc-page-1 ez-toc-heading-level-3'><a class=\"ez-toc-link ez-toc-heading-3\" href=\"https:\/\/idecesos.com\/seguros\/companias\/caixabank\/dar-de-baja\/#Utilizando_el_correo_electronico_de_Caixabank\" >Utilizando el correo electr\u00f3nico de Caixabank<\/a><\/li><li class='ez-toc-page-1 ez-toc-heading-level-3'><a class=\"ez-toc-link ez-toc-heading-4\" href=\"https:\/\/idecesos.com\/seguros\/companias\/caixabank\/dar-de-baja\/#Dar_de_baja_Caixabank_por_fax\" >Dar de baja Caixabank por fax<\/a><\/li><li class='ez-toc-page-1 ez-toc-heading-level-3'><a class=\"ez-toc-link ez-toc-heading-5\" href=\"https:\/\/idecesos.com\/seguros\/companias\/caixabank\/dar-de-baja\/#En_la_oficina_de_Caixabank\" >En la oficina de Caixabank<\/a><\/li><li class='ez-toc-page-1 ez-toc-heading-level-3'><a class=\"ez-toc-link ez-toc-heading-6\" href=\"https:\/\/idecesos.com\/seguros\/companias\/caixabank\/dar-de-baja\/#Telefono_para_dar_de_baja_Caixabank\" >T\u00e9lefono para dar de baja Caixabank<\/a><\/li><\/ul><\/li><li class='ez-toc-page-1 ez-toc-heading-level-2'><a class=\"ez-toc-link ez-toc-heading-7\" href=\"https:\/\/idecesos.com\/seguros\/companias\/caixabank\/dar-de-baja\/#Dar_de_baja_seguro_Caixabank_de_un_fallecido\" >Dar de baja seguro Caixabank de un fallecido<\/a><ul class='ez-toc-list-level-3' ><li class='ez-toc-heading-level-3'><a class=\"ez-toc-link ez-toc-heading-8\" href=\"https:\/\/idecesos.com\/seguros\/companias\/caixabank\/dar-de-baja\/#Paginas_relacionadas\" >P\u00e1ginas relacionadas<\/a><\/li><\/ul><\/li><\/ul><\/nav><\/div>\n<p> Si desea dar de baja un seguro de decesos, es tan sencillo como proseguir los pasos que le vamos a dar ahora. iDecesos te mostrar\u00e1 sus conocimientos para dar de baja su seguro de decesos. En muy poco tiempo va a estar solucionado su problema y, resulta conveniente que, contrate un seguro de decesos con el que est\u00e9 satisfecho\/a para su tranquilidad y la de su familia. Debe saber que, tiene que informar a la compa\u00f1\u00eda 30 d\u00edas ya antes de la renovaci\u00f3n de su seguro de decesos para poder darlo de baja. <div class=\"colorf \"  ><div class=\"container clearfix\"><div class=\"col-md-7\"><\/p>\r\n<h2><span class=\"ez-toc-section\" id=\"Diferentes_opciones_para_cancelar_un_contrato_con_Caixabank\"><\/span>Diferentes opciones para cancelar un contrato con Caixabank<span class=\"ez-toc-section-end\"><\/span><\/h2>\r\n<!-- \/wp:post-content -->\r\n\r\n<!-- wp:paragraph -->\r\n<p>Cada compa\u00f1\u00eda de seguro de decesos marcha de una forma diferente, pero la mayor\u00eda le piden a sus clientes del servicio un documento en el que usted ponga sus deseos de dar de baja sus servicios de su seguro de decesos. Hay diferentes formas de darse de baja, pero, de cualquier forma, si usted desea mandar una carta certificada con un modelo est\u00e1ndar de cancelaci\u00f3n de su contrato con Caixabank esta va a deber d\u00e1rselo por v\u00e1lido. Le recomendamos que conserve el resguardo del documento y, posteriormente, haga una copia. Si usted decide no escoger este procedimiento, ahora, le mostramos otras formas por las que podr\u00e1 darse de baja del seguro de decesos de Caixabank. <\/div><\/div><\/div><\/p>\r\n<h3><span class=\"ez-toc-section\" id=\"A_traves_de_la_web_de_Caixabank\"><\/span>A trav\u00e9s de la web de Caixabank<span class=\"ez-toc-section-end\"><\/span><\/h3>\r\n<p>Puedes dar de baja tu seguro de decesos por medio de la web de la compa\u00f1\u00eda en la que tengas contratado tu seguro. Escribe la p\u00e1gina web www.caixabank.es\/particular\/seguros en su buscador para conocer la informaci\u00f3n que precisas saber. Para conseguir la informaci\u00f3n y si no tiene buscador, intenta localizar la secci\u00f3n donde pienses que puede estar tu respuesta. Para dar de baja de forma correcta tu seguro de decesos, tendr\u00e1s que seguir unos pasos que van desde rellenar el formulario o bien descargar documentos. Para solucionar otras dudas o bien darte una mayor informaci\u00f3n, ll\u00e1manos al 951 127 403 o mediante un email en info@idecesos. com. En caso de que s\u00ed le aparezca lo que busca, tras rellenar y mandar todo cuanto le piden, en solo unos minutos recibir\u00e1 un documento de Caixabank notificando de su baja mediante e-mail y carta. <div class=\"colorf \"  ><div class=\"container clearfix\"><div class=\"col-md-7\"><\/p>\r\n<h3><span class=\"ez-toc-section\" id=\"Utilizando_el_correo_electronico_de_Caixabank\"><\/span>Utilizando el correo electr\u00f3nico de Caixabank<span class=\"ez-toc-section-end\"><\/span><\/h3>\r\n<p>Otra de las maneras para dar de baja a su seguro de decesos, es a trav\u00e9s del correo email Caixabank de Caixabank. Solo le ocupar\u00e1 unos minutos de su tiempo. Deber\u00e1 mandar la siguiente informaci\u00f3n al apartado de correos de la compa\u00f1\u00eda: copia del documento de identidad y, notificaci\u00f3n firmada y completa con sus datos personales. Para poder completar el proceso, debe guardar una copia sellada y, su justificante de recibo. Adem\u00e1s de esto, por lo que pueda pasar, le aconsejamos que guarde una imitaci\u00f3n de la notificaci\u00f3n con su data de env\u00edo por lo que pueda ocurrir en el futuro. <\/div><\/div><\/div><\/p>\r\n<h3><span class=\"ez-toc-section\" id=\"Dar_de_baja_Caixabank_por_fax\"><\/span>Dar de baja Caixabank por fax<span class=\"ez-toc-section-end\"><\/span><\/h3>\r\n<p>Otro procedimiento, es el uso del fax. Se asemeja bastante al anterior, solo cambia la manera en la que se env\u00edan los documentos. Mediante un fax deber\u00e1 mandar a Caixabank una copia de su DNI y la notificaci\u00f3n firma de baja que puede encontrarla en la web de Caixabank o te la podemos facilitar si nos llamas al 951 127 403. Como en m\u00e9todos precedentes, deber\u00e1 guardar el justificante de su recibo y, una copia adecuadamente sellada. Adem\u00e1s de esto, por lo que pueda ocurrir en el futuro, guarde una copia de la notificaci\u00f3n con la fecha de env\u00edo. <div class=\"colorf \"  ><div class=\"container clearfix\"><div class=\"col-md-7\"><\/p>\r\n<h3><span class=\"ez-toc-section\" id=\"En_la_oficina_de_Caixabank\"><\/span>En la oficina de Caixabank<span class=\"ez-toc-section-end\"><\/span><\/h3>\r\n<p>Si tienes alguna duda, te invitamos a que asistas a la oficina de tu compa\u00f1\u00eda para que puedas efectuar la baja de tu seguro y sus agentes te aconsejen personalmente. Vas a deber presentar un documento dejando perseverancia de tu deseo de anular tu seguro de decesos en la oficina. No olvides llevar una imitaci\u00f3n de tu DNI. En el momento en que te ponen el sello, se entiende que todos los recibos entregados se han realizado de manera correcta. En la data debe exponerse que el contrato fue anulado un mes ya antes del fin del contrato. <\/div><\/div><\/div><\/p>\r\n<h3><span class=\"ez-toc-section\" id=\"Telefono_para_dar_de_baja_Caixabank\"><\/span>T\u00e9lefono para dar de baja Caixabank<span class=\"ez-toc-section-end\"><\/span><\/h3>\r\n<p>Ponerse en contacto con la compa\u00f1\u00eda mediante su tel\u00e9fono es uno de los m\u00e9todos m\u00e1s eficaces. Te aconsejamos que emplees el tel\u00e9fono que te se\u00f1alamos ahora para que la llamada sea gratuita y contactes con un agente que te asesore. Cuando se pongan en contacto contigo, certificar\u00e1n que eres el asegurado de la p\u00f3liza y que puedes pedir la baja al estar en el periodo. En esta p\u00e1gina web, podr\u00e1s proceder a pedir la baja de tu seguro de decesos sin ning\u00fan g\u00e9nero de costo. <div class=\"colorf \"  ><div class=\"container clearfix\"><div class=\"col-md-7\"><\/p>\r\n<h2><span class=\"ez-toc-section\" id=\"Dar_de_baja_seguro_Caixabank_de_un_fallecido\"><\/span>Dar de baja seguro Caixabank de un fallecido<span class=\"ez-toc-section-end\"><\/span><\/h2>\r\n<p>Finalmente, vamos a informarte de qu\u00e9 forma puedes dar de baja tu seguro si el asegurado muere. Es un proceso f\u00e1cil que no te va a llevar mucho tiempo. Caixabank es la encargada de cancelar su seguro de decesos de manera autom\u00e1tica tras la muerte de su asegurado en tanto que, al prestar su servicio tras el sepelio del cliente, mismos se encargaran de dar de baja a la persona fallecida de su compa\u00f1\u00eda de seguros, con lo que sus familiares no tienen de qu\u00e9 preocuparse. <\/div><\/div><\/div> <div class=\"oficinas\"> <h3><span class=\"ez-toc-section\" id=\"Paginas_relacionadas\"><\/span>P\u00e1ginas relacionadas<span class=\"ez-toc-section-end\"><\/span><\/h3><div class=\"enlazado\"><ul> <li><a href=\"https:\/\/idecesos.com\/seguros\/companias\/caixabank\/opiniones\/\">Opiniones CaixaBank<\/a><\/li> <li><a href=\"https:\/\/idecesos.com\/seguros\/companias\/caixabank\/precio\/\">Precio seguro Caixabank<\/a><\/li> <li><a href=\"https:\/\/idecesos.com\/seguros\/companias\/caixabank\/prima-mixta\/\">Caixabank Prima Mixta<\/a><\/li> <li><a href=\"https:\/\/idecesos.com\/seguros\/companias\/caixabank\/prima-natural\/\">Caixabank Prima Natural<\/a><\/li> <li><a href=\"https:\/\/idecesos.com\/seguros\/companias\/caixabank\/prima-nivelada\/\">Caixabank Prima Nivelada<\/a><\/li> <li><a href=\"https:\/\/idecesos.com\/seguros\/companias\/caixabank\/prima-unica\/\">Caixabank Prima \u00danica<\/a><\/li> <li><a href=\"https:\/\/idecesos.com\/seguros\/companias\/caixabank\/repatriacion\/\">Caixabank Repatriaci\u00f3n<\/a><\/li> <li><a href=\"https:\/\/idecesos.com\/seguros\/companias\/caixabank\/telefono\/\">Tel\u00e9fono Gratuito Caixabank<\/a><\/li><\/ul><\/div> <\/div><\/p>","protected":false},"excerpt":{"rendered":"<p>Si desea dar de baja un seguro de decesos, es tan sencillo como proseguir los pasos que le vamos a dar ahora. iDecesos te mostrar\u00e1 sus conocimientos para dar de baja su seguro de decesos. En muy poco tiempo va a estar solucionado su problema y, resulta conveniente que, contrate un seguro de decesos con&hellip; <\/p>\n","protected":false},"author":1,"featured_media":0,"parent":581,"menu_order":0,"comment_status":"closed","ping_status":"closed","template":"single.php","meta":{"footnotes":""},"class_list":["post-18116","page","type-page","status-publish","hentry"],"yoast_head":"<!-- This site is optimized with the Yoast SEO plugin v27.3 - https:\/\/yoast.com\/product\/yoast-seo-wordpress\/ -->\n<title>\u00bfC\u00f3mo dar de Baja o Cancelar Seguro de Decesos Caixabank?<\/title>\n<meta name=\"description\" content=\"Obt\u00e9n aqu\u00ed\u3010c\u00f3mo dar de baja o cancelar seguro de decesos Caixabank\u3011Modelo carta, fax, correo electr\u00f3nico (email), tel\u00e9fono gratis.\" \/>\n<meta name=\"robots\" content=\"index, follow, max-snippet:-1, max-image-preview:large, max-video-preview:-1\" \/>\n<link rel=\"canonical\" href=\"https:\/\/idecesos.com\/seguros\/companias\/caixabank\/dar-de-baja\/\" \/>\n<meta property=\"og:locale\" content=\"es_ES\" \/>\n<meta property=\"og:type\" content=\"article\" \/>\n<meta property=\"og:title\" content=\"\u00bfC\u00f3mo dar de Baja o Cancelar Seguro de Decesos Caixabank?\" \/>\n<meta property=\"og:description\" content=\"Obt\u00e9n aqu\u00ed\u3010c\u00f3mo dar de baja o cancelar seguro de decesos Caixabank\u3011Modelo carta, fax, correo electr\u00f3nico (email), tel\u00e9fono gratis.\" \/>\n<meta property=\"og:url\" content=\"https:\/\/idecesos.com\/seguros\/companias\/caixabank\/dar-de-baja\/\" \/>\n<meta property=\"article:modified_time\" content=\"2022-01-26T17:36:46+00:00\" \/>\n<meta name=\"twitter:card\" content=\"summary_large_image\" \/>\n<meta name=\"twitter:label1\" content=\"Tiempo de lectura\" \/>\n\t<meta name=\"twitter:data1\" content=\"15 minutos\" \/>\n<script type=\"application\/ld+json\" class=\"yoast-schema-graph\">{\"@context\":\"https:\\\/\\\/schema.org\",\"@graph\":[{\"@type\":\"WebPage\",\"@id\":\"https:\\\/\\\/idecesos.com\\\/seguros\\\/companias\\\/caixabank\\\/dar-de-baja\\\/\",\"url\":\"https:\\\/\\\/idecesos.com\\\/seguros\\\/companias\\\/caixabank\\\/dar-de-baja\\\/\",\"name\":\"\u00bfC\u00f3mo dar de Baja o Cancelar Seguro de Decesos Caixabank?\",\"isPartOf\":{\"@id\":\"https:\\\/\\\/idecesos.com\\\/seguros\\\/#website\"},\"datePublished\":\"2021-12-29T11:48:03+00:00\",\"dateModified\":\"2022-01-26T17:36:46+00:00\",\"description\":\"Obt\u00e9n aqu\u00ed\u3010c\u00f3mo dar de baja o cancelar seguro de decesos Caixabank\u3011Modelo carta, fax, correo electr\u00f3nico (email), tel\u00e9fono gratis.\",\"breadcrumb\":{\"@id\":\"https:\\\/\\\/idecesos.com\\\/seguros\\\/companias\\\/caixabank\\\/dar-de-baja\\\/#breadcrumb\"},\"inLanguage\":\"es\",\"potentialAction\":[{\"@type\":\"ReadAction\",\"target\":[\"https:\\\/\\\/idecesos.com\\\/seguros\\\/companias\\\/caixabank\\\/dar-de-baja\\\/\"]}]},{\"@type\":\"BreadcrumbList\",\"@id\":\"https:\\\/\\\/idecesos.com\\\/seguros\\\/companias\\\/caixabank\\\/dar-de-baja\\\/#breadcrumb\",\"itemListElement\":[{\"@type\":\"ListItem\",\"position\":1,\"name\":\"Portada\",\"item\":\"https:\\\/\\\/idecesos.com\\\/seguros\\\/\"},{\"@type\":\"ListItem\",\"position\":2,\"name\":\"Compa\u00f1\u00edas de Seguros de Decesos en Espa\u00f1a\",\"item\":\"https:\\\/\\\/idecesos.com\\\/seguros\\\/companias\\\/\"},{\"@type\":\"ListItem\",\"position\":3,\"name\":\"Seguro de decesos Caixabank\",\"item\":\"https:\\\/\\\/idecesos.com\\\/seguros\\\/companias\\\/caixabank\\\/\"},{\"@type\":\"ListItem\",\"position\":4,\"name\":\"\u00bfC\u00f3mo dar de baja seguro Caixabank?\"}]},{\"@type\":\"WebSite\",\"@id\":\"https:\\\/\\\/idecesos.com\\\/seguros\\\/#website\",\"url\":\"https:\\\/\\\/idecesos.com\\\/seguros\\\/\",\"name\":\"\",\"description\":\"\",\"potentialAction\":[{\"@type\":\"SearchAction\",\"target\":{\"@type\":\"EntryPoint\",\"urlTemplate\":\"https:\\\/\\\/idecesos.com\\\/seguros\\\/?s={search_term_string}\"},\"query-input\":{\"@type\":\"PropertyValueSpecification\",\"valueRequired\":true,\"valueName\":\"search_term_string\"}}],\"inLanguage\":\"es\"}]}<\/script>\n<!-- \/ Yoast SEO plugin. -->","yoast_head_json":{"title":"\u00bfC\u00f3mo dar de Baja o Cancelar Seguro de Decesos Caixabank?","description":"Obt\u00e9n aqu\u00ed\u3010c\u00f3mo dar de baja o cancelar seguro de decesos Caixabank\u3011Modelo carta, fax, correo electr\u00f3nico (email), tel\u00e9fono gratis.","robots":{"index":"index","follow":"follow","max-snippet":"max-snippet:-1","max-image-preview":"max-image-preview:large","max-video-preview":"max-video-preview:-1"},"canonical":"https:\/\/idecesos.com\/seguros\/companias\/caixabank\/dar-de-baja\/","og_locale":"es_ES","og_type":"article","og_title":"\u00bfC\u00f3mo dar de Baja o Cancelar Seguro de Decesos Caixabank?","og_description":"Obt\u00e9n aqu\u00ed\u3010c\u00f3mo dar de baja o cancelar seguro de decesos Caixabank\u3011Modelo carta, fax, correo electr\u00f3nico (email), tel\u00e9fono gratis.","og_url":"https:\/\/idecesos.com\/seguros\/companias\/caixabank\/dar-de-baja\/","article_modified_time":"2022-01-26T17:36:46+00:00","twitter_card":"summary_large_image","twitter_misc":{"Tiempo de lectura":"15 minutos"},"schema":{"@context":"https:\/\/schema.org","@graph":[{"@type":"WebPage","@id":"https:\/\/idecesos.com\/seguros\/companias\/caixabank\/dar-de-baja\/","url":"https:\/\/idecesos.com\/seguros\/companias\/caixabank\/dar-de-baja\/","name":"\u00bfC\u00f3mo dar de Baja o Cancelar Seguro de Decesos Caixabank?","isPartOf":{"@id":"https:\/\/idecesos.com\/seguros\/#website"},"datePublished":"2021-12-29T11:48:03+00:00","dateModified":"2022-01-26T17:36:46+00:00","description":"Obt\u00e9n aqu\u00ed\u3010c\u00f3mo dar de baja o cancelar seguro de decesos Caixabank\u3011Modelo carta, fax, correo electr\u00f3nico (email), tel\u00e9fono gratis.","breadcrumb":{"@id":"https:\/\/idecesos.com\/seguros\/companias\/caixabank\/dar-de-baja\/#breadcrumb"},"inLanguage":"es","potentialAction":[{"@type":"ReadAction","target":["https:\/\/idecesos.com\/seguros\/companias\/caixabank\/dar-de-baja\/"]}]},{"@type":"BreadcrumbList","@id":"https:\/\/idecesos.com\/seguros\/companias\/caixabank\/dar-de-baja\/#breadcrumb","itemListElement":[{"@type":"ListItem","position":1,"name":"Portada","item":"https:\/\/idecesos.com\/seguros\/"},{"@type":"ListItem","position":2,"name":"Compa\u00f1\u00edas de Seguros de Decesos en Espa\u00f1a","item":"https:\/\/idecesos.com\/seguros\/companias\/"},{"@type":"ListItem","position":3,"name":"Seguro de decesos Caixabank","item":"https:\/\/idecesos.com\/seguros\/companias\/caixabank\/"},{"@type":"ListItem","position":4,"name":"\u00bfC\u00f3mo dar de baja seguro Caixabank?"}]},{"@type":"WebSite","@id":"https:\/\/idecesos.com\/seguros\/#website","url":"https:\/\/idecesos.com\/seguros\/","name":"","description":"","potentialAction":[{"@type":"SearchAction","target":{"@type":"EntryPoint","urlTemplate":"https:\/\/idecesos.com\/seguros\/?s={search_term_string}"},"query-input":{"@type":"PropertyValueSpecification","valueRequired":true,"valueName":"search_term_string"}}],"inLanguage":"es"}]}},"_links":{"self":[{"href":"https:\/\/idecesos.com\/seguros\/wp-json\/wp\/v2\/pages\/18116","targetHints":{"allow":["GET"]}}],"collection":[{"href":"https:\/\/idecesos.com\/seguros\/wp-json\/wp\/v2\/pages"}],"about":[{"href":"https:\/\/idecesos.com\/seguros\/wp-json\/wp\/v2\/types\/page"}],"author":[{"embeddable":true,"href":"https:\/\/idecesos.com\/seguros\/wp-json\/wp\/v2\/users\/1"}],"replies":[{"embeddable":true,"href":"https:\/\/idecesos.com\/seguros\/wp-json\/wp\/v2\/comments?post=18116"}],"version-history":[{"count":2,"href":"https:\/\/idecesos.com\/seguros\/wp-json\/wp\/v2\/pages\/18116\/revisions"}],"predecessor-version":[{"id":19061,"href":"https:\/\/idecesos.com\/seguros\/wp-json\/wp\/v2\/pages\/18116\/revisions\/19061"}],"up":[{"embeddable":true,"href":"https:\/\/idecesos.com\/seguros\/wp-json\/wp\/v2\/pages\/581"}],"wp:attachment":[{"href":"https:\/\/idecesos.com\/seguros\/wp-json\/wp\/v2\/media?parent=18116"}],"curies":[{"name":"wp","href":"https:\/\/api.w.org\/{rel}","templated":true}]}}