{"id":18117,"date":"2021-12-29T11:52:56","date_gmt":"2021-12-29T11:48:03","guid":{"rendered":"https:\/\/idecesos.com\/seguros\/companias\/cetelem\/dar-de-baja\/"},"modified":"2022-01-26T17:43:05","modified_gmt":"2022-01-26T17:43:05","slug":"dar-de-baja","status":"publish","type":"page","link":"https:\/\/idecesos.com\/seguros\/companias\/cetelem\/dar-de-baja\/","title":{"rendered":"\u00bfC\u00f3mo dar de baja seguro Cetelem?"},"content":{"rendered":"<div id=\"ez-toc-container\" class=\"ez-toc-v2_0_82_2 ez-toc-wrap-center counter-hierarchy ez-toc-counter ez-toc-custom ez-toc-container-direction\">\n<div class=\"ez-toc-title-container\">\n<p class=\"ez-toc-title\" style=\"cursor:inherit\">Tabla de Contenido<\/p>\n<span class=\"ez-toc-title-toggle\"><a href=\"#\" class=\"ez-toc-pull-right ez-toc-btn ez-toc-btn-xs ez-toc-btn-default ez-toc-toggle\" aria-label=\"Alternar tabla de contenidos\"><span class=\"ez-toc-js-icon-con\"><span class=\"\"><span class=\"eztoc-hide\" style=\"display:none;\">Toggle<\/span><span class=\"ez-toc-icon-toggle-span\"><svg style=\"fill: #db6415;color:#db6415\" xmlns=\"http:\/\/www.w3.org\/2000\/svg\" class=\"list-377408\" width=\"20px\" height=\"20px\" viewBox=\"0 0 24 24\" fill=\"none\"><path d=\"M6 6H4v2h2V6zm14 0H8v2h12V6zM4 11h2v2H4v-2zm16 0H8v2h12v-2zM4 16h2v2H4v-2zm16 0H8v2h12v-2z\" fill=\"currentColor\"><\/path><\/svg><svg style=\"fill: #db6415;color:#db6415\" class=\"arrow-unsorted-368013\" xmlns=\"http:\/\/www.w3.org\/2000\/svg\" width=\"10px\" height=\"10px\" viewBox=\"0 0 24 24\" version=\"1.2\" baseProfile=\"tiny\"><path d=\"M18.2 9.3l-6.2-6.3-6.2 6.3c-.2.2-.3.4-.3.7s.1.5.3.7c.2.2.4.3.7.3h11c.3 0 .5-.1.7-.3.2-.2.3-.5.3-.7s-.1-.5-.3-.7zM5.8 14.7l6.2 6.3 6.2-6.3c.2-.2.3-.5.3-.7s-.1-.5-.3-.7c-.2-.2-.4-.3-.7-.3h-11c-.3 0-.5.1-.7.3-.2.2-.3.5-.3.7s.1.5.3.7z\"\/><\/svg><\/span><\/span><\/span><\/a><\/span><\/div>\n<nav><ul class='ez-toc-list ez-toc-list-level-1 ' ><li class='ez-toc-page-1 ez-toc-heading-level-2'><a class=\"ez-toc-link ez-toc-heading-1\" href=\"https:\/\/idecesos.com\/seguros\/companias\/cetelem\/dar-de-baja\/#Diferentes_opciones_para_cancelar_un_contrato_con_Cetelem\" >Diferentes opciones para cancelar un contrato con Cetelem<\/a><ul class='ez-toc-list-level-3' ><li class='ez-toc-heading-level-3'><a class=\"ez-toc-link ez-toc-heading-2\" href=\"https:\/\/idecesos.com\/seguros\/companias\/cetelem\/dar-de-baja\/#A_traves_de_la_web_de_Cetelem\" >A trav\u00e9s de la web de Cetelem<\/a><\/li><li class='ez-toc-page-1 ez-toc-heading-level-3'><a class=\"ez-toc-link ez-toc-heading-3\" href=\"https:\/\/idecesos.com\/seguros\/companias\/cetelem\/dar-de-baja\/#Utilizando_el_correo_electronico_de_Cetelem\" >Utilizando el correo electr\u00f3nico de Cetelem<\/a><\/li><li class='ez-toc-page-1 ez-toc-heading-level-3'><a class=\"ez-toc-link ez-toc-heading-4\" href=\"https:\/\/idecesos.com\/seguros\/companias\/cetelem\/dar-de-baja\/#Dar_de_baja_Cetelem_por_fax\" >Dar de baja Cetelem por fax<\/a><\/li><li class='ez-toc-page-1 ez-toc-heading-level-3'><a class=\"ez-toc-link ez-toc-heading-5\" href=\"https:\/\/idecesos.com\/seguros\/companias\/cetelem\/dar-de-baja\/#En_la_oficina_de_Cetelem\" >En la oficina de Cetelem<\/a><\/li><li class='ez-toc-page-1 ez-toc-heading-level-3'><a class=\"ez-toc-link ez-toc-heading-6\" href=\"https:\/\/idecesos.com\/seguros\/companias\/cetelem\/dar-de-baja\/#Telefono_para_dar_de_baja_Cetelem\" >T\u00e9lefono para dar de baja Cetelem<\/a><\/li><\/ul><\/li><li class='ez-toc-page-1 ez-toc-heading-level-2'><a class=\"ez-toc-link ez-toc-heading-7\" href=\"https:\/\/idecesos.com\/seguros\/companias\/cetelem\/dar-de-baja\/#Dar_de_baja_seguro_Cetelem_de_un_fallecido\" >Dar de baja seguro Cetelem de un fallecido<\/a><ul class='ez-toc-list-level-3' ><li class='ez-toc-heading-level-3'><a class=\"ez-toc-link ez-toc-heading-8\" href=\"https:\/\/idecesos.com\/seguros\/companias\/cetelem\/dar-de-baja\/#Paginas_relacionadas\" >P\u00e1ginas relacionadas<\/a><\/li><\/ul><\/li><\/ul><\/nav><\/div>\n<p> Para dar de baja su seguro de decesos en Cetelem deber\u00e1 proseguir los siguientes pasos. El paso inicial que debes seguir es revisar tu contrato y conocer los datos de tu empresa de seguros. Cuando sepas la informaci\u00f3n de tu compa\u00f1\u00eda, vas a poder conocer su direcci\u00f3n de forma m\u00e1s precisa merced a internet. Contacta con tu empresa de seguros en el tel\u00e9fono de atenci\u00f3n al usuario que te se\u00f1alen a fin de que puedas proceder a dar de baja tu seguro de decesos. Cuando concluyas de charlar con atenci\u00f3n al cliente, te se\u00f1alar\u00e1n que puedes pedir la baja del seguro mediante el tel\u00e9fono o mail. Cuando realices la baja de tu seguro, vas a poder ponerte en contacto con tu empresa aseguradora para dejar por escrito tu resoluci\u00f3n. <div class=\"colorf \"  ><div class=\"container clearfix\"><div class=\"col-md-7\"><\/p>\r\n<h2><span class=\"ez-toc-section\" id=\"Diferentes_opciones_para_cancelar_un_contrato_con_Cetelem\"><\/span>Diferentes opciones para cancelar un contrato con Cetelem<span class=\"ez-toc-section-end\"><\/span><\/h2>\r\n<!-- \/wp:post-content -->\r\n\r\n<!-- wp:paragraph -->\r\n<p>Cada compa\u00f1\u00eda marcha de una manera diferente mas, en pr\u00e1cticamente todas , deber\u00e1 dar un documento en el que pida la baja de su seguro de decesos y, en consecuencia, sus servicios. Puede conseguir el documento de Cetelem contactando a trav\u00e9s del n\u00famero de tel\u00e9fono o bien mail que tenemos a su predisposici\u00f3n. Sea como sea, la forma que decida en la que darse de baja, si elige la opci\u00f3n de enviar una carta certificada, en la que conste la cancelaci\u00f3n del contrato Cetelem, esta va a deber admitirlo y darlo por v\u00e1lido. Le recomendamos que guarde el resguardo del documento y que haga una copia. Seguidamente, va a poder conocer m\u00e1s m\u00e9todos que le sirva de ayuda para dar de baja su seguro de decesos contratado con Cetelem. <\/div><\/div><\/div><\/p>\r\n<h3><span class=\"ez-toc-section\" id=\"A_traves_de_la_web_de_Cetelem\"><\/span>A trav\u00e9s de la web de Cetelem<span class=\"ez-toc-section-end\"><\/span><\/h3>\r\n<p>A trav\u00e9s de la web www.cetelem.es\/contacto de Cetelem, tambi\u00e9n va a poder dar de baja su seguro. Solo deber\u00e1s consultar al buscador de su web lo que desees saber o bien, entrar en su secci\u00f3n de bajas. Despu\u00e9s prosiga los pasos que le se\u00f1alan y va a poder darse de baja de sus servicios, o bien rellenando el formulario que le se\u00f1alan o baj\u00e1ndose el documento que Cetelem le proporciona. En el caso de tener alg\u00fan inconveniente, llame al n\u00famero de tel\u00e9fono de la compa\u00f1\u00eda 917 909 790\u00a0o mande un correo coment\u00e1ndole lo sucedido email Cetelem. Por el contrario, si todo sale bien, recibir\u00e1 de forma instant\u00e1nea un correo electr\u00f3nico por la parte de la compa\u00f1\u00eda, con la confirmaci\u00f3n de baja de su seguro. <div class=\"colorf \"  ><div class=\"container clearfix\"><div class=\"col-md-7\"><\/p>\r\n<h3><span class=\"ez-toc-section\" id=\"Utilizando_el_correo_electronico_de_Cetelem\"><\/span>Utilizando el correo electr\u00f3nico de Cetelem<span class=\"ez-toc-section-end\"><\/span><\/h3>\r\n<p>Otra de las formas para dar de baja a su seguro de decesos, es a trav\u00e9s del correo email Cetelem de Cetelem. Le acarrear\u00e1 unas escasos minutos. Deber\u00e1 enviar, al correo de la compa\u00f1\u00eda, una copia de su DNI y la notificaci\u00f3n, citada anteriormente, firmada y completada con sus datos personales correspondientes. Es importante, para finalizar el proceso adecuadamente, guardar la copia sellada y el justificante de recibo. Tambi\u00e9n, es importante que guarde, a buen recaudo, una imitaci\u00f3n de la notificaci\u00f3n, por si brota alg\u00fan inconveniente en el futuro. <\/div><\/div><\/div><\/p>\r\n<h3><span class=\"ez-toc-section\" id=\"Dar_de_baja_Cetelem_por_fax\"><\/span>Dar de baja Cetelem por fax<span class=\"ez-toc-section-end\"><\/span><\/h3>\r\n<p>A trav\u00e9s de fax, asimismo puede dar de baja a su seguro. Se asemeja bastante al precedente, solo cambia la forma en la que se env\u00edan los documentos. En el fax que env\u00ede, deber\u00e1 aparecer una copia de su documento nacional de identidad, junto a la notificaci\u00f3n firmada y, si no la tiene, puede procurarla en la web de Cetelem o poni\u00e9ndose en contacto con nosotros mediante el tel\u00e9fono 951 127 403. Del mismo modo que en los otros m\u00e9todos, debe tener a buen recaudo el justificante del recibo y una copia sellada. Y, como es l\u00f3gico, no olvide asimismo guardar una copia de la notificaci\u00f3n, en la que aparezca la fecha de env\u00edo pertinente. <div class=\"colorf \"  ><div class=\"container clearfix\"><div class=\"col-md-7\"><\/p>\r\n<h3><span class=\"ez-toc-section\" id=\"En_la_oficina_de_Cetelem\"><\/span>En la oficina de Cetelem<span class=\"ez-toc-section-end\"><\/span><\/h3>\r\n<p>Si quieres que los agentes de tu compa\u00f1\u00eda te asesoren, deber\u00e1s asistir a la oficina de tu compa\u00f1\u00eda para efectuar los tr\u00e1mites de la baja del seguro de decesos. Si tienes claro de que quieres anular tu seguro de decesos, tendr\u00e1s que dejarlo por escrito adjuntando una copia de tu DNI. En la oficina te aplicar\u00e1n un sello con la fecha del d\u00eda. Con el sello queda constancia de que todos y cada uno de los datos expuestos est\u00e1n correctos. Con respecto al tiempo la fecha certifica que ha pedido su ca\u00edda como usuario en el periodo establecido por la Ley General de Seguros (m\u00ednimo un mes de antelaci\u00f3n). <\/div><\/div><\/div><\/p>\r\n<h3><span class=\"ez-toc-section\" id=\"Telefono_para_dar_de_baja_Cetelem\"><\/span>T\u00e9lefono para dar de baja Cetelem<span class=\"ez-toc-section-end\"><\/span><\/h3>\r\n<p>Si desea dar de baja su seguro, telef\u00f3nicamente, va a deber seguir los pasos que Cetelem le indique. De esta forma, va a poder ponerse en contacto tras efectuar una b\u00fasqueda en Internet del n\u00famero adecuado o bien, llamando al 917 909 790. Si sigue los pasos indicados, apropiadamente, en escaso tiempo tendr\u00e1 solucionado cada aspecto de su seguro de baja y, los profesionales, cerrar\u00e1n los tr\u00e1mites, de forma inmejorable, para su calma. <div class=\"colorf \"  ><div class=\"container clearfix\"><div class=\"col-md-7\"><\/p>\r\n<h2><span class=\"ez-toc-section\" id=\"Dar_de_baja_seguro_Cetelem_de_un_fallecido\"><\/span>Dar de baja seguro Cetelem de un fallecido<span class=\"ez-toc-section-end\"><\/span><\/h2>\r\n<p>Cuando el asegurado muere, se avisa a la empresa de seguros para que comiencen a efectuarse los tr\u00e1mites para efectuar la baja. El expediente se cerrar\u00e1 para que no se manden m\u00e1s recibos a esa persona que termina de fallecer. Los c\u00e1lculos se hacen en base a las estimaciones autom\u00e1ticas y actuariales de la tabla de primas que tengan contratados con Cetelem. <\/div><\/div><\/div> <div class=\"oficinas\"> <h3><span class=\"ez-toc-section\" id=\"Paginas_relacionadas\"><\/span>P\u00e1ginas relacionadas<span class=\"ez-toc-section-end\"><\/span><\/h3><div class=\"enlazado\"><ul> <li><a href=\"https:\/\/idecesos.com\/seguros\/companias\/cetelem\/opiniones\/\">Opiniones Cetelem<\/a><\/li> <li><a href=\"https:\/\/idecesos.com\/seguros\/companias\/cetelem\/precio\/\">Precio seguro Cetelem<\/a><\/li> <li><a href=\"https:\/\/idecesos.com\/seguros\/companias\/cetelem\/prima-mixta\/\">Cetelem Prima Mixta<\/a><\/li> <li><a href=\"https:\/\/idecesos.com\/seguros\/companias\/cetelem\/prima-natural\/\">Cetelem Prima Natural<\/a><\/li> <li><a href=\"https:\/\/idecesos.com\/seguros\/companias\/cetelem\/prima-nivelada\/\">Cetelem Prima Nivelada<\/a><\/li> <li><a href=\"https:\/\/idecesos.com\/seguros\/companias\/cetelem\/prima-unica\/\">Cetelem Prima \u00danica<\/a><\/li> <li><a href=\"https:\/\/idecesos.com\/seguros\/companias\/cetelem\/repatriacion\/\">Cetelem Repatriaci\u00f3n<\/a><\/li> <li><a href=\"https:\/\/idecesos.com\/seguros\/companias\/cetelem\/telefono\/\">Tel\u00e9fono Gratuito Cetelem<\/a><\/li><\/ul><\/div> <\/div><\/p>","protected":false},"excerpt":{"rendered":"<p>Para dar de baja su seguro de decesos en Cetelem deber\u00e1 proseguir los siguientes pasos. El paso inicial que debes seguir es revisar tu contrato y conocer los datos de tu empresa de seguros. Cuando sepas la informaci\u00f3n de tu compa\u00f1\u00eda, vas a poder conocer su direcci\u00f3n de forma m\u00e1s precisa merced a internet. Contacta&hellip; <\/p>\n","protected":false},"author":1,"featured_media":0,"parent":619,"menu_order":0,"comment_status":"closed","ping_status":"closed","template":"single.php","meta":{"footnotes":""},"class_list":["post-18117","page","type-page","status-publish","hentry"],"yoast_head":"<!-- This site is optimized with the Yoast SEO plugin v27.3 - https:\/\/yoast.com\/product\/yoast-seo-wordpress\/ -->\n<title>\u00bfC\u00f3mo dar de Baja o Cancelar Seguro de Decesos Cetelem?<\/title>\n<meta name=\"description\" content=\"Obt\u00e9n aqu\u00ed\u3010c\u00f3mo dar de baja o cancelar seguro de decesos Cetelem\u3011Modelo carta, fax, correo electr\u00f3nico (email), tel\u00e9fono gratis.\" \/>\n<meta name=\"robots\" content=\"index, follow, max-snippet:-1, max-image-preview:large, max-video-preview:-1\" \/>\n<link rel=\"canonical\" href=\"https:\/\/idecesos.com\/seguros\/companias\/cetelem\/dar-de-baja\/\" \/>\n<meta property=\"og:locale\" content=\"es_ES\" \/>\n<meta property=\"og:type\" content=\"article\" \/>\n<meta property=\"og:title\" content=\"\u00bfC\u00f3mo dar de Baja o Cancelar Seguro de Decesos Cetelem?\" \/>\n<meta property=\"og:description\" content=\"Obt\u00e9n aqu\u00ed\u3010c\u00f3mo dar de baja o cancelar seguro de decesos Cetelem\u3011Modelo carta, fax, correo electr\u00f3nico (email), tel\u00e9fono gratis.\" \/>\n<meta property=\"og:url\" content=\"https:\/\/idecesos.com\/seguros\/companias\/cetelem\/dar-de-baja\/\" \/>\n<meta property=\"article:modified_time\" content=\"2022-01-26T17:43:05+00:00\" \/>\n<meta name=\"twitter:card\" content=\"summary_large_image\" \/>\n<meta name=\"twitter:label1\" content=\"Tiempo de lectura\" \/>\n\t<meta name=\"twitter:data1\" content=\"15 minutos\" \/>\n<script type=\"application\/ld+json\" class=\"yoast-schema-graph\">{\"@context\":\"https:\\\/\\\/schema.org\",\"@graph\":[{\"@type\":\"WebPage\",\"@id\":\"https:\\\/\\\/idecesos.com\\\/seguros\\\/companias\\\/cetelem\\\/dar-de-baja\\\/\",\"url\":\"https:\\\/\\\/idecesos.com\\\/seguros\\\/companias\\\/cetelem\\\/dar-de-baja\\\/\",\"name\":\"\u00bfC\u00f3mo dar de Baja o Cancelar Seguro de Decesos Cetelem?\",\"isPartOf\":{\"@id\":\"https:\\\/\\\/idecesos.com\\\/seguros\\\/#website\"},\"datePublished\":\"2021-12-29T11:48:03+00:00\",\"dateModified\":\"2022-01-26T17:43:05+00:00\",\"description\":\"Obt\u00e9n aqu\u00ed\u3010c\u00f3mo dar de baja o cancelar seguro de decesos Cetelem\u3011Modelo carta, fax, correo electr\u00f3nico (email), tel\u00e9fono gratis.\",\"breadcrumb\":{\"@id\":\"https:\\\/\\\/idecesos.com\\\/seguros\\\/companias\\\/cetelem\\\/dar-de-baja\\\/#breadcrumb\"},\"inLanguage\":\"es\",\"potentialAction\":[{\"@type\":\"ReadAction\",\"target\":[\"https:\\\/\\\/idecesos.com\\\/seguros\\\/companias\\\/cetelem\\\/dar-de-baja\\\/\"]}]},{\"@type\":\"BreadcrumbList\",\"@id\":\"https:\\\/\\\/idecesos.com\\\/seguros\\\/companias\\\/cetelem\\\/dar-de-baja\\\/#breadcrumb\",\"itemListElement\":[{\"@type\":\"ListItem\",\"position\":1,\"name\":\"Portada\",\"item\":\"https:\\\/\\\/idecesos.com\\\/seguros\\\/\"},{\"@type\":\"ListItem\",\"position\":2,\"name\":\"Compa\u00f1\u00edas de Seguros de Decesos en Espa\u00f1a\",\"item\":\"https:\\\/\\\/idecesos.com\\\/seguros\\\/companias\\\/\"},{\"@type\":\"ListItem\",\"position\":3,\"name\":\"Seguro de decesos Cetelem\",\"item\":\"https:\\\/\\\/idecesos.com\\\/seguros\\\/companias\\\/cetelem\\\/\"},{\"@type\":\"ListItem\",\"position\":4,\"name\":\"\u00bfC\u00f3mo dar de baja seguro Cetelem?\"}]},{\"@type\":\"WebSite\",\"@id\":\"https:\\\/\\\/idecesos.com\\\/seguros\\\/#website\",\"url\":\"https:\\\/\\\/idecesos.com\\\/seguros\\\/\",\"name\":\"\",\"description\":\"\",\"potentialAction\":[{\"@type\":\"SearchAction\",\"target\":{\"@type\":\"EntryPoint\",\"urlTemplate\":\"https:\\\/\\\/idecesos.com\\\/seguros\\\/?s={search_term_string}\"},\"query-input\":{\"@type\":\"PropertyValueSpecification\",\"valueRequired\":true,\"valueName\":\"search_term_string\"}}],\"inLanguage\":\"es\"}]}<\/script>\n<!-- \/ Yoast SEO plugin. -->","yoast_head_json":{"title":"\u00bfC\u00f3mo dar de Baja o Cancelar Seguro de Decesos Cetelem?","description":"Obt\u00e9n aqu\u00ed\u3010c\u00f3mo dar de baja o cancelar seguro de decesos Cetelem\u3011Modelo carta, fax, correo electr\u00f3nico (email), tel\u00e9fono gratis.","robots":{"index":"index","follow":"follow","max-snippet":"max-snippet:-1","max-image-preview":"max-image-preview:large","max-video-preview":"max-video-preview:-1"},"canonical":"https:\/\/idecesos.com\/seguros\/companias\/cetelem\/dar-de-baja\/","og_locale":"es_ES","og_type":"article","og_title":"\u00bfC\u00f3mo dar de Baja o Cancelar Seguro de Decesos Cetelem?","og_description":"Obt\u00e9n aqu\u00ed\u3010c\u00f3mo dar de baja o cancelar seguro de decesos Cetelem\u3011Modelo carta, fax, correo electr\u00f3nico (email), tel\u00e9fono gratis.","og_url":"https:\/\/idecesos.com\/seguros\/companias\/cetelem\/dar-de-baja\/","article_modified_time":"2022-01-26T17:43:05+00:00","twitter_card":"summary_large_image","twitter_misc":{"Tiempo de lectura":"15 minutos"},"schema":{"@context":"https:\/\/schema.org","@graph":[{"@type":"WebPage","@id":"https:\/\/idecesos.com\/seguros\/companias\/cetelem\/dar-de-baja\/","url":"https:\/\/idecesos.com\/seguros\/companias\/cetelem\/dar-de-baja\/","name":"\u00bfC\u00f3mo dar de Baja o Cancelar Seguro de Decesos Cetelem?","isPartOf":{"@id":"https:\/\/idecesos.com\/seguros\/#website"},"datePublished":"2021-12-29T11:48:03+00:00","dateModified":"2022-01-26T17:43:05+00:00","description":"Obt\u00e9n aqu\u00ed\u3010c\u00f3mo dar de baja o cancelar seguro de decesos Cetelem\u3011Modelo carta, fax, correo electr\u00f3nico (email), tel\u00e9fono gratis.","breadcrumb":{"@id":"https:\/\/idecesos.com\/seguros\/companias\/cetelem\/dar-de-baja\/#breadcrumb"},"inLanguage":"es","potentialAction":[{"@type":"ReadAction","target":["https:\/\/idecesos.com\/seguros\/companias\/cetelem\/dar-de-baja\/"]}]},{"@type":"BreadcrumbList","@id":"https:\/\/idecesos.com\/seguros\/companias\/cetelem\/dar-de-baja\/#breadcrumb","itemListElement":[{"@type":"ListItem","position":1,"name":"Portada","item":"https:\/\/idecesos.com\/seguros\/"},{"@type":"ListItem","position":2,"name":"Compa\u00f1\u00edas de Seguros de Decesos en Espa\u00f1a","item":"https:\/\/idecesos.com\/seguros\/companias\/"},{"@type":"ListItem","position":3,"name":"Seguro de decesos Cetelem","item":"https:\/\/idecesos.com\/seguros\/companias\/cetelem\/"},{"@type":"ListItem","position":4,"name":"\u00bfC\u00f3mo dar de baja seguro Cetelem?"}]},{"@type":"WebSite","@id":"https:\/\/idecesos.com\/seguros\/#website","url":"https:\/\/idecesos.com\/seguros\/","name":"","description":"","potentialAction":[{"@type":"SearchAction","target":{"@type":"EntryPoint","urlTemplate":"https:\/\/idecesos.com\/seguros\/?s={search_term_string}"},"query-input":{"@type":"PropertyValueSpecification","valueRequired":true,"valueName":"search_term_string"}}],"inLanguage":"es"}]}},"_links":{"self":[{"href":"https:\/\/idecesos.com\/seguros\/wp-json\/wp\/v2\/pages\/18117","targetHints":{"allow":["GET"]}}],"collection":[{"href":"https:\/\/idecesos.com\/seguros\/wp-json\/wp\/v2\/pages"}],"about":[{"href":"https:\/\/idecesos.com\/seguros\/wp-json\/wp\/v2\/types\/page"}],"author":[{"embeddable":true,"href":"https:\/\/idecesos.com\/seguros\/wp-json\/wp\/v2\/users\/1"}],"replies":[{"embeddable":true,"href":"https:\/\/idecesos.com\/seguros\/wp-json\/wp\/v2\/comments?post=18117"}],"version-history":[{"count":2,"href":"https:\/\/idecesos.com\/seguros\/wp-json\/wp\/v2\/pages\/18117\/revisions"}],"predecessor-version":[{"id":19063,"href":"https:\/\/idecesos.com\/seguros\/wp-json\/wp\/v2\/pages\/18117\/revisions\/19063"}],"up":[{"embeddable":true,"href":"https:\/\/idecesos.com\/seguros\/wp-json\/wp\/v2\/pages\/619"}],"wp:attachment":[{"href":"https:\/\/idecesos.com\/seguros\/wp-json\/wp\/v2\/media?parent=18117"}],"curies":[{"name":"wp","href":"https:\/\/api.w.org\/{rel}","templated":true}]}}