{"id":18118,"date":"2021-12-29T11:52:57","date_gmt":"2021-12-29T11:48:04","guid":{"rendered":"https:\/\/idecesos.com\/seguros\/companias\/nederlanden\/dar-de-baja\/"},"modified":"2022-01-26T17:54:50","modified_gmt":"2022-01-26T17:54:50","slug":"dar-de-baja","status":"publish","type":"page","link":"https:\/\/idecesos.com\/seguros\/companias\/nederlanden\/dar-de-baja\/","title":{"rendered":"\u00bfC\u00f3mo dar de baja seguro Nationale Nederlanden?"},"content":{"rendered":"<div id=\"ez-toc-container\" class=\"ez-toc-v2_0_82_2 ez-toc-wrap-center counter-hierarchy ez-toc-counter ez-toc-custom ez-toc-container-direction\">\n<div class=\"ez-toc-title-container\">\n<p class=\"ez-toc-title\" style=\"cursor:inherit\">Tabla de Contenido<\/p>\n<span class=\"ez-toc-title-toggle\"><a href=\"#\" class=\"ez-toc-pull-right ez-toc-btn ez-toc-btn-xs ez-toc-btn-default ez-toc-toggle\" aria-label=\"Alternar tabla de contenidos\"><span class=\"ez-toc-js-icon-con\"><span class=\"\"><span class=\"eztoc-hide\" style=\"display:none;\">Toggle<\/span><span class=\"ez-toc-icon-toggle-span\"><svg style=\"fill: #db6415;color:#db6415\" xmlns=\"http:\/\/www.w3.org\/2000\/svg\" class=\"list-377408\" width=\"20px\" height=\"20px\" viewBox=\"0 0 24 24\" fill=\"none\"><path d=\"M6 6H4v2h2V6zm14 0H8v2h12V6zM4 11h2v2H4v-2zm16 0H8v2h12v-2zM4 16h2v2H4v-2zm16 0H8v2h12v-2z\" fill=\"currentColor\"><\/path><\/svg><svg style=\"fill: #db6415;color:#db6415\" class=\"arrow-unsorted-368013\" xmlns=\"http:\/\/www.w3.org\/2000\/svg\" width=\"10px\" height=\"10px\" viewBox=\"0 0 24 24\" version=\"1.2\" baseProfile=\"tiny\"><path d=\"M18.2 9.3l-6.2-6.3-6.2 6.3c-.2.2-.3.4-.3.7s.1.5.3.7c.2.2.4.3.7.3h11c.3 0 .5-.1.7-.3.2-.2.3-.5.3-.7s-.1-.5-.3-.7zM5.8 14.7l6.2 6.3 6.2-6.3c.2-.2.3-.5.3-.7s-.1-.5-.3-.7c-.2-.2-.4-.3-.7-.3h-11c-.3 0-.5.1-.7.3-.2.2-.3.5-.3.7s.1.5.3.7z\"\/><\/svg><\/span><\/span><\/span><\/a><\/span><\/div>\n<nav><ul class='ez-toc-list ez-toc-list-level-1 ' ><li class='ez-toc-page-1 ez-toc-heading-level-2'><a class=\"ez-toc-link ez-toc-heading-1\" href=\"https:\/\/idecesos.com\/seguros\/companias\/nederlanden\/dar-de-baja\/#Diferentes_opciones_para_cancelar_un_contrato_con_Nationale_Nederlanden\" >Diferentes opciones para cancelar un contrato con Nationale Nederlanden<\/a><ul class='ez-toc-list-level-3' ><li class='ez-toc-heading-level-3'><a class=\"ez-toc-link ez-toc-heading-2\" href=\"https:\/\/idecesos.com\/seguros\/companias\/nederlanden\/dar-de-baja\/#A_traves_de_la_web_de_Nationale_Nederlanden\" >A trav\u00e9s de la web de Nationale Nederlanden<\/a><\/li><li class='ez-toc-page-1 ez-toc-heading-level-3'><a class=\"ez-toc-link ez-toc-heading-3\" href=\"https:\/\/idecesos.com\/seguros\/companias\/nederlanden\/dar-de-baja\/#Utilizando_el_correo_electronico_de_Nationale_Nederlanden\" >Utilizando el correo electr\u00f3nico de Nationale Nederlanden<\/a><\/li><li class='ez-toc-page-1 ez-toc-heading-level-3'><a class=\"ez-toc-link ez-toc-heading-4\" href=\"https:\/\/idecesos.com\/seguros\/companias\/nederlanden\/dar-de-baja\/#Dar_de_baja_Nationale_Nederlanden_por_fax\" >Dar de baja Nationale Nederlanden por fax<\/a><\/li><li class='ez-toc-page-1 ez-toc-heading-level-3'><a class=\"ez-toc-link ez-toc-heading-5\" href=\"https:\/\/idecesos.com\/seguros\/companias\/nederlanden\/dar-de-baja\/#En_la_oficina_de_Nationale_Nederlanden\" >En la oficina de Nationale Nederlanden<\/a><\/li><li class='ez-toc-page-1 ez-toc-heading-level-3'><a class=\"ez-toc-link ez-toc-heading-6\" href=\"https:\/\/idecesos.com\/seguros\/companias\/nederlanden\/dar-de-baja\/#Telefono_para_dar_de_baja_Nationale_Nederlanden\" >T\u00e9lefono para dar de baja Nationale Nederlanden<\/a><\/li><\/ul><\/li><li class='ez-toc-page-1 ez-toc-heading-level-2'><a class=\"ez-toc-link ez-toc-heading-7\" href=\"https:\/\/idecesos.com\/seguros\/companias\/nederlanden\/dar-de-baja\/#Dar_de_baja_seguro_Nationale_Nederlanden_de_un_fallecido\" >Dar de baja seguro Nationale Nederlanden de un fallecido<\/a><ul class='ez-toc-list-level-3' ><li class='ez-toc-heading-level-3'><a class=\"ez-toc-link ez-toc-heading-8\" href=\"https:\/\/idecesos.com\/seguros\/companias\/nederlanden\/dar-de-baja\/#Paginas_relacionadas\" >P\u00e1ginas relacionadas<\/a><\/li><\/ul><\/li><\/ul><\/nav><\/div>\n<p> Para dar de baja a su seguro de decesos, solo debe continuar unos sencillos pasos y, as\u00ed, no deber\u00e1 preocuparse por nada. iDecesos se hace cargo de explicarte de qu\u00e9 forma dar de baja el seguro de decesos que tengas contratado. En poqu\u00edsimo tiempo va a estar solucionado su problema y, resulta conveniente que, contrate un seguro de decesos con el que est\u00e9 satisfecho\/a para su tranquilidad y la de su familia. Es de vital relevancia, para dar de baja apropiadamente su seguro y que no ocurra ning\u00fan problema al realizar la acci\u00f3n, que avise a la compa\u00f1\u00eda treinta d\u00edas antes de su renovaci\u00f3n. <div class=\"colorf \"  ><div class=\"container clearfix\"><div class=\"col-md-7\"><\/p>\r\n<h2><span class=\"ez-toc-section\" id=\"Diferentes_opciones_para_cancelar_un_contrato_con_Nationale_Nederlanden\"><\/span>Diferentes opciones para cancelar un contrato con Nationale Nederlanden<span class=\"ez-toc-section-end\"><\/span><\/h2>\r\n<!-- \/wp:post-content -->\r\n\r\n<!-- wp:paragraph -->\r\n<p>Cada compa\u00f1\u00eda de seguro de decesos funciona de una forma diferente, mas la mayor parte le solicitan a sus clientes del servicio un documento en el que usted ponga sus deseos de dar de baja sus servicios de su seguro de decesos. Existen numerosas formas de anular su contrato, una de ellas es mediante una carta certificada. Le aconsejamos que conserve el resguardo del documento y, m\u00e1s tarde, haga una copia. A continuaci\u00f3n, le indicaremos otras formas de dar de baja a su seguro de decesos. <\/div><\/div><\/div><\/p>\r\n<h3><span class=\"ez-toc-section\" id=\"A_traves_de_la_web_de_Nationale_Nederlanden\"><\/span>A trav\u00e9s de la web de Nationale Nederlanden<span class=\"ez-toc-section-end\"><\/span><\/h3>\r\n<p>Puedes cancelar tu seguro de fallecimiento de forma directa mediante la compa\u00f1\u00eda del seguro. Tan solo tendr\u00e1 que poner en su buscador la pr\u00f3xima web www.nnespana.es\/contactar\/informacion-de-contacto\u00a0y poner en su buscador lo que est\u00e1 buscando. Si la web no tiene buscador, localiza aquella secci\u00f3n que m\u00e1s se le parezca. Para dar de baja de manera correcta tu seguro de decesos, tendr\u00e1s que seguir unos pasos que van desde rellenar el formulario o descargar documentos. Para solucionar otras dudas o darte una mayor informaci\u00f3n, ll\u00e1manos al 951 127 403 o bien a trav\u00e9s de un email en info@idecesos. com. Si por otro lado, todo lo que busca est\u00e1 en la web, podr\u00e1s percibir en unos instantes un documento donde se te notifica de la baja de tu seguro de decesos. <div class=\"colorf \"  ><div class=\"container clearfix\"><div class=\"col-md-7\"><\/p>\r\n<h3><span class=\"ez-toc-section\" id=\"Utilizando_el_correo_electronico_de_Nationale_Nederlanden\"><\/span>Utilizando el correo electr\u00f3nico de Nationale Nederlanden<span class=\"ez-toc-section-end\"><\/span><\/h3>\r\n<p>Otro modo de darse de baja del seguro de decesos de Nationale Nederlanden es v\u00eda e mail. Solo debes agregar la direcci\u00f3n de correo siguiente para tener la baja de tu seguro de decesos solucionada. Para pedir la solicitud de baja del seguro, deber\u00e1s enviar una copia del DNI y el documento firmado con los datos personales donde se especifica el deseo de darse de baja. Esto puedes pedirlo en el 951 127 403 o en el info@idecesos. com. Si no deseas tener problemas, guarda una copia sellada y el justificante. Con una copia de la notificaci\u00f3n te aseguras de no tener ning\u00fan tipo de problema en el futuro. <\/div><\/div><\/div><\/p>\r\n<h3><span class=\"ez-toc-section\" id=\"Dar_de_baja_Nationale_Nederlanden_por_fax\"><\/span>Dar de baja Nationale Nederlanden por fax<span class=\"ez-toc-section-end\"><\/span><\/h3>\r\n<p>Vas a poder ponerte en contacto con tu aseguradora mediante el fax indicando tus datos personales y el n\u00famero de la p\u00f3liza y as\u00ed solicitar la baja del seguro de decesos. Con un mes de antelaci\u00f3n que se cancele su contrato a vencimiento a fin de que no se le pase el recibo de Nationale Nederlanden referente a su p\u00f3liza de decesos y vas a deber anexar en el mismo folio las 2 caras del documento de identidad a fin de que sea efectiva y legal. Deber\u00e1s mandar todos los datos al fax de la compa\u00f1\u00eda. No pierdas ning\u00fan documento por si en un futuro tu aseguradora te lo pidiese. <div class=\"colorf \"  ><div class=\"container clearfix\"><div class=\"col-md-7\"><\/p>\r\n<h3><span class=\"ez-toc-section\" id=\"En_la_oficina_de_Nationale_Nederlanden\"><\/span>En la oficina de Nationale Nederlanden<span class=\"ez-toc-section-end\"><\/span><\/h3>\r\n<p>Si quiere ir presencialmente a una oficina de Nationale Nederlanden asimismo podr\u00e1 darse de baja all\u00ed de manera directa. Para acudir a la oficina m\u00e1s pr\u00f3xima, solo deber\u00e1 teclear en Internet el nombre de Nationale Nederlanden. Los trabajadores de Nationale Nederlanden dedicar\u00e1n, el tiempo que haga falta, en asistirle a rellenar y firmar los documentos, adecuadamente. Es tan sencillo como seguir los pasos que le vayan marcando. Es muy preciso que no olvide su documento de identidad, para que, cada una parte del proceso, se pueda hacer adecuadamente. Para acabar, le van a hacer entrega de una imitaci\u00f3n de cada documento y, el especialista realizar\u00e1 los tr\u00e1mites pertinentes. <\/div><\/div><\/div><\/p>\r\n<h3><span class=\"ez-toc-section\" id=\"Telefono_para_dar_de_baja_Nationale_Nederlanden\"><\/span>T\u00e9lefono para dar de baja Nationale Nederlanden<span class=\"ez-toc-section-end\"><\/span><\/h3>\r\n<p>Otro procedimiento es haciendo una llamada a la compa\u00f1\u00eda. Busque el tel\u00e9fono de Nationale Nederlanden en internet o bien llame de manera directa desde aqu\u00ed 900 300 066. Deber\u00e1 comunicarle al especialista el motivo de su llamada y le indicar\u00e1 los pasos que debe continuar. Siguiendo los pasos indicados, lo va a tener todo solucionado velozmente y, el experto, se ocupar\u00e1 de dar fin a su seguro de decesos. Si desea contratar un seguro nuevo, iDecesos equiparar\u00e1 todas y cada una de las opciones y, le ayudar\u00e1 a localizar el que se adapte mejor a sus necesidades. <div class=\"colorf \"  ><div class=\"container clearfix\"><div class=\"col-md-7\"><\/p>\r\n<h2><span class=\"ez-toc-section\" id=\"Dar_de_baja_seguro_Nationale_Nederlanden_de_un_fallecido\"><\/span>Dar de baja seguro Nationale Nederlanden de un fallecido<span class=\"ez-toc-section-end\"><\/span><\/h2>\r\n<p>A continuaci\u00f3n, te daremos las claves para que puedas dar de baja el seguro de fallecimiento de una persona que ha fallecido. Aunque pueda parecer complicado, es sencill\u00edsimo. Nationale Nederlanden es la responsable de cancelar su seguro de decesos de forma autom\u00e1tica tras la muerte de su asegurado ya que, al prestar su servicio tras el sepelio del usuario, mismos se encargaran de dar de baja a la persona fallecida de su empresa aseguradora, con lo que sus familiares no tienen de qu\u00e9 preocuparse. <\/div><\/div><\/div> <div class=\"oficinas\"> <h3><span class=\"ez-toc-section\" id=\"Paginas_relacionadas\"><\/span>P\u00e1ginas relacionadas<span class=\"ez-toc-section-end\"><\/span><\/h3><div class=\"enlazado\"><ul> <li><a href=\"https:\/\/idecesos.com\/seguros\/companias\/nederlanden\/coberturas\/\">Coberturas Seguro de Decesos Nederlanden<\/a><\/li> <li><a href=\"https:\/\/idecesos.com\/seguros\/companias\/nederlanden\/opiniones\/\">Opiniones Nationale Nederlanden<\/a><\/li> <li><a href=\"https:\/\/idecesos.com\/seguros\/companias\/nederlanden\/precio\/\">Precio seguro Nationale Nederlanden<\/a><\/li> <li><a href=\"https:\/\/idecesos.com\/seguros\/companias\/nederlanden\/prima-mixta\/\">Nationale Nederlanden Prima Mixta<\/a><\/li> <li><a href=\"https:\/\/idecesos.com\/seguros\/companias\/nederlanden\/prima-natural\/\">Nationale Nederlanden Prima Natural<\/a><\/li> <li><a href=\"https:\/\/idecesos.com\/seguros\/companias\/nederlanden\/prima-nivelada\/\">Nationale Nederlanden Prima Nivelada<\/a><\/li> <li><a href=\"https:\/\/idecesos.com\/seguros\/companias\/nederlanden\/prima-unica\/\">Nationale Nederlanden Prima \u00danica<\/a><\/li> <li><a href=\"https:\/\/idecesos.com\/seguros\/companias\/nederlanden\/repatriacion\/\">Nationale Nederlanden Repatriaci\u00f3n<\/a><\/li> <li><a href=\"https:\/\/idecesos.com\/seguros\/companias\/nederlanden\/telefono\/\">Tel\u00e9fono Gratuito Nationale Nederlanden<\/a><\/li>   <\/ul><\/div> <\/div><\/p>","protected":false},"excerpt":{"rendered":"<p>Para dar de baja a su seguro de decesos, solo debe continuar unos sencillos pasos y, as\u00ed, no deber\u00e1 preocuparse por nada. iDecesos se hace cargo de explicarte de qu\u00e9 forma dar de baja el seguro de decesos que tengas contratado. En poqu\u00edsimo tiempo va a estar solucionado su problema y, resulta conveniente que, contrate&hellip; <\/p>\n","protected":false},"author":1,"featured_media":0,"parent":758,"menu_order":0,"comment_status":"closed","ping_status":"closed","template":"single.php","meta":{"footnotes":""},"class_list":["post-18118","page","type-page","status-publish","hentry"],"yoast_head":"<!-- This site is optimized with the Yoast SEO plugin v27.3 - https:\/\/yoast.com\/product\/yoast-seo-wordpress\/ -->\n<title>\u00bfC\u00f3mo dar de Baja o Cancelar Seguro de Decesos Nationale Nederlanden?<\/title>\n<meta name=\"description\" content=\"Obt\u00e9n aqu\u00ed\u3010c\u00f3mo dar de baja o cancelar seguro de decesos Nationale Nederlanden\u3011Modelo carta, fax, correo electr\u00f3nico (email), tel\u00e9fono gratis.\" \/>\n<meta name=\"robots\" content=\"index, follow, max-snippet:-1, max-image-preview:large, max-video-preview:-1\" \/>\n<link rel=\"canonical\" href=\"https:\/\/idecesos.com\/seguros\/companias\/nederlanden\/dar-de-baja\/\" \/>\n<meta property=\"og:locale\" content=\"es_ES\" \/>\n<meta property=\"og:type\" content=\"article\" \/>\n<meta property=\"og:title\" content=\"\u00bfC\u00f3mo dar de Baja o Cancelar Seguro de Decesos Nationale Nederlanden?\" \/>\n<meta property=\"og:description\" content=\"Obt\u00e9n aqu\u00ed\u3010c\u00f3mo dar de baja o cancelar seguro de decesos Nationale Nederlanden\u3011Modelo carta, fax, correo electr\u00f3nico (email), tel\u00e9fono gratis.\" \/>\n<meta property=\"og:url\" content=\"https:\/\/idecesos.com\/seguros\/companias\/nederlanden\/dar-de-baja\/\" \/>\n<meta property=\"article:modified_time\" content=\"2022-01-26T17:54:50+00:00\" \/>\n<meta name=\"twitter:card\" content=\"summary_large_image\" \/>\n<meta name=\"twitter:label1\" content=\"Tiempo de lectura\" \/>\n\t<meta name=\"twitter:data1\" content=\"15 minutos\" \/>\n<script type=\"application\/ld+json\" class=\"yoast-schema-graph\">{\"@context\":\"https:\\\/\\\/schema.org\",\"@graph\":[{\"@type\":\"WebPage\",\"@id\":\"https:\\\/\\\/idecesos.com\\\/seguros\\\/companias\\\/nederlanden\\\/dar-de-baja\\\/\",\"url\":\"https:\\\/\\\/idecesos.com\\\/seguros\\\/companias\\\/nederlanden\\\/dar-de-baja\\\/\",\"name\":\"\u00bfC\u00f3mo dar de Baja o Cancelar Seguro de Decesos Nationale Nederlanden?\",\"isPartOf\":{\"@id\":\"https:\\\/\\\/idecesos.com\\\/seguros\\\/#website\"},\"datePublished\":\"2021-12-29T11:48:04+00:00\",\"dateModified\":\"2022-01-26T17:54:50+00:00\",\"description\":\"Obt\u00e9n aqu\u00ed\u3010c\u00f3mo dar de baja o cancelar seguro de decesos Nationale Nederlanden\u3011Modelo carta, fax, correo electr\u00f3nico (email), tel\u00e9fono gratis.\",\"breadcrumb\":{\"@id\":\"https:\\\/\\\/idecesos.com\\\/seguros\\\/companias\\\/nederlanden\\\/dar-de-baja\\\/#breadcrumb\"},\"inLanguage\":\"es\",\"potentialAction\":[{\"@type\":\"ReadAction\",\"target\":[\"https:\\\/\\\/idecesos.com\\\/seguros\\\/companias\\\/nederlanden\\\/dar-de-baja\\\/\"]}]},{\"@type\":\"BreadcrumbList\",\"@id\":\"https:\\\/\\\/idecesos.com\\\/seguros\\\/companias\\\/nederlanden\\\/dar-de-baja\\\/#breadcrumb\",\"itemListElement\":[{\"@type\":\"ListItem\",\"position\":1,\"name\":\"Portada\",\"item\":\"https:\\\/\\\/idecesos.com\\\/seguros\\\/\"},{\"@type\":\"ListItem\",\"position\":2,\"name\":\"Compa\u00f1\u00edas de Seguros de Decesos en Espa\u00f1a\",\"item\":\"https:\\\/\\\/idecesos.com\\\/seguros\\\/companias\\\/\"},{\"@type\":\"ListItem\",\"position\":3,\"name\":\"Seguro de decesos Nationale Nederlanden\",\"item\":\"https:\\\/\\\/idecesos.com\\\/seguros\\\/companias\\\/nederlanden\\\/\"},{\"@type\":\"ListItem\",\"position\":4,\"name\":\"\u00bfC\u00f3mo dar de baja seguro Nationale Nederlanden?\"}]},{\"@type\":\"WebSite\",\"@id\":\"https:\\\/\\\/idecesos.com\\\/seguros\\\/#website\",\"url\":\"https:\\\/\\\/idecesos.com\\\/seguros\\\/\",\"name\":\"\",\"description\":\"\",\"potentialAction\":[{\"@type\":\"SearchAction\",\"target\":{\"@type\":\"EntryPoint\",\"urlTemplate\":\"https:\\\/\\\/idecesos.com\\\/seguros\\\/?s={search_term_string}\"},\"query-input\":{\"@type\":\"PropertyValueSpecification\",\"valueRequired\":true,\"valueName\":\"search_term_string\"}}],\"inLanguage\":\"es\"}]}<\/script>\n<!-- \/ Yoast SEO plugin. -->","yoast_head_json":{"title":"\u00bfC\u00f3mo dar de Baja o Cancelar Seguro de Decesos Nationale Nederlanden?","description":"Obt\u00e9n aqu\u00ed\u3010c\u00f3mo dar de baja o cancelar seguro de decesos Nationale Nederlanden\u3011Modelo carta, fax, correo electr\u00f3nico (email), tel\u00e9fono gratis.","robots":{"index":"index","follow":"follow","max-snippet":"max-snippet:-1","max-image-preview":"max-image-preview:large","max-video-preview":"max-video-preview:-1"},"canonical":"https:\/\/idecesos.com\/seguros\/companias\/nederlanden\/dar-de-baja\/","og_locale":"es_ES","og_type":"article","og_title":"\u00bfC\u00f3mo dar de Baja o Cancelar Seguro de Decesos Nationale Nederlanden?","og_description":"Obt\u00e9n aqu\u00ed\u3010c\u00f3mo dar de baja o cancelar seguro de decesos Nationale Nederlanden\u3011Modelo carta, fax, correo electr\u00f3nico (email), tel\u00e9fono gratis.","og_url":"https:\/\/idecesos.com\/seguros\/companias\/nederlanden\/dar-de-baja\/","article_modified_time":"2022-01-26T17:54:50+00:00","twitter_card":"summary_large_image","twitter_misc":{"Tiempo de lectura":"15 minutos"},"schema":{"@context":"https:\/\/schema.org","@graph":[{"@type":"WebPage","@id":"https:\/\/idecesos.com\/seguros\/companias\/nederlanden\/dar-de-baja\/","url":"https:\/\/idecesos.com\/seguros\/companias\/nederlanden\/dar-de-baja\/","name":"\u00bfC\u00f3mo dar de Baja o Cancelar Seguro de Decesos Nationale Nederlanden?","isPartOf":{"@id":"https:\/\/idecesos.com\/seguros\/#website"},"datePublished":"2021-12-29T11:48:04+00:00","dateModified":"2022-01-26T17:54:50+00:00","description":"Obt\u00e9n aqu\u00ed\u3010c\u00f3mo dar de baja o cancelar seguro de decesos Nationale Nederlanden\u3011Modelo carta, fax, correo electr\u00f3nico (email), tel\u00e9fono gratis.","breadcrumb":{"@id":"https:\/\/idecesos.com\/seguros\/companias\/nederlanden\/dar-de-baja\/#breadcrumb"},"inLanguage":"es","potentialAction":[{"@type":"ReadAction","target":["https:\/\/idecesos.com\/seguros\/companias\/nederlanden\/dar-de-baja\/"]}]},{"@type":"BreadcrumbList","@id":"https:\/\/idecesos.com\/seguros\/companias\/nederlanden\/dar-de-baja\/#breadcrumb","itemListElement":[{"@type":"ListItem","position":1,"name":"Portada","item":"https:\/\/idecesos.com\/seguros\/"},{"@type":"ListItem","position":2,"name":"Compa\u00f1\u00edas de Seguros de Decesos en Espa\u00f1a","item":"https:\/\/idecesos.com\/seguros\/companias\/"},{"@type":"ListItem","position":3,"name":"Seguro de decesos Nationale Nederlanden","item":"https:\/\/idecesos.com\/seguros\/companias\/nederlanden\/"},{"@type":"ListItem","position":4,"name":"\u00bfC\u00f3mo dar de baja seguro Nationale Nederlanden?"}]},{"@type":"WebSite","@id":"https:\/\/idecesos.com\/seguros\/#website","url":"https:\/\/idecesos.com\/seguros\/","name":"","description":"","potentialAction":[{"@type":"SearchAction","target":{"@type":"EntryPoint","urlTemplate":"https:\/\/idecesos.com\/seguros\/?s={search_term_string}"},"query-input":{"@type":"PropertyValueSpecification","valueRequired":true,"valueName":"search_term_string"}}],"inLanguage":"es"}]}},"_links":{"self":[{"href":"https:\/\/idecesos.com\/seguros\/wp-json\/wp\/v2\/pages\/18118","targetHints":{"allow":["GET"]}}],"collection":[{"href":"https:\/\/idecesos.com\/seguros\/wp-json\/wp\/v2\/pages"}],"about":[{"href":"https:\/\/idecesos.com\/seguros\/wp-json\/wp\/v2\/types\/page"}],"author":[{"embeddable":true,"href":"https:\/\/idecesos.com\/seguros\/wp-json\/wp\/v2\/users\/1"}],"replies":[{"embeddable":true,"href":"https:\/\/idecesos.com\/seguros\/wp-json\/wp\/v2\/comments?post=18118"}],"version-history":[{"count":2,"href":"https:\/\/idecesos.com\/seguros\/wp-json\/wp\/v2\/pages\/18118\/revisions"}],"predecessor-version":[{"id":19072,"href":"https:\/\/idecesos.com\/seguros\/wp-json\/wp\/v2\/pages\/18118\/revisions\/19072"}],"up":[{"embeddable":true,"href":"https:\/\/idecesos.com\/seguros\/wp-json\/wp\/v2\/pages\/758"}],"wp:attachment":[{"href":"https:\/\/idecesos.com\/seguros\/wp-json\/wp\/v2\/media?parent=18118"}],"curies":[{"name":"wp","href":"https:\/\/api.w.org\/{rel}","templated":true}]}}