{"id":18191,"date":"2021-12-29T11:52:58","date_gmt":"2021-12-29T11:52:58","guid":{"rendered":"https:\/\/idecesos.com\/seguros\/companias\/santander\/dar-de-baja\/"},"modified":"2022-01-26T17:56:04","modified_gmt":"2022-01-26T17:56:04","slug":"dar-de-baja","status":"publish","type":"page","link":"https:\/\/idecesos.com\/seguros\/companias\/santander\/dar-de-baja\/","title":{"rendered":"\u00bfC\u00f3mo dar de baja seguro Santander?"},"content":{"rendered":"<div id=\"ez-toc-container\" class=\"ez-toc-v2_0_83 ez-toc-wrap-center counter-hierarchy ez-toc-counter ez-toc-custom ez-toc-container-direction\">\n<div class=\"ez-toc-title-container\">\n<p class=\"ez-toc-title\" style=\"cursor:inherit\">Tabla de Contenido<\/p>\n<span class=\"ez-toc-title-toggle\"><a href=\"#\" class=\"ez-toc-pull-right ez-toc-btn ez-toc-btn-xs ez-toc-btn-default ez-toc-toggle\" aria-label=\"Alternar tabla de contenidos\"><span class=\"ez-toc-js-icon-con\"><span class=\"\"><span class=\"eztoc-hide\" style=\"display:none;\">Toggle<\/span><span class=\"ez-toc-icon-toggle-span\"><svg style=\"fill: #db6415;color:#db6415\" xmlns=\"http:\/\/www.w3.org\/2000\/svg\" class=\"list-377408\" width=\"20px\" height=\"20px\" viewBox=\"0 0 24 24\" fill=\"none\"><path d=\"M6 6H4v2h2V6zm14 0H8v2h12V6zM4 11h2v2H4v-2zm16 0H8v2h12v-2zM4 16h2v2H4v-2zm16 0H8v2h12v-2z\" fill=\"currentColor\"><\/path><\/svg><svg style=\"fill: #db6415;color:#db6415\" class=\"arrow-unsorted-368013\" xmlns=\"http:\/\/www.w3.org\/2000\/svg\" width=\"10px\" height=\"10px\" viewBox=\"0 0 24 24\" version=\"1.2\" baseProfile=\"tiny\"><path d=\"M18.2 9.3l-6.2-6.3-6.2 6.3c-.2.2-.3.4-.3.7s.1.5.3.7c.2.2.4.3.7.3h11c.3 0 .5-.1.7-.3.2-.2.3-.5.3-.7s-.1-.5-.3-.7zM5.8 14.7l6.2 6.3 6.2-6.3c.2-.2.3-.5.3-.7s-.1-.5-.3-.7c-.2-.2-.4-.3-.7-.3h-11c-.3 0-.5.1-.7.3-.2.2-.3.5-.3.7s.1.5.3.7z\"\/><\/svg><\/span><\/span><\/span><\/a><\/span><\/div>\n<nav><ul class='ez-toc-list ez-toc-list-level-1 ' ><li class='ez-toc-page-1 ez-toc-heading-level-2'><a class=\"ez-toc-link ez-toc-heading-1\" href=\"https:\/\/idecesos.com\/seguros\/companias\/santander\/dar-de-baja\/#Diferentes_opciones_para_cancelar_un_contrato_con_Santander\" >Diferentes opciones para cancelar un contrato con Santander<\/a><ul class='ez-toc-list-level-3' ><li class='ez-toc-heading-level-3'><a class=\"ez-toc-link ez-toc-heading-2\" href=\"https:\/\/idecesos.com\/seguros\/companias\/santander\/dar-de-baja\/#A_traves_de_la_web_de_Santander\" >A trav\u00e9s de la web de Santander<\/a><\/li><li class='ez-toc-page-1 ez-toc-heading-level-3'><a class=\"ez-toc-link ez-toc-heading-3\" href=\"https:\/\/idecesos.com\/seguros\/companias\/santander\/dar-de-baja\/#Utilizando_el_correo_electronico_de_Santander\" >Utilizando el correo electr\u00f3nico de Santander<\/a><\/li><li class='ez-toc-page-1 ez-toc-heading-level-3'><a class=\"ez-toc-link ez-toc-heading-4\" href=\"https:\/\/idecesos.com\/seguros\/companias\/santander\/dar-de-baja\/#Dar_de_baja_Santander_por_fax\" >Dar de baja Santander por fax<\/a><\/li><li class='ez-toc-page-1 ez-toc-heading-level-3'><a class=\"ez-toc-link ez-toc-heading-5\" href=\"https:\/\/idecesos.com\/seguros\/companias\/santander\/dar-de-baja\/#En_la_oficina_de_Santander\" >En la oficina de Santander<\/a><\/li><li class='ez-toc-page-1 ez-toc-heading-level-3'><a class=\"ez-toc-link ez-toc-heading-6\" href=\"https:\/\/idecesos.com\/seguros\/companias\/santander\/dar-de-baja\/#Telefono_para_dar_de_baja_Santander\" >T\u00e9lefono para dar de baja Santander<\/a><\/li><\/ul><\/li><li class='ez-toc-page-1 ez-toc-heading-level-2'><a class=\"ez-toc-link ez-toc-heading-7\" href=\"https:\/\/idecesos.com\/seguros\/companias\/santander\/dar-de-baja\/#Dar_de_baja_seguro_Santander_de_un_fallecido\" >Dar de baja seguro Santander de un fallecido<\/a><\/li><\/ul><\/nav><\/div>\n<p> iDecesos ha efectuado un estudio para poder explicarle la forma en la que puede dar de baja su seguro de decesos. Es m\u00e1s sencillo de lo que pueda llegar a imaginar y, le indicaremos los pasos que debe dar. Gracias a esto, en tan solo dos minutos va a tener la informaci\u00f3n suficiente para poder hacerlo usted mismo y solucionar el inconveniente que le haya causado. Es muy importante que sepa que, una vez dado de baja su seguro de decesos, es recomendable que busque otro que se adapte a sus necesidades, para tu futura tranquilidad y la de tus familiares. Le recordamos ya antes de iniciar que dar es esencial informar a Santander cuando menos con treinta d\u00edas de antelaci\u00f3n de la data de renovaci\u00f3n de su seguro a fin de que de este modo no tenga ning\u00fan inconveniente en el futuro y poder dar de baja su seguro de decesos de manera f\u00e1cil. <div class=\"colorf \"  ><div class=\"container clearfix\"><div class=\"col-md-7\"><\/p>\r\n<h2><span class=\"ez-toc-section\" id=\"Diferentes_opciones_para_cancelar_un_contrato_con_Santander\"><\/span>Diferentes opciones para cancelar un contrato con Santander<span class=\"ez-toc-section-end\"><\/span><\/h2>\r\n<!-- \/wp:post-content -->\r\n\r\n<!-- wp:paragraph -->\r\n<p>La forma de actuar de cada compa\u00f1\u00eda es muy, muy diferente pero, casi todas, solicitan a sus asegurados un documento en el que quede constancia su deseo de dar de baja a su seguro. Aunque haya muchas formas de llevar a cabo la cancelaci\u00f3n de su contrato, es v\u00e1lido el env\u00edo de una carta certificada, con el modelo est\u00e1ndar. Desde iDecesos le recomendamos que guarde el resguardo del documento y que haga una copia. Si de esta forma lo prefiere, le mostraremos m\u00e1s formas para dar de baja su seguro. <\/div><\/div><\/div><\/p>\r\n<h3><span class=\"ez-toc-section\" id=\"A_traves_de_la_web_de_Santander\"><\/span>A trav\u00e9s de la web de Santander<span class=\"ez-toc-section-end\"><\/span><\/h3>\r\n<p>Otros de los m\u00e9todos es desde la p\u00e1gina web de Santander: www.bancosantander.es\/particulares\/seguros. Lo lograr\u00e1s con el sencillo acto de teclear en el buscador lo que desees saber o bien, entrar en la secci\u00f3n correspondiente. Despu\u00e9s prosiga los pasos que le se\u00f1alan y podr\u00e1 darse de baja de sus servicios, o rellenando el formulario que le se\u00f1alan o bien baj\u00e1ndose el documento que Santander le proporciona. En el caso de tener alg\u00fan inconveniente, llame al n\u00famero de tel\u00e9fono de la compa\u00f1\u00eda 915 123 123 o mande un correo coment\u00e1ndole lo sucedido email Santander. Por contra, si sale todo bien, recibir\u00e1 instant\u00e1neamente un e-mail por parte de la compa\u00f1\u00eda, con la confirmaci\u00f3n de baja de su seguro. <div class=\"colorf \"  ><div class=\"container clearfix\"><div class=\"col-md-7\"><\/p>\r\n<h3><span class=\"ez-toc-section\" id=\"Utilizando_el_correo_electronico_de_Santander\"><\/span>Utilizando el correo electr\u00f3nico de Santander<span class=\"ez-toc-section-end\"><\/span><\/h3>\r\n<p>Otra manera de darse de baja del seguro de decesos de Santander es a trav\u00e9s de su correo electr\u00f3nico email Santander. Solo le ocupar\u00e1 unos minutos de su tiempo. Deber\u00e1 mandar, al correo de la compa\u00f1\u00eda, una imitaci\u00f3n de su documento nacional de identidad y la notificaci\u00f3n, mencionada anteriormente, firmada y completada con sus datos personales correspondientes. Va a deber guardar una copia sellada y tener un justificante de recibo para que su ejecuci\u00f3n pueda llevarse a cabo. Por cautela a futuros inconvenientes futuros, es recomendable que haga una copia de la notificaci\u00f3n con la data de env\u00edo. <\/div><\/div><\/div><\/p>\r\n<h3><span class=\"ez-toc-section\" id=\"Dar_de_baja_Santander_por_fax\"><\/span>Dar de baja Santander por fax<span class=\"ez-toc-section-end\"><\/span><\/h3>\r\n<p>La baja con Santander v\u00eda fax es muy af\u00edn a la de e-mail, simplemente debes remitir los datos personales del tomador de la p\u00f3liza o bien contratante e indicando con el n\u00famero de p\u00f3liza. Deber\u00e1s efectuar todos y cada uno de los tr\u00e1mites antes que termine el contrato de tu seguro de decesos e incluir la parte delantera y trasera de tu DNI. Cuando tengas todos y cada uno de los datos listos, encuentra el n\u00famero del fax de tu compa\u00f1\u00eda de seguros para poder enviarlos. Tu compa\u00f1\u00eda puede demandarte la prima por lo que deber\u00e1s guardar la confirmaci\u00f3n de la solicitud de la baja. <div class=\"colorf \"  ><div class=\"container clearfix\"><div class=\"col-md-7\"><\/p>\r\n<h3><span class=\"ez-toc-section\" id=\"En_la_oficina_de_Santander\"><\/span>En la oficina de Santander<span class=\"ez-toc-section-end\"><\/span><\/h3>\r\n<p>Si tienes alguna duda, te recomendamos que acudas a la oficina de tu compa\u00f1\u00eda para que puedas efectuar la baja de tu seguro y sus agentes te aconsejen personalmente. Esto puede provocar un momento embarazoso para usted y si tiene claro que quiere anular su contrato deber\u00e1 aportar un escrito solicit\u00e1ndolo con copia de su dni y que en la misma oficina le apliquen un sello de entrada con el logotipo oficial de Santander y con la fecha de ese mismo dia. En el momento en que te ponen el sello, se comprende que todos los recibos entregados se han efectuado de manera correcta. Para poder darse de baja, tiene que efectuarse en el tiempo estipulado por la Ley General de Seguros o bien lo que es exactamente lo mismo, un mes ya antes del fin del contrato. <\/div><\/div><\/div><\/p>\r\n<h3><span class=\"ez-toc-section\" id=\"Telefono_para_dar_de_baja_Santander\"><\/span>T\u00e9lefono para dar de baja Santander<span class=\"ez-toc-section-end\"><\/span><\/h3>\r\n<p>Para darse de baja de un seguro de decesos, muchos clientes acuden al tel\u00e9fono de la compa\u00f1\u00eda para efectuar los tr\u00e1mites. Como seguramente tengas dudas sobre qu\u00e9 tel\u00e9fono llamar, puedes asistir al tel\u00e9fono gratuito que te indicamos a fin de que hables con un agente especializado. En el momento en que te atiendan seguramente le grabar\u00e1n la solicitud de baja con unos factores de seguridad para garantizar que es usted el tomador de la p\u00f3liza y que no debe ning\u00fan recibo a Santander y que no ha sobrepasado el periodo legal. Para facilitarte la tarea, vas a poder acceder a iDecesos y solicitar la baja de tu seguro de decesos con solo pedir una autorizaci\u00f3n legal. <div class=\"colorf \"  ><div class=\"container clearfix\"><div class=\"col-md-7\"><\/p>\r\n<h2><span class=\"ez-toc-section\" id=\"Dar_de_baja_seguro_Santander_de_un_fallecido\"><\/span>Dar de baja seguro Santander de un fallecido<span class=\"ez-toc-section-end\"><\/span><\/h2>\r\n<p>Finalmente, le se\u00f1alamos c\u00f3mo dar de baja el seguro en el caso de fallecimiento del cliente del servicio. Semeja algo complejo en tanto que el contratante del seguro ya no se halla con nosotros pero es la manera m\u00e1s f\u00e1cil de cancelar un seguro de decesos. No tiene que preocuparse por nada ni hacer ninguno de los tr\u00e1mites que le hemos explicado previamente. En exactamente el mismo momento de la muerte de la persona asegurada, Santander se ocupar\u00e1 de cancelar el seguro que ten\u00eda contratado. Santander, tras el sepelio de la persona asegurada, se encargar\u00e1 de todos los tr\u00e1mites legales para darle de baja y, los familiares no deber\u00e1n preocuparse, podr\u00e1n estar apacibles. <\/div><\/div><\/div> <div class=\"oficinas\"> <h3>P\u00e1ginas relacionadas<\/h3><div class=\"enlazado\"><ul> <li><a href=\"https:\/\/idecesos.com\/seguros\/companias\/santander\/coberturas\/\">Coberturas Santander<\/a><\/li> <li><a href=\"https:\/\/idecesos.com\/seguros\/companias\/santander\/opiniones\/\">Opiniones Santander<\/a><\/li> <li><a href=\"https:\/\/idecesos.com\/seguros\/companias\/santander\/precio\/\">Precio seguro Santander<\/a><\/li> <li><a href=\"https:\/\/idecesos.com\/seguros\/companias\/santander\/prima-mixta\/\">Santander Prima Mixta<\/a><\/li> <li><a href=\"https:\/\/idecesos.com\/seguros\/companias\/santander\/prima-natural\/\">Santander Prima Natural<\/a><\/li> <li><a href=\"https:\/\/idecesos.com\/seguros\/companias\/santander\/prima-nivelada\/\">Santander Prima Nivelada<\/a><\/li> <li><a href=\"https:\/\/idecesos.com\/seguros\/companias\/santander\/prima-unica\/\">Santander Prima \u00danica<\/a><\/li> <li><a href=\"https:\/\/idecesos.com\/seguros\/companias\/santander\/repatriacion\/\">Santander Repatriaci\u00f3n<\/a><\/li> <li><a href=\"https:\/\/idecesos.com\/seguros\/companias\/santander\/telefono\/\">Tel\u00e9fono Gratuito Santander<\/a><\/li>                                                                                                                                                                                                                                                                                                                                                                                                                                                                                                                                                                                                                                                                                                                                                                                                                                                                                                                                                                                                                                                                                                                                                                                                                                                                                                                                                                                                                                                                                                                                                                                                                                                                                                                                                                                                                                                                                                                                                                                                                                                                                                                                                                                                                                                                                                                                                                                                                                                                                                                                                                                                                                                                                                                                                                                                                                                                                                                                                                                                                                                                                                                             <\/ul><\/div> <\/div><\/p>","protected":false},"excerpt":{"rendered":"<p>iDecesos ha efectuado un estudio para poder explicarle la forma en la que puede dar de baja su seguro de decesos. Es m\u00e1s sencillo de lo que pueda llegar a imaginar y, le indicaremos los pasos que debe dar. Gracias a esto, en tan solo dos minutos va a tener la informaci\u00f3n suficiente para poder&hellip; <\/p>\n","protected":false},"author":1,"featured_media":0,"parent":834,"menu_order":0,"comment_status":"closed","ping_status":"closed","template":"single.php","meta":{"footnotes":""},"class_list":["post-18191","page","type-page","status-publish","hentry"],"yoast_head":"<!-- This site is optimized with the Yoast SEO plugin v27.5 - https:\/\/yoast.com\/product\/yoast-seo-wordpress\/ -->\n<title>\u00bfC\u00f3mo dar de Baja o Cancelar Seguro de Decesos Santander?<\/title>\n<meta name=\"description\" content=\"Obt\u00e9n aqu\u00ed\u3010c\u00f3mo dar de baja o cancelar seguro de decesos Santander\u3011Modelo carta, fax, correo electr\u00f3nico (email), tel\u00e9fono gratis.\" \/>\n<meta name=\"robots\" content=\"index, follow, max-snippet:-1, max-image-preview:large, max-video-preview:-1\" \/>\n<link rel=\"canonical\" href=\"https:\/\/idecesos.com\/seguros\/companias\/santander\/dar-de-baja\/\" \/>\n<meta property=\"og:locale\" content=\"es_ES\" \/>\n<meta property=\"og:type\" content=\"article\" \/>\n<meta property=\"og:title\" content=\"\u00bfC\u00f3mo dar de Baja o Cancelar Seguro de Decesos Santander?\" \/>\n<meta property=\"og:description\" content=\"Obt\u00e9n aqu\u00ed\u3010c\u00f3mo dar de baja o cancelar seguro de decesos Santander\u3011Modelo carta, fax, correo electr\u00f3nico (email), tel\u00e9fono gratis.\" \/>\n<meta property=\"og:url\" content=\"https:\/\/idecesos.com\/seguros\/companias\/santander\/dar-de-baja\/\" \/>\n<meta property=\"article:modified_time\" content=\"2022-01-26T17:56:04+00:00\" \/>\n<meta name=\"twitter:card\" content=\"summary_large_image\" \/>\n<meta name=\"twitter:label1\" content=\"Tiempo de lectura\" \/>\n\t<meta name=\"twitter:data1\" content=\"5 minutos\" \/>\n<script type=\"application\/ld+json\" class=\"yoast-schema-graph\">{\"@context\":\"https:\\\/\\\/schema.org\",\"@graph\":[{\"@type\":\"WebPage\",\"@id\":\"https:\\\/\\\/idecesos.com\\\/seguros\\\/companias\\\/santander\\\/dar-de-baja\\\/\",\"url\":\"https:\\\/\\\/idecesos.com\\\/seguros\\\/companias\\\/santander\\\/dar-de-baja\\\/\",\"name\":\"\u00bfC\u00f3mo dar de Baja o Cancelar Seguro de Decesos Santander?\",\"isPartOf\":{\"@id\":\"https:\\\/\\\/idecesos.com\\\/seguros\\\/#website\"},\"datePublished\":\"2021-12-29T11:52:58+00:00\",\"dateModified\":\"2022-01-26T17:56:04+00:00\",\"description\":\"Obt\u00e9n aqu\u00ed\u3010c\u00f3mo dar de baja o cancelar seguro de decesos Santander\u3011Modelo carta, fax, correo electr\u00f3nico (email), tel\u00e9fono gratis.\",\"breadcrumb\":{\"@id\":\"https:\\\/\\\/idecesos.com\\\/seguros\\\/companias\\\/santander\\\/dar-de-baja\\\/#breadcrumb\"},\"inLanguage\":\"es\",\"potentialAction\":[{\"@type\":\"ReadAction\",\"target\":[\"https:\\\/\\\/idecesos.com\\\/seguros\\\/companias\\\/santander\\\/dar-de-baja\\\/\"]}]},{\"@type\":\"BreadcrumbList\",\"@id\":\"https:\\\/\\\/idecesos.com\\\/seguros\\\/companias\\\/santander\\\/dar-de-baja\\\/#breadcrumb\",\"itemListElement\":[{\"@type\":\"ListItem\",\"position\":1,\"name\":\"Portada\",\"item\":\"https:\\\/\\\/idecesos.com\\\/seguros\\\/\"},{\"@type\":\"ListItem\",\"position\":2,\"name\":\"Compa\u00f1\u00edas de Seguros de Decesos en Espa\u00f1a\",\"item\":\"https:\\\/\\\/idecesos.com\\\/seguros\\\/companias\\\/\"},{\"@type\":\"ListItem\",\"position\":3,\"name\":\"Seguro de decesos Santander\",\"item\":\"https:\\\/\\\/idecesos.com\\\/seguros\\\/companias\\\/santander\\\/\"},{\"@type\":\"ListItem\",\"position\":4,\"name\":\"\u00bfC\u00f3mo dar de baja seguro Santander?\"}]},{\"@type\":\"WebSite\",\"@id\":\"https:\\\/\\\/idecesos.com\\\/seguros\\\/#website\",\"url\":\"https:\\\/\\\/idecesos.com\\\/seguros\\\/\",\"name\":\"\",\"description\":\"\",\"potentialAction\":[{\"@type\":\"SearchAction\",\"target\":{\"@type\":\"EntryPoint\",\"urlTemplate\":\"https:\\\/\\\/idecesos.com\\\/seguros\\\/?s={search_term_string}\"},\"query-input\":{\"@type\":\"PropertyValueSpecification\",\"valueRequired\":true,\"valueName\":\"search_term_string\"}}],\"inLanguage\":\"es\"}]}<\/script>\n<!-- \/ Yoast SEO plugin. -->","yoast_head_json":{"title":"\u00bfC\u00f3mo dar de Baja o Cancelar Seguro de Decesos Santander?","description":"Obt\u00e9n aqu\u00ed\u3010c\u00f3mo dar de baja o cancelar seguro de decesos Santander\u3011Modelo carta, fax, correo electr\u00f3nico (email), tel\u00e9fono gratis.","robots":{"index":"index","follow":"follow","max-snippet":"max-snippet:-1","max-image-preview":"max-image-preview:large","max-video-preview":"max-video-preview:-1"},"canonical":"https:\/\/idecesos.com\/seguros\/companias\/santander\/dar-de-baja\/","og_locale":"es_ES","og_type":"article","og_title":"\u00bfC\u00f3mo dar de Baja o Cancelar Seguro de Decesos Santander?","og_description":"Obt\u00e9n aqu\u00ed\u3010c\u00f3mo dar de baja o cancelar seguro de decesos Santander\u3011Modelo carta, fax, correo electr\u00f3nico (email), tel\u00e9fono gratis.","og_url":"https:\/\/idecesos.com\/seguros\/companias\/santander\/dar-de-baja\/","article_modified_time":"2022-01-26T17:56:04+00:00","twitter_card":"summary_large_image","twitter_misc":{"Tiempo de lectura":"5 minutos"},"schema":{"@context":"https:\/\/schema.org","@graph":[{"@type":"WebPage","@id":"https:\/\/idecesos.com\/seguros\/companias\/santander\/dar-de-baja\/","url":"https:\/\/idecesos.com\/seguros\/companias\/santander\/dar-de-baja\/","name":"\u00bfC\u00f3mo dar de Baja o Cancelar Seguro de Decesos Santander?","isPartOf":{"@id":"https:\/\/idecesos.com\/seguros\/#website"},"datePublished":"2021-12-29T11:52:58+00:00","dateModified":"2022-01-26T17:56:04+00:00","description":"Obt\u00e9n aqu\u00ed\u3010c\u00f3mo dar de baja o cancelar seguro de decesos Santander\u3011Modelo carta, fax, correo electr\u00f3nico (email), tel\u00e9fono gratis.","breadcrumb":{"@id":"https:\/\/idecesos.com\/seguros\/companias\/santander\/dar-de-baja\/#breadcrumb"},"inLanguage":"es","potentialAction":[{"@type":"ReadAction","target":["https:\/\/idecesos.com\/seguros\/companias\/santander\/dar-de-baja\/"]}]},{"@type":"BreadcrumbList","@id":"https:\/\/idecesos.com\/seguros\/companias\/santander\/dar-de-baja\/#breadcrumb","itemListElement":[{"@type":"ListItem","position":1,"name":"Portada","item":"https:\/\/idecesos.com\/seguros\/"},{"@type":"ListItem","position":2,"name":"Compa\u00f1\u00edas de Seguros de Decesos en Espa\u00f1a","item":"https:\/\/idecesos.com\/seguros\/companias\/"},{"@type":"ListItem","position":3,"name":"Seguro de decesos Santander","item":"https:\/\/idecesos.com\/seguros\/companias\/santander\/"},{"@type":"ListItem","position":4,"name":"\u00bfC\u00f3mo dar de baja seguro Santander?"}]},{"@type":"WebSite","@id":"https:\/\/idecesos.com\/seguros\/#website","url":"https:\/\/idecesos.com\/seguros\/","name":"","description":"","potentialAction":[{"@type":"SearchAction","target":{"@type":"EntryPoint","urlTemplate":"https:\/\/idecesos.com\/seguros\/?s={search_term_string}"},"query-input":{"@type":"PropertyValueSpecification","valueRequired":true,"valueName":"search_term_string"}}],"inLanguage":"es"}]}},"_links":{"self":[{"href":"https:\/\/idecesos.com\/seguros\/wp-json\/wp\/v2\/pages\/18191","targetHints":{"allow":["GET"]}}],"collection":[{"href":"https:\/\/idecesos.com\/seguros\/wp-json\/wp\/v2\/pages"}],"about":[{"href":"https:\/\/idecesos.com\/seguros\/wp-json\/wp\/v2\/types\/page"}],"author":[{"embeddable":true,"href":"https:\/\/idecesos.com\/seguros\/wp-json\/wp\/v2\/users\/1"}],"replies":[{"embeddable":true,"href":"https:\/\/idecesos.com\/seguros\/wp-json\/wp\/v2\/comments?post=18191"}],"version-history":[{"count":1,"href":"https:\/\/idecesos.com\/seguros\/wp-json\/wp\/v2\/pages\/18191\/revisions"}],"predecessor-version":[{"id":19073,"href":"https:\/\/idecesos.com\/seguros\/wp-json\/wp\/v2\/pages\/18191\/revisions\/19073"}],"up":[{"embeddable":true,"href":"https:\/\/idecesos.com\/seguros\/wp-json\/wp\/v2\/pages\/834"}],"wp:attachment":[{"href":"https:\/\/idecesos.com\/seguros\/wp-json\/wp\/v2\/media?parent=18191"}],"curies":[{"name":"wp","href":"https:\/\/api.w.org\/{rel}","templated":true}]}}