{"id":18192,"date":"2021-12-29T11:52:58","date_gmt":"2021-12-29T11:52:58","guid":{"rendered":"https:\/\/idecesos.com\/seguros\/companias\/umas\/dar-de-baja\/"},"modified":"2022-01-26T17:44:05","modified_gmt":"2022-01-26T17:44:05","slug":"dar-de-baja","status":"publish","type":"page","link":"https:\/\/idecesos.com\/seguros\/companias\/umas\/dar-de-baja\/","title":{"rendered":"\u00bfC\u00f3mo dar de baja seguro UMAS?"},"content":{"rendered":"<div id=\"ez-toc-container\" class=\"ez-toc-v2_0_82_2 ez-toc-wrap-center counter-hierarchy ez-toc-counter ez-toc-custom ez-toc-container-direction\">\n<div class=\"ez-toc-title-container\">\n<p class=\"ez-toc-title\" style=\"cursor:inherit\">Tabla de Contenido<\/p>\n<span class=\"ez-toc-title-toggle\"><a href=\"#\" class=\"ez-toc-pull-right ez-toc-btn ez-toc-btn-xs ez-toc-btn-default ez-toc-toggle\" aria-label=\"Alternar tabla de contenidos\"><span class=\"ez-toc-js-icon-con\"><span class=\"\"><span class=\"eztoc-hide\" style=\"display:none;\">Toggle<\/span><span class=\"ez-toc-icon-toggle-span\"><svg style=\"fill: #db6415;color:#db6415\" xmlns=\"http:\/\/www.w3.org\/2000\/svg\" class=\"list-377408\" width=\"20px\" height=\"20px\" viewBox=\"0 0 24 24\" fill=\"none\"><path d=\"M6 6H4v2h2V6zm14 0H8v2h12V6zM4 11h2v2H4v-2zm16 0H8v2h12v-2zM4 16h2v2H4v-2zm16 0H8v2h12v-2z\" fill=\"currentColor\"><\/path><\/svg><svg style=\"fill: #db6415;color:#db6415\" class=\"arrow-unsorted-368013\" xmlns=\"http:\/\/www.w3.org\/2000\/svg\" width=\"10px\" height=\"10px\" viewBox=\"0 0 24 24\" version=\"1.2\" baseProfile=\"tiny\"><path d=\"M18.2 9.3l-6.2-6.3-6.2 6.3c-.2.2-.3.4-.3.7s.1.5.3.7c.2.2.4.3.7.3h11c.3 0 .5-.1.7-.3.2-.2.3-.5.3-.7s-.1-.5-.3-.7zM5.8 14.7l6.2 6.3 6.2-6.3c.2-.2.3-.5.3-.7s-.1-.5-.3-.7c-.2-.2-.4-.3-.7-.3h-11c-.3 0-.5.1-.7.3-.2.2-.3.5-.3.7s.1.5.3.7z\"\/><\/svg><\/span><\/span><\/span><\/a><\/span><\/div>\n<nav><ul class='ez-toc-list ez-toc-list-level-1 ' ><li class='ez-toc-page-1 ez-toc-heading-level-2'><a class=\"ez-toc-link ez-toc-heading-1\" href=\"https:\/\/idecesos.com\/seguros\/companias\/umas\/dar-de-baja\/#Diferentes_opciones_para_cancelar_un_contrato_con_UMAS\" >Diferentes opciones para cancelar un contrato con UMAS<\/a><ul class='ez-toc-list-level-3' ><li class='ez-toc-heading-level-3'><a class=\"ez-toc-link ez-toc-heading-2\" href=\"https:\/\/idecesos.com\/seguros\/companias\/umas\/dar-de-baja\/#A_traves_de_la_web_de_UMAS\" >A trav\u00e9s de la web de UMAS<\/a><\/li><li class='ez-toc-page-1 ez-toc-heading-level-3'><a class=\"ez-toc-link ez-toc-heading-3\" href=\"https:\/\/idecesos.com\/seguros\/companias\/umas\/dar-de-baja\/#Utilizando_el_correo_electronico_de_UMAS\" >Utilizando el correo electr\u00f3nico de UMAS<\/a><\/li><li class='ez-toc-page-1 ez-toc-heading-level-3'><a class=\"ez-toc-link ez-toc-heading-4\" href=\"https:\/\/idecesos.com\/seguros\/companias\/umas\/dar-de-baja\/#Dar_de_baja_UMAS_por_fax\" >Dar de baja UMAS por fax<\/a><\/li><li class='ez-toc-page-1 ez-toc-heading-level-3'><a class=\"ez-toc-link ez-toc-heading-5\" href=\"https:\/\/idecesos.com\/seguros\/companias\/umas\/dar-de-baja\/#En_la_oficina_de_UMAS\" >En la oficina de UMAS<\/a><\/li><li class='ez-toc-page-1 ez-toc-heading-level-3'><a class=\"ez-toc-link ez-toc-heading-6\" href=\"https:\/\/idecesos.com\/seguros\/companias\/umas\/dar-de-baja\/#Telefono_para_dar_de_baja_UMAS\" >T\u00e9lefono para dar de baja UMAS<\/a><\/li><\/ul><\/li><li class='ez-toc-page-1 ez-toc-heading-level-2'><a class=\"ez-toc-link ez-toc-heading-7\" href=\"https:\/\/idecesos.com\/seguros\/companias\/umas\/dar-de-baja\/#Dar_de_baja_seguro_UMAS_de_un_fallecido\" >Dar de baja seguro UMAS de un fallecido<\/a><ul class='ez-toc-list-level-3' ><li class='ez-toc-heading-level-3'><a class=\"ez-toc-link ez-toc-heading-8\" href=\"https:\/\/idecesos.com\/seguros\/companias\/umas\/dar-de-baja\/#Paginas_relacionadas\" >P\u00e1ginas relacionadas<\/a><\/li><\/ul><\/li><\/ul><\/nav><\/div>\n<p> Para dar de baja su seguro de decesos en UMAS deber\u00e1 seguir los siguientes pasos. Para que puedas conocer los datos de tu empresa de seguros, deber\u00e1s repasar tu contrato o factura. Cuando conozcas la informaci\u00f3n necesaria de tu compa\u00f1\u00eda de seguros, vas a poder buscar en la red la direcci\u00f3n de la compa\u00f1\u00eda. Tras obtener la direcci\u00f3n de la compa\u00f1\u00eda, debe llamar al tel\u00e9fono de atenci\u00f3n al cliente para poder dar de baja su seguro de decesos. Tras haber llamado a atenci\u00f3n al cliente deber\u00e1 pedir la baja de su seguro de decesos, podr\u00e1 hacerlo por tel\u00e9fono o bien por correo. Al haber dado de baja su seguro de decesos podr\u00e1 comunicar a la compa\u00f1\u00eda por escrito la decisi\u00f3n, si ha hecho esto ya va a poder comunicar a la compa\u00f1\u00eda que ya no se quiere hacer cargo de su seguro de defunci\u00f3n. <div class=\"colorf \"  ><div class=\"container clearfix\"><div class=\"col-md-7\"><\/p>\r\n<h2><span class=\"ez-toc-section\" id=\"Diferentes_opciones_para_cancelar_un_contrato_con_UMAS\"><\/span>Diferentes opciones para cancelar un contrato con UMAS<span class=\"ez-toc-section-end\"><\/span><\/h2>\r\n<!-- \/wp:post-content -->\r\n\r\n<!-- wp:paragraph -->\r\n<p>La forma de actuar de cada compa\u00f1\u00eda es muy diferente pero, pr\u00e1cticamente todas, piden a sus asegurados un documento en el que quede constancia su deseo de dar de baja a su seguro. Hay diferentes formas de darse de baja, mas, de cualquier forma, si desea enviar una carta certificada con un modelo est\u00e1ndar de cancelaci\u00f3n de su contrato con UMAS esta va a deber d\u00e1rselo por v\u00e1lido. Le recomendamos que conserve el resguardo del documento y, posteriormente, haga una copia. Si de esta forma lo prefiere, le vamos a mostrar m\u00e1s formas para dar de baja su seguro. <\/div><\/div><\/div><\/p>\r\n<h3><span class=\"ez-toc-section\" id=\"A_traves_de_la_web_de_UMAS\"><\/span>A trav\u00e9s de la web de UMAS<span class=\"ez-toc-section-end\"><\/span><\/h3>\r\n<p>Antes de proceder a efectuar la baja del seguro, haz una revisi\u00f3n y verifica que todos los datos est\u00e9n bien. \u00bfC\u00f3mo puedo cancelar mi seguro de decesos por internet por medio de el sitio web de la compa\u00f1\u00eda aseguradora?Una de las formas de darse de baja en el seguro de decesos de UMAS es poner en su buscador lo que necesita, en ese momento, le aparecer\u00e1n m\u00faltiples opciones, elija la m\u00e1s indicada y siga los pasos que le se\u00f1alan, es sencill\u00edsimo. Si no hallas la opci\u00f3n de dar de baja tu seguro por la p\u00e1gina de la compa\u00f1\u00eda, tendr\u00e1s que ponerte en contacto con ellos por tel\u00e9fono. Adem\u00e1s cumplimente el formulario o bien descargue el documento que se le pide para poder completar su petici\u00f3n. No olvides revisar los datos que tu compa\u00f1\u00eda de seguros te solicita para poder tramitar la baja del seguro de decesos. <div class=\"colorf \"  ><div class=\"container clearfix\"><div class=\"col-md-7\"><\/p>\r\n<h3><span class=\"ez-toc-section\" id=\"Utilizando_el_correo_electronico_de_UMAS\"><\/span>Utilizando el correo electr\u00f3nico de UMAS<span class=\"ez-toc-section-end\"><\/span><\/h3>\r\n<p>Por e-mail tambi\u00e9n puedes pedir la baja de tu seguro de decesos. En pocos minutos podr\u00e1s tener tu respuesta sobre tu solicitud de darte de baja de tu seguro. Deber\u00e1s mandar los siguientes documentos para que puedas pedir la devoluci\u00f3n: copia del documento nacional de identidad del asegurado y la notificaci\u00f3n firmada con los datos personales de la persona asegurada. A fin de que la baja del seguro de decesos se realice de forma correcta, debes tener la copia sellada y el justificante. Con una imitaci\u00f3n de la notificaci\u00f3n te aseguras de no tener ning\u00fan tipo de problema en el futuro. <\/div><\/div><\/div><\/p>\r\n<h3><span class=\"ez-toc-section\" id=\"Dar_de_baja_UMAS_por_fax\"><\/span>Dar de baja UMAS por fax<span class=\"ez-toc-section-end\"><\/span><\/h3>\r\n<p>El fax es otro elemento por el que va a poder darse de baja del seguro de decesos de UMAS. Su procedimiento es muy parecido al que acabamos de explicar del e mail puesto que en lugar de mandarlo por correo deber\u00e1 hacerlo v\u00eda fax. Env\u00edale a la compa\u00f1\u00eda una copia de tu documento de identidad y el documento firmado con la solicitud de la baja del seguro de decesos. Si no la encuesta, ll\u00e1menos a este n\u00famero de tel\u00e9fono y nosotros te la facilitaremos 951 127 403. Te recordamos que tendr\u00e1s que guardar la copia sellada y el justificante. Si quieres evitar inconvenientes, te recomendamos guardar asimismo la copia de la notificaci\u00f3n donde se especifique la data de env\u00edo. <div class=\"colorf \"  ><div class=\"container clearfix\"><div class=\"col-md-7\"><\/p>\r\n<h3><span class=\"ez-toc-section\" id=\"En_la_oficina_de_UMAS\"><\/span>En la oficina de UMAS<span class=\"ez-toc-section-end\"><\/span><\/h3>\r\n<p>Existen a\u00fan otros m\u00e9todos por si no eres un buen amigo de las tecnolog\u00edas. La forma m\u00e1s r\u00e1pida para dar de baja tu seguro es acudiendo a tu oficina. En la red de redes vas a poder localizar cu\u00e1l es la oficina m\u00e1s pr\u00f3xima a ti para que puedas dar de baja tu seguro de decesos. Coge cita para que los agentes puedan atenderte de una forma m\u00e1s personalizada en la oficina de tu compa\u00f1\u00eda. Tan solo deber\u00e1 ir siguiendo los pasos que le vayan se\u00f1alando para finalizar de acabar su baja. <\/div><\/div><\/div><\/p>\r\n<h3><span class=\"ez-toc-section\" id=\"Telefono_para_dar_de_baja_UMAS\"><\/span>T\u00e9lefono para dar de baja UMAS<span class=\"ez-toc-section-end\"><\/span><\/h3>\r\n<p>La v\u00eda telef\u00f3nica asimismo es una opci\u00f3n para darse de baja. Solo deber\u00e1s buscar el telef\u00f3no en la red o ponte en contacto con nosotros en el 913 191 010\u00a0para darte una mayor informaci\u00f3n. Indique a la operadora el motivo de su llamada y le va a pasar con un agente para que pueda ayudarle. Tras las indicaciones del agente, este se encargar\u00e1 de solucionar todas las cuestiones para que puedes dar de baja tu seguro de decesos. Si quieres mudar de aseguradora, solo tienes que emplear nuestro comparador de iDecesos. Te vamos a dar las mejores ofertas y tendr\u00e1s tu seguro completamente amoldado a ti. <div class=\"colorf \"  ><div class=\"container clearfix\"><div class=\"col-md-7\"><\/p>\r\n<h2><span class=\"ez-toc-section\" id=\"Dar_de_baja_seguro_UMAS_de_un_fallecido\"><\/span>Dar de baja seguro UMAS de un fallecido<span class=\"ez-toc-section-end\"><\/span><\/h2>\r\n<p>Para finiquitar, va a tener una explicaci\u00f3n detallada de de qu\u00e9 manera dar de baja el seguro, tras el fallecimiento de la persona asegurada. Nos encargaremos de que este m\u00e9todo, que le puede resultar complejo, sea m\u00e1s f\u00e1cil y simple de lo que cree. No debe preocuparse por nada ni hacer ninguno de los tr\u00e1mites que le hemos explicado anteriormente. UMAS anular\u00e1 autom\u00e1ticamente el seguro de decesos tras el fallecimiento de la persona asegurada. Tras el sepelio del asegurado, UMAS va a dar de baja el seguro de la persona fallecida y, su familia, podr\u00e1 estar sosegada durante todo el proceso. <\/div><\/div><\/div> <div class=\"oficinas\"> <h3><span class=\"ez-toc-section\" id=\"Paginas_relacionadas\"><\/span>P\u00e1ginas relacionadas<span class=\"ez-toc-section-end\"><\/span><\/h3><div class=\"enlazado\"><ul> <li><a href=\"https:\/\/idecesos.com\/seguros\/companias\/umas\/opiniones\/\">Opiniones UMAS<\/a><\/li> <li><a href=\"https:\/\/idecesos.com\/seguros\/companias\/umas\/precio\/\">Precio seguro UMAS<\/a><\/li> <li><a href=\"https:\/\/idecesos.com\/seguros\/companias\/umas\/prima-mixta\/\">UMAS Prima Mixta<\/a><\/li> <li><a href=\"https:\/\/idecesos.com\/seguros\/companias\/umas\/prima-natural\/\">UMAS Prima Natural<\/a><\/li> <li><a href=\"https:\/\/idecesos.com\/seguros\/companias\/umas\/prima-nivelada\/\">UMAS Prima Nivelada<\/a><\/li> <li><a href=\"https:\/\/idecesos.com\/seguros\/companias\/umas\/prima-unica\/\">UMAS Prima \u00danica<\/a><\/li> <li><a href=\"https:\/\/idecesos.com\/seguros\/companias\/umas\/repatriacion\/\">UMAS Repatriaci\u00f3n<\/a><\/li> <li><a href=\"https:\/\/idecesos.com\/seguros\/companias\/umas\/telefono\/\">Tel\u00e9fono Gratuito UMAS<\/a><\/li>                                                                                                                                                                                                                                                                                                                                                                                                                                                                                                                                                                                                                                                                                                                                                                                                                                                                                                                                                                                                                                                                                                                                                                                                                                                                                                                                                                                                                                                                                                                                                                                                                                                                                                                                                                                                                                                                                                                                                                                                                                                                                                                                                                                                                                                                                                                                                                                                                                                                                                                                                                                                                                                                                                                                                                                                                                                                                                                                                                                                                                                                                                                              <\/ul><\/div> <\/div><\/p>","protected":false},"excerpt":{"rendered":"<p>Para dar de baja su seguro de decesos en UMAS deber\u00e1 seguir los siguientes pasos. Para que puedas conocer los datos de tu empresa de seguros, deber\u00e1s repasar tu contrato o factura. Cuando conozcas la informaci\u00f3n necesaria de tu compa\u00f1\u00eda de seguros, vas a poder buscar en la red la direcci\u00f3n de la compa\u00f1\u00eda. Tras&hellip; <\/p>\n","protected":false},"author":1,"featured_media":0,"parent":845,"menu_order":0,"comment_status":"closed","ping_status":"closed","template":"single.php","meta":{"footnotes":""},"class_list":["post-18192","page","type-page","status-publish","hentry"],"yoast_head":"<!-- This site is optimized with the Yoast SEO plugin v27.3 - https:\/\/yoast.com\/product\/yoast-seo-wordpress\/ -->\n<title>\u00bfC\u00f3mo dar de Baja o Cancelar Seguro de Decesos UMAS?<\/title>\n<meta name=\"description\" content=\"Obt\u00e9n aqu\u00ed\u3010c\u00f3mo dar de baja o cancelar seguro de decesos UMAS\u3011Modelo carta, fax, correo electr\u00f3nico (email), tel\u00e9fono gratis.\" \/>\n<meta name=\"robots\" content=\"index, follow, max-snippet:-1, max-image-preview:large, max-video-preview:-1\" \/>\n<link rel=\"canonical\" href=\"https:\/\/idecesos.com\/seguros\/companias\/umas\/dar-de-baja\/\" \/>\n<meta property=\"og:locale\" content=\"es_ES\" \/>\n<meta property=\"og:type\" content=\"article\" \/>\n<meta property=\"og:title\" content=\"\u00bfC\u00f3mo dar de Baja o Cancelar Seguro de Decesos UMAS?\" \/>\n<meta property=\"og:description\" content=\"Obt\u00e9n aqu\u00ed\u3010c\u00f3mo dar de baja o cancelar seguro de decesos UMAS\u3011Modelo carta, fax, correo electr\u00f3nico (email), tel\u00e9fono gratis.\" \/>\n<meta property=\"og:url\" content=\"https:\/\/idecesos.com\/seguros\/companias\/umas\/dar-de-baja\/\" \/>\n<meta property=\"article:modified_time\" content=\"2022-01-26T17:44:05+00:00\" \/>\n<meta name=\"twitter:card\" content=\"summary_large_image\" \/>\n<meta name=\"twitter:label1\" content=\"Tiempo de lectura\" \/>\n\t<meta name=\"twitter:data1\" content=\"5 minutos\" \/>\n<script type=\"application\/ld+json\" class=\"yoast-schema-graph\">{\"@context\":\"https:\\\/\\\/schema.org\",\"@graph\":[{\"@type\":\"WebPage\",\"@id\":\"https:\\\/\\\/idecesos.com\\\/seguros\\\/companias\\\/umas\\\/dar-de-baja\\\/\",\"url\":\"https:\\\/\\\/idecesos.com\\\/seguros\\\/companias\\\/umas\\\/dar-de-baja\\\/\",\"name\":\"\u00bfC\u00f3mo dar de Baja o Cancelar Seguro de Decesos UMAS?\",\"isPartOf\":{\"@id\":\"https:\\\/\\\/idecesos.com\\\/seguros\\\/#website\"},\"datePublished\":\"2021-12-29T11:52:58+00:00\",\"dateModified\":\"2022-01-26T17:44:05+00:00\",\"description\":\"Obt\u00e9n aqu\u00ed\u3010c\u00f3mo dar de baja o cancelar seguro de decesos UMAS\u3011Modelo carta, fax, correo electr\u00f3nico (email), tel\u00e9fono gratis.\",\"breadcrumb\":{\"@id\":\"https:\\\/\\\/idecesos.com\\\/seguros\\\/companias\\\/umas\\\/dar-de-baja\\\/#breadcrumb\"},\"inLanguage\":\"es\",\"potentialAction\":[{\"@type\":\"ReadAction\",\"target\":[\"https:\\\/\\\/idecesos.com\\\/seguros\\\/companias\\\/umas\\\/dar-de-baja\\\/\"]}]},{\"@type\":\"BreadcrumbList\",\"@id\":\"https:\\\/\\\/idecesos.com\\\/seguros\\\/companias\\\/umas\\\/dar-de-baja\\\/#breadcrumb\",\"itemListElement\":[{\"@type\":\"ListItem\",\"position\":1,\"name\":\"Portada\",\"item\":\"https:\\\/\\\/idecesos.com\\\/seguros\\\/\"},{\"@type\":\"ListItem\",\"position\":2,\"name\":\"Compa\u00f1\u00edas de Seguros de Decesos en Espa\u00f1a\",\"item\":\"https:\\\/\\\/idecesos.com\\\/seguros\\\/companias\\\/\"},{\"@type\":\"ListItem\",\"position\":3,\"name\":\"Seguro de decesos UMAS\",\"item\":\"https:\\\/\\\/idecesos.com\\\/seguros\\\/companias\\\/umas\\\/\"},{\"@type\":\"ListItem\",\"position\":4,\"name\":\"\u00bfC\u00f3mo dar de baja seguro UMAS?\"}]},{\"@type\":\"WebSite\",\"@id\":\"https:\\\/\\\/idecesos.com\\\/seguros\\\/#website\",\"url\":\"https:\\\/\\\/idecesos.com\\\/seguros\\\/\",\"name\":\"\",\"description\":\"\",\"potentialAction\":[{\"@type\":\"SearchAction\",\"target\":{\"@type\":\"EntryPoint\",\"urlTemplate\":\"https:\\\/\\\/idecesos.com\\\/seguros\\\/?s={search_term_string}\"},\"query-input\":{\"@type\":\"PropertyValueSpecification\",\"valueRequired\":true,\"valueName\":\"search_term_string\"}}],\"inLanguage\":\"es\"}]}<\/script>\n<!-- \/ Yoast SEO plugin. -->","yoast_head_json":{"title":"\u00bfC\u00f3mo dar de Baja o Cancelar Seguro de Decesos UMAS?","description":"Obt\u00e9n aqu\u00ed\u3010c\u00f3mo dar de baja o cancelar seguro de decesos UMAS\u3011Modelo carta, fax, correo electr\u00f3nico (email), tel\u00e9fono gratis.","robots":{"index":"index","follow":"follow","max-snippet":"max-snippet:-1","max-image-preview":"max-image-preview:large","max-video-preview":"max-video-preview:-1"},"canonical":"https:\/\/idecesos.com\/seguros\/companias\/umas\/dar-de-baja\/","og_locale":"es_ES","og_type":"article","og_title":"\u00bfC\u00f3mo dar de Baja o Cancelar Seguro de Decesos UMAS?","og_description":"Obt\u00e9n aqu\u00ed\u3010c\u00f3mo dar de baja o cancelar seguro de decesos UMAS\u3011Modelo carta, fax, correo electr\u00f3nico (email), tel\u00e9fono gratis.","og_url":"https:\/\/idecesos.com\/seguros\/companias\/umas\/dar-de-baja\/","article_modified_time":"2022-01-26T17:44:05+00:00","twitter_card":"summary_large_image","twitter_misc":{"Tiempo de lectura":"5 minutos"},"schema":{"@context":"https:\/\/schema.org","@graph":[{"@type":"WebPage","@id":"https:\/\/idecesos.com\/seguros\/companias\/umas\/dar-de-baja\/","url":"https:\/\/idecesos.com\/seguros\/companias\/umas\/dar-de-baja\/","name":"\u00bfC\u00f3mo dar de Baja o Cancelar Seguro de Decesos UMAS?","isPartOf":{"@id":"https:\/\/idecesos.com\/seguros\/#website"},"datePublished":"2021-12-29T11:52:58+00:00","dateModified":"2022-01-26T17:44:05+00:00","description":"Obt\u00e9n aqu\u00ed\u3010c\u00f3mo dar de baja o cancelar seguro de decesos UMAS\u3011Modelo carta, fax, correo electr\u00f3nico (email), tel\u00e9fono gratis.","breadcrumb":{"@id":"https:\/\/idecesos.com\/seguros\/companias\/umas\/dar-de-baja\/#breadcrumb"},"inLanguage":"es","potentialAction":[{"@type":"ReadAction","target":["https:\/\/idecesos.com\/seguros\/companias\/umas\/dar-de-baja\/"]}]},{"@type":"BreadcrumbList","@id":"https:\/\/idecesos.com\/seguros\/companias\/umas\/dar-de-baja\/#breadcrumb","itemListElement":[{"@type":"ListItem","position":1,"name":"Portada","item":"https:\/\/idecesos.com\/seguros\/"},{"@type":"ListItem","position":2,"name":"Compa\u00f1\u00edas de Seguros de Decesos en Espa\u00f1a","item":"https:\/\/idecesos.com\/seguros\/companias\/"},{"@type":"ListItem","position":3,"name":"Seguro de decesos UMAS","item":"https:\/\/idecesos.com\/seguros\/companias\/umas\/"},{"@type":"ListItem","position":4,"name":"\u00bfC\u00f3mo dar de baja seguro UMAS?"}]},{"@type":"WebSite","@id":"https:\/\/idecesos.com\/seguros\/#website","url":"https:\/\/idecesos.com\/seguros\/","name":"","description":"","potentialAction":[{"@type":"SearchAction","target":{"@type":"EntryPoint","urlTemplate":"https:\/\/idecesos.com\/seguros\/?s={search_term_string}"},"query-input":{"@type":"PropertyValueSpecification","valueRequired":true,"valueName":"search_term_string"}}],"inLanguage":"es"}]}},"_links":{"self":[{"href":"https:\/\/idecesos.com\/seguros\/wp-json\/wp\/v2\/pages\/18192","targetHints":{"allow":["GET"]}}],"collection":[{"href":"https:\/\/idecesos.com\/seguros\/wp-json\/wp\/v2\/pages"}],"about":[{"href":"https:\/\/idecesos.com\/seguros\/wp-json\/wp\/v2\/types\/page"}],"author":[{"embeddable":true,"href":"https:\/\/idecesos.com\/seguros\/wp-json\/wp\/v2\/users\/1"}],"replies":[{"embeddable":true,"href":"https:\/\/idecesos.com\/seguros\/wp-json\/wp\/v2\/comments?post=18192"}],"version-history":[{"count":1,"href":"https:\/\/idecesos.com\/seguros\/wp-json\/wp\/v2\/pages\/18192\/revisions"}],"predecessor-version":[{"id":19064,"href":"https:\/\/idecesos.com\/seguros\/wp-json\/wp\/v2\/pages\/18192\/revisions\/19064"}],"up":[{"embeddable":true,"href":"https:\/\/idecesos.com\/seguros\/wp-json\/wp\/v2\/pages\/845"}],"wp:attachment":[{"href":"https:\/\/idecesos.com\/seguros\/wp-json\/wp\/v2\/media?parent=18192"}],"curies":[{"name":"wp","href":"https:\/\/api.w.org\/{rel}","templated":true}]}}