{"id":18195,"date":"2021-12-29T11:53:00","date_gmt":"2021-12-29T11:53:00","guid":{"rendered":"https:\/\/idecesos.com\/seguros\/companias\/banco-bpi\/dar-de-baja\/"},"modified":"2022-01-28T17:48:45","modified_gmt":"2022-01-28T17:48:45","slug":"dar-de-baja","status":"publish","type":"page","link":"https:\/\/idecesos.com\/seguros\/companias\/banco-bpi\/dar-de-baja\/","title":{"rendered":"\u00bfC\u00f3mo dar de baja seguro BPI?"},"content":{"rendered":"<div id=\"ez-toc-container\" class=\"ez-toc-v2_0_82_2 ez-toc-wrap-center counter-hierarchy ez-toc-counter ez-toc-custom ez-toc-container-direction\">\n<div class=\"ez-toc-title-container\">\n<p class=\"ez-toc-title\" style=\"cursor:inherit\">Tabla de Contenido<\/p>\n<span class=\"ez-toc-title-toggle\"><a href=\"#\" class=\"ez-toc-pull-right ez-toc-btn ez-toc-btn-xs ez-toc-btn-default ez-toc-toggle\" aria-label=\"Alternar tabla de contenidos\"><span class=\"ez-toc-js-icon-con\"><span class=\"\"><span class=\"eztoc-hide\" style=\"display:none;\">Toggle<\/span><span class=\"ez-toc-icon-toggle-span\"><svg style=\"fill: #db6415;color:#db6415\" xmlns=\"http:\/\/www.w3.org\/2000\/svg\" class=\"list-377408\" width=\"20px\" height=\"20px\" viewBox=\"0 0 24 24\" fill=\"none\"><path d=\"M6 6H4v2h2V6zm14 0H8v2h12V6zM4 11h2v2H4v-2zm16 0H8v2h12v-2zM4 16h2v2H4v-2zm16 0H8v2h12v-2z\" fill=\"currentColor\"><\/path><\/svg><svg style=\"fill: #db6415;color:#db6415\" class=\"arrow-unsorted-368013\" xmlns=\"http:\/\/www.w3.org\/2000\/svg\" width=\"10px\" height=\"10px\" viewBox=\"0 0 24 24\" version=\"1.2\" baseProfile=\"tiny\"><path d=\"M18.2 9.3l-6.2-6.3-6.2 6.3c-.2.2-.3.4-.3.7s.1.5.3.7c.2.2.4.3.7.3h11c.3 0 .5-.1.7-.3.2-.2.3-.5.3-.7s-.1-.5-.3-.7zM5.8 14.7l6.2 6.3 6.2-6.3c.2-.2.3-.5.3-.7s-.1-.5-.3-.7c-.2-.2-.4-.3-.7-.3h-11c-.3 0-.5.1-.7.3-.2.2-.3.5-.3.7s.1.5.3.7z\"\/><\/svg><\/span><\/span><\/span><\/a><\/span><\/div>\n<nav><ul class='ez-toc-list ez-toc-list-level-1 ' ><li class='ez-toc-page-1 ez-toc-heading-level-2'><a class=\"ez-toc-link ez-toc-heading-1\" href=\"https:\/\/idecesos.com\/seguros\/companias\/banco-bpi\/dar-de-baja\/#Diferentes_opciones_para_cancelar_un_contrato_con_BPI\" >Diferentes opciones para cancelar un contrato con BPI<\/a><ul class='ez-toc-list-level-3' ><li class='ez-toc-heading-level-3'><a class=\"ez-toc-link ez-toc-heading-2\" href=\"https:\/\/idecesos.com\/seguros\/companias\/banco-bpi\/dar-de-baja\/#A_traves_de_la_web_de_BPI\" >A trav\u00e9s de la web de BPI<\/a><\/li><li class='ez-toc-page-1 ez-toc-heading-level-3'><a class=\"ez-toc-link ez-toc-heading-3\" href=\"https:\/\/idecesos.com\/seguros\/companias\/banco-bpi\/dar-de-baja\/#Utilizando_el_correo_electronico_de_BPI\" >Utilizando el correo electr\u00f3nico de BPI<\/a><\/li><li class='ez-toc-page-1 ez-toc-heading-level-3'><a class=\"ez-toc-link ez-toc-heading-4\" href=\"https:\/\/idecesos.com\/seguros\/companias\/banco-bpi\/dar-de-baja\/#Dar_de_baja_BPI_por_fax\" >Dar de baja BPI por fax<\/a><\/li><li class='ez-toc-page-1 ez-toc-heading-level-3'><a class=\"ez-toc-link ez-toc-heading-5\" href=\"https:\/\/idecesos.com\/seguros\/companias\/banco-bpi\/dar-de-baja\/#En_la_oficina_de_BPI\" >En la oficina de BPI<\/a><\/li><li class='ez-toc-page-1 ez-toc-heading-level-3'><a class=\"ez-toc-link ez-toc-heading-6\" href=\"https:\/\/idecesos.com\/seguros\/companias\/banco-bpi\/dar-de-baja\/#Telefono_para_dar_de_baja_BPI\" >T\u00e9lefono para dar de baja BPI<\/a><\/li><\/ul><\/li><li class='ez-toc-page-1 ez-toc-heading-level-2'><a class=\"ez-toc-link ez-toc-heading-7\" href=\"https:\/\/idecesos.com\/seguros\/companias\/banco-bpi\/dar-de-baja\/#Dar_de_baja_seguro_BPI_de_un_fallecido\" >Dar de baja seguro BPI de un fallecido<\/a><ul class='ez-toc-list-level-3' ><li class='ez-toc-heading-level-3'><a class=\"ez-toc-link ez-toc-heading-8\" href=\"https:\/\/idecesos.com\/seguros\/companias\/banco-bpi\/dar-de-baja\/#Paginas_relacionadas\" >P\u00e1ginas relacionadas<\/a><\/li><\/ul><\/li><\/ul><\/nav><\/div>\n<p> Es muy f\u00e1cil dar de baja tu seguro con solo proseguir los pasos que te mostramos ahora. El primer paso que debes proseguir es repasar tu contrato y conocer los datos de tu empresa de seguros. Cuando conozcas la informaci\u00f3n necesaria de tu compa\u00f1\u00eda aseguradora, vas a poder buscar en la red la direcci\u00f3n de la compa\u00f1\u00eda. Contacta con tu compa\u00f1\u00eda aseguradora en el tel\u00e9fono de atenci\u00f3n al cliente que te indiquen a fin de que puedas proceder a dar de baja tu seguro de decesos. Puedes dar de baja tu seguro de decesos mediante correo electr\u00f3nico o bien por tel\u00e9fono. Comunica a tu aseguradora tu deseo de darte de baja de su seguro de decesos. <div class=\"colorf \"  ><div class=\"container clearfix\"><div class=\"col-md-7\"><\/p>\r\n<h2><span class=\"ez-toc-section\" id=\"Diferentes_opciones_para_cancelar_un_contrato_con_BPI\"><\/span>Diferentes opciones para cancelar un contrato con BPI<span class=\"ez-toc-section-end\"><\/span><\/h2>\r\n<!-- \/wp:post-content -->\r\n\r\n<!-- wp:paragraph -->\r\n<p>Cada una de las diferentes empresas de seguros trabajan de forma diferente si bien en casi todas se les pide a los clientes que avisen su deseo de darse de baja del seguro. Si no sabes de qu\u00e9 documento estamos hablando, puedes llamarnos al tel\u00e9fono 951 127 403 o contactar con nosotros en nuestro info@idecesos. com. Puedes decantarse por mandar una carta certificada con el deseo expreso de cancelar el contrato con la aseguradora de decesos. Debes guardar el resguardo y hacerle una copia para una mayor seguridad. Hay otras formas de dar de baja el seguro de decesos en la compa\u00f1\u00eda en la que est\u00e9s. <\/div><\/div><\/div><\/p>\r\n<h3><span class=\"ez-toc-section\" id=\"A_traves_de_la_web_de_BPI\"><\/span>A trav\u00e9s de la web de BPI<span class=\"ez-toc-section-end\"><\/span><\/h3>\r\n<p>Mediante la web de BPI es uno de los m\u00e9todos que pueda usar para darse de baja de su seguro de decesos. Solo deber\u00e1s redactar lo que buscas en su p\u00e1gina a fin de que te aparezca toda la informaci\u00f3n. Utiliza otra secci\u00f3n en su p\u00e1gina si no hallas el buscador. Probablemente debas rellenar un formulario para poder notificar de manera correcta tu deseo de dar de baja el seguro de decesos. Si a\u00fan de esta forma, sigues sin encontrar de qu\u00e9 forma puedes dar de baja el seguro, solo debes ponerte en contacto con nosotros en el 951 127 403 o en el info@idecesos. com. Si por otro lado, todo cuanto busca est\u00e1 en la p\u00e1gina web, podr\u00e1s percibir en unos instantes un documento donde se te informa de la baja de tu seguro de decesos. <div class=\"colorf \"  ><div class=\"container clearfix\"><div class=\"col-md-7\"><\/p>\r\n<h3><span class=\"ez-toc-section\" id=\"Utilizando_el_correo_electronico_de_BPI\"><\/span>Utilizando el correo electr\u00f3nico de BPI<span class=\"ez-toc-section-end\"><\/span><\/h3>\r\n<p>Si lo quieres, asimismo puede darse de baja con el env\u00edo de un e mail. Tendr\u00e1 la soluci\u00f3n usando el apartado de correo email BPI de la compa\u00f1\u00eda. Env\u00edales en un mismo documento los pr\u00f3ximos documentos: una copia del DNI del contratante y la notificaci\u00f3n firmada por el asegurado con sus datos personales, que puedes hallarla en la web de BPI o puedes ped\u00edrnosla a nosotros mediante nuestro n\u00famero de tel\u00e9fono 951 127 403 o bien e mail info@idecesos. com. Para que el proceso prosiga un buen camino, debe guardar su justificante del recibo y, una copia apropiadamente sellada. Con lo que pueda pasar en un futuro, le aconsejamos que guarde una copia de la notificaci\u00f3n con su fecha de env\u00edo, para quedarse a\u00fan m\u00e1s apacibles y no puedan ponerle ninguna queja. <\/div><\/div><\/div><\/p>\r\n<h3><span class=\"ez-toc-section\" id=\"Dar_de_baja_BPI_por_fax\"><\/span>Dar de baja BPI por fax<span class=\"ez-toc-section-end\"><\/span><\/h3>\r\n<p>Otro m\u00e9todo, es el empleo del fax. Se asemeja bastante al precedente, solo cambia la manera en la que se env\u00edan los documentos. Mediante un fax tendr\u00e1 que expedir a BPI una copia de su DNI y la notificaci\u00f3n firma de baja que puede localizarla en la web de BPI o te la podemos facilitar nosotros si nos llamas al 951 127 403. Como en m\u00e9todos anteriores, deber\u00e1 guardar el justificante de su recibo y, una copia apropiadamente sellada. Es muy importante que, no olvide, guardar el documento de la copia de la notificaci\u00f3n, en la que conste su data de env\u00edo. <div class=\"colorf \"  ><div class=\"container clearfix\"><div class=\"col-md-7\"><\/p>\r\n<h3><span class=\"ez-toc-section\" id=\"En_la_oficina_de_BPI\"><\/span>En la oficina de BPI<span class=\"ez-toc-section-end\"><\/span><\/h3>\r\n<p>Si lo quiere, podr\u00e1 dar de baja su seguro acudiendo, de forma presencial, a la oficina de BPI. Para asistir a la oficina m\u00e1s cercana, solo deber\u00e1 teclear en Internet el nombre de BPI. Los expertos trabajadores de BPI le van a ayudar en todo cuanto necesite respecto a los documentos que debe rellenar y firmar. Ser\u00e1 tan f\u00e1cil como continuar los pasos que le se\u00f1alen. Debe rememorar, llevar su documento nacional de identidad, ya que es necesario para completar, gratamente, el proceso. Al finalizar le van a dar una copia de todo y el agente pasar\u00e1 a gestionarlo todo para darle de baja, as\u00ed de simple y r\u00e1pido. <\/div><\/div><\/div><\/p>\r\n<h3><span class=\"ez-toc-section\" id=\"Telefono_para_dar_de_baja_BPI\"><\/span>T\u00e9lefono para dar de baja BPI<span class=\"ez-toc-section-end\"><\/span><\/h3>\r\n<p>Para finalizar su contrato con BPI, de forma telef\u00f3nica, solo deber\u00e1 continuar los sencillos pasos que el experto le vaya se\u00f1alando. De esta manera, podr\u00e1 ponerse en contacto tras realizar una busca en Internet del n\u00famero correcto o, llamando al 707 020 500. En muy poco tiempo, si prosigue con precisi\u00f3n cada paso recomendado, va a tener su contrato de baja apropiadamente cerrado, gracias tambi\u00e9n, a la cooperaci\u00f3n de los expertos para completar los tr\u00e1mites. <div class=\"colorf \"  ><div class=\"container clearfix\"><div class=\"col-md-7\"><\/p>\r\n<h2><span class=\"ez-toc-section\" id=\"Dar_de_baja_seguro_BPI_de_un_fallecido\"><\/span>Dar de baja seguro BPI de un fallecido<span class=\"ez-toc-section-end\"><\/span><\/h2>\r\n<p>Para finalizar, le vamos a dar las claves para que, despu\u00e9s del fallecimiento del asegurado, pueda dar de baja su seguro de decesos. Es la manera m\u00e1s f\u00e1cil de anular un seguro de esta clase. No tendr\u00e1 que preocuparse por nada, los especialistas se ocupar\u00e1n de todos y cada uno de los tr\u00e1mites. Tras su muerte, BPI cancelar\u00e1, de manera autom\u00e1tica, su seguro de decesos. Al prestar su servicio tras el sepelio del cliente del servicio, BPI se encargar\u00e1 de dar de baja a la persona fallecida, con lo que sus familiares no tienen de qu\u00e9 preocuparse, se encargaran de todo y no tendr\u00e1n que hacer nada a este respecto. <\/div><\/div><\/div> <div class=\"oficinas\"> <h3><span class=\"ez-toc-section\" id=\"Paginas_relacionadas\"><\/span>P\u00e1ginas relacionadas<span class=\"ez-toc-section-end\"><\/span><\/h3><div class=\"enlazado\"><ul> <li><a href=\"https:\/\/idecesos.com\/seguros\/companias\/banco-bpi\/opiniones\/\">Opiniones BPI<\/a><\/li> <li><a href=\"https:\/\/idecesos.com\/seguros\/companias\/banco-bpi\/precio\/\">Precio seguro BPI<\/a><\/li> <li><a href=\"https:\/\/idecesos.com\/seguros\/companias\/banco-bpi\/prima-mixta\/\">BPI Prima Mixta<\/a><\/li> <li><a href=\"https:\/\/idecesos.com\/seguros\/companias\/banco-bpi\/prima-natural\/\">BPI Prima Natural<\/a><\/li> <li><a href=\"https:\/\/idecesos.com\/seguros\/companias\/banco-bpi\/prima-nivelada\/\">BPI Prima Nivelada<\/a><\/li> <li><a href=\"https:\/\/idecesos.com\/seguros\/companias\/banco-bpi\/prima-unica\/\">BPI Prima \u00danica<\/a><\/li> <li><a href=\"https:\/\/idecesos.com\/seguros\/companias\/banco-bpi\/repatriacion\/\">BPI Repatriaci\u00f3n<\/a><\/li> <li><a href=\"https:\/\/idecesos.com\/seguros\/companias\/banco-bpi\/telefono\/\">Tel\u00e9fono Gratuito BPI<\/a><\/li><\/ul><\/div> <\/div><\/p>","protected":false},"excerpt":{"rendered":"<p>Es muy f\u00e1cil dar de baja tu seguro con solo proseguir los pasos que te mostramos ahora. El primer paso que debes proseguir es repasar tu contrato y conocer los datos de tu empresa de seguros. Cuando conozcas la informaci\u00f3n necesaria de tu compa\u00f1\u00eda aseguradora, vas a poder buscar en la red la direcci\u00f3n de&hellip; <\/p>\n","protected":false},"author":1,"featured_media":0,"parent":273,"menu_order":0,"comment_status":"closed","ping_status":"closed","template":"single.php","meta":{"footnotes":""},"class_list":["post-18195","page","type-page","status-publish","hentry"],"yoast_head":"<!-- This site is optimized with the Yoast SEO plugin v27.3 - https:\/\/yoast.com\/product\/yoast-seo-wordpress\/ -->\n<title>\u00bfC\u00f3mo dar de Baja o Cancelar Seguro de Decesos BPI?<\/title>\n<meta name=\"description\" content=\"Obt\u00e9n aqu\u00ed\u3010c\u00f3mo dar de baja o cancelar seguro de decesos BPI\u3011Modelo carta, fax, correo electr\u00f3nico (email), tel\u00e9fono gratis.\" \/>\n<meta name=\"robots\" content=\"index, follow, max-snippet:-1, max-image-preview:large, max-video-preview:-1\" \/>\n<link rel=\"canonical\" href=\"https:\/\/idecesos.com\/seguros\/companias\/banco-bpi\/dar-de-baja\/\" \/>\n<meta property=\"og:locale\" content=\"es_ES\" \/>\n<meta property=\"og:type\" content=\"article\" \/>\n<meta property=\"og:title\" content=\"\u00bfC\u00f3mo dar de Baja o Cancelar Seguro de Decesos BPI?\" \/>\n<meta property=\"og:description\" content=\"Obt\u00e9n aqu\u00ed\u3010c\u00f3mo dar de baja o cancelar seguro de decesos BPI\u3011Modelo carta, fax, correo electr\u00f3nico (email), tel\u00e9fono gratis.\" \/>\n<meta property=\"og:url\" content=\"https:\/\/idecesos.com\/seguros\/companias\/banco-bpi\/dar-de-baja\/\" \/>\n<meta property=\"article:modified_time\" content=\"2022-01-28T17:48:45+00:00\" \/>\n<meta name=\"twitter:card\" content=\"summary_large_image\" \/>\n<meta name=\"twitter:label1\" content=\"Tiempo de lectura\" \/>\n\t<meta name=\"twitter:data1\" content=\"5 minutos\" \/>\n<script type=\"application\/ld+json\" class=\"yoast-schema-graph\">{\"@context\":\"https:\\\/\\\/schema.org\",\"@graph\":[{\"@type\":\"WebPage\",\"@id\":\"https:\\\/\\\/idecesos.com\\\/seguros\\\/companias\\\/banco-bpi\\\/dar-de-baja\\\/\",\"url\":\"https:\\\/\\\/idecesos.com\\\/seguros\\\/companias\\\/banco-bpi\\\/dar-de-baja\\\/\",\"name\":\"\u00bfC\u00f3mo dar de Baja o Cancelar Seguro de Decesos BPI?\",\"isPartOf\":{\"@id\":\"https:\\\/\\\/idecesos.com\\\/seguros\\\/#website\"},\"datePublished\":\"2021-12-29T11:53:00+00:00\",\"dateModified\":\"2022-01-28T17:48:45+00:00\",\"description\":\"Obt\u00e9n aqu\u00ed\u3010c\u00f3mo dar de baja o cancelar seguro de decesos BPI\u3011Modelo carta, fax, correo electr\u00f3nico (email), tel\u00e9fono gratis.\",\"breadcrumb\":{\"@id\":\"https:\\\/\\\/idecesos.com\\\/seguros\\\/companias\\\/banco-bpi\\\/dar-de-baja\\\/#breadcrumb\"},\"inLanguage\":\"es\",\"potentialAction\":[{\"@type\":\"ReadAction\",\"target\":[\"https:\\\/\\\/idecesos.com\\\/seguros\\\/companias\\\/banco-bpi\\\/dar-de-baja\\\/\"]}]},{\"@type\":\"BreadcrumbList\",\"@id\":\"https:\\\/\\\/idecesos.com\\\/seguros\\\/companias\\\/banco-bpi\\\/dar-de-baja\\\/#breadcrumb\",\"itemListElement\":[{\"@type\":\"ListItem\",\"position\":1,\"name\":\"Portada\",\"item\":\"https:\\\/\\\/idecesos.com\\\/seguros\\\/\"},{\"@type\":\"ListItem\",\"position\":2,\"name\":\"Compa\u00f1\u00edas de Seguros de Decesos en Espa\u00f1a\",\"item\":\"https:\\\/\\\/idecesos.com\\\/seguros\\\/companias\\\/\"},{\"@type\":\"ListItem\",\"position\":3,\"name\":\"Seguro de decesos BPI\",\"item\":\"https:\\\/\\\/idecesos.com\\\/seguros\\\/companias\\\/banco-bpi\\\/\"},{\"@type\":\"ListItem\",\"position\":4,\"name\":\"\u00bfC\u00f3mo dar de baja seguro BPI?\"}]},{\"@type\":\"WebSite\",\"@id\":\"https:\\\/\\\/idecesos.com\\\/seguros\\\/#website\",\"url\":\"https:\\\/\\\/idecesos.com\\\/seguros\\\/\",\"name\":\"\",\"description\":\"\",\"potentialAction\":[{\"@type\":\"SearchAction\",\"target\":{\"@type\":\"EntryPoint\",\"urlTemplate\":\"https:\\\/\\\/idecesos.com\\\/seguros\\\/?s={search_term_string}\"},\"query-input\":{\"@type\":\"PropertyValueSpecification\",\"valueRequired\":true,\"valueName\":\"search_term_string\"}}],\"inLanguage\":\"es\"}]}<\/script>\n<!-- \/ Yoast SEO plugin. -->","yoast_head_json":{"title":"\u00bfC\u00f3mo dar de Baja o Cancelar Seguro de Decesos BPI?","description":"Obt\u00e9n aqu\u00ed\u3010c\u00f3mo dar de baja o cancelar seguro de decesos BPI\u3011Modelo carta, fax, correo electr\u00f3nico (email), tel\u00e9fono gratis.","robots":{"index":"index","follow":"follow","max-snippet":"max-snippet:-1","max-image-preview":"max-image-preview:large","max-video-preview":"max-video-preview:-1"},"canonical":"https:\/\/idecesos.com\/seguros\/companias\/banco-bpi\/dar-de-baja\/","og_locale":"es_ES","og_type":"article","og_title":"\u00bfC\u00f3mo dar de Baja o Cancelar Seguro de Decesos BPI?","og_description":"Obt\u00e9n aqu\u00ed\u3010c\u00f3mo dar de baja o cancelar seguro de decesos BPI\u3011Modelo carta, fax, correo electr\u00f3nico (email), tel\u00e9fono gratis.","og_url":"https:\/\/idecesos.com\/seguros\/companias\/banco-bpi\/dar-de-baja\/","article_modified_time":"2022-01-28T17:48:45+00:00","twitter_card":"summary_large_image","twitter_misc":{"Tiempo de lectura":"5 minutos"},"schema":{"@context":"https:\/\/schema.org","@graph":[{"@type":"WebPage","@id":"https:\/\/idecesos.com\/seguros\/companias\/banco-bpi\/dar-de-baja\/","url":"https:\/\/idecesos.com\/seguros\/companias\/banco-bpi\/dar-de-baja\/","name":"\u00bfC\u00f3mo dar de Baja o Cancelar Seguro de Decesos BPI?","isPartOf":{"@id":"https:\/\/idecesos.com\/seguros\/#website"},"datePublished":"2021-12-29T11:53:00+00:00","dateModified":"2022-01-28T17:48:45+00:00","description":"Obt\u00e9n aqu\u00ed\u3010c\u00f3mo dar de baja o cancelar seguro de decesos BPI\u3011Modelo carta, fax, correo electr\u00f3nico (email), tel\u00e9fono gratis.","breadcrumb":{"@id":"https:\/\/idecesos.com\/seguros\/companias\/banco-bpi\/dar-de-baja\/#breadcrumb"},"inLanguage":"es","potentialAction":[{"@type":"ReadAction","target":["https:\/\/idecesos.com\/seguros\/companias\/banco-bpi\/dar-de-baja\/"]}]},{"@type":"BreadcrumbList","@id":"https:\/\/idecesos.com\/seguros\/companias\/banco-bpi\/dar-de-baja\/#breadcrumb","itemListElement":[{"@type":"ListItem","position":1,"name":"Portada","item":"https:\/\/idecesos.com\/seguros\/"},{"@type":"ListItem","position":2,"name":"Compa\u00f1\u00edas de Seguros de Decesos en Espa\u00f1a","item":"https:\/\/idecesos.com\/seguros\/companias\/"},{"@type":"ListItem","position":3,"name":"Seguro de decesos BPI","item":"https:\/\/idecesos.com\/seguros\/companias\/banco-bpi\/"},{"@type":"ListItem","position":4,"name":"\u00bfC\u00f3mo dar de baja seguro BPI?"}]},{"@type":"WebSite","@id":"https:\/\/idecesos.com\/seguros\/#website","url":"https:\/\/idecesos.com\/seguros\/","name":"","description":"","potentialAction":[{"@type":"SearchAction","target":{"@type":"EntryPoint","urlTemplate":"https:\/\/idecesos.com\/seguros\/?s={search_term_string}"},"query-input":{"@type":"PropertyValueSpecification","valueRequired":true,"valueName":"search_term_string"}}],"inLanguage":"es"}]}},"_links":{"self":[{"href":"https:\/\/idecesos.com\/seguros\/wp-json\/wp\/v2\/pages\/18195","targetHints":{"allow":["GET"]}}],"collection":[{"href":"https:\/\/idecesos.com\/seguros\/wp-json\/wp\/v2\/pages"}],"about":[{"href":"https:\/\/idecesos.com\/seguros\/wp-json\/wp\/v2\/types\/page"}],"author":[{"embeddable":true,"href":"https:\/\/idecesos.com\/seguros\/wp-json\/wp\/v2\/users\/1"}],"replies":[{"embeddable":true,"href":"https:\/\/idecesos.com\/seguros\/wp-json\/wp\/v2\/comments?post=18195"}],"version-history":[{"count":1,"href":"https:\/\/idecesos.com\/seguros\/wp-json\/wp\/v2\/pages\/18195\/revisions"}],"predecessor-version":[{"id":19106,"href":"https:\/\/idecesos.com\/seguros\/wp-json\/wp\/v2\/pages\/18195\/revisions\/19106"}],"up":[{"embeddable":true,"href":"https:\/\/idecesos.com\/seguros\/wp-json\/wp\/v2\/pages\/273"}],"wp:attachment":[{"href":"https:\/\/idecesos.com\/seguros\/wp-json\/wp\/v2\/media?parent=18195"}],"curies":[{"name":"wp","href":"https:\/\/api.w.org\/{rel}","templated":true}]}}