{"id":18198,"date":"2021-12-29T11:53:02","date_gmt":"2021-12-29T11:53:02","guid":{"rendered":"https:\/\/idecesos.com\/seguros\/companias\/banco-albacete\/dar-de-baja\/"},"modified":"2022-01-28T17:57:04","modified_gmt":"2022-01-28T17:57:04","slug":"dar-de-baja","status":"publish","type":"page","link":"https:\/\/idecesos.com\/seguros\/companias\/banco-albacete\/dar-de-baja\/","title":{"rendered":"\u00bfC\u00f3mo dar de baja seguro Banco Albacete?"},"content":{"rendered":"<div id=\"ez-toc-container\" class=\"ez-toc-v2_0_83 ez-toc-wrap-center counter-hierarchy ez-toc-counter ez-toc-custom ez-toc-container-direction\">\n<div class=\"ez-toc-title-container\">\n<p class=\"ez-toc-title\" style=\"cursor:inherit\">Tabla de Contenido<\/p>\n<span class=\"ez-toc-title-toggle\"><a href=\"#\" class=\"ez-toc-pull-right ez-toc-btn ez-toc-btn-xs ez-toc-btn-default ez-toc-toggle\" aria-label=\"Alternar tabla de contenidos\"><span class=\"ez-toc-js-icon-con\"><span class=\"\"><span class=\"eztoc-hide\" style=\"display:none;\">Toggle<\/span><span class=\"ez-toc-icon-toggle-span\"><svg style=\"fill: #db6415;color:#db6415\" xmlns=\"http:\/\/www.w3.org\/2000\/svg\" class=\"list-377408\" width=\"20px\" height=\"20px\" viewBox=\"0 0 24 24\" fill=\"none\"><path d=\"M6 6H4v2h2V6zm14 0H8v2h12V6zM4 11h2v2H4v-2zm16 0H8v2h12v-2zM4 16h2v2H4v-2zm16 0H8v2h12v-2z\" fill=\"currentColor\"><\/path><\/svg><svg style=\"fill: #db6415;color:#db6415\" class=\"arrow-unsorted-368013\" xmlns=\"http:\/\/www.w3.org\/2000\/svg\" width=\"10px\" height=\"10px\" viewBox=\"0 0 24 24\" version=\"1.2\" baseProfile=\"tiny\"><path d=\"M18.2 9.3l-6.2-6.3-6.2 6.3c-.2.2-.3.4-.3.7s.1.5.3.7c.2.2.4.3.7.3h11c.3 0 .5-.1.7-.3.2-.2.3-.5.3-.7s-.1-.5-.3-.7zM5.8 14.7l6.2 6.3 6.2-6.3c.2-.2.3-.5.3-.7s-.1-.5-.3-.7c-.2-.2-.4-.3-.7-.3h-11c-.3 0-.5.1-.7.3-.2.2-.3.5-.3.7s.1.5.3.7z\"\/><\/svg><\/span><\/span><\/span><\/a><\/span><\/div>\n<nav><ul class='ez-toc-list ez-toc-list-level-1 ' ><li class='ez-toc-page-1 ez-toc-heading-level-2'><a class=\"ez-toc-link ez-toc-heading-1\" href=\"https:\/\/idecesos.com\/seguros\/companias\/banco-albacete\/dar-de-baja\/#Diferentes_opciones_para_cancelar_un_contrato_con_Banco_Albacete\" >Diferentes opciones para cancelar un contrato con Banco Albacete<\/a><ul class='ez-toc-list-level-3' ><li class='ez-toc-heading-level-3'><a class=\"ez-toc-link ez-toc-heading-2\" href=\"https:\/\/idecesos.com\/seguros\/companias\/banco-albacete\/dar-de-baja\/#A_traves_de_la_web_de_Banco_Albacete\" >A trav\u00e9s de la web de Banco Albacete<\/a><\/li><li class='ez-toc-page-1 ez-toc-heading-level-3'><a class=\"ez-toc-link ez-toc-heading-3\" href=\"https:\/\/idecesos.com\/seguros\/companias\/banco-albacete\/dar-de-baja\/#Utilizando_el_correo_electronico_de_Banco_Albacete\" >Utilizando el correo electr\u00f3nico de Banco Albacete<\/a><\/li><li class='ez-toc-page-1 ez-toc-heading-level-3'><a class=\"ez-toc-link ez-toc-heading-4\" href=\"https:\/\/idecesos.com\/seguros\/companias\/banco-albacete\/dar-de-baja\/#Dar_de_baja_Banco_Albacete_por_fax\" >Dar de baja Banco Albacete por fax<\/a><\/li><li class='ez-toc-page-1 ez-toc-heading-level-3'><a class=\"ez-toc-link ez-toc-heading-5\" href=\"https:\/\/idecesos.com\/seguros\/companias\/banco-albacete\/dar-de-baja\/#En_la_oficina_de_Banco_Albacete\" >En la oficina de Banco Albacete<\/a><\/li><li class='ez-toc-page-1 ez-toc-heading-level-3'><a class=\"ez-toc-link ez-toc-heading-6\" href=\"https:\/\/idecesos.com\/seguros\/companias\/banco-albacete\/dar-de-baja\/#Telefono_para_dar_de_baja_Banco_Albacete\" >T\u00e9lefono para dar de baja Banco Albacete<\/a><\/li><\/ul><\/li><li class='ez-toc-page-1 ez-toc-heading-level-2'><a class=\"ez-toc-link ez-toc-heading-7\" href=\"https:\/\/idecesos.com\/seguros\/companias\/banco-albacete\/dar-de-baja\/#Dar_de_baja_seguro_Banco_Albacete_de_un_fallecido\" >Dar de baja seguro Banco Albacete de un fallecido<\/a><\/li><\/ul><\/nav><\/div>\n<p> iDecesos ha trabajado para explicarle c\u00f3mo dar de baja un seguro de decesos. A continuaci\u00f3n, expondremos los pasos que debe proseguir y, no tendr\u00e1 que preocuparse por nada, es sencill\u00edsimo. Gracias a esto, en solo dos minutos tendr\u00e1 la informaci\u00f3n suficiente para poder hacerlo mismo y solucionar el inconveniente que le haya ocasionado. Tambi\u00e9n va a poder buscar una nueva opci\u00f3n alternativa a su seguro puesto que le aconsejamos que no se quede sin uno en tanto que el seguro de decesos le ofrece a y a sus familiares una enorme calma por todo cuanto pueda acontecer en un futuro. Un paso que no debe olvidar, es que debe informar, cuando menos 30 d\u00edas ya antes de la renovaci\u00f3n, a la compa\u00f1\u00eda, a fin de que no surja ning\u00fan inconveniente. <div class=\"colorf \"  ><div class=\"container clearfix\"><div class=\"col-md-7\"><\/p>\r\n<h2><span class=\"ez-toc-section\" id=\"Diferentes_opciones_para_cancelar_un_contrato_con_Banco_Albacete\"><\/span>Diferentes opciones para cancelar un contrato con Banco Albacete<span class=\"ez-toc-section-end\"><\/span><\/h2>\r\n<!-- \/wp:post-content -->\r\n\r\n<!-- wp:paragraph -->\r\n<p>Cada una de las distintas compa\u00f1\u00edas aseguradoras trabajan de forma diferente aunque en casi todas se les pide a los clientes del servicio que avisen su deseo de darse de baja del seguro. Para lograr el documento, puedes ponerte en contacto con nosotros en el 951 127 403 o bien en el info@idecesos. com. Hay diferentes formas de darse de baja, mas, de cualquier manera, si decide mandar una carta certificada con un modelo est\u00e1ndar de cancelaci\u00f3n de su contrato con Banco Albacete esta va a deber d\u00e1rselo por v\u00e1lido. Guarde el resguardo del documento y haz una copia de este con lo que pueda pasar en un futuro. El m\u00e9todo previamente nombrado es uno de los m\u00e1s comunes. No obstante, puedes emplear otros diferentes para dar de baja tu seguro de decesos. <\/div><\/div><\/div><\/p>\r\n<h3><span class=\"ez-toc-section\" id=\"A_traves_de_la_web_de_Banco_Albacete\"><\/span>A trav\u00e9s de la web de Banco Albacete<span class=\"ez-toc-section-end\"><\/span><\/h3>\r\n<p>Puede decantarse por la posibilidad de acceder a el sitio web www.bancosantander.es\/particulares\/seguros\u00a0y redactar en su buscador lo que desee saber. Entonces, tendr\u00e1 la posibilidad de seleccionar entre diferentes opciones. Elija la m\u00e1s adecuada a sus necesidades y prosiga siguiendo los pasos que se le indiquen. Es muy simple. Si en cualquier instante tiene dudas o no halla esta alternativa, va a tener la posibilidad de contactar con Banco Albacete a trav\u00e9s de su n\u00famero de tel\u00e9fono 915 123 123. Si le aparece, rellenando el formulario o bien descargando el documento que le solicite, va a poder llenar la petici\u00f3n. <div class=\"colorf \"  ><div class=\"container clearfix\"><div class=\"col-md-7\"><\/p>\r\n<h3><span class=\"ez-toc-section\" id=\"Utilizando_el_correo_electronico_de_Banco_Albacete\"><\/span>Utilizando el correo electr\u00f3nico de Banco Albacete<span class=\"ez-toc-section-end\"><\/span><\/h3>\r\n<p>Por e-mail asimismo puedes solicitar la baja de tu seguro de decesos. El proceso es muy sencillo en tanto que solo deber\u00e1s mandar un correo y vas a recibir en pocos minutos una respuesta. Para pedir la solicitud de baja del seguro, tendr\u00e1s que enviar una copia del DNI y el documento firmado con los datos personales donde se detalla el deseo de darse de baja. Esto puedes pedirlo en el 951 127 403 o en el info@idecesos. com. Si no deseas tener inconvenientes, guarda una copia sellada y el justificante. Guarde asimismo una copia de la notificaci\u00f3n con su data de env\u00edo, para quedarse a\u00fan m\u00e1s tranquilos y no puedan ponerle ninguna pega en un futuro, todo por seguridad. <\/div><\/div><\/div><\/p>\r\n<h3><span class=\"ez-toc-section\" id=\"Dar_de_baja_Banco_Albacete_por_fax\"><\/span>Dar de baja Banco Albacete por fax<span class=\"ez-toc-section-end\"><\/span><\/h3>\r\n<p>Otro de los m\u00e9todos para dar de baja tu seguro de decesos es a trav\u00e9s del fax. Su procedimiento es muy parecido al que acabamos de explicar del e mail en tanto que en vez de mandarlo por correo deber\u00e1 hacerlo v\u00eda fax. Tendr\u00e1s que enviarle a tu compa\u00f1\u00eda tanto tu copia del DNI como la notificaci\u00f3n firmada. Si no la encuesta, ll\u00e1menos a este n\u00famero y te la vamos a facilitar 951 127 403. Te recordamos que tendr\u00e1s que guardar la copia sellada y el justificante. Si deseas evitar inconvenientes, te invitamos a guardar asimismo la copia de la notificaci\u00f3n donde se especifique la data de env\u00edo. <div class=\"colorf \"  ><div class=\"container clearfix\"><div class=\"col-md-7\"><\/p>\r\n<h3><span class=\"ez-toc-section\" id=\"En_la_oficina_de_Banco_Albacete\"><\/span>En la oficina de Banco Albacete<span class=\"ez-toc-section-end\"><\/span><\/h3>\r\n<p>Si quieres que los agentes de tu compa\u00f1\u00eda te asesoren, tendr\u00e1s que acudir a la oficina de tu compa\u00f1\u00eda para efectuar los tr\u00e1mites de la baja del seguro de decesos. Esto puede provocar un instante embarazoso para usted y si tiene claro que desea cancelar su contrato va a deber aportar un escrito solicit\u00e1ndolo con copia de su dni y que en la misma oficina le apliquen un sello de entrada con el logo oficial de Banco Albacete y con la data de ese dia. En el momento en que te ponen el sello, se entiende que todos y cada uno de los recibos entregados se han realizado de manera correcta. Para poder realizar esta baja debe haberse realizado un mes antes del vencimiento del contrato. <\/div><\/div><\/div><\/p>\r\n<h3><span class=\"ez-toc-section\" id=\"Telefono_para_dar_de_baja_Banco_Albacete\"><\/span>T\u00e9lefono para dar de baja Banco Albacete<span class=\"ez-toc-section-end\"><\/span><\/h3>\r\n<p>Para darse de baja de su seguro de decesos mediante por tel\u00e9fono tendr\u00e1 que seguir los pasos que el agente de Banco Albacete le vaya diciendo. Por ende, va a poder contactar buscando su n\u00famero de tel\u00e9fono en Internet o, llamando al 915 123 123. En poqu\u00edsimo tiempo, si sigue con exactitud cada paso recomendado, va a tener su contrato de baja apropiadamente cerrado, gracias tambi\u00e9n, a la colaboraci\u00f3n de los expertos para llenar los tr\u00e1mites. <div class=\"colorf \"  ><div class=\"container clearfix\"><div class=\"col-md-7\"><\/p>\r\n<h2><span class=\"ez-toc-section\" id=\"Dar_de_baja_seguro_Banco_Albacete_de_un_fallecido\"><\/span>Dar de baja seguro Banco Albacete de un fallecido<span class=\"ez-toc-section-end\"><\/span><\/h2>\r\n<p>Para terminar, le vamos a dar las claves para que, despu\u00e9s del fallecimiento del asegurado, pueda dar de baja su seguro de decesos. Esta, es la manera m\u00e1s simple de anular el contrato de un seguro de estas caracter\u00edsticas. No deber\u00e1 preocuparse por nada, los especialistas se encargar\u00e1n de todos los tr\u00e1mites. Tras su fallecimiento, su seguro de decesos va a quedar anulado, merced a Banco Albacete. Al prestar su servicio tras el sepelio del usuario, Banco Albacete se encargar\u00e1 de dar de baja a la persona fallecida, por lo que sus familiares no tienen de qu\u00e9 preocuparse, se encargasen de todo y no deber\u00e1n hacer nada al respecto. <\/div><\/div><\/div> <div class=\"oficinas\"> <h3>P\u00e1ginas relacionadas<\/h3><div class=\"enlazado\"><ul> <li><a href=\"https:\/\/idecesos.com\/seguros\/companias\/banco-albacete\/opiniones\/\">Opiniones Banco Albacete<\/a><\/li> <li><a href=\"https:\/\/idecesos.com\/seguros\/companias\/banco-albacete\/precio\/\">Precio seguro Banco Albacete<\/a><\/li> <li><a href=\"https:\/\/idecesos.com\/seguros\/companias\/banco-albacete\/prima-mixta\/\">Banco Albacete Prima Mixta<\/a><\/li> <li><a href=\"https:\/\/idecesos.com\/seguros\/companias\/banco-albacete\/prima-natural\/\">Banco Albacete Prima Natural<\/a><\/li> <li><a href=\"https:\/\/idecesos.com\/seguros\/companias\/banco-albacete\/prima-nivelada\/\">Banco Albacete Prima Nivelada<\/a><\/li> <li><a href=\"https:\/\/idecesos.com\/seguros\/companias\/banco-albacete\/prima-unica\/\">Banco Albacete Prima \u00danica<\/a><\/li> <li><a href=\"https:\/\/idecesos.com\/seguros\/companias\/banco-albacete\/repatriacion\/\">Banco Albacete Repatriaci\u00f3n<\/a><\/li> <li><a href=\"https:\/\/idecesos.com\/seguros\/companias\/banco-albacete\/telefono\/\">Tel\u00e9fono Gratuito Banco Albacete<\/a><\/li><\/ul><\/div> <\/div><\/p>","protected":false},"excerpt":{"rendered":"<p>iDecesos ha trabajado para explicarle c\u00f3mo dar de baja un seguro de decesos. A continuaci\u00f3n, expondremos los pasos que debe proseguir y, no tendr\u00e1 que preocuparse por nada, es sencill\u00edsimo. Gracias a esto, en solo dos minutos tendr\u00e1 la informaci\u00f3n suficiente para poder hacerlo mismo y solucionar el inconveniente que le haya ocasionado. Tambi\u00e9n va&hellip; <\/p>\n","protected":false},"author":1,"featured_media":0,"parent":283,"menu_order":0,"comment_status":"closed","ping_status":"closed","template":"single.php","meta":{"footnotes":""},"class_list":["post-18198","page","type-page","status-publish","hentry"],"yoast_head":"<!-- This site is optimized with the Yoast SEO plugin v27.5 - https:\/\/yoast.com\/product\/yoast-seo-wordpress\/ -->\n<title>\u00bfC\u00f3mo dar de Baja o Cancelar Seguro de Decesos Banco Albacete?<\/title>\n<meta name=\"description\" content=\"Obt\u00e9n aqu\u00ed\u3010c\u00f3mo dar de baja o cancelar seguro de decesos Banco Albacete\u3011Modelo carta, fax, correo electr\u00f3nico (email), tel\u00e9fono gratis.\" \/>\n<meta name=\"robots\" content=\"index, follow, max-snippet:-1, max-image-preview:large, max-video-preview:-1\" \/>\n<link rel=\"canonical\" href=\"https:\/\/idecesos.com\/seguros\/companias\/banco-albacete\/dar-de-baja\/\" \/>\n<meta property=\"og:locale\" content=\"es_ES\" \/>\n<meta property=\"og:type\" content=\"article\" \/>\n<meta property=\"og:title\" content=\"\u00bfC\u00f3mo dar de Baja o Cancelar Seguro de Decesos Banco Albacete?\" \/>\n<meta property=\"og:description\" content=\"Obt\u00e9n aqu\u00ed\u3010c\u00f3mo dar de baja o cancelar seguro de decesos Banco Albacete\u3011Modelo carta, fax, correo electr\u00f3nico (email), tel\u00e9fono gratis.\" \/>\n<meta property=\"og:url\" content=\"https:\/\/idecesos.com\/seguros\/companias\/banco-albacete\/dar-de-baja\/\" \/>\n<meta property=\"article:modified_time\" content=\"2022-01-28T17:57:04+00:00\" \/>\n<meta name=\"twitter:card\" content=\"summary_large_image\" \/>\n<meta name=\"twitter:label1\" content=\"Tiempo de lectura\" \/>\n\t<meta name=\"twitter:data1\" content=\"15 minutos\" \/>\n<script type=\"application\/ld+json\" class=\"yoast-schema-graph\">{\"@context\":\"https:\\\/\\\/schema.org\",\"@graph\":[{\"@type\":\"WebPage\",\"@id\":\"https:\\\/\\\/idecesos.com\\\/seguros\\\/companias\\\/banco-albacete\\\/dar-de-baja\\\/\",\"url\":\"https:\\\/\\\/idecesos.com\\\/seguros\\\/companias\\\/banco-albacete\\\/dar-de-baja\\\/\",\"name\":\"\u00bfC\u00f3mo dar de Baja o Cancelar Seguro de Decesos Banco Albacete?\",\"isPartOf\":{\"@id\":\"https:\\\/\\\/idecesos.com\\\/seguros\\\/#website\"},\"datePublished\":\"2021-12-29T11:53:02+00:00\",\"dateModified\":\"2022-01-28T17:57:04+00:00\",\"description\":\"Obt\u00e9n aqu\u00ed\u3010c\u00f3mo dar de baja o cancelar seguro de decesos Banco Albacete\u3011Modelo carta, fax, correo electr\u00f3nico (email), tel\u00e9fono gratis.\",\"breadcrumb\":{\"@id\":\"https:\\\/\\\/idecesos.com\\\/seguros\\\/companias\\\/banco-albacete\\\/dar-de-baja\\\/#breadcrumb\"},\"inLanguage\":\"es\",\"potentialAction\":[{\"@type\":\"ReadAction\",\"target\":[\"https:\\\/\\\/idecesos.com\\\/seguros\\\/companias\\\/banco-albacete\\\/dar-de-baja\\\/\"]}]},{\"@type\":\"BreadcrumbList\",\"@id\":\"https:\\\/\\\/idecesos.com\\\/seguros\\\/companias\\\/banco-albacete\\\/dar-de-baja\\\/#breadcrumb\",\"itemListElement\":[{\"@type\":\"ListItem\",\"position\":1,\"name\":\"Portada\",\"item\":\"https:\\\/\\\/idecesos.com\\\/seguros\\\/\"},{\"@type\":\"ListItem\",\"position\":2,\"name\":\"Compa\u00f1\u00edas de Seguros de Decesos en Espa\u00f1a\",\"item\":\"https:\\\/\\\/idecesos.com\\\/seguros\\\/companias\\\/\"},{\"@type\":\"ListItem\",\"position\":3,\"name\":\"Seguro de decesos Banco Albacete\",\"item\":\"https:\\\/\\\/idecesos.com\\\/seguros\\\/companias\\\/banco-albacete\\\/\"},{\"@type\":\"ListItem\",\"position\":4,\"name\":\"\u00bfC\u00f3mo dar de baja seguro Banco Albacete?\"}]},{\"@type\":\"WebSite\",\"@id\":\"https:\\\/\\\/idecesos.com\\\/seguros\\\/#website\",\"url\":\"https:\\\/\\\/idecesos.com\\\/seguros\\\/\",\"name\":\"\",\"description\":\"\",\"potentialAction\":[{\"@type\":\"SearchAction\",\"target\":{\"@type\":\"EntryPoint\",\"urlTemplate\":\"https:\\\/\\\/idecesos.com\\\/seguros\\\/?s={search_term_string}\"},\"query-input\":{\"@type\":\"PropertyValueSpecification\",\"valueRequired\":true,\"valueName\":\"search_term_string\"}}],\"inLanguage\":\"es\"}]}<\/script>\n<!-- \/ Yoast SEO plugin. -->","yoast_head_json":{"title":"\u00bfC\u00f3mo dar de Baja o Cancelar Seguro de Decesos Banco Albacete?","description":"Obt\u00e9n aqu\u00ed\u3010c\u00f3mo dar de baja o cancelar seguro de decesos Banco Albacete\u3011Modelo carta, fax, correo electr\u00f3nico (email), tel\u00e9fono gratis.","robots":{"index":"index","follow":"follow","max-snippet":"max-snippet:-1","max-image-preview":"max-image-preview:large","max-video-preview":"max-video-preview:-1"},"canonical":"https:\/\/idecesos.com\/seguros\/companias\/banco-albacete\/dar-de-baja\/","og_locale":"es_ES","og_type":"article","og_title":"\u00bfC\u00f3mo dar de Baja o Cancelar Seguro de Decesos Banco Albacete?","og_description":"Obt\u00e9n aqu\u00ed\u3010c\u00f3mo dar de baja o cancelar seguro de decesos Banco Albacete\u3011Modelo carta, fax, correo electr\u00f3nico (email), tel\u00e9fono gratis.","og_url":"https:\/\/idecesos.com\/seguros\/companias\/banco-albacete\/dar-de-baja\/","article_modified_time":"2022-01-28T17:57:04+00:00","twitter_card":"summary_large_image","twitter_misc":{"Tiempo de lectura":"15 minutos"},"schema":{"@context":"https:\/\/schema.org","@graph":[{"@type":"WebPage","@id":"https:\/\/idecesos.com\/seguros\/companias\/banco-albacete\/dar-de-baja\/","url":"https:\/\/idecesos.com\/seguros\/companias\/banco-albacete\/dar-de-baja\/","name":"\u00bfC\u00f3mo dar de Baja o Cancelar Seguro de Decesos Banco Albacete?","isPartOf":{"@id":"https:\/\/idecesos.com\/seguros\/#website"},"datePublished":"2021-12-29T11:53:02+00:00","dateModified":"2022-01-28T17:57:04+00:00","description":"Obt\u00e9n aqu\u00ed\u3010c\u00f3mo dar de baja o cancelar seguro de decesos Banco Albacete\u3011Modelo carta, fax, correo electr\u00f3nico (email), tel\u00e9fono gratis.","breadcrumb":{"@id":"https:\/\/idecesos.com\/seguros\/companias\/banco-albacete\/dar-de-baja\/#breadcrumb"},"inLanguage":"es","potentialAction":[{"@type":"ReadAction","target":["https:\/\/idecesos.com\/seguros\/companias\/banco-albacete\/dar-de-baja\/"]}]},{"@type":"BreadcrumbList","@id":"https:\/\/idecesos.com\/seguros\/companias\/banco-albacete\/dar-de-baja\/#breadcrumb","itemListElement":[{"@type":"ListItem","position":1,"name":"Portada","item":"https:\/\/idecesos.com\/seguros\/"},{"@type":"ListItem","position":2,"name":"Compa\u00f1\u00edas de Seguros de Decesos en Espa\u00f1a","item":"https:\/\/idecesos.com\/seguros\/companias\/"},{"@type":"ListItem","position":3,"name":"Seguro de decesos Banco Albacete","item":"https:\/\/idecesos.com\/seguros\/companias\/banco-albacete\/"},{"@type":"ListItem","position":4,"name":"\u00bfC\u00f3mo dar de baja seguro Banco Albacete?"}]},{"@type":"WebSite","@id":"https:\/\/idecesos.com\/seguros\/#website","url":"https:\/\/idecesos.com\/seguros\/","name":"","description":"","potentialAction":[{"@type":"SearchAction","target":{"@type":"EntryPoint","urlTemplate":"https:\/\/idecesos.com\/seguros\/?s={search_term_string}"},"query-input":{"@type":"PropertyValueSpecification","valueRequired":true,"valueName":"search_term_string"}}],"inLanguage":"es"}]}},"_links":{"self":[{"href":"https:\/\/idecesos.com\/seguros\/wp-json\/wp\/v2\/pages\/18198","targetHints":{"allow":["GET"]}}],"collection":[{"href":"https:\/\/idecesos.com\/seguros\/wp-json\/wp\/v2\/pages"}],"about":[{"href":"https:\/\/idecesos.com\/seguros\/wp-json\/wp\/v2\/types\/page"}],"author":[{"embeddable":true,"href":"https:\/\/idecesos.com\/seguros\/wp-json\/wp\/v2\/users\/1"}],"replies":[{"embeddable":true,"href":"https:\/\/idecesos.com\/seguros\/wp-json\/wp\/v2\/comments?post=18198"}],"version-history":[{"count":2,"href":"https:\/\/idecesos.com\/seguros\/wp-json\/wp\/v2\/pages\/18198\/revisions"}],"predecessor-version":[{"id":19112,"href":"https:\/\/idecesos.com\/seguros\/wp-json\/wp\/v2\/pages\/18198\/revisions\/19112"}],"up":[{"embeddable":true,"href":"https:\/\/idecesos.com\/seguros\/wp-json\/wp\/v2\/pages\/283"}],"wp:attachment":[{"href":"https:\/\/idecesos.com\/seguros\/wp-json\/wp\/v2\/media?parent=18198"}],"curies":[{"name":"wp","href":"https:\/\/api.w.org\/{rel}","templated":true}]}}