{"id":18199,"date":"2021-12-29T11:53:02","date_gmt":"2021-12-29T11:53:02","guid":{"rendered":"https:\/\/idecesos.com\/seguros\/companias\/banco-inversis\/dar-de-baja\/"},"modified":"2022-01-28T17:50:28","modified_gmt":"2022-01-28T17:50:28","slug":"dar-de-baja","status":"publish","type":"page","link":"https:\/\/idecesos.com\/seguros\/companias\/banco-inversis\/dar-de-baja\/","title":{"rendered":"\u00bfC\u00f3mo dar de baja seguro Banco Inversis?"},"content":{"rendered":"<div id=\"ez-toc-container\" class=\"ez-toc-v2_0_82_2 ez-toc-wrap-center counter-hierarchy ez-toc-counter ez-toc-custom ez-toc-container-direction\">\n<div class=\"ez-toc-title-container\">\n<p class=\"ez-toc-title\" style=\"cursor:inherit\">Tabla de Contenido<\/p>\n<span class=\"ez-toc-title-toggle\"><a href=\"#\" class=\"ez-toc-pull-right ez-toc-btn ez-toc-btn-xs ez-toc-btn-default ez-toc-toggle\" aria-label=\"Alternar tabla de contenidos\"><span class=\"ez-toc-js-icon-con\"><span class=\"\"><span class=\"eztoc-hide\" style=\"display:none;\">Toggle<\/span><span class=\"ez-toc-icon-toggle-span\"><svg style=\"fill: #db6415;color:#db6415\" xmlns=\"http:\/\/www.w3.org\/2000\/svg\" class=\"list-377408\" width=\"20px\" height=\"20px\" viewBox=\"0 0 24 24\" fill=\"none\"><path d=\"M6 6H4v2h2V6zm14 0H8v2h12V6zM4 11h2v2H4v-2zm16 0H8v2h12v-2zM4 16h2v2H4v-2zm16 0H8v2h12v-2z\" fill=\"currentColor\"><\/path><\/svg><svg style=\"fill: #db6415;color:#db6415\" class=\"arrow-unsorted-368013\" xmlns=\"http:\/\/www.w3.org\/2000\/svg\" width=\"10px\" height=\"10px\" viewBox=\"0 0 24 24\" version=\"1.2\" baseProfile=\"tiny\"><path d=\"M18.2 9.3l-6.2-6.3-6.2 6.3c-.2.2-.3.4-.3.7s.1.5.3.7c.2.2.4.3.7.3h11c.3 0 .5-.1.7-.3.2-.2.3-.5.3-.7s-.1-.5-.3-.7zM5.8 14.7l6.2 6.3 6.2-6.3c.2-.2.3-.5.3-.7s-.1-.5-.3-.7c-.2-.2-.4-.3-.7-.3h-11c-.3 0-.5.1-.7.3-.2.2-.3.5-.3.7s.1.5.3.7z\"\/><\/svg><\/span><\/span><\/span><\/a><\/span><\/div>\n<nav><ul class='ez-toc-list ez-toc-list-level-1 ' ><li class='ez-toc-page-1 ez-toc-heading-level-2'><a class=\"ez-toc-link ez-toc-heading-1\" href=\"https:\/\/idecesos.com\/seguros\/companias\/banco-inversis\/dar-de-baja\/#Diferentes_opciones_para_cancelar_un_contrato_con_Banco_Inversis\" >Diferentes opciones para cancelar un contrato con Banco Inversis<\/a><ul class='ez-toc-list-level-3' ><li class='ez-toc-heading-level-3'><a class=\"ez-toc-link ez-toc-heading-2\" href=\"https:\/\/idecesos.com\/seguros\/companias\/banco-inversis\/dar-de-baja\/#A_traves_de_la_web_de_Banco_Inversis\" >A trav\u00e9s de la web de Banco Inversis<\/a><\/li><li class='ez-toc-page-1 ez-toc-heading-level-3'><a class=\"ez-toc-link ez-toc-heading-3\" href=\"https:\/\/idecesos.com\/seguros\/companias\/banco-inversis\/dar-de-baja\/#Utilizando_el_correo_electronico_de_Banco_Inversis\" >Utilizando el correo electr\u00f3nico de Banco Inversis<\/a><\/li><li class='ez-toc-page-1 ez-toc-heading-level-3'><a class=\"ez-toc-link ez-toc-heading-4\" href=\"https:\/\/idecesos.com\/seguros\/companias\/banco-inversis\/dar-de-baja\/#Dar_de_baja_Banco_Inversis_por_fax\" >Dar de baja Banco Inversis por fax<\/a><\/li><li class='ez-toc-page-1 ez-toc-heading-level-3'><a class=\"ez-toc-link ez-toc-heading-5\" href=\"https:\/\/idecesos.com\/seguros\/companias\/banco-inversis\/dar-de-baja\/#En_la_oficina_de_Banco_Inversis\" >En la oficina de Banco Inversis<\/a><\/li><li class='ez-toc-page-1 ez-toc-heading-level-3'><a class=\"ez-toc-link ez-toc-heading-6\" href=\"https:\/\/idecesos.com\/seguros\/companias\/banco-inversis\/dar-de-baja\/#Telefono_para_dar_de_baja_Banco_Inversis\" >T\u00e9lefono para dar de baja Banco Inversis<\/a><\/li><\/ul><\/li><li class='ez-toc-page-1 ez-toc-heading-level-2'><a class=\"ez-toc-link ez-toc-heading-7\" href=\"https:\/\/idecesos.com\/seguros\/companias\/banco-inversis\/dar-de-baja\/#Dar_de_baja_seguro_Banco_Inversis_de_un_fallecido\" >Dar de baja seguro Banco Inversis de un fallecido<\/a><ul class='ez-toc-list-level-3' ><li class='ez-toc-heading-level-3'><a class=\"ez-toc-link ez-toc-heading-8\" href=\"https:\/\/idecesos.com\/seguros\/companias\/banco-inversis\/dar-de-baja\/#Paginas_relacionadas\" >P\u00e1ginas relacionadas<\/a><\/li><\/ul><\/li><\/ul><\/nav><\/div>\n<p> En este apartado, vamos a mostrarte los pasos para anular tu seguro de fallecimiento. Si consideras que dar de baja el seguro de decesos es complicado, en esta p\u00e1gina vamos a explic\u00e1rtelo de la manera m\u00e1s f\u00e1cil posible. Ahora, vas a localizar de forma detallada los pasos que tienes llevar a cabo y las formas que tienes para darte de baja. Gracias a esto, en tan solo unos minutos tendr\u00e1 toda la informaci\u00f3n suficiente para que pueda seleccionar que opci\u00f3n tomar y dar de baja mismo su seguro de decesos. Le recomendamos que no se quede con un seguro de este g\u00e9nero puesto que en el futuro va a ser importante tener ese instante de su vida asegurado, por su tranquilidad y por la de sus familiares o bien amigos. <div class=\"colorf \"  ><div class=\"container clearfix\"><div class=\"col-md-7\"><\/p>\r\n<h2><span class=\"ez-toc-section\" id=\"Diferentes_opciones_para_cancelar_un_contrato_con_Banco_Inversis\"><\/span>Diferentes opciones para cancelar un contrato con Banco Inversis<span class=\"ez-toc-section-end\"><\/span><\/h2>\r\n<!-- \/wp:post-content -->\r\n\r\n<!-- wp:paragraph -->\r\n<p>Cada una de las distintas compa\u00f1\u00edas aseguradoras trabajan de forma diferente aunque en casi todas se les solicita a los clientes del servicio que avisen su deseo de darse de baja del seguro. Si desea conseguir el documento que acabamos de nombrar, contacte con nosotros por medio de nuestro n\u00famero de tel\u00e9fono 951 127 403 o bien por nuestro correo electr\u00f3nico info@idecesos. com. Puedes decantarse por enviar una carta certificada con el deseo expreso de anular el contrato con la aseguradora de decesos. Debes guardar el resguardo y hacerle una copia para una mayor seguridad. El m\u00e9todo anteriormente nombrado es uno de los m\u00e1s frecuentes. Sin embargo, puedes emplear otros diferentes para dar de baja tu seguro de decesos. <\/div><\/div><\/div><\/p>\r\n<h3><span class=\"ez-toc-section\" id=\"A_traves_de_la_web_de_Banco_Inversis\"><\/span>A trav\u00e9s de la web de Banco Inversis<span class=\"ez-toc-section-end\"><\/span><\/h3>\r\n<p>A trav\u00e9s de la web <strong>www.inversis.com\/<\/strong> de Banco Inversis, tambi\u00e9n podr\u00e1 dar de baja su seguro. Solo deber\u00e1s consultar al buscador de su web lo que desees saber o, entrar en su secci\u00f3n de bajas. Seguidamente, va a tener la posibilidad de rellenar un formulario o bien descargar el documento para su baja. Puede llamar al n\u00famero 902 255 256\u00a0o bien enviar un correo a esta direcci\u00f3n email Banco Inversis, si ocurre alguna incidencia en el proceso. Por el contrario, si sale todo bien, va a recibir de manera instant\u00e1nea un correo por parte de la compa\u00f1\u00eda, con la confirmaci\u00f3n de baja de su seguro. <div class=\"colorf \"  ><div class=\"container clearfix\"><div class=\"col-md-7\"><\/p>\r\n<h3><span class=\"ez-toc-section\" id=\"Utilizando_el_correo_electronico_de_Banco_Inversis\"><\/span>Utilizando el correo electr\u00f3nico de Banco Inversis<span class=\"ez-toc-section-end\"><\/span><\/h3>\r\n<p>Otro m\u00e9todo para darse de baja del seguro de decesos de Banco Inversis es por medio de su mail. Tendr\u00e1 la soluci\u00f3n usando el apartado de correo email Banco Inversis de la compa\u00f1\u00eda. Le se\u00f1alamos que, debe enviar los siguientes documentos a Banco Inversis: una imitaci\u00f3n de su DNI y, la notificaci\u00f3n firmada por usted y, si no la tiene, puede hallarla en la p\u00e1gina web de la compa\u00f1\u00eda o mismos se la daremos, mediante el n\u00famero 951 127 403 o el correo info@idecesos. com. Es necesario que tenga un justificante del recibo y, una copia sellada, para una adecuada ejecuci\u00f3n. Para su tranquilidad, guarde una copia de la notificaci\u00f3n, en la que aparezca la fecha de env\u00edo. <\/div><\/div><\/div><\/p>\r\n<h3><span class=\"ez-toc-section\" id=\"Dar_de_baja_Banco_Inversis_por_fax\"><\/span>Dar de baja Banco Inversis por fax<span class=\"ez-toc-section-end\"><\/span><\/h3>\r\n<p>Fax, es otra de las posibilidades para darse de baja. Se semeja a la opci\u00f3n del mensaje por correo. Para realizar el env\u00edo, debe seguir los mismos pasos que de forma digital. Debe enviar una imitaci\u00f3n de su documento de identidad y, la notificaci\u00f3n con su firma, que va a poder encontrarla en la web de la compa\u00f1\u00eda o, si lo prefiere, se la podemos facilitar , a trav\u00e9s del t\u00e9lefono de contacto 902 255 256. Le recordamos que debe guardar una copia sellada y tener un justificante de su recibo. Para prevenir futuras incidencias, tenga a buen recaudo la copia de la notificaci\u00f3n, con su data de env\u00edo correcta. <div class=\"colorf \"  ><div class=\"container clearfix\"><div class=\"col-md-7\"><\/p>\r\n<h3><span class=\"ez-toc-section\" id=\"En_la_oficina_de_Banco_Inversis\"><\/span>En la oficina de Banco Inversis<span class=\"ez-toc-section-end\"><\/span><\/h3>\r\n<p>Existen a\u00fan otros m\u00e9todos por si acaso no eres un buen amigo de las tecnolog\u00edas. La manera m\u00e1s r\u00e1pida para dar de baja tu seguro es acudiendo a tu oficina. En la red de redes vas a poder encontrar cu\u00e1l es la oficina m\u00e1s cercana a ti a fin de que puedas dar de baja tu seguro de decesos. No olvides ir a tu oficina en los horarios indicados y si es necesario, pide cita. Para conseguir la baja de tu seguro de decesos, solo tendr\u00e1s que proseguirse los pasos que se te se\u00f1alan. <\/div><\/div><\/div><\/p>\r\n<h3><span class=\"ez-toc-section\" id=\"Telefono_para_dar_de_baja_Banco_Inversis\"><\/span>T\u00e9lefono para dar de baja Banco Inversis<span class=\"ez-toc-section-end\"><\/span><\/h3>\r\n<p>La v\u00eda telef\u00f3nica tambi\u00e9n es una alternativa para darse de baja. Ll\u00e1manos al 902 255 256\u00a0para darte m\u00e1s informaci\u00f3n sobre de qu\u00e9 forma puedes solicitar la baja o bien contacta con tu empresa aseguradora tras encontrar su tel\u00e9fono en internet. Para resolver tus dudas, un agente se va a poner en contacto contigo y de este modo poder ayudarte de una forma totalmente adaptada. Tras las indicaciones del agente, este se ocupar\u00e1 de solucionar todas las cuestiones a fin de que puedes dar de baja tu seguro de decesos. No es conveniente continuar sin un seguro de decesos puesto que este te dejar\u00e1 estar mucho m\u00e1s sosegado. Puedes optar por emplear nuestro comparador en iDecesos para saber cu\u00e1l es el mejor seguro para ti. <div class=\"colorf \"  ><div class=\"container clearfix\"><div class=\"col-md-7\"><\/p>\r\n<h2><span class=\"ez-toc-section\" id=\"Dar_de_baja_seguro_Banco_Inversis_de_un_fallecido\"><\/span>Dar de baja seguro Banco Inversis de un fallecido<span class=\"ez-toc-section-end\"><\/span><\/h2>\r\n<p>Si no conoces c\u00f3mo puedes dar de baja tu seguro tras el fallecimiento del asegurado, te lo explicaremos. Es mucho m\u00e1s simple de lo que piensas, con lo que no tendr\u00e1s que preocuparte por nada. Es la propia compa\u00f1\u00eda aseguradora la que proceder\u00e1 a dar la baja del seguro de decesos de la persona asegurada tras su fallecimiento. <\/div><\/div><\/div> <div class=\"oficinas\"> <h3><span class=\"ez-toc-section\" id=\"Paginas_relacionadas\"><\/span>P\u00e1ginas relacionadas<span class=\"ez-toc-section-end\"><\/span><\/h3><div class=\"enlazado\"><ul> <li><a href=\"https:\/\/idecesos.com\/seguros\/companias\/banco-inversis\/opiniones\/\">Opiniones Banco Inversis<\/a><\/li> <li><a href=\"https:\/\/idecesos.com\/seguros\/companias\/banco-inversis\/precio\/\">Precio seguro Banco Inversis<\/a><\/li> <li><a href=\"https:\/\/idecesos.com\/seguros\/companias\/banco-inversis\/prima-mixta\/\">Banco Inversis Prima Mixta<\/a><\/li> <li><a href=\"https:\/\/idecesos.com\/seguros\/companias\/banco-inversis\/prima-natural\/\">Banco Inversis Prima Natural<\/a><\/li> <li><a href=\"https:\/\/idecesos.com\/seguros\/companias\/banco-inversis\/prima-nivelada\/\">Banco Inversis Prima Nivelada<\/a><\/li> <li><a href=\"https:\/\/idecesos.com\/seguros\/companias\/banco-inversis\/prima-unica\/\">Banco Inversis Prima \u00danica<\/a><\/li> <li><a href=\"https:\/\/idecesos.com\/seguros\/companias\/banco-inversis\/repatriacion\/\">Banco Inversis Repatriaci\u00f3n<\/a><\/li> <li><a href=\"https:\/\/idecesos.com\/seguros\/companias\/banco-inversis\/telefono\/\">Tel\u00e9fono Gratuito Banco Inversis<\/a><\/li><\/ul><\/div> <\/div><\/p>","protected":false},"excerpt":{"rendered":"<p>En este apartado, vamos a mostrarte los pasos para anular tu seguro de fallecimiento. Si consideras que dar de baja el seguro de decesos es complicado, en esta p\u00e1gina vamos a explic\u00e1rtelo de la manera m\u00e1s f\u00e1cil posible. Ahora, vas a localizar de forma detallada los pasos que tienes llevar a cabo y las formas&hellip; <\/p>\n","protected":false},"author":1,"featured_media":0,"parent":290,"menu_order":0,"comment_status":"closed","ping_status":"closed","template":"single.php","meta":{"footnotes":""},"class_list":["post-18199","page","type-page","status-publish","hentry"],"yoast_head":"<!-- This site is optimized with the Yoast SEO plugin v27.3 - https:\/\/yoast.com\/product\/yoast-seo-wordpress\/ -->\n<title>\u00bfC\u00f3mo dar de Baja o Cancelar Seguro de Decesos Banco Inversis?<\/title>\n<meta name=\"description\" content=\"Obt\u00e9n aqu\u00ed\u3010c\u00f3mo dar de baja o cancelar seguro de decesos Banco Inversis\u3011Modelo carta, fax, correo electr\u00f3nico (email), tel\u00e9fono gratis.\" \/>\n<meta name=\"robots\" content=\"index, follow, max-snippet:-1, max-image-preview:large, max-video-preview:-1\" \/>\n<link rel=\"canonical\" href=\"https:\/\/idecesos.com\/seguros\/companias\/banco-inversis\/dar-de-baja\/\" \/>\n<meta property=\"og:locale\" content=\"es_ES\" \/>\n<meta property=\"og:type\" content=\"article\" \/>\n<meta property=\"og:title\" content=\"\u00bfC\u00f3mo dar de Baja o Cancelar Seguro de Decesos Banco Inversis?\" \/>\n<meta property=\"og:description\" content=\"Obt\u00e9n aqu\u00ed\u3010c\u00f3mo dar de baja o cancelar seguro de decesos Banco Inversis\u3011Modelo carta, fax, correo electr\u00f3nico (email), tel\u00e9fono gratis.\" \/>\n<meta property=\"og:url\" content=\"https:\/\/idecesos.com\/seguros\/companias\/banco-inversis\/dar-de-baja\/\" \/>\n<meta property=\"article:modified_time\" content=\"2022-01-28T17:50:28+00:00\" \/>\n<meta name=\"twitter:card\" content=\"summary_large_image\" \/>\n<meta name=\"twitter:label1\" content=\"Tiempo de lectura\" \/>\n\t<meta name=\"twitter:data1\" content=\"5 minutos\" \/>\n<script type=\"application\/ld+json\" class=\"yoast-schema-graph\">{\"@context\":\"https:\\\/\\\/schema.org\",\"@graph\":[{\"@type\":\"WebPage\",\"@id\":\"https:\\\/\\\/idecesos.com\\\/seguros\\\/companias\\\/banco-inversis\\\/dar-de-baja\\\/\",\"url\":\"https:\\\/\\\/idecesos.com\\\/seguros\\\/companias\\\/banco-inversis\\\/dar-de-baja\\\/\",\"name\":\"\u00bfC\u00f3mo dar de Baja o Cancelar Seguro de Decesos Banco Inversis?\",\"isPartOf\":{\"@id\":\"https:\\\/\\\/idecesos.com\\\/seguros\\\/#website\"},\"datePublished\":\"2021-12-29T11:53:02+00:00\",\"dateModified\":\"2022-01-28T17:50:28+00:00\",\"description\":\"Obt\u00e9n aqu\u00ed\u3010c\u00f3mo dar de baja o cancelar seguro de decesos Banco Inversis\u3011Modelo carta, fax, correo electr\u00f3nico (email), tel\u00e9fono gratis.\",\"breadcrumb\":{\"@id\":\"https:\\\/\\\/idecesos.com\\\/seguros\\\/companias\\\/banco-inversis\\\/dar-de-baja\\\/#breadcrumb\"},\"inLanguage\":\"es\",\"potentialAction\":[{\"@type\":\"ReadAction\",\"target\":[\"https:\\\/\\\/idecesos.com\\\/seguros\\\/companias\\\/banco-inversis\\\/dar-de-baja\\\/\"]}]},{\"@type\":\"BreadcrumbList\",\"@id\":\"https:\\\/\\\/idecesos.com\\\/seguros\\\/companias\\\/banco-inversis\\\/dar-de-baja\\\/#breadcrumb\",\"itemListElement\":[{\"@type\":\"ListItem\",\"position\":1,\"name\":\"Portada\",\"item\":\"https:\\\/\\\/idecesos.com\\\/seguros\\\/\"},{\"@type\":\"ListItem\",\"position\":2,\"name\":\"Compa\u00f1\u00edas de Seguros de Decesos en Espa\u00f1a\",\"item\":\"https:\\\/\\\/idecesos.com\\\/seguros\\\/companias\\\/\"},{\"@type\":\"ListItem\",\"position\":3,\"name\":\"Seguro de decesos Banco Inversis\",\"item\":\"https:\\\/\\\/idecesos.com\\\/seguros\\\/companias\\\/banco-inversis\\\/\"},{\"@type\":\"ListItem\",\"position\":4,\"name\":\"\u00bfC\u00f3mo dar de baja seguro Banco Inversis?\"}]},{\"@type\":\"WebSite\",\"@id\":\"https:\\\/\\\/idecesos.com\\\/seguros\\\/#website\",\"url\":\"https:\\\/\\\/idecesos.com\\\/seguros\\\/\",\"name\":\"\",\"description\":\"\",\"potentialAction\":[{\"@type\":\"SearchAction\",\"target\":{\"@type\":\"EntryPoint\",\"urlTemplate\":\"https:\\\/\\\/idecesos.com\\\/seguros\\\/?s={search_term_string}\"},\"query-input\":{\"@type\":\"PropertyValueSpecification\",\"valueRequired\":true,\"valueName\":\"search_term_string\"}}],\"inLanguage\":\"es\"}]}<\/script>\n<!-- \/ Yoast SEO plugin. -->","yoast_head_json":{"title":"\u00bfC\u00f3mo dar de Baja o Cancelar Seguro de Decesos Banco Inversis?","description":"Obt\u00e9n aqu\u00ed\u3010c\u00f3mo dar de baja o cancelar seguro de decesos Banco Inversis\u3011Modelo carta, fax, correo electr\u00f3nico (email), tel\u00e9fono gratis.","robots":{"index":"index","follow":"follow","max-snippet":"max-snippet:-1","max-image-preview":"max-image-preview:large","max-video-preview":"max-video-preview:-1"},"canonical":"https:\/\/idecesos.com\/seguros\/companias\/banco-inversis\/dar-de-baja\/","og_locale":"es_ES","og_type":"article","og_title":"\u00bfC\u00f3mo dar de Baja o Cancelar Seguro de Decesos Banco Inversis?","og_description":"Obt\u00e9n aqu\u00ed\u3010c\u00f3mo dar de baja o cancelar seguro de decesos Banco Inversis\u3011Modelo carta, fax, correo electr\u00f3nico (email), tel\u00e9fono gratis.","og_url":"https:\/\/idecesos.com\/seguros\/companias\/banco-inversis\/dar-de-baja\/","article_modified_time":"2022-01-28T17:50:28+00:00","twitter_card":"summary_large_image","twitter_misc":{"Tiempo de lectura":"5 minutos"},"schema":{"@context":"https:\/\/schema.org","@graph":[{"@type":"WebPage","@id":"https:\/\/idecesos.com\/seguros\/companias\/banco-inversis\/dar-de-baja\/","url":"https:\/\/idecesos.com\/seguros\/companias\/banco-inversis\/dar-de-baja\/","name":"\u00bfC\u00f3mo dar de Baja o Cancelar Seguro de Decesos Banco Inversis?","isPartOf":{"@id":"https:\/\/idecesos.com\/seguros\/#website"},"datePublished":"2021-12-29T11:53:02+00:00","dateModified":"2022-01-28T17:50:28+00:00","description":"Obt\u00e9n aqu\u00ed\u3010c\u00f3mo dar de baja o cancelar seguro de decesos Banco Inversis\u3011Modelo carta, fax, correo electr\u00f3nico (email), tel\u00e9fono gratis.","breadcrumb":{"@id":"https:\/\/idecesos.com\/seguros\/companias\/banco-inversis\/dar-de-baja\/#breadcrumb"},"inLanguage":"es","potentialAction":[{"@type":"ReadAction","target":["https:\/\/idecesos.com\/seguros\/companias\/banco-inversis\/dar-de-baja\/"]}]},{"@type":"BreadcrumbList","@id":"https:\/\/idecesos.com\/seguros\/companias\/banco-inversis\/dar-de-baja\/#breadcrumb","itemListElement":[{"@type":"ListItem","position":1,"name":"Portada","item":"https:\/\/idecesos.com\/seguros\/"},{"@type":"ListItem","position":2,"name":"Compa\u00f1\u00edas de Seguros de Decesos en Espa\u00f1a","item":"https:\/\/idecesos.com\/seguros\/companias\/"},{"@type":"ListItem","position":3,"name":"Seguro de decesos Banco Inversis","item":"https:\/\/idecesos.com\/seguros\/companias\/banco-inversis\/"},{"@type":"ListItem","position":4,"name":"\u00bfC\u00f3mo dar de baja seguro Banco Inversis?"}]},{"@type":"WebSite","@id":"https:\/\/idecesos.com\/seguros\/#website","url":"https:\/\/idecesos.com\/seguros\/","name":"","description":"","potentialAction":[{"@type":"SearchAction","target":{"@type":"EntryPoint","urlTemplate":"https:\/\/idecesos.com\/seguros\/?s={search_term_string}"},"query-input":{"@type":"PropertyValueSpecification","valueRequired":true,"valueName":"search_term_string"}}],"inLanguage":"es"}]}},"_links":{"self":[{"href":"https:\/\/idecesos.com\/seguros\/wp-json\/wp\/v2\/pages\/18199","targetHints":{"allow":["GET"]}}],"collection":[{"href":"https:\/\/idecesos.com\/seguros\/wp-json\/wp\/v2\/pages"}],"about":[{"href":"https:\/\/idecesos.com\/seguros\/wp-json\/wp\/v2\/types\/page"}],"author":[{"embeddable":true,"href":"https:\/\/idecesos.com\/seguros\/wp-json\/wp\/v2\/users\/1"}],"replies":[{"embeddable":true,"href":"https:\/\/idecesos.com\/seguros\/wp-json\/wp\/v2\/comments?post=18199"}],"version-history":[{"count":2,"href":"https:\/\/idecesos.com\/seguros\/wp-json\/wp\/v2\/pages\/18199\/revisions"}],"predecessor-version":[{"id":19108,"href":"https:\/\/idecesos.com\/seguros\/wp-json\/wp\/v2\/pages\/18199\/revisions\/19108"}],"up":[{"embeddable":true,"href":"https:\/\/idecesos.com\/seguros\/wp-json\/wp\/v2\/pages\/290"}],"wp:attachment":[{"href":"https:\/\/idecesos.com\/seguros\/wp-json\/wp\/v2\/media?parent=18199"}],"curies":[{"name":"wp","href":"https:\/\/api.w.org\/{rel}","templated":true}]}}