{"id":18201,"date":"2021-12-29T11:53:03","date_gmt":"2021-12-29T11:53:03","guid":{"rendered":"https:\/\/idecesos.com\/seguros\/companias\/mapfre\/dar-de-baja\/"},"modified":"2022-04-05T11:10:40","modified_gmt":"2022-04-05T11:10:40","slug":"dar-de-baja","status":"publish","type":"page","link":"https:\/\/idecesos.com\/seguros\/companias\/mapfre\/dar-de-baja\/","title":{"rendered":"\u00bfC\u00f3mo dar de baja seguro Mapfre?"},"content":{"rendered":"<div id=\"ez-toc-container\" class=\"ez-toc-v2_0_82_2 ez-toc-wrap-center counter-hierarchy ez-toc-counter ez-toc-custom ez-toc-container-direction\">\n<div class=\"ez-toc-title-container\">\n<p class=\"ez-toc-title\" style=\"cursor:inherit\">Tabla de Contenido<\/p>\n<span class=\"ez-toc-title-toggle\"><a href=\"#\" class=\"ez-toc-pull-right ez-toc-btn ez-toc-btn-xs ez-toc-btn-default ez-toc-toggle\" aria-label=\"Alternar tabla de contenidos\"><span class=\"ez-toc-js-icon-con\"><span class=\"\"><span class=\"eztoc-hide\" style=\"display:none;\">Toggle<\/span><span class=\"ez-toc-icon-toggle-span\"><svg style=\"fill: #db6415;color:#db6415\" xmlns=\"http:\/\/www.w3.org\/2000\/svg\" class=\"list-377408\" width=\"20px\" height=\"20px\" viewBox=\"0 0 24 24\" fill=\"none\"><path d=\"M6 6H4v2h2V6zm14 0H8v2h12V6zM4 11h2v2H4v-2zm16 0H8v2h12v-2zM4 16h2v2H4v-2zm16 0H8v2h12v-2z\" fill=\"currentColor\"><\/path><\/svg><svg style=\"fill: #db6415;color:#db6415\" class=\"arrow-unsorted-368013\" xmlns=\"http:\/\/www.w3.org\/2000\/svg\" width=\"10px\" height=\"10px\" viewBox=\"0 0 24 24\" version=\"1.2\" baseProfile=\"tiny\"><path d=\"M18.2 9.3l-6.2-6.3-6.2 6.3c-.2.2-.3.4-.3.7s.1.5.3.7c.2.2.4.3.7.3h11c.3 0 .5-.1.7-.3.2-.2.3-.5.3-.7s-.1-.5-.3-.7zM5.8 14.7l6.2 6.3 6.2-6.3c.2-.2.3-.5.3-.7s-.1-.5-.3-.7c-.2-.2-.4-.3-.7-.3h-11c-.3 0-.5.1-.7.3-.2.2-.3.5-.3.7s.1.5.3.7z\"\/><\/svg><\/span><\/span><\/span><\/a><\/span><\/div>\n<nav><ul class='ez-toc-list ez-toc-list-level-1 ' ><li class='ez-toc-page-1 ez-toc-heading-level-2'><a class=\"ez-toc-link ez-toc-heading-1\" href=\"https:\/\/idecesos.com\/seguros\/companias\/mapfre\/dar-de-baja\/#Diferentes_opciones_para_cancelar_un_contrato_con_Mapfre\" >Diferentes opciones para cancelar un contrato con Mapfre<\/a><ul class='ez-toc-list-level-3' ><li class='ez-toc-heading-level-3'><a class=\"ez-toc-link ez-toc-heading-2\" href=\"https:\/\/idecesos.com\/seguros\/companias\/mapfre\/dar-de-baja\/#A_traves_de_la_web_de_Mapfre\" >A trav\u00e9s de la web de Mapfre<\/a><\/li><li class='ez-toc-page-1 ez-toc-heading-level-3'><a class=\"ez-toc-link ez-toc-heading-3\" href=\"https:\/\/idecesos.com\/seguros\/companias\/mapfre\/dar-de-baja\/#Utilizando_el_correo_electronico_de_Mapfre\" >Utilizando el correo electr\u00f3nico de Mapfre<\/a><\/li><li class='ez-toc-page-1 ez-toc-heading-level-3'><a class=\"ez-toc-link ez-toc-heading-4\" href=\"https:\/\/idecesos.com\/seguros\/companias\/mapfre\/dar-de-baja\/#Dar_de_baja_Mapfre_por_fax\" >Dar de baja Mapfre por fax<\/a><\/li><li class='ez-toc-page-1 ez-toc-heading-level-3'><a class=\"ez-toc-link ez-toc-heading-5\" href=\"https:\/\/idecesos.com\/seguros\/companias\/mapfre\/dar-de-baja\/#En_la_oficina_de_Mapfre\" >En la oficina de Mapfre<\/a><\/li><li class='ez-toc-page-1 ez-toc-heading-level-3'><a class=\"ez-toc-link ez-toc-heading-6\" href=\"https:\/\/idecesos.com\/seguros\/companias\/mapfre\/dar-de-baja\/#Telefono_para_dar_de_baja_Mapfre\" >T\u00e9lefono para dar de baja Mapfre<\/a><\/li><\/ul><\/li><li class='ez-toc-page-1 ez-toc-heading-level-2'><a class=\"ez-toc-link ez-toc-heading-7\" href=\"https:\/\/idecesos.com\/seguros\/companias\/mapfre\/dar-de-baja\/#Dar_de_baja_seguro_Mapfre_de_un_fallecido\" >Dar de baja seguro Mapfre de un fallecido<\/a><ul class='ez-toc-list-level-3' ><li class='ez-toc-heading-level-3'><a class=\"ez-toc-link ez-toc-heading-8\" href=\"https:\/\/idecesos.com\/seguros\/companias\/mapfre\/dar-de-baja\/#Paginas_relacionadas\" >P\u00e1ginas relacionadas<\/a><\/li><\/ul><\/li><\/ul><\/nav><\/div>\n<p> iDecesos ha trabajado para explicarle de qu\u00e9 manera dar de baja un seguro de decesos. Realizarlo es muy f\u00e1cil y, nosotros, le vamos a mostrar cada paso que tiene que seguir para que no deba preocuparse. Gracias a esto, en solo un par de minutos tendr\u00e1 la informaci\u00f3n suficiente para poder hacerlo usted mismo y solucionar el inconveniente que le haya causado. Es fundamental que sepa que, una vez dado de baja su seguro de decesos, es conveniente que busque otro que se adapte a sus necesidades, para tu futura tranquilidad y la de tus familiares. Le recordamos antes de comenzar que dar es esencial avisar a Mapfre por lo menos con treinta d\u00edas de antelaci\u00f3n de la fecha de renovaci\u00f3n de su seguro a fin de que de este modo no tenga ning\u00fan inconveniente en el futuro y poder dar de baja su seguro de decesos f\u00e1cilmente. <div class=\"colorf \"  ><div class=\"container clearfix\"><div class=\"col-md-7\"><\/p>\r\n<h2><span class=\"ez-toc-section\" id=\"Diferentes_opciones_para_cancelar_un_contrato_con_Mapfre\"><\/span>Diferentes opciones para cancelar un contrato con Mapfre<span class=\"ez-toc-section-end\"><\/span><\/h2>\r\n<!-- \/wp:post-content -->\r\n\r\n<!-- wp:paragraph -->\r\n<p>Basadas en la experiencia de los clientes, puedes conocer las diferentes opciones de esas personas que dieron de baja su seguro. La manera de dar de baja un seguro de decesos es igual en todas las compa\u00f1\u00edas aseguradoras. Si bien en algunas empresas de seguros te pueden aceptar la cancelaci\u00f3n del seguro de forma telef\u00f3nica, para eludir que desperdicies el tiempo, lo m\u00e1s normal es que asistas a una oficina y entregues el formulario de forma impresa. Si precisas ayuda sobre de qu\u00e9 manera puedes cancelar tu seguro de decesos, puedes llamarnos por tel\u00e9fono o bien mandarnos un e-mail a nuestro correo electr\u00f3nico. <\/div><\/div><\/div><\/p>\r\n<h3><span class=\"ez-toc-section\" id=\"A_traves_de_la_web_de_Mapfre\"><\/span>A trav\u00e9s de la web de Mapfre<span class=\"ez-toc-section-end\"><\/span><\/h3>\r\n<p>Un procedimiento alternativo para dar de baja su seguro en Mapfre es mediante su p\u00e1gina www.mapfre.es\/seguros\/particulares\/. Solo vas a deber preguntar al buscador de su p\u00e1gina web lo que desees saber o, entrar en su secci\u00f3n de bajas. Siguiendo los pasos indicados, va a poder efectuar su baja rellenando un formulario en la web o, descargando el documento que le indique Mapfre. En el caso de tener alg\u00fan problema, llame al n\u00famero de tel\u00e9fono de la compa\u00f1\u00eda 918 36 53 65 o mande un correo coment\u00e1ndole lo sucedido email Mapfre. Si todo marcha correctamente, en escasos minutos tendr\u00e1 en su correo un mensaje de Mapfre con la baja de su seguro. <div class=\"colorf \"  ><div class=\"container clearfix\"><div class=\"col-md-7\"><\/p>\r\n<h3><span class=\"ez-toc-section\" id=\"Utilizando_el_correo_electronico_de_Mapfre\"><\/span>Utilizando el correo electr\u00f3nico de Mapfre<span class=\"ez-toc-section-end\"><\/span><\/h3>\r\n<p>Tiene la posibilidad de dar de baja a su seguro, mediante correo. A\u00f1ade esta direcci\u00f3n en tu correo email Mapfre y en tan solo uno minutos todo va a estar solucionado. Le se\u00f1alamos que, debe enviar los siguientes documentos a Mapfre: una imitaci\u00f3n de su documento de identidad y, la notificaci\u00f3n firmada por usted y, si no la tiene, puede hallarla en la web de la compa\u00f1\u00eda o bien mismos se la daremos, a trav\u00e9s de el n\u00famero de tel\u00e9fono 951 127 403 o el e-mail info@idecesos. com. Es preciso que tenga un justificante del recibo y, una copia sellada, para una adecuada ejecuci\u00f3n. Es necesario, para prevenir futuros inconvenientes, que guarde, de manera segura, una imitaci\u00f3n de la notificaci\u00f3n con la fecha correcta de env\u00edo. <\/div><\/div><\/div><\/p>\r\n<h3><span class=\"ez-toc-section\" id=\"Dar_de_baja_Mapfre_por_fax\"><\/span>Dar de baja Mapfre por fax<span class=\"ez-toc-section-end\"><\/span><\/h3>\r\n<p>Puedes pedir la baja de tu seguro de decesos a trav\u00e9s del fax de una forma f\u00e1cil y veloz con tan solo enviar los datos personales y tu n\u00famero de p\u00f3liza. Con un mes de antelaci\u00f3n que se cancele su contrato a vencimiento a fin de que no se le pase el recibo de Mapfre referente a su p\u00f3liza de decesos y vas a deber anexar en exactamente el mismo folio las dos caras del DNI para que sea eficaz y legal. Cuando tengas todos los datos listos, encuentra el n\u00famero de tel\u00e9fono del fax de tu empresa aseguradora para poder mandarlos. Asimismo recomendamos que guarde la confirmaci\u00f3n de env\u00edo por si acaso le reclaman la prima a su renovaci\u00f3n. <div class=\"colorf \"  ><div class=\"container clearfix\"><div class=\"col-md-7\"><\/p>\r\n<h3><span class=\"ez-toc-section\" id=\"En_la_oficina_de_Mapfre\"><\/span>En la oficina de Mapfre<span class=\"ez-toc-section-end\"><\/span><\/h3>\r\n<p>Existen a\u00fan otros m\u00e9todos por si no eres un buen amigo de las tecnolog\u00edas. Acude a la oficina de tu empresa aseguradora para proceder a dar de baja el seguro de decesos. Si no sabes a qu\u00e9 oficina debes acudir, emplea tu buscador para conseguir la informaci\u00f3n con m\u00e1s detalles. Solicita cita ya antes de acudir a la oficina y acude en el horario detallado. Para conseguir la baja de tu seguro de decesos, solo deber\u00e1s proseguirse los pasos que se te indican. <\/div><\/div><\/div><\/p>\r\n<h3><span class=\"ez-toc-section\" id=\"Telefono_para_dar_de_baja_Mapfre\"><\/span>T\u00e9lefono para dar de baja Mapfre<span class=\"ez-toc-section-end\"><\/span><\/h3>\r\n<p>Asimismo puede darse de baja mediante v\u00eda telef\u00f3nica. Tiene la posibilidad de buscar el tel\u00e9fono de la compa\u00f1\u00eda en Internet o bien, llamar al 918 36 53 65. Indique al asistente para qu\u00e9 ha llamado y prosiga los pasos que este le vaya se\u00f1alando. Siga, los pasos que le indiquen y en tan solo un par de minutos todo va a estar solucionado y el agente se pondra en ese instante con su petici\u00f3n para darle de baja por lo que se puede quedar sosegado tras colgar la llamada. Si despu\u00e9s de esto desea contratar un nuevo seguro, no dude en ver todas las opciones y equiparar todas las ofertas con iDecesos. <div class=\"colorf \"  ><div class=\"container clearfix\"><div class=\"col-md-7\"><\/p>\r\n<h2><span class=\"ez-toc-section\" id=\"Dar_de_baja_seguro_Mapfre_de_un_fallecido\"><\/span>Dar de baja seguro Mapfre de un fallecido<span class=\"ez-toc-section-end\"><\/span><\/h2>\r\n<p>Por \u00faltimo, le vamos a dar las claves a fin de que sepa de qu\u00e9 manera puede dar de baja el seguro, si la persona asegurada ha fallecido. Nos encargaremos de que este procedimiento, que le puede resultar complejo, sea m\u00e1s sencillo y f\u00e1cil de lo que cree. No debe preocuparse por los tr\u00e1mites ya mencionados. Mapfre es la encargada de anular su seguro de decesos de manera autom\u00e1tica tras la muerte de su asegurado. Tras el sepelio del asegurado, Mapfre va a dar de baja el seguro de la persona fallecida y, su familia, va a poder estar apacible durante todo el proceso. <\/div><\/div><\/div> <div class=\"oficinas\"> <h3><span class=\"ez-toc-section\" id=\"Paginas_relacionadas\"><\/span>P\u00e1ginas relacionadas<span class=\"ez-toc-section-end\"><\/span><\/h3><div class=\"enlazado\"><ul> <li><a href=\"https:\/\/idecesos.com\/seguros\/companias\/mapfre\/asistencia\/\">Mapfre Asistencia Decesos<\/a><\/li> <li><a href=\"https:\/\/idecesos.com\/seguros\/companias\/mapfre\/coberturas\/\">Coberturas Mapfre<\/a><\/li> <li><a href=\"https:\/\/idecesos.com\/seguros\/companias\/mapfre\/esencial\/\">Mapfre Esencial<\/a><\/li> <li><a href=\"https:\/\/idecesos.com\/seguros\/companias\/mapfre\/opiniones\/\">Opiniones MAPFRE<\/a><\/li> <li><a href=\"https:\/\/idecesos.com\/seguros\/companias\/mapfre\/precio\/\">Precio seguro Mapfre<\/a><\/li> <li><a href=\"https:\/\/idecesos.com\/seguros\/companias\/mapfre\/prima-mixta\/\">Mapfre Prima Mixta<\/a><\/li> <li><a href=\"https:\/\/idecesos.com\/seguros\/companias\/mapfre\/prima-natural\/\">Mapfre Prima Natural<\/a><\/li> <li><a href=\"https:\/\/idecesos.com\/seguros\/companias\/mapfre\/prima-nivelada\/\">Mapfre Prima Nivelada<\/a><\/li> <li><a href=\"https:\/\/idecesos.com\/seguros\/companias\/mapfre\/prima-unica\/\">Mapfre Prima \u00danica<\/a><\/li> <li><a href=\"https:\/\/idecesos.com\/seguros\/companias\/mapfre\/quejas\/\">Quejas Mapfre<\/a><\/li> <li><a href=\"https:\/\/idecesos.com\/seguros\/companias\/mapfre\/repatriacion\/\">Mapfre Repatriaci\u00f3n<\/a><\/li> <li><a href=\"https:\/\/idecesos.com\/seguros\/companias\/mapfre\/telefono\/\">Tel\u00e9fono Gratuito Mapfre<\/a><\/li> <li><a href=\"https:\/\/idecesos.com\/seguros\/companias\/mapfre\/universal\/\">Seguro de Decesos Universal Mapfre<\/a><\/li><\/ul><\/div> <\/div><\/p>","protected":false},"excerpt":{"rendered":"<p>iDecesos ha trabajado para explicarle de qu\u00e9 manera dar de baja un seguro de decesos. Realizarlo es muy f\u00e1cil y, nosotros, le vamos a mostrar cada paso que tiene que seguir para que no deba preocuparse. Gracias a esto, en solo un par de minutos tendr\u00e1 la informaci\u00f3n suficiente para poder hacerlo usted mismo y&hellip; <\/p>\n","protected":false},"author":1,"featured_media":0,"parent":414,"menu_order":0,"comment_status":"closed","ping_status":"closed","template":"single.php","meta":{"footnotes":""},"class_list":["post-18201","page","type-page","status-publish","hentry"],"yoast_head":"<!-- This site is optimized with the Yoast SEO plugin v27.3 - https:\/\/yoast.com\/product\/yoast-seo-wordpress\/ -->\n<title>\u00bfC\u00f3mo dar de Baja o Cancelar Seguro de Decesos Mapfre?<\/title>\n<meta name=\"description\" content=\"Obt\u00e9n aqu\u00ed\u3010c\u00f3mo dar de baja o cancelar seguro de decesos Mapfre\u3011Modelo carta, fax, correo electr\u00f3nico (email), tel\u00e9fono gratis.\" \/>\n<meta name=\"robots\" content=\"index, follow, max-snippet:-1, max-image-preview:large, max-video-preview:-1\" \/>\n<link rel=\"canonical\" href=\"https:\/\/idecesos.com\/seguros\/companias\/mapfre\/dar-de-baja\/\" \/>\n<meta property=\"og:locale\" content=\"es_ES\" \/>\n<meta property=\"og:type\" content=\"article\" \/>\n<meta property=\"og:title\" content=\"\u00bfC\u00f3mo dar de Baja o Cancelar Seguro de Decesos Mapfre?\" \/>\n<meta property=\"og:description\" content=\"Obt\u00e9n aqu\u00ed\u3010c\u00f3mo dar de baja o cancelar seguro de decesos Mapfre\u3011Modelo carta, fax, correo electr\u00f3nico (email), tel\u00e9fono gratis.\" \/>\n<meta property=\"og:url\" content=\"https:\/\/idecesos.com\/seguros\/companias\/mapfre\/dar-de-baja\/\" \/>\n<meta property=\"article:modified_time\" content=\"2022-04-05T11:10:40+00:00\" \/>\n<meta name=\"twitter:card\" content=\"summary_large_image\" \/>\n<meta name=\"twitter:label1\" content=\"Tiempo de lectura\" \/>\n\t<meta name=\"twitter:data1\" content=\"15 minutos\" \/>\n<script type=\"application\/ld+json\" class=\"yoast-schema-graph\">{\"@context\":\"https:\\\/\\\/schema.org\",\"@graph\":[{\"@type\":\"WebPage\",\"@id\":\"https:\\\/\\\/idecesos.com\\\/seguros\\\/companias\\\/mapfre\\\/dar-de-baja\\\/\",\"url\":\"https:\\\/\\\/idecesos.com\\\/seguros\\\/companias\\\/mapfre\\\/dar-de-baja\\\/\",\"name\":\"\u00bfC\u00f3mo dar de Baja o Cancelar Seguro de Decesos Mapfre?\",\"isPartOf\":{\"@id\":\"https:\\\/\\\/idecesos.com\\\/seguros\\\/#website\"},\"datePublished\":\"2021-12-29T11:53:03+00:00\",\"dateModified\":\"2022-04-05T11:10:40+00:00\",\"description\":\"Obt\u00e9n aqu\u00ed\u3010c\u00f3mo dar de baja o cancelar seguro de decesos Mapfre\u3011Modelo carta, fax, correo electr\u00f3nico (email), tel\u00e9fono gratis.\",\"breadcrumb\":{\"@id\":\"https:\\\/\\\/idecesos.com\\\/seguros\\\/companias\\\/mapfre\\\/dar-de-baja\\\/#breadcrumb\"},\"inLanguage\":\"es\",\"potentialAction\":[{\"@type\":\"ReadAction\",\"target\":[\"https:\\\/\\\/idecesos.com\\\/seguros\\\/companias\\\/mapfre\\\/dar-de-baja\\\/\"]}]},{\"@type\":\"BreadcrumbList\",\"@id\":\"https:\\\/\\\/idecesos.com\\\/seguros\\\/companias\\\/mapfre\\\/dar-de-baja\\\/#breadcrumb\",\"itemListElement\":[{\"@type\":\"ListItem\",\"position\":1,\"name\":\"Portada\",\"item\":\"https:\\\/\\\/idecesos.com\\\/seguros\\\/\"},{\"@type\":\"ListItem\",\"position\":2,\"name\":\"Compa\u00f1\u00edas de Seguros de Decesos en Espa\u00f1a\",\"item\":\"https:\\\/\\\/idecesos.com\\\/seguros\\\/companias\\\/\"},{\"@type\":\"ListItem\",\"position\":3,\"name\":\"Seguro de decesos Mapfre\",\"item\":\"https:\\\/\\\/idecesos.com\\\/seguros\\\/companias\\\/mapfre\\\/\"},{\"@type\":\"ListItem\",\"position\":4,\"name\":\"\u00bfC\u00f3mo dar de baja seguro Mapfre?\"}]},{\"@type\":\"WebSite\",\"@id\":\"https:\\\/\\\/idecesos.com\\\/seguros\\\/#website\",\"url\":\"https:\\\/\\\/idecesos.com\\\/seguros\\\/\",\"name\":\"\",\"description\":\"\",\"potentialAction\":[{\"@type\":\"SearchAction\",\"target\":{\"@type\":\"EntryPoint\",\"urlTemplate\":\"https:\\\/\\\/idecesos.com\\\/seguros\\\/?s={search_term_string}\"},\"query-input\":{\"@type\":\"PropertyValueSpecification\",\"valueRequired\":true,\"valueName\":\"search_term_string\"}}],\"inLanguage\":\"es\"}]}<\/script>\n<!-- \/ Yoast SEO plugin. -->","yoast_head_json":{"title":"\u00bfC\u00f3mo dar de Baja o Cancelar Seguro de Decesos Mapfre?","description":"Obt\u00e9n aqu\u00ed\u3010c\u00f3mo dar de baja o cancelar seguro de decesos Mapfre\u3011Modelo carta, fax, correo electr\u00f3nico (email), tel\u00e9fono gratis.","robots":{"index":"index","follow":"follow","max-snippet":"max-snippet:-1","max-image-preview":"max-image-preview:large","max-video-preview":"max-video-preview:-1"},"canonical":"https:\/\/idecesos.com\/seguros\/companias\/mapfre\/dar-de-baja\/","og_locale":"es_ES","og_type":"article","og_title":"\u00bfC\u00f3mo dar de Baja o Cancelar Seguro de Decesos Mapfre?","og_description":"Obt\u00e9n aqu\u00ed\u3010c\u00f3mo dar de baja o cancelar seguro de decesos Mapfre\u3011Modelo carta, fax, correo electr\u00f3nico (email), tel\u00e9fono gratis.","og_url":"https:\/\/idecesos.com\/seguros\/companias\/mapfre\/dar-de-baja\/","article_modified_time":"2022-04-05T11:10:40+00:00","twitter_card":"summary_large_image","twitter_misc":{"Tiempo de lectura":"15 minutos"},"schema":{"@context":"https:\/\/schema.org","@graph":[{"@type":"WebPage","@id":"https:\/\/idecesos.com\/seguros\/companias\/mapfre\/dar-de-baja\/","url":"https:\/\/idecesos.com\/seguros\/companias\/mapfre\/dar-de-baja\/","name":"\u00bfC\u00f3mo dar de Baja o Cancelar Seguro de Decesos Mapfre?","isPartOf":{"@id":"https:\/\/idecesos.com\/seguros\/#website"},"datePublished":"2021-12-29T11:53:03+00:00","dateModified":"2022-04-05T11:10:40+00:00","description":"Obt\u00e9n aqu\u00ed\u3010c\u00f3mo dar de baja o cancelar seguro de decesos Mapfre\u3011Modelo carta, fax, correo electr\u00f3nico (email), tel\u00e9fono gratis.","breadcrumb":{"@id":"https:\/\/idecesos.com\/seguros\/companias\/mapfre\/dar-de-baja\/#breadcrumb"},"inLanguage":"es","potentialAction":[{"@type":"ReadAction","target":["https:\/\/idecesos.com\/seguros\/companias\/mapfre\/dar-de-baja\/"]}]},{"@type":"BreadcrumbList","@id":"https:\/\/idecesos.com\/seguros\/companias\/mapfre\/dar-de-baja\/#breadcrumb","itemListElement":[{"@type":"ListItem","position":1,"name":"Portada","item":"https:\/\/idecesos.com\/seguros\/"},{"@type":"ListItem","position":2,"name":"Compa\u00f1\u00edas de Seguros de Decesos en Espa\u00f1a","item":"https:\/\/idecesos.com\/seguros\/companias\/"},{"@type":"ListItem","position":3,"name":"Seguro de decesos Mapfre","item":"https:\/\/idecesos.com\/seguros\/companias\/mapfre\/"},{"@type":"ListItem","position":4,"name":"\u00bfC\u00f3mo dar de baja seguro Mapfre?"}]},{"@type":"WebSite","@id":"https:\/\/idecesos.com\/seguros\/#website","url":"https:\/\/idecesos.com\/seguros\/","name":"","description":"","potentialAction":[{"@type":"SearchAction","target":{"@type":"EntryPoint","urlTemplate":"https:\/\/idecesos.com\/seguros\/?s={search_term_string}"},"query-input":{"@type":"PropertyValueSpecification","valueRequired":true,"valueName":"search_term_string"}}],"inLanguage":"es"}]}},"_links":{"self":[{"href":"https:\/\/idecesos.com\/seguros\/wp-json\/wp\/v2\/pages\/18201","targetHints":{"allow":["GET"]}}],"collection":[{"href":"https:\/\/idecesos.com\/seguros\/wp-json\/wp\/v2\/pages"}],"about":[{"href":"https:\/\/idecesos.com\/seguros\/wp-json\/wp\/v2\/types\/page"}],"author":[{"embeddable":true,"href":"https:\/\/idecesos.com\/seguros\/wp-json\/wp\/v2\/users\/1"}],"replies":[{"embeddable":true,"href":"https:\/\/idecesos.com\/seguros\/wp-json\/wp\/v2\/comments?post=18201"}],"version-history":[{"count":1,"href":"https:\/\/idecesos.com\/seguros\/wp-json\/wp\/v2\/pages\/18201\/revisions"}],"predecessor-version":[{"id":19074,"href":"https:\/\/idecesos.com\/seguros\/wp-json\/wp\/v2\/pages\/18201\/revisions\/19074"}],"up":[{"embeddable":true,"href":"https:\/\/idecesos.com\/seguros\/wp-json\/wp\/v2\/pages\/414"}],"wp:attachment":[{"href":"https:\/\/idecesos.com\/seguros\/wp-json\/wp\/v2\/media?parent=18201"}],"curies":[{"name":"wp","href":"https:\/\/api.w.org\/{rel}","templated":true}]}}