{"id":18202,"date":"2021-12-29T11:53:04","date_gmt":"2021-12-29T11:53:04","guid":{"rendered":"https:\/\/idecesos.com\/seguros\/companias\/caixa-ontinyent\/dar-de-baja\/"},"modified":"2022-01-28T18:00:17","modified_gmt":"2022-01-28T18:00:17","slug":"dar-de-baja","status":"publish","type":"page","link":"https:\/\/idecesos.com\/seguros\/companias\/caixa-ontinyent\/dar-de-baja\/","title":{"rendered":"\u00bfC\u00f3mo dar de baja seguro Caixa Ontinyent?"},"content":{"rendered":"<div id=\"ez-toc-container\" class=\"ez-toc-v2_0_82_2 ez-toc-wrap-center counter-hierarchy ez-toc-counter ez-toc-custom ez-toc-container-direction\">\n<div class=\"ez-toc-title-container\">\n<p class=\"ez-toc-title\" style=\"cursor:inherit\">Tabla de Contenido<\/p>\n<span class=\"ez-toc-title-toggle\"><a href=\"#\" class=\"ez-toc-pull-right ez-toc-btn ez-toc-btn-xs ez-toc-btn-default ez-toc-toggle\" aria-label=\"Alternar tabla de contenidos\"><span class=\"ez-toc-js-icon-con\"><span class=\"\"><span class=\"eztoc-hide\" style=\"display:none;\">Toggle<\/span><span class=\"ez-toc-icon-toggle-span\"><svg style=\"fill: #db6415;color:#db6415\" xmlns=\"http:\/\/www.w3.org\/2000\/svg\" class=\"list-377408\" width=\"20px\" height=\"20px\" viewBox=\"0 0 24 24\" fill=\"none\"><path d=\"M6 6H4v2h2V6zm14 0H8v2h12V6zM4 11h2v2H4v-2zm16 0H8v2h12v-2zM4 16h2v2H4v-2zm16 0H8v2h12v-2z\" fill=\"currentColor\"><\/path><\/svg><svg style=\"fill: #db6415;color:#db6415\" class=\"arrow-unsorted-368013\" xmlns=\"http:\/\/www.w3.org\/2000\/svg\" width=\"10px\" height=\"10px\" viewBox=\"0 0 24 24\" version=\"1.2\" baseProfile=\"tiny\"><path d=\"M18.2 9.3l-6.2-6.3-6.2 6.3c-.2.2-.3.4-.3.7s.1.5.3.7c.2.2.4.3.7.3h11c.3 0 .5-.1.7-.3.2-.2.3-.5.3-.7s-.1-.5-.3-.7zM5.8 14.7l6.2 6.3 6.2-6.3c.2-.2.3-.5.3-.7s-.1-.5-.3-.7c-.2-.2-.4-.3-.7-.3h-11c-.3 0-.5.1-.7.3-.2.2-.3.5-.3.7s.1.5.3.7z\"\/><\/svg><\/span><\/span><\/span><\/a><\/span><\/div>\n<nav><ul class='ez-toc-list ez-toc-list-level-1 ' ><li class='ez-toc-page-1 ez-toc-heading-level-2'><a class=\"ez-toc-link ez-toc-heading-1\" href=\"https:\/\/idecesos.com\/seguros\/companias\/caixa-ontinyent\/dar-de-baja\/#Diferentes_opciones_para_cancelar_un_contrato_con_Caixa_Ontinyent\" >Diferentes opciones para cancelar un contrato con Caixa Ontinyent<\/a><ul class='ez-toc-list-level-3' ><li class='ez-toc-heading-level-3'><a class=\"ez-toc-link ez-toc-heading-2\" href=\"https:\/\/idecesos.com\/seguros\/companias\/caixa-ontinyent\/dar-de-baja\/#A_traves_de_la_web_de_Caixa_Ontinyent\" >A trav\u00e9s de la web de Caixa Ontinyent<\/a><\/li><li class='ez-toc-page-1 ez-toc-heading-level-3'><a class=\"ez-toc-link ez-toc-heading-3\" href=\"https:\/\/idecesos.com\/seguros\/companias\/caixa-ontinyent\/dar-de-baja\/#Utilizando_el_correo_electronico_de_Caixa_Ontinyent\" >Utilizando el correo electr\u00f3nico de Caixa Ontinyent<\/a><\/li><li class='ez-toc-page-1 ez-toc-heading-level-3'><a class=\"ez-toc-link ez-toc-heading-4\" href=\"https:\/\/idecesos.com\/seguros\/companias\/caixa-ontinyent\/dar-de-baja\/#Dar_de_baja_Caixa_Ontinyent_por_fax\" >Dar de baja Caixa Ontinyent por fax<\/a><\/li><li class='ez-toc-page-1 ez-toc-heading-level-3'><a class=\"ez-toc-link ez-toc-heading-5\" href=\"https:\/\/idecesos.com\/seguros\/companias\/caixa-ontinyent\/dar-de-baja\/#En_la_oficina_de_Caixa_Ontinyent\" >En la oficina de Caixa Ontinyent<\/a><\/li><li class='ez-toc-page-1 ez-toc-heading-level-3'><a class=\"ez-toc-link ez-toc-heading-6\" href=\"https:\/\/idecesos.com\/seguros\/companias\/caixa-ontinyent\/dar-de-baja\/#Telefono_para_dar_de_baja_Caixa_Ontinyent\" >T\u00e9lefono para dar de baja Caixa Ontinyent<\/a><\/li><\/ul><\/li><li class='ez-toc-page-1 ez-toc-heading-level-2'><a class=\"ez-toc-link ez-toc-heading-7\" href=\"https:\/\/idecesos.com\/seguros\/companias\/caixa-ontinyent\/dar-de-baja\/#Dar_de_baja_seguro_Caixa_Ontinyent_de_un_fallecido\" >Dar de baja seguro Caixa Ontinyent de un fallecido<\/a><ul class='ez-toc-list-level-3' ><li class='ez-toc-heading-level-3'><a class=\"ez-toc-link ez-toc-heading-8\" href=\"https:\/\/idecesos.com\/seguros\/companias\/caixa-ontinyent\/dar-de-baja\/#Paginas_relacionadas\" >P\u00e1ginas relacionadas<\/a><\/li><\/ul><\/li><\/ul><\/nav><\/div>\n<p> En este apartado, vamos a mostrarte los pasos para anular tu seguro de fallecimiento. Si piensas que dar de baja el seguro de decesos es complicado, en esta p\u00e1gina vamos a explic\u00e1rtelo de la forma m\u00e1s sencilla posible. Ahora le explicaremos cu\u00e1les son los pasos que debe continuar y las diferentes formas de darse de baja. Podr\u00e1s dar de baja mismo su seguro de decesos tras conocer todas y cada una de las formas diferentes que tienes para realizar el proceso. Le recomendamos que no se quede con un seguro de esta clase puesto que en el futuro va a ser esencial tener ese momento de su vida asegurado, por su calma y por la de sus familiares o amigos. <div class=\"colorf \"  ><div class=\"container clearfix\"><div class=\"col-md-7\"><\/p>\r\n<h2><span class=\"ez-toc-section\" id=\"Diferentes_opciones_para_cancelar_un_contrato_con_Caixa_Ontinyent\"><\/span>Diferentes opciones para cancelar un contrato con Caixa Ontinyent<span class=\"ez-toc-section-end\"><\/span><\/h2>\r\n<!-- \/wp:post-content -->\r\n\r\n<!-- wp:paragraph -->\r\n<p>Basadas en la experiencia de los clientes, puedes conocer las distintas opciones de esas personas que dieron de baja su seguro. Hay muchas formas de darse de baja de un seguro de decesos. Todas son iguales en todas y cada una de las compa\u00f1\u00edas. Si no deseas perder el tiempo haciendo llamadas a tu compa\u00f1\u00eda aseguradora para poder cancelar el seguro, te invitamos a que asistas de manera directa a una oficina y entregues el formulario de cancelaci\u00f3n en papel. Puedes ponerte en contacto con nosotros si quieres anular tu seguro de decesos de forma telef\u00f3nica. <\/div><\/div><\/div><\/p>\r\n<h3><span class=\"ez-toc-section\" id=\"A_traves_de_la_web_de_Caixa_Ontinyent\"><\/span>A trav\u00e9s de la web de Caixa Ontinyent<span class=\"ez-toc-section-end\"><\/span><\/h3>\r\n<p>Puede optar por la posibilidad de acceder a la p\u00e1gina web www.caixaontinyent.es\/ y escribir en su buscador lo que desee saber. En ese instante, le aparecer\u00e1n varias opciones. Seleccione la indicada y siga los pasos que le indican. Es bastante f\u00e1cil. Si alg\u00fan instante le brotan dudas o tiene inconvenientes, va a poder contactar con Caixa Ontinyent por medio de su n\u00famero 96 291 91 91. Si se da el caso de que le aparezca, solo tendr\u00e1 que rellenar el formulario o bien descargar el documento para completar la solicitud. <div class=\"colorf \"  ><div class=\"container clearfix\"><div class=\"col-md-7\"><\/p>\r\n<h3><span class=\"ez-toc-section\" id=\"Utilizando_el_correo_electronico_de_Caixa_Ontinyent\"><\/span>Utilizando el correo electr\u00f3nico de Caixa Ontinyent<span class=\"ez-toc-section-end\"><\/span><\/h3>\r\n<p>Env\u00edales un correo a tu compa\u00f1\u00eda si deseas dar de baja tu seguro de decesos. Tendr\u00e1s que enviarles una copia del documento de identidad del asegurado y una notificaci\u00f3n donde se solicite el fin del contrato del seguro de decesos firmada con los datos personales. Para evitar posibles inconvenientes con tu compa\u00f1\u00eda de seguros, te invitamos a guardar una copia sellada y el justificante del recibo. Para evitar inconvenientes y sobre todo, a fin de que est\u00e9s m\u00e1s tranquilo, te invitamos a guardar una copia de la notificaci\u00f3n del correo. Env\u00eda a tu compa\u00f1\u00eda por correo electr\u00f3nico el n\u00famero de tu p\u00f3liza ya antes de los 30 d\u00edas del vencimiento del contrato. <\/div><\/div><\/div><\/p>\r\n<h3><span class=\"ez-toc-section\" id=\"Dar_de_baja_Caixa_Ontinyent_por_fax\"><\/span>Dar de baja Caixa Ontinyent por fax<span class=\"ez-toc-section-end\"><\/span><\/h3>\r\n<p>Puedes solicitar la baja de tu seguro de decesos a trav\u00e9s del fax de una forma f\u00e1cil y veloz con tan solo mandar los datos personales y tu n\u00famero de p\u00f3liza. Tendr\u00e1s que efectuar todos los tr\u00e1mites antes que concluya el contrato de tu seguro de decesos e incluir la parte delantera y trasera de tu documento de identidad. Toda esta documentaci\u00f3n hay que enviarla marcando el n\u00famero de fax de Caixa Ontinyent. Guarda todos los documentos incluido la confirmaci\u00f3n de env\u00edo para eludir inconvenientes futuros con tu empresa de seguros. <div class=\"colorf \"  ><div class=\"container clearfix\"><div class=\"col-md-7\"><\/p>\r\n<h3><span class=\"ez-toc-section\" id=\"En_la_oficina_de_Caixa_Ontinyent\"><\/span>En la oficina de Caixa Ontinyent<span class=\"ez-toc-section-end\"><\/span><\/h3>\r\n<p>Si todos los m\u00e9todos anteriores le semejan muy dif\u00edciles por el hecho de que no controla muy bien las nuevas tecnolog\u00edas tambi\u00e9n puede optar por ir presencialmente a una oficina de Caixa Ontinyent y all\u00ed va a poder darse de baja asimismo de su seguro de decesos. Pregunte o bien busque en su buscador la oficina de Caixa Ontinyent m\u00e1s pr\u00f3xima a su casa y dir\u00edjase en el horario estipulado para poder ser atendido. Los especialistas le atender\u00e1n y ayudar\u00e1n en todo cuanto necesite para rellenar y firmar correctamente los documentos. El proceso va a ser tan f\u00e1cil como continuar las indicaciones de los asesores. Tenga presente que debe llevar el documento de identidad, para que se puedan llevar las gestiones eficientemente. Para acabar el proceso apropiadamente, los profesionales le dar\u00e1n una imitaci\u00f3n de cada documento firmado y, se encargar\u00e1n de cerrar el tr\u00e1mite de su baja. <\/div><\/div><\/div><\/p>\r\n<h3><span class=\"ez-toc-section\" id=\"Telefono_para_dar_de_baja_Caixa_Ontinyent\"><\/span>T\u00e9lefono para dar de baja Caixa Ontinyent<span class=\"ez-toc-section-end\"><\/span><\/h3>\r\n<p>Asimismo podr\u00e1 darse de baja a trav\u00e9s de una llamada telef\u00f3nica. Puede buscar su tel\u00e9fono en Internet o bien, llamando al 96 291 91 91. Indique al asistente para qu\u00e9 ha llamado y siga los pasos que este le vaya indicando. En escaso tiempo, si sigue adecuadamente los pasos que le hayan indicado, el experto se va a poner en contacto para la finalidad de la baja de su seguro. Con iDecesos va a poder localizar un nuevo seguro que se adapte a sus necesidades, equiparando todas y cada una de las opciones posibles. <div class=\"colorf \"  ><div class=\"container clearfix\"><div class=\"col-md-7\"><\/p>\r\n<h2><span class=\"ez-toc-section\" id=\"Dar_de_baja_seguro_Caixa_Ontinyent_de_un_fallecido\"><\/span>Dar de baja seguro Caixa Ontinyent de un fallecido<span class=\"ez-toc-section-end\"><\/span><\/h2>\r\n<p>Finalmente, le vamos a dar los pasos clave para dar de baja su seguro de decesos, una vez fallecido el asegurado. Esta, es la forma m\u00e1s f\u00e1cil de cancelar este tipo de seguro. Los tr\u00e1mites que se han mentado previamente, quedar\u00e1n cerrados gracias a los expertos y, estar\u00e1 absolutamente sosegado. Caixa Ontinyent se ocupar\u00e1 de anular el seguro de decesos que tenga contratado, tras su fallecimiento. Una vez finalizados los servicios del sepelio, los profesionales de Caixa Ontinyent dar\u00e1n de baja el seguro de decesos de la persona fallecida y, los familiares no tendr\u00e1n que preocuparse por nada. <\/div><\/div><\/div> <div class=\"oficinas\"> <h3><span class=\"ez-toc-section\" id=\"Paginas_relacionadas\"><\/span>P\u00e1ginas relacionadas<span class=\"ez-toc-section-end\"><\/span><\/h3><div class=\"enlazado\"><ul> <li><a href=\"https:\/\/idecesos.com\/seguros\/companias\/caixa-ontinyent\/opiniones\/\">Opiniones Caixa Ontinyent<\/a><\/li> <li><a href=\"https:\/\/idecesos.com\/seguros\/companias\/caixa-ontinyent\/precio\/\">Precio seguro Caixa Ontinyent<\/a><\/li> <li><a href=\"https:\/\/idecesos.com\/seguros\/companias\/caixa-ontinyent\/prima-mixta\/\">Caixa Ontinyent Prima Mixta<\/a><\/li> <li><a href=\"https:\/\/idecesos.com\/seguros\/companias\/caixa-ontinyent\/prima-natural\/\">Caixa Ontinyent Prima Natural<\/a><\/li> <li><a href=\"https:\/\/idecesos.com\/seguros\/companias\/caixa-ontinyent\/prima-nivelada\/\">Caixa Ontinyent Prima Nivelada<\/a><\/li> <li><a href=\"https:\/\/idecesos.com\/seguros\/companias\/caixa-ontinyent\/prima-unica\/\">Caixa Ontinyent Prima \u00danica<\/a><\/li> <li><a href=\"https:\/\/idecesos.com\/seguros\/companias\/caixa-ontinyent\/repatriacion\/\">Caixa Ontinyent Repatriaci\u00f3n<\/a><\/li> <li><a href=\"https:\/\/idecesos.com\/seguros\/companias\/caixa-ontinyent\/telefono\/\">Tel\u00e9fono Gratuito Caixa Ontinyent<\/a><\/li><\/ul><\/div> <\/div><\/p>","protected":false},"excerpt":{"rendered":"<p>En este apartado, vamos a mostrarte los pasos para anular tu seguro de fallecimiento. Si piensas que dar de baja el seguro de decesos es complicado, en esta p\u00e1gina vamos a explic\u00e1rtelo de la forma m\u00e1s sencilla posible. Ahora le explicaremos cu\u00e1les son los pasos que debe continuar y las diferentes formas de darse de&hellip; <\/p>\n","protected":false},"author":1,"featured_media":0,"parent":519,"menu_order":0,"comment_status":"closed","ping_status":"closed","template":"single.php","meta":{"footnotes":""},"class_list":["post-18202","page","type-page","status-publish","hentry"],"yoast_head":"<!-- This site is optimized with the Yoast SEO plugin v27.4 - https:\/\/yoast.com\/product\/yoast-seo-wordpress\/ -->\n<title>\u00bfC\u00f3mo dar de Baja o Cancelar Seguro de Decesos Caixa Ontinyent?<\/title>\n<meta name=\"description\" content=\"Obt\u00e9n aqu\u00ed\u3010c\u00f3mo dar de baja o cancelar seguro de decesos Caixa Ontinyent\u3011Modelo carta, fax, correo electr\u00f3nico (email), tel\u00e9fono gratis.\" \/>\n<meta name=\"robots\" content=\"index, follow, max-snippet:-1, max-image-preview:large, max-video-preview:-1\" \/>\n<link rel=\"canonical\" href=\"https:\/\/idecesos.com\/seguros\/companias\/caixa-ontinyent\/dar-de-baja\/\" \/>\n<meta property=\"og:locale\" content=\"es_ES\" \/>\n<meta property=\"og:type\" content=\"article\" \/>\n<meta property=\"og:title\" content=\"\u00bfC\u00f3mo dar de Baja o Cancelar Seguro de Decesos Caixa Ontinyent?\" \/>\n<meta property=\"og:description\" content=\"Obt\u00e9n aqu\u00ed\u3010c\u00f3mo dar de baja o cancelar seguro de decesos Caixa Ontinyent\u3011Modelo carta, fax, correo electr\u00f3nico (email), tel\u00e9fono gratis.\" \/>\n<meta property=\"og:url\" content=\"https:\/\/idecesos.com\/seguros\/companias\/caixa-ontinyent\/dar-de-baja\/\" \/>\n<meta property=\"article:modified_time\" content=\"2022-01-28T18:00:17+00:00\" \/>\n<meta name=\"twitter:card\" content=\"summary_large_image\" \/>\n<meta name=\"twitter:label1\" content=\"Tiempo de lectura\" \/>\n\t<meta name=\"twitter:data1\" content=\"5 minutos\" \/>\n<script type=\"application\/ld+json\" class=\"yoast-schema-graph\">{\"@context\":\"https:\\\/\\\/schema.org\",\"@graph\":[{\"@type\":\"WebPage\",\"@id\":\"https:\\\/\\\/idecesos.com\\\/seguros\\\/companias\\\/caixa-ontinyent\\\/dar-de-baja\\\/\",\"url\":\"https:\\\/\\\/idecesos.com\\\/seguros\\\/companias\\\/caixa-ontinyent\\\/dar-de-baja\\\/\",\"name\":\"\u00bfC\u00f3mo dar de Baja o Cancelar Seguro de Decesos Caixa Ontinyent?\",\"isPartOf\":{\"@id\":\"https:\\\/\\\/idecesos.com\\\/seguros\\\/#website\"},\"datePublished\":\"2021-12-29T11:53:04+00:00\",\"dateModified\":\"2022-01-28T18:00:17+00:00\",\"description\":\"Obt\u00e9n aqu\u00ed\u3010c\u00f3mo dar de baja o cancelar seguro de decesos Caixa Ontinyent\u3011Modelo carta, fax, correo electr\u00f3nico (email), tel\u00e9fono gratis.\",\"breadcrumb\":{\"@id\":\"https:\\\/\\\/idecesos.com\\\/seguros\\\/companias\\\/caixa-ontinyent\\\/dar-de-baja\\\/#breadcrumb\"},\"inLanguage\":\"es\",\"potentialAction\":[{\"@type\":\"ReadAction\",\"target\":[\"https:\\\/\\\/idecesos.com\\\/seguros\\\/companias\\\/caixa-ontinyent\\\/dar-de-baja\\\/\"]}]},{\"@type\":\"BreadcrumbList\",\"@id\":\"https:\\\/\\\/idecesos.com\\\/seguros\\\/companias\\\/caixa-ontinyent\\\/dar-de-baja\\\/#breadcrumb\",\"itemListElement\":[{\"@type\":\"ListItem\",\"position\":1,\"name\":\"Portada\",\"item\":\"https:\\\/\\\/idecesos.com\\\/seguros\\\/\"},{\"@type\":\"ListItem\",\"position\":2,\"name\":\"Compa\u00f1\u00edas de Seguros de Decesos en Espa\u00f1a\",\"item\":\"https:\\\/\\\/idecesos.com\\\/seguros\\\/companias\\\/\"},{\"@type\":\"ListItem\",\"position\":3,\"name\":\"Seguro de decesos Caixa Ontinyent\",\"item\":\"https:\\\/\\\/idecesos.com\\\/seguros\\\/companias\\\/caixa-ontinyent\\\/\"},{\"@type\":\"ListItem\",\"position\":4,\"name\":\"\u00bfC\u00f3mo dar de baja seguro Caixa Ontinyent?\"}]},{\"@type\":\"WebSite\",\"@id\":\"https:\\\/\\\/idecesos.com\\\/seguros\\\/#website\",\"url\":\"https:\\\/\\\/idecesos.com\\\/seguros\\\/\",\"name\":\"\",\"description\":\"\",\"potentialAction\":[{\"@type\":\"SearchAction\",\"target\":{\"@type\":\"EntryPoint\",\"urlTemplate\":\"https:\\\/\\\/idecesos.com\\\/seguros\\\/?s={search_term_string}\"},\"query-input\":{\"@type\":\"PropertyValueSpecification\",\"valueRequired\":true,\"valueName\":\"search_term_string\"}}],\"inLanguage\":\"es\"}]}<\/script>\n<!-- \/ Yoast SEO plugin. -->","yoast_head_json":{"title":"\u00bfC\u00f3mo dar de Baja o Cancelar Seguro de Decesos Caixa Ontinyent?","description":"Obt\u00e9n aqu\u00ed\u3010c\u00f3mo dar de baja o cancelar seguro de decesos Caixa Ontinyent\u3011Modelo carta, fax, correo electr\u00f3nico (email), tel\u00e9fono gratis.","robots":{"index":"index","follow":"follow","max-snippet":"max-snippet:-1","max-image-preview":"max-image-preview:large","max-video-preview":"max-video-preview:-1"},"canonical":"https:\/\/idecesos.com\/seguros\/companias\/caixa-ontinyent\/dar-de-baja\/","og_locale":"es_ES","og_type":"article","og_title":"\u00bfC\u00f3mo dar de Baja o Cancelar Seguro de Decesos Caixa Ontinyent?","og_description":"Obt\u00e9n aqu\u00ed\u3010c\u00f3mo dar de baja o cancelar seguro de decesos Caixa Ontinyent\u3011Modelo carta, fax, correo electr\u00f3nico (email), tel\u00e9fono gratis.","og_url":"https:\/\/idecesos.com\/seguros\/companias\/caixa-ontinyent\/dar-de-baja\/","article_modified_time":"2022-01-28T18:00:17+00:00","twitter_card":"summary_large_image","twitter_misc":{"Tiempo de lectura":"5 minutos"},"schema":{"@context":"https:\/\/schema.org","@graph":[{"@type":"WebPage","@id":"https:\/\/idecesos.com\/seguros\/companias\/caixa-ontinyent\/dar-de-baja\/","url":"https:\/\/idecesos.com\/seguros\/companias\/caixa-ontinyent\/dar-de-baja\/","name":"\u00bfC\u00f3mo dar de Baja o Cancelar Seguro de Decesos Caixa Ontinyent?","isPartOf":{"@id":"https:\/\/idecesos.com\/seguros\/#website"},"datePublished":"2021-12-29T11:53:04+00:00","dateModified":"2022-01-28T18:00:17+00:00","description":"Obt\u00e9n aqu\u00ed\u3010c\u00f3mo dar de baja o cancelar seguro de decesos Caixa Ontinyent\u3011Modelo carta, fax, correo electr\u00f3nico (email), tel\u00e9fono gratis.","breadcrumb":{"@id":"https:\/\/idecesos.com\/seguros\/companias\/caixa-ontinyent\/dar-de-baja\/#breadcrumb"},"inLanguage":"es","potentialAction":[{"@type":"ReadAction","target":["https:\/\/idecesos.com\/seguros\/companias\/caixa-ontinyent\/dar-de-baja\/"]}]},{"@type":"BreadcrumbList","@id":"https:\/\/idecesos.com\/seguros\/companias\/caixa-ontinyent\/dar-de-baja\/#breadcrumb","itemListElement":[{"@type":"ListItem","position":1,"name":"Portada","item":"https:\/\/idecesos.com\/seguros\/"},{"@type":"ListItem","position":2,"name":"Compa\u00f1\u00edas de Seguros de Decesos en Espa\u00f1a","item":"https:\/\/idecesos.com\/seguros\/companias\/"},{"@type":"ListItem","position":3,"name":"Seguro de decesos Caixa Ontinyent","item":"https:\/\/idecesos.com\/seguros\/companias\/caixa-ontinyent\/"},{"@type":"ListItem","position":4,"name":"\u00bfC\u00f3mo dar de baja seguro Caixa Ontinyent?"}]},{"@type":"WebSite","@id":"https:\/\/idecesos.com\/seguros\/#website","url":"https:\/\/idecesos.com\/seguros\/","name":"","description":"","potentialAction":[{"@type":"SearchAction","target":{"@type":"EntryPoint","urlTemplate":"https:\/\/idecesos.com\/seguros\/?s={search_term_string}"},"query-input":{"@type":"PropertyValueSpecification","valueRequired":true,"valueName":"search_term_string"}}],"inLanguage":"es"}]}},"_links":{"self":[{"href":"https:\/\/idecesos.com\/seguros\/wp-json\/wp\/v2\/pages\/18202","targetHints":{"allow":["GET"]}}],"collection":[{"href":"https:\/\/idecesos.com\/seguros\/wp-json\/wp\/v2\/pages"}],"about":[{"href":"https:\/\/idecesos.com\/seguros\/wp-json\/wp\/v2\/types\/page"}],"author":[{"embeddable":true,"href":"https:\/\/idecesos.com\/seguros\/wp-json\/wp\/v2\/users\/1"}],"replies":[{"embeddable":true,"href":"https:\/\/idecesos.com\/seguros\/wp-json\/wp\/v2\/comments?post=18202"}],"version-history":[{"count":2,"href":"https:\/\/idecesos.com\/seguros\/wp-json\/wp\/v2\/pages\/18202\/revisions"}],"predecessor-version":[{"id":19115,"href":"https:\/\/idecesos.com\/seguros\/wp-json\/wp\/v2\/pages\/18202\/revisions\/19115"}],"up":[{"embeddable":true,"href":"https:\/\/idecesos.com\/seguros\/wp-json\/wp\/v2\/pages\/519"}],"wp:attachment":[{"href":"https:\/\/idecesos.com\/seguros\/wp-json\/wp\/v2\/media?parent=18202"}],"curies":[{"name":"wp","href":"https:\/\/api.w.org\/{rel}","templated":true}]}}