{"id":18204,"date":"2021-12-29T11:53:05","date_gmt":"2021-12-29T11:53:05","guid":{"rendered":"https:\/\/idecesos.com\/seguros\/companias\/catalana-occidente\/dar-de-baja\/"},"modified":"2022-01-27T16:13:27","modified_gmt":"2022-01-27T16:13:27","slug":"dar-de-baja","status":"publish","type":"page","link":"https:\/\/idecesos.com\/seguros\/companias\/catalana-occidente\/dar-de-baja\/","title":{"rendered":"\u00bfC\u00f3mo dar de baja seguro Catalana Occidente?"},"content":{"rendered":"<div id=\"ez-toc-container\" class=\"ez-toc-v2_0_82_2 ez-toc-wrap-center counter-hierarchy ez-toc-counter ez-toc-custom ez-toc-container-direction\">\n<div class=\"ez-toc-title-container\">\n<p class=\"ez-toc-title\" style=\"cursor:inherit\">Tabla de Contenido<\/p>\n<span class=\"ez-toc-title-toggle\"><a href=\"#\" class=\"ez-toc-pull-right ez-toc-btn ez-toc-btn-xs ez-toc-btn-default ez-toc-toggle\" aria-label=\"Alternar tabla de contenidos\"><span class=\"ez-toc-js-icon-con\"><span class=\"\"><span class=\"eztoc-hide\" style=\"display:none;\">Toggle<\/span><span class=\"ez-toc-icon-toggle-span\"><svg style=\"fill: #db6415;color:#db6415\" xmlns=\"http:\/\/www.w3.org\/2000\/svg\" class=\"list-377408\" width=\"20px\" height=\"20px\" viewBox=\"0 0 24 24\" fill=\"none\"><path d=\"M6 6H4v2h2V6zm14 0H8v2h12V6zM4 11h2v2H4v-2zm16 0H8v2h12v-2zM4 16h2v2H4v-2zm16 0H8v2h12v-2z\" fill=\"currentColor\"><\/path><\/svg><svg style=\"fill: #db6415;color:#db6415\" class=\"arrow-unsorted-368013\" xmlns=\"http:\/\/www.w3.org\/2000\/svg\" width=\"10px\" height=\"10px\" viewBox=\"0 0 24 24\" version=\"1.2\" baseProfile=\"tiny\"><path d=\"M18.2 9.3l-6.2-6.3-6.2 6.3c-.2.2-.3.4-.3.7s.1.5.3.7c.2.2.4.3.7.3h11c.3 0 .5-.1.7-.3.2-.2.3-.5.3-.7s-.1-.5-.3-.7zM5.8 14.7l6.2 6.3 6.2-6.3c.2-.2.3-.5.3-.7s-.1-.5-.3-.7c-.2-.2-.4-.3-.7-.3h-11c-.3 0-.5.1-.7.3-.2.2-.3.5-.3.7s.1.5.3.7z\"\/><\/svg><\/span><\/span><\/span><\/a><\/span><\/div>\n<nav><ul class='ez-toc-list ez-toc-list-level-1 ' ><li class='ez-toc-page-1 ez-toc-heading-level-2'><a class=\"ez-toc-link ez-toc-heading-1\" href=\"https:\/\/idecesos.com\/seguros\/companias\/catalana-occidente\/dar-de-baja\/#Diferentes_opciones_para_cancelar_un_contrato_con_Catalana_Occidente\" >Diferentes opciones para cancelar un contrato con Catalana Occidente<\/a><ul class='ez-toc-list-level-3' ><li class='ez-toc-heading-level-3'><a class=\"ez-toc-link ez-toc-heading-2\" href=\"https:\/\/idecesos.com\/seguros\/companias\/catalana-occidente\/dar-de-baja\/#A_traves_de_la_web_de_Catalana_Occidente\" >A trav\u00e9s de la web de Catalana Occidente<\/a><\/li><li class='ez-toc-page-1 ez-toc-heading-level-3'><a class=\"ez-toc-link ez-toc-heading-3\" href=\"https:\/\/idecesos.com\/seguros\/companias\/catalana-occidente\/dar-de-baja\/#Utilizando_el_correo_electronico_de_Catalana_Occidente\" >Utilizando el correo electr\u00f3nico de Catalana Occidente<\/a><\/li><li class='ez-toc-page-1 ez-toc-heading-level-3'><a class=\"ez-toc-link ez-toc-heading-4\" href=\"https:\/\/idecesos.com\/seguros\/companias\/catalana-occidente\/dar-de-baja\/#Dar_de_baja_Catalana_Occidente_por_fax\" >Dar de baja Catalana Occidente por fax<\/a><\/li><li class='ez-toc-page-1 ez-toc-heading-level-3'><a class=\"ez-toc-link ez-toc-heading-5\" href=\"https:\/\/idecesos.com\/seguros\/companias\/catalana-occidente\/dar-de-baja\/#En_la_oficina_de_Catalana_Occidente\" >En la oficina de Catalana Occidente<\/a><\/li><li class='ez-toc-page-1 ez-toc-heading-level-3'><a class=\"ez-toc-link ez-toc-heading-6\" href=\"https:\/\/idecesos.com\/seguros\/companias\/catalana-occidente\/dar-de-baja\/#Telefono_para_dar_de_baja_Catalana_Occidente\" >T\u00e9lefono para dar de baja Catalana Occidente<\/a><\/li><\/ul><\/li><li class='ez-toc-page-1 ez-toc-heading-level-2'><a class=\"ez-toc-link ez-toc-heading-7\" href=\"https:\/\/idecesos.com\/seguros\/companias\/catalana-occidente\/dar-de-baja\/#Dar_de_baja_seguro_Catalana_Occidente_de_un_fallecido\" >Dar de baja seguro Catalana Occidente de un fallecido<\/a><ul class='ez-toc-list-level-3' ><li class='ez-toc-heading-level-3'><a class=\"ez-toc-link ez-toc-heading-8\" href=\"https:\/\/idecesos.com\/seguros\/companias\/catalana-occidente\/dar-de-baja\/#Paginas_relacionadas\" >P\u00e1ginas relacionadas<\/a><\/li><\/ul><\/li><\/ul><\/nav><\/div>\n<p> A continuaci\u00f3n, le vamos a explicar de qu\u00e9 forma dar de baja su seguro de decesos. iDecesos ha trabajado para explicarte de qu\u00e9 manera hacerlo y a fin de que no se deba preocupar por nada en tanto que esto puede parecer algo bastante dif\u00edcil o complejo. A continuaci\u00f3n, vas a hallar de forma detallada los pasos que tienes llevar a cabo y las maneras que tienes para darte de baja. Merced a iDecesos, vas a conocer las diferentes opciones que tienes para dar de baja tu seguro de decesos. Nuestra recomendaci\u00f3n es que no des de baja tu seguro ya que en el futuro podr\u00e1 servirte para asegurarte y evitarle problemas a tus familiares. <div class=\"colorf \"  ><div class=\"container clearfix\"><div class=\"col-md-7\"><\/p>\r\n<h2><span class=\"ez-toc-section\" id=\"Diferentes_opciones_para_cancelar_un_contrato_con_Catalana_Occidente\"><\/span>Diferentes opciones para cancelar un contrato con Catalana Occidente<span class=\"ez-toc-section-end\"><\/span><\/h2>\r\n<!-- \/wp:post-content -->\r\n\r\n<!-- wp:paragraph -->\r\n<p>No todas las empresas aseguradoras de decesos marchan de igual manera, mas pr\u00e1cticamente todas le piden a sus clientes del servicio un documento en el que solicita dar de baja sus servicios. Contactando con nosotros, a trav\u00e9s del correo o bien n\u00famero de tel\u00e9fono disponible, va a poder conseguir el documento de compa\u00f1\u00eda. Sea cual sea, la manera que decida en la que darse de baja, si escoge la opci\u00f3n de enviar una carta certificada, en la que conste la cancelaci\u00f3n del contrato Catalana Occidente, esta va a deber admitirlo y darlo por v\u00e1lido. Se le recomienda que, no pierda el resguardo del documento y guarde con \u00e9l una copia. Ahora, se le ense\u00f1ar\u00e1 diferentes m\u00e9todos para dar de baja su seguro de decesos Catalana Occidente. <\/div><\/div><\/div><\/p>\r\n<h3><span class=\"ez-toc-section\" id=\"A_traves_de_la_web_de_Catalana_Occidente\"><\/span>A trav\u00e9s de la web de Catalana Occidente<span class=\"ez-toc-section-end\"><\/span><\/h3>\r\n<p>Puedes anular tu seguro de fallecimiento de forma directa a trav\u00e9s de la compa\u00f1\u00eda del seguro. Escribe la p\u00e1gina web www.seguroscatalanaoccidente.com\/contactanos en su buscador para conocer la informaci\u00f3n que precisas saber. Si no dispone de buscador, busque la secci\u00f3n que m\u00e1s se amolde a su necesidad. Para proceder a dar de baja el seguro, deber\u00e1s rellenar el formulario que se te indique. Si de todas formas no encuentra lo que busca, no tiene que preocuparse, p\u00f3ngase en contacto con nosotros para que podamos facilitarle toda la informaci\u00f3n que necesita por medio de nuestro n\u00famero de tel\u00e9fono 951 127 403 o por nuestro correo electr\u00f3nico info@idecesos. com. Caso de que s\u00ed le aparezca lo que busca, tras rellenar y enviar todo lo que le solicitan, en solo unos minutos va a recibir un documento de Catalana Occidente informando de su baja a trav\u00e9s de e-mail y carta. <div class=\"colorf \"  ><div class=\"container clearfix\"><div class=\"col-md-7\"><\/p>\r\n<h3><span class=\"ez-toc-section\" id=\"Utilizando_el_correo_electronico_de_Catalana_Occidente\"><\/span>Utilizando el correo electr\u00f3nico de Catalana Occidente<span class=\"ez-toc-section-end\"><\/span><\/h3>\r\n<p>Por mail tambi\u00e9n puedes solicitar la baja de tu seguro de decesos. Es muy f\u00e1cil, agrega la pr\u00f3xima direcci\u00f3n a tu correo email Catalana Occidente y en tan solo un par de minutos podr\u00e1s tenerlo todo solucionado. Env\u00edeles los pr\u00f3ximos documentos: una copia del documento de identidad del contratante y la notificaci\u00f3n firmada por el asegurado con sus datos personales, que puedes localizarla en la web de Catalana Occidente o bien puedes ped\u00edrnosla a nosotros a trav\u00e9s de nuestro n\u00famero 951 127 403 o correo info@idecesos. com, como ya hemos comentado previamente. Le recordamos que deber\u00e1 guardar una copia sellada y tener un justificante de recibo a fin de que su ejecuci\u00f3n pueda llevarse a cabo. Guarde asimismo una imitaci\u00f3n de la notificaci\u00f3n con su fecha de env\u00edo, para quedarse a\u00fan m\u00e1s tranquilos y no puedan ponerle ninguna pega en un futuro, todo por seguridad. <\/div><\/div><\/div><\/p>\r\n<h3><span class=\"ez-toc-section\" id=\"Dar_de_baja_Catalana_Occidente_por_fax\"><\/span>Dar de baja Catalana Occidente por fax<span class=\"ez-toc-section-end\"><\/span><\/h3>\r\n<p>El fax es otro elemento por el que podr\u00e1 darse de baja del seguro de decesos de Catalana Occidente. Para mandar tu solicitud a trav\u00e9s de el fax, el proceso a proseguir es muy sencillo al igual que el del mail. Solo tienes que mandarle a tu compa\u00f1\u00eda de seguro tu copia del DNI y la notificaci\u00f3n firmada. Ll\u00e1manos en el 951 127 403 y te informaremos sobre donde puedes hallar la notificaci\u00f3n. Guarda la copia sellada y el justificante del recibo para que no tengas ning\u00fan inconveniente en el futuro. Para tu mayor tranquilidad y bienestar, guarda tambi\u00e9n la copia de la notificaci\u00f3n con la fecha de env\u00edo. <div class=\"colorf \"  ><div class=\"container clearfix\"><div class=\"col-md-7\"><\/p>\r\n<h3><span class=\"ez-toc-section\" id=\"En_la_oficina_de_Catalana_Occidente\"><\/span>En la oficina de Catalana Occidente<span class=\"ez-toc-section-end\"><\/span><\/h3>\r\n<p>Si usted desea ir presencialmente a una oficina de Catalana Occidente asimismo va a poder darse de baja all\u00ed de manera directa. Hallar\u00e1 la oficina, m\u00e1s pr\u00f3xima a su casa, haciendo una busca en Internet. Catalana Occidente dispone de unos expertos, altamente cualificados, que van a estar a su predisposici\u00f3n para asistirle con los documentos que debe rellenar y firmar. Es tan f\u00e1cil como continuar los pasos que le vayan marcando. Es muy preciso que no olvide su documento nacional de identidad, para que, cada una parte del proceso, se pueda hacer correctamente. Todo este proceso es muy simple y sencillo, le entregar\u00e1n las copias de los documentos y el equipo profesional se ocupar\u00e1 de concluir todos los tr\u00e1mites. <\/div><\/div><\/div><\/p>\r\n<h3><span class=\"ez-toc-section\" id=\"Telefono_para_dar_de_baja_Catalana_Occidente\"><\/span>T\u00e9lefono para dar de baja Catalana Occidente<span class=\"ez-toc-section-end\"><\/span><\/h3>\r\n<p>Puedes pedir la baja de tu seguro de decesos mediante su telef\u00f3no de contacto. Ll\u00e1manos al 932 220 212 para darte m\u00e1s informaci\u00f3n sobre de qu\u00e9 manera puedes pedir la baja o bien contacta con tu compa\u00f1\u00eda aseguradora tras localizar su tel\u00e9fono por internet. Solo deber\u00e1s indicar el motivo de la llamada y pedir charlar con un agente que pueda asesorarte. Solo deber\u00e1s continuar las indicaciones del agente de la compa\u00f1\u00eda para proceder a la baja del seguro. Te recomendamos tener contratado un seguro de decesos con lo que pueda pasar en el futuro. Puedes hacer una comparaci\u00f3n en iDecesos para ver las distintas posibilidades. <div class=\"colorf \"  ><div class=\"container clearfix\"><div class=\"col-md-7\"><\/p>\r\n<h2><span class=\"ez-toc-section\" id=\"Dar_de_baja_seguro_Catalana_Occidente_de_un_fallecido\"><\/span>Dar de baja seguro Catalana Occidente de un fallecido<span class=\"ez-toc-section-end\"><\/span><\/h2>\r\n<p>Finalmente, le explicaremos, con detalle, la forma en la que puede dar de baja su seguro de decesos, tras fallecer la persona asegurada. Es la manera m\u00e1s f\u00e1cil de cancelar un seguro de este tipo. No tendr\u00e1 que preocuparse por nada, los especialistas se ocupar\u00e1n de todos los tr\u00e1mites. Catalana Occidente se ocupar\u00e1 de anular el seguro de decesos que tenga contratado, tras su fallecimiento. Tras la prestaci\u00f3n del servicio del sepelio, Catalana Occidente se har\u00e1 cargo de dar de baja el seguro de decesos del fallecido y, no deber\u00e1 preocuparse por nada. <\/div><\/div><\/div> <div class=\"oficinas\"> <h3><span class=\"ez-toc-section\" id=\"Paginas_relacionadas\"><\/span>P\u00e1ginas relacionadas<span class=\"ez-toc-section-end\"><\/span><\/h3><div class=\"enlazado\"><ul> <li><a href=\"https:\/\/idecesos.com\/seguros\/companias\/catalana-occidente\/opiniones\/\">Opiniones Catalana Occidente<\/a><\/li> <li><a href=\"https:\/\/idecesos.com\/seguros\/companias\/catalana-occidente\/precio\/\">Precio seguro Catalana Occidente<\/a><\/li> <li><a href=\"https:\/\/idecesos.com\/seguros\/companias\/catalana-occidente\/prima-mixta\/\">Catalana Occidente Prima Mixta<\/a><\/li> <li><a href=\"https:\/\/idecesos.com\/seguros\/companias\/catalana-occidente\/prima-natural\/\">Catalana Occidente Prima Natural<\/a><\/li> <li><a href=\"https:\/\/idecesos.com\/seguros\/companias\/catalana-occidente\/prima-nivelada\/\">Catalana Occidente Prima Nivelada<\/a><\/li> <li><a href=\"https:\/\/idecesos.com\/seguros\/companias\/catalana-occidente\/prima-unica\/\">Catalana Occidente Prima \u00danica<\/a><\/li> <li><a href=\"https:\/\/idecesos.com\/seguros\/companias\/catalana-occidente\/repatriacion\/\">Catalana Occidente Repatriaci\u00f3n<\/a><\/li> <li><a href=\"https:\/\/idecesos.com\/seguros\/companias\/catalana-occidente\/telefono\/\">Tel\u00e9fono Gratuito Catalana Occidente<\/a><\/li><\/ul><\/div> <\/div><\/p>","protected":false},"excerpt":{"rendered":"<p>A continuaci\u00f3n, le vamos a explicar de qu\u00e9 forma dar de baja su seguro de decesos. iDecesos ha trabajado para explicarte de qu\u00e9 manera hacerlo y a fin de que no se deba preocupar por nada en tanto que esto puede parecer algo bastante dif\u00edcil o complejo. A continuaci\u00f3n, vas a hallar de forma detallada&hellip; <\/p>\n","protected":false},"author":1,"featured_media":0,"parent":617,"menu_order":0,"comment_status":"closed","ping_status":"closed","template":"single.php","meta":{"footnotes":""},"class_list":["post-18204","page","type-page","status-publish","hentry"],"yoast_head":"<!-- This site is optimized with the Yoast SEO plugin v27.3 - https:\/\/yoast.com\/product\/yoast-seo-wordpress\/ -->\n<title>\u00bfC\u00f3mo dar de Baja o Cancelar Seguro de Decesos Catalana Occidente?<\/title>\n<meta name=\"description\" content=\"Obt\u00e9n aqu\u00ed\u3010c\u00f3mo dar de baja o cancelar seguro de decesos Catalana Occidente\u3011Modelo carta, fax, correo electr\u00f3nico (email), tel\u00e9fono gratis.\" \/>\n<meta name=\"robots\" content=\"index, follow, max-snippet:-1, max-image-preview:large, max-video-preview:-1\" \/>\n<link rel=\"canonical\" href=\"https:\/\/idecesos.com\/seguros\/companias\/catalana-occidente\/dar-de-baja\/\" \/>\n<meta property=\"og:locale\" content=\"es_ES\" \/>\n<meta property=\"og:type\" content=\"article\" \/>\n<meta property=\"og:title\" content=\"\u00bfC\u00f3mo dar de Baja o Cancelar Seguro de Decesos Catalana Occidente?\" \/>\n<meta property=\"og:description\" content=\"Obt\u00e9n aqu\u00ed\u3010c\u00f3mo dar de baja o cancelar seguro de decesos Catalana Occidente\u3011Modelo carta, fax, correo electr\u00f3nico (email), tel\u00e9fono gratis.\" \/>\n<meta property=\"og:url\" content=\"https:\/\/idecesos.com\/seguros\/companias\/catalana-occidente\/dar-de-baja\/\" \/>\n<meta property=\"article:modified_time\" content=\"2022-01-27T16:13:27+00:00\" \/>\n<meta name=\"twitter:card\" content=\"summary_large_image\" \/>\n<meta name=\"twitter:label1\" content=\"Tiempo de lectura\" \/>\n\t<meta name=\"twitter:data1\" content=\"5 minutos\" \/>\n<script type=\"application\/ld+json\" class=\"yoast-schema-graph\">{\"@context\":\"https:\\\/\\\/schema.org\",\"@graph\":[{\"@type\":\"WebPage\",\"@id\":\"https:\\\/\\\/idecesos.com\\\/seguros\\\/companias\\\/catalana-occidente\\\/dar-de-baja\\\/\",\"url\":\"https:\\\/\\\/idecesos.com\\\/seguros\\\/companias\\\/catalana-occidente\\\/dar-de-baja\\\/\",\"name\":\"\u00bfC\u00f3mo dar de Baja o Cancelar Seguro de Decesos Catalana Occidente?\",\"isPartOf\":{\"@id\":\"https:\\\/\\\/idecesos.com\\\/seguros\\\/#website\"},\"datePublished\":\"2021-12-29T11:53:05+00:00\",\"dateModified\":\"2022-01-27T16:13:27+00:00\",\"description\":\"Obt\u00e9n aqu\u00ed\u3010c\u00f3mo dar de baja o cancelar seguro de decesos Catalana Occidente\u3011Modelo carta, fax, correo electr\u00f3nico (email), tel\u00e9fono gratis.\",\"breadcrumb\":{\"@id\":\"https:\\\/\\\/idecesos.com\\\/seguros\\\/companias\\\/catalana-occidente\\\/dar-de-baja\\\/#breadcrumb\"},\"inLanguage\":\"es\",\"potentialAction\":[{\"@type\":\"ReadAction\",\"target\":[\"https:\\\/\\\/idecesos.com\\\/seguros\\\/companias\\\/catalana-occidente\\\/dar-de-baja\\\/\"]}]},{\"@type\":\"BreadcrumbList\",\"@id\":\"https:\\\/\\\/idecesos.com\\\/seguros\\\/companias\\\/catalana-occidente\\\/dar-de-baja\\\/#breadcrumb\",\"itemListElement\":[{\"@type\":\"ListItem\",\"position\":1,\"name\":\"Portada\",\"item\":\"https:\\\/\\\/idecesos.com\\\/seguros\\\/\"},{\"@type\":\"ListItem\",\"position\":2,\"name\":\"Compa\u00f1\u00edas de Seguros de Decesos en Espa\u00f1a\",\"item\":\"https:\\\/\\\/idecesos.com\\\/seguros\\\/companias\\\/\"},{\"@type\":\"ListItem\",\"position\":3,\"name\":\"Seguro de decesos Catalana Occidente\",\"item\":\"https:\\\/\\\/idecesos.com\\\/seguros\\\/companias\\\/catalana-occidente\\\/\"},{\"@type\":\"ListItem\",\"position\":4,\"name\":\"\u00bfC\u00f3mo dar de baja seguro Catalana Occidente?\"}]},{\"@type\":\"WebSite\",\"@id\":\"https:\\\/\\\/idecesos.com\\\/seguros\\\/#website\",\"url\":\"https:\\\/\\\/idecesos.com\\\/seguros\\\/\",\"name\":\"\",\"description\":\"\",\"potentialAction\":[{\"@type\":\"SearchAction\",\"target\":{\"@type\":\"EntryPoint\",\"urlTemplate\":\"https:\\\/\\\/idecesos.com\\\/seguros\\\/?s={search_term_string}\"},\"query-input\":{\"@type\":\"PropertyValueSpecification\",\"valueRequired\":true,\"valueName\":\"search_term_string\"}}],\"inLanguage\":\"es\"}]}<\/script>\n<!-- \/ Yoast SEO plugin. -->","yoast_head_json":{"title":"\u00bfC\u00f3mo dar de Baja o Cancelar Seguro de Decesos Catalana Occidente?","description":"Obt\u00e9n aqu\u00ed\u3010c\u00f3mo dar de baja o cancelar seguro de decesos Catalana Occidente\u3011Modelo carta, fax, correo electr\u00f3nico (email), tel\u00e9fono gratis.","robots":{"index":"index","follow":"follow","max-snippet":"max-snippet:-1","max-image-preview":"max-image-preview:large","max-video-preview":"max-video-preview:-1"},"canonical":"https:\/\/idecesos.com\/seguros\/companias\/catalana-occidente\/dar-de-baja\/","og_locale":"es_ES","og_type":"article","og_title":"\u00bfC\u00f3mo dar de Baja o Cancelar Seguro de Decesos Catalana Occidente?","og_description":"Obt\u00e9n aqu\u00ed\u3010c\u00f3mo dar de baja o cancelar seguro de decesos Catalana Occidente\u3011Modelo carta, fax, correo electr\u00f3nico (email), tel\u00e9fono gratis.","og_url":"https:\/\/idecesos.com\/seguros\/companias\/catalana-occidente\/dar-de-baja\/","article_modified_time":"2022-01-27T16:13:27+00:00","twitter_card":"summary_large_image","twitter_misc":{"Tiempo de lectura":"5 minutos"},"schema":{"@context":"https:\/\/schema.org","@graph":[{"@type":"WebPage","@id":"https:\/\/idecesos.com\/seguros\/companias\/catalana-occidente\/dar-de-baja\/","url":"https:\/\/idecesos.com\/seguros\/companias\/catalana-occidente\/dar-de-baja\/","name":"\u00bfC\u00f3mo dar de Baja o Cancelar Seguro de Decesos Catalana Occidente?","isPartOf":{"@id":"https:\/\/idecesos.com\/seguros\/#website"},"datePublished":"2021-12-29T11:53:05+00:00","dateModified":"2022-01-27T16:13:27+00:00","description":"Obt\u00e9n aqu\u00ed\u3010c\u00f3mo dar de baja o cancelar seguro de decesos Catalana Occidente\u3011Modelo carta, fax, correo electr\u00f3nico (email), tel\u00e9fono gratis.","breadcrumb":{"@id":"https:\/\/idecesos.com\/seguros\/companias\/catalana-occidente\/dar-de-baja\/#breadcrumb"},"inLanguage":"es","potentialAction":[{"@type":"ReadAction","target":["https:\/\/idecesos.com\/seguros\/companias\/catalana-occidente\/dar-de-baja\/"]}]},{"@type":"BreadcrumbList","@id":"https:\/\/idecesos.com\/seguros\/companias\/catalana-occidente\/dar-de-baja\/#breadcrumb","itemListElement":[{"@type":"ListItem","position":1,"name":"Portada","item":"https:\/\/idecesos.com\/seguros\/"},{"@type":"ListItem","position":2,"name":"Compa\u00f1\u00edas de Seguros de Decesos en Espa\u00f1a","item":"https:\/\/idecesos.com\/seguros\/companias\/"},{"@type":"ListItem","position":3,"name":"Seguro de decesos Catalana Occidente","item":"https:\/\/idecesos.com\/seguros\/companias\/catalana-occidente\/"},{"@type":"ListItem","position":4,"name":"\u00bfC\u00f3mo dar de baja seguro Catalana Occidente?"}]},{"@type":"WebSite","@id":"https:\/\/idecesos.com\/seguros\/#website","url":"https:\/\/idecesos.com\/seguros\/","name":"","description":"","potentialAction":[{"@type":"SearchAction","target":{"@type":"EntryPoint","urlTemplate":"https:\/\/idecesos.com\/seguros\/?s={search_term_string}"},"query-input":{"@type":"PropertyValueSpecification","valueRequired":true,"valueName":"search_term_string"}}],"inLanguage":"es"}]}},"_links":{"self":[{"href":"https:\/\/idecesos.com\/seguros\/wp-json\/wp\/v2\/pages\/18204","targetHints":{"allow":["GET"]}}],"collection":[{"href":"https:\/\/idecesos.com\/seguros\/wp-json\/wp\/v2\/pages"}],"about":[{"href":"https:\/\/idecesos.com\/seguros\/wp-json\/wp\/v2\/types\/page"}],"author":[{"embeddable":true,"href":"https:\/\/idecesos.com\/seguros\/wp-json\/wp\/v2\/users\/1"}],"replies":[{"embeddable":true,"href":"https:\/\/idecesos.com\/seguros\/wp-json\/wp\/v2\/comments?post=18204"}],"version-history":[{"count":1,"href":"https:\/\/idecesos.com\/seguros\/wp-json\/wp\/v2\/pages\/18204\/revisions"}],"predecessor-version":[{"id":19085,"href":"https:\/\/idecesos.com\/seguros\/wp-json\/wp\/v2\/pages\/18204\/revisions\/19085"}],"up":[{"embeddable":true,"href":"https:\/\/idecesos.com\/seguros\/wp-json\/wp\/v2\/pages\/617"}],"wp:attachment":[{"href":"https:\/\/idecesos.com\/seguros\/wp-json\/wp\/v2\/media?parent=18204"}],"curies":[{"name":"wp","href":"https:\/\/api.w.org\/{rel}","templated":true}]}}