{"id":18205,"date":"2021-12-29T11:53:05","date_gmt":"2021-12-29T11:53:05","guid":{"rendered":"https:\/\/idecesos.com\/seguros\/companias\/generali\/dar-de-baja\/"},"modified":"2022-01-27T15:51:59","modified_gmt":"2022-01-27T15:51:59","slug":"dar-de-baja","status":"publish","type":"page","link":"https:\/\/idecesos.com\/seguros\/companias\/generali\/dar-de-baja\/","title":{"rendered":"\u00bfC\u00f3mo dar de baja seguro Generali?"},"content":{"rendered":"<div id=\"ez-toc-container\" class=\"ez-toc-v2_0_82_2 ez-toc-wrap-center counter-hierarchy ez-toc-counter ez-toc-custom ez-toc-container-direction\">\n<div class=\"ez-toc-title-container\">\n<p class=\"ez-toc-title\" style=\"cursor:inherit\">Tabla de Contenido<\/p>\n<span class=\"ez-toc-title-toggle\"><a href=\"#\" class=\"ez-toc-pull-right ez-toc-btn ez-toc-btn-xs ez-toc-btn-default ez-toc-toggle\" aria-label=\"Alternar tabla de contenidos\"><span class=\"ez-toc-js-icon-con\"><span class=\"\"><span class=\"eztoc-hide\" style=\"display:none;\">Toggle<\/span><span class=\"ez-toc-icon-toggle-span\"><svg style=\"fill: #db6415;color:#db6415\" xmlns=\"http:\/\/www.w3.org\/2000\/svg\" class=\"list-377408\" width=\"20px\" height=\"20px\" viewBox=\"0 0 24 24\" fill=\"none\"><path d=\"M6 6H4v2h2V6zm14 0H8v2h12V6zM4 11h2v2H4v-2zm16 0H8v2h12v-2zM4 16h2v2H4v-2zm16 0H8v2h12v-2z\" fill=\"currentColor\"><\/path><\/svg><svg style=\"fill: #db6415;color:#db6415\" class=\"arrow-unsorted-368013\" xmlns=\"http:\/\/www.w3.org\/2000\/svg\" width=\"10px\" height=\"10px\" viewBox=\"0 0 24 24\" version=\"1.2\" baseProfile=\"tiny\"><path d=\"M18.2 9.3l-6.2-6.3-6.2 6.3c-.2.2-.3.4-.3.7s.1.5.3.7c.2.2.4.3.7.3h11c.3 0 .5-.1.7-.3.2-.2.3-.5.3-.7s-.1-.5-.3-.7zM5.8 14.7l6.2 6.3 6.2-6.3c.2-.2.3-.5.3-.7s-.1-.5-.3-.7c-.2-.2-.4-.3-.7-.3h-11c-.3 0-.5.1-.7.3-.2.2-.3.5-.3.7s.1.5.3.7z\"\/><\/svg><\/span><\/span><\/span><\/a><\/span><\/div>\n<nav><ul class='ez-toc-list ez-toc-list-level-1 ' ><li class='ez-toc-page-1 ez-toc-heading-level-2'><a class=\"ez-toc-link ez-toc-heading-1\" href=\"https:\/\/idecesos.com\/seguros\/companias\/generali\/dar-de-baja\/#Diferentes_opciones_para_cancelar_un_contrato_con_Generali\" >Diferentes opciones para cancelar un contrato con Generali<\/a><ul class='ez-toc-list-level-3' ><li class='ez-toc-heading-level-3'><a class=\"ez-toc-link ez-toc-heading-2\" href=\"https:\/\/idecesos.com\/seguros\/companias\/generali\/dar-de-baja\/#A_traves_de_la_web_de_Generali\" >A trav\u00e9s de la web de Generali<\/a><\/li><li class='ez-toc-page-1 ez-toc-heading-level-3'><a class=\"ez-toc-link ez-toc-heading-3\" href=\"https:\/\/idecesos.com\/seguros\/companias\/generali\/dar-de-baja\/#Utilizando_el_correo_electronico_de_Generali\" >Utilizando el correo electr\u00f3nico de Generali<\/a><\/li><li class='ez-toc-page-1 ez-toc-heading-level-3'><a class=\"ez-toc-link ez-toc-heading-4\" href=\"https:\/\/idecesos.com\/seguros\/companias\/generali\/dar-de-baja\/#Dar_de_baja_Generali_por_fax\" >Dar de baja Generali por fax<\/a><\/li><li class='ez-toc-page-1 ez-toc-heading-level-3'><a class=\"ez-toc-link ez-toc-heading-5\" href=\"https:\/\/idecesos.com\/seguros\/companias\/generali\/dar-de-baja\/#En_la_oficina_de_Generali\" >En la oficina de Generali<\/a><\/li><li class='ez-toc-page-1 ez-toc-heading-level-3'><a class=\"ez-toc-link ez-toc-heading-6\" href=\"https:\/\/idecesos.com\/seguros\/companias\/generali\/dar-de-baja\/#Telefono_para_dar_de_baja_Generali\" >T\u00e9lefono para dar de baja Generali<\/a><\/li><\/ul><\/li><li class='ez-toc-page-1 ez-toc-heading-level-2'><a class=\"ez-toc-link ez-toc-heading-7\" href=\"https:\/\/idecesos.com\/seguros\/companias\/generali\/dar-de-baja\/#Dar_de_baja_seguro_Generali_de_un_fallecido\" >Dar de baja seguro Generali de un fallecido<\/a><ul class='ez-toc-list-level-3' ><li class='ez-toc-heading-level-3'><a class=\"ez-toc-link ez-toc-heading-8\" href=\"https:\/\/idecesos.com\/seguros\/companias\/generali\/dar-de-baja\/#Paginas_relacionadas\" >P\u00e1ginas relacionadas<\/a><\/li><\/ul><\/li><\/ul><\/nav><\/div>\n<p> iDecesos ha realizado una investigaci\u00f3n para poder explicarle la forma en la que puede dar de baja su seguro de decesos. Llevarlo a cabo es muy f\u00e1cil y, nosotros, le mostraremos cada paso que debe continuar a fin de que no tenga que preocuparse. Merced a la informaci\u00f3n que podr\u00e1s recabar, en pocos minutos, vas a tener la posibilidad de llevarlo a cabo y dar soluci\u00f3n a sus inconvenientes. Asimismo podr\u00e1 buscar una nueva alternativa a su seguro ya que le aconsejamos que no se quede sin uno en tanto que el seguro de decesos le brinda a usted y a sus familiares una gran calma por todo lo que pueda ocurrir en un futuro. Un paso que no debe olvidar, es que debe avisar, por lo menos 30 d\u00edas antes de la renovaci\u00f3n, a la compa\u00f1\u00eda, a fin de que no surja ning\u00fan inconveniente. <div class=\"colorf \"  ><div class=\"container clearfix\"><div class=\"col-md-7\"><\/p>\r\n<h2><span class=\"ez-toc-section\" id=\"Diferentes_opciones_para_cancelar_un_contrato_con_Generali\"><\/span>Diferentes opciones para cancelar un contrato con Generali<span class=\"ez-toc-section-end\"><\/span><\/h2>\r\n<!-- \/wp:post-content -->\r\n\r\n<!-- wp:paragraph -->\r\n<p>La manera de actuar de cada compa\u00f1\u00eda es muy diferente pero, pr\u00e1cticamente todas, piden a sus asegurados un documento en el que quede constancia su deseo de dar de baja a su seguro. Aunque haya muchas formas de llevar a cabo la cancelaci\u00f3n de su contrato, es v\u00e1lido el env\u00edo de una carta certificada, con el modelo est\u00e1ndar. iDecesos le recomienda que haga una copia del documento y tenga a buen recaudo el resguardo. A continuaci\u00f3n, le indicaremos otras formas de dar de baja a su seguro de decesos. <\/div><\/div><\/div><\/p>\r\n<h3><span class=\"ez-toc-section\" id=\"A_traves_de_la_web_de_Generali\"><\/span>A trav\u00e9s de la web de Generali<span class=\"ez-toc-section-end\"><\/span><\/h3>\r\n<p>Uno de los diferentes m\u00e9todos para darse de bajas en el seguro de decesos de Generali es desde su web www.generali.es\/contacto-generali\/atencion-al-cliente. Va a ser tan f\u00e1cil como entrar en la secci\u00f3n de bajas o, poner en el buscador de la web lo que quieras saber. Seguidamente, va a tener la posibilidad de rellenar un formulario o bien descargar el documento para su baja. Si no halla el resultado esperado no se preocupe, p\u00f3ngase en contacto por tel\u00e9fono con Generali o m\u00e1ndales un correo al siguiente apartado comentando el inconveniente que le ha ocurrido email Generali. Al contrario, si todo sale bien, va a recibir de manera instant\u00e1nea un e mail por la parte de la compa\u00f1\u00eda, con la confirmaci\u00f3n de baja de su seguro. <div class=\"colorf \"  ><div class=\"container clearfix\"><div class=\"col-md-7\"><\/p>\r\n<h3><span class=\"ez-toc-section\" id=\"Utilizando_el_correo_electronico_de_Generali\"><\/span>Utilizando el correo electr\u00f3nico de Generali<span class=\"ez-toc-section-end\"><\/span><\/h3>\r\n<p>Si quiere finalizar su seguro de decesos Generali y siente que no le ofrece las mejores condiciones, puede hacerlo mediante su e-mail. En apenas unos minutos podr\u00e1 mandarles a su email la pr\u00f3xima informaci\u00f3n: una copia del DNI del tomador y la notificaci\u00f3n con un escrito solicitando la baja, que previamente le hemos dicho de qu\u00e9 manera lograrla, firmada por el asegurado con sus datos personales. Deber\u00e1 guardar una copia sellada y tener un justificante de recibo para que su ejecuci\u00f3n pueda realizarse. Otros documentos que no puedes perder es la copia de la notificaci\u00f3n del correo con la data escrita de cuando se envi\u00f3. Manda a tu compa\u00f1\u00eda por e-mail el n\u00famero de tu p\u00f3liza ya antes de los 30 d\u00edas del vencimiento del contrato. <\/div><\/div><\/div><\/p>\r\n<h3><span class=\"ez-toc-section\" id=\"Dar_de_baja_Generali_por_fax\"><\/span>Dar de baja Generali por fax<span class=\"ez-toc-section-end\"><\/span><\/h3>\r\n<p>Darse de baja por fax asimismo es una alternativa. Esto es muy semejante al e-mail. Los pasos son exactamente los mismos, tanto digitalmente como por fax. Va a poder encontrar en la p\u00e1gina web de Generali o bien llam\u00e1ndonos al \u00a091 837 37 07\u00a0la notificaci\u00f3n que debe mandar, firmada, as\u00ed como una copia de su documento nacional de identidad. Le hacemos un recordatorio importante: debe tener guardada una copia sellada y un justificante del recibo. Adem\u00e1s, con lo que pueda suceder en el futuro, le recomendamos que guarde una imitaci\u00f3n de la notificaci\u00f3n con la fecha de env\u00edo al igual que si lo hace por correo. <div class=\"colorf \"  ><div class=\"container clearfix\"><div class=\"col-md-7\"><\/p>\r\n<h3><span class=\"ez-toc-section\" id=\"En_la_oficina_de_Generali\"><\/span>En la oficina de Generali<span class=\"ez-toc-section-end\"><\/span><\/h3>\r\n<p>El procedimiento m\u00e1s f\u00e1cil y r\u00e1pido para dar de baja tu seguro de decesos es personandote en la oficina de tu aseguradora. Esto puede provocar un momento embarazoso para usted y si tiene claro que desea cancelar su contrato va a deber aportar un escrito solicit\u00e1ndolo con copia de su dni y que en la misma oficina le apliquen un sello de entrada con el logotipo oficial de Generali y con la fecha de ese d\u00eda. En el momento en que te ponen el sello, se comprende que todos y cada uno de los recibos entregados se han realizado correctamente. Para poder darse de baja, tiene que efectuarse en el tiempo estipulado por la Ley General de Seguros o lo que es exactamente lo mismo, un mes antes del fin del contrato. <\/div><\/div><\/div><\/p>\r\n<h3><span class=\"ez-toc-section\" id=\"Telefono_para_dar_de_baja_Generali\"><\/span>T\u00e9lefono para dar de baja Generali<span class=\"ez-toc-section-end\"><\/span><\/h3>\r\n<p>Recurrir al tel\u00e9fono de Generali para darse de baja en sus seguro de decesos es muy usual. Si te pones en contacto con el n\u00famero que te se\u00f1alamos, te vamos a poner en contacto con una persona que te ayudar\u00e1 y te asesorar\u00e1 en todo el proceso. Va a poder efectuarse la baja del seguro de decesos toda vez que se pruebe que es el tomador de la p\u00f3liza el que la solicita y que est\u00e1 dentro del periodo legal. En iDecesos ponemos a su predisposici\u00f3n nuestro servicio de administraci\u00f3n de baja sin coste a\u00f1adido para todos nuestros clientes del servicio de seguro de decesos, \u00fanicamente le requerimos una autorizaci\u00f3n legal. <div class=\"colorf \"  ><div class=\"container clearfix\"><div class=\"col-md-7\"><\/p>\r\n<h2><span class=\"ez-toc-section\" id=\"Dar_de_baja_seguro_Generali_de_un_fallecido\"><\/span>Dar de baja seguro Generali de un fallecido<span class=\"ez-toc-section-end\"><\/span><\/h2>\r\n<p>Finalmente, le daremos las claves a fin de que sepa de qu\u00e9 forma puede dar de baja el seguro, si la persona asegurada ha fallecido. Semeja algo complejo ya que el contratante del seguro ya no se encuentra con nosotros mas es la forma m\u00e1s f\u00e1cil de anular un seguro de decesos. No tendr\u00e1 que preocuparse por los tr\u00e1mites citados previamente. Generali es la encargada de cancelar su seguro de decesos de forma autom\u00e1tica tras la muerte de su asegurado. Tras el sepelio del asegurado, Generali dar\u00e1 de baja el seguro de la persona fallecida y, su familia, va a poder estar apacible a lo largo de todo el proceso. <\/div><\/div><\/div> <div class=\"oficinas\"> <h3><span class=\"ez-toc-section\" id=\"Paginas_relacionadas\"><\/span>P\u00e1ginas relacionadas<span class=\"ez-toc-section-end\"><\/span><\/h3><div class=\"enlazado\"><ul> <li><a href=\"https:\/\/idecesos.com\/seguros\/companias\/generali\/coberturas\/\">Coberturas Seguro de Decesos Generali<\/a><\/li> <li><a href=\"https:\/\/idecesos.com\/seguros\/companias\/generali\/opiniones\/\">Opiniones Generali<\/a><\/li> <li><a href=\"https:\/\/idecesos.com\/seguros\/companias\/generali\/precio\/\">Precio seguro Generali<\/a><\/li> <li><a href=\"https:\/\/idecesos.com\/seguros\/companias\/generali\/prima-mixta\/\">Generali Prima Mixta<\/a><\/li> <li><a href=\"https:\/\/idecesos.com\/seguros\/companias\/generali\/prima-natural\/\">Generali Prima Natural<\/a><\/li> <li><a href=\"https:\/\/idecesos.com\/seguros\/companias\/generali\/prima-nivelada\/\">Generali Prima Nivelada<\/a><\/li> <li><a href=\"https:\/\/idecesos.com\/seguros\/companias\/generali\/prima-unica\/\">Generali Prima \u00danica<\/a><\/li> <li><a href=\"https:\/\/idecesos.com\/seguros\/companias\/generali\/repatriacion\/\">Generali Repatriaci\u00f3n<\/a><\/li> <li><a href=\"https:\/\/idecesos.com\/seguros\/companias\/generali\/telefono\/\">Tel\u00e9fono Gratuito Generali<\/a><\/li><\/ul><\/div> <\/div><\/p>","protected":false},"excerpt":{"rendered":"<p>iDecesos ha realizado una investigaci\u00f3n para poder explicarle la forma en la que puede dar de baja su seguro de decesos. Llevarlo a cabo es muy f\u00e1cil y, nosotros, le mostraremos cada paso que debe continuar a fin de que no tenga que preocuparse. Merced a la informaci\u00f3n que podr\u00e1s recabar, en pocos minutos, vas&hellip; <\/p>\n","protected":false},"author":1,"featured_media":0,"parent":634,"menu_order":0,"comment_status":"closed","ping_status":"closed","template":"single.php","meta":{"footnotes":""},"class_list":["post-18205","page","type-page","status-publish","hentry"],"yoast_head":"<!-- This site is optimized with the Yoast SEO plugin v27.5 - https:\/\/yoast.com\/product\/yoast-seo-wordpress\/ -->\n<title>\u00bfC\u00f3mo dar de Baja o Cancelar Seguro de Decesos Generali?<\/title>\n<meta name=\"description\" content=\"Obt\u00e9n aqu\u00ed\u3010c\u00f3mo dar de baja o cancelar seguro de decesos Generali\u3011Modelo carta, fax, correo electr\u00f3nico (email), tel\u00e9fono gratis.\" \/>\n<meta name=\"robots\" content=\"index, follow, max-snippet:-1, max-image-preview:large, max-video-preview:-1\" \/>\n<link rel=\"canonical\" href=\"https:\/\/idecesos.com\/seguros\/companias\/generali\/dar-de-baja\/\" \/>\n<meta property=\"og:locale\" content=\"es_ES\" \/>\n<meta property=\"og:type\" content=\"article\" \/>\n<meta property=\"og:title\" content=\"\u00bfC\u00f3mo dar de Baja o Cancelar Seguro de Decesos Generali?\" \/>\n<meta property=\"og:description\" content=\"Obt\u00e9n aqu\u00ed\u3010c\u00f3mo dar de baja o cancelar seguro de decesos Generali\u3011Modelo carta, fax, correo electr\u00f3nico (email), tel\u00e9fono gratis.\" \/>\n<meta property=\"og:url\" content=\"https:\/\/idecesos.com\/seguros\/companias\/generali\/dar-de-baja\/\" \/>\n<meta property=\"article:modified_time\" content=\"2022-01-27T15:51:59+00:00\" \/>\n<meta name=\"twitter:card\" content=\"summary_large_image\" \/>\n<meta name=\"twitter:label1\" content=\"Tiempo de lectura\" \/>\n\t<meta name=\"twitter:data1\" content=\"5 minutos\" \/>\n<script type=\"application\/ld+json\" class=\"yoast-schema-graph\">{\"@context\":\"https:\\\/\\\/schema.org\",\"@graph\":[{\"@type\":\"WebPage\",\"@id\":\"https:\\\/\\\/idecesos.com\\\/seguros\\\/companias\\\/generali\\\/dar-de-baja\\\/\",\"url\":\"https:\\\/\\\/idecesos.com\\\/seguros\\\/companias\\\/generali\\\/dar-de-baja\\\/\",\"name\":\"\u00bfC\u00f3mo dar de Baja o Cancelar Seguro de Decesos Generali?\",\"isPartOf\":{\"@id\":\"https:\\\/\\\/idecesos.com\\\/seguros\\\/#website\"},\"datePublished\":\"2021-12-29T11:53:05+00:00\",\"dateModified\":\"2022-01-27T15:51:59+00:00\",\"description\":\"Obt\u00e9n aqu\u00ed\u3010c\u00f3mo dar de baja o cancelar seguro de decesos Generali\u3011Modelo carta, fax, correo electr\u00f3nico (email), tel\u00e9fono gratis.\",\"breadcrumb\":{\"@id\":\"https:\\\/\\\/idecesos.com\\\/seguros\\\/companias\\\/generali\\\/dar-de-baja\\\/#breadcrumb\"},\"inLanguage\":\"es\",\"potentialAction\":[{\"@type\":\"ReadAction\",\"target\":[\"https:\\\/\\\/idecesos.com\\\/seguros\\\/companias\\\/generali\\\/dar-de-baja\\\/\"]}]},{\"@type\":\"BreadcrumbList\",\"@id\":\"https:\\\/\\\/idecesos.com\\\/seguros\\\/companias\\\/generali\\\/dar-de-baja\\\/#breadcrumb\",\"itemListElement\":[{\"@type\":\"ListItem\",\"position\":1,\"name\":\"Portada\",\"item\":\"https:\\\/\\\/idecesos.com\\\/seguros\\\/\"},{\"@type\":\"ListItem\",\"position\":2,\"name\":\"Compa\u00f1\u00edas de Seguros de Decesos en Espa\u00f1a\",\"item\":\"https:\\\/\\\/idecesos.com\\\/seguros\\\/companias\\\/\"},{\"@type\":\"ListItem\",\"position\":3,\"name\":\"Seguro de decesos Generali\",\"item\":\"https:\\\/\\\/idecesos.com\\\/seguros\\\/companias\\\/generali\\\/\"},{\"@type\":\"ListItem\",\"position\":4,\"name\":\"\u00bfC\u00f3mo dar de baja seguro Generali?\"}]},{\"@type\":\"WebSite\",\"@id\":\"https:\\\/\\\/idecesos.com\\\/seguros\\\/#website\",\"url\":\"https:\\\/\\\/idecesos.com\\\/seguros\\\/\",\"name\":\"\",\"description\":\"\",\"potentialAction\":[{\"@type\":\"SearchAction\",\"target\":{\"@type\":\"EntryPoint\",\"urlTemplate\":\"https:\\\/\\\/idecesos.com\\\/seguros\\\/?s={search_term_string}\"},\"query-input\":{\"@type\":\"PropertyValueSpecification\",\"valueRequired\":true,\"valueName\":\"search_term_string\"}}],\"inLanguage\":\"es\"}]}<\/script>\n<!-- \/ Yoast SEO plugin. -->","yoast_head_json":{"title":"\u00bfC\u00f3mo dar de Baja o Cancelar Seguro de Decesos Generali?","description":"Obt\u00e9n aqu\u00ed\u3010c\u00f3mo dar de baja o cancelar seguro de decesos Generali\u3011Modelo carta, fax, correo electr\u00f3nico (email), tel\u00e9fono gratis.","robots":{"index":"index","follow":"follow","max-snippet":"max-snippet:-1","max-image-preview":"max-image-preview:large","max-video-preview":"max-video-preview:-1"},"canonical":"https:\/\/idecesos.com\/seguros\/companias\/generali\/dar-de-baja\/","og_locale":"es_ES","og_type":"article","og_title":"\u00bfC\u00f3mo dar de Baja o Cancelar Seguro de Decesos Generali?","og_description":"Obt\u00e9n aqu\u00ed\u3010c\u00f3mo dar de baja o cancelar seguro de decesos Generali\u3011Modelo carta, fax, correo electr\u00f3nico (email), tel\u00e9fono gratis.","og_url":"https:\/\/idecesos.com\/seguros\/companias\/generali\/dar-de-baja\/","article_modified_time":"2022-01-27T15:51:59+00:00","twitter_card":"summary_large_image","twitter_misc":{"Tiempo de lectura":"5 minutos"},"schema":{"@context":"https:\/\/schema.org","@graph":[{"@type":"WebPage","@id":"https:\/\/idecesos.com\/seguros\/companias\/generali\/dar-de-baja\/","url":"https:\/\/idecesos.com\/seguros\/companias\/generali\/dar-de-baja\/","name":"\u00bfC\u00f3mo dar de Baja o Cancelar Seguro de Decesos Generali?","isPartOf":{"@id":"https:\/\/idecesos.com\/seguros\/#website"},"datePublished":"2021-12-29T11:53:05+00:00","dateModified":"2022-01-27T15:51:59+00:00","description":"Obt\u00e9n aqu\u00ed\u3010c\u00f3mo dar de baja o cancelar seguro de decesos Generali\u3011Modelo carta, fax, correo electr\u00f3nico (email), tel\u00e9fono gratis.","breadcrumb":{"@id":"https:\/\/idecesos.com\/seguros\/companias\/generali\/dar-de-baja\/#breadcrumb"},"inLanguage":"es","potentialAction":[{"@type":"ReadAction","target":["https:\/\/idecesos.com\/seguros\/companias\/generali\/dar-de-baja\/"]}]},{"@type":"BreadcrumbList","@id":"https:\/\/idecesos.com\/seguros\/companias\/generali\/dar-de-baja\/#breadcrumb","itemListElement":[{"@type":"ListItem","position":1,"name":"Portada","item":"https:\/\/idecesos.com\/seguros\/"},{"@type":"ListItem","position":2,"name":"Compa\u00f1\u00edas de Seguros de Decesos en Espa\u00f1a","item":"https:\/\/idecesos.com\/seguros\/companias\/"},{"@type":"ListItem","position":3,"name":"Seguro de decesos Generali","item":"https:\/\/idecesos.com\/seguros\/companias\/generali\/"},{"@type":"ListItem","position":4,"name":"\u00bfC\u00f3mo dar de baja seguro Generali?"}]},{"@type":"WebSite","@id":"https:\/\/idecesos.com\/seguros\/#website","url":"https:\/\/idecesos.com\/seguros\/","name":"","description":"","potentialAction":[{"@type":"SearchAction","target":{"@type":"EntryPoint","urlTemplate":"https:\/\/idecesos.com\/seguros\/?s={search_term_string}"},"query-input":{"@type":"PropertyValueSpecification","valueRequired":true,"valueName":"search_term_string"}}],"inLanguage":"es"}]}},"_links":{"self":[{"href":"https:\/\/idecesos.com\/seguros\/wp-json\/wp\/v2\/pages\/18205","targetHints":{"allow":["GET"]}}],"collection":[{"href":"https:\/\/idecesos.com\/seguros\/wp-json\/wp\/v2\/pages"}],"about":[{"href":"https:\/\/idecesos.com\/seguros\/wp-json\/wp\/v2\/types\/page"}],"author":[{"embeddable":true,"href":"https:\/\/idecesos.com\/seguros\/wp-json\/wp\/v2\/users\/1"}],"replies":[{"embeddable":true,"href":"https:\/\/idecesos.com\/seguros\/wp-json\/wp\/v2\/comments?post=18205"}],"version-history":[{"count":2,"href":"https:\/\/idecesos.com\/seguros\/wp-json\/wp\/v2\/pages\/18205\/revisions"}],"predecessor-version":[{"id":19079,"href":"https:\/\/idecesos.com\/seguros\/wp-json\/wp\/v2\/pages\/18205\/revisions\/19079"}],"up":[{"embeddable":true,"href":"https:\/\/idecesos.com\/seguros\/wp-json\/wp\/v2\/pages\/634"}],"wp:attachment":[{"href":"https:\/\/idecesos.com\/seguros\/wp-json\/wp\/v2\/media?parent=18205"}],"curies":[{"name":"wp","href":"https:\/\/api.w.org\/{rel}","templated":true}]}}